{"id":7861,"date":"2023-12-15T08:42:07","date_gmt":"2023-12-15T11:42:07","guid":{"rendered":"https:\/\/ponteseditores.com.br\/loja3\/pontes-editores-home-2__trashed\/sem%20categoria\/formacao-de-professores-de-linguas-em-multiplos-contextos-construindo-pontes-de-saberes-e-agenciamentos-col-educacao-linguagem-vol-17\/"},"modified":"2023-12-15T11:55:07","modified_gmt":"2023-12-15T14:55:07","slug":"formacao-de-professores-de-linguas-em-multiplos-contextos-construindo-pontes-de-saberes-e-agenciamentos-col-educacao-linguagem-vol-17","status":"publish","type":"product","link":"https:\/\/ponteseditores.com.br\/loja3\/pontes-editores-home-2__trashed\/linguistica\/formacao-de-professores-de-linguas-em-multiplos-contextos-construindo-pontes-de-saberes-e-agenciamentos-col-educacao-linguagem-vol-17\/","title":{"rendered":"FORMA\u00c7\u00c3O DE PROFESSORES  DE L\u00cdNGUAS EM M\u00daLTIPLOS CONTEXTOS: CONSTRUINDO PONTES DE SABERES E AGENCIAMENTOS  Col Educa\u00e7\u00e3o &#038; Linguagem Vol 17"},"content":{"rendered":"<p>Trata-se de uma colet\u00e2nea internacional, que apresenta a a\u00e7\u00e3o de formar professores (pr\u00e1tica de ensino, em servi\u00e7o e o professor pesquisador) e\/ou refletir sobre a atua\u00e7\u00e3o do professor em sala de aula de l\u00ednguas em diferentes contextos educacionais a partir de viv\u00eancias.  Todos os cap\u00edtulos emergem da observa\u00e7\u00e3o e participa\u00e7\u00e3o dos autores e atores em contextos de forma\u00e7\u00e3o, projetando o mundo cotidiano dos participantes formadores e em forma\u00e7\u00e3o.  Destacam algumas a\u00e7\u00f5es que podem vir ao encontro do momento cr\u00edtico que vivemos, e, quem sabe, nortear a pr\u00e1tica de ensino, tornando-a mais humana, \u00e9tica e participativa, a partir das rela\u00e7\u00f5es nela estabelecidas, do ouvir, da reflexividade cr\u00edtica e da media\u00e7\u00e3o de novas tecnologias.  Implicado em todos os trabalhos est\u00e1 o papel da educa\u00e7\u00e3o superior de promov\u00ea-las, e das pol\u00edticas p\u00fablicas em envidar e apoiar esfor\u00e7os que permitam o seu desenvolvimento. Ou seja, a tem\u00e1tica da colet\u00e2nea per se, com cap\u00edtulos escritos por especialistas na \u00e1rea no Brasil, Alemanha e Fran\u00e7a, j\u00e1 justifica sua leitura.<\/p>\n<p>T\u00e2nia Gast\u00e3o Sali\u00e9s<\/p>\n","protected":false},"excerpt":{"rendered":"<p>Trata-se de uma colet\u00e2nea internacional, que apresenta a a\u00e7\u00e3o de formar professores (pr\u00e1tica de ensino, em servi\u00e7o e o professor pesquisador) e\/ou refletir sobre a atua\u00e7\u00e3o do professor em sala de aula de l\u00ednguas em diferentes contextos educacionais a partir de viv\u00eancias. Todos os cap\u00edtulos emergem da observa\u00e7\u00e3o e participa\u00e7\u00e3o dos autores e atores em [&hellip;]<\/p>\n","protected":false},"featured_media":7860,"comment_status":"open","ping_status":"closed","template":"","meta":{"_joinchat":[]},"product_brand":[],"product_cat":[284,31],"product_tag":[],"class_list":{"0":"post-7861","1":"product","2":"type-product","3":"status-publish","4":"has-post-thumbnail","6":"product_cat-educacao-linguagem","7":"product_cat-linguistica","8":"product_shipping_class-livro-pontes-editores-fisico","10":"first","11":"instock","12":"shipping-taxable","13":"purchasable","14":"product-type-simple"},"yoast_head":"<!-- This site is optimized with the Yoast SEO plugin v27.4 - https:\/\/yoast.com\/product\/yoast-seo-wordpress\/ -->\n<title>FORMA\u00c7\u00c3O DE PROFESSORES DE L\u00cdNGUAS EM M\u00daLTIPLOS CONTEXTOS: CONSTRUINDO PONTES DE SABERES E AGENCIAMENTOS Col Educa\u00e7\u00e3o &amp; Linguagem Vol 17 - Pontes Editores<\/title>\n<meta name=\"robots\" content=\"index, follow, max-snippet:-1, max-image-preview:large, max-video-preview:-1\" \/>\n<link rel=\"canonical\" href=\"https:\/\/ponteseditores.com.br\/loja3\/pontes-editores-home-2__trashed\/linguistica\/formacao-de-professores-de-linguas-em-multiplos-contextos-construindo-pontes-de-saberes-e-agenciamentos-col-educacao-linguagem-vol-17\/\" \/>\n<meta property=\"og:locale\" content=\"pt_BR\" \/>\n<meta property=\"og:type\" content=\"article\" \/>\n<meta property=\"og:title\" content=\"FORMA\u00c7\u00c3O DE PROFESSORES DE L\u00cdNGUAS EM M\u00daLTIPLOS CONTEXTOS: CONSTRUINDO PONTES DE SABERES E AGENCIAMENTOS Col Educa\u00e7\u00e3o &amp; Linguagem Vol 17 - Pontes Editores\" \/>\n<meta property=\"og:description\" content=\"Trata-se de uma colet\u00e2nea internacional, que apresenta a a\u00e7\u00e3o de formar professores (pr\u00e1tica de ensino, em servi\u00e7o e o professor pesquisador) e\/ou refletir sobre a atua\u00e7\u00e3o do professor em sala de aula de l\u00ednguas em diferentes contextos educacionais a partir de viv\u00eancias. Todos os cap\u00edtulos emergem da observa\u00e7\u00e3o e participa\u00e7\u00e3o dos autores e atores em [&hellip;]\" \/>\n<meta property=\"og:url\" content=\"https:\/\/ponteseditores.com.br\/loja3\/pontes-editores-home-2__trashed\/linguistica\/formacao-de-professores-de-linguas-em-multiplos-contextos-construindo-pontes-de-saberes-e-agenciamentos-col-educacao-linguagem-vol-17\/\" \/>\n<meta property=\"og:site_name\" content=\"Pontes Editores\" \/>\n<meta property=\"article:modified_time\" content=\"2023-12-15T14:55:07+00:00\" \/>\n<meta property=\"og:image\" content=\"https:\/\/ponteseditores.com.br\/loja3\/wp-content\/uploads\/2023\/12\/multiplos1-1.jpg\" \/>\n\t<meta property=\"og:image:width\" content=\"518\" \/>\n\t<meta property=\"og:image:height\" content=\"768\" \/>\n\t<meta property=\"og:image:type\" content=\"image\/jpeg\" \/>\n<meta name=\"twitter:card\" content=\"summary_large_image\" \/>\n<meta name=\"twitter:label1\" content=\"Est. tempo de leitura\" \/>\n\t<meta name=\"twitter:data1\" content=\"1 minuto\" \/>\n<script type=\"application\/ld+json\" class=\"yoast-schema-graph\">{\"@context\":\"https:\\\/\\\/schema.org\",\"@graph\":[{\"@type\":\"WebPage\",\"@id\":\"https:\\\/\\\/ponteseditores.com.br\\\/loja3\\\/pontes-editores-home-2__trashed\\\/linguistica\\\/formacao-de-professores-de-linguas-em-multiplos-contextos-construindo-pontes-de-saberes-e-agenciamentos-col-educacao-linguagem-vol-17\\\/\",\"url\":\"https:\\\/\\\/ponteseditores.com.br\\\/loja3\\\/pontes-editores-home-2__trashed\\\/linguistica\\\/formacao-de-professores-de-linguas-em-multiplos-contextos-construindo-pontes-de-saberes-e-agenciamentos-col-educacao-linguagem-vol-17\\\/\",\"name\":\"FORMA\u00c7\u00c3O DE PROFESSORES DE L\u00cdNGUAS EM M\u00daLTIPLOS CONTEXTOS: CONSTRUINDO PONTES DE SABERES E AGENCIAMENTOS Col Educa\u00e7\u00e3o & Linguagem Vol 17 - Pontes Editores\",\"isPartOf\":{\"@id\":\"https:\\\/\\\/ponteseditores.com.br\\\/loja3\\\/#website\"},\"primaryImageOfPage\":{\"@id\":\"https:\\\/\\\/ponteseditores.com.br\\\/loja3\\\/pontes-editores-home-2__trashed\\\/linguistica\\\/formacao-de-professores-de-linguas-em-multiplos-contextos-construindo-pontes-de-saberes-e-agenciamentos-col-educacao-linguagem-vol-17\\\/#primaryimage\"},\"image\":{\"@id\":\"https:\\\/\\\/ponteseditores.com.br\\\/loja3\\\/pontes-editores-home-2__trashed\\\/linguistica\\\/formacao-de-professores-de-linguas-em-multiplos-contextos-construindo-pontes-de-saberes-e-agenciamentos-col-educacao-linguagem-vol-17\\\/#primaryimage\"},\"thumbnailUrl\":\"https:\\\/\\\/ponteseditores.com.br\\\/loja3\\\/wp-content\\\/uploads\\\/2023\\\/12\\\/multiplos1-1.jpg\",\"datePublished\":\"2023-12-15T11:42:07+00:00\",\"dateModified\":\"2023-12-15T14:55:07+00:00\",\"breadcrumb\":{\"@id\":\"https:\\\/\\\/ponteseditores.com.br\\\/loja3\\\/pontes-editores-home-2__trashed\\\/linguistica\\\/formacao-de-professores-de-linguas-em-multiplos-contextos-construindo-pontes-de-saberes-e-agenciamentos-col-educacao-linguagem-vol-17\\\/#breadcrumb\"},\"inLanguage\":\"pt-BR\",\"potentialAction\":[{\"@type\":\"ReadAction\",\"target\":[\"https:\\\/\\\/ponteseditores.com.br\\\/loja3\\\/pontes-editores-home-2__trashed\\\/linguistica\\\/formacao-de-professores-de-linguas-em-multiplos-contextos-construindo-pontes-de-saberes-e-agenciamentos-col-educacao-linguagem-vol-17\\\/\"]}]},{\"@type\":\"ImageObject\",\"inLanguage\":\"pt-BR\",\"@id\":\"https:\\\/\\\/ponteseditores.com.br\\\/loja3\\\/pontes-editores-home-2__trashed\\\/linguistica\\\/formacao-de-professores-de-linguas-em-multiplos-contextos-construindo-pontes-de-saberes-e-agenciamentos-col-educacao-linguagem-vol-17\\\/#primaryimage\",\"url\":\"https:\\\/\\\/ponteseditores.com.br\\\/loja3\\\/wp-content\\\/uploads\\\/2023\\\/12\\\/multiplos1-1.jpg\",\"contentUrl\":\"https:\\\/\\\/ponteseditores.com.br\\\/loja3\\\/wp-content\\\/uploads\\\/2023\\\/12\\\/multiplos1-1.jpg\",\"width\":518,\"height\":768},{\"@type\":\"BreadcrumbList\",\"@id\":\"https:\\\/\\\/ponteseditores.com.br\\\/loja3\\\/pontes-editores-home-2__trashed\\\/linguistica\\\/formacao-de-professores-de-linguas-em-multiplos-contextos-construindo-pontes-de-saberes-e-agenciamentos-col-educacao-linguagem-vol-17\\\/#breadcrumb\",\"itemListElement\":[{\"@type\":\"ListItem\",\"position\":1,\"name\":\"Home\",\"item\":\"https:\\\/\\\/ponteseditores.com.br\\\/loja3\\\/\"},{\"@type\":\"ListItem\",\"position\":2,\"name\":\"loja\",\"item\":\"https:\\\/\\\/ponteseditores.com.br\\\/loja3\\\/loja\\\/\"},{\"@type\":\"ListItem\",\"position\":3,\"name\":\"FORMA\u00c7\u00c3O DE PROFESSORES DE L\u00cdNGUAS EM M\u00daLTIPLOS CONTEXTOS: CONSTRUINDO PONTES DE SABERES E AGENCIAMENTOS Col Educa\u00e7\u00e3o &#038; Linguagem Vol 17\"}]},{\"@type\":\"WebSite\",\"@id\":\"https:\\\/\\\/ponteseditores.com.br\\\/loja3\\\/#website\",\"url\":\"https:\\\/\\\/ponteseditores.com.br\\\/loja3\\\/\",\"name\":\"Pontes Editores\",\"description\":\"Pontes Editores\",\"publisher\":{\"@id\":\"https:\\\/\\\/ponteseditores.com.br\\\/loja3\\\/#organization\"},\"potentialAction\":[{\"@type\":\"SearchAction\",\"target\":{\"@type\":\"EntryPoint\",\"urlTemplate\":\"https:\\\/\\\/ponteseditores.com.br\\\/loja3\\\/?s={search_term_string}\"},\"query-input\":{\"@type\":\"PropertyValueSpecification\",\"valueRequired\":true,\"valueName\":\"search_term_string\"}}],\"inLanguage\":\"pt-BR\"},{\"@type\":\"Organization\",\"@id\":\"https:\\\/\\\/ponteseditores.com.br\\\/loja3\\\/#organization\",\"name\":\"Pontes Editores\",\"url\":\"https:\\\/\\\/ponteseditores.com.br\\\/loja3\\\/\",\"logo\":{\"@type\":\"ImageObject\",\"inLanguage\":\"pt-BR\",\"@id\":\"https:\\\/\\\/ponteseditores.com.br\\\/loja3\\\/#\\\/schema\\\/logo\\\/image\\\/\",\"url\":\"https:\\\/\\\/ponteseditores.com.br\\\/loja3\\\/wp-content\\\/uploads\\\/2023\\\/12\\\/logo-pontes-editores-v2.png\",\"contentUrl\":\"https:\\\/\\\/ponteseditores.com.br\\\/loja3\\\/wp-content\\\/uploads\\\/2023\\\/12\\\/logo-pontes-editores-v2.png\",\"width\":258,\"height\":100,\"caption\":\"Pontes Editores\"},\"image\":{\"@id\":\"https:\\\/\\\/ponteseditores.com.br\\\/loja3\\\/#\\\/schema\\\/logo\\\/image\\\/\"}}]}<\/script>\n<!-- \/ Yoast SEO plugin. -->","yoast_head_json":{"title":"FORMA\u00c7\u00c3O DE PROFESSORES DE L\u00cdNGUAS EM M\u00daLTIPLOS CONTEXTOS: CONSTRUINDO PONTES DE SABERES E AGENCIAMENTOS Col Educa\u00e7\u00e3o & Linguagem Vol 17 - Pontes Editores","robots":{"index":"index","follow":"follow","max-snippet":"max-snippet:-1","max-image-preview":"max-image-preview:large","max-video-preview":"max-video-preview:-1"},"canonical":"https:\/\/ponteseditores.com.br\/loja3\/pontes-editores-home-2__trashed\/linguistica\/formacao-de-professores-de-linguas-em-multiplos-contextos-construindo-pontes-de-saberes-e-agenciamentos-col-educacao-linguagem-vol-17\/","og_locale":"pt_BR","og_type":"article","og_title":"FORMA\u00c7\u00c3O DE PROFESSORES DE L\u00cdNGUAS EM M\u00daLTIPLOS CONTEXTOS: CONSTRUINDO PONTES DE SABERES E AGENCIAMENTOS Col Educa\u00e7\u00e3o & Linguagem Vol 17 - Pontes Editores","og_description":"Trata-se de uma colet\u00e2nea internacional, que apresenta a a\u00e7\u00e3o de formar professores (pr\u00e1tica de ensino, em servi\u00e7o e o professor pesquisador) e\/ou refletir sobre a atua\u00e7\u00e3o do professor em sala de aula de l\u00ednguas em diferentes contextos educacionais a partir de viv\u00eancias. Todos os cap\u00edtulos emergem da observa\u00e7\u00e3o e participa\u00e7\u00e3o dos autores e atores em [&hellip;]","og_url":"https:\/\/ponteseditores.com.br\/loja3\/pontes-editores-home-2__trashed\/linguistica\/formacao-de-professores-de-linguas-em-multiplos-contextos-construindo-pontes-de-saberes-e-agenciamentos-col-educacao-linguagem-vol-17\/","og_site_name":"Pontes Editores","article_modified_time":"2023-12-15T14:55:07+00:00","og_image":[{"width":518,"height":768,"url":"https:\/\/ponteseditores.com.br\/loja3\/wp-content\/uploads\/2023\/12\/multiplos1-1.jpg","type":"image\/jpeg"}],"twitter_card":"summary_large_image","twitter_misc":{"Est. tempo de leitura":"1 minuto"},"schema":{"@context":"https:\/\/schema.org","@graph":[{"@type":"WebPage","@id":"https:\/\/ponteseditores.com.br\/loja3\/pontes-editores-home-2__trashed\/linguistica\/formacao-de-professores-de-linguas-em-multiplos-contextos-construindo-pontes-de-saberes-e-agenciamentos-col-educacao-linguagem-vol-17\/","url":"https:\/\/ponteseditores.com.br\/loja3\/pontes-editores-home-2__trashed\/linguistica\/formacao-de-professores-de-linguas-em-multiplos-contextos-construindo-pontes-de-saberes-e-agenciamentos-col-educacao-linguagem-vol-17\/","name":"FORMA\u00c7\u00c3O DE PROFESSORES DE L\u00cdNGUAS EM M\u00daLTIPLOS CONTEXTOS: CONSTRUINDO PONTES DE SABERES E AGENCIAMENTOS Col Educa\u00e7\u00e3o & Linguagem Vol 17 - Pontes Editores","isPartOf":{"@id":"https:\/\/ponteseditores.com.br\/loja3\/#website"},"primaryImageOfPage":{"@id":"https:\/\/ponteseditores.com.br\/loja3\/pontes-editores-home-2__trashed\/linguistica\/formacao-de-professores-de-linguas-em-multiplos-contextos-construindo-pontes-de-saberes-e-agenciamentos-col-educacao-linguagem-vol-17\/#primaryimage"},"image":{"@id":"https:\/\/ponteseditores.com.br\/loja3\/pontes-editores-home-2__trashed\/linguistica\/formacao-de-professores-de-linguas-em-multiplos-contextos-construindo-pontes-de-saberes-e-agenciamentos-col-educacao-linguagem-vol-17\/#primaryimage"},"thumbnailUrl":"https:\/\/ponteseditores.com.br\/loja3\/wp-content\/uploads\/2023\/12\/multiplos1-1.jpg","datePublished":"2023-12-15T11:42:07+00:00","dateModified":"2023-12-15T14:55:07+00:00","breadcrumb":{"@id":"https:\/\/ponteseditores.com.br\/loja3\/pontes-editores-home-2__trashed\/linguistica\/formacao-de-professores-de-linguas-em-multiplos-contextos-construindo-pontes-de-saberes-e-agenciamentos-col-educacao-linguagem-vol-17\/#breadcrumb"},"inLanguage":"pt-BR","potentialAction":[{"@type":"ReadAction","target":["https:\/\/ponteseditores.com.br\/loja3\/pontes-editores-home-2__trashed\/linguistica\/formacao-de-professores-de-linguas-em-multiplos-contextos-construindo-pontes-de-saberes-e-agenciamentos-col-educacao-linguagem-vol-17\/"]}]},{"@type":"ImageObject","inLanguage":"pt-BR","@id":"https:\/\/ponteseditores.com.br\/loja3\/pontes-editores-home-2__trashed\/linguistica\/formacao-de-professores-de-linguas-em-multiplos-contextos-construindo-pontes-de-saberes-e-agenciamentos-col-educacao-linguagem-vol-17\/#primaryimage","url":"https:\/\/ponteseditores.com.br\/loja3\/wp-content\/uploads\/2023\/12\/multiplos1-1.jpg","contentUrl":"https:\/\/ponteseditores.com.br\/loja3\/wp-content\/uploads\/2023\/12\/multiplos1-1.jpg","width":518,"height":768},{"@type":"BreadcrumbList","@id":"https:\/\/ponteseditores.com.br\/loja3\/pontes-editores-home-2__trashed\/linguistica\/formacao-de-professores-de-linguas-em-multiplos-contextos-construindo-pontes-de-saberes-e-agenciamentos-col-educacao-linguagem-vol-17\/#breadcrumb","itemListElement":[{"@type":"ListItem","position":1,"name":"Home","item":"https:\/\/ponteseditores.com.br\/loja3\/"},{"@type":"ListItem","position":2,"name":"loja","item":"https:\/\/ponteseditores.com.br\/loja3\/loja\/"},{"@type":"ListItem","position":3,"name":"FORMA\u00c7\u00c3O DE PROFESSORES DE L\u00cdNGUAS EM M\u00daLTIPLOS CONTEXTOS: CONSTRUINDO PONTES DE SABERES E AGENCIAMENTOS Col Educa\u00e7\u00e3o &#038; Linguagem Vol 17"}]},{"@type":"WebSite","@id":"https:\/\/ponteseditores.com.br\/loja3\/#website","url":"https:\/\/ponteseditores.com.br\/loja3\/","name":"Pontes Editores","description":"Pontes Editores","publisher":{"@id":"https:\/\/ponteseditores.com.br\/loja3\/#organization"},"potentialAction":[{"@type":"SearchAction","target":{"@type":"EntryPoint","urlTemplate":"https:\/\/ponteseditores.com.br\/loja3\/?s={search_term_string}"},"query-input":{"@type":"PropertyValueSpecification","valueRequired":true,"valueName":"search_term_string"}}],"inLanguage":"pt-BR"},{"@type":"Organization","@id":"https:\/\/ponteseditores.com.br\/loja3\/#organization","name":"Pontes Editores","url":"https:\/\/ponteseditores.com.br\/loja3\/","logo":{"@type":"ImageObject","inLanguage":"pt-BR","@id":"https:\/\/ponteseditores.com.br\/loja3\/#\/schema\/logo\/image\/","url":"https:\/\/ponteseditores.com.br\/loja3\/wp-content\/uploads\/2023\/12\/logo-pontes-editores-v2.png","contentUrl":"https:\/\/ponteseditores.com.br\/loja3\/wp-content\/uploads\/2023\/12\/logo-pontes-editores-v2.png","width":258,"height":100,"caption":"Pontes Editores"},"image":{"@id":"https:\/\/ponteseditores.com.br\/loja3\/#\/schema\/logo\/image\/"}}]}},"_links":{"self":[{"href":"https:\/\/ponteseditores.com.br\/loja3\/wp-json\/wp\/v2\/product\/7861","targetHints":{"allow":["GET"]}}],"collection":[{"href":"https:\/\/ponteseditores.com.br\/loja3\/wp-json\/wp\/v2\/product"}],"about":[{"href":"https:\/\/ponteseditores.com.br\/loja3\/wp-json\/wp\/v2\/types\/product"}],"replies":[{"embeddable":true,"href":"https:\/\/ponteseditores.com.br\/loja3\/wp-json\/wp\/v2\/comments?post=7861"}],"version-history":[{"count":0,"href":"https:\/\/ponteseditores.com.br\/loja3\/wp-json\/wp\/v2\/product\/7861\/revisions"}],"wp:featuredmedia":[{"embeddable":true,"href":"https:\/\/ponteseditores.com.br\/loja3\/wp-json\/wp\/v2\/media\/7860"}],"wp:attachment":[{"href":"https:\/\/ponteseditores.com.br\/loja3\/wp-json\/wp\/v2\/media?parent=7861"}],"wp:term":[{"taxonomy":"product_brand","embeddable":true,"href":"https:\/\/ponteseditores.com.br\/loja3\/wp-json\/wp\/v2\/product_brand?post=7861"},{"taxonomy":"product_cat","embeddable":true,"href":"https:\/\/ponteseditores.com.br\/loja3\/wp-json\/wp\/v2\/product_cat?post=7861"},{"taxonomy":"product_tag","embeddable":true,"href":"https:\/\/ponteseditores.com.br\/loja3\/wp-json\/wp\/v2\/product_tag?post=7861"}],"curies":[{"name":"wp","href":"https:\/\/api.w.org\/{rel}","templated":true}]}}