{"id":7855,"date":"2023-12-15T08:42:05","date_gmt":"2023-12-15T11:42:05","guid":{"rendered":"https:\/\/ponteseditores.com.br\/loja3\/pontes-editores-home-2__trashed\/sem%20categoria\/realismo-critico-e-emancipacao-humana-contribuicoes-ontologicas-e-epistemologicas-para-os-estudos-criticos-do-discurso-vol-11\/"},"modified":"2025-05-06T22:22:30","modified_gmt":"2025-05-07T01:22:30","slug":"realismo-critico-e-emancipacao-humana-contribuicoes-ontologicas-e-epistemologicas-para-os-estudos-criticos-do-discurso-vol-11","status":"publish","type":"product","link":"https:\/\/ponteseditores.com.br\/loja3\/pontes-editores-home-2__trashed\/linguagem-e-sociedade\/realismo-critico-e-emancipacao-humana-contribuicoes-ontologicas-e-epistemologicas-para-os-estudos-criticos-do-discurso-vol-11\/","title":{"rendered":"REALISMO CR\u00cdTICO E EMANCIPA\u00c7\u00c3O HUMANA Contribui\u00e7\u00f5es ontol\u00f3gicas e epistemol\u00f3gicas para os estudos cr\u00edticos do discurso vol 11"},"content":{"rendered":"<p>A ideia de escrever este livro emergiu com os estudos de p\u00f3s-doutoramento realizados no Instituto de Educa\u00e7\u00e3o da Universidade de Londres, sob a orienta\u00e7\u00e3o de Roy Bhaskar (2012-2013). Procurei associar a filosofia do realismo cr\u00edtico (RC) e a abordagem te\u00f3rico-metodol\u00f3gica da an\u00e1lise cr\u00edtica do discurso (ACD), com o objetivo de apontar a relev\u00e2ncia da ontologia e da epistemologia para os estudos cr\u00edticos do discurso. As reflex\u00f5es aqui desfiladas servem como subs\u00eddio para pesquisadores interessados em realizar estudos com base no RC e ACD.<\/p>\n","protected":false},"excerpt":{"rendered":"<p>A ideia de escrever este livro emergiu com os estudos de p\u00f3s-doutoramento realizados no Instituto de Educa\u00e7\u00e3o da Universidade de Londres, sob a orienta\u00e7\u00e3o de Roy Bhaskar (2012-2013). Procurei associar a filosofia do realismo cr\u00edtico (RC) e a abordagem te\u00f3rico-metodol\u00f3gica da an\u00e1lise cr\u00edtica do discurso (ACD), com o objetivo de apontar a relev\u00e2ncia da ontologia [&hellip;]<\/p>\n","protected":false},"featured_media":7854,"comment_status":"open","ping_status":"closed","template":"","meta":{"_joinchat":[]},"product_brand":[],"product_cat":[301,281],"product_tag":[],"class_list":{"0":"post-7855","1":"product","2":"type-product","3":"status-publish","4":"has-post-thumbnail","6":"product_cat-analise-de-discurso","7":"product_cat-linguagem-e-sociedade","8":"product_shipping_class-livro-pontes-editores-fisico","10":"first","11":"instock","12":"shipping-taxable","13":"purchasable","14":"product-type-simple"},"yoast_head":"<!-- This site is optimized with the Yoast SEO plugin v27.4 - https:\/\/yoast.com\/product\/yoast-seo-wordpress\/ -->\n<title>REALISMO CR\u00cdTICO E EMANCIPA\u00c7\u00c3O HUMANA Contribui\u00e7\u00f5es ontol\u00f3gicas e epistemol\u00f3gicas para os estudos cr\u00edticos do discurso vol 11 - Pontes Editores<\/title>\n<meta name=\"robots\" content=\"index, follow, max-snippet:-1, max-image-preview:large, max-video-preview:-1\" \/>\n<link rel=\"canonical\" href=\"https:\/\/ponteseditores.com.br\/loja3\/pontes-editores-home-2__trashed\/linguagem-e-sociedade\/realismo-critico-e-emancipacao-humana-contribuicoes-ontologicas-e-epistemologicas-para-os-estudos-criticos-do-discurso-vol-11\/\" \/>\n<meta property=\"og:locale\" content=\"pt_BR\" \/>\n<meta property=\"og:type\" content=\"article\" \/>\n<meta property=\"og:title\" content=\"REALISMO CR\u00cdTICO E EMANCIPA\u00c7\u00c3O HUMANA Contribui\u00e7\u00f5es ontol\u00f3gicas e epistemol\u00f3gicas para os estudos cr\u00edticos do discurso vol 11 - Pontes Editores\" \/>\n<meta property=\"og:description\" content=\"A ideia de escrever este livro emergiu com os estudos de p\u00f3s-doutoramento realizados no Instituto de Educa\u00e7\u00e3o da Universidade de Londres, sob a orienta\u00e7\u00e3o de Roy Bhaskar (2012-2013). Procurei associar a filosofia do realismo cr\u00edtico (RC) e a abordagem te\u00f3rico-metodol\u00f3gica da an\u00e1lise cr\u00edtica do discurso (ACD), com o objetivo de apontar a relev\u00e2ncia da ontologia [&hellip;]\" \/>\n<meta property=\"og:url\" content=\"https:\/\/ponteseditores.com.br\/loja3\/pontes-editores-home-2__trashed\/linguagem-e-sociedade\/realismo-critico-e-emancipacao-humana-contribuicoes-ontologicas-e-epistemologicas-para-os-estudos-criticos-do-discurso-vol-11\/\" \/>\n<meta property=\"og:site_name\" content=\"Pontes Editores\" \/>\n<meta property=\"article:modified_time\" content=\"2025-05-07T01:22:30+00:00\" \/>\n<meta property=\"og:image\" content=\"https:\/\/ponteseditores.com.br\/loja3\/wp-content\/uploads\/2023\/12\/realismo1-1.jpg\" \/>\n\t<meta property=\"og:image:width\" content=\"481\" \/>\n\t<meta property=\"og:image:height\" content=\"768\" \/>\n\t<meta property=\"og:image:type\" content=\"image\/jpeg\" \/>\n<meta name=\"twitter:card\" content=\"summary_large_image\" \/>\n<script type=\"application\/ld+json\" class=\"yoast-schema-graph\">{\"@context\":\"https:\\\/\\\/schema.org\",\"@graph\":[{\"@type\":\"WebPage\",\"@id\":\"https:\\\/\\\/ponteseditores.com.br\\\/loja3\\\/pontes-editores-home-2__trashed\\\/linguagem-e-sociedade\\\/realismo-critico-e-emancipacao-humana-contribuicoes-ontologicas-e-epistemologicas-para-os-estudos-criticos-do-discurso-vol-11\\\/\",\"url\":\"https:\\\/\\\/ponteseditores.com.br\\\/loja3\\\/pontes-editores-home-2__trashed\\\/linguagem-e-sociedade\\\/realismo-critico-e-emancipacao-humana-contribuicoes-ontologicas-e-epistemologicas-para-os-estudos-criticos-do-discurso-vol-11\\\/\",\"name\":\"REALISMO CR\u00cdTICO E EMANCIPA\u00c7\u00c3O HUMANA Contribui\u00e7\u00f5es ontol\u00f3gicas e epistemol\u00f3gicas para os estudos cr\u00edticos do discurso vol 11 - Pontes Editores\",\"isPartOf\":{\"@id\":\"https:\\\/\\\/ponteseditores.com.br\\\/loja3\\\/#website\"},\"primaryImageOfPage\":{\"@id\":\"https:\\\/\\\/ponteseditores.com.br\\\/loja3\\\/pontes-editores-home-2__trashed\\\/linguagem-e-sociedade\\\/realismo-critico-e-emancipacao-humana-contribuicoes-ontologicas-e-epistemologicas-para-os-estudos-criticos-do-discurso-vol-11\\\/#primaryimage\"},\"image\":{\"@id\":\"https:\\\/\\\/ponteseditores.com.br\\\/loja3\\\/pontes-editores-home-2__trashed\\\/linguagem-e-sociedade\\\/realismo-critico-e-emancipacao-humana-contribuicoes-ontologicas-e-epistemologicas-para-os-estudos-criticos-do-discurso-vol-11\\\/#primaryimage\"},\"thumbnailUrl\":\"https:\\\/\\\/ponteseditores.com.br\\\/loja3\\\/wp-content\\\/uploads\\\/2023\\\/12\\\/realismo1-1.jpg\",\"datePublished\":\"2023-12-15T11:42:05+00:00\",\"dateModified\":\"2025-05-07T01:22:30+00:00\",\"breadcrumb\":{\"@id\":\"https:\\\/\\\/ponteseditores.com.br\\\/loja3\\\/pontes-editores-home-2__trashed\\\/linguagem-e-sociedade\\\/realismo-critico-e-emancipacao-humana-contribuicoes-ontologicas-e-epistemologicas-para-os-estudos-criticos-do-discurso-vol-11\\\/#breadcrumb\"},\"inLanguage\":\"pt-BR\",\"potentialAction\":[{\"@type\":\"ReadAction\",\"target\":[\"https:\\\/\\\/ponteseditores.com.br\\\/loja3\\\/pontes-editores-home-2__trashed\\\/linguagem-e-sociedade\\\/realismo-critico-e-emancipacao-humana-contribuicoes-ontologicas-e-epistemologicas-para-os-estudos-criticos-do-discurso-vol-11\\\/\"]}]},{\"@type\":\"ImageObject\",\"inLanguage\":\"pt-BR\",\"@id\":\"https:\\\/\\\/ponteseditores.com.br\\\/loja3\\\/pontes-editores-home-2__trashed\\\/linguagem-e-sociedade\\\/realismo-critico-e-emancipacao-humana-contribuicoes-ontologicas-e-epistemologicas-para-os-estudos-criticos-do-discurso-vol-11\\\/#primaryimage\",\"url\":\"https:\\\/\\\/ponteseditores.com.br\\\/loja3\\\/wp-content\\\/uploads\\\/2023\\\/12\\\/realismo1-1.jpg\",\"contentUrl\":\"https:\\\/\\\/ponteseditores.com.br\\\/loja3\\\/wp-content\\\/uploads\\\/2023\\\/12\\\/realismo1-1.jpg\",\"width\":481,\"height\":768},{\"@type\":\"BreadcrumbList\",\"@id\":\"https:\\\/\\\/ponteseditores.com.br\\\/loja3\\\/pontes-editores-home-2__trashed\\\/linguagem-e-sociedade\\\/realismo-critico-e-emancipacao-humana-contribuicoes-ontologicas-e-epistemologicas-para-os-estudos-criticos-do-discurso-vol-11\\\/#breadcrumb\",\"itemListElement\":[{\"@type\":\"ListItem\",\"position\":1,\"name\":\"Home\",\"item\":\"https:\\\/\\\/ponteseditores.com.br\\\/loja3\\\/\"},{\"@type\":\"ListItem\",\"position\":2,\"name\":\"loja\",\"item\":\"https:\\\/\\\/ponteseditores.com.br\\\/loja3\\\/loja\\\/\"},{\"@type\":\"ListItem\",\"position\":3,\"name\":\"REALISMO CR\u00cdTICO E EMANCIPA\u00c7\u00c3O HUMANA Contribui\u00e7\u00f5es ontol\u00f3gicas e epistemol\u00f3gicas para os estudos cr\u00edticos do discurso vol 11\"}]},{\"@type\":\"WebSite\",\"@id\":\"https:\\\/\\\/ponteseditores.com.br\\\/loja3\\\/#website\",\"url\":\"https:\\\/\\\/ponteseditores.com.br\\\/loja3\\\/\",\"name\":\"Pontes Editores\",\"description\":\"Pontes Editores\",\"publisher\":{\"@id\":\"https:\\\/\\\/ponteseditores.com.br\\\/loja3\\\/#organization\"},\"potentialAction\":[{\"@type\":\"SearchAction\",\"target\":{\"@type\":\"EntryPoint\",\"urlTemplate\":\"https:\\\/\\\/ponteseditores.com.br\\\/loja3\\\/?s={search_term_string}\"},\"query-input\":{\"@type\":\"PropertyValueSpecification\",\"valueRequired\":true,\"valueName\":\"search_term_string\"}}],\"inLanguage\":\"pt-BR\"},{\"@type\":\"Organization\",\"@id\":\"https:\\\/\\\/ponteseditores.com.br\\\/loja3\\\/#organization\",\"name\":\"Pontes Editores\",\"url\":\"https:\\\/\\\/ponteseditores.com.br\\\/loja3\\\/\",\"logo\":{\"@type\":\"ImageObject\",\"inLanguage\":\"pt-BR\",\"@id\":\"https:\\\/\\\/ponteseditores.com.br\\\/loja3\\\/#\\\/schema\\\/logo\\\/image\\\/\",\"url\":\"https:\\\/\\\/ponteseditores.com.br\\\/loja3\\\/wp-content\\\/uploads\\\/2023\\\/12\\\/logo-pontes-editores-v2.png\",\"contentUrl\":\"https:\\\/\\\/ponteseditores.com.br\\\/loja3\\\/wp-content\\\/uploads\\\/2023\\\/12\\\/logo-pontes-editores-v2.png\",\"width\":258,\"height\":100,\"caption\":\"Pontes Editores\"},\"image\":{\"@id\":\"https:\\\/\\\/ponteseditores.com.br\\\/loja3\\\/#\\\/schema\\\/logo\\\/image\\\/\"}}]}<\/script>\n<!-- \/ Yoast SEO plugin. -->","yoast_head_json":{"title":"REALISMO CR\u00cdTICO E EMANCIPA\u00c7\u00c3O HUMANA Contribui\u00e7\u00f5es ontol\u00f3gicas e epistemol\u00f3gicas para os estudos cr\u00edticos do discurso vol 11 - Pontes Editores","robots":{"index":"index","follow":"follow","max-snippet":"max-snippet:-1","max-image-preview":"max-image-preview:large","max-video-preview":"max-video-preview:-1"},"canonical":"https:\/\/ponteseditores.com.br\/loja3\/pontes-editores-home-2__trashed\/linguagem-e-sociedade\/realismo-critico-e-emancipacao-humana-contribuicoes-ontologicas-e-epistemologicas-para-os-estudos-criticos-do-discurso-vol-11\/","og_locale":"pt_BR","og_type":"article","og_title":"REALISMO CR\u00cdTICO E EMANCIPA\u00c7\u00c3O HUMANA Contribui\u00e7\u00f5es ontol\u00f3gicas e epistemol\u00f3gicas para os estudos cr\u00edticos do discurso vol 11 - Pontes Editores","og_description":"A ideia de escrever este livro emergiu com os estudos de p\u00f3s-doutoramento realizados no Instituto de Educa\u00e7\u00e3o da Universidade de Londres, sob a orienta\u00e7\u00e3o de Roy Bhaskar (2012-2013). Procurei associar a filosofia do realismo cr\u00edtico (RC) e a abordagem te\u00f3rico-metodol\u00f3gica da an\u00e1lise cr\u00edtica do discurso (ACD), com o objetivo de apontar a relev\u00e2ncia da ontologia [&hellip;]","og_url":"https:\/\/ponteseditores.com.br\/loja3\/pontes-editores-home-2__trashed\/linguagem-e-sociedade\/realismo-critico-e-emancipacao-humana-contribuicoes-ontologicas-e-epistemologicas-para-os-estudos-criticos-do-discurso-vol-11\/","og_site_name":"Pontes Editores","article_modified_time":"2025-05-07T01:22:30+00:00","og_image":[{"width":481,"height":768,"url":"https:\/\/ponteseditores.com.br\/loja3\/wp-content\/uploads\/2023\/12\/realismo1-1.jpg","type":"image\/jpeg"}],"twitter_card":"summary_large_image","schema":{"@context":"https:\/\/schema.org","@graph":[{"@type":"WebPage","@id":"https:\/\/ponteseditores.com.br\/loja3\/pontes-editores-home-2__trashed\/linguagem-e-sociedade\/realismo-critico-e-emancipacao-humana-contribuicoes-ontologicas-e-epistemologicas-para-os-estudos-criticos-do-discurso-vol-11\/","url":"https:\/\/ponteseditores.com.br\/loja3\/pontes-editores-home-2__trashed\/linguagem-e-sociedade\/realismo-critico-e-emancipacao-humana-contribuicoes-ontologicas-e-epistemologicas-para-os-estudos-criticos-do-discurso-vol-11\/","name":"REALISMO CR\u00cdTICO E EMANCIPA\u00c7\u00c3O HUMANA Contribui\u00e7\u00f5es ontol\u00f3gicas e epistemol\u00f3gicas para os estudos cr\u00edticos do discurso vol 11 - Pontes Editores","isPartOf":{"@id":"https:\/\/ponteseditores.com.br\/loja3\/#website"},"primaryImageOfPage":{"@id":"https:\/\/ponteseditores.com.br\/loja3\/pontes-editores-home-2__trashed\/linguagem-e-sociedade\/realismo-critico-e-emancipacao-humana-contribuicoes-ontologicas-e-epistemologicas-para-os-estudos-criticos-do-discurso-vol-11\/#primaryimage"},"image":{"@id":"https:\/\/ponteseditores.com.br\/loja3\/pontes-editores-home-2__trashed\/linguagem-e-sociedade\/realismo-critico-e-emancipacao-humana-contribuicoes-ontologicas-e-epistemologicas-para-os-estudos-criticos-do-discurso-vol-11\/#primaryimage"},"thumbnailUrl":"https:\/\/ponteseditores.com.br\/loja3\/wp-content\/uploads\/2023\/12\/realismo1-1.jpg","datePublished":"2023-12-15T11:42:05+00:00","dateModified":"2025-05-07T01:22:30+00:00","breadcrumb":{"@id":"https:\/\/ponteseditores.com.br\/loja3\/pontes-editores-home-2__trashed\/linguagem-e-sociedade\/realismo-critico-e-emancipacao-humana-contribuicoes-ontologicas-e-epistemologicas-para-os-estudos-criticos-do-discurso-vol-11\/#breadcrumb"},"inLanguage":"pt-BR","potentialAction":[{"@type":"ReadAction","target":["https:\/\/ponteseditores.com.br\/loja3\/pontes-editores-home-2__trashed\/linguagem-e-sociedade\/realismo-critico-e-emancipacao-humana-contribuicoes-ontologicas-e-epistemologicas-para-os-estudos-criticos-do-discurso-vol-11\/"]}]},{"@type":"ImageObject","inLanguage":"pt-BR","@id":"https:\/\/ponteseditores.com.br\/loja3\/pontes-editores-home-2__trashed\/linguagem-e-sociedade\/realismo-critico-e-emancipacao-humana-contribuicoes-ontologicas-e-epistemologicas-para-os-estudos-criticos-do-discurso-vol-11\/#primaryimage","url":"https:\/\/ponteseditores.com.br\/loja3\/wp-content\/uploads\/2023\/12\/realismo1-1.jpg","contentUrl":"https:\/\/ponteseditores.com.br\/loja3\/wp-content\/uploads\/2023\/12\/realismo1-1.jpg","width":481,"height":768},{"@type":"BreadcrumbList","@id":"https:\/\/ponteseditores.com.br\/loja3\/pontes-editores-home-2__trashed\/linguagem-e-sociedade\/realismo-critico-e-emancipacao-humana-contribuicoes-ontologicas-e-epistemologicas-para-os-estudos-criticos-do-discurso-vol-11\/#breadcrumb","itemListElement":[{"@type":"ListItem","position":1,"name":"Home","item":"https:\/\/ponteseditores.com.br\/loja3\/"},{"@type":"ListItem","position":2,"name":"loja","item":"https:\/\/ponteseditores.com.br\/loja3\/loja\/"},{"@type":"ListItem","position":3,"name":"REALISMO CR\u00cdTICO E EMANCIPA\u00c7\u00c3O HUMANA Contribui\u00e7\u00f5es ontol\u00f3gicas e epistemol\u00f3gicas para os estudos cr\u00edticos do discurso vol 11"}]},{"@type":"WebSite","@id":"https:\/\/ponteseditores.com.br\/loja3\/#website","url":"https:\/\/ponteseditores.com.br\/loja3\/","name":"Pontes Editores","description":"Pontes Editores","publisher":{"@id":"https:\/\/ponteseditores.com.br\/loja3\/#organization"},"potentialAction":[{"@type":"SearchAction","target":{"@type":"EntryPoint","urlTemplate":"https:\/\/ponteseditores.com.br\/loja3\/?s={search_term_string}"},"query-input":{"@type":"PropertyValueSpecification","valueRequired":true,"valueName":"search_term_string"}}],"inLanguage":"pt-BR"},{"@type":"Organization","@id":"https:\/\/ponteseditores.com.br\/loja3\/#organization","name":"Pontes Editores","url":"https:\/\/ponteseditores.com.br\/loja3\/","logo":{"@type":"ImageObject","inLanguage":"pt-BR","@id":"https:\/\/ponteseditores.com.br\/loja3\/#\/schema\/logo\/image\/","url":"https:\/\/ponteseditores.com.br\/loja3\/wp-content\/uploads\/2023\/12\/logo-pontes-editores-v2.png","contentUrl":"https:\/\/ponteseditores.com.br\/loja3\/wp-content\/uploads\/2023\/12\/logo-pontes-editores-v2.png","width":258,"height":100,"caption":"Pontes Editores"},"image":{"@id":"https:\/\/ponteseditores.com.br\/loja3\/#\/schema\/logo\/image\/"}}]}},"_links":{"self":[{"href":"https:\/\/ponteseditores.com.br\/loja3\/wp-json\/wp\/v2\/product\/7855","targetHints":{"allow":["GET"]}}],"collection":[{"href":"https:\/\/ponteseditores.com.br\/loja3\/wp-json\/wp\/v2\/product"}],"about":[{"href":"https:\/\/ponteseditores.com.br\/loja3\/wp-json\/wp\/v2\/types\/product"}],"replies":[{"embeddable":true,"href":"https:\/\/ponteseditores.com.br\/loja3\/wp-json\/wp\/v2\/comments?post=7855"}],"version-history":[{"count":0,"href":"https:\/\/ponteseditores.com.br\/loja3\/wp-json\/wp\/v2\/product\/7855\/revisions"}],"wp:featuredmedia":[{"embeddable":true,"href":"https:\/\/ponteseditores.com.br\/loja3\/wp-json\/wp\/v2\/media\/7854"}],"wp:attachment":[{"href":"https:\/\/ponteseditores.com.br\/loja3\/wp-json\/wp\/v2\/media?parent=7855"}],"wp:term":[{"taxonomy":"product_brand","embeddable":true,"href":"https:\/\/ponteseditores.com.br\/loja3\/wp-json\/wp\/v2\/product_brand?post=7855"},{"taxonomy":"product_cat","embeddable":true,"href":"https:\/\/ponteseditores.com.br\/loja3\/wp-json\/wp\/v2\/product_cat?post=7855"},{"taxonomy":"product_tag","embeddable":true,"href":"https:\/\/ponteseditores.com.br\/loja3\/wp-json\/wp\/v2\/product_tag?post=7855"}],"curies":[{"name":"wp","href":"https:\/\/api.w.org\/{rel}","templated":true}]}}