{"id":7836,"date":"2023-12-15T08:41:58","date_gmt":"2023-12-15T11:41:58","guid":{"rendered":"https:\/\/ponteseditores.com.br\/loja3\/pontes-editores-home-2__trashed\/sem%20categoria\/diversidade-sexual-col-transformacoes-e-invariancias-vol-1\/"},"modified":"2023-12-15T11:55:10","modified_gmt":"2023-12-15T14:55:10","slug":"diversidade-sexual-col-transformacoes-e-invariancias-vol-1","status":"publish","type":"product","link":"https:\/\/ponteseditores.com.br\/loja3\/pontes-editores-home-2__trashed\/psicanalise\/diversidade-sexual-col-transformacoes-e-invariancias-vol-1\/","title":{"rendered":"Diversidade Sexual &#8211; Col Transforma\u00e7\u00f5es e Invari\u00e2ncias Vol 1"},"content":{"rendered":"<p>Transforma\u00e7\u00f5es e Invari\u00e2ncias \u00e9 uma Cole\u00e7\u00e3o do Instituto Sand\u00f3r Ferenczi, espa\u00e7o que proporciona o desenvolvimento te\u00f3rico-pr\u00e1tico dos  psicanalistas formados pela EPP. Este primeiro n\u00famero da Cole\u00e7\u00e3o re\u00fane artigos resultantes de estudos de psicanalistas do Instituto de Estudos Avan\u00e7ados,  da Escola Paulista de Psican\u00e1lise, que privilegiam os assuntos &#8220;diversidade de orienta\u00e7\u00f5es sexuais&#8221; e &#8220;diversidade de identidades de g\u00eanero&#8221;.<\/p>\n","protected":false},"excerpt":{"rendered":"<p>Transforma\u00e7\u00f5es e Invari\u00e2ncias \u00e9 uma Cole\u00e7\u00e3o do Instituto Sand\u00f3r Ferenczi, espa\u00e7o que proporciona o desenvolvimento te\u00f3rico-pr\u00e1tico dos psicanalistas formados pela EPP. Este primeiro n\u00famero da Cole\u00e7\u00e3o re\u00fane artigos resultantes de estudos de psicanalistas do Instituto de Estudos Avan\u00e7ados, da Escola Paulista de Psican\u00e1lise, que privilegiam os assuntos &#8220;diversidade de orienta\u00e7\u00f5es sexuais&#8221; e &#8220;diversidade de identidades [&hellip;]<\/p>\n","protected":false},"featured_media":7835,"comment_status":"open","ping_status":"closed","template":"","meta":{"_joinchat":[]},"product_brand":[],"product_cat":[136,316],"product_tag":[],"class_list":{"0":"post-7836","1":"product","2":"type-product","3":"status-publish","4":"has-post-thumbnail","6":"product_cat-psicanalise","7":"product_cat-transformacao-invariancias","8":"product_shipping_class-livro-pontes-editores-fisico","10":"first","11":"instock","12":"shipping-taxable","13":"purchasable","14":"product-type-simple"},"yoast_head":"<!-- This site is optimized with the Yoast SEO plugin v27.4 - https:\/\/yoast.com\/product\/yoast-seo-wordpress\/ -->\n<title>Diversidade Sexual - Col Transforma\u00e7\u00f5es e Invari\u00e2ncias Vol 1 - Pontes Editores<\/title>\n<meta name=\"robots\" content=\"index, follow, max-snippet:-1, max-image-preview:large, max-video-preview:-1\" \/>\n<link rel=\"canonical\" href=\"https:\/\/ponteseditores.com.br\/loja3\/pontes-editores-home-2__trashed\/psicanalise\/diversidade-sexual-col-transformacoes-e-invariancias-vol-1\/\" \/>\n<meta property=\"og:locale\" content=\"pt_BR\" \/>\n<meta property=\"og:type\" content=\"article\" \/>\n<meta property=\"og:title\" content=\"Diversidade Sexual - Col Transforma\u00e7\u00f5es e Invari\u00e2ncias Vol 1 - Pontes Editores\" \/>\n<meta property=\"og:description\" content=\"Transforma\u00e7\u00f5es e Invari\u00e2ncias \u00e9 uma Cole\u00e7\u00e3o do Instituto Sand\u00f3r Ferenczi, espa\u00e7o que proporciona o desenvolvimento te\u00f3rico-pr\u00e1tico dos psicanalistas formados pela EPP. Este primeiro n\u00famero da Cole\u00e7\u00e3o re\u00fane artigos resultantes de estudos de psicanalistas do Instituto de Estudos Avan\u00e7ados, da Escola Paulista de Psican\u00e1lise, que privilegiam os assuntos &#8220;diversidade de orienta\u00e7\u00f5es sexuais&#8221; e &#8220;diversidade de identidades [&hellip;]\" \/>\n<meta property=\"og:url\" content=\"https:\/\/ponteseditores.com.br\/loja3\/pontes-editores-home-2__trashed\/psicanalise\/diversidade-sexual-col-transformacoes-e-invariancias-vol-1\/\" \/>\n<meta property=\"og:site_name\" content=\"Pontes Editores\" \/>\n<meta property=\"article:modified_time\" content=\"2023-12-15T14:55:10+00:00\" \/>\n<meta property=\"og:image\" content=\"https:\/\/ponteseditores.com.br\/loja3\/wp-content\/uploads\/2023\/12\/diversidade20sexual20capa-1.jpg\" \/>\n\t<meta property=\"og:image:width\" content=\"485\" \/>\n\t<meta property=\"og:image:height\" content=\"768\" \/>\n\t<meta property=\"og:image:type\" content=\"image\/jpeg\" \/>\n<meta name=\"twitter:card\" content=\"summary_large_image\" \/>\n<script type=\"application\/ld+json\" class=\"yoast-schema-graph\">{\"@context\":\"https:\\\/\\\/schema.org\",\"@graph\":[{\"@type\":\"WebPage\",\"@id\":\"https:\\\/\\\/ponteseditores.com.br\\\/loja3\\\/pontes-editores-home-2__trashed\\\/psicanalise\\\/diversidade-sexual-col-transformacoes-e-invariancias-vol-1\\\/\",\"url\":\"https:\\\/\\\/ponteseditores.com.br\\\/loja3\\\/pontes-editores-home-2__trashed\\\/psicanalise\\\/diversidade-sexual-col-transformacoes-e-invariancias-vol-1\\\/\",\"name\":\"Diversidade Sexual - Col Transforma\u00e7\u00f5es e Invari\u00e2ncias Vol 1 - Pontes Editores\",\"isPartOf\":{\"@id\":\"https:\\\/\\\/ponteseditores.com.br\\\/loja3\\\/#website\"},\"primaryImageOfPage\":{\"@id\":\"https:\\\/\\\/ponteseditores.com.br\\\/loja3\\\/pontes-editores-home-2__trashed\\\/psicanalise\\\/diversidade-sexual-col-transformacoes-e-invariancias-vol-1\\\/#primaryimage\"},\"image\":{\"@id\":\"https:\\\/\\\/ponteseditores.com.br\\\/loja3\\\/pontes-editores-home-2__trashed\\\/psicanalise\\\/diversidade-sexual-col-transformacoes-e-invariancias-vol-1\\\/#primaryimage\"},\"thumbnailUrl\":\"https:\\\/\\\/ponteseditores.com.br\\\/loja3\\\/wp-content\\\/uploads\\\/2023\\\/12\\\/diversidade20sexual20capa-1.jpg\",\"datePublished\":\"2023-12-15T11:41:58+00:00\",\"dateModified\":\"2023-12-15T14:55:10+00:00\",\"breadcrumb\":{\"@id\":\"https:\\\/\\\/ponteseditores.com.br\\\/loja3\\\/pontes-editores-home-2__trashed\\\/psicanalise\\\/diversidade-sexual-col-transformacoes-e-invariancias-vol-1\\\/#breadcrumb\"},\"inLanguage\":\"pt-BR\",\"potentialAction\":[{\"@type\":\"ReadAction\",\"target\":[\"https:\\\/\\\/ponteseditores.com.br\\\/loja3\\\/pontes-editores-home-2__trashed\\\/psicanalise\\\/diversidade-sexual-col-transformacoes-e-invariancias-vol-1\\\/\"]}]},{\"@type\":\"ImageObject\",\"inLanguage\":\"pt-BR\",\"@id\":\"https:\\\/\\\/ponteseditores.com.br\\\/loja3\\\/pontes-editores-home-2__trashed\\\/psicanalise\\\/diversidade-sexual-col-transformacoes-e-invariancias-vol-1\\\/#primaryimage\",\"url\":\"https:\\\/\\\/ponteseditores.com.br\\\/loja3\\\/wp-content\\\/uploads\\\/2023\\\/12\\\/diversidade20sexual20capa-1.jpg\",\"contentUrl\":\"https:\\\/\\\/ponteseditores.com.br\\\/loja3\\\/wp-content\\\/uploads\\\/2023\\\/12\\\/diversidade20sexual20capa-1.jpg\",\"width\":485,\"height\":768},{\"@type\":\"BreadcrumbList\",\"@id\":\"https:\\\/\\\/ponteseditores.com.br\\\/loja3\\\/pontes-editores-home-2__trashed\\\/psicanalise\\\/diversidade-sexual-col-transformacoes-e-invariancias-vol-1\\\/#breadcrumb\",\"itemListElement\":[{\"@type\":\"ListItem\",\"position\":1,\"name\":\"Home\",\"item\":\"https:\\\/\\\/ponteseditores.com.br\\\/loja3\\\/\"},{\"@type\":\"ListItem\",\"position\":2,\"name\":\"loja\",\"item\":\"https:\\\/\\\/ponteseditores.com.br\\\/loja3\\\/loja\\\/\"},{\"@type\":\"ListItem\",\"position\":3,\"name\":\"Diversidade Sexual &#8211; Col Transforma\u00e7\u00f5es e Invari\u00e2ncias Vol 1\"}]},{\"@type\":\"WebSite\",\"@id\":\"https:\\\/\\\/ponteseditores.com.br\\\/loja3\\\/#website\",\"url\":\"https:\\\/\\\/ponteseditores.com.br\\\/loja3\\\/\",\"name\":\"Pontes Editores\",\"description\":\"Pontes Editores\",\"publisher\":{\"@id\":\"https:\\\/\\\/ponteseditores.com.br\\\/loja3\\\/#organization\"},\"potentialAction\":[{\"@type\":\"SearchAction\",\"target\":{\"@type\":\"EntryPoint\",\"urlTemplate\":\"https:\\\/\\\/ponteseditores.com.br\\\/loja3\\\/?s={search_term_string}\"},\"query-input\":{\"@type\":\"PropertyValueSpecification\",\"valueRequired\":true,\"valueName\":\"search_term_string\"}}],\"inLanguage\":\"pt-BR\"},{\"@type\":\"Organization\",\"@id\":\"https:\\\/\\\/ponteseditores.com.br\\\/loja3\\\/#organization\",\"name\":\"Pontes Editores\",\"url\":\"https:\\\/\\\/ponteseditores.com.br\\\/loja3\\\/\",\"logo\":{\"@type\":\"ImageObject\",\"inLanguage\":\"pt-BR\",\"@id\":\"https:\\\/\\\/ponteseditores.com.br\\\/loja3\\\/#\\\/schema\\\/logo\\\/image\\\/\",\"url\":\"https:\\\/\\\/ponteseditores.com.br\\\/loja3\\\/wp-content\\\/uploads\\\/2023\\\/12\\\/logo-pontes-editores-v2.png\",\"contentUrl\":\"https:\\\/\\\/ponteseditores.com.br\\\/loja3\\\/wp-content\\\/uploads\\\/2023\\\/12\\\/logo-pontes-editores-v2.png\",\"width\":258,\"height\":100,\"caption\":\"Pontes Editores\"},\"image\":{\"@id\":\"https:\\\/\\\/ponteseditores.com.br\\\/loja3\\\/#\\\/schema\\\/logo\\\/image\\\/\"}}]}<\/script>\n<!-- \/ Yoast SEO plugin. -->","yoast_head_json":{"title":"Diversidade Sexual - Col Transforma\u00e7\u00f5es e Invari\u00e2ncias Vol 1 - Pontes Editores","robots":{"index":"index","follow":"follow","max-snippet":"max-snippet:-1","max-image-preview":"max-image-preview:large","max-video-preview":"max-video-preview:-1"},"canonical":"https:\/\/ponteseditores.com.br\/loja3\/pontes-editores-home-2__trashed\/psicanalise\/diversidade-sexual-col-transformacoes-e-invariancias-vol-1\/","og_locale":"pt_BR","og_type":"article","og_title":"Diversidade Sexual - Col Transforma\u00e7\u00f5es e Invari\u00e2ncias Vol 1 - Pontes Editores","og_description":"Transforma\u00e7\u00f5es e Invari\u00e2ncias \u00e9 uma Cole\u00e7\u00e3o do Instituto Sand\u00f3r Ferenczi, espa\u00e7o que proporciona o desenvolvimento te\u00f3rico-pr\u00e1tico dos psicanalistas formados pela EPP. Este primeiro n\u00famero da Cole\u00e7\u00e3o re\u00fane artigos resultantes de estudos de psicanalistas do Instituto de Estudos Avan\u00e7ados, da Escola Paulista de Psican\u00e1lise, que privilegiam os assuntos &#8220;diversidade de orienta\u00e7\u00f5es sexuais&#8221; e &#8220;diversidade de identidades [&hellip;]","og_url":"https:\/\/ponteseditores.com.br\/loja3\/pontes-editores-home-2__trashed\/psicanalise\/diversidade-sexual-col-transformacoes-e-invariancias-vol-1\/","og_site_name":"Pontes Editores","article_modified_time":"2023-12-15T14:55:10+00:00","og_image":[{"width":485,"height":768,"url":"https:\/\/ponteseditores.com.br\/loja3\/wp-content\/uploads\/2023\/12\/diversidade20sexual20capa-1.jpg","type":"image\/jpeg"}],"twitter_card":"summary_large_image","schema":{"@context":"https:\/\/schema.org","@graph":[{"@type":"WebPage","@id":"https:\/\/ponteseditores.com.br\/loja3\/pontes-editores-home-2__trashed\/psicanalise\/diversidade-sexual-col-transformacoes-e-invariancias-vol-1\/","url":"https:\/\/ponteseditores.com.br\/loja3\/pontes-editores-home-2__trashed\/psicanalise\/diversidade-sexual-col-transformacoes-e-invariancias-vol-1\/","name":"Diversidade Sexual - Col Transforma\u00e7\u00f5es e Invari\u00e2ncias Vol 1 - Pontes Editores","isPartOf":{"@id":"https:\/\/ponteseditores.com.br\/loja3\/#website"},"primaryImageOfPage":{"@id":"https:\/\/ponteseditores.com.br\/loja3\/pontes-editores-home-2__trashed\/psicanalise\/diversidade-sexual-col-transformacoes-e-invariancias-vol-1\/#primaryimage"},"image":{"@id":"https:\/\/ponteseditores.com.br\/loja3\/pontes-editores-home-2__trashed\/psicanalise\/diversidade-sexual-col-transformacoes-e-invariancias-vol-1\/#primaryimage"},"thumbnailUrl":"https:\/\/ponteseditores.com.br\/loja3\/wp-content\/uploads\/2023\/12\/diversidade20sexual20capa-1.jpg","datePublished":"2023-12-15T11:41:58+00:00","dateModified":"2023-12-15T14:55:10+00:00","breadcrumb":{"@id":"https:\/\/ponteseditores.com.br\/loja3\/pontes-editores-home-2__trashed\/psicanalise\/diversidade-sexual-col-transformacoes-e-invariancias-vol-1\/#breadcrumb"},"inLanguage":"pt-BR","potentialAction":[{"@type":"ReadAction","target":["https:\/\/ponteseditores.com.br\/loja3\/pontes-editores-home-2__trashed\/psicanalise\/diversidade-sexual-col-transformacoes-e-invariancias-vol-1\/"]}]},{"@type":"ImageObject","inLanguage":"pt-BR","@id":"https:\/\/ponteseditores.com.br\/loja3\/pontes-editores-home-2__trashed\/psicanalise\/diversidade-sexual-col-transformacoes-e-invariancias-vol-1\/#primaryimage","url":"https:\/\/ponteseditores.com.br\/loja3\/wp-content\/uploads\/2023\/12\/diversidade20sexual20capa-1.jpg","contentUrl":"https:\/\/ponteseditores.com.br\/loja3\/wp-content\/uploads\/2023\/12\/diversidade20sexual20capa-1.jpg","width":485,"height":768},{"@type":"BreadcrumbList","@id":"https:\/\/ponteseditores.com.br\/loja3\/pontes-editores-home-2__trashed\/psicanalise\/diversidade-sexual-col-transformacoes-e-invariancias-vol-1\/#breadcrumb","itemListElement":[{"@type":"ListItem","position":1,"name":"Home","item":"https:\/\/ponteseditores.com.br\/loja3\/"},{"@type":"ListItem","position":2,"name":"loja","item":"https:\/\/ponteseditores.com.br\/loja3\/loja\/"},{"@type":"ListItem","position":3,"name":"Diversidade Sexual &#8211; Col Transforma\u00e7\u00f5es e Invari\u00e2ncias Vol 1"}]},{"@type":"WebSite","@id":"https:\/\/ponteseditores.com.br\/loja3\/#website","url":"https:\/\/ponteseditores.com.br\/loja3\/","name":"Pontes Editores","description":"Pontes Editores","publisher":{"@id":"https:\/\/ponteseditores.com.br\/loja3\/#organization"},"potentialAction":[{"@type":"SearchAction","target":{"@type":"EntryPoint","urlTemplate":"https:\/\/ponteseditores.com.br\/loja3\/?s={search_term_string}"},"query-input":{"@type":"PropertyValueSpecification","valueRequired":true,"valueName":"search_term_string"}}],"inLanguage":"pt-BR"},{"@type":"Organization","@id":"https:\/\/ponteseditores.com.br\/loja3\/#organization","name":"Pontes Editores","url":"https:\/\/ponteseditores.com.br\/loja3\/","logo":{"@type":"ImageObject","inLanguage":"pt-BR","@id":"https:\/\/ponteseditores.com.br\/loja3\/#\/schema\/logo\/image\/","url":"https:\/\/ponteseditores.com.br\/loja3\/wp-content\/uploads\/2023\/12\/logo-pontes-editores-v2.png","contentUrl":"https:\/\/ponteseditores.com.br\/loja3\/wp-content\/uploads\/2023\/12\/logo-pontes-editores-v2.png","width":258,"height":100,"caption":"Pontes Editores"},"image":{"@id":"https:\/\/ponteseditores.com.br\/loja3\/#\/schema\/logo\/image\/"}}]}},"_links":{"self":[{"href":"https:\/\/ponteseditores.com.br\/loja3\/wp-json\/wp\/v2\/product\/7836","targetHints":{"allow":["GET"]}}],"collection":[{"href":"https:\/\/ponteseditores.com.br\/loja3\/wp-json\/wp\/v2\/product"}],"about":[{"href":"https:\/\/ponteseditores.com.br\/loja3\/wp-json\/wp\/v2\/types\/product"}],"replies":[{"embeddable":true,"href":"https:\/\/ponteseditores.com.br\/loja3\/wp-json\/wp\/v2\/comments?post=7836"}],"version-history":[{"count":0,"href":"https:\/\/ponteseditores.com.br\/loja3\/wp-json\/wp\/v2\/product\/7836\/revisions"}],"wp:featuredmedia":[{"embeddable":true,"href":"https:\/\/ponteseditores.com.br\/loja3\/wp-json\/wp\/v2\/media\/7835"}],"wp:attachment":[{"href":"https:\/\/ponteseditores.com.br\/loja3\/wp-json\/wp\/v2\/media?parent=7836"}],"wp:term":[{"taxonomy":"product_brand","embeddable":true,"href":"https:\/\/ponteseditores.com.br\/loja3\/wp-json\/wp\/v2\/product_brand?post=7836"},{"taxonomy":"product_cat","embeddable":true,"href":"https:\/\/ponteseditores.com.br\/loja3\/wp-json\/wp\/v2\/product_cat?post=7836"},{"taxonomy":"product_tag","embeddable":true,"href":"https:\/\/ponteseditores.com.br\/loja3\/wp-json\/wp\/v2\/product_tag?post=7836"}],"curies":[{"name":"wp","href":"https:\/\/api.w.org\/{rel}","templated":true}]}}