{"id":7810,"date":"2023-12-15T08:41:40","date_gmt":"2023-12-15T11:41:40","guid":{"rendered":"https:\/\/ponteseditores.com.br\/loja3\/pontes-editores-home-2__trashed\/sem%20categoria\/dimensao-temporal-e-espacial-na-linguagem-e-na-cultura-latino-americana\/"},"modified":"2024-01-12T16:01:56","modified_gmt":"2024-01-12T19:01:56","slug":"dimensao-temporal-e-espacial-na-linguagem-e-na-cultura-latino-americana","status":"publish","type":"product","link":"https:\/\/ponteseditores.com.br\/loja3\/pontes-editores-home-2__trashed\/linguistica\/dimensao-temporal-e-espacial-na-linguagem-e-na-cultura-latino-americana\/","title":{"rendered":"Dimens\u00e3o Temporal e Espacial na Linguagem e na Cultura Latino-Americana"},"content":{"rendered":"<p>Os conceitos tempo-espa\u00e7o n\u00e3o formam um conceito fechado, mas expandem suas fronteiras para in\u00fameras interpreta\u00e7\u00f5es. O homem, por exemplo, sempre quis ganhar mais espa\u00e7o, conquistar territ\u00f3rios e controlar o tempo. Assim,tempo-espa\u00e7o s\u00e3o fatores que remetem ao poder. No entanto, ainda pensamos que o tempo trancorrido \u00e9 linear, pelo menos em nossas sensa\u00e7\u00f5es di\u00e1rias. Nos dias de hoje, inclusive, se pensarmos no tempo e espa\u00e7o das m\u00eddias, percebemos que estas, com exce\u00e7\u00e3o da internet e talvez, a TV Digital, operam de forma linear, com tempos determinados e espa\u00e7os limitados. A temporalidade \u00e9 um quadro inato do pensamento e, por outro lado, a l\u00edngua distingue tempos, portanto separar a temporalidade do estudo da linguagem \u00e9 algo praticamente imposs\u00edvel. Com a publica\u00e7\u00e3o da presente colet\u00e2nea, pretendemos debater quest\u00f5es relacionadas \u00e0 linguagem, na sua dimens\u00e3o temporal e espacial, dentro do contexto latino-americano. Os artigos que comp\u00f5es esta obra, relativos \u00e0 linguagem, \u00e0 literatura e a cultura, s\u00e3o resultado de pesquisas que mostram como estas manifesta\u00e7\u00f5es se inserem nos diferentes ambientes e pr\u00e1ticas sociais onde a linguagem se concretiza. Assim, as categorias de tempo e espa\u00e7o formam um modelo comum de percep\u00e7\u00e3o da realidade, permitindo a constru\u00e7\u00e3o de um mundo compartilhado, onde se desenvolvem as rela\u00e7\u00f5es interpesdsoais, incluindo a  linguagem, a comunica\u00e7\u00e3o e a a\u00e7\u00e3o conjunta.<\/p>\n","protected":false},"excerpt":{"rendered":"<p>Os conceitos tempo-espa\u00e7o n\u00e3o formam um conceito fechado, mas expandem suas fronteiras para in\u00fameras interpreta\u00e7\u00f5es. O homem, por exemplo, sempre quis ganhar mais espa\u00e7o, conquistar territ\u00f3rios e controlar o tempo. Assim,tempo-espa\u00e7o s\u00e3o fatores que remetem ao poder. No entanto, ainda pensamos que o tempo trancorrido \u00e9 linear, pelo menos em nossas sensa\u00e7\u00f5es di\u00e1rias. Nos dias [&hellip;]<\/p>\n","protected":false},"featured_media":7809,"comment_status":"open","ping_status":"closed","template":"","meta":{"_joinchat":[]},"product_brand":[],"product_cat":[112,31],"product_tag":[],"class_list":{"0":"post-7810","1":"product","2":"type-product","3":"status-publish","4":"has-post-thumbnail","6":"product_cat-letramento","7":"product_cat-linguistica","8":"product_shipping_class-livro-pontes-editores-fisico","10":"first","11":"instock","12":"shipping-taxable","13":"purchasable","14":"product-type-simple"},"yoast_head":"<!-- This site is optimized with the Yoast SEO plugin v27.4 - https:\/\/yoast.com\/product\/yoast-seo-wordpress\/ -->\n<title>Dimens\u00e3o Temporal e Espacial na Linguagem e na Cultura Latino-Americana - Pontes Editores<\/title>\n<meta name=\"robots\" content=\"index, follow, max-snippet:-1, max-image-preview:large, max-video-preview:-1\" \/>\n<link rel=\"canonical\" href=\"https:\/\/ponteseditores.com.br\/loja3\/pontes-editores-home-2__trashed\/linguistica\/dimensao-temporal-e-espacial-na-linguagem-e-na-cultura-latino-americana\/\" \/>\n<meta property=\"og:locale\" content=\"pt_BR\" \/>\n<meta property=\"og:type\" content=\"article\" \/>\n<meta property=\"og:title\" content=\"Dimens\u00e3o Temporal e Espacial na Linguagem e na Cultura Latino-Americana - Pontes Editores\" \/>\n<meta property=\"og:description\" content=\"Os conceitos tempo-espa\u00e7o n\u00e3o formam um conceito fechado, mas expandem suas fronteiras para in\u00fameras interpreta\u00e7\u00f5es. O homem, por exemplo, sempre quis ganhar mais espa\u00e7o, conquistar territ\u00f3rios e controlar o tempo. Assim,tempo-espa\u00e7o s\u00e3o fatores que remetem ao poder. No entanto, ainda pensamos que o tempo trancorrido \u00e9 linear, pelo menos em nossas sensa\u00e7\u00f5es di\u00e1rias. Nos dias [&hellip;]\" \/>\n<meta property=\"og:url\" content=\"https:\/\/ponteseditores.com.br\/loja3\/pontes-editores-home-2__trashed\/linguistica\/dimensao-temporal-e-espacial-na-linguagem-e-na-cultura-latino-americana\/\" \/>\n<meta property=\"og:site_name\" content=\"Pontes Editores\" \/>\n<meta property=\"article:modified_time\" content=\"2024-01-12T19:01:56+00:00\" \/>\n<meta property=\"og:image\" content=\"https:\/\/ponteseditores.com.br\/loja3\/wp-content\/uploads\/2023\/12\/dimensao20temporal20capa-1.jpg\" \/>\n\t<meta property=\"og:image:width\" content=\"499\" \/>\n\t<meta property=\"og:image:height\" content=\"768\" \/>\n\t<meta property=\"og:image:type\" content=\"image\/jpeg\" \/>\n<meta name=\"twitter:card\" content=\"summary_large_image\" \/>\n<meta name=\"twitter:label1\" content=\"Est. tempo de leitura\" \/>\n\t<meta name=\"twitter:data1\" content=\"1 minuto\" \/>\n<script type=\"application\/ld+json\" class=\"yoast-schema-graph\">{\"@context\":\"https:\\\/\\\/schema.org\",\"@graph\":[{\"@type\":\"WebPage\",\"@id\":\"https:\\\/\\\/ponteseditores.com.br\\\/loja3\\\/pontes-editores-home-2__trashed\\\/linguistica\\\/dimensao-temporal-e-espacial-na-linguagem-e-na-cultura-latino-americana\\\/\",\"url\":\"https:\\\/\\\/ponteseditores.com.br\\\/loja3\\\/pontes-editores-home-2__trashed\\\/linguistica\\\/dimensao-temporal-e-espacial-na-linguagem-e-na-cultura-latino-americana\\\/\",\"name\":\"Dimens\u00e3o Temporal e Espacial na Linguagem e na Cultura Latino-Americana - Pontes Editores\",\"isPartOf\":{\"@id\":\"https:\\\/\\\/ponteseditores.com.br\\\/loja3\\\/#website\"},\"primaryImageOfPage\":{\"@id\":\"https:\\\/\\\/ponteseditores.com.br\\\/loja3\\\/pontes-editores-home-2__trashed\\\/linguistica\\\/dimensao-temporal-e-espacial-na-linguagem-e-na-cultura-latino-americana\\\/#primaryimage\"},\"image\":{\"@id\":\"https:\\\/\\\/ponteseditores.com.br\\\/loja3\\\/pontes-editores-home-2__trashed\\\/linguistica\\\/dimensao-temporal-e-espacial-na-linguagem-e-na-cultura-latino-americana\\\/#primaryimage\"},\"thumbnailUrl\":\"https:\\\/\\\/ponteseditores.com.br\\\/loja3\\\/wp-content\\\/uploads\\\/2023\\\/12\\\/dimensao20temporal20capa-1.jpg\",\"datePublished\":\"2023-12-15T11:41:40+00:00\",\"dateModified\":\"2024-01-12T19:01:56+00:00\",\"breadcrumb\":{\"@id\":\"https:\\\/\\\/ponteseditores.com.br\\\/loja3\\\/pontes-editores-home-2__trashed\\\/linguistica\\\/dimensao-temporal-e-espacial-na-linguagem-e-na-cultura-latino-americana\\\/#breadcrumb\"},\"inLanguage\":\"pt-BR\",\"potentialAction\":[{\"@type\":\"ReadAction\",\"target\":[\"https:\\\/\\\/ponteseditores.com.br\\\/loja3\\\/pontes-editores-home-2__trashed\\\/linguistica\\\/dimensao-temporal-e-espacial-na-linguagem-e-na-cultura-latino-americana\\\/\"]}]},{\"@type\":\"ImageObject\",\"inLanguage\":\"pt-BR\",\"@id\":\"https:\\\/\\\/ponteseditores.com.br\\\/loja3\\\/pontes-editores-home-2__trashed\\\/linguistica\\\/dimensao-temporal-e-espacial-na-linguagem-e-na-cultura-latino-americana\\\/#primaryimage\",\"url\":\"https:\\\/\\\/ponteseditores.com.br\\\/loja3\\\/wp-content\\\/uploads\\\/2023\\\/12\\\/dimensao20temporal20capa-1.jpg\",\"contentUrl\":\"https:\\\/\\\/ponteseditores.com.br\\\/loja3\\\/wp-content\\\/uploads\\\/2023\\\/12\\\/dimensao20temporal20capa-1.jpg\",\"width\":499,\"height\":768},{\"@type\":\"BreadcrumbList\",\"@id\":\"https:\\\/\\\/ponteseditores.com.br\\\/loja3\\\/pontes-editores-home-2__trashed\\\/linguistica\\\/dimensao-temporal-e-espacial-na-linguagem-e-na-cultura-latino-americana\\\/#breadcrumb\",\"itemListElement\":[{\"@type\":\"ListItem\",\"position\":1,\"name\":\"Home\",\"item\":\"https:\\\/\\\/ponteseditores.com.br\\\/loja3\\\/\"},{\"@type\":\"ListItem\",\"position\":2,\"name\":\"loja\",\"item\":\"https:\\\/\\\/ponteseditores.com.br\\\/loja3\\\/loja\\\/\"},{\"@type\":\"ListItem\",\"position\":3,\"name\":\"Dimens\u00e3o Temporal e Espacial na Linguagem e na Cultura Latino-Americana\"}]},{\"@type\":\"WebSite\",\"@id\":\"https:\\\/\\\/ponteseditores.com.br\\\/loja3\\\/#website\",\"url\":\"https:\\\/\\\/ponteseditores.com.br\\\/loja3\\\/\",\"name\":\"Pontes Editores\",\"description\":\"Pontes Editores\",\"publisher\":{\"@id\":\"https:\\\/\\\/ponteseditores.com.br\\\/loja3\\\/#organization\"},\"potentialAction\":[{\"@type\":\"SearchAction\",\"target\":{\"@type\":\"EntryPoint\",\"urlTemplate\":\"https:\\\/\\\/ponteseditores.com.br\\\/loja3\\\/?s={search_term_string}\"},\"query-input\":{\"@type\":\"PropertyValueSpecification\",\"valueRequired\":true,\"valueName\":\"search_term_string\"}}],\"inLanguage\":\"pt-BR\"},{\"@type\":\"Organization\",\"@id\":\"https:\\\/\\\/ponteseditores.com.br\\\/loja3\\\/#organization\",\"name\":\"Pontes Editores\",\"url\":\"https:\\\/\\\/ponteseditores.com.br\\\/loja3\\\/\",\"logo\":{\"@type\":\"ImageObject\",\"inLanguage\":\"pt-BR\",\"@id\":\"https:\\\/\\\/ponteseditores.com.br\\\/loja3\\\/#\\\/schema\\\/logo\\\/image\\\/\",\"url\":\"https:\\\/\\\/ponteseditores.com.br\\\/loja3\\\/wp-content\\\/uploads\\\/2023\\\/12\\\/logo-pontes-editores-v2.png\",\"contentUrl\":\"https:\\\/\\\/ponteseditores.com.br\\\/loja3\\\/wp-content\\\/uploads\\\/2023\\\/12\\\/logo-pontes-editores-v2.png\",\"width\":258,\"height\":100,\"caption\":\"Pontes Editores\"},\"image\":{\"@id\":\"https:\\\/\\\/ponteseditores.com.br\\\/loja3\\\/#\\\/schema\\\/logo\\\/image\\\/\"}}]}<\/script>\n<!-- \/ Yoast SEO plugin. -->","yoast_head_json":{"title":"Dimens\u00e3o Temporal e Espacial na Linguagem e na Cultura Latino-Americana - Pontes Editores","robots":{"index":"index","follow":"follow","max-snippet":"max-snippet:-1","max-image-preview":"max-image-preview:large","max-video-preview":"max-video-preview:-1"},"canonical":"https:\/\/ponteseditores.com.br\/loja3\/pontes-editores-home-2__trashed\/linguistica\/dimensao-temporal-e-espacial-na-linguagem-e-na-cultura-latino-americana\/","og_locale":"pt_BR","og_type":"article","og_title":"Dimens\u00e3o Temporal e Espacial na Linguagem e na Cultura Latino-Americana - Pontes Editores","og_description":"Os conceitos tempo-espa\u00e7o n\u00e3o formam um conceito fechado, mas expandem suas fronteiras para in\u00fameras interpreta\u00e7\u00f5es. O homem, por exemplo, sempre quis ganhar mais espa\u00e7o, conquistar territ\u00f3rios e controlar o tempo. Assim,tempo-espa\u00e7o s\u00e3o fatores que remetem ao poder. No entanto, ainda pensamos que o tempo trancorrido \u00e9 linear, pelo menos em nossas sensa\u00e7\u00f5es di\u00e1rias. Nos dias [&hellip;]","og_url":"https:\/\/ponteseditores.com.br\/loja3\/pontes-editores-home-2__trashed\/linguistica\/dimensao-temporal-e-espacial-na-linguagem-e-na-cultura-latino-americana\/","og_site_name":"Pontes Editores","article_modified_time":"2024-01-12T19:01:56+00:00","og_image":[{"width":499,"height":768,"url":"https:\/\/ponteseditores.com.br\/loja3\/wp-content\/uploads\/2023\/12\/dimensao20temporal20capa-1.jpg","type":"image\/jpeg"}],"twitter_card":"summary_large_image","twitter_misc":{"Est. tempo de leitura":"1 minuto"},"schema":{"@context":"https:\/\/schema.org","@graph":[{"@type":"WebPage","@id":"https:\/\/ponteseditores.com.br\/loja3\/pontes-editores-home-2__trashed\/linguistica\/dimensao-temporal-e-espacial-na-linguagem-e-na-cultura-latino-americana\/","url":"https:\/\/ponteseditores.com.br\/loja3\/pontes-editores-home-2__trashed\/linguistica\/dimensao-temporal-e-espacial-na-linguagem-e-na-cultura-latino-americana\/","name":"Dimens\u00e3o Temporal e Espacial na Linguagem e na Cultura Latino-Americana - Pontes Editores","isPartOf":{"@id":"https:\/\/ponteseditores.com.br\/loja3\/#website"},"primaryImageOfPage":{"@id":"https:\/\/ponteseditores.com.br\/loja3\/pontes-editores-home-2__trashed\/linguistica\/dimensao-temporal-e-espacial-na-linguagem-e-na-cultura-latino-americana\/#primaryimage"},"image":{"@id":"https:\/\/ponteseditores.com.br\/loja3\/pontes-editores-home-2__trashed\/linguistica\/dimensao-temporal-e-espacial-na-linguagem-e-na-cultura-latino-americana\/#primaryimage"},"thumbnailUrl":"https:\/\/ponteseditores.com.br\/loja3\/wp-content\/uploads\/2023\/12\/dimensao20temporal20capa-1.jpg","datePublished":"2023-12-15T11:41:40+00:00","dateModified":"2024-01-12T19:01:56+00:00","breadcrumb":{"@id":"https:\/\/ponteseditores.com.br\/loja3\/pontes-editores-home-2__trashed\/linguistica\/dimensao-temporal-e-espacial-na-linguagem-e-na-cultura-latino-americana\/#breadcrumb"},"inLanguage":"pt-BR","potentialAction":[{"@type":"ReadAction","target":["https:\/\/ponteseditores.com.br\/loja3\/pontes-editores-home-2__trashed\/linguistica\/dimensao-temporal-e-espacial-na-linguagem-e-na-cultura-latino-americana\/"]}]},{"@type":"ImageObject","inLanguage":"pt-BR","@id":"https:\/\/ponteseditores.com.br\/loja3\/pontes-editores-home-2__trashed\/linguistica\/dimensao-temporal-e-espacial-na-linguagem-e-na-cultura-latino-americana\/#primaryimage","url":"https:\/\/ponteseditores.com.br\/loja3\/wp-content\/uploads\/2023\/12\/dimensao20temporal20capa-1.jpg","contentUrl":"https:\/\/ponteseditores.com.br\/loja3\/wp-content\/uploads\/2023\/12\/dimensao20temporal20capa-1.jpg","width":499,"height":768},{"@type":"BreadcrumbList","@id":"https:\/\/ponteseditores.com.br\/loja3\/pontes-editores-home-2__trashed\/linguistica\/dimensao-temporal-e-espacial-na-linguagem-e-na-cultura-latino-americana\/#breadcrumb","itemListElement":[{"@type":"ListItem","position":1,"name":"Home","item":"https:\/\/ponteseditores.com.br\/loja3\/"},{"@type":"ListItem","position":2,"name":"loja","item":"https:\/\/ponteseditores.com.br\/loja3\/loja\/"},{"@type":"ListItem","position":3,"name":"Dimens\u00e3o Temporal e Espacial na Linguagem e na Cultura Latino-Americana"}]},{"@type":"WebSite","@id":"https:\/\/ponteseditores.com.br\/loja3\/#website","url":"https:\/\/ponteseditores.com.br\/loja3\/","name":"Pontes Editores","description":"Pontes Editores","publisher":{"@id":"https:\/\/ponteseditores.com.br\/loja3\/#organization"},"potentialAction":[{"@type":"SearchAction","target":{"@type":"EntryPoint","urlTemplate":"https:\/\/ponteseditores.com.br\/loja3\/?s={search_term_string}"},"query-input":{"@type":"PropertyValueSpecification","valueRequired":true,"valueName":"search_term_string"}}],"inLanguage":"pt-BR"},{"@type":"Organization","@id":"https:\/\/ponteseditores.com.br\/loja3\/#organization","name":"Pontes Editores","url":"https:\/\/ponteseditores.com.br\/loja3\/","logo":{"@type":"ImageObject","inLanguage":"pt-BR","@id":"https:\/\/ponteseditores.com.br\/loja3\/#\/schema\/logo\/image\/","url":"https:\/\/ponteseditores.com.br\/loja3\/wp-content\/uploads\/2023\/12\/logo-pontes-editores-v2.png","contentUrl":"https:\/\/ponteseditores.com.br\/loja3\/wp-content\/uploads\/2023\/12\/logo-pontes-editores-v2.png","width":258,"height":100,"caption":"Pontes Editores"},"image":{"@id":"https:\/\/ponteseditores.com.br\/loja3\/#\/schema\/logo\/image\/"}}]}},"_links":{"self":[{"href":"https:\/\/ponteseditores.com.br\/loja3\/wp-json\/wp\/v2\/product\/7810","targetHints":{"allow":["GET"]}}],"collection":[{"href":"https:\/\/ponteseditores.com.br\/loja3\/wp-json\/wp\/v2\/product"}],"about":[{"href":"https:\/\/ponteseditores.com.br\/loja3\/wp-json\/wp\/v2\/types\/product"}],"replies":[{"embeddable":true,"href":"https:\/\/ponteseditores.com.br\/loja3\/wp-json\/wp\/v2\/comments?post=7810"}],"version-history":[{"count":0,"href":"https:\/\/ponteseditores.com.br\/loja3\/wp-json\/wp\/v2\/product\/7810\/revisions"}],"wp:featuredmedia":[{"embeddable":true,"href":"https:\/\/ponteseditores.com.br\/loja3\/wp-json\/wp\/v2\/media\/7809"}],"wp:attachment":[{"href":"https:\/\/ponteseditores.com.br\/loja3\/wp-json\/wp\/v2\/media?parent=7810"}],"wp:term":[{"taxonomy":"product_brand","embeddable":true,"href":"https:\/\/ponteseditores.com.br\/loja3\/wp-json\/wp\/v2\/product_brand?post=7810"},{"taxonomy":"product_cat","embeddable":true,"href":"https:\/\/ponteseditores.com.br\/loja3\/wp-json\/wp\/v2\/product_cat?post=7810"},{"taxonomy":"product_tag","embeddable":true,"href":"https:\/\/ponteseditores.com.br\/loja3\/wp-json\/wp\/v2\/product_tag?post=7810"}],"curies":[{"name":"wp","href":"https:\/\/api.w.org\/{rel}","templated":true}]}}