{"id":7808,"date":"2023-12-15T08:41:39","date_gmt":"2023-12-15T11:41:39","guid":{"rendered":"https:\/\/ponteseditores.com.br\/loja3\/pontes-editores-home-2__trashed\/sem%20categoria\/linguagens-em-discurso-a-formacao-dos-objetos-vol-7\/"},"modified":"2023-12-15T11:55:13","modified_gmt":"2023-12-15T14:55:13","slug":"linguagens-em-discurso-a-formacao-dos-objetos-vol-7","status":"publish","type":"product","link":"https:\/\/ponteseditores.com.br\/loja3\/pontes-editores-home-2__trashed\/linguagem-e-sociedade\/linguagens-em-discurso-a-formacao-dos-objetos-vol-7\/","title":{"rendered":"L\u00edngua(gens) em Discurso A Forma\u00e7\u00e3o dos Objetos Vol 7"},"content":{"rendered":"<p>Com o objetivo de subsidiar te\u00f3rica e metodologicamente pesquisadores e estudiosos do campo epistemol\u00f3gico do discurso, esta colet\u00e2nea re\u00fane, com singular empenho dos autores, in\u00e9ditas e substanciais discuss\u00f5es e reflex\u00f5es acerca da forma\u00e7\u00e3o dos objetos. Sob tal conjuntura, cada cap\u00edtulo prima, por sua natureza te\u00f3rica e anal\u00edtica, demonstrar a  emerg\u00eancia e forma\u00e7\u00e3o de enunciados para al\u00e9m da articula\u00e7\u00e3o das palavras, compreendendo que os objetos n\u00e3o se formam nas realidades materiais anteriores aos discursos, mas s\u00e3o por eles produzidos no conjunto de pr\u00e1ticas que arquitetam seu aparecimento, sua manunten\u00e7\u00e3o e sua coexist\u00eancia. O tratamento desse funcionamento discursivo, cujas vertentes te\u00f3ricas tem seus expoentes em Foucault, P\u00eacheux, Courtine, Bakhtin, Orlandi, Charaudeau e Maingueneau, possibilitou a organiza\u00e7\u00e3o da obra em suas partes. Na primeira, est\u00e3o reunidos os textos que abordam as categorias de Acontecimento, espa\u00e7os de mem\u00f3ria, pol\u00edtica(as) e m\u00eddia. E , na segunda parte, os cap\u00edtulos est\u00e3o amparados na investiga\u00e7\u00e3o sobre a produ\u00e7\u00e3o de discursos sobre o corpo, inscrita em pr\u00e1ticas de subjetiva\u00e7\u00e3o, no dom\u00ednio da biopol\u00edtica. Organizam-se, portanto, a partir de tr\u00eas eixos &#8211; Pr\u00e1ticas de subjetiva\u00e7\u00e3o, biopol\u00edtica e  corpo.<\/p>\n","protected":false},"excerpt":{"rendered":"<p>Com o objetivo de subsidiar te\u00f3rica e metodologicamente pesquisadores e estudiosos do campo epistemol\u00f3gico do discurso, esta colet\u00e2nea re\u00fane, com singular empenho dos autores, in\u00e9ditas e substanciais discuss\u00f5es e reflex\u00f5es acerca da forma\u00e7\u00e3o dos objetos. Sob tal conjuntura, cada cap\u00edtulo prima, por sua natureza te\u00f3rica e anal\u00edtica, demonstrar a emerg\u00eancia e forma\u00e7\u00e3o de enunciados para [&hellip;]<\/p>\n","protected":false},"featured_media":7807,"comment_status":"open","ping_status":"closed","template":"","meta":{"_joinchat":[]},"product_brand":[],"product_cat":[301,281],"product_tag":[],"class_list":{"0":"post-7808","1":"product","2":"type-product","3":"status-publish","4":"has-post-thumbnail","6":"product_cat-analise-de-discurso","7":"product_cat-linguagem-e-sociedade","8":"product_shipping_class-livro-pontes-editores-fisico","10":"first","11":"instock","12":"shipping-taxable","13":"purchasable","14":"product-type-simple"},"yoast_head":"<!-- This site is optimized with the Yoast SEO plugin v27.4 - https:\/\/yoast.com\/product\/yoast-seo-wordpress\/ -->\n<title>L\u00edngua(gens) em Discurso A Forma\u00e7\u00e3o dos Objetos Vol 7 - Pontes Editores<\/title>\n<meta name=\"robots\" content=\"index, follow, max-snippet:-1, max-image-preview:large, max-video-preview:-1\" \/>\n<link rel=\"canonical\" href=\"https:\/\/ponteseditores.com.br\/loja3\/pontes-editores-home-2__trashed\/linguagem-e-sociedade\/linguagens-em-discurso-a-formacao-dos-objetos-vol-7\/\" \/>\n<meta property=\"og:locale\" content=\"pt_BR\" \/>\n<meta property=\"og:type\" content=\"article\" \/>\n<meta property=\"og:title\" content=\"L\u00edngua(gens) em Discurso A Forma\u00e7\u00e3o dos Objetos Vol 7 - Pontes Editores\" \/>\n<meta property=\"og:description\" content=\"Com o objetivo de subsidiar te\u00f3rica e metodologicamente pesquisadores e estudiosos do campo epistemol\u00f3gico do discurso, esta colet\u00e2nea re\u00fane, com singular empenho dos autores, in\u00e9ditas e substanciais discuss\u00f5es e reflex\u00f5es acerca da forma\u00e7\u00e3o dos objetos. Sob tal conjuntura, cada cap\u00edtulo prima, por sua natureza te\u00f3rica e anal\u00edtica, demonstrar a emerg\u00eancia e forma\u00e7\u00e3o de enunciados para [&hellip;]\" \/>\n<meta property=\"og:url\" content=\"https:\/\/ponteseditores.com.br\/loja3\/pontes-editores-home-2__trashed\/linguagem-e-sociedade\/linguagens-em-discurso-a-formacao-dos-objetos-vol-7\/\" \/>\n<meta property=\"og:site_name\" content=\"Pontes Editores\" \/>\n<meta property=\"article:modified_time\" content=\"2023-12-15T14:55:13+00:00\" \/>\n<meta property=\"og:image\" content=\"https:\/\/ponteseditores.com.br\/loja3\/wp-content\/uploads\/2023\/12\/linguagens20em20discurso20capa-1.jpg\" \/>\n\t<meta property=\"og:image:width\" content=\"480\" \/>\n\t<meta property=\"og:image:height\" content=\"768\" \/>\n\t<meta property=\"og:image:type\" content=\"image\/jpeg\" \/>\n<meta name=\"twitter:card\" content=\"summary_large_image\" \/>\n<meta name=\"twitter:label1\" content=\"Est. tempo de leitura\" \/>\n\t<meta name=\"twitter:data1\" content=\"1 minuto\" \/>\n<script type=\"application\/ld+json\" class=\"yoast-schema-graph\">{\"@context\":\"https:\\\/\\\/schema.org\",\"@graph\":[{\"@type\":\"WebPage\",\"@id\":\"https:\\\/\\\/ponteseditores.com.br\\\/loja3\\\/pontes-editores-home-2__trashed\\\/linguagem-e-sociedade\\\/linguagens-em-discurso-a-formacao-dos-objetos-vol-7\\\/\",\"url\":\"https:\\\/\\\/ponteseditores.com.br\\\/loja3\\\/pontes-editores-home-2__trashed\\\/linguagem-e-sociedade\\\/linguagens-em-discurso-a-formacao-dos-objetos-vol-7\\\/\",\"name\":\"L\u00edngua(gens) em Discurso A Forma\u00e7\u00e3o dos Objetos Vol 7 - Pontes Editores\",\"isPartOf\":{\"@id\":\"https:\\\/\\\/ponteseditores.com.br\\\/loja3\\\/#website\"},\"primaryImageOfPage\":{\"@id\":\"https:\\\/\\\/ponteseditores.com.br\\\/loja3\\\/pontes-editores-home-2__trashed\\\/linguagem-e-sociedade\\\/linguagens-em-discurso-a-formacao-dos-objetos-vol-7\\\/#primaryimage\"},\"image\":{\"@id\":\"https:\\\/\\\/ponteseditores.com.br\\\/loja3\\\/pontes-editores-home-2__trashed\\\/linguagem-e-sociedade\\\/linguagens-em-discurso-a-formacao-dos-objetos-vol-7\\\/#primaryimage\"},\"thumbnailUrl\":\"https:\\\/\\\/ponteseditores.com.br\\\/loja3\\\/wp-content\\\/uploads\\\/2023\\\/12\\\/linguagens20em20discurso20capa-1.jpg\",\"datePublished\":\"2023-12-15T11:41:39+00:00\",\"dateModified\":\"2023-12-15T14:55:13+00:00\",\"breadcrumb\":{\"@id\":\"https:\\\/\\\/ponteseditores.com.br\\\/loja3\\\/pontes-editores-home-2__trashed\\\/linguagem-e-sociedade\\\/linguagens-em-discurso-a-formacao-dos-objetos-vol-7\\\/#breadcrumb\"},\"inLanguage\":\"pt-BR\",\"potentialAction\":[{\"@type\":\"ReadAction\",\"target\":[\"https:\\\/\\\/ponteseditores.com.br\\\/loja3\\\/pontes-editores-home-2__trashed\\\/linguagem-e-sociedade\\\/linguagens-em-discurso-a-formacao-dos-objetos-vol-7\\\/\"]}]},{\"@type\":\"ImageObject\",\"inLanguage\":\"pt-BR\",\"@id\":\"https:\\\/\\\/ponteseditores.com.br\\\/loja3\\\/pontes-editores-home-2__trashed\\\/linguagem-e-sociedade\\\/linguagens-em-discurso-a-formacao-dos-objetos-vol-7\\\/#primaryimage\",\"url\":\"https:\\\/\\\/ponteseditores.com.br\\\/loja3\\\/wp-content\\\/uploads\\\/2023\\\/12\\\/linguagens20em20discurso20capa-1.jpg\",\"contentUrl\":\"https:\\\/\\\/ponteseditores.com.br\\\/loja3\\\/wp-content\\\/uploads\\\/2023\\\/12\\\/linguagens20em20discurso20capa-1.jpg\",\"width\":480,\"height\":768},{\"@type\":\"BreadcrumbList\",\"@id\":\"https:\\\/\\\/ponteseditores.com.br\\\/loja3\\\/pontes-editores-home-2__trashed\\\/linguagem-e-sociedade\\\/linguagens-em-discurso-a-formacao-dos-objetos-vol-7\\\/#breadcrumb\",\"itemListElement\":[{\"@type\":\"ListItem\",\"position\":1,\"name\":\"Home\",\"item\":\"https:\\\/\\\/ponteseditores.com.br\\\/loja3\\\/\"},{\"@type\":\"ListItem\",\"position\":2,\"name\":\"loja\",\"item\":\"https:\\\/\\\/ponteseditores.com.br\\\/loja3\\\/loja\\\/\"},{\"@type\":\"ListItem\",\"position\":3,\"name\":\"L\u00edngua(gens) em Discurso A Forma\u00e7\u00e3o dos Objetos Vol 7\"}]},{\"@type\":\"WebSite\",\"@id\":\"https:\\\/\\\/ponteseditores.com.br\\\/loja3\\\/#website\",\"url\":\"https:\\\/\\\/ponteseditores.com.br\\\/loja3\\\/\",\"name\":\"Pontes Editores\",\"description\":\"Pontes Editores\",\"publisher\":{\"@id\":\"https:\\\/\\\/ponteseditores.com.br\\\/loja3\\\/#organization\"},\"potentialAction\":[{\"@type\":\"SearchAction\",\"target\":{\"@type\":\"EntryPoint\",\"urlTemplate\":\"https:\\\/\\\/ponteseditores.com.br\\\/loja3\\\/?s={search_term_string}\"},\"query-input\":{\"@type\":\"PropertyValueSpecification\",\"valueRequired\":true,\"valueName\":\"search_term_string\"}}],\"inLanguage\":\"pt-BR\"},{\"@type\":\"Organization\",\"@id\":\"https:\\\/\\\/ponteseditores.com.br\\\/loja3\\\/#organization\",\"name\":\"Pontes Editores\",\"url\":\"https:\\\/\\\/ponteseditores.com.br\\\/loja3\\\/\",\"logo\":{\"@type\":\"ImageObject\",\"inLanguage\":\"pt-BR\",\"@id\":\"https:\\\/\\\/ponteseditores.com.br\\\/loja3\\\/#\\\/schema\\\/logo\\\/image\\\/\",\"url\":\"https:\\\/\\\/ponteseditores.com.br\\\/loja3\\\/wp-content\\\/uploads\\\/2023\\\/12\\\/logo-pontes-editores-v2.png\",\"contentUrl\":\"https:\\\/\\\/ponteseditores.com.br\\\/loja3\\\/wp-content\\\/uploads\\\/2023\\\/12\\\/logo-pontes-editores-v2.png\",\"width\":258,\"height\":100,\"caption\":\"Pontes Editores\"},\"image\":{\"@id\":\"https:\\\/\\\/ponteseditores.com.br\\\/loja3\\\/#\\\/schema\\\/logo\\\/image\\\/\"}}]}<\/script>\n<!-- \/ Yoast SEO plugin. -->","yoast_head_json":{"title":"L\u00edngua(gens) em Discurso A Forma\u00e7\u00e3o dos Objetos Vol 7 - Pontes Editores","robots":{"index":"index","follow":"follow","max-snippet":"max-snippet:-1","max-image-preview":"max-image-preview:large","max-video-preview":"max-video-preview:-1"},"canonical":"https:\/\/ponteseditores.com.br\/loja3\/pontes-editores-home-2__trashed\/linguagem-e-sociedade\/linguagens-em-discurso-a-formacao-dos-objetos-vol-7\/","og_locale":"pt_BR","og_type":"article","og_title":"L\u00edngua(gens) em Discurso A Forma\u00e7\u00e3o dos Objetos Vol 7 - Pontes Editores","og_description":"Com o objetivo de subsidiar te\u00f3rica e metodologicamente pesquisadores e estudiosos do campo epistemol\u00f3gico do discurso, esta colet\u00e2nea re\u00fane, com singular empenho dos autores, in\u00e9ditas e substanciais discuss\u00f5es e reflex\u00f5es acerca da forma\u00e7\u00e3o dos objetos. Sob tal conjuntura, cada cap\u00edtulo prima, por sua natureza te\u00f3rica e anal\u00edtica, demonstrar a emerg\u00eancia e forma\u00e7\u00e3o de enunciados para [&hellip;]","og_url":"https:\/\/ponteseditores.com.br\/loja3\/pontes-editores-home-2__trashed\/linguagem-e-sociedade\/linguagens-em-discurso-a-formacao-dos-objetos-vol-7\/","og_site_name":"Pontes Editores","article_modified_time":"2023-12-15T14:55:13+00:00","og_image":[{"width":480,"height":768,"url":"https:\/\/ponteseditores.com.br\/loja3\/wp-content\/uploads\/2023\/12\/linguagens20em20discurso20capa-1.jpg","type":"image\/jpeg"}],"twitter_card":"summary_large_image","twitter_misc":{"Est. tempo de leitura":"1 minuto"},"schema":{"@context":"https:\/\/schema.org","@graph":[{"@type":"WebPage","@id":"https:\/\/ponteseditores.com.br\/loja3\/pontes-editores-home-2__trashed\/linguagem-e-sociedade\/linguagens-em-discurso-a-formacao-dos-objetos-vol-7\/","url":"https:\/\/ponteseditores.com.br\/loja3\/pontes-editores-home-2__trashed\/linguagem-e-sociedade\/linguagens-em-discurso-a-formacao-dos-objetos-vol-7\/","name":"L\u00edngua(gens) em Discurso A Forma\u00e7\u00e3o dos Objetos Vol 7 - Pontes Editores","isPartOf":{"@id":"https:\/\/ponteseditores.com.br\/loja3\/#website"},"primaryImageOfPage":{"@id":"https:\/\/ponteseditores.com.br\/loja3\/pontes-editores-home-2__trashed\/linguagem-e-sociedade\/linguagens-em-discurso-a-formacao-dos-objetos-vol-7\/#primaryimage"},"image":{"@id":"https:\/\/ponteseditores.com.br\/loja3\/pontes-editores-home-2__trashed\/linguagem-e-sociedade\/linguagens-em-discurso-a-formacao-dos-objetos-vol-7\/#primaryimage"},"thumbnailUrl":"https:\/\/ponteseditores.com.br\/loja3\/wp-content\/uploads\/2023\/12\/linguagens20em20discurso20capa-1.jpg","datePublished":"2023-12-15T11:41:39+00:00","dateModified":"2023-12-15T14:55:13+00:00","breadcrumb":{"@id":"https:\/\/ponteseditores.com.br\/loja3\/pontes-editores-home-2__trashed\/linguagem-e-sociedade\/linguagens-em-discurso-a-formacao-dos-objetos-vol-7\/#breadcrumb"},"inLanguage":"pt-BR","potentialAction":[{"@type":"ReadAction","target":["https:\/\/ponteseditores.com.br\/loja3\/pontes-editores-home-2__trashed\/linguagem-e-sociedade\/linguagens-em-discurso-a-formacao-dos-objetos-vol-7\/"]}]},{"@type":"ImageObject","inLanguage":"pt-BR","@id":"https:\/\/ponteseditores.com.br\/loja3\/pontes-editores-home-2__trashed\/linguagem-e-sociedade\/linguagens-em-discurso-a-formacao-dos-objetos-vol-7\/#primaryimage","url":"https:\/\/ponteseditores.com.br\/loja3\/wp-content\/uploads\/2023\/12\/linguagens20em20discurso20capa-1.jpg","contentUrl":"https:\/\/ponteseditores.com.br\/loja3\/wp-content\/uploads\/2023\/12\/linguagens20em20discurso20capa-1.jpg","width":480,"height":768},{"@type":"BreadcrumbList","@id":"https:\/\/ponteseditores.com.br\/loja3\/pontes-editores-home-2__trashed\/linguagem-e-sociedade\/linguagens-em-discurso-a-formacao-dos-objetos-vol-7\/#breadcrumb","itemListElement":[{"@type":"ListItem","position":1,"name":"Home","item":"https:\/\/ponteseditores.com.br\/loja3\/"},{"@type":"ListItem","position":2,"name":"loja","item":"https:\/\/ponteseditores.com.br\/loja3\/loja\/"},{"@type":"ListItem","position":3,"name":"L\u00edngua(gens) em Discurso A Forma\u00e7\u00e3o dos Objetos Vol 7"}]},{"@type":"WebSite","@id":"https:\/\/ponteseditores.com.br\/loja3\/#website","url":"https:\/\/ponteseditores.com.br\/loja3\/","name":"Pontes Editores","description":"Pontes Editores","publisher":{"@id":"https:\/\/ponteseditores.com.br\/loja3\/#organization"},"potentialAction":[{"@type":"SearchAction","target":{"@type":"EntryPoint","urlTemplate":"https:\/\/ponteseditores.com.br\/loja3\/?s={search_term_string}"},"query-input":{"@type":"PropertyValueSpecification","valueRequired":true,"valueName":"search_term_string"}}],"inLanguage":"pt-BR"},{"@type":"Organization","@id":"https:\/\/ponteseditores.com.br\/loja3\/#organization","name":"Pontes Editores","url":"https:\/\/ponteseditores.com.br\/loja3\/","logo":{"@type":"ImageObject","inLanguage":"pt-BR","@id":"https:\/\/ponteseditores.com.br\/loja3\/#\/schema\/logo\/image\/","url":"https:\/\/ponteseditores.com.br\/loja3\/wp-content\/uploads\/2023\/12\/logo-pontes-editores-v2.png","contentUrl":"https:\/\/ponteseditores.com.br\/loja3\/wp-content\/uploads\/2023\/12\/logo-pontes-editores-v2.png","width":258,"height":100,"caption":"Pontes Editores"},"image":{"@id":"https:\/\/ponteseditores.com.br\/loja3\/#\/schema\/logo\/image\/"}}]}},"_links":{"self":[{"href":"https:\/\/ponteseditores.com.br\/loja3\/wp-json\/wp\/v2\/product\/7808","targetHints":{"allow":["GET"]}}],"collection":[{"href":"https:\/\/ponteseditores.com.br\/loja3\/wp-json\/wp\/v2\/product"}],"about":[{"href":"https:\/\/ponteseditores.com.br\/loja3\/wp-json\/wp\/v2\/types\/product"}],"replies":[{"embeddable":true,"href":"https:\/\/ponteseditores.com.br\/loja3\/wp-json\/wp\/v2\/comments?post=7808"}],"version-history":[{"count":0,"href":"https:\/\/ponteseditores.com.br\/loja3\/wp-json\/wp\/v2\/product\/7808\/revisions"}],"wp:featuredmedia":[{"embeddable":true,"href":"https:\/\/ponteseditores.com.br\/loja3\/wp-json\/wp\/v2\/media\/7807"}],"wp:attachment":[{"href":"https:\/\/ponteseditores.com.br\/loja3\/wp-json\/wp\/v2\/media?parent=7808"}],"wp:term":[{"taxonomy":"product_brand","embeddable":true,"href":"https:\/\/ponteseditores.com.br\/loja3\/wp-json\/wp\/v2\/product_brand?post=7808"},{"taxonomy":"product_cat","embeddable":true,"href":"https:\/\/ponteseditores.com.br\/loja3\/wp-json\/wp\/v2\/product_cat?post=7808"},{"taxonomy":"product_tag","embeddable":true,"href":"https:\/\/ponteseditores.com.br\/loja3\/wp-json\/wp\/v2\/product_tag?post=7808"}],"curies":[{"name":"wp","href":"https:\/\/api.w.org\/{rel}","templated":true}]}}