{"id":7798,"date":"2023-12-15T08:41:14","date_gmt":"2023-12-15T11:41:14","guid":{"rendered":"https:\/\/ponteseditores.com.br\/loja3\/pontes-editores-home-2__trashed\/sem%20categoria\/estudos-geossociolinguisticos-vol-3-edicao-comemorativa-de-25-anos\/"},"modified":"2025-02-02T17:27:04","modified_gmt":"2025-02-02T20:27:04","slug":"estudos-geossociolinguisticos-vol-3-edicao-comemorativa-de-25-anos","status":"publish","type":"product","link":"https:\/\/ponteseditores.com.br\/loja3\/pontes-editores-home-2__trashed\/ensino-e-aprendizagem\/estudos-geossociolinguisticos-vol-3-edicao-comemorativa-de-25-anos\/","title":{"rendered":"Estudos Geossociolingu\u00edsticos &#8211;  Vol. 3  edi\u00e7\u00e3o comemorativa de 25 anos"},"content":{"rendered":"<p>&#8221;A presente colet\u00e2nea re\u00fane textos de pesquisadores de v\u00e1rias universidades brasileiras e do exterior (Espanha, Fran\u00e7a, It\u00e1lia, M\u00e9xico). Ao todo, apresentamos \u00e0 comunidade acad\u00eamica e aos demais interessados 12 artigos, sendo os seis primeiros sobre varia\u00e7\u00e3o lexical, os quais s\u00e3o seguidos de um texto que versa sobre a varia\u00e7\u00e3o morfossint\u00e1tica e outro sobre a varia\u00e7\u00e3o fon\u00e9tica. Seguem esses temas dois textos sobre L\u00ednguas de Sinais de autoria de colegas de universidades estrangeiras. A Socioterminologia \u00e9 abordada nos dois \u00faltimos textos da colet\u00e2nea. ( &#8230;).<\/p>\n<p>Ao desejar boa leitura, convidamos todos a comemorar conosco este produto, que representa, por tudo que vivemos neste momento, um esfor\u00e7o de resist\u00eancia da educa\u00e7\u00e3o e da ci\u00eancia.&#8221;<\/p>\n","protected":false},"excerpt":{"rendered":"<p>&#8221;A presente colet\u00e2nea re\u00fane textos de pesquisadores de v\u00e1rias universidades brasileiras e do exterior (Espanha, Fran\u00e7a, It\u00e1lia, M\u00e9xico). Ao todo, apresentamos \u00e0 comunidade acad\u00eamica e aos demais interessados 12 artigos, sendo os seis primeiros sobre varia\u00e7\u00e3o lexical, os quais s\u00e3o seguidos de um texto que versa sobre a varia\u00e7\u00e3o morfossint\u00e1tica e outro sobre a varia\u00e7\u00e3o [&hellip;]<\/p>\n","protected":false},"featured_media":7796,"comment_status":"open","ping_status":"closed","template":"","meta":{"_joinchat":[]},"product_brand":[],"product_cat":[288],"product_tag":[],"class_list":{"0":"post-7798","1":"product","2":"type-product","3":"status-publish","4":"has-post-thumbnail","6":"product_cat-ensino-e-aprendizagem","7":"product_shipping_class-livro-pontes-editores-fisico","9":"first","10":"instock","11":"shipping-taxable","12":"purchasable","13":"product-type-simple"},"yoast_head":"<!-- This site is optimized with the Yoast SEO plugin v27.4 - https:\/\/yoast.com\/product\/yoast-seo-wordpress\/ -->\n<title>Estudos Geossociolingu\u00edsticos - Vol. 3 edi\u00e7\u00e3o comemorativa de 25 anos - Pontes Editores<\/title>\n<meta name=\"robots\" content=\"index, follow, max-snippet:-1, max-image-preview:large, max-video-preview:-1\" \/>\n<link rel=\"canonical\" href=\"https:\/\/ponteseditores.com.br\/loja3\/pontes-editores-home-2__trashed\/ensino-e-aprendizagem\/estudos-geossociolinguisticos-vol-3-edicao-comemorativa-de-25-anos\/\" \/>\n<meta property=\"og:locale\" content=\"pt_BR\" \/>\n<meta property=\"og:type\" content=\"article\" \/>\n<meta property=\"og:title\" content=\"Estudos Geossociolingu\u00edsticos - Vol. 3 edi\u00e7\u00e3o comemorativa de 25 anos - Pontes Editores\" \/>\n<meta property=\"og:description\" content=\"&#8221;A presente colet\u00e2nea re\u00fane textos de pesquisadores de v\u00e1rias universidades brasileiras e do exterior (Espanha, Fran\u00e7a, It\u00e1lia, M\u00e9xico). Ao todo, apresentamos \u00e0 comunidade acad\u00eamica e aos demais interessados 12 artigos, sendo os seis primeiros sobre varia\u00e7\u00e3o lexical, os quais s\u00e3o seguidos de um texto que versa sobre a varia\u00e7\u00e3o morfossint\u00e1tica e outro sobre a varia\u00e7\u00e3o [&hellip;]\" \/>\n<meta property=\"og:url\" content=\"https:\/\/ponteseditores.com.br\/loja3\/pontes-editores-home-2__trashed\/ensino-e-aprendizagem\/estudos-geossociolinguisticos-vol-3-edicao-comemorativa-de-25-anos\/\" \/>\n<meta property=\"og:site_name\" content=\"Pontes Editores\" \/>\n<meta property=\"article:modified_time\" content=\"2025-02-02T20:27:04+00:00\" \/>\n<meta property=\"og:image\" content=\"https:\/\/ponteseditores.com.br\/loja3\/wp-content\/uploads\/2023\/12\/Capa_Estudos_Geo-2.jpg\" \/>\n\t<meta property=\"og:image:width\" content=\"1728\" \/>\n\t<meta property=\"og:image:height\" content=\"2443\" \/>\n\t<meta property=\"og:image:type\" content=\"image\/jpeg\" \/>\n<meta name=\"twitter:card\" content=\"summary_large_image\" \/>\n<meta name=\"twitter:label1\" content=\"Est. tempo de leitura\" \/>\n\t<meta name=\"twitter:data1\" content=\"1 minuto\" \/>\n<script type=\"application\/ld+json\" class=\"yoast-schema-graph\">{\"@context\":\"https:\\\/\\\/schema.org\",\"@graph\":[{\"@type\":\"WebPage\",\"@id\":\"https:\\\/\\\/ponteseditores.com.br\\\/loja3\\\/pontes-editores-home-2__trashed\\\/ensino-e-aprendizagem\\\/estudos-geossociolinguisticos-vol-3-edicao-comemorativa-de-25-anos\\\/\",\"url\":\"https:\\\/\\\/ponteseditores.com.br\\\/loja3\\\/pontes-editores-home-2__trashed\\\/ensino-e-aprendizagem\\\/estudos-geossociolinguisticos-vol-3-edicao-comemorativa-de-25-anos\\\/\",\"name\":\"Estudos Geossociolingu\u00edsticos - Vol. 3 edi\u00e7\u00e3o comemorativa de 25 anos - Pontes Editores\",\"isPartOf\":{\"@id\":\"https:\\\/\\\/ponteseditores.com.br\\\/loja3\\\/#website\"},\"primaryImageOfPage\":{\"@id\":\"https:\\\/\\\/ponteseditores.com.br\\\/loja3\\\/pontes-editores-home-2__trashed\\\/ensino-e-aprendizagem\\\/estudos-geossociolinguisticos-vol-3-edicao-comemorativa-de-25-anos\\\/#primaryimage\"},\"image\":{\"@id\":\"https:\\\/\\\/ponteseditores.com.br\\\/loja3\\\/pontes-editores-home-2__trashed\\\/ensino-e-aprendizagem\\\/estudos-geossociolinguisticos-vol-3-edicao-comemorativa-de-25-anos\\\/#primaryimage\"},\"thumbnailUrl\":\"https:\\\/\\\/ponteseditores.com.br\\\/loja3\\\/wp-content\\\/uploads\\\/2023\\\/12\\\/Capa_Estudos_Geo-2.jpg\",\"datePublished\":\"2023-12-15T11:41:14+00:00\",\"dateModified\":\"2025-02-02T20:27:04+00:00\",\"breadcrumb\":{\"@id\":\"https:\\\/\\\/ponteseditores.com.br\\\/loja3\\\/pontes-editores-home-2__trashed\\\/ensino-e-aprendizagem\\\/estudos-geossociolinguisticos-vol-3-edicao-comemorativa-de-25-anos\\\/#breadcrumb\"},\"inLanguage\":\"pt-BR\",\"potentialAction\":[{\"@type\":\"ReadAction\",\"target\":[\"https:\\\/\\\/ponteseditores.com.br\\\/loja3\\\/pontes-editores-home-2__trashed\\\/ensino-e-aprendizagem\\\/estudos-geossociolinguisticos-vol-3-edicao-comemorativa-de-25-anos\\\/\"]}]},{\"@type\":\"ImageObject\",\"inLanguage\":\"pt-BR\",\"@id\":\"https:\\\/\\\/ponteseditores.com.br\\\/loja3\\\/pontes-editores-home-2__trashed\\\/ensino-e-aprendizagem\\\/estudos-geossociolinguisticos-vol-3-edicao-comemorativa-de-25-anos\\\/#primaryimage\",\"url\":\"https:\\\/\\\/ponteseditores.com.br\\\/loja3\\\/wp-content\\\/uploads\\\/2023\\\/12\\\/Capa_Estudos_Geo-2.jpg\",\"contentUrl\":\"https:\\\/\\\/ponteseditores.com.br\\\/loja3\\\/wp-content\\\/uploads\\\/2023\\\/12\\\/Capa_Estudos_Geo-2.jpg\",\"width\":1728,\"height\":2443},{\"@type\":\"BreadcrumbList\",\"@id\":\"https:\\\/\\\/ponteseditores.com.br\\\/loja3\\\/pontes-editores-home-2__trashed\\\/ensino-e-aprendizagem\\\/estudos-geossociolinguisticos-vol-3-edicao-comemorativa-de-25-anos\\\/#breadcrumb\",\"itemListElement\":[{\"@type\":\"ListItem\",\"position\":1,\"name\":\"Home\",\"item\":\"https:\\\/\\\/ponteseditores.com.br\\\/loja3\\\/\"},{\"@type\":\"ListItem\",\"position\":2,\"name\":\"loja\",\"item\":\"https:\\\/\\\/ponteseditores.com.br\\\/loja3\\\/loja\\\/\"},{\"@type\":\"ListItem\",\"position\":3,\"name\":\"Estudos Geossociolingu\u00edsticos &#8211; Vol. 3 edi\u00e7\u00e3o comemorativa de 25 anos\"}]},{\"@type\":\"WebSite\",\"@id\":\"https:\\\/\\\/ponteseditores.com.br\\\/loja3\\\/#website\",\"url\":\"https:\\\/\\\/ponteseditores.com.br\\\/loja3\\\/\",\"name\":\"Pontes Editores\",\"description\":\"Pontes Editores\",\"publisher\":{\"@id\":\"https:\\\/\\\/ponteseditores.com.br\\\/loja3\\\/#organization\"},\"potentialAction\":[{\"@type\":\"SearchAction\",\"target\":{\"@type\":\"EntryPoint\",\"urlTemplate\":\"https:\\\/\\\/ponteseditores.com.br\\\/loja3\\\/?s={search_term_string}\"},\"query-input\":{\"@type\":\"PropertyValueSpecification\",\"valueRequired\":true,\"valueName\":\"search_term_string\"}}],\"inLanguage\":\"pt-BR\"},{\"@type\":\"Organization\",\"@id\":\"https:\\\/\\\/ponteseditores.com.br\\\/loja3\\\/#organization\",\"name\":\"Pontes Editores\",\"url\":\"https:\\\/\\\/ponteseditores.com.br\\\/loja3\\\/\",\"logo\":{\"@type\":\"ImageObject\",\"inLanguage\":\"pt-BR\",\"@id\":\"https:\\\/\\\/ponteseditores.com.br\\\/loja3\\\/#\\\/schema\\\/logo\\\/image\\\/\",\"url\":\"https:\\\/\\\/ponteseditores.com.br\\\/loja3\\\/wp-content\\\/uploads\\\/2023\\\/12\\\/logo-pontes-editores-v2.png\",\"contentUrl\":\"https:\\\/\\\/ponteseditores.com.br\\\/loja3\\\/wp-content\\\/uploads\\\/2023\\\/12\\\/logo-pontes-editores-v2.png\",\"width\":258,\"height\":100,\"caption\":\"Pontes Editores\"},\"image\":{\"@id\":\"https:\\\/\\\/ponteseditores.com.br\\\/loja3\\\/#\\\/schema\\\/logo\\\/image\\\/\"}}]}<\/script>\n<!-- \/ Yoast SEO plugin. -->","yoast_head_json":{"title":"Estudos Geossociolingu\u00edsticos - Vol. 3 edi\u00e7\u00e3o comemorativa de 25 anos - Pontes Editores","robots":{"index":"index","follow":"follow","max-snippet":"max-snippet:-1","max-image-preview":"max-image-preview:large","max-video-preview":"max-video-preview:-1"},"canonical":"https:\/\/ponteseditores.com.br\/loja3\/pontes-editores-home-2__trashed\/ensino-e-aprendizagem\/estudos-geossociolinguisticos-vol-3-edicao-comemorativa-de-25-anos\/","og_locale":"pt_BR","og_type":"article","og_title":"Estudos Geossociolingu\u00edsticos - Vol. 3 edi\u00e7\u00e3o comemorativa de 25 anos - Pontes Editores","og_description":"&#8221;A presente colet\u00e2nea re\u00fane textos de pesquisadores de v\u00e1rias universidades brasileiras e do exterior (Espanha, Fran\u00e7a, It\u00e1lia, M\u00e9xico). Ao todo, apresentamos \u00e0 comunidade acad\u00eamica e aos demais interessados 12 artigos, sendo os seis primeiros sobre varia\u00e7\u00e3o lexical, os quais s\u00e3o seguidos de um texto que versa sobre a varia\u00e7\u00e3o morfossint\u00e1tica e outro sobre a varia\u00e7\u00e3o [&hellip;]","og_url":"https:\/\/ponteseditores.com.br\/loja3\/pontes-editores-home-2__trashed\/ensino-e-aprendizagem\/estudos-geossociolinguisticos-vol-3-edicao-comemorativa-de-25-anos\/","og_site_name":"Pontes Editores","article_modified_time":"2025-02-02T20:27:04+00:00","og_image":[{"width":1728,"height":2443,"url":"https:\/\/ponteseditores.com.br\/loja3\/wp-content\/uploads\/2023\/12\/Capa_Estudos_Geo-2.jpg","type":"image\/jpeg"}],"twitter_card":"summary_large_image","twitter_misc":{"Est. tempo de leitura":"1 minuto"},"schema":{"@context":"https:\/\/schema.org","@graph":[{"@type":"WebPage","@id":"https:\/\/ponteseditores.com.br\/loja3\/pontes-editores-home-2__trashed\/ensino-e-aprendizagem\/estudos-geossociolinguisticos-vol-3-edicao-comemorativa-de-25-anos\/","url":"https:\/\/ponteseditores.com.br\/loja3\/pontes-editores-home-2__trashed\/ensino-e-aprendizagem\/estudos-geossociolinguisticos-vol-3-edicao-comemorativa-de-25-anos\/","name":"Estudos Geossociolingu\u00edsticos - Vol. 3 edi\u00e7\u00e3o comemorativa de 25 anos - Pontes Editores","isPartOf":{"@id":"https:\/\/ponteseditores.com.br\/loja3\/#website"},"primaryImageOfPage":{"@id":"https:\/\/ponteseditores.com.br\/loja3\/pontes-editores-home-2__trashed\/ensino-e-aprendizagem\/estudos-geossociolinguisticos-vol-3-edicao-comemorativa-de-25-anos\/#primaryimage"},"image":{"@id":"https:\/\/ponteseditores.com.br\/loja3\/pontes-editores-home-2__trashed\/ensino-e-aprendizagem\/estudos-geossociolinguisticos-vol-3-edicao-comemorativa-de-25-anos\/#primaryimage"},"thumbnailUrl":"https:\/\/ponteseditores.com.br\/loja3\/wp-content\/uploads\/2023\/12\/Capa_Estudos_Geo-2.jpg","datePublished":"2023-12-15T11:41:14+00:00","dateModified":"2025-02-02T20:27:04+00:00","breadcrumb":{"@id":"https:\/\/ponteseditores.com.br\/loja3\/pontes-editores-home-2__trashed\/ensino-e-aprendizagem\/estudos-geossociolinguisticos-vol-3-edicao-comemorativa-de-25-anos\/#breadcrumb"},"inLanguage":"pt-BR","potentialAction":[{"@type":"ReadAction","target":["https:\/\/ponteseditores.com.br\/loja3\/pontes-editores-home-2__trashed\/ensino-e-aprendizagem\/estudos-geossociolinguisticos-vol-3-edicao-comemorativa-de-25-anos\/"]}]},{"@type":"ImageObject","inLanguage":"pt-BR","@id":"https:\/\/ponteseditores.com.br\/loja3\/pontes-editores-home-2__trashed\/ensino-e-aprendizagem\/estudos-geossociolinguisticos-vol-3-edicao-comemorativa-de-25-anos\/#primaryimage","url":"https:\/\/ponteseditores.com.br\/loja3\/wp-content\/uploads\/2023\/12\/Capa_Estudos_Geo-2.jpg","contentUrl":"https:\/\/ponteseditores.com.br\/loja3\/wp-content\/uploads\/2023\/12\/Capa_Estudos_Geo-2.jpg","width":1728,"height":2443},{"@type":"BreadcrumbList","@id":"https:\/\/ponteseditores.com.br\/loja3\/pontes-editores-home-2__trashed\/ensino-e-aprendizagem\/estudos-geossociolinguisticos-vol-3-edicao-comemorativa-de-25-anos\/#breadcrumb","itemListElement":[{"@type":"ListItem","position":1,"name":"Home","item":"https:\/\/ponteseditores.com.br\/loja3\/"},{"@type":"ListItem","position":2,"name":"loja","item":"https:\/\/ponteseditores.com.br\/loja3\/loja\/"},{"@type":"ListItem","position":3,"name":"Estudos Geossociolingu\u00edsticos &#8211; Vol. 3 edi\u00e7\u00e3o comemorativa de 25 anos"}]},{"@type":"WebSite","@id":"https:\/\/ponteseditores.com.br\/loja3\/#website","url":"https:\/\/ponteseditores.com.br\/loja3\/","name":"Pontes Editores","description":"Pontes Editores","publisher":{"@id":"https:\/\/ponteseditores.com.br\/loja3\/#organization"},"potentialAction":[{"@type":"SearchAction","target":{"@type":"EntryPoint","urlTemplate":"https:\/\/ponteseditores.com.br\/loja3\/?s={search_term_string}"},"query-input":{"@type":"PropertyValueSpecification","valueRequired":true,"valueName":"search_term_string"}}],"inLanguage":"pt-BR"},{"@type":"Organization","@id":"https:\/\/ponteseditores.com.br\/loja3\/#organization","name":"Pontes Editores","url":"https:\/\/ponteseditores.com.br\/loja3\/","logo":{"@type":"ImageObject","inLanguage":"pt-BR","@id":"https:\/\/ponteseditores.com.br\/loja3\/#\/schema\/logo\/image\/","url":"https:\/\/ponteseditores.com.br\/loja3\/wp-content\/uploads\/2023\/12\/logo-pontes-editores-v2.png","contentUrl":"https:\/\/ponteseditores.com.br\/loja3\/wp-content\/uploads\/2023\/12\/logo-pontes-editores-v2.png","width":258,"height":100,"caption":"Pontes Editores"},"image":{"@id":"https:\/\/ponteseditores.com.br\/loja3\/#\/schema\/logo\/image\/"}}]}},"_links":{"self":[{"href":"https:\/\/ponteseditores.com.br\/loja3\/wp-json\/wp\/v2\/product\/7798","targetHints":{"allow":["GET"]}}],"collection":[{"href":"https:\/\/ponteseditores.com.br\/loja3\/wp-json\/wp\/v2\/product"}],"about":[{"href":"https:\/\/ponteseditores.com.br\/loja3\/wp-json\/wp\/v2\/types\/product"}],"replies":[{"embeddable":true,"href":"https:\/\/ponteseditores.com.br\/loja3\/wp-json\/wp\/v2\/comments?post=7798"}],"version-history":[{"count":0,"href":"https:\/\/ponteseditores.com.br\/loja3\/wp-json\/wp\/v2\/product\/7798\/revisions"}],"wp:featuredmedia":[{"embeddable":true,"href":"https:\/\/ponteseditores.com.br\/loja3\/wp-json\/wp\/v2\/media\/7796"}],"wp:attachment":[{"href":"https:\/\/ponteseditores.com.br\/loja3\/wp-json\/wp\/v2\/media?parent=7798"}],"wp:term":[{"taxonomy":"product_brand","embeddable":true,"href":"https:\/\/ponteseditores.com.br\/loja3\/wp-json\/wp\/v2\/product_brand?post=7798"},{"taxonomy":"product_cat","embeddable":true,"href":"https:\/\/ponteseditores.com.br\/loja3\/wp-json\/wp\/v2\/product_cat?post=7798"},{"taxonomy":"product_tag","embeddable":true,"href":"https:\/\/ponteseditores.com.br\/loja3\/wp-json\/wp\/v2\/product_tag?post=7798"}],"curies":[{"name":"wp","href":"https:\/\/api.w.org\/{rel}","templated":true}]}}