{"id":7792,"date":"2023-12-15T08:40:39","date_gmt":"2023-12-15T11:40:39","guid":{"rendered":"https:\/\/ponteseditores.com.br\/loja3\/pontes-editores-home-2__trashed\/sem%20categoria\/literatura-e-educacao-nas-tramas-da-transindisciplinaridade-e-book-para-receber-o-arquivo-digital-entre-contato-ponteseditoresponteseditores-com-br\/"},"modified":"2026-01-28T19:06:06","modified_gmt":"2026-01-28T22:06:06","slug":"literatura-e-educacao-nas-tramas-da-transindisciplinaridade-e-book-para-receber-o-arquivo-digital-entre-contato-ponteseditoresponteseditores-com-br","status":"publish","type":"product","link":"https:\/\/ponteseditores.com.br\/loja3\/pontes-editores-home-2__trashed\/ebook\/literatura-e-educacao-nas-tramas-da-transindisciplinaridade-e-book-para-receber-o-arquivo-digital-entre-contato-ponteseditoresponteseditores-com-br\/","title":{"rendered":"Literatura e Educa\u00e7\u00e3o: nas tramas da trans(in)disciplinaridade"},"content":{"rendered":"<p>O texto liter\u00e1rio presentifica-se de forma significativa, por meio da oralidade e\/ou da escrita, na hist\u00f3ria e na cultura de diversos povos do mundo. Nesse contexto, a poesia e a prosa exp\u00f5em, com a liberdade que lhes s\u00e3o inerentes, as mais diversas condi\u00e7\u00f5es humanas constitu\u00eddas a partir das experi\u00eancias do ser consigo mesmo e com o outro num fluxo permanente de continuidades e descontinuidades, de tradi\u00e7\u00f5es e rupturas moldadas pela liquidez do tempo.<\/p>\n<p>[\u2026]<\/p>\n<p>Nessa perspectiva, certos da potencialidade transdisciplinar e dial\u00e9tica da obra liter\u00e1ria, reunimos neste livro, Literatura e Educa\u00e7\u00e3o: nas tramas da trans(in)disciplinaridade, onze artigos que convidam o(a) leitor(a) a imergir nos tecidos verbais e polif\u00f4nicos da Literatura e de sua ampla contribui\u00e7\u00e3o para o processo de forma\u00e7\u00e3o e desenvolvimento da compet\u00eancia leitora e da sustentabilidade (eco)human\u00edstica do sujeito.<\/p>\n","protected":false},"excerpt":{"rendered":"<p>O texto liter\u00e1rio presentifica-se de forma significativa, por meio da oralidade e\/ou da escrita, na hist\u00f3ria e na cultura de diversos povos do mundo. Nesse contexto, a poesia e a prosa exp\u00f5em, com a liberdade que lhes s\u00e3o inerentes, as mais diversas condi\u00e7\u00f5es humanas constitu\u00eddas a partir das experi\u00eancias do ser consigo mesmo e com [&hellip;]<\/p>\n","protected":false},"featured_media":7786,"comment_status":"open","ping_status":"closed","template":"","meta":{"_joinchat":[]},"product_brand":[],"product_cat":[165,287],"product_tag":[],"class_list":{"0":"post-7792","1":"product","2":"type-product","3":"status-publish","4":"has-post-thumbnail","6":"product_cat-ebook","7":"product_cat-literatura","8":"product_shipping_class-download","10":"first","11":"instock","12":"downloadable","13":"virtual","14":"purchasable","15":"product-type-simple"},"yoast_head":"<!-- This site is optimized with the Yoast SEO plugin v27.4 - https:\/\/yoast.com\/product\/yoast-seo-wordpress\/ -->\n<title>Literatura e Educa\u00e7\u00e3o: nas tramas da trans(in)disciplinaridade - Pontes Editores<\/title>\n<meta name=\"robots\" content=\"index, follow, max-snippet:-1, max-image-preview:large, max-video-preview:-1\" \/>\n<link rel=\"canonical\" href=\"https:\/\/ponteseditores.com.br\/loja3\/pontes-editores-home-2__trashed\/ebook\/literatura-e-educacao-nas-tramas-da-transindisciplinaridade-e-book-para-receber-o-arquivo-digital-entre-contato-ponteseditoresponteseditores-com-br\/\" \/>\n<meta property=\"og:locale\" content=\"pt_BR\" \/>\n<meta property=\"og:type\" content=\"article\" \/>\n<meta property=\"og:title\" content=\"Literatura e Educa\u00e7\u00e3o: nas tramas da trans(in)disciplinaridade - Pontes Editores\" \/>\n<meta property=\"og:description\" content=\"O texto liter\u00e1rio presentifica-se de forma significativa, por meio da oralidade e\/ou da escrita, na hist\u00f3ria e na cultura de diversos povos do mundo. Nesse contexto, a poesia e a prosa exp\u00f5em, com a liberdade que lhes s\u00e3o inerentes, as mais diversas condi\u00e7\u00f5es humanas constitu\u00eddas a partir das experi\u00eancias do ser consigo mesmo e com [&hellip;]\" \/>\n<meta property=\"og:url\" content=\"https:\/\/ponteseditores.com.br\/loja3\/pontes-editores-home-2__trashed\/ebook\/literatura-e-educacao-nas-tramas-da-transindisciplinaridade-e-book-para-receber-o-arquivo-digital-entre-contato-ponteseditoresponteseditores-com-br\/\" \/>\n<meta property=\"og:site_name\" content=\"Pontes Editores\" \/>\n<meta property=\"article:modified_time\" content=\"2026-01-28T22:06:06+00:00\" \/>\n<meta property=\"og:image\" content=\"https:\/\/ponteseditores.com.br\/loja3\/wp-content\/uploads\/2023\/12\/capa-literatura-3-scaled.jpg\" \/>\n\t<meta property=\"og:image:width\" content=\"1745\" \/>\n\t<meta property=\"og:image:height\" content=\"2560\" \/>\n\t<meta property=\"og:image:type\" content=\"image\/jpeg\" \/>\n<meta name=\"twitter:card\" content=\"summary_large_image\" \/>\n<meta name=\"twitter:label1\" content=\"Est. tempo de leitura\" \/>\n\t<meta name=\"twitter:data1\" content=\"1 minuto\" \/>\n<script type=\"application\/ld+json\" class=\"yoast-schema-graph\">{\"@context\":\"https:\\\/\\\/schema.org\",\"@graph\":[{\"@type\":\"WebPage\",\"@id\":\"https:\\\/\\\/ponteseditores.com.br\\\/loja3\\\/pontes-editores-home-2__trashed\\\/ebook\\\/literatura-e-educacao-nas-tramas-da-transindisciplinaridade-e-book-para-receber-o-arquivo-digital-entre-contato-ponteseditoresponteseditores-com-br\\\/\",\"url\":\"https:\\\/\\\/ponteseditores.com.br\\\/loja3\\\/pontes-editores-home-2__trashed\\\/ebook\\\/literatura-e-educacao-nas-tramas-da-transindisciplinaridade-e-book-para-receber-o-arquivo-digital-entre-contato-ponteseditoresponteseditores-com-br\\\/\",\"name\":\"Literatura e Educa\u00e7\u00e3o: nas tramas da trans(in)disciplinaridade - Pontes Editores\",\"isPartOf\":{\"@id\":\"https:\\\/\\\/ponteseditores.com.br\\\/loja3\\\/#website\"},\"primaryImageOfPage\":{\"@id\":\"https:\\\/\\\/ponteseditores.com.br\\\/loja3\\\/pontes-editores-home-2__trashed\\\/ebook\\\/literatura-e-educacao-nas-tramas-da-transindisciplinaridade-e-book-para-receber-o-arquivo-digital-entre-contato-ponteseditoresponteseditores-com-br\\\/#primaryimage\"},\"image\":{\"@id\":\"https:\\\/\\\/ponteseditores.com.br\\\/loja3\\\/pontes-editores-home-2__trashed\\\/ebook\\\/literatura-e-educacao-nas-tramas-da-transindisciplinaridade-e-book-para-receber-o-arquivo-digital-entre-contato-ponteseditoresponteseditores-com-br\\\/#primaryimage\"},\"thumbnailUrl\":\"https:\\\/\\\/ponteseditores.com.br\\\/loja3\\\/wp-content\\\/uploads\\\/2023\\\/12\\\/capa-literatura-3-scaled.jpg\",\"datePublished\":\"2023-12-15T11:40:39+00:00\",\"dateModified\":\"2026-01-28T22:06:06+00:00\",\"breadcrumb\":{\"@id\":\"https:\\\/\\\/ponteseditores.com.br\\\/loja3\\\/pontes-editores-home-2__trashed\\\/ebook\\\/literatura-e-educacao-nas-tramas-da-transindisciplinaridade-e-book-para-receber-o-arquivo-digital-entre-contato-ponteseditoresponteseditores-com-br\\\/#breadcrumb\"},\"inLanguage\":\"pt-BR\",\"potentialAction\":[{\"@type\":\"ReadAction\",\"target\":[\"https:\\\/\\\/ponteseditores.com.br\\\/loja3\\\/pontes-editores-home-2__trashed\\\/ebook\\\/literatura-e-educacao-nas-tramas-da-transindisciplinaridade-e-book-para-receber-o-arquivo-digital-entre-contato-ponteseditoresponteseditores-com-br\\\/\"]}]},{\"@type\":\"ImageObject\",\"inLanguage\":\"pt-BR\",\"@id\":\"https:\\\/\\\/ponteseditores.com.br\\\/loja3\\\/pontes-editores-home-2__trashed\\\/ebook\\\/literatura-e-educacao-nas-tramas-da-transindisciplinaridade-e-book-para-receber-o-arquivo-digital-entre-contato-ponteseditoresponteseditores-com-br\\\/#primaryimage\",\"url\":\"https:\\\/\\\/ponteseditores.com.br\\\/loja3\\\/wp-content\\\/uploads\\\/2023\\\/12\\\/capa-literatura-3-scaled.jpg\",\"contentUrl\":\"https:\\\/\\\/ponteseditores.com.br\\\/loja3\\\/wp-content\\\/uploads\\\/2023\\\/12\\\/capa-literatura-3-scaled.jpg\",\"width\":1745,\"height\":2560},{\"@type\":\"BreadcrumbList\",\"@id\":\"https:\\\/\\\/ponteseditores.com.br\\\/loja3\\\/pontes-editores-home-2__trashed\\\/ebook\\\/literatura-e-educacao-nas-tramas-da-transindisciplinaridade-e-book-para-receber-o-arquivo-digital-entre-contato-ponteseditoresponteseditores-com-br\\\/#breadcrumb\",\"itemListElement\":[{\"@type\":\"ListItem\",\"position\":1,\"name\":\"Home\",\"item\":\"https:\\\/\\\/ponteseditores.com.br\\\/loja3\\\/\"},{\"@type\":\"ListItem\",\"position\":2,\"name\":\"loja\",\"item\":\"https:\\\/\\\/ponteseditores.com.br\\\/loja3\\\/loja\\\/\"},{\"@type\":\"ListItem\",\"position\":3,\"name\":\"Literatura e Educa\u00e7\u00e3o: nas tramas da trans(in)disciplinaridade\"}]},{\"@type\":\"WebSite\",\"@id\":\"https:\\\/\\\/ponteseditores.com.br\\\/loja3\\\/#website\",\"url\":\"https:\\\/\\\/ponteseditores.com.br\\\/loja3\\\/\",\"name\":\"Pontes Editores\",\"description\":\"Pontes Editores\",\"publisher\":{\"@id\":\"https:\\\/\\\/ponteseditores.com.br\\\/loja3\\\/#organization\"},\"potentialAction\":[{\"@type\":\"SearchAction\",\"target\":{\"@type\":\"EntryPoint\",\"urlTemplate\":\"https:\\\/\\\/ponteseditores.com.br\\\/loja3\\\/?s={search_term_string}\"},\"query-input\":{\"@type\":\"PropertyValueSpecification\",\"valueRequired\":true,\"valueName\":\"search_term_string\"}}],\"inLanguage\":\"pt-BR\"},{\"@type\":\"Organization\",\"@id\":\"https:\\\/\\\/ponteseditores.com.br\\\/loja3\\\/#organization\",\"name\":\"Pontes Editores\",\"url\":\"https:\\\/\\\/ponteseditores.com.br\\\/loja3\\\/\",\"logo\":{\"@type\":\"ImageObject\",\"inLanguage\":\"pt-BR\",\"@id\":\"https:\\\/\\\/ponteseditores.com.br\\\/loja3\\\/#\\\/schema\\\/logo\\\/image\\\/\",\"url\":\"https:\\\/\\\/ponteseditores.com.br\\\/loja3\\\/wp-content\\\/uploads\\\/2023\\\/12\\\/logo-pontes-editores-v2.png\",\"contentUrl\":\"https:\\\/\\\/ponteseditores.com.br\\\/loja3\\\/wp-content\\\/uploads\\\/2023\\\/12\\\/logo-pontes-editores-v2.png\",\"width\":258,\"height\":100,\"caption\":\"Pontes Editores\"},\"image\":{\"@id\":\"https:\\\/\\\/ponteseditores.com.br\\\/loja3\\\/#\\\/schema\\\/logo\\\/image\\\/\"}}]}<\/script>\n<!-- \/ Yoast SEO plugin. -->","yoast_head_json":{"title":"Literatura e Educa\u00e7\u00e3o: nas tramas da trans(in)disciplinaridade - Pontes Editores","robots":{"index":"index","follow":"follow","max-snippet":"max-snippet:-1","max-image-preview":"max-image-preview:large","max-video-preview":"max-video-preview:-1"},"canonical":"https:\/\/ponteseditores.com.br\/loja3\/pontes-editores-home-2__trashed\/ebook\/literatura-e-educacao-nas-tramas-da-transindisciplinaridade-e-book-para-receber-o-arquivo-digital-entre-contato-ponteseditoresponteseditores-com-br\/","og_locale":"pt_BR","og_type":"article","og_title":"Literatura e Educa\u00e7\u00e3o: nas tramas da trans(in)disciplinaridade - Pontes Editores","og_description":"O texto liter\u00e1rio presentifica-se de forma significativa, por meio da oralidade e\/ou da escrita, na hist\u00f3ria e na cultura de diversos povos do mundo. Nesse contexto, a poesia e a prosa exp\u00f5em, com a liberdade que lhes s\u00e3o inerentes, as mais diversas condi\u00e7\u00f5es humanas constitu\u00eddas a partir das experi\u00eancias do ser consigo mesmo e com [&hellip;]","og_url":"https:\/\/ponteseditores.com.br\/loja3\/pontes-editores-home-2__trashed\/ebook\/literatura-e-educacao-nas-tramas-da-transindisciplinaridade-e-book-para-receber-o-arquivo-digital-entre-contato-ponteseditoresponteseditores-com-br\/","og_site_name":"Pontes Editores","article_modified_time":"2026-01-28T22:06:06+00:00","og_image":[{"width":1745,"height":2560,"url":"https:\/\/ponteseditores.com.br\/loja3\/wp-content\/uploads\/2023\/12\/capa-literatura-3-scaled.jpg","type":"image\/jpeg"}],"twitter_card":"summary_large_image","twitter_misc":{"Est. tempo de leitura":"1 minuto"},"schema":{"@context":"https:\/\/schema.org","@graph":[{"@type":"WebPage","@id":"https:\/\/ponteseditores.com.br\/loja3\/pontes-editores-home-2__trashed\/ebook\/literatura-e-educacao-nas-tramas-da-transindisciplinaridade-e-book-para-receber-o-arquivo-digital-entre-contato-ponteseditoresponteseditores-com-br\/","url":"https:\/\/ponteseditores.com.br\/loja3\/pontes-editores-home-2__trashed\/ebook\/literatura-e-educacao-nas-tramas-da-transindisciplinaridade-e-book-para-receber-o-arquivo-digital-entre-contato-ponteseditoresponteseditores-com-br\/","name":"Literatura e Educa\u00e7\u00e3o: nas tramas da trans(in)disciplinaridade - Pontes Editores","isPartOf":{"@id":"https:\/\/ponteseditores.com.br\/loja3\/#website"},"primaryImageOfPage":{"@id":"https:\/\/ponteseditores.com.br\/loja3\/pontes-editores-home-2__trashed\/ebook\/literatura-e-educacao-nas-tramas-da-transindisciplinaridade-e-book-para-receber-o-arquivo-digital-entre-contato-ponteseditoresponteseditores-com-br\/#primaryimage"},"image":{"@id":"https:\/\/ponteseditores.com.br\/loja3\/pontes-editores-home-2__trashed\/ebook\/literatura-e-educacao-nas-tramas-da-transindisciplinaridade-e-book-para-receber-o-arquivo-digital-entre-contato-ponteseditoresponteseditores-com-br\/#primaryimage"},"thumbnailUrl":"https:\/\/ponteseditores.com.br\/loja3\/wp-content\/uploads\/2023\/12\/capa-literatura-3-scaled.jpg","datePublished":"2023-12-15T11:40:39+00:00","dateModified":"2026-01-28T22:06:06+00:00","breadcrumb":{"@id":"https:\/\/ponteseditores.com.br\/loja3\/pontes-editores-home-2__trashed\/ebook\/literatura-e-educacao-nas-tramas-da-transindisciplinaridade-e-book-para-receber-o-arquivo-digital-entre-contato-ponteseditoresponteseditores-com-br\/#breadcrumb"},"inLanguage":"pt-BR","potentialAction":[{"@type":"ReadAction","target":["https:\/\/ponteseditores.com.br\/loja3\/pontes-editores-home-2__trashed\/ebook\/literatura-e-educacao-nas-tramas-da-transindisciplinaridade-e-book-para-receber-o-arquivo-digital-entre-contato-ponteseditoresponteseditores-com-br\/"]}]},{"@type":"ImageObject","inLanguage":"pt-BR","@id":"https:\/\/ponteseditores.com.br\/loja3\/pontes-editores-home-2__trashed\/ebook\/literatura-e-educacao-nas-tramas-da-transindisciplinaridade-e-book-para-receber-o-arquivo-digital-entre-contato-ponteseditoresponteseditores-com-br\/#primaryimage","url":"https:\/\/ponteseditores.com.br\/loja3\/wp-content\/uploads\/2023\/12\/capa-literatura-3-scaled.jpg","contentUrl":"https:\/\/ponteseditores.com.br\/loja3\/wp-content\/uploads\/2023\/12\/capa-literatura-3-scaled.jpg","width":1745,"height":2560},{"@type":"BreadcrumbList","@id":"https:\/\/ponteseditores.com.br\/loja3\/pontes-editores-home-2__trashed\/ebook\/literatura-e-educacao-nas-tramas-da-transindisciplinaridade-e-book-para-receber-o-arquivo-digital-entre-contato-ponteseditoresponteseditores-com-br\/#breadcrumb","itemListElement":[{"@type":"ListItem","position":1,"name":"Home","item":"https:\/\/ponteseditores.com.br\/loja3\/"},{"@type":"ListItem","position":2,"name":"loja","item":"https:\/\/ponteseditores.com.br\/loja3\/loja\/"},{"@type":"ListItem","position":3,"name":"Literatura e Educa\u00e7\u00e3o: nas tramas da trans(in)disciplinaridade"}]},{"@type":"WebSite","@id":"https:\/\/ponteseditores.com.br\/loja3\/#website","url":"https:\/\/ponteseditores.com.br\/loja3\/","name":"Pontes Editores","description":"Pontes Editores","publisher":{"@id":"https:\/\/ponteseditores.com.br\/loja3\/#organization"},"potentialAction":[{"@type":"SearchAction","target":{"@type":"EntryPoint","urlTemplate":"https:\/\/ponteseditores.com.br\/loja3\/?s={search_term_string}"},"query-input":{"@type":"PropertyValueSpecification","valueRequired":true,"valueName":"search_term_string"}}],"inLanguage":"pt-BR"},{"@type":"Organization","@id":"https:\/\/ponteseditores.com.br\/loja3\/#organization","name":"Pontes Editores","url":"https:\/\/ponteseditores.com.br\/loja3\/","logo":{"@type":"ImageObject","inLanguage":"pt-BR","@id":"https:\/\/ponteseditores.com.br\/loja3\/#\/schema\/logo\/image\/","url":"https:\/\/ponteseditores.com.br\/loja3\/wp-content\/uploads\/2023\/12\/logo-pontes-editores-v2.png","contentUrl":"https:\/\/ponteseditores.com.br\/loja3\/wp-content\/uploads\/2023\/12\/logo-pontes-editores-v2.png","width":258,"height":100,"caption":"Pontes Editores"},"image":{"@id":"https:\/\/ponteseditores.com.br\/loja3\/#\/schema\/logo\/image\/"}}]}},"_links":{"self":[{"href":"https:\/\/ponteseditores.com.br\/loja3\/wp-json\/wp\/v2\/product\/7792","targetHints":{"allow":["GET"]}}],"collection":[{"href":"https:\/\/ponteseditores.com.br\/loja3\/wp-json\/wp\/v2\/product"}],"about":[{"href":"https:\/\/ponteseditores.com.br\/loja3\/wp-json\/wp\/v2\/types\/product"}],"replies":[{"embeddable":true,"href":"https:\/\/ponteseditores.com.br\/loja3\/wp-json\/wp\/v2\/comments?post=7792"}],"version-history":[{"count":0,"href":"https:\/\/ponteseditores.com.br\/loja3\/wp-json\/wp\/v2\/product\/7792\/revisions"}],"wp:featuredmedia":[{"embeddable":true,"href":"https:\/\/ponteseditores.com.br\/loja3\/wp-json\/wp\/v2\/media\/7786"}],"wp:attachment":[{"href":"https:\/\/ponteseditores.com.br\/loja3\/wp-json\/wp\/v2\/media?parent=7792"}],"wp:term":[{"taxonomy":"product_brand","embeddable":true,"href":"https:\/\/ponteseditores.com.br\/loja3\/wp-json\/wp\/v2\/product_brand?post=7792"},{"taxonomy":"product_cat","embeddable":true,"href":"https:\/\/ponteseditores.com.br\/loja3\/wp-json\/wp\/v2\/product_cat?post=7792"},{"taxonomy":"product_tag","embeddable":true,"href":"https:\/\/ponteseditores.com.br\/loja3\/wp-json\/wp\/v2\/product_tag?post=7792"}],"curies":[{"name":"wp","href":"https:\/\/api.w.org\/{rel}","templated":true}]}}