{"id":7763,"date":"2023-12-15T08:35:11","date_gmt":"2023-12-15T11:35:11","guid":{"rendered":"https:\/\/ponteseditores.com.br\/loja3\/pontes-editores-home-2__trashed\/sem%20categoria\/a-presenca-da-ausencia-a-subalternidade-na-dramaturgia-bem-dita-de-plinio-marcos\/"},"modified":"2023-12-15T11:55:15","modified_gmt":"2023-12-15T14:55:15","slug":"a-presenca-da-ausencia-a-subalternidade-na-dramaturgia-bem-dita-de-plinio-marcos","status":"publish","type":"product","link":"https:\/\/ponteseditores.com.br\/loja3\/pontes-editores-home-2__trashed\/meios-auxiliares-do-ensino\/a-presenca-da-ausencia-a-subalternidade-na-dramaturgia-bem-dita-de-plinio-marcos\/","title":{"rendered":"A Presen\u00e7a da Aus\u00eancia: a Subalternidade na Dramaturgia (bem) dita de Pl\u00ednio Marcos"},"content":{"rendered":"<p>O livro A presen\u00e7a da aus\u00eancia: a subaltemidade na dramaturgia (bem) dita de Pl\u00ednio Marcos, dos professores universit\u00e1rios e pesquisadores Wagner Corsino Enedino, Agnaldo Rodrigues da Silva e Vanessa Hagemeyer Burgo contribui, consideravelmente, para a divulga\u00e7\u00e3o e para o exame da obra de Pl\u00ednio Marcos, sem, no entanto, tomar ass\u00e9ptica uma das figuras not\u00e1veis da dramaturgia brasileira. Aos leitores s\u00e3o facultados, pela media\u00e7\u00e3o de teorias atuais e pela cuidadosa an\u00e1lise textual, elementos para que possam de forma sistem\u00e1tica produzir sentidos durante a leitura do dramaturgo. Se est\u00e1 fora de d\u00favida que a obra de Pl\u00ednio Marcos avan\u00e7a atual, toma-se leg\u00edtimo acentuar que o livro de Wagner, Agnaldo e Vanessa se reveste, igualmente, de interesse atual\u00edssimo, sempre renovado. Tal di\u00e1logo travado entre escritor e cr\u00edticos constitui, ao fim e ao cabo, rico interc\u00e2mbio e proveitosa multiplica\u00e7\u00e3o de vozes, cuja finalidade \u00e9 mitigar a for\u00e7a opressora do sil\u00eancio e da marginaliza\u00e7\u00e3o impostos \u00e0s classes populares e desassistidas. Num e noutro caso do di\u00e1logo, o saldo apenas pode resultar positivo: est\u00e1-se diante de dramaturgia engajada e de cr\u00edtica liter\u00e1ria respons\u00e1vel e sens\u00edvel.<\/p>\n<p>Jo\u00e3o Adalberto Campato Jr.<\/p>\n","protected":false},"excerpt":{"rendered":"<p>O livro A presen\u00e7a da aus\u00eancia: a subaltemidade na dramaturgia (bem) dita de Pl\u00ednio Marcos, dos professores universit\u00e1rios e pesquisadores Wagner Corsino Enedino, Agnaldo Rodrigues da Silva e Vanessa Hagemeyer Burgo contribui, consideravelmente, para a divulga\u00e7\u00e3o e para o exame da obra de Pl\u00ednio Marcos, sem, no entanto, tomar ass\u00e9ptica uma das figuras not\u00e1veis da [&hellip;]<\/p>\n","protected":false},"featured_media":7762,"comment_status":"open","ping_status":"closed","template":"","meta":{"_joinchat":[]},"product_brand":[],"product_cat":[293],"product_tag":[],"class_list":{"0":"post-7763","1":"product","2":"type-product","3":"status-publish","4":"has-post-thumbnail","6":"product_cat-meios-auxiliares-do-ensino","7":"product_shipping_class-livro-pontes-editores-fisico","9":"first","10":"instock","11":"shipping-taxable","12":"purchasable","13":"product-type-simple"},"yoast_head":"<!-- This site is optimized with the Yoast SEO plugin v27.4 - https:\/\/yoast.com\/product\/yoast-seo-wordpress\/ -->\n<title>A Presen\u00e7a da Aus\u00eancia: a Subalternidade na Dramaturgia (bem) dita de Pl\u00ednio Marcos - Pontes Editores<\/title>\n<meta name=\"robots\" content=\"index, follow, max-snippet:-1, max-image-preview:large, max-video-preview:-1\" \/>\n<link rel=\"canonical\" href=\"https:\/\/ponteseditores.com.br\/loja3\/pontes-editores-home-2__trashed\/meios-auxiliares-do-ensino\/a-presenca-da-ausencia-a-subalternidade-na-dramaturgia-bem-dita-de-plinio-marcos\/\" \/>\n<meta property=\"og:locale\" content=\"pt_BR\" \/>\n<meta property=\"og:type\" content=\"article\" \/>\n<meta property=\"og:title\" content=\"A Presen\u00e7a da Aus\u00eancia: a Subalternidade na Dramaturgia (bem) dita de Pl\u00ednio Marcos - Pontes Editores\" \/>\n<meta property=\"og:description\" content=\"O livro A presen\u00e7a da aus\u00eancia: a subaltemidade na dramaturgia (bem) dita de Pl\u00ednio Marcos, dos professores universit\u00e1rios e pesquisadores Wagner Corsino Enedino, Agnaldo Rodrigues da Silva e Vanessa Hagemeyer Burgo contribui, consideravelmente, para a divulga\u00e7\u00e3o e para o exame da obra de Pl\u00ednio Marcos, sem, no entanto, tomar ass\u00e9ptica uma das figuras not\u00e1veis da [&hellip;]\" \/>\n<meta property=\"og:url\" content=\"https:\/\/ponteseditores.com.br\/loja3\/pontes-editores-home-2__trashed\/meios-auxiliares-do-ensino\/a-presenca-da-ausencia-a-subalternidade-na-dramaturgia-bem-dita-de-plinio-marcos\/\" \/>\n<meta property=\"og:site_name\" content=\"Pontes Editores\" \/>\n<meta property=\"article:modified_time\" content=\"2023-12-15T14:55:15+00:00\" \/>\n<meta property=\"og:image\" content=\"https:\/\/ponteseditores.com.br\/loja3\/wp-content\/uploads\/2023\/12\/Capa_Presenca-4.jpg\" \/>\n\t<meta property=\"og:image:width\" content=\"1728\" \/>\n\t<meta property=\"og:image:height\" content=\"2443\" \/>\n\t<meta property=\"og:image:type\" content=\"image\/jpeg\" \/>\n<meta name=\"twitter:card\" content=\"summary_large_image\" \/>\n<meta name=\"twitter:label1\" content=\"Est. tempo de leitura\" \/>\n\t<meta name=\"twitter:data1\" content=\"1 minuto\" \/>\n<script type=\"application\/ld+json\" class=\"yoast-schema-graph\">{\"@context\":\"https:\\\/\\\/schema.org\",\"@graph\":[{\"@type\":\"WebPage\",\"@id\":\"https:\\\/\\\/ponteseditores.com.br\\\/loja3\\\/pontes-editores-home-2__trashed\\\/meios-auxiliares-do-ensino\\\/a-presenca-da-ausencia-a-subalternidade-na-dramaturgia-bem-dita-de-plinio-marcos\\\/\",\"url\":\"https:\\\/\\\/ponteseditores.com.br\\\/loja3\\\/pontes-editores-home-2__trashed\\\/meios-auxiliares-do-ensino\\\/a-presenca-da-ausencia-a-subalternidade-na-dramaturgia-bem-dita-de-plinio-marcos\\\/\",\"name\":\"A Presen\u00e7a da Aus\u00eancia: a Subalternidade na Dramaturgia (bem) dita de Pl\u00ednio Marcos - Pontes Editores\",\"isPartOf\":{\"@id\":\"https:\\\/\\\/ponteseditores.com.br\\\/loja3\\\/#website\"},\"primaryImageOfPage\":{\"@id\":\"https:\\\/\\\/ponteseditores.com.br\\\/loja3\\\/pontes-editores-home-2__trashed\\\/meios-auxiliares-do-ensino\\\/a-presenca-da-ausencia-a-subalternidade-na-dramaturgia-bem-dita-de-plinio-marcos\\\/#primaryimage\"},\"image\":{\"@id\":\"https:\\\/\\\/ponteseditores.com.br\\\/loja3\\\/pontes-editores-home-2__trashed\\\/meios-auxiliares-do-ensino\\\/a-presenca-da-ausencia-a-subalternidade-na-dramaturgia-bem-dita-de-plinio-marcos\\\/#primaryimage\"},\"thumbnailUrl\":\"https:\\\/\\\/ponteseditores.com.br\\\/loja3\\\/wp-content\\\/uploads\\\/2023\\\/12\\\/Capa_Presenca-4.jpg\",\"datePublished\":\"2023-12-15T11:35:11+00:00\",\"dateModified\":\"2023-12-15T14:55:15+00:00\",\"breadcrumb\":{\"@id\":\"https:\\\/\\\/ponteseditores.com.br\\\/loja3\\\/pontes-editores-home-2__trashed\\\/meios-auxiliares-do-ensino\\\/a-presenca-da-ausencia-a-subalternidade-na-dramaturgia-bem-dita-de-plinio-marcos\\\/#breadcrumb\"},\"inLanguage\":\"pt-BR\",\"potentialAction\":[{\"@type\":\"ReadAction\",\"target\":[\"https:\\\/\\\/ponteseditores.com.br\\\/loja3\\\/pontes-editores-home-2__trashed\\\/meios-auxiliares-do-ensino\\\/a-presenca-da-ausencia-a-subalternidade-na-dramaturgia-bem-dita-de-plinio-marcos\\\/\"]}]},{\"@type\":\"ImageObject\",\"inLanguage\":\"pt-BR\",\"@id\":\"https:\\\/\\\/ponteseditores.com.br\\\/loja3\\\/pontes-editores-home-2__trashed\\\/meios-auxiliares-do-ensino\\\/a-presenca-da-ausencia-a-subalternidade-na-dramaturgia-bem-dita-de-plinio-marcos\\\/#primaryimage\",\"url\":\"https:\\\/\\\/ponteseditores.com.br\\\/loja3\\\/wp-content\\\/uploads\\\/2023\\\/12\\\/Capa_Presenca-4.jpg\",\"contentUrl\":\"https:\\\/\\\/ponteseditores.com.br\\\/loja3\\\/wp-content\\\/uploads\\\/2023\\\/12\\\/Capa_Presenca-4.jpg\",\"width\":1728,\"height\":2443},{\"@type\":\"BreadcrumbList\",\"@id\":\"https:\\\/\\\/ponteseditores.com.br\\\/loja3\\\/pontes-editores-home-2__trashed\\\/meios-auxiliares-do-ensino\\\/a-presenca-da-ausencia-a-subalternidade-na-dramaturgia-bem-dita-de-plinio-marcos\\\/#breadcrumb\",\"itemListElement\":[{\"@type\":\"ListItem\",\"position\":1,\"name\":\"Home\",\"item\":\"https:\\\/\\\/ponteseditores.com.br\\\/loja3\\\/\"},{\"@type\":\"ListItem\",\"position\":2,\"name\":\"loja\",\"item\":\"https:\\\/\\\/ponteseditores.com.br\\\/loja3\\\/loja\\\/\"},{\"@type\":\"ListItem\",\"position\":3,\"name\":\"A Presen\u00e7a da Aus\u00eancia: a Subalternidade na Dramaturgia (bem) dita de Pl\u00ednio Marcos\"}]},{\"@type\":\"WebSite\",\"@id\":\"https:\\\/\\\/ponteseditores.com.br\\\/loja3\\\/#website\",\"url\":\"https:\\\/\\\/ponteseditores.com.br\\\/loja3\\\/\",\"name\":\"Pontes Editores\",\"description\":\"Pontes Editores\",\"publisher\":{\"@id\":\"https:\\\/\\\/ponteseditores.com.br\\\/loja3\\\/#organization\"},\"potentialAction\":[{\"@type\":\"SearchAction\",\"target\":{\"@type\":\"EntryPoint\",\"urlTemplate\":\"https:\\\/\\\/ponteseditores.com.br\\\/loja3\\\/?s={search_term_string}\"},\"query-input\":{\"@type\":\"PropertyValueSpecification\",\"valueRequired\":true,\"valueName\":\"search_term_string\"}}],\"inLanguage\":\"pt-BR\"},{\"@type\":\"Organization\",\"@id\":\"https:\\\/\\\/ponteseditores.com.br\\\/loja3\\\/#organization\",\"name\":\"Pontes Editores\",\"url\":\"https:\\\/\\\/ponteseditores.com.br\\\/loja3\\\/\",\"logo\":{\"@type\":\"ImageObject\",\"inLanguage\":\"pt-BR\",\"@id\":\"https:\\\/\\\/ponteseditores.com.br\\\/loja3\\\/#\\\/schema\\\/logo\\\/image\\\/\",\"url\":\"https:\\\/\\\/ponteseditores.com.br\\\/loja3\\\/wp-content\\\/uploads\\\/2023\\\/12\\\/logo-pontes-editores-v2.png\",\"contentUrl\":\"https:\\\/\\\/ponteseditores.com.br\\\/loja3\\\/wp-content\\\/uploads\\\/2023\\\/12\\\/logo-pontes-editores-v2.png\",\"width\":258,\"height\":100,\"caption\":\"Pontes Editores\"},\"image\":{\"@id\":\"https:\\\/\\\/ponteseditores.com.br\\\/loja3\\\/#\\\/schema\\\/logo\\\/image\\\/\"}}]}<\/script>\n<!-- \/ Yoast SEO plugin. -->","yoast_head_json":{"title":"A Presen\u00e7a da Aus\u00eancia: a Subalternidade na Dramaturgia (bem) dita de Pl\u00ednio Marcos - Pontes Editores","robots":{"index":"index","follow":"follow","max-snippet":"max-snippet:-1","max-image-preview":"max-image-preview:large","max-video-preview":"max-video-preview:-1"},"canonical":"https:\/\/ponteseditores.com.br\/loja3\/pontes-editores-home-2__trashed\/meios-auxiliares-do-ensino\/a-presenca-da-ausencia-a-subalternidade-na-dramaturgia-bem-dita-de-plinio-marcos\/","og_locale":"pt_BR","og_type":"article","og_title":"A Presen\u00e7a da Aus\u00eancia: a Subalternidade na Dramaturgia (bem) dita de Pl\u00ednio Marcos - Pontes Editores","og_description":"O livro A presen\u00e7a da aus\u00eancia: a subaltemidade na dramaturgia (bem) dita de Pl\u00ednio Marcos, dos professores universit\u00e1rios e pesquisadores Wagner Corsino Enedino, Agnaldo Rodrigues da Silva e Vanessa Hagemeyer Burgo contribui, consideravelmente, para a divulga\u00e7\u00e3o e para o exame da obra de Pl\u00ednio Marcos, sem, no entanto, tomar ass\u00e9ptica uma das figuras not\u00e1veis da [&hellip;]","og_url":"https:\/\/ponteseditores.com.br\/loja3\/pontes-editores-home-2__trashed\/meios-auxiliares-do-ensino\/a-presenca-da-ausencia-a-subalternidade-na-dramaturgia-bem-dita-de-plinio-marcos\/","og_site_name":"Pontes Editores","article_modified_time":"2023-12-15T14:55:15+00:00","og_image":[{"width":1728,"height":2443,"url":"https:\/\/ponteseditores.com.br\/loja3\/wp-content\/uploads\/2023\/12\/Capa_Presenca-4.jpg","type":"image\/jpeg"}],"twitter_card":"summary_large_image","twitter_misc":{"Est. tempo de leitura":"1 minuto"},"schema":{"@context":"https:\/\/schema.org","@graph":[{"@type":"WebPage","@id":"https:\/\/ponteseditores.com.br\/loja3\/pontes-editores-home-2__trashed\/meios-auxiliares-do-ensino\/a-presenca-da-ausencia-a-subalternidade-na-dramaturgia-bem-dita-de-plinio-marcos\/","url":"https:\/\/ponteseditores.com.br\/loja3\/pontes-editores-home-2__trashed\/meios-auxiliares-do-ensino\/a-presenca-da-ausencia-a-subalternidade-na-dramaturgia-bem-dita-de-plinio-marcos\/","name":"A Presen\u00e7a da Aus\u00eancia: a Subalternidade na Dramaturgia (bem) dita de Pl\u00ednio Marcos - Pontes Editores","isPartOf":{"@id":"https:\/\/ponteseditores.com.br\/loja3\/#website"},"primaryImageOfPage":{"@id":"https:\/\/ponteseditores.com.br\/loja3\/pontes-editores-home-2__trashed\/meios-auxiliares-do-ensino\/a-presenca-da-ausencia-a-subalternidade-na-dramaturgia-bem-dita-de-plinio-marcos\/#primaryimage"},"image":{"@id":"https:\/\/ponteseditores.com.br\/loja3\/pontes-editores-home-2__trashed\/meios-auxiliares-do-ensino\/a-presenca-da-ausencia-a-subalternidade-na-dramaturgia-bem-dita-de-plinio-marcos\/#primaryimage"},"thumbnailUrl":"https:\/\/ponteseditores.com.br\/loja3\/wp-content\/uploads\/2023\/12\/Capa_Presenca-4.jpg","datePublished":"2023-12-15T11:35:11+00:00","dateModified":"2023-12-15T14:55:15+00:00","breadcrumb":{"@id":"https:\/\/ponteseditores.com.br\/loja3\/pontes-editores-home-2__trashed\/meios-auxiliares-do-ensino\/a-presenca-da-ausencia-a-subalternidade-na-dramaturgia-bem-dita-de-plinio-marcos\/#breadcrumb"},"inLanguage":"pt-BR","potentialAction":[{"@type":"ReadAction","target":["https:\/\/ponteseditores.com.br\/loja3\/pontes-editores-home-2__trashed\/meios-auxiliares-do-ensino\/a-presenca-da-ausencia-a-subalternidade-na-dramaturgia-bem-dita-de-plinio-marcos\/"]}]},{"@type":"ImageObject","inLanguage":"pt-BR","@id":"https:\/\/ponteseditores.com.br\/loja3\/pontes-editores-home-2__trashed\/meios-auxiliares-do-ensino\/a-presenca-da-ausencia-a-subalternidade-na-dramaturgia-bem-dita-de-plinio-marcos\/#primaryimage","url":"https:\/\/ponteseditores.com.br\/loja3\/wp-content\/uploads\/2023\/12\/Capa_Presenca-4.jpg","contentUrl":"https:\/\/ponteseditores.com.br\/loja3\/wp-content\/uploads\/2023\/12\/Capa_Presenca-4.jpg","width":1728,"height":2443},{"@type":"BreadcrumbList","@id":"https:\/\/ponteseditores.com.br\/loja3\/pontes-editores-home-2__trashed\/meios-auxiliares-do-ensino\/a-presenca-da-ausencia-a-subalternidade-na-dramaturgia-bem-dita-de-plinio-marcos\/#breadcrumb","itemListElement":[{"@type":"ListItem","position":1,"name":"Home","item":"https:\/\/ponteseditores.com.br\/loja3\/"},{"@type":"ListItem","position":2,"name":"loja","item":"https:\/\/ponteseditores.com.br\/loja3\/loja\/"},{"@type":"ListItem","position":3,"name":"A Presen\u00e7a da Aus\u00eancia: a Subalternidade na Dramaturgia (bem) dita de Pl\u00ednio Marcos"}]},{"@type":"WebSite","@id":"https:\/\/ponteseditores.com.br\/loja3\/#website","url":"https:\/\/ponteseditores.com.br\/loja3\/","name":"Pontes Editores","description":"Pontes Editores","publisher":{"@id":"https:\/\/ponteseditores.com.br\/loja3\/#organization"},"potentialAction":[{"@type":"SearchAction","target":{"@type":"EntryPoint","urlTemplate":"https:\/\/ponteseditores.com.br\/loja3\/?s={search_term_string}"},"query-input":{"@type":"PropertyValueSpecification","valueRequired":true,"valueName":"search_term_string"}}],"inLanguage":"pt-BR"},{"@type":"Organization","@id":"https:\/\/ponteseditores.com.br\/loja3\/#organization","name":"Pontes Editores","url":"https:\/\/ponteseditores.com.br\/loja3\/","logo":{"@type":"ImageObject","inLanguage":"pt-BR","@id":"https:\/\/ponteseditores.com.br\/loja3\/#\/schema\/logo\/image\/","url":"https:\/\/ponteseditores.com.br\/loja3\/wp-content\/uploads\/2023\/12\/logo-pontes-editores-v2.png","contentUrl":"https:\/\/ponteseditores.com.br\/loja3\/wp-content\/uploads\/2023\/12\/logo-pontes-editores-v2.png","width":258,"height":100,"caption":"Pontes Editores"},"image":{"@id":"https:\/\/ponteseditores.com.br\/loja3\/#\/schema\/logo\/image\/"}}]}},"_links":{"self":[{"href":"https:\/\/ponteseditores.com.br\/loja3\/wp-json\/wp\/v2\/product\/7763","targetHints":{"allow":["GET"]}}],"collection":[{"href":"https:\/\/ponteseditores.com.br\/loja3\/wp-json\/wp\/v2\/product"}],"about":[{"href":"https:\/\/ponteseditores.com.br\/loja3\/wp-json\/wp\/v2\/types\/product"}],"replies":[{"embeddable":true,"href":"https:\/\/ponteseditores.com.br\/loja3\/wp-json\/wp\/v2\/comments?post=7763"}],"version-history":[{"count":0,"href":"https:\/\/ponteseditores.com.br\/loja3\/wp-json\/wp\/v2\/product\/7763\/revisions"}],"wp:featuredmedia":[{"embeddable":true,"href":"https:\/\/ponteseditores.com.br\/loja3\/wp-json\/wp\/v2\/media\/7762"}],"wp:attachment":[{"href":"https:\/\/ponteseditores.com.br\/loja3\/wp-json\/wp\/v2\/media?parent=7763"}],"wp:term":[{"taxonomy":"product_brand","embeddable":true,"href":"https:\/\/ponteseditores.com.br\/loja3\/wp-json\/wp\/v2\/product_brand?post=7763"},{"taxonomy":"product_cat","embeddable":true,"href":"https:\/\/ponteseditores.com.br\/loja3\/wp-json\/wp\/v2\/product_cat?post=7763"},{"taxonomy":"product_tag","embeddable":true,"href":"https:\/\/ponteseditores.com.br\/loja3\/wp-json\/wp\/v2\/product_tag?post=7763"}],"curies":[{"name":"wp","href":"https:\/\/api.w.org\/{rel}","templated":true}]}}