{"id":7759,"date":"2023-12-15T07:47:10","date_gmt":"2023-12-15T10:47:10","guid":{"rendered":"https:\/\/ponteseditores.com.br\/loja3\/pontes-editores-home-2__trashed\/sem%20categoria\/relatos-de-pesquisa-em-psicologia-da-educacao-volume-5\/"},"modified":"2024-01-10T12:04:35","modified_gmt":"2024-01-10T15:04:35","slug":"relatos-de-pesquisa-em-psicologia-da-educacao-volume-5","status":"publish","type":"product","link":"https:\/\/ponteseditores.com.br\/loja3\/pontes-editores-home-2__trashed\/ensino-e-aprendizagem\/relatos-de-pesquisa-em-psicologia-da-educacao-volume-5\/","title":{"rendered":"Relatos de Pesquisa em Psicologia da Educa\u00e7\u00e3o &#8211; Volume 5"},"content":{"rendered":"<p>Os textos que comp\u00f5em a presente colet\u00e2nea trazem um panorama das pesquisas produzidas pelas\/os professoras\/ es e alunas\/os do Programa de Estudos P\u00f3s-Graduados em Educa\u00e7\u00e3o: Psicologia da Educa\u00e7\u00e3o (PED), da PUC-SP, que apresentam contextos diversos de investiga\u00e7\u00e3o. Os trabalhos possibilitam o di\u00e1logo entre as \u00e1reas da psicologia e da educa\u00e7\u00e3o, abordando as pr\u00e1ticas docentes, rela\u00e7\u00e3o docentes-estudantes, experi\u00eancias de di\u00e1logo entre universidade e comunidade e a busca do compromisso social, sem perder de vista o cen\u00e1rio pol\u00edtico complexo que produz ainda mais desigualdade e assola nosso pa\u00eds em tempos de pandemia COVID-19.<\/p>\n","protected":false},"excerpt":{"rendered":"<p>Os textos que comp\u00f5em a presente colet\u00e2nea trazem um panorama das pesquisas produzidas pelas\/os professoras\/ es e alunas\/os do Programa de Estudos P\u00f3s-Graduados em Educa\u00e7\u00e3o: Psicologia da Educa\u00e7\u00e3o (PED), da PUC-SP, que apresentam contextos diversos de investiga\u00e7\u00e3o. Os trabalhos possibilitam o di\u00e1logo entre as \u00e1reas da psicologia e da educa\u00e7\u00e3o, abordando as pr\u00e1ticas docentes, rela\u00e7\u00e3o [&hellip;]<\/p>\n","protected":false},"featured_media":9548,"comment_status":"open","ping_status":"closed","template":"","meta":{"_joinchat":[]},"product_brand":[],"product_cat":[288],"product_tag":[],"class_list":{"0":"post-7759","1":"product","2":"type-product","3":"status-publish","4":"has-post-thumbnail","6":"product_cat-ensino-e-aprendizagem","7":"product_shipping_class-livro-pontes-editores-fisico","9":"first","10":"instock","11":"shipping-taxable","12":"purchasable","13":"product-type-simple"},"yoast_head":"<!-- This site is optimized with the Yoast SEO plugin v27.4 - https:\/\/yoast.com\/product\/yoast-seo-wordpress\/ -->\n<title>Relatos de Pesquisa em Psicologia da Educa\u00e7\u00e3o - Volume 5 - Pontes Editores<\/title>\n<meta name=\"robots\" content=\"index, follow, max-snippet:-1, max-image-preview:large, max-video-preview:-1\" \/>\n<link rel=\"canonical\" href=\"https:\/\/ponteseditores.com.br\/loja3\/pontes-editores-home-2__trashed\/ensino-e-aprendizagem\/relatos-de-pesquisa-em-psicologia-da-educacao-volume-5\/\" \/>\n<meta property=\"og:locale\" content=\"pt_BR\" \/>\n<meta property=\"og:type\" content=\"article\" \/>\n<meta property=\"og:title\" content=\"Relatos de Pesquisa em Psicologia da Educa\u00e7\u00e3o - Volume 5 - Pontes Editores\" \/>\n<meta property=\"og:description\" content=\"Os textos que comp\u00f5em a presente colet\u00e2nea trazem um panorama das pesquisas produzidas pelas\/os professoras\/ es e alunas\/os do Programa de Estudos P\u00f3s-Graduados em Educa\u00e7\u00e3o: Psicologia da Educa\u00e7\u00e3o (PED), da PUC-SP, que apresentam contextos diversos de investiga\u00e7\u00e3o. Os trabalhos possibilitam o di\u00e1logo entre as \u00e1reas da psicologia e da educa\u00e7\u00e3o, abordando as pr\u00e1ticas docentes, rela\u00e7\u00e3o [&hellip;]\" \/>\n<meta property=\"og:url\" content=\"https:\/\/ponteseditores.com.br\/loja3\/pontes-editores-home-2__trashed\/ensino-e-aprendizagem\/relatos-de-pesquisa-em-psicologia-da-educacao-volume-5\/\" \/>\n<meta property=\"og:site_name\" content=\"Pontes Editores\" \/>\n<meta property=\"article:modified_time\" content=\"2024-01-10T15:04:35+00:00\" \/>\n<meta property=\"og:image\" content=\"https:\/\/ponteseditores.com.br\/loja3\/wp-content\/uploads\/2023\/12\/relatos-de-pesquisa-em-psicologia-da-educacao-5-capa.jpg\" \/>\n\t<meta property=\"og:image:width\" content=\"1728\" \/>\n\t<meta property=\"og:image:height\" content=\"2443\" \/>\n\t<meta property=\"og:image:type\" content=\"image\/jpeg\" \/>\n<meta name=\"twitter:card\" content=\"summary_large_image\" \/>\n<meta name=\"twitter:label1\" content=\"Est. tempo de leitura\" \/>\n\t<meta name=\"twitter:data1\" content=\"1 minuto\" \/>\n<script type=\"application\/ld+json\" class=\"yoast-schema-graph\">{\"@context\":\"https:\\\/\\\/schema.org\",\"@graph\":[{\"@type\":\"WebPage\",\"@id\":\"https:\\\/\\\/ponteseditores.com.br\\\/loja3\\\/pontes-editores-home-2__trashed\\\/ensino-e-aprendizagem\\\/relatos-de-pesquisa-em-psicologia-da-educacao-volume-5\\\/\",\"url\":\"https:\\\/\\\/ponteseditores.com.br\\\/loja3\\\/pontes-editores-home-2__trashed\\\/ensino-e-aprendizagem\\\/relatos-de-pesquisa-em-psicologia-da-educacao-volume-5\\\/\",\"name\":\"Relatos de Pesquisa em Psicologia da Educa\u00e7\u00e3o - Volume 5 - Pontes Editores\",\"isPartOf\":{\"@id\":\"https:\\\/\\\/ponteseditores.com.br\\\/loja3\\\/#website\"},\"primaryImageOfPage\":{\"@id\":\"https:\\\/\\\/ponteseditores.com.br\\\/loja3\\\/pontes-editores-home-2__trashed\\\/ensino-e-aprendizagem\\\/relatos-de-pesquisa-em-psicologia-da-educacao-volume-5\\\/#primaryimage\"},\"image\":{\"@id\":\"https:\\\/\\\/ponteseditores.com.br\\\/loja3\\\/pontes-editores-home-2__trashed\\\/ensino-e-aprendizagem\\\/relatos-de-pesquisa-em-psicologia-da-educacao-volume-5\\\/#primaryimage\"},\"thumbnailUrl\":\"https:\\\/\\\/ponteseditores.com.br\\\/loja3\\\/wp-content\\\/uploads\\\/2023\\\/12\\\/relatos-de-pesquisa-em-psicologia-da-educacao-5-capa.jpg\",\"datePublished\":\"2023-12-15T10:47:10+00:00\",\"dateModified\":\"2024-01-10T15:04:35+00:00\",\"breadcrumb\":{\"@id\":\"https:\\\/\\\/ponteseditores.com.br\\\/loja3\\\/pontes-editores-home-2__trashed\\\/ensino-e-aprendizagem\\\/relatos-de-pesquisa-em-psicologia-da-educacao-volume-5\\\/#breadcrumb\"},\"inLanguage\":\"pt-BR\",\"potentialAction\":[{\"@type\":\"ReadAction\",\"target\":[\"https:\\\/\\\/ponteseditores.com.br\\\/loja3\\\/pontes-editores-home-2__trashed\\\/ensino-e-aprendizagem\\\/relatos-de-pesquisa-em-psicologia-da-educacao-volume-5\\\/\"]}]},{\"@type\":\"ImageObject\",\"inLanguage\":\"pt-BR\",\"@id\":\"https:\\\/\\\/ponteseditores.com.br\\\/loja3\\\/pontes-editores-home-2__trashed\\\/ensino-e-aprendizagem\\\/relatos-de-pesquisa-em-psicologia-da-educacao-volume-5\\\/#primaryimage\",\"url\":\"https:\\\/\\\/ponteseditores.com.br\\\/loja3\\\/wp-content\\\/uploads\\\/2023\\\/12\\\/relatos-de-pesquisa-em-psicologia-da-educacao-5-capa.jpg\",\"contentUrl\":\"https:\\\/\\\/ponteseditores.com.br\\\/loja3\\\/wp-content\\\/uploads\\\/2023\\\/12\\\/relatos-de-pesquisa-em-psicologia-da-educacao-5-capa.jpg\",\"width\":1728,\"height\":2443},{\"@type\":\"BreadcrumbList\",\"@id\":\"https:\\\/\\\/ponteseditores.com.br\\\/loja3\\\/pontes-editores-home-2__trashed\\\/ensino-e-aprendizagem\\\/relatos-de-pesquisa-em-psicologia-da-educacao-volume-5\\\/#breadcrumb\",\"itemListElement\":[{\"@type\":\"ListItem\",\"position\":1,\"name\":\"Home\",\"item\":\"https:\\\/\\\/ponteseditores.com.br\\\/loja3\\\/\"},{\"@type\":\"ListItem\",\"position\":2,\"name\":\"loja\",\"item\":\"https:\\\/\\\/ponteseditores.com.br\\\/loja3\\\/loja\\\/\"},{\"@type\":\"ListItem\",\"position\":3,\"name\":\"Relatos de Pesquisa em Psicologia da Educa\u00e7\u00e3o &#8211; Volume 5\"}]},{\"@type\":\"WebSite\",\"@id\":\"https:\\\/\\\/ponteseditores.com.br\\\/loja3\\\/#website\",\"url\":\"https:\\\/\\\/ponteseditores.com.br\\\/loja3\\\/\",\"name\":\"Pontes Editores\",\"description\":\"Pontes Editores\",\"publisher\":{\"@id\":\"https:\\\/\\\/ponteseditores.com.br\\\/loja3\\\/#organization\"},\"potentialAction\":[{\"@type\":\"SearchAction\",\"target\":{\"@type\":\"EntryPoint\",\"urlTemplate\":\"https:\\\/\\\/ponteseditores.com.br\\\/loja3\\\/?s={search_term_string}\"},\"query-input\":{\"@type\":\"PropertyValueSpecification\",\"valueRequired\":true,\"valueName\":\"search_term_string\"}}],\"inLanguage\":\"pt-BR\"},{\"@type\":\"Organization\",\"@id\":\"https:\\\/\\\/ponteseditores.com.br\\\/loja3\\\/#organization\",\"name\":\"Pontes Editores\",\"url\":\"https:\\\/\\\/ponteseditores.com.br\\\/loja3\\\/\",\"logo\":{\"@type\":\"ImageObject\",\"inLanguage\":\"pt-BR\",\"@id\":\"https:\\\/\\\/ponteseditores.com.br\\\/loja3\\\/#\\\/schema\\\/logo\\\/image\\\/\",\"url\":\"https:\\\/\\\/ponteseditores.com.br\\\/loja3\\\/wp-content\\\/uploads\\\/2023\\\/12\\\/logo-pontes-editores-v2.png\",\"contentUrl\":\"https:\\\/\\\/ponteseditores.com.br\\\/loja3\\\/wp-content\\\/uploads\\\/2023\\\/12\\\/logo-pontes-editores-v2.png\",\"width\":258,\"height\":100,\"caption\":\"Pontes Editores\"},\"image\":{\"@id\":\"https:\\\/\\\/ponteseditores.com.br\\\/loja3\\\/#\\\/schema\\\/logo\\\/image\\\/\"}}]}<\/script>\n<!-- \/ Yoast SEO plugin. -->","yoast_head_json":{"title":"Relatos de Pesquisa em Psicologia da Educa\u00e7\u00e3o - Volume 5 - Pontes Editores","robots":{"index":"index","follow":"follow","max-snippet":"max-snippet:-1","max-image-preview":"max-image-preview:large","max-video-preview":"max-video-preview:-1"},"canonical":"https:\/\/ponteseditores.com.br\/loja3\/pontes-editores-home-2__trashed\/ensino-e-aprendizagem\/relatos-de-pesquisa-em-psicologia-da-educacao-volume-5\/","og_locale":"pt_BR","og_type":"article","og_title":"Relatos de Pesquisa em Psicologia da Educa\u00e7\u00e3o - Volume 5 - Pontes Editores","og_description":"Os textos que comp\u00f5em a presente colet\u00e2nea trazem um panorama das pesquisas produzidas pelas\/os professoras\/ es e alunas\/os do Programa de Estudos P\u00f3s-Graduados em Educa\u00e7\u00e3o: Psicologia da Educa\u00e7\u00e3o (PED), da PUC-SP, que apresentam contextos diversos de investiga\u00e7\u00e3o. Os trabalhos possibilitam o di\u00e1logo entre as \u00e1reas da psicologia e da educa\u00e7\u00e3o, abordando as pr\u00e1ticas docentes, rela\u00e7\u00e3o [&hellip;]","og_url":"https:\/\/ponteseditores.com.br\/loja3\/pontes-editores-home-2__trashed\/ensino-e-aprendizagem\/relatos-de-pesquisa-em-psicologia-da-educacao-volume-5\/","og_site_name":"Pontes Editores","article_modified_time":"2024-01-10T15:04:35+00:00","og_image":[{"width":1728,"height":2443,"url":"https:\/\/ponteseditores.com.br\/loja3\/wp-content\/uploads\/2023\/12\/relatos-de-pesquisa-em-psicologia-da-educacao-5-capa.jpg","type":"image\/jpeg"}],"twitter_card":"summary_large_image","twitter_misc":{"Est. tempo de leitura":"1 minuto"},"schema":{"@context":"https:\/\/schema.org","@graph":[{"@type":"WebPage","@id":"https:\/\/ponteseditores.com.br\/loja3\/pontes-editores-home-2__trashed\/ensino-e-aprendizagem\/relatos-de-pesquisa-em-psicologia-da-educacao-volume-5\/","url":"https:\/\/ponteseditores.com.br\/loja3\/pontes-editores-home-2__trashed\/ensino-e-aprendizagem\/relatos-de-pesquisa-em-psicologia-da-educacao-volume-5\/","name":"Relatos de Pesquisa em Psicologia da Educa\u00e7\u00e3o - Volume 5 - Pontes Editores","isPartOf":{"@id":"https:\/\/ponteseditores.com.br\/loja3\/#website"},"primaryImageOfPage":{"@id":"https:\/\/ponteseditores.com.br\/loja3\/pontes-editores-home-2__trashed\/ensino-e-aprendizagem\/relatos-de-pesquisa-em-psicologia-da-educacao-volume-5\/#primaryimage"},"image":{"@id":"https:\/\/ponteseditores.com.br\/loja3\/pontes-editores-home-2__trashed\/ensino-e-aprendizagem\/relatos-de-pesquisa-em-psicologia-da-educacao-volume-5\/#primaryimage"},"thumbnailUrl":"https:\/\/ponteseditores.com.br\/loja3\/wp-content\/uploads\/2023\/12\/relatos-de-pesquisa-em-psicologia-da-educacao-5-capa.jpg","datePublished":"2023-12-15T10:47:10+00:00","dateModified":"2024-01-10T15:04:35+00:00","breadcrumb":{"@id":"https:\/\/ponteseditores.com.br\/loja3\/pontes-editores-home-2__trashed\/ensino-e-aprendizagem\/relatos-de-pesquisa-em-psicologia-da-educacao-volume-5\/#breadcrumb"},"inLanguage":"pt-BR","potentialAction":[{"@type":"ReadAction","target":["https:\/\/ponteseditores.com.br\/loja3\/pontes-editores-home-2__trashed\/ensino-e-aprendizagem\/relatos-de-pesquisa-em-psicologia-da-educacao-volume-5\/"]}]},{"@type":"ImageObject","inLanguage":"pt-BR","@id":"https:\/\/ponteseditores.com.br\/loja3\/pontes-editores-home-2__trashed\/ensino-e-aprendizagem\/relatos-de-pesquisa-em-psicologia-da-educacao-volume-5\/#primaryimage","url":"https:\/\/ponteseditores.com.br\/loja3\/wp-content\/uploads\/2023\/12\/relatos-de-pesquisa-em-psicologia-da-educacao-5-capa.jpg","contentUrl":"https:\/\/ponteseditores.com.br\/loja3\/wp-content\/uploads\/2023\/12\/relatos-de-pesquisa-em-psicologia-da-educacao-5-capa.jpg","width":1728,"height":2443},{"@type":"BreadcrumbList","@id":"https:\/\/ponteseditores.com.br\/loja3\/pontes-editores-home-2__trashed\/ensino-e-aprendizagem\/relatos-de-pesquisa-em-psicologia-da-educacao-volume-5\/#breadcrumb","itemListElement":[{"@type":"ListItem","position":1,"name":"Home","item":"https:\/\/ponteseditores.com.br\/loja3\/"},{"@type":"ListItem","position":2,"name":"loja","item":"https:\/\/ponteseditores.com.br\/loja3\/loja\/"},{"@type":"ListItem","position":3,"name":"Relatos de Pesquisa em Psicologia da Educa\u00e7\u00e3o &#8211; Volume 5"}]},{"@type":"WebSite","@id":"https:\/\/ponteseditores.com.br\/loja3\/#website","url":"https:\/\/ponteseditores.com.br\/loja3\/","name":"Pontes Editores","description":"Pontes Editores","publisher":{"@id":"https:\/\/ponteseditores.com.br\/loja3\/#organization"},"potentialAction":[{"@type":"SearchAction","target":{"@type":"EntryPoint","urlTemplate":"https:\/\/ponteseditores.com.br\/loja3\/?s={search_term_string}"},"query-input":{"@type":"PropertyValueSpecification","valueRequired":true,"valueName":"search_term_string"}}],"inLanguage":"pt-BR"},{"@type":"Organization","@id":"https:\/\/ponteseditores.com.br\/loja3\/#organization","name":"Pontes Editores","url":"https:\/\/ponteseditores.com.br\/loja3\/","logo":{"@type":"ImageObject","inLanguage":"pt-BR","@id":"https:\/\/ponteseditores.com.br\/loja3\/#\/schema\/logo\/image\/","url":"https:\/\/ponteseditores.com.br\/loja3\/wp-content\/uploads\/2023\/12\/logo-pontes-editores-v2.png","contentUrl":"https:\/\/ponteseditores.com.br\/loja3\/wp-content\/uploads\/2023\/12\/logo-pontes-editores-v2.png","width":258,"height":100,"caption":"Pontes Editores"},"image":{"@id":"https:\/\/ponteseditores.com.br\/loja3\/#\/schema\/logo\/image\/"}}]}},"_links":{"self":[{"href":"https:\/\/ponteseditores.com.br\/loja3\/wp-json\/wp\/v2\/product\/7759","targetHints":{"allow":["GET"]}}],"collection":[{"href":"https:\/\/ponteseditores.com.br\/loja3\/wp-json\/wp\/v2\/product"}],"about":[{"href":"https:\/\/ponteseditores.com.br\/loja3\/wp-json\/wp\/v2\/types\/product"}],"replies":[{"embeddable":true,"href":"https:\/\/ponteseditores.com.br\/loja3\/wp-json\/wp\/v2\/comments?post=7759"}],"version-history":[{"count":0,"href":"https:\/\/ponteseditores.com.br\/loja3\/wp-json\/wp\/v2\/product\/7759\/revisions"}],"wp:featuredmedia":[{"embeddable":true,"href":"https:\/\/ponteseditores.com.br\/loja3\/wp-json\/wp\/v2\/media\/9548"}],"wp:attachment":[{"href":"https:\/\/ponteseditores.com.br\/loja3\/wp-json\/wp\/v2\/media?parent=7759"}],"wp:term":[{"taxonomy":"product_brand","embeddable":true,"href":"https:\/\/ponteseditores.com.br\/loja3\/wp-json\/wp\/v2\/product_brand?post=7759"},{"taxonomy":"product_cat","embeddable":true,"href":"https:\/\/ponteseditores.com.br\/loja3\/wp-json\/wp\/v2\/product_cat?post=7759"},{"taxonomy":"product_tag","embeddable":true,"href":"https:\/\/ponteseditores.com.br\/loja3\/wp-json\/wp\/v2\/product_tag?post=7759"}],"curies":[{"name":"wp","href":"https:\/\/api.w.org\/{rel}","templated":true}]}}