{"id":7751,"date":"2023-12-15T07:44:54","date_gmt":"2023-12-15T10:44:54","guid":{"rendered":"https:\/\/ponteseditores.com.br\/loja3\/pontes-editores-home-2__trashed\/sem%20categoria\/a-greve-da-policia-militar-da-bahia-no-campo-do-discurso-disputas-pelo-sentido\/"},"modified":"2024-03-20T16:27:04","modified_gmt":"2024-03-20T19:27:04","slug":"a-greve-da-policia-militar-da-bahia-no-campo-do-discurso-disputas-pelo-sentido","status":"publish","type":"product","link":"https:\/\/ponteseditores.com.br\/loja3\/pontes-editores-home-2__trashed\/analise-de-discurso\/a-greve-da-policia-militar-da-bahia-no-campo-do-discurso-disputas-pelo-sentido\/","title":{"rendered":"A greve da pol\u00edcia militar da Bahia no campo do discurso: disputas pelo sentido"},"content":{"rendered":"<p>Considerados o grande n\u00famero de greves no servi\u00e7o p\u00fablico e as recorrentes dissen\u00e7\u00f5es pol\u00edticas sobre os seus procedimentos e a sua legitimidade, o grau de tensionamento social e pol\u00edtico se amplia bastante quando a categoria em lit\u00edgio \u00e9 formada por policiais. Afinal, a Pol\u00edcia Militar pode ou n\u00e3o pode fazer greve? Suas greves s\u00e3o leg\u00edtimas ou n\u00e3o? Neste livro, analiso alguns funcionamentos discursivos em torno dos dizeres que circularam na sociedade em raz\u00e3o de movimentos grevistas de servidores da Pol\u00edcia Militar da Bahia. A An\u00e1lise do Discurso pecheuxtiana, enquanto pr\u00e1tica de compreens\u00e3o hist\u00f3rica dos processos sem\u00e2nticos, nos permite compreender como as tens\u00f5es sociais se processam no campo da linguagem. A hegemonia das forma\u00e7\u00f5es sociais capitalistas, sempre posta \u00e0 prova nos confrontos entre capital e trabalho, configura os delineamentos mais gerais do embate ideol\u00f3gico da ideologia dominante versus ideologias dominadas. Nos embates ideol\u00f3gicos das lutas de classes, o funcionamento da l\u00edngua evidencia que os sentidos produzidos em torno de uma express\u00e3o, de uma palavra, de um gesto, de um pronunciamento em p\u00fablico, de uma a\u00e7\u00e3o etc., sofrem modifica\u00e7\u00f5es a depender das posi\u00e7\u00f5es sustentadas e implicadas em uma determinada conjuntura s\u00f3cio-hist\u00f3rica. Por conseguinte, o corpus analisado fora selecionado com base na busca por pistas que ajudassem a compreender como e atrav\u00e9s de que elementos textuais e discursivos afloram tens\u00f5es entre os servidores p\u00fablicos da \u00e1rea de seguran\u00e7a e o empregador, gestor estatal situado \u00e0 esquerda do espectro pol\u00edtico. Na busca tamb\u00e9m em compreender o porqu\u00ea, como e sob quais condi\u00e7\u00f5es os discursos em torno dos sentidos de greve s\u00e3o constru\u00eddos a partir de ideologias que diferem quanto \u00e0 possibilidade de os militares participarem da polis, do exerc\u00edcio pol\u00edtico. Dentre os resultados, destacamos que os dizeres veiculados, em conjuntura antidemocr\u00e1tica, &#8220;n\u00e3o se pode fazer greve&#8221; e os dizeres veiculados, em conjunturas democratizadas, &#8220;a greve \u00e9 ilegal&#8221;, equivalem-se semanticamente e independem de o partido em situa\u00e7\u00e3o ser de esquerda ou de direita; al\u00e9m de que a a\u00e7\u00e3o de militares-grevistas, na voz do governador da Bahia em 2012, equivaleu semanticamente a uma aventura contra a democracia sem car\u00e1ter reivindicat\u00f3rio.<\/p>\n","protected":false},"excerpt":{"rendered":"<p>Considerados o grande n\u00famero de greves no servi\u00e7o p\u00fablico e as recorrentes dissen\u00e7\u00f5es pol\u00edticas sobre os seus procedimentos e a sua legitimidade, o grau de tensionamento social e pol\u00edtico se amplia bastante quando a categoria em lit\u00edgio \u00e9 formada por policiais. Afinal, a Pol\u00edcia Militar pode ou n\u00e3o pode fazer greve? Suas greves s\u00e3o leg\u00edtimas [&hellip;]<\/p>\n","protected":false},"featured_media":7750,"comment_status":"open","ping_status":"closed","template":"","meta":{"_joinchat":[]},"product_brand":[],"product_cat":[301],"product_tag":[],"class_list":{"0":"post-7751","1":"product","2":"type-product","3":"status-publish","4":"has-post-thumbnail","6":"product_cat-analise-de-discurso","7":"product_shipping_class-livro-pontes-editores-fisico","9":"first","10":"outofstock","11":"shipping-taxable","12":"purchasable","13":"product-type-simple"},"yoast_head":"<!-- This site is optimized with the Yoast SEO plugin v27.4 - https:\/\/yoast.com\/product\/yoast-seo-wordpress\/ -->\n<title>A greve da pol\u00edcia militar da Bahia no campo do discurso: disputas pelo sentido - Pontes Editores<\/title>\n<meta name=\"robots\" content=\"index, follow, max-snippet:-1, max-image-preview:large, max-video-preview:-1\" \/>\n<link rel=\"canonical\" href=\"https:\/\/ponteseditores.com.br\/loja3\/pontes-editores-home-2__trashed\/analise-de-discurso\/a-greve-da-policia-militar-da-bahia-no-campo-do-discurso-disputas-pelo-sentido\/\" \/>\n<meta property=\"og:locale\" content=\"pt_BR\" \/>\n<meta property=\"og:type\" content=\"article\" \/>\n<meta property=\"og:title\" content=\"A greve da pol\u00edcia militar da Bahia no campo do discurso: disputas pelo sentido - Pontes Editores\" \/>\n<meta property=\"og:description\" content=\"Considerados o grande n\u00famero de greves no servi\u00e7o p\u00fablico e as recorrentes dissen\u00e7\u00f5es pol\u00edticas sobre os seus procedimentos e a sua legitimidade, o grau de tensionamento social e pol\u00edtico se amplia bastante quando a categoria em lit\u00edgio \u00e9 formada por policiais. Afinal, a Pol\u00edcia Militar pode ou n\u00e3o pode fazer greve? Suas greves s\u00e3o leg\u00edtimas [&hellip;]\" \/>\n<meta property=\"og:url\" content=\"https:\/\/ponteseditores.com.br\/loja3\/pontes-editores-home-2__trashed\/analise-de-discurso\/a-greve-da-policia-militar-da-bahia-no-campo-do-discurso-disputas-pelo-sentido\/\" \/>\n<meta property=\"og:site_name\" content=\"Pontes Editores\" \/>\n<meta property=\"article:modified_time\" content=\"2024-03-20T19:27:04+00:00\" \/>\n<meta property=\"og:image\" content=\"https:\/\/ponteseditores.com.br\/loja3\/wp-content\/uploads\/2023\/12\/Capa_Greve-3.jpg\" \/>\n\t<meta property=\"og:image:width\" content=\"1728\" \/>\n\t<meta property=\"og:image:height\" content=\"2443\" \/>\n\t<meta property=\"og:image:type\" content=\"image\/jpeg\" \/>\n<meta name=\"twitter:card\" content=\"summary_large_image\" \/>\n<meta name=\"twitter:label1\" content=\"Est. tempo de leitura\" \/>\n\t<meta name=\"twitter:data1\" content=\"3 minutos\" \/>\n<script type=\"application\/ld+json\" class=\"yoast-schema-graph\">{\"@context\":\"https:\\\/\\\/schema.org\",\"@graph\":[{\"@type\":\"WebPage\",\"@id\":\"https:\\\/\\\/ponteseditores.com.br\\\/loja3\\\/pontes-editores-home-2__trashed\\\/analise-de-discurso\\\/a-greve-da-policia-militar-da-bahia-no-campo-do-discurso-disputas-pelo-sentido\\\/\",\"url\":\"https:\\\/\\\/ponteseditores.com.br\\\/loja3\\\/pontes-editores-home-2__trashed\\\/analise-de-discurso\\\/a-greve-da-policia-militar-da-bahia-no-campo-do-discurso-disputas-pelo-sentido\\\/\",\"name\":\"A greve da pol\u00edcia militar da Bahia no campo do discurso: disputas pelo sentido - Pontes Editores\",\"isPartOf\":{\"@id\":\"https:\\\/\\\/ponteseditores.com.br\\\/loja3\\\/#website\"},\"primaryImageOfPage\":{\"@id\":\"https:\\\/\\\/ponteseditores.com.br\\\/loja3\\\/pontes-editores-home-2__trashed\\\/analise-de-discurso\\\/a-greve-da-policia-militar-da-bahia-no-campo-do-discurso-disputas-pelo-sentido\\\/#primaryimage\"},\"image\":{\"@id\":\"https:\\\/\\\/ponteseditores.com.br\\\/loja3\\\/pontes-editores-home-2__trashed\\\/analise-de-discurso\\\/a-greve-da-policia-militar-da-bahia-no-campo-do-discurso-disputas-pelo-sentido\\\/#primaryimage\"},\"thumbnailUrl\":\"https:\\\/\\\/ponteseditores.com.br\\\/loja3\\\/wp-content\\\/uploads\\\/2023\\\/12\\\/Capa_Greve-3.jpg\",\"datePublished\":\"2023-12-15T10:44:54+00:00\",\"dateModified\":\"2024-03-20T19:27:04+00:00\",\"breadcrumb\":{\"@id\":\"https:\\\/\\\/ponteseditores.com.br\\\/loja3\\\/pontes-editores-home-2__trashed\\\/analise-de-discurso\\\/a-greve-da-policia-militar-da-bahia-no-campo-do-discurso-disputas-pelo-sentido\\\/#breadcrumb\"},\"inLanguage\":\"pt-BR\",\"potentialAction\":[{\"@type\":\"ReadAction\",\"target\":[\"https:\\\/\\\/ponteseditores.com.br\\\/loja3\\\/pontes-editores-home-2__trashed\\\/analise-de-discurso\\\/a-greve-da-policia-militar-da-bahia-no-campo-do-discurso-disputas-pelo-sentido\\\/\"]}]},{\"@type\":\"ImageObject\",\"inLanguage\":\"pt-BR\",\"@id\":\"https:\\\/\\\/ponteseditores.com.br\\\/loja3\\\/pontes-editores-home-2__trashed\\\/analise-de-discurso\\\/a-greve-da-policia-militar-da-bahia-no-campo-do-discurso-disputas-pelo-sentido\\\/#primaryimage\",\"url\":\"https:\\\/\\\/ponteseditores.com.br\\\/loja3\\\/wp-content\\\/uploads\\\/2023\\\/12\\\/Capa_Greve-3.jpg\",\"contentUrl\":\"https:\\\/\\\/ponteseditores.com.br\\\/loja3\\\/wp-content\\\/uploads\\\/2023\\\/12\\\/Capa_Greve-3.jpg\",\"width\":1728,\"height\":2443},{\"@type\":\"BreadcrumbList\",\"@id\":\"https:\\\/\\\/ponteseditores.com.br\\\/loja3\\\/pontes-editores-home-2__trashed\\\/analise-de-discurso\\\/a-greve-da-policia-militar-da-bahia-no-campo-do-discurso-disputas-pelo-sentido\\\/#breadcrumb\",\"itemListElement\":[{\"@type\":\"ListItem\",\"position\":1,\"name\":\"Home\",\"item\":\"https:\\\/\\\/ponteseditores.com.br\\\/loja3\\\/\"},{\"@type\":\"ListItem\",\"position\":2,\"name\":\"loja\",\"item\":\"https:\\\/\\\/ponteseditores.com.br\\\/loja3\\\/loja\\\/\"},{\"@type\":\"ListItem\",\"position\":3,\"name\":\"A greve da pol\u00edcia militar da Bahia no campo do discurso: disputas pelo sentido\"}]},{\"@type\":\"WebSite\",\"@id\":\"https:\\\/\\\/ponteseditores.com.br\\\/loja3\\\/#website\",\"url\":\"https:\\\/\\\/ponteseditores.com.br\\\/loja3\\\/\",\"name\":\"Pontes Editores\",\"description\":\"Pontes Editores\",\"publisher\":{\"@id\":\"https:\\\/\\\/ponteseditores.com.br\\\/loja3\\\/#organization\"},\"potentialAction\":[{\"@type\":\"SearchAction\",\"target\":{\"@type\":\"EntryPoint\",\"urlTemplate\":\"https:\\\/\\\/ponteseditores.com.br\\\/loja3\\\/?s={search_term_string}\"},\"query-input\":{\"@type\":\"PropertyValueSpecification\",\"valueRequired\":true,\"valueName\":\"search_term_string\"}}],\"inLanguage\":\"pt-BR\"},{\"@type\":\"Organization\",\"@id\":\"https:\\\/\\\/ponteseditores.com.br\\\/loja3\\\/#organization\",\"name\":\"Pontes Editores\",\"url\":\"https:\\\/\\\/ponteseditores.com.br\\\/loja3\\\/\",\"logo\":{\"@type\":\"ImageObject\",\"inLanguage\":\"pt-BR\",\"@id\":\"https:\\\/\\\/ponteseditores.com.br\\\/loja3\\\/#\\\/schema\\\/logo\\\/image\\\/\",\"url\":\"https:\\\/\\\/ponteseditores.com.br\\\/loja3\\\/wp-content\\\/uploads\\\/2023\\\/12\\\/logo-pontes-editores-v2.png\",\"contentUrl\":\"https:\\\/\\\/ponteseditores.com.br\\\/loja3\\\/wp-content\\\/uploads\\\/2023\\\/12\\\/logo-pontes-editores-v2.png\",\"width\":258,\"height\":100,\"caption\":\"Pontes Editores\"},\"image\":{\"@id\":\"https:\\\/\\\/ponteseditores.com.br\\\/loja3\\\/#\\\/schema\\\/logo\\\/image\\\/\"}}]}<\/script>\n<!-- \/ Yoast SEO plugin. -->","yoast_head_json":{"title":"A greve da pol\u00edcia militar da Bahia no campo do discurso: disputas pelo sentido - Pontes Editores","robots":{"index":"index","follow":"follow","max-snippet":"max-snippet:-1","max-image-preview":"max-image-preview:large","max-video-preview":"max-video-preview:-1"},"canonical":"https:\/\/ponteseditores.com.br\/loja3\/pontes-editores-home-2__trashed\/analise-de-discurso\/a-greve-da-policia-militar-da-bahia-no-campo-do-discurso-disputas-pelo-sentido\/","og_locale":"pt_BR","og_type":"article","og_title":"A greve da pol\u00edcia militar da Bahia no campo do discurso: disputas pelo sentido - Pontes Editores","og_description":"Considerados o grande n\u00famero de greves no servi\u00e7o p\u00fablico e as recorrentes dissen\u00e7\u00f5es pol\u00edticas sobre os seus procedimentos e a sua legitimidade, o grau de tensionamento social e pol\u00edtico se amplia bastante quando a categoria em lit\u00edgio \u00e9 formada por policiais. Afinal, a Pol\u00edcia Militar pode ou n\u00e3o pode fazer greve? Suas greves s\u00e3o leg\u00edtimas [&hellip;]","og_url":"https:\/\/ponteseditores.com.br\/loja3\/pontes-editores-home-2__trashed\/analise-de-discurso\/a-greve-da-policia-militar-da-bahia-no-campo-do-discurso-disputas-pelo-sentido\/","og_site_name":"Pontes Editores","article_modified_time":"2024-03-20T19:27:04+00:00","og_image":[{"width":1728,"height":2443,"url":"https:\/\/ponteseditores.com.br\/loja3\/wp-content\/uploads\/2023\/12\/Capa_Greve-3.jpg","type":"image\/jpeg"}],"twitter_card":"summary_large_image","twitter_misc":{"Est. tempo de leitura":"3 minutos"},"schema":{"@context":"https:\/\/schema.org","@graph":[{"@type":"WebPage","@id":"https:\/\/ponteseditores.com.br\/loja3\/pontes-editores-home-2__trashed\/analise-de-discurso\/a-greve-da-policia-militar-da-bahia-no-campo-do-discurso-disputas-pelo-sentido\/","url":"https:\/\/ponteseditores.com.br\/loja3\/pontes-editores-home-2__trashed\/analise-de-discurso\/a-greve-da-policia-militar-da-bahia-no-campo-do-discurso-disputas-pelo-sentido\/","name":"A greve da pol\u00edcia militar da Bahia no campo do discurso: disputas pelo sentido - Pontes Editores","isPartOf":{"@id":"https:\/\/ponteseditores.com.br\/loja3\/#website"},"primaryImageOfPage":{"@id":"https:\/\/ponteseditores.com.br\/loja3\/pontes-editores-home-2__trashed\/analise-de-discurso\/a-greve-da-policia-militar-da-bahia-no-campo-do-discurso-disputas-pelo-sentido\/#primaryimage"},"image":{"@id":"https:\/\/ponteseditores.com.br\/loja3\/pontes-editores-home-2__trashed\/analise-de-discurso\/a-greve-da-policia-militar-da-bahia-no-campo-do-discurso-disputas-pelo-sentido\/#primaryimage"},"thumbnailUrl":"https:\/\/ponteseditores.com.br\/loja3\/wp-content\/uploads\/2023\/12\/Capa_Greve-3.jpg","datePublished":"2023-12-15T10:44:54+00:00","dateModified":"2024-03-20T19:27:04+00:00","breadcrumb":{"@id":"https:\/\/ponteseditores.com.br\/loja3\/pontes-editores-home-2__trashed\/analise-de-discurso\/a-greve-da-policia-militar-da-bahia-no-campo-do-discurso-disputas-pelo-sentido\/#breadcrumb"},"inLanguage":"pt-BR","potentialAction":[{"@type":"ReadAction","target":["https:\/\/ponteseditores.com.br\/loja3\/pontes-editores-home-2__trashed\/analise-de-discurso\/a-greve-da-policia-militar-da-bahia-no-campo-do-discurso-disputas-pelo-sentido\/"]}]},{"@type":"ImageObject","inLanguage":"pt-BR","@id":"https:\/\/ponteseditores.com.br\/loja3\/pontes-editores-home-2__trashed\/analise-de-discurso\/a-greve-da-policia-militar-da-bahia-no-campo-do-discurso-disputas-pelo-sentido\/#primaryimage","url":"https:\/\/ponteseditores.com.br\/loja3\/wp-content\/uploads\/2023\/12\/Capa_Greve-3.jpg","contentUrl":"https:\/\/ponteseditores.com.br\/loja3\/wp-content\/uploads\/2023\/12\/Capa_Greve-3.jpg","width":1728,"height":2443},{"@type":"BreadcrumbList","@id":"https:\/\/ponteseditores.com.br\/loja3\/pontes-editores-home-2__trashed\/analise-de-discurso\/a-greve-da-policia-militar-da-bahia-no-campo-do-discurso-disputas-pelo-sentido\/#breadcrumb","itemListElement":[{"@type":"ListItem","position":1,"name":"Home","item":"https:\/\/ponteseditores.com.br\/loja3\/"},{"@type":"ListItem","position":2,"name":"loja","item":"https:\/\/ponteseditores.com.br\/loja3\/loja\/"},{"@type":"ListItem","position":3,"name":"A greve da pol\u00edcia militar da Bahia no campo do discurso: disputas pelo sentido"}]},{"@type":"WebSite","@id":"https:\/\/ponteseditores.com.br\/loja3\/#website","url":"https:\/\/ponteseditores.com.br\/loja3\/","name":"Pontes Editores","description":"Pontes Editores","publisher":{"@id":"https:\/\/ponteseditores.com.br\/loja3\/#organization"},"potentialAction":[{"@type":"SearchAction","target":{"@type":"EntryPoint","urlTemplate":"https:\/\/ponteseditores.com.br\/loja3\/?s={search_term_string}"},"query-input":{"@type":"PropertyValueSpecification","valueRequired":true,"valueName":"search_term_string"}}],"inLanguage":"pt-BR"},{"@type":"Organization","@id":"https:\/\/ponteseditores.com.br\/loja3\/#organization","name":"Pontes Editores","url":"https:\/\/ponteseditores.com.br\/loja3\/","logo":{"@type":"ImageObject","inLanguage":"pt-BR","@id":"https:\/\/ponteseditores.com.br\/loja3\/#\/schema\/logo\/image\/","url":"https:\/\/ponteseditores.com.br\/loja3\/wp-content\/uploads\/2023\/12\/logo-pontes-editores-v2.png","contentUrl":"https:\/\/ponteseditores.com.br\/loja3\/wp-content\/uploads\/2023\/12\/logo-pontes-editores-v2.png","width":258,"height":100,"caption":"Pontes Editores"},"image":{"@id":"https:\/\/ponteseditores.com.br\/loja3\/#\/schema\/logo\/image\/"}}]}},"_links":{"self":[{"href":"https:\/\/ponteseditores.com.br\/loja3\/wp-json\/wp\/v2\/product\/7751","targetHints":{"allow":["GET"]}}],"collection":[{"href":"https:\/\/ponteseditores.com.br\/loja3\/wp-json\/wp\/v2\/product"}],"about":[{"href":"https:\/\/ponteseditores.com.br\/loja3\/wp-json\/wp\/v2\/types\/product"}],"replies":[{"embeddable":true,"href":"https:\/\/ponteseditores.com.br\/loja3\/wp-json\/wp\/v2\/comments?post=7751"}],"version-history":[{"count":0,"href":"https:\/\/ponteseditores.com.br\/loja3\/wp-json\/wp\/v2\/product\/7751\/revisions"}],"wp:featuredmedia":[{"embeddable":true,"href":"https:\/\/ponteseditores.com.br\/loja3\/wp-json\/wp\/v2\/media\/7750"}],"wp:attachment":[{"href":"https:\/\/ponteseditores.com.br\/loja3\/wp-json\/wp\/v2\/media?parent=7751"}],"wp:term":[{"taxonomy":"product_brand","embeddable":true,"href":"https:\/\/ponteseditores.com.br\/loja3\/wp-json\/wp\/v2\/product_brand?post=7751"},{"taxonomy":"product_cat","embeddable":true,"href":"https:\/\/ponteseditores.com.br\/loja3\/wp-json\/wp\/v2\/product_cat?post=7751"},{"taxonomy":"product_tag","embeddable":true,"href":"https:\/\/ponteseditores.com.br\/loja3\/wp-json\/wp\/v2\/product_tag?post=7751"}],"curies":[{"name":"wp","href":"https:\/\/api.w.org\/{rel}","templated":true}]}}