{"id":7729,"date":"2023-12-15T07:41:52","date_gmt":"2023-12-15T10:41:52","guid":{"rendered":"https:\/\/ponteseditores.com.br\/loja3\/pontes-editores-home-2__trashed\/sem%20categoria\/quando-gira-a-roda-da-historia-o-programa-bolsa-familia-e-seus-beneficiados-e-book-para-receber-o-arquivo-digital-entre-contato-ponteseditoresponteseditores-com-br\/"},"modified":"2024-01-12T15:54:02","modified_gmt":"2024-01-12T18:54:02","slug":"quando-gira-a-roda-da-historia-o-programa-bolsa-familia-e-seus-beneficiados-e-book-para-receber-o-arquivo-digital-entre-contato-ponteseditoresponteseditores-com-br","status":"publish","type":"product","link":"https:\/\/ponteseditores.com.br\/loja3\/pontes-editores-home-2__trashed\/politica\/quando-gira-a-roda-da-historia-o-programa-bolsa-familia-e-seus-beneficiados-e-book-para-receber-o-arquivo-digital-entre-contato-ponteseditoresponteseditores-com-br\/","title":{"rendered":"QUANDO GIRA A RODA DA HIST\u00d3RIA O programa Bolsa Fam\u00edlia e seus beneficiados &#8211; e-book (Para receber o arquivo digital entre contato) ponteseditores@ponteseditores.com.br"},"content":{"rendered":"<p>O presente livro \u00e9 fruto da 2\u00aa edi\u00e7\u00e3o da \u201cIniciativa Educa\u00e7\u00e3o, Pobreza e Desigualdade\u201d do Minist\u00e9rio da Educa\u00e7\u00e3o com diversas universidades p\u00fablicas brasileiras. Tal iniciativa tem 3 eixos de atua\u00e7\u00e3o, sendo elas forma\u00e7\u00e3o, pesquisa e divulga\u00e7\u00e3o do conhecimento e tem como finalidade provocar o debate e a reflex\u00e3o, sobretudo, no que se refere aos processos de educa\u00e7\u00e3o envolvendo sujeitos que vivenciam a pobreza ou a pobreza extrema, debate extremamente necess\u00e1rio em um pa\u00eds onde a pobreza assola uma parcela significativa da popula\u00e7\u00e3o. De acordo com dados da PNAD, o \u00edndice de pobreza no Brasil aumentou em 11.2% de 2016 para 2017. Um aumento de 1,49 milh\u00f5es de pessoas que passaram a conviver com at\u00e9 R$136,00 mensais. Uma iniciativa que coloca no centro do debate conceitos relevantes para pensar a democratiza\u00e7\u00e3o educacional, refor\u00e7ando a necessidade de um olhar mais amplo para os processos educacionais partindo da an\u00e1lise da a\u00e7\u00e3o estatal frente ao fen\u00f4meno da pobreza, entendido como multidimensional e hist\u00f3rico. Essa iniciativa, atrav\u00e9s do eixo de forma\u00e7\u00e3o, ofereceu curso de aperfei\u00e7oamento a diversos professores na tem\u00e1tica da Educa\u00e7\u00e3o, Pobreza e Desigualdade Social, e, que por meio da pesquisa, permitiu a realiza\u00e7\u00e3o de um trabalho conjunto entre a Universidade Federal do Paran\u00e1 e da Universidade Federal do Cear\u00e1. Penso que esse livro, congrega os 3 eixos do programa, ao passo que divulga conhecimento que \u00e9 resultado do processo formativo feito no \u00e2mbito do curso de aperfei\u00e7oamento, mas, tamb\u00e9m de algumas reflex\u00f5es da pesquisa que vem sendo desenvolvida. Os textos aqui apresentados de estudantes, tutores, professores e pesquisadores falam da realidade de vida dos sujeitos, das dificuldades, da import\u00e2ncia da educa\u00e7\u00e3o e da a\u00e7\u00e3o do Estado para a garantia de condi\u00e7\u00f5es mais dignas de vida e do papel central do Programa Bolsa Fam\u00edlia, como pol\u00edtica intersetorial que tem impacto na renda, mas tamb\u00e9m no acesso \u00e0 educa\u00e7\u00e3o de crian\u00e7as e adolescentes vinculados ao programa. Os textos aqui apresentados v\u00e3o buscar lan\u00e7ar luz sobre esses problemas, sobre a import\u00e2ncia da a\u00e7\u00e3o do Estado, sobre a necessidade de desvelar a realidade, os sujeitos, as dificuldades, as lutas, v\u00e3o falar sobre as fam\u00edlias benefici\u00e1rias, suas vidas, sua luta pela sobreviv\u00eancia, o lugar da escola nesse contexto t\u00e3o desafiador, vista, por muitas fam\u00edlias como um mecanismo para melhorar a sua condi\u00e7\u00e3o de vida.<\/p>\n<p>Gabriela Schneider<\/p>\n","protected":false},"excerpt":{"rendered":"<p>O presente livro \u00e9 fruto da 2\u00aa edi\u00e7\u00e3o da \u201cIniciativa Educa\u00e7\u00e3o, Pobreza e Desigualdade\u201d do Minist\u00e9rio da Educa\u00e7\u00e3o com diversas universidades p\u00fablicas brasileiras. Tal iniciativa tem 3 eixos de atua\u00e7\u00e3o, sendo elas forma\u00e7\u00e3o, pesquisa e divulga\u00e7\u00e3o do conhecimento e tem como finalidade provocar o debate e a reflex\u00e3o, sobretudo, no que se refere aos processos [&hellip;]<\/p>\n","protected":false},"featured_media":7728,"comment_status":"open","ping_status":"closed","template":"","meta":{"_joinchat":[]},"product_brand":[],"product_cat":[276],"product_tag":[],"class_list":{"0":"post-7729","1":"product","2":"type-product","3":"status-publish","4":"has-post-thumbnail","6":"product_cat-politica","7":"product_shipping_class-livro-pontes-editores-fisico","9":"first","10":"instock","11":"shipping-taxable","12":"purchasable","13":"product-type-simple"},"yoast_head":"<!-- This site is optimized with the Yoast SEO plugin v27.4 - https:\/\/yoast.com\/product\/yoast-seo-wordpress\/ -->\n<title>QUANDO GIRA A RODA DA HIST\u00d3RIA O programa Bolsa Fam\u00edlia e seus beneficiados - e-book (Para receber o arquivo digital entre contato) ponteseditores@ponteseditores.com.br - Pontes Editores<\/title>\n<meta name=\"robots\" content=\"index, follow, max-snippet:-1, max-image-preview:large, max-video-preview:-1\" \/>\n<link rel=\"canonical\" href=\"https:\/\/ponteseditores.com.br\/loja3\/pontes-editores-home-2__trashed\/politica\/quando-gira-a-roda-da-historia-o-programa-bolsa-familia-e-seus-beneficiados-e-book-para-receber-o-arquivo-digital-entre-contato-ponteseditoresponteseditores-com-br\/\" \/>\n<meta property=\"og:locale\" content=\"pt_BR\" \/>\n<meta property=\"og:type\" content=\"article\" \/>\n<meta property=\"og:title\" content=\"QUANDO GIRA A RODA DA HIST\u00d3RIA O programa Bolsa Fam\u00edlia e seus beneficiados - e-book (Para receber o arquivo digital entre contato) ponteseditores@ponteseditores.com.br - Pontes Editores\" \/>\n<meta property=\"og:description\" content=\"O presente livro \u00e9 fruto da 2\u00aa edi\u00e7\u00e3o da \u201cIniciativa Educa\u00e7\u00e3o, Pobreza e Desigualdade\u201d do Minist\u00e9rio da Educa\u00e7\u00e3o com diversas universidades p\u00fablicas brasileiras. Tal iniciativa tem 3 eixos de atua\u00e7\u00e3o, sendo elas forma\u00e7\u00e3o, pesquisa e divulga\u00e7\u00e3o do conhecimento e tem como finalidade provocar o debate e a reflex\u00e3o, sobretudo, no que se refere aos processos [&hellip;]\" \/>\n<meta property=\"og:url\" content=\"https:\/\/ponteseditores.com.br\/loja3\/pontes-editores-home-2__trashed\/politica\/quando-gira-a-roda-da-historia-o-programa-bolsa-familia-e-seus-beneficiados-e-book-para-receber-o-arquivo-digital-entre-contato-ponteseditoresponteseditores-com-br\/\" \/>\n<meta property=\"og:site_name\" content=\"Pontes Editores\" \/>\n<meta property=\"article:modified_time\" content=\"2024-01-12T18:54:02+00:00\" \/>\n<meta property=\"og:image\" content=\"https:\/\/ponteseditores.com.br\/loja3\/wp-content\/uploads\/2023\/12\/Capa_Quando20Gira.jpg\" \/>\n\t<meta property=\"og:image:width\" content=\"454\" \/>\n\t<meta property=\"og:image:height\" content=\"652\" \/>\n\t<meta property=\"og:image:type\" content=\"image\/jpeg\" \/>\n<meta name=\"twitter:card\" content=\"summary_large_image\" \/>\n<meta name=\"twitter:label1\" content=\"Est. tempo de leitura\" \/>\n\t<meta name=\"twitter:data1\" content=\"2 minutos\" \/>\n<script type=\"application\/ld+json\" class=\"yoast-schema-graph\">{\"@context\":\"https:\\\/\\\/schema.org\",\"@graph\":[{\"@type\":\"WebPage\",\"@id\":\"https:\\\/\\\/ponteseditores.com.br\\\/loja3\\\/pontes-editores-home-2__trashed\\\/politica\\\/quando-gira-a-roda-da-historia-o-programa-bolsa-familia-e-seus-beneficiados-e-book-para-receber-o-arquivo-digital-entre-contato-ponteseditoresponteseditores-com-br\\\/\",\"url\":\"https:\\\/\\\/ponteseditores.com.br\\\/loja3\\\/pontes-editores-home-2__trashed\\\/politica\\\/quando-gira-a-roda-da-historia-o-programa-bolsa-familia-e-seus-beneficiados-e-book-para-receber-o-arquivo-digital-entre-contato-ponteseditoresponteseditores-com-br\\\/\",\"name\":\"QUANDO GIRA A RODA DA HIST\u00d3RIA O programa Bolsa Fam\u00edlia e seus beneficiados - e-book (Para receber o arquivo digital entre contato) ponteseditores@ponteseditores.com.br - Pontes Editores\",\"isPartOf\":{\"@id\":\"https:\\\/\\\/ponteseditores.com.br\\\/loja3\\\/#website\"},\"primaryImageOfPage\":{\"@id\":\"https:\\\/\\\/ponteseditores.com.br\\\/loja3\\\/pontes-editores-home-2__trashed\\\/politica\\\/quando-gira-a-roda-da-historia-o-programa-bolsa-familia-e-seus-beneficiados-e-book-para-receber-o-arquivo-digital-entre-contato-ponteseditoresponteseditores-com-br\\\/#primaryimage\"},\"image\":{\"@id\":\"https:\\\/\\\/ponteseditores.com.br\\\/loja3\\\/pontes-editores-home-2__trashed\\\/politica\\\/quando-gira-a-roda-da-historia-o-programa-bolsa-familia-e-seus-beneficiados-e-book-para-receber-o-arquivo-digital-entre-contato-ponteseditoresponteseditores-com-br\\\/#primaryimage\"},\"thumbnailUrl\":\"https:\\\/\\\/ponteseditores.com.br\\\/loja3\\\/wp-content\\\/uploads\\\/2023\\\/12\\\/Capa_Quando20Gira.jpg\",\"datePublished\":\"2023-12-15T10:41:52+00:00\",\"dateModified\":\"2024-01-12T18:54:02+00:00\",\"breadcrumb\":{\"@id\":\"https:\\\/\\\/ponteseditores.com.br\\\/loja3\\\/pontes-editores-home-2__trashed\\\/politica\\\/quando-gira-a-roda-da-historia-o-programa-bolsa-familia-e-seus-beneficiados-e-book-para-receber-o-arquivo-digital-entre-contato-ponteseditoresponteseditores-com-br\\\/#breadcrumb\"},\"inLanguage\":\"pt-BR\",\"potentialAction\":[{\"@type\":\"ReadAction\",\"target\":[\"https:\\\/\\\/ponteseditores.com.br\\\/loja3\\\/pontes-editores-home-2__trashed\\\/politica\\\/quando-gira-a-roda-da-historia-o-programa-bolsa-familia-e-seus-beneficiados-e-book-para-receber-o-arquivo-digital-entre-contato-ponteseditoresponteseditores-com-br\\\/\"]}]},{\"@type\":\"ImageObject\",\"inLanguage\":\"pt-BR\",\"@id\":\"https:\\\/\\\/ponteseditores.com.br\\\/loja3\\\/pontes-editores-home-2__trashed\\\/politica\\\/quando-gira-a-roda-da-historia-o-programa-bolsa-familia-e-seus-beneficiados-e-book-para-receber-o-arquivo-digital-entre-contato-ponteseditoresponteseditores-com-br\\\/#primaryimage\",\"url\":\"https:\\\/\\\/ponteseditores.com.br\\\/loja3\\\/wp-content\\\/uploads\\\/2023\\\/12\\\/Capa_Quando20Gira.jpg\",\"contentUrl\":\"https:\\\/\\\/ponteseditores.com.br\\\/loja3\\\/wp-content\\\/uploads\\\/2023\\\/12\\\/Capa_Quando20Gira.jpg\",\"width\":454,\"height\":652},{\"@type\":\"BreadcrumbList\",\"@id\":\"https:\\\/\\\/ponteseditores.com.br\\\/loja3\\\/pontes-editores-home-2__trashed\\\/politica\\\/quando-gira-a-roda-da-historia-o-programa-bolsa-familia-e-seus-beneficiados-e-book-para-receber-o-arquivo-digital-entre-contato-ponteseditoresponteseditores-com-br\\\/#breadcrumb\",\"itemListElement\":[{\"@type\":\"ListItem\",\"position\":1,\"name\":\"Home\",\"item\":\"https:\\\/\\\/ponteseditores.com.br\\\/loja3\\\/\"},{\"@type\":\"ListItem\",\"position\":2,\"name\":\"loja\",\"item\":\"https:\\\/\\\/ponteseditores.com.br\\\/loja3\\\/loja\\\/\"},{\"@type\":\"ListItem\",\"position\":3,\"name\":\"QUANDO GIRA A RODA DA HIST\u00d3RIA O programa Bolsa Fam\u00edlia e seus beneficiados &#8211; e-book (Para receber o arquivo digital entre contato) ponteseditores@ponteseditores.com.br\"}]},{\"@type\":\"WebSite\",\"@id\":\"https:\\\/\\\/ponteseditores.com.br\\\/loja3\\\/#website\",\"url\":\"https:\\\/\\\/ponteseditores.com.br\\\/loja3\\\/\",\"name\":\"Pontes Editores\",\"description\":\"Pontes Editores\",\"publisher\":{\"@id\":\"https:\\\/\\\/ponteseditores.com.br\\\/loja3\\\/#organization\"},\"potentialAction\":[{\"@type\":\"SearchAction\",\"target\":{\"@type\":\"EntryPoint\",\"urlTemplate\":\"https:\\\/\\\/ponteseditores.com.br\\\/loja3\\\/?s={search_term_string}\"},\"query-input\":{\"@type\":\"PropertyValueSpecification\",\"valueRequired\":true,\"valueName\":\"search_term_string\"}}],\"inLanguage\":\"pt-BR\"},{\"@type\":\"Organization\",\"@id\":\"https:\\\/\\\/ponteseditores.com.br\\\/loja3\\\/#organization\",\"name\":\"Pontes Editores\",\"url\":\"https:\\\/\\\/ponteseditores.com.br\\\/loja3\\\/\",\"logo\":{\"@type\":\"ImageObject\",\"inLanguage\":\"pt-BR\",\"@id\":\"https:\\\/\\\/ponteseditores.com.br\\\/loja3\\\/#\\\/schema\\\/logo\\\/image\\\/\",\"url\":\"https:\\\/\\\/ponteseditores.com.br\\\/loja3\\\/wp-content\\\/uploads\\\/2023\\\/12\\\/logo-pontes-editores-v2.png\",\"contentUrl\":\"https:\\\/\\\/ponteseditores.com.br\\\/loja3\\\/wp-content\\\/uploads\\\/2023\\\/12\\\/logo-pontes-editores-v2.png\",\"width\":258,\"height\":100,\"caption\":\"Pontes Editores\"},\"image\":{\"@id\":\"https:\\\/\\\/ponteseditores.com.br\\\/loja3\\\/#\\\/schema\\\/logo\\\/image\\\/\"}}]}<\/script>\n<!-- \/ Yoast SEO plugin. -->","yoast_head_json":{"title":"QUANDO GIRA A RODA DA HIST\u00d3RIA O programa Bolsa Fam\u00edlia e seus beneficiados - e-book (Para receber o arquivo digital entre contato) ponteseditores@ponteseditores.com.br - Pontes Editores","robots":{"index":"index","follow":"follow","max-snippet":"max-snippet:-1","max-image-preview":"max-image-preview:large","max-video-preview":"max-video-preview:-1"},"canonical":"https:\/\/ponteseditores.com.br\/loja3\/pontes-editores-home-2__trashed\/politica\/quando-gira-a-roda-da-historia-o-programa-bolsa-familia-e-seus-beneficiados-e-book-para-receber-o-arquivo-digital-entre-contato-ponteseditoresponteseditores-com-br\/","og_locale":"pt_BR","og_type":"article","og_title":"QUANDO GIRA A RODA DA HIST\u00d3RIA O programa Bolsa Fam\u00edlia e seus beneficiados - e-book (Para receber o arquivo digital entre contato) ponteseditores@ponteseditores.com.br - Pontes Editores","og_description":"O presente livro \u00e9 fruto da 2\u00aa edi\u00e7\u00e3o da \u201cIniciativa Educa\u00e7\u00e3o, Pobreza e Desigualdade\u201d do Minist\u00e9rio da Educa\u00e7\u00e3o com diversas universidades p\u00fablicas brasileiras. Tal iniciativa tem 3 eixos de atua\u00e7\u00e3o, sendo elas forma\u00e7\u00e3o, pesquisa e divulga\u00e7\u00e3o do conhecimento e tem como finalidade provocar o debate e a reflex\u00e3o, sobretudo, no que se refere aos processos [&hellip;]","og_url":"https:\/\/ponteseditores.com.br\/loja3\/pontes-editores-home-2__trashed\/politica\/quando-gira-a-roda-da-historia-o-programa-bolsa-familia-e-seus-beneficiados-e-book-para-receber-o-arquivo-digital-entre-contato-ponteseditoresponteseditores-com-br\/","og_site_name":"Pontes Editores","article_modified_time":"2024-01-12T18:54:02+00:00","og_image":[{"width":454,"height":652,"url":"https:\/\/ponteseditores.com.br\/loja3\/wp-content\/uploads\/2023\/12\/Capa_Quando20Gira.jpg","type":"image\/jpeg"}],"twitter_card":"summary_large_image","twitter_misc":{"Est. tempo de leitura":"2 minutos"},"schema":{"@context":"https:\/\/schema.org","@graph":[{"@type":"WebPage","@id":"https:\/\/ponteseditores.com.br\/loja3\/pontes-editores-home-2__trashed\/politica\/quando-gira-a-roda-da-historia-o-programa-bolsa-familia-e-seus-beneficiados-e-book-para-receber-o-arquivo-digital-entre-contato-ponteseditoresponteseditores-com-br\/","url":"https:\/\/ponteseditores.com.br\/loja3\/pontes-editores-home-2__trashed\/politica\/quando-gira-a-roda-da-historia-o-programa-bolsa-familia-e-seus-beneficiados-e-book-para-receber-o-arquivo-digital-entre-contato-ponteseditoresponteseditores-com-br\/","name":"QUANDO GIRA A RODA DA HIST\u00d3RIA O programa Bolsa Fam\u00edlia e seus beneficiados - e-book (Para receber o arquivo digital entre contato) ponteseditores@ponteseditores.com.br - Pontes Editores","isPartOf":{"@id":"https:\/\/ponteseditores.com.br\/loja3\/#website"},"primaryImageOfPage":{"@id":"https:\/\/ponteseditores.com.br\/loja3\/pontes-editores-home-2__trashed\/politica\/quando-gira-a-roda-da-historia-o-programa-bolsa-familia-e-seus-beneficiados-e-book-para-receber-o-arquivo-digital-entre-contato-ponteseditoresponteseditores-com-br\/#primaryimage"},"image":{"@id":"https:\/\/ponteseditores.com.br\/loja3\/pontes-editores-home-2__trashed\/politica\/quando-gira-a-roda-da-historia-o-programa-bolsa-familia-e-seus-beneficiados-e-book-para-receber-o-arquivo-digital-entre-contato-ponteseditoresponteseditores-com-br\/#primaryimage"},"thumbnailUrl":"https:\/\/ponteseditores.com.br\/loja3\/wp-content\/uploads\/2023\/12\/Capa_Quando20Gira.jpg","datePublished":"2023-12-15T10:41:52+00:00","dateModified":"2024-01-12T18:54:02+00:00","breadcrumb":{"@id":"https:\/\/ponteseditores.com.br\/loja3\/pontes-editores-home-2__trashed\/politica\/quando-gira-a-roda-da-historia-o-programa-bolsa-familia-e-seus-beneficiados-e-book-para-receber-o-arquivo-digital-entre-contato-ponteseditoresponteseditores-com-br\/#breadcrumb"},"inLanguage":"pt-BR","potentialAction":[{"@type":"ReadAction","target":["https:\/\/ponteseditores.com.br\/loja3\/pontes-editores-home-2__trashed\/politica\/quando-gira-a-roda-da-historia-o-programa-bolsa-familia-e-seus-beneficiados-e-book-para-receber-o-arquivo-digital-entre-contato-ponteseditoresponteseditores-com-br\/"]}]},{"@type":"ImageObject","inLanguage":"pt-BR","@id":"https:\/\/ponteseditores.com.br\/loja3\/pontes-editores-home-2__trashed\/politica\/quando-gira-a-roda-da-historia-o-programa-bolsa-familia-e-seus-beneficiados-e-book-para-receber-o-arquivo-digital-entre-contato-ponteseditoresponteseditores-com-br\/#primaryimage","url":"https:\/\/ponteseditores.com.br\/loja3\/wp-content\/uploads\/2023\/12\/Capa_Quando20Gira.jpg","contentUrl":"https:\/\/ponteseditores.com.br\/loja3\/wp-content\/uploads\/2023\/12\/Capa_Quando20Gira.jpg","width":454,"height":652},{"@type":"BreadcrumbList","@id":"https:\/\/ponteseditores.com.br\/loja3\/pontes-editores-home-2__trashed\/politica\/quando-gira-a-roda-da-historia-o-programa-bolsa-familia-e-seus-beneficiados-e-book-para-receber-o-arquivo-digital-entre-contato-ponteseditoresponteseditores-com-br\/#breadcrumb","itemListElement":[{"@type":"ListItem","position":1,"name":"Home","item":"https:\/\/ponteseditores.com.br\/loja3\/"},{"@type":"ListItem","position":2,"name":"loja","item":"https:\/\/ponteseditores.com.br\/loja3\/loja\/"},{"@type":"ListItem","position":3,"name":"QUANDO GIRA A RODA DA HIST\u00d3RIA O programa Bolsa Fam\u00edlia e seus beneficiados &#8211; e-book (Para receber o arquivo digital entre contato) ponteseditores@ponteseditores.com.br"}]},{"@type":"WebSite","@id":"https:\/\/ponteseditores.com.br\/loja3\/#website","url":"https:\/\/ponteseditores.com.br\/loja3\/","name":"Pontes Editores","description":"Pontes Editores","publisher":{"@id":"https:\/\/ponteseditores.com.br\/loja3\/#organization"},"potentialAction":[{"@type":"SearchAction","target":{"@type":"EntryPoint","urlTemplate":"https:\/\/ponteseditores.com.br\/loja3\/?s={search_term_string}"},"query-input":{"@type":"PropertyValueSpecification","valueRequired":true,"valueName":"search_term_string"}}],"inLanguage":"pt-BR"},{"@type":"Organization","@id":"https:\/\/ponteseditores.com.br\/loja3\/#organization","name":"Pontes Editores","url":"https:\/\/ponteseditores.com.br\/loja3\/","logo":{"@type":"ImageObject","inLanguage":"pt-BR","@id":"https:\/\/ponteseditores.com.br\/loja3\/#\/schema\/logo\/image\/","url":"https:\/\/ponteseditores.com.br\/loja3\/wp-content\/uploads\/2023\/12\/logo-pontes-editores-v2.png","contentUrl":"https:\/\/ponteseditores.com.br\/loja3\/wp-content\/uploads\/2023\/12\/logo-pontes-editores-v2.png","width":258,"height":100,"caption":"Pontes Editores"},"image":{"@id":"https:\/\/ponteseditores.com.br\/loja3\/#\/schema\/logo\/image\/"}}]}},"_links":{"self":[{"href":"https:\/\/ponteseditores.com.br\/loja3\/wp-json\/wp\/v2\/product\/7729","targetHints":{"allow":["GET"]}}],"collection":[{"href":"https:\/\/ponteseditores.com.br\/loja3\/wp-json\/wp\/v2\/product"}],"about":[{"href":"https:\/\/ponteseditores.com.br\/loja3\/wp-json\/wp\/v2\/types\/product"}],"replies":[{"embeddable":true,"href":"https:\/\/ponteseditores.com.br\/loja3\/wp-json\/wp\/v2\/comments?post=7729"}],"version-history":[{"count":0,"href":"https:\/\/ponteseditores.com.br\/loja3\/wp-json\/wp\/v2\/product\/7729\/revisions"}],"wp:featuredmedia":[{"embeddable":true,"href":"https:\/\/ponteseditores.com.br\/loja3\/wp-json\/wp\/v2\/media\/7728"}],"wp:attachment":[{"href":"https:\/\/ponteseditores.com.br\/loja3\/wp-json\/wp\/v2\/media?parent=7729"}],"wp:term":[{"taxonomy":"product_brand","embeddable":true,"href":"https:\/\/ponteseditores.com.br\/loja3\/wp-json\/wp\/v2\/product_brand?post=7729"},{"taxonomy":"product_cat","embeddable":true,"href":"https:\/\/ponteseditores.com.br\/loja3\/wp-json\/wp\/v2\/product_cat?post=7729"},{"taxonomy":"product_tag","embeddable":true,"href":"https:\/\/ponteseditores.com.br\/loja3\/wp-json\/wp\/v2\/product_tag?post=7729"}],"curies":[{"name":"wp","href":"https:\/\/api.w.org\/{rel}","templated":true}]}}