{"id":7712,"date":"2023-12-15T00:54:34","date_gmt":"2023-12-15T03:54:34","guid":{"rendered":"https:\/\/ponteseditores.com.br\/loja3\/pontes-editores-home-2__trashed\/sem%20categoria\/os-afetos-na-lingua-aprendizagem-e-formacao-de-professores-na-perspectiva-da-afetividade\/"},"modified":"2026-03-03T11:07:46","modified_gmt":"2026-03-03T14:07:46","slug":"os-afetos-na-lingua-aprendizagem-e-formacao-de-professores-na-perspectiva-da-afetividade","status":"publish","type":"product","link":"https:\/\/ponteseditores.com.br\/loja3\/pontes-editores-home-2__trashed\/uncategorized\/os-afetos-na-lingua-aprendizagem-e-formacao-de-professores-na-perspectiva-da-afetividade\/","title":{"rendered":"Os Afetos na L\u00edngua: Aprendizagem e Forma\u00e7\u00e3o de Professores na Perspectiva da Afetividade"},"content":{"rendered":"<p>O amor \u00e9 &#8220;um compromisso com os homens&#8221;. Palavras de Paulo Freire, em seu Pedagogia do Oprimido. Foi esse compromisso (ou, poder\u00edamos dizer, esse amor) que nos mobilizou na organiza\u00e7\u00e3o da presente obra. Como professores universit\u00e1rios, temos acompanhado parte do processo de forma\u00e7\u00e3o de centenas de novos docentes e sentimos sobre nossos ombros uma responsabilidade imensa para com a educa\u00e7\u00e3o em nosso pa\u00eds. De forma alguma, como n\u00e3o raro se v\u00ea, pensamos ter o poder de prescrever algo em educa\u00e7\u00e3o. Sabemos que as experi\u00eancias dos professores que est\u00e3o na vanguarda do trabalho docente, na escola de Educa\u00e7\u00e3o B\u00e1sica, em especial na escola p\u00fablica, s\u00e3o precios\u00edssimas e precisam ser ouvidas para que algo mude. Mas acreditamos no di\u00e1logo e este livro \u00e9 um di\u00e1logo. Professores com diferentes experi\u00eancias, de universidades e de escolas, se reuniram para pensar sobre o amor e sua import\u00e2ncia na forma\u00e7\u00e3o de professores e nos processos de ensino e aprendizagem, sobretudo de l\u00ednguas.<\/p>\n","protected":false},"excerpt":{"rendered":"<p>O amor \u00e9 &#8220;um compromisso com os homens&#8221;. Palavras de Paulo Freire, em seu Pedagogia do Oprimido. Foi esse compromisso (ou, poder\u00edamos dizer, esse amor) que nos mobilizou na organiza\u00e7\u00e3o da presente obra. Como professores universit\u00e1rios, temos acompanhado parte do processo de forma\u00e7\u00e3o de centenas de novos docentes e sentimos sobre nossos ombros uma responsabilidade [&hellip;]<\/p>\n","protected":false},"featured_media":7711,"comment_status":"open","ping_status":"closed","template":"","meta":{"_joinchat":[]},"product_brand":[],"product_cat":[15],"product_tag":[],"class_list":{"0":"post-7712","1":"product","2":"type-product","3":"status-publish","4":"has-post-thumbnail","6":"product_cat-uncategorized","7":"product_shipping_class-livro-pontes-editores-fisico","9":"first","10":"instock","11":"shipping-taxable","12":"purchasable","13":"product-type-simple"},"yoast_head":"<!-- This site is optimized with the Yoast SEO plugin v27.4 - https:\/\/yoast.com\/product\/yoast-seo-wordpress\/ -->\n<title>Os Afetos na L\u00edngua: Aprendizagem e Forma\u00e7\u00e3o de Professores na Perspectiva da Afetividade - Pontes Editores<\/title>\n<meta name=\"robots\" content=\"index, follow, max-snippet:-1, max-image-preview:large, max-video-preview:-1\" \/>\n<link rel=\"canonical\" href=\"https:\/\/ponteseditores.com.br\/loja3\/pontes-editores-home-2__trashed\/uncategorized\/os-afetos-na-lingua-aprendizagem-e-formacao-de-professores-na-perspectiva-da-afetividade\/\" \/>\n<meta property=\"og:locale\" content=\"pt_BR\" \/>\n<meta property=\"og:type\" content=\"article\" \/>\n<meta property=\"og:title\" content=\"Os Afetos na L\u00edngua: Aprendizagem e Forma\u00e7\u00e3o de Professores na Perspectiva da Afetividade - Pontes Editores\" \/>\n<meta property=\"og:description\" content=\"O amor \u00e9 &#8220;um compromisso com os homens&#8221;. Palavras de Paulo Freire, em seu Pedagogia do Oprimido. Foi esse compromisso (ou, poder\u00edamos dizer, esse amor) que nos mobilizou na organiza\u00e7\u00e3o da presente obra. Como professores universit\u00e1rios, temos acompanhado parte do processo de forma\u00e7\u00e3o de centenas de novos docentes e sentimos sobre nossos ombros uma responsabilidade [&hellip;]\" \/>\n<meta property=\"og:url\" content=\"https:\/\/ponteseditores.com.br\/loja3\/pontes-editores-home-2__trashed\/uncategorized\/os-afetos-na-lingua-aprendizagem-e-formacao-de-professores-na-perspectiva-da-afetividade\/\" \/>\n<meta property=\"og:site_name\" content=\"Pontes Editores\" \/>\n<meta property=\"article:modified_time\" content=\"2026-03-03T14:07:46+00:00\" \/>\n<meta property=\"og:image\" content=\"https:\/\/ponteseditores.com.br\/loja3\/wp-content\/uploads\/2023\/12\/AFETO1-1.jpg\" \/>\n\t<meta property=\"og:image:width\" content=\"1000\" \/>\n\t<meta property=\"og:image:height\" content=\"1469\" \/>\n\t<meta property=\"og:image:type\" content=\"image\/jpeg\" \/>\n<meta name=\"twitter:card\" content=\"summary_large_image\" \/>\n<meta name=\"twitter:label1\" content=\"Est. tempo de leitura\" \/>\n\t<meta name=\"twitter:data1\" content=\"1 minuto\" \/>\n<script type=\"application\/ld+json\" class=\"yoast-schema-graph\">{\"@context\":\"https:\\\/\\\/schema.org\",\"@graph\":[{\"@type\":\"WebPage\",\"@id\":\"https:\\\/\\\/ponteseditores.com.br\\\/loja3\\\/pontes-editores-home-2__trashed\\\/uncategorized\\\/os-afetos-na-lingua-aprendizagem-e-formacao-de-professores-na-perspectiva-da-afetividade\\\/\",\"url\":\"https:\\\/\\\/ponteseditores.com.br\\\/loja3\\\/pontes-editores-home-2__trashed\\\/uncategorized\\\/os-afetos-na-lingua-aprendizagem-e-formacao-de-professores-na-perspectiva-da-afetividade\\\/\",\"name\":\"Os Afetos na L\u00edngua: Aprendizagem e Forma\u00e7\u00e3o de Professores na Perspectiva da Afetividade - Pontes Editores\",\"isPartOf\":{\"@id\":\"https:\\\/\\\/ponteseditores.com.br\\\/loja3\\\/#website\"},\"primaryImageOfPage\":{\"@id\":\"https:\\\/\\\/ponteseditores.com.br\\\/loja3\\\/pontes-editores-home-2__trashed\\\/uncategorized\\\/os-afetos-na-lingua-aprendizagem-e-formacao-de-professores-na-perspectiva-da-afetividade\\\/#primaryimage\"},\"image\":{\"@id\":\"https:\\\/\\\/ponteseditores.com.br\\\/loja3\\\/pontes-editores-home-2__trashed\\\/uncategorized\\\/os-afetos-na-lingua-aprendizagem-e-formacao-de-professores-na-perspectiva-da-afetividade\\\/#primaryimage\"},\"thumbnailUrl\":\"https:\\\/\\\/ponteseditores.com.br\\\/loja3\\\/wp-content\\\/uploads\\\/2023\\\/12\\\/AFETO1-1.jpg\",\"datePublished\":\"2023-12-15T03:54:34+00:00\",\"dateModified\":\"2026-03-03T14:07:46+00:00\",\"breadcrumb\":{\"@id\":\"https:\\\/\\\/ponteseditores.com.br\\\/loja3\\\/pontes-editores-home-2__trashed\\\/uncategorized\\\/os-afetos-na-lingua-aprendizagem-e-formacao-de-professores-na-perspectiva-da-afetividade\\\/#breadcrumb\"},\"inLanguage\":\"pt-BR\",\"potentialAction\":[{\"@type\":\"ReadAction\",\"target\":[\"https:\\\/\\\/ponteseditores.com.br\\\/loja3\\\/pontes-editores-home-2__trashed\\\/uncategorized\\\/os-afetos-na-lingua-aprendizagem-e-formacao-de-professores-na-perspectiva-da-afetividade\\\/\"]}]},{\"@type\":\"ImageObject\",\"inLanguage\":\"pt-BR\",\"@id\":\"https:\\\/\\\/ponteseditores.com.br\\\/loja3\\\/pontes-editores-home-2__trashed\\\/uncategorized\\\/os-afetos-na-lingua-aprendizagem-e-formacao-de-professores-na-perspectiva-da-afetividade\\\/#primaryimage\",\"url\":\"https:\\\/\\\/ponteseditores.com.br\\\/loja3\\\/wp-content\\\/uploads\\\/2023\\\/12\\\/AFETO1-1.jpg\",\"contentUrl\":\"https:\\\/\\\/ponteseditores.com.br\\\/loja3\\\/wp-content\\\/uploads\\\/2023\\\/12\\\/AFETO1-1.jpg\",\"width\":1000,\"height\":1469},{\"@type\":\"BreadcrumbList\",\"@id\":\"https:\\\/\\\/ponteseditores.com.br\\\/loja3\\\/pontes-editores-home-2__trashed\\\/uncategorized\\\/os-afetos-na-lingua-aprendizagem-e-formacao-de-professores-na-perspectiva-da-afetividade\\\/#breadcrumb\",\"itemListElement\":[{\"@type\":\"ListItem\",\"position\":1,\"name\":\"Home\",\"item\":\"https:\\\/\\\/ponteseditores.com.br\\\/loja3\\\/\"},{\"@type\":\"ListItem\",\"position\":2,\"name\":\"loja\",\"item\":\"https:\\\/\\\/ponteseditores.com.br\\\/loja3\\\/loja\\\/\"},{\"@type\":\"ListItem\",\"position\":3,\"name\":\"Os Afetos na L\u00edngua: Aprendizagem e Forma\u00e7\u00e3o de Professores na Perspectiva da Afetividade\"}]},{\"@type\":\"WebSite\",\"@id\":\"https:\\\/\\\/ponteseditores.com.br\\\/loja3\\\/#website\",\"url\":\"https:\\\/\\\/ponteseditores.com.br\\\/loja3\\\/\",\"name\":\"Pontes Editores\",\"description\":\"Pontes Editores\",\"publisher\":{\"@id\":\"https:\\\/\\\/ponteseditores.com.br\\\/loja3\\\/#organization\"},\"potentialAction\":[{\"@type\":\"SearchAction\",\"target\":{\"@type\":\"EntryPoint\",\"urlTemplate\":\"https:\\\/\\\/ponteseditores.com.br\\\/loja3\\\/?s={search_term_string}\"},\"query-input\":{\"@type\":\"PropertyValueSpecification\",\"valueRequired\":true,\"valueName\":\"search_term_string\"}}],\"inLanguage\":\"pt-BR\"},{\"@type\":\"Organization\",\"@id\":\"https:\\\/\\\/ponteseditores.com.br\\\/loja3\\\/#organization\",\"name\":\"Pontes Editores\",\"url\":\"https:\\\/\\\/ponteseditores.com.br\\\/loja3\\\/\",\"logo\":{\"@type\":\"ImageObject\",\"inLanguage\":\"pt-BR\",\"@id\":\"https:\\\/\\\/ponteseditores.com.br\\\/loja3\\\/#\\\/schema\\\/logo\\\/image\\\/\",\"url\":\"https:\\\/\\\/ponteseditores.com.br\\\/loja3\\\/wp-content\\\/uploads\\\/2023\\\/12\\\/logo-pontes-editores-v2.png\",\"contentUrl\":\"https:\\\/\\\/ponteseditores.com.br\\\/loja3\\\/wp-content\\\/uploads\\\/2023\\\/12\\\/logo-pontes-editores-v2.png\",\"width\":258,\"height\":100,\"caption\":\"Pontes Editores\"},\"image\":{\"@id\":\"https:\\\/\\\/ponteseditores.com.br\\\/loja3\\\/#\\\/schema\\\/logo\\\/image\\\/\"}}]}<\/script>\n<!-- \/ Yoast SEO plugin. -->","yoast_head_json":{"title":"Os Afetos na L\u00edngua: Aprendizagem e Forma\u00e7\u00e3o de Professores na Perspectiva da Afetividade - Pontes Editores","robots":{"index":"index","follow":"follow","max-snippet":"max-snippet:-1","max-image-preview":"max-image-preview:large","max-video-preview":"max-video-preview:-1"},"canonical":"https:\/\/ponteseditores.com.br\/loja3\/pontes-editores-home-2__trashed\/uncategorized\/os-afetos-na-lingua-aprendizagem-e-formacao-de-professores-na-perspectiva-da-afetividade\/","og_locale":"pt_BR","og_type":"article","og_title":"Os Afetos na L\u00edngua: Aprendizagem e Forma\u00e7\u00e3o de Professores na Perspectiva da Afetividade - Pontes Editores","og_description":"O amor \u00e9 &#8220;um compromisso com os homens&#8221;. Palavras de Paulo Freire, em seu Pedagogia do Oprimido. Foi esse compromisso (ou, poder\u00edamos dizer, esse amor) que nos mobilizou na organiza\u00e7\u00e3o da presente obra. Como professores universit\u00e1rios, temos acompanhado parte do processo de forma\u00e7\u00e3o de centenas de novos docentes e sentimos sobre nossos ombros uma responsabilidade [&hellip;]","og_url":"https:\/\/ponteseditores.com.br\/loja3\/pontes-editores-home-2__trashed\/uncategorized\/os-afetos-na-lingua-aprendizagem-e-formacao-de-professores-na-perspectiva-da-afetividade\/","og_site_name":"Pontes Editores","article_modified_time":"2026-03-03T14:07:46+00:00","og_image":[{"width":1000,"height":1469,"url":"https:\/\/ponteseditores.com.br\/loja3\/wp-content\/uploads\/2023\/12\/AFETO1-1.jpg","type":"image\/jpeg"}],"twitter_card":"summary_large_image","twitter_misc":{"Est. tempo de leitura":"1 minuto"},"schema":{"@context":"https:\/\/schema.org","@graph":[{"@type":"WebPage","@id":"https:\/\/ponteseditores.com.br\/loja3\/pontes-editores-home-2__trashed\/uncategorized\/os-afetos-na-lingua-aprendizagem-e-formacao-de-professores-na-perspectiva-da-afetividade\/","url":"https:\/\/ponteseditores.com.br\/loja3\/pontes-editores-home-2__trashed\/uncategorized\/os-afetos-na-lingua-aprendizagem-e-formacao-de-professores-na-perspectiva-da-afetividade\/","name":"Os Afetos na L\u00edngua: Aprendizagem e Forma\u00e7\u00e3o de Professores na Perspectiva da Afetividade - Pontes Editores","isPartOf":{"@id":"https:\/\/ponteseditores.com.br\/loja3\/#website"},"primaryImageOfPage":{"@id":"https:\/\/ponteseditores.com.br\/loja3\/pontes-editores-home-2__trashed\/uncategorized\/os-afetos-na-lingua-aprendizagem-e-formacao-de-professores-na-perspectiva-da-afetividade\/#primaryimage"},"image":{"@id":"https:\/\/ponteseditores.com.br\/loja3\/pontes-editores-home-2__trashed\/uncategorized\/os-afetos-na-lingua-aprendizagem-e-formacao-de-professores-na-perspectiva-da-afetividade\/#primaryimage"},"thumbnailUrl":"https:\/\/ponteseditores.com.br\/loja3\/wp-content\/uploads\/2023\/12\/AFETO1-1.jpg","datePublished":"2023-12-15T03:54:34+00:00","dateModified":"2026-03-03T14:07:46+00:00","breadcrumb":{"@id":"https:\/\/ponteseditores.com.br\/loja3\/pontes-editores-home-2__trashed\/uncategorized\/os-afetos-na-lingua-aprendizagem-e-formacao-de-professores-na-perspectiva-da-afetividade\/#breadcrumb"},"inLanguage":"pt-BR","potentialAction":[{"@type":"ReadAction","target":["https:\/\/ponteseditores.com.br\/loja3\/pontes-editores-home-2__trashed\/uncategorized\/os-afetos-na-lingua-aprendizagem-e-formacao-de-professores-na-perspectiva-da-afetividade\/"]}]},{"@type":"ImageObject","inLanguage":"pt-BR","@id":"https:\/\/ponteseditores.com.br\/loja3\/pontes-editores-home-2__trashed\/uncategorized\/os-afetos-na-lingua-aprendizagem-e-formacao-de-professores-na-perspectiva-da-afetividade\/#primaryimage","url":"https:\/\/ponteseditores.com.br\/loja3\/wp-content\/uploads\/2023\/12\/AFETO1-1.jpg","contentUrl":"https:\/\/ponteseditores.com.br\/loja3\/wp-content\/uploads\/2023\/12\/AFETO1-1.jpg","width":1000,"height":1469},{"@type":"BreadcrumbList","@id":"https:\/\/ponteseditores.com.br\/loja3\/pontes-editores-home-2__trashed\/uncategorized\/os-afetos-na-lingua-aprendizagem-e-formacao-de-professores-na-perspectiva-da-afetividade\/#breadcrumb","itemListElement":[{"@type":"ListItem","position":1,"name":"Home","item":"https:\/\/ponteseditores.com.br\/loja3\/"},{"@type":"ListItem","position":2,"name":"loja","item":"https:\/\/ponteseditores.com.br\/loja3\/loja\/"},{"@type":"ListItem","position":3,"name":"Os Afetos na L\u00edngua: Aprendizagem e Forma\u00e7\u00e3o de Professores na Perspectiva da Afetividade"}]},{"@type":"WebSite","@id":"https:\/\/ponteseditores.com.br\/loja3\/#website","url":"https:\/\/ponteseditores.com.br\/loja3\/","name":"Pontes Editores","description":"Pontes Editores","publisher":{"@id":"https:\/\/ponteseditores.com.br\/loja3\/#organization"},"potentialAction":[{"@type":"SearchAction","target":{"@type":"EntryPoint","urlTemplate":"https:\/\/ponteseditores.com.br\/loja3\/?s={search_term_string}"},"query-input":{"@type":"PropertyValueSpecification","valueRequired":true,"valueName":"search_term_string"}}],"inLanguage":"pt-BR"},{"@type":"Organization","@id":"https:\/\/ponteseditores.com.br\/loja3\/#organization","name":"Pontes Editores","url":"https:\/\/ponteseditores.com.br\/loja3\/","logo":{"@type":"ImageObject","inLanguage":"pt-BR","@id":"https:\/\/ponteseditores.com.br\/loja3\/#\/schema\/logo\/image\/","url":"https:\/\/ponteseditores.com.br\/loja3\/wp-content\/uploads\/2023\/12\/logo-pontes-editores-v2.png","contentUrl":"https:\/\/ponteseditores.com.br\/loja3\/wp-content\/uploads\/2023\/12\/logo-pontes-editores-v2.png","width":258,"height":100,"caption":"Pontes Editores"},"image":{"@id":"https:\/\/ponteseditores.com.br\/loja3\/#\/schema\/logo\/image\/"}}]}},"_links":{"self":[{"href":"https:\/\/ponteseditores.com.br\/loja3\/wp-json\/wp\/v2\/product\/7712","targetHints":{"allow":["GET"]}}],"collection":[{"href":"https:\/\/ponteseditores.com.br\/loja3\/wp-json\/wp\/v2\/product"}],"about":[{"href":"https:\/\/ponteseditores.com.br\/loja3\/wp-json\/wp\/v2\/types\/product"}],"replies":[{"embeddable":true,"href":"https:\/\/ponteseditores.com.br\/loja3\/wp-json\/wp\/v2\/comments?post=7712"}],"version-history":[{"count":0,"href":"https:\/\/ponteseditores.com.br\/loja3\/wp-json\/wp\/v2\/product\/7712\/revisions"}],"wp:featuredmedia":[{"embeddable":true,"href":"https:\/\/ponteseditores.com.br\/loja3\/wp-json\/wp\/v2\/media\/7711"}],"wp:attachment":[{"href":"https:\/\/ponteseditores.com.br\/loja3\/wp-json\/wp\/v2\/media?parent=7712"}],"wp:term":[{"taxonomy":"product_brand","embeddable":true,"href":"https:\/\/ponteseditores.com.br\/loja3\/wp-json\/wp\/v2\/product_brand?post=7712"},{"taxonomy":"product_cat","embeddable":true,"href":"https:\/\/ponteseditores.com.br\/loja3\/wp-json\/wp\/v2\/product_cat?post=7712"},{"taxonomy":"product_tag","embeddable":true,"href":"https:\/\/ponteseditores.com.br\/loja3\/wp-json\/wp\/v2\/product_tag?post=7712"}],"curies":[{"name":"wp","href":"https:\/\/api.w.org\/{rel}","templated":true}]}}