{"id":7710,"date":"2023-12-15T00:54:32","date_gmt":"2023-12-15T03:54:32","guid":{"rendered":"https:\/\/ponteseditores.com.br\/loja3\/pontes-editores-home-2__trashed\/sem%20categoria\/formando-formadores-para-a-escola-basica-do-seculo-xxi-relatos-de-pesquisa-v\/"},"modified":"2023-12-15T11:55:20","modified_gmt":"2023-12-15T14:55:20","slug":"formando-formadores-para-a-escola-basica-do-seculo-xxi-relatos-de-pesquisa-v","status":"publish","type":"product","link":"https:\/\/ponteseditores.com.br\/loja3\/pontes-editores-home-2__trashed\/uncategorized\/formando-formadores-para-a-escola-basica-do-seculo-xxi-relatos-de-pesquisa-v\/","title":{"rendered":"FORMANDO FORMADORES PARA A  ESCOLA B\u00c1SICA DO S\u00c9CULO XXI: RELATOS DE PESQUISA V"},"content":{"rendered":"<p>Esta quinta colet\u00e2nea \u2013 Formando Formadores para a escola b\u00e1sica do s\u00e9culo XXI: relatos de pesquisa V \u2013 tamb\u00e9m motivada pela repercuss\u00e3o das quatro anteriores, apresenta pesquisas j\u00e1 desenvolvidas no Mestrado Profissional do Programa de Estudos P\u00f3s-Graduados em Educa\u00e7\u00e3o: Forma\u00e7\u00e3o de Formadores (Formep), da PUC-SP. Pesquisas que contemplam pr\u00e1ticas vivenciadas na escola e processos formativos que t\u00eam possibilitado ressignifica\u00e7\u00e3o e impacto junto aos professores em seus ambientes de trabalho refor\u00e7am a voca\u00e7\u00e3o do curso de propiciar o desenvolvimento de pesquisas em diferentes frentes da educa\u00e7\u00e3o b\u00e1sica nas redes p\u00fablica e privada de ensino. Com a an\u00e1lise fundamentada da pr\u00e1tica, sempre sustentada pelas frentes epistemol\u00f3gicas de nossas linhas de pesquisa, os estudos destinados \u00e0 educa\u00e7\u00e3o b\u00e1sica convergem ao aprimoramento da atua\u00e7\u00e3o dos profissionais que v\u00eam \u00e0 PUC-SP. Os cap\u00edtulos desta colet\u00e2nea, tamb\u00e9m produzidos em coautoria de egressos do Formep e seus (ex)orientadores, legitimam ainda mais o trabalho dos que v\u00eam estudar e depois retornam ao ch\u00e3o de suas escolas para incrementar as pr\u00e1ticas que l\u00e1 exercem. Esse investimento contribui para a escola constituir-se verdadeiramente no l\u00f3cus do conhecimento. Ao perceberem que um dos caminhos \u00e9 o de assumir a compatibilidade entre a teoria e a pr\u00e1tica e que o conhecimento pedag\u00f3gico se constr\u00f3i e reconstr\u00f3i constantemente durante a vida profissional do professor, justamente em sua rela\u00e7\u00e3o com a teoria e a pr\u00e1tica, iniciam um processo de reflex\u00e3o \u2013 \u00e0s vezes dolorido \u2013 que passam a vivenciar por toda sua trajet\u00f3ria profissional a fim de lidar com suas expectativas profissionais. Bem por isso, nossa atenta proposta de fomentar a constru\u00e7\u00e3o do conhecimento dos p\u00f3s-graduandos para fundamentar reflexivamente as pr\u00e1ticas que acontecem em seus contextos profissionais propicia-lhes a produ\u00e7\u00e3o de saberes, incitando a produ\u00e7\u00e3o de indaga\u00e7\u00f5es que mere\u00e7am ser respondidas e que decorram de intencionalidade pedag\u00f3gica, de modo a sustentar mais eficientemente decis\u00f5es e colaborar para a melhoria do ensino.<\/p>\n","protected":false},"excerpt":{"rendered":"<p>Esta quinta colet\u00e2nea \u2013 Formando Formadores para a escola b\u00e1sica do s\u00e9culo XXI: relatos de pesquisa V \u2013 tamb\u00e9m motivada pela repercuss\u00e3o das quatro anteriores, apresenta pesquisas j\u00e1 desenvolvidas no Mestrado Profissional do Programa de Estudos P\u00f3s-Graduados em Educa\u00e7\u00e3o: Forma\u00e7\u00e3o de Formadores (Formep), da PUC-SP. Pesquisas que contemplam pr\u00e1ticas vivenciadas na escola e processos formativos [&hellip;]<\/p>\n","protected":false},"featured_media":5148,"comment_status":"open","ping_status":"closed","template":"","meta":{"_joinchat":[]},"product_brand":[],"product_cat":[15],"product_tag":[],"class_list":{"0":"post-7710","1":"product","2":"type-product","3":"status-publish","4":"has-post-thumbnail","6":"product_cat-uncategorized","7":"product_shipping_class-livro-pontes-editores-fisico","9":"first","10":"instock","11":"shipping-taxable","12":"purchasable","13":"product-type-simple"},"yoast_head":"<!-- This site is optimized with the Yoast SEO plugin v27.4 - https:\/\/yoast.com\/product\/yoast-seo-wordpress\/ -->\n<title>FORMANDO FORMADORES PARA A ESCOLA B\u00c1SICA DO S\u00c9CULO XXI: RELATOS DE PESQUISA V - Pontes Editores<\/title>\n<meta name=\"robots\" content=\"index, follow, max-snippet:-1, max-image-preview:large, max-video-preview:-1\" \/>\n<link rel=\"canonical\" href=\"https:\/\/ponteseditores.com.br\/loja3\/pontes-editores-home-2__trashed\/uncategorized\/formando-formadores-para-a-escola-basica-do-seculo-xxi-relatos-de-pesquisa-v\/\" \/>\n<meta property=\"og:locale\" content=\"pt_BR\" \/>\n<meta property=\"og:type\" content=\"article\" \/>\n<meta property=\"og:title\" content=\"FORMANDO FORMADORES PARA A ESCOLA B\u00c1SICA DO S\u00c9CULO XXI: RELATOS DE PESQUISA V - Pontes Editores\" \/>\n<meta property=\"og:description\" content=\"Esta quinta colet\u00e2nea \u2013 Formando Formadores para a escola b\u00e1sica do s\u00e9culo XXI: relatos de pesquisa V \u2013 tamb\u00e9m motivada pela repercuss\u00e3o das quatro anteriores, apresenta pesquisas j\u00e1 desenvolvidas no Mestrado Profissional do Programa de Estudos P\u00f3s-Graduados em Educa\u00e7\u00e3o: Forma\u00e7\u00e3o de Formadores (Formep), da PUC-SP. Pesquisas que contemplam pr\u00e1ticas vivenciadas na escola e processos formativos [&hellip;]\" \/>\n<meta property=\"og:url\" content=\"https:\/\/ponteseditores.com.br\/loja3\/pontes-editores-home-2__trashed\/uncategorized\/formando-formadores-para-a-escola-basica-do-seculo-xxi-relatos-de-pesquisa-v\/\" \/>\n<meta property=\"og:site_name\" content=\"Pontes Editores\" \/>\n<meta property=\"article:modified_time\" content=\"2023-12-15T14:55:20+00:00\" \/>\n<meta property=\"og:image\" content=\"https:\/\/ponteseditores.com.br\/loja3\/wp-content\/uploads\/2023\/12\/form1-1.jpg\" \/>\n\t<meta property=\"og:image:width\" content=\"1000\" \/>\n\t<meta property=\"og:image:height\" content=\"1473\" \/>\n\t<meta property=\"og:image:type\" content=\"image\/jpeg\" \/>\n<meta name=\"twitter:card\" content=\"summary_large_image\" \/>\n<meta name=\"twitter:label1\" content=\"Est. tempo de leitura\" \/>\n\t<meta name=\"twitter:data1\" content=\"2 minutos\" \/>\n<script type=\"application\/ld+json\" class=\"yoast-schema-graph\">{\"@context\":\"https:\\\/\\\/schema.org\",\"@graph\":[{\"@type\":\"WebPage\",\"@id\":\"https:\\\/\\\/ponteseditores.com.br\\\/loja3\\\/pontes-editores-home-2__trashed\\\/uncategorized\\\/formando-formadores-para-a-escola-basica-do-seculo-xxi-relatos-de-pesquisa-v\\\/\",\"url\":\"https:\\\/\\\/ponteseditores.com.br\\\/loja3\\\/pontes-editores-home-2__trashed\\\/uncategorized\\\/formando-formadores-para-a-escola-basica-do-seculo-xxi-relatos-de-pesquisa-v\\\/\",\"name\":\"FORMANDO FORMADORES PARA A ESCOLA B\u00c1SICA DO S\u00c9CULO XXI: RELATOS DE PESQUISA V - Pontes Editores\",\"isPartOf\":{\"@id\":\"https:\\\/\\\/ponteseditores.com.br\\\/loja3\\\/#website\"},\"primaryImageOfPage\":{\"@id\":\"https:\\\/\\\/ponteseditores.com.br\\\/loja3\\\/pontes-editores-home-2__trashed\\\/uncategorized\\\/formando-formadores-para-a-escola-basica-do-seculo-xxi-relatos-de-pesquisa-v\\\/#primaryimage\"},\"image\":{\"@id\":\"https:\\\/\\\/ponteseditores.com.br\\\/loja3\\\/pontes-editores-home-2__trashed\\\/uncategorized\\\/formando-formadores-para-a-escola-basica-do-seculo-xxi-relatos-de-pesquisa-v\\\/#primaryimage\"},\"thumbnailUrl\":\"https:\\\/\\\/ponteseditores.com.br\\\/loja3\\\/wp-content\\\/uploads\\\/2023\\\/12\\\/form1-1.jpg\",\"datePublished\":\"2023-12-15T03:54:32+00:00\",\"dateModified\":\"2023-12-15T14:55:20+00:00\",\"breadcrumb\":{\"@id\":\"https:\\\/\\\/ponteseditores.com.br\\\/loja3\\\/pontes-editores-home-2__trashed\\\/uncategorized\\\/formando-formadores-para-a-escola-basica-do-seculo-xxi-relatos-de-pesquisa-v\\\/#breadcrumb\"},\"inLanguage\":\"pt-BR\",\"potentialAction\":[{\"@type\":\"ReadAction\",\"target\":[\"https:\\\/\\\/ponteseditores.com.br\\\/loja3\\\/pontes-editores-home-2__trashed\\\/uncategorized\\\/formando-formadores-para-a-escola-basica-do-seculo-xxi-relatos-de-pesquisa-v\\\/\"]}]},{\"@type\":\"ImageObject\",\"inLanguage\":\"pt-BR\",\"@id\":\"https:\\\/\\\/ponteseditores.com.br\\\/loja3\\\/pontes-editores-home-2__trashed\\\/uncategorized\\\/formando-formadores-para-a-escola-basica-do-seculo-xxi-relatos-de-pesquisa-v\\\/#primaryimage\",\"url\":\"https:\\\/\\\/ponteseditores.com.br\\\/loja3\\\/wp-content\\\/uploads\\\/2023\\\/12\\\/form1-1.jpg\",\"contentUrl\":\"https:\\\/\\\/ponteseditores.com.br\\\/loja3\\\/wp-content\\\/uploads\\\/2023\\\/12\\\/form1-1.jpg\",\"width\":1000,\"height\":1473},{\"@type\":\"BreadcrumbList\",\"@id\":\"https:\\\/\\\/ponteseditores.com.br\\\/loja3\\\/pontes-editores-home-2__trashed\\\/uncategorized\\\/formando-formadores-para-a-escola-basica-do-seculo-xxi-relatos-de-pesquisa-v\\\/#breadcrumb\",\"itemListElement\":[{\"@type\":\"ListItem\",\"position\":1,\"name\":\"Home\",\"item\":\"https:\\\/\\\/ponteseditores.com.br\\\/loja3\\\/\"},{\"@type\":\"ListItem\",\"position\":2,\"name\":\"loja\",\"item\":\"https:\\\/\\\/ponteseditores.com.br\\\/loja3\\\/loja\\\/\"},{\"@type\":\"ListItem\",\"position\":3,\"name\":\"FORMANDO FORMADORES PARA A ESCOLA B\u00c1SICA DO S\u00c9CULO XXI: RELATOS DE PESQUISA V\"}]},{\"@type\":\"WebSite\",\"@id\":\"https:\\\/\\\/ponteseditores.com.br\\\/loja3\\\/#website\",\"url\":\"https:\\\/\\\/ponteseditores.com.br\\\/loja3\\\/\",\"name\":\"Pontes Editores\",\"description\":\"Pontes Editores\",\"publisher\":{\"@id\":\"https:\\\/\\\/ponteseditores.com.br\\\/loja3\\\/#organization\"},\"potentialAction\":[{\"@type\":\"SearchAction\",\"target\":{\"@type\":\"EntryPoint\",\"urlTemplate\":\"https:\\\/\\\/ponteseditores.com.br\\\/loja3\\\/?s={search_term_string}\"},\"query-input\":{\"@type\":\"PropertyValueSpecification\",\"valueRequired\":true,\"valueName\":\"search_term_string\"}}],\"inLanguage\":\"pt-BR\"},{\"@type\":\"Organization\",\"@id\":\"https:\\\/\\\/ponteseditores.com.br\\\/loja3\\\/#organization\",\"name\":\"Pontes Editores\",\"url\":\"https:\\\/\\\/ponteseditores.com.br\\\/loja3\\\/\",\"logo\":{\"@type\":\"ImageObject\",\"inLanguage\":\"pt-BR\",\"@id\":\"https:\\\/\\\/ponteseditores.com.br\\\/loja3\\\/#\\\/schema\\\/logo\\\/image\\\/\",\"url\":\"https:\\\/\\\/ponteseditores.com.br\\\/loja3\\\/wp-content\\\/uploads\\\/2023\\\/12\\\/logo-pontes-editores-v2.png\",\"contentUrl\":\"https:\\\/\\\/ponteseditores.com.br\\\/loja3\\\/wp-content\\\/uploads\\\/2023\\\/12\\\/logo-pontes-editores-v2.png\",\"width\":258,\"height\":100,\"caption\":\"Pontes Editores\"},\"image\":{\"@id\":\"https:\\\/\\\/ponteseditores.com.br\\\/loja3\\\/#\\\/schema\\\/logo\\\/image\\\/\"}}]}<\/script>\n<!-- \/ Yoast SEO plugin. -->","yoast_head_json":{"title":"FORMANDO FORMADORES PARA A ESCOLA B\u00c1SICA DO S\u00c9CULO XXI: RELATOS DE PESQUISA V - Pontes Editores","robots":{"index":"index","follow":"follow","max-snippet":"max-snippet:-1","max-image-preview":"max-image-preview:large","max-video-preview":"max-video-preview:-1"},"canonical":"https:\/\/ponteseditores.com.br\/loja3\/pontes-editores-home-2__trashed\/uncategorized\/formando-formadores-para-a-escola-basica-do-seculo-xxi-relatos-de-pesquisa-v\/","og_locale":"pt_BR","og_type":"article","og_title":"FORMANDO FORMADORES PARA A ESCOLA B\u00c1SICA DO S\u00c9CULO XXI: RELATOS DE PESQUISA V - Pontes Editores","og_description":"Esta quinta colet\u00e2nea \u2013 Formando Formadores para a escola b\u00e1sica do s\u00e9culo XXI: relatos de pesquisa V \u2013 tamb\u00e9m motivada pela repercuss\u00e3o das quatro anteriores, apresenta pesquisas j\u00e1 desenvolvidas no Mestrado Profissional do Programa de Estudos P\u00f3s-Graduados em Educa\u00e7\u00e3o: Forma\u00e7\u00e3o de Formadores (Formep), da PUC-SP. Pesquisas que contemplam pr\u00e1ticas vivenciadas na escola e processos formativos [&hellip;]","og_url":"https:\/\/ponteseditores.com.br\/loja3\/pontes-editores-home-2__trashed\/uncategorized\/formando-formadores-para-a-escola-basica-do-seculo-xxi-relatos-de-pesquisa-v\/","og_site_name":"Pontes Editores","article_modified_time":"2023-12-15T14:55:20+00:00","og_image":[{"width":1000,"height":1473,"url":"https:\/\/ponteseditores.com.br\/loja3\/wp-content\/uploads\/2023\/12\/form1-1.jpg","type":"image\/jpeg"}],"twitter_card":"summary_large_image","twitter_misc":{"Est. tempo de leitura":"2 minutos"},"schema":{"@context":"https:\/\/schema.org","@graph":[{"@type":"WebPage","@id":"https:\/\/ponteseditores.com.br\/loja3\/pontes-editores-home-2__trashed\/uncategorized\/formando-formadores-para-a-escola-basica-do-seculo-xxi-relatos-de-pesquisa-v\/","url":"https:\/\/ponteseditores.com.br\/loja3\/pontes-editores-home-2__trashed\/uncategorized\/formando-formadores-para-a-escola-basica-do-seculo-xxi-relatos-de-pesquisa-v\/","name":"FORMANDO FORMADORES PARA A ESCOLA B\u00c1SICA DO S\u00c9CULO XXI: RELATOS DE PESQUISA V - Pontes Editores","isPartOf":{"@id":"https:\/\/ponteseditores.com.br\/loja3\/#website"},"primaryImageOfPage":{"@id":"https:\/\/ponteseditores.com.br\/loja3\/pontes-editores-home-2__trashed\/uncategorized\/formando-formadores-para-a-escola-basica-do-seculo-xxi-relatos-de-pesquisa-v\/#primaryimage"},"image":{"@id":"https:\/\/ponteseditores.com.br\/loja3\/pontes-editores-home-2__trashed\/uncategorized\/formando-formadores-para-a-escola-basica-do-seculo-xxi-relatos-de-pesquisa-v\/#primaryimage"},"thumbnailUrl":"https:\/\/ponteseditores.com.br\/loja3\/wp-content\/uploads\/2023\/12\/form1-1.jpg","datePublished":"2023-12-15T03:54:32+00:00","dateModified":"2023-12-15T14:55:20+00:00","breadcrumb":{"@id":"https:\/\/ponteseditores.com.br\/loja3\/pontes-editores-home-2__trashed\/uncategorized\/formando-formadores-para-a-escola-basica-do-seculo-xxi-relatos-de-pesquisa-v\/#breadcrumb"},"inLanguage":"pt-BR","potentialAction":[{"@type":"ReadAction","target":["https:\/\/ponteseditores.com.br\/loja3\/pontes-editores-home-2__trashed\/uncategorized\/formando-formadores-para-a-escola-basica-do-seculo-xxi-relatos-de-pesquisa-v\/"]}]},{"@type":"ImageObject","inLanguage":"pt-BR","@id":"https:\/\/ponteseditores.com.br\/loja3\/pontes-editores-home-2__trashed\/uncategorized\/formando-formadores-para-a-escola-basica-do-seculo-xxi-relatos-de-pesquisa-v\/#primaryimage","url":"https:\/\/ponteseditores.com.br\/loja3\/wp-content\/uploads\/2023\/12\/form1-1.jpg","contentUrl":"https:\/\/ponteseditores.com.br\/loja3\/wp-content\/uploads\/2023\/12\/form1-1.jpg","width":1000,"height":1473},{"@type":"BreadcrumbList","@id":"https:\/\/ponteseditores.com.br\/loja3\/pontes-editores-home-2__trashed\/uncategorized\/formando-formadores-para-a-escola-basica-do-seculo-xxi-relatos-de-pesquisa-v\/#breadcrumb","itemListElement":[{"@type":"ListItem","position":1,"name":"Home","item":"https:\/\/ponteseditores.com.br\/loja3\/"},{"@type":"ListItem","position":2,"name":"loja","item":"https:\/\/ponteseditores.com.br\/loja3\/loja\/"},{"@type":"ListItem","position":3,"name":"FORMANDO FORMADORES PARA A ESCOLA B\u00c1SICA DO S\u00c9CULO XXI: RELATOS DE PESQUISA V"}]},{"@type":"WebSite","@id":"https:\/\/ponteseditores.com.br\/loja3\/#website","url":"https:\/\/ponteseditores.com.br\/loja3\/","name":"Pontes Editores","description":"Pontes Editores","publisher":{"@id":"https:\/\/ponteseditores.com.br\/loja3\/#organization"},"potentialAction":[{"@type":"SearchAction","target":{"@type":"EntryPoint","urlTemplate":"https:\/\/ponteseditores.com.br\/loja3\/?s={search_term_string}"},"query-input":{"@type":"PropertyValueSpecification","valueRequired":true,"valueName":"search_term_string"}}],"inLanguage":"pt-BR"},{"@type":"Organization","@id":"https:\/\/ponteseditores.com.br\/loja3\/#organization","name":"Pontes Editores","url":"https:\/\/ponteseditores.com.br\/loja3\/","logo":{"@type":"ImageObject","inLanguage":"pt-BR","@id":"https:\/\/ponteseditores.com.br\/loja3\/#\/schema\/logo\/image\/","url":"https:\/\/ponteseditores.com.br\/loja3\/wp-content\/uploads\/2023\/12\/logo-pontes-editores-v2.png","contentUrl":"https:\/\/ponteseditores.com.br\/loja3\/wp-content\/uploads\/2023\/12\/logo-pontes-editores-v2.png","width":258,"height":100,"caption":"Pontes Editores"},"image":{"@id":"https:\/\/ponteseditores.com.br\/loja3\/#\/schema\/logo\/image\/"}}]}},"_links":{"self":[{"href":"https:\/\/ponteseditores.com.br\/loja3\/wp-json\/wp\/v2\/product\/7710","targetHints":{"allow":["GET"]}}],"collection":[{"href":"https:\/\/ponteseditores.com.br\/loja3\/wp-json\/wp\/v2\/product"}],"about":[{"href":"https:\/\/ponteseditores.com.br\/loja3\/wp-json\/wp\/v2\/types\/product"}],"replies":[{"embeddable":true,"href":"https:\/\/ponteseditores.com.br\/loja3\/wp-json\/wp\/v2\/comments?post=7710"}],"version-history":[{"count":0,"href":"https:\/\/ponteseditores.com.br\/loja3\/wp-json\/wp\/v2\/product\/7710\/revisions"}],"wp:featuredmedia":[{"embeddable":true,"href":"https:\/\/ponteseditores.com.br\/loja3\/wp-json\/wp\/v2\/media\/5148"}],"wp:attachment":[{"href":"https:\/\/ponteseditores.com.br\/loja3\/wp-json\/wp\/v2\/media?parent=7710"}],"wp:term":[{"taxonomy":"product_brand","embeddable":true,"href":"https:\/\/ponteseditores.com.br\/loja3\/wp-json\/wp\/v2\/product_brand?post=7710"},{"taxonomy":"product_cat","embeddable":true,"href":"https:\/\/ponteseditores.com.br\/loja3\/wp-json\/wp\/v2\/product_cat?post=7710"},{"taxonomy":"product_tag","embeddable":true,"href":"https:\/\/ponteseditores.com.br\/loja3\/wp-json\/wp\/v2\/product_tag?post=7710"}],"curies":[{"name":"wp","href":"https:\/\/api.w.org\/{rel}","templated":true}]}}