{"id":7708,"date":"2023-12-15T00:54:21","date_gmt":"2023-12-15T03:54:21","guid":{"rendered":"https:\/\/ponteseditores.com.br\/loja3\/pontes-editores-home-2__trashed\/sem%20categoria\/desafios-da-formacao-de-professores-na-linguistica-aplicada\/"},"modified":"2024-01-12T14:28:51","modified_gmt":"2024-01-12T17:28:51","slug":"desafios-da-formacao-de-professores-na-linguistica-aplicada","status":"publish","type":"product","link":"https:\/\/ponteseditores.com.br\/loja3\/pontes-editores-home-2__trashed\/uncategorized\/desafios-da-formacao-de-professores-na-linguistica-aplicada\/","title":{"rendered":"DESAFIOS DA FORMA\u00c7\u00c3O DE PROFESSORES NA LINGU\u00cdSTICA APLICADA"},"content":{"rendered":"<p>Este livro re\u00fane estudos no \u00e2mbito da forma\u00e7\u00e3o de professores, em diferentes vertentes da Lingu\u00edstica Aplicada. Aborda relevantes tem\u00e1ticas na contemporaneidade para reflex\u00f5es e pr\u00e1ticas de linguagem de professores de l\u00ednguas e formadores desses profissionais. S\u00e3o descritos distintos cen\u00e1rios das pol\u00edticas de ensino e forma\u00e7\u00e3o de professores de l\u00ednguas, conduzidas de forma mais ou menos planejada em diferentes pa\u00edses e por diferentes agentes. Os cap\u00edtulos s\u00e3o escritos por linguistas aplicados atuantes na Am\u00e9rica do Norte e, principalmente, na Am\u00e9rica Latina, contemplando representantes do Brasil, Canad\u00e1, Chile, M\u00e9xico e Uruguai. S\u00e3o onze textos selecionados nos quais v\u00e1rias vozes se encontram e compartilham experi\u00eancias valorosas, que podem ser acolhidas ou confrontadas pelos leitores, possibilitando a continuidade do di\u00e1logo. Esta colet\u00e2nea destina-se a alunos de gradua\u00e7\u00e3o em Letras e em Pedagogia, p\u00f3s-graduandos e professores, os quais, a partir do di\u00e1logo suscitado pelos autores, poder\u00e3o visualizar a complexidade dos processos envolvidos em ser e formar professores.<\/p>\n","protected":false},"excerpt":{"rendered":"<p>Este livro re\u00fane estudos no \u00e2mbito da forma\u00e7\u00e3o de professores, em diferentes vertentes da Lingu\u00edstica Aplicada. Aborda relevantes tem\u00e1ticas na contemporaneidade para reflex\u00f5es e pr\u00e1ticas de linguagem de professores de l\u00ednguas e formadores desses profissionais. S\u00e3o descritos distintos cen\u00e1rios das pol\u00edticas de ensino e forma\u00e7\u00e3o de professores de l\u00ednguas, conduzidas de forma mais ou menos [&hellip;]<\/p>\n","protected":false},"featured_media":9604,"comment_status":"open","ping_status":"closed","template":"","meta":{"_joinchat":[]},"product_brand":[],"product_cat":[15],"product_tag":[],"class_list":{"0":"post-7708","1":"product","2":"type-product","3":"status-publish","4":"has-post-thumbnail","6":"product_cat-uncategorized","7":"product_shipping_class-livro-pontes-editores-fisico","9":"first","10":"instock","11":"shipping-taxable","12":"purchasable","13":"product-type-simple"},"yoast_head":"<!-- This site is optimized with the Yoast SEO plugin v27.4 - https:\/\/yoast.com\/product\/yoast-seo-wordpress\/ -->\n<title>DESAFIOS DA FORMA\u00c7\u00c3O DE PROFESSORES NA LINGU\u00cdSTICA APLICADA - Pontes Editores<\/title>\n<meta name=\"robots\" content=\"index, follow, max-snippet:-1, max-image-preview:large, max-video-preview:-1\" \/>\n<link rel=\"canonical\" href=\"https:\/\/ponteseditores.com.br\/loja3\/pontes-editores-home-2__trashed\/uncategorized\/desafios-da-formacao-de-professores-na-linguistica-aplicada\/\" \/>\n<meta property=\"og:locale\" content=\"pt_BR\" \/>\n<meta property=\"og:type\" content=\"article\" \/>\n<meta property=\"og:title\" content=\"DESAFIOS DA FORMA\u00c7\u00c3O DE PROFESSORES NA LINGU\u00cdSTICA APLICADA - Pontes Editores\" \/>\n<meta property=\"og:description\" content=\"Este livro re\u00fane estudos no \u00e2mbito da forma\u00e7\u00e3o de professores, em diferentes vertentes da Lingu\u00edstica Aplicada. Aborda relevantes tem\u00e1ticas na contemporaneidade para reflex\u00f5es e pr\u00e1ticas de linguagem de professores de l\u00ednguas e formadores desses profissionais. S\u00e3o descritos distintos cen\u00e1rios das pol\u00edticas de ensino e forma\u00e7\u00e3o de professores de l\u00ednguas, conduzidas de forma mais ou menos [&hellip;]\" \/>\n<meta property=\"og:url\" content=\"https:\/\/ponteseditores.com.br\/loja3\/pontes-editores-home-2__trashed\/uncategorized\/desafios-da-formacao-de-professores-na-linguistica-aplicada\/\" \/>\n<meta property=\"og:site_name\" content=\"Pontes Editores\" \/>\n<meta property=\"article:modified_time\" content=\"2024-01-12T17:28:51+00:00\" \/>\n<meta property=\"og:image\" content=\"https:\/\/ponteseditores.com.br\/loja3\/wp-content\/uploads\/2023\/12\/desafios-da-formacao-de-professores-na-ling-aplic-capa-.jpg\" \/>\n\t<meta property=\"og:image:width\" content=\"510\" \/>\n\t<meta property=\"og:image:height\" content=\"768\" \/>\n\t<meta property=\"og:image:type\" content=\"image\/jpeg\" \/>\n<meta name=\"twitter:card\" content=\"summary_large_image\" \/>\n<meta name=\"twitter:label1\" content=\"Est. tempo de leitura\" \/>\n\t<meta name=\"twitter:data1\" content=\"2 minutos\" \/>\n<script type=\"application\/ld+json\" class=\"yoast-schema-graph\">{\"@context\":\"https:\\\/\\\/schema.org\",\"@graph\":[{\"@type\":\"WebPage\",\"@id\":\"https:\\\/\\\/ponteseditores.com.br\\\/loja3\\\/pontes-editores-home-2__trashed\\\/uncategorized\\\/desafios-da-formacao-de-professores-na-linguistica-aplicada\\\/\",\"url\":\"https:\\\/\\\/ponteseditores.com.br\\\/loja3\\\/pontes-editores-home-2__trashed\\\/uncategorized\\\/desafios-da-formacao-de-professores-na-linguistica-aplicada\\\/\",\"name\":\"DESAFIOS DA FORMA\u00c7\u00c3O DE PROFESSORES NA LINGU\u00cdSTICA APLICADA - Pontes Editores\",\"isPartOf\":{\"@id\":\"https:\\\/\\\/ponteseditores.com.br\\\/loja3\\\/#website\"},\"primaryImageOfPage\":{\"@id\":\"https:\\\/\\\/ponteseditores.com.br\\\/loja3\\\/pontes-editores-home-2__trashed\\\/uncategorized\\\/desafios-da-formacao-de-professores-na-linguistica-aplicada\\\/#primaryimage\"},\"image\":{\"@id\":\"https:\\\/\\\/ponteseditores.com.br\\\/loja3\\\/pontes-editores-home-2__trashed\\\/uncategorized\\\/desafios-da-formacao-de-professores-na-linguistica-aplicada\\\/#primaryimage\"},\"thumbnailUrl\":\"https:\\\/\\\/ponteseditores.com.br\\\/loja3\\\/wp-content\\\/uploads\\\/2023\\\/12\\\/desafios-da-formacao-de-professores-na-ling-aplic-capa-.jpg\",\"datePublished\":\"2023-12-15T03:54:21+00:00\",\"dateModified\":\"2024-01-12T17:28:51+00:00\",\"breadcrumb\":{\"@id\":\"https:\\\/\\\/ponteseditores.com.br\\\/loja3\\\/pontes-editores-home-2__trashed\\\/uncategorized\\\/desafios-da-formacao-de-professores-na-linguistica-aplicada\\\/#breadcrumb\"},\"inLanguage\":\"pt-BR\",\"potentialAction\":[{\"@type\":\"ReadAction\",\"target\":[\"https:\\\/\\\/ponteseditores.com.br\\\/loja3\\\/pontes-editores-home-2__trashed\\\/uncategorized\\\/desafios-da-formacao-de-professores-na-linguistica-aplicada\\\/\"]}]},{\"@type\":\"ImageObject\",\"inLanguage\":\"pt-BR\",\"@id\":\"https:\\\/\\\/ponteseditores.com.br\\\/loja3\\\/pontes-editores-home-2__trashed\\\/uncategorized\\\/desafios-da-formacao-de-professores-na-linguistica-aplicada\\\/#primaryimage\",\"url\":\"https:\\\/\\\/ponteseditores.com.br\\\/loja3\\\/wp-content\\\/uploads\\\/2023\\\/12\\\/desafios-da-formacao-de-professores-na-ling-aplic-capa-.jpg\",\"contentUrl\":\"https:\\\/\\\/ponteseditores.com.br\\\/loja3\\\/wp-content\\\/uploads\\\/2023\\\/12\\\/desafios-da-formacao-de-professores-na-ling-aplic-capa-.jpg\",\"width\":510,\"height\":768},{\"@type\":\"BreadcrumbList\",\"@id\":\"https:\\\/\\\/ponteseditores.com.br\\\/loja3\\\/pontes-editores-home-2__trashed\\\/uncategorized\\\/desafios-da-formacao-de-professores-na-linguistica-aplicada\\\/#breadcrumb\",\"itemListElement\":[{\"@type\":\"ListItem\",\"position\":1,\"name\":\"Home\",\"item\":\"https:\\\/\\\/ponteseditores.com.br\\\/loja3\\\/\"},{\"@type\":\"ListItem\",\"position\":2,\"name\":\"loja\",\"item\":\"https:\\\/\\\/ponteseditores.com.br\\\/loja3\\\/loja\\\/\"},{\"@type\":\"ListItem\",\"position\":3,\"name\":\"DESAFIOS DA FORMA\u00c7\u00c3O DE PROFESSORES NA LINGU\u00cdSTICA APLICADA\"}]},{\"@type\":\"WebSite\",\"@id\":\"https:\\\/\\\/ponteseditores.com.br\\\/loja3\\\/#website\",\"url\":\"https:\\\/\\\/ponteseditores.com.br\\\/loja3\\\/\",\"name\":\"Pontes Editores\",\"description\":\"Pontes Editores\",\"publisher\":{\"@id\":\"https:\\\/\\\/ponteseditores.com.br\\\/loja3\\\/#organization\"},\"potentialAction\":[{\"@type\":\"SearchAction\",\"target\":{\"@type\":\"EntryPoint\",\"urlTemplate\":\"https:\\\/\\\/ponteseditores.com.br\\\/loja3\\\/?s={search_term_string}\"},\"query-input\":{\"@type\":\"PropertyValueSpecification\",\"valueRequired\":true,\"valueName\":\"search_term_string\"}}],\"inLanguage\":\"pt-BR\"},{\"@type\":\"Organization\",\"@id\":\"https:\\\/\\\/ponteseditores.com.br\\\/loja3\\\/#organization\",\"name\":\"Pontes Editores\",\"url\":\"https:\\\/\\\/ponteseditores.com.br\\\/loja3\\\/\",\"logo\":{\"@type\":\"ImageObject\",\"inLanguage\":\"pt-BR\",\"@id\":\"https:\\\/\\\/ponteseditores.com.br\\\/loja3\\\/#\\\/schema\\\/logo\\\/image\\\/\",\"url\":\"https:\\\/\\\/ponteseditores.com.br\\\/loja3\\\/wp-content\\\/uploads\\\/2023\\\/12\\\/logo-pontes-editores-v2.png\",\"contentUrl\":\"https:\\\/\\\/ponteseditores.com.br\\\/loja3\\\/wp-content\\\/uploads\\\/2023\\\/12\\\/logo-pontes-editores-v2.png\",\"width\":258,\"height\":100,\"caption\":\"Pontes Editores\"},\"image\":{\"@id\":\"https:\\\/\\\/ponteseditores.com.br\\\/loja3\\\/#\\\/schema\\\/logo\\\/image\\\/\"}}]}<\/script>\n<!-- \/ Yoast SEO plugin. -->","yoast_head_json":{"title":"DESAFIOS DA FORMA\u00c7\u00c3O DE PROFESSORES NA LINGU\u00cdSTICA APLICADA - Pontes Editores","robots":{"index":"index","follow":"follow","max-snippet":"max-snippet:-1","max-image-preview":"max-image-preview:large","max-video-preview":"max-video-preview:-1"},"canonical":"https:\/\/ponteseditores.com.br\/loja3\/pontes-editores-home-2__trashed\/uncategorized\/desafios-da-formacao-de-professores-na-linguistica-aplicada\/","og_locale":"pt_BR","og_type":"article","og_title":"DESAFIOS DA FORMA\u00c7\u00c3O DE PROFESSORES NA LINGU\u00cdSTICA APLICADA - Pontes Editores","og_description":"Este livro re\u00fane estudos no \u00e2mbito da forma\u00e7\u00e3o de professores, em diferentes vertentes da Lingu\u00edstica Aplicada. Aborda relevantes tem\u00e1ticas na contemporaneidade para reflex\u00f5es e pr\u00e1ticas de linguagem de professores de l\u00ednguas e formadores desses profissionais. S\u00e3o descritos distintos cen\u00e1rios das pol\u00edticas de ensino e forma\u00e7\u00e3o de professores de l\u00ednguas, conduzidas de forma mais ou menos [&hellip;]","og_url":"https:\/\/ponteseditores.com.br\/loja3\/pontes-editores-home-2__trashed\/uncategorized\/desafios-da-formacao-de-professores-na-linguistica-aplicada\/","og_site_name":"Pontes Editores","article_modified_time":"2024-01-12T17:28:51+00:00","og_image":[{"width":510,"height":768,"url":"https:\/\/ponteseditores.com.br\/loja3\/wp-content\/uploads\/2023\/12\/desafios-da-formacao-de-professores-na-ling-aplic-capa-.jpg","type":"image\/jpeg"}],"twitter_card":"summary_large_image","twitter_misc":{"Est. tempo de leitura":"2 minutos"},"schema":{"@context":"https:\/\/schema.org","@graph":[{"@type":"WebPage","@id":"https:\/\/ponteseditores.com.br\/loja3\/pontes-editores-home-2__trashed\/uncategorized\/desafios-da-formacao-de-professores-na-linguistica-aplicada\/","url":"https:\/\/ponteseditores.com.br\/loja3\/pontes-editores-home-2__trashed\/uncategorized\/desafios-da-formacao-de-professores-na-linguistica-aplicada\/","name":"DESAFIOS DA FORMA\u00c7\u00c3O DE PROFESSORES NA LINGU\u00cdSTICA APLICADA - Pontes Editores","isPartOf":{"@id":"https:\/\/ponteseditores.com.br\/loja3\/#website"},"primaryImageOfPage":{"@id":"https:\/\/ponteseditores.com.br\/loja3\/pontes-editores-home-2__trashed\/uncategorized\/desafios-da-formacao-de-professores-na-linguistica-aplicada\/#primaryimage"},"image":{"@id":"https:\/\/ponteseditores.com.br\/loja3\/pontes-editores-home-2__trashed\/uncategorized\/desafios-da-formacao-de-professores-na-linguistica-aplicada\/#primaryimage"},"thumbnailUrl":"https:\/\/ponteseditores.com.br\/loja3\/wp-content\/uploads\/2023\/12\/desafios-da-formacao-de-professores-na-ling-aplic-capa-.jpg","datePublished":"2023-12-15T03:54:21+00:00","dateModified":"2024-01-12T17:28:51+00:00","breadcrumb":{"@id":"https:\/\/ponteseditores.com.br\/loja3\/pontes-editores-home-2__trashed\/uncategorized\/desafios-da-formacao-de-professores-na-linguistica-aplicada\/#breadcrumb"},"inLanguage":"pt-BR","potentialAction":[{"@type":"ReadAction","target":["https:\/\/ponteseditores.com.br\/loja3\/pontes-editores-home-2__trashed\/uncategorized\/desafios-da-formacao-de-professores-na-linguistica-aplicada\/"]}]},{"@type":"ImageObject","inLanguage":"pt-BR","@id":"https:\/\/ponteseditores.com.br\/loja3\/pontes-editores-home-2__trashed\/uncategorized\/desafios-da-formacao-de-professores-na-linguistica-aplicada\/#primaryimage","url":"https:\/\/ponteseditores.com.br\/loja3\/wp-content\/uploads\/2023\/12\/desafios-da-formacao-de-professores-na-ling-aplic-capa-.jpg","contentUrl":"https:\/\/ponteseditores.com.br\/loja3\/wp-content\/uploads\/2023\/12\/desafios-da-formacao-de-professores-na-ling-aplic-capa-.jpg","width":510,"height":768},{"@type":"BreadcrumbList","@id":"https:\/\/ponteseditores.com.br\/loja3\/pontes-editores-home-2__trashed\/uncategorized\/desafios-da-formacao-de-professores-na-linguistica-aplicada\/#breadcrumb","itemListElement":[{"@type":"ListItem","position":1,"name":"Home","item":"https:\/\/ponteseditores.com.br\/loja3\/"},{"@type":"ListItem","position":2,"name":"loja","item":"https:\/\/ponteseditores.com.br\/loja3\/loja\/"},{"@type":"ListItem","position":3,"name":"DESAFIOS DA FORMA\u00c7\u00c3O DE PROFESSORES NA LINGU\u00cdSTICA APLICADA"}]},{"@type":"WebSite","@id":"https:\/\/ponteseditores.com.br\/loja3\/#website","url":"https:\/\/ponteseditores.com.br\/loja3\/","name":"Pontes Editores","description":"Pontes Editores","publisher":{"@id":"https:\/\/ponteseditores.com.br\/loja3\/#organization"},"potentialAction":[{"@type":"SearchAction","target":{"@type":"EntryPoint","urlTemplate":"https:\/\/ponteseditores.com.br\/loja3\/?s={search_term_string}"},"query-input":{"@type":"PropertyValueSpecification","valueRequired":true,"valueName":"search_term_string"}}],"inLanguage":"pt-BR"},{"@type":"Organization","@id":"https:\/\/ponteseditores.com.br\/loja3\/#organization","name":"Pontes Editores","url":"https:\/\/ponteseditores.com.br\/loja3\/","logo":{"@type":"ImageObject","inLanguage":"pt-BR","@id":"https:\/\/ponteseditores.com.br\/loja3\/#\/schema\/logo\/image\/","url":"https:\/\/ponteseditores.com.br\/loja3\/wp-content\/uploads\/2023\/12\/logo-pontes-editores-v2.png","contentUrl":"https:\/\/ponteseditores.com.br\/loja3\/wp-content\/uploads\/2023\/12\/logo-pontes-editores-v2.png","width":258,"height":100,"caption":"Pontes Editores"},"image":{"@id":"https:\/\/ponteseditores.com.br\/loja3\/#\/schema\/logo\/image\/"}}]}},"_links":{"self":[{"href":"https:\/\/ponteseditores.com.br\/loja3\/wp-json\/wp\/v2\/product\/7708","targetHints":{"allow":["GET"]}}],"collection":[{"href":"https:\/\/ponteseditores.com.br\/loja3\/wp-json\/wp\/v2\/product"}],"about":[{"href":"https:\/\/ponteseditores.com.br\/loja3\/wp-json\/wp\/v2\/types\/product"}],"replies":[{"embeddable":true,"href":"https:\/\/ponteseditores.com.br\/loja3\/wp-json\/wp\/v2\/comments?post=7708"}],"version-history":[{"count":0,"href":"https:\/\/ponteseditores.com.br\/loja3\/wp-json\/wp\/v2\/product\/7708\/revisions"}],"wp:featuredmedia":[{"embeddable":true,"href":"https:\/\/ponteseditores.com.br\/loja3\/wp-json\/wp\/v2\/media\/9604"}],"wp:attachment":[{"href":"https:\/\/ponteseditores.com.br\/loja3\/wp-json\/wp\/v2\/media?parent=7708"}],"wp:term":[{"taxonomy":"product_brand","embeddable":true,"href":"https:\/\/ponteseditores.com.br\/loja3\/wp-json\/wp\/v2\/product_brand?post=7708"},{"taxonomy":"product_cat","embeddable":true,"href":"https:\/\/ponteseditores.com.br\/loja3\/wp-json\/wp\/v2\/product_cat?post=7708"},{"taxonomy":"product_tag","embeddable":true,"href":"https:\/\/ponteseditores.com.br\/loja3\/wp-json\/wp\/v2\/product_tag?post=7708"}],"curies":[{"name":"wp","href":"https:\/\/api.w.org\/{rel}","templated":true}]}}