{"id":7705,"date":"2023-12-15T00:54:15","date_gmt":"2023-12-15T03:54:15","guid":{"rendered":"https:\/\/ponteseditores.com.br\/loja3\/pontes-editores-home-2__trashed\/sem%20categoria\/formando-formadores-para-a-escola-basica-do-seculo-xxi-relatos-de-pesquisa-ii\/"},"modified":"2024-01-10T17:16:30","modified_gmt":"2024-01-10T20:16:30","slug":"formando-formadores-para-a-escola-basica-do-seculo-xxi-relatos-de-pesquisa-ii","status":"publish","type":"product","link":"https:\/\/ponteseditores.com.br\/loja3\/pontes-editores-home-2__trashed\/uncategorized\/formando-formadores-para-a-escola-basica-do-seculo-xxi-relatos-de-pesquisa-ii\/","title":{"rendered":"FORMANDO FORMADORES PARA A ESCOLA B\u00c1SICA DO S\u00c9CULO XXI: RELATOS DE PESQUISA II"},"content":{"rendered":"<p>Considerando a repercuss\u00e3o da publica\u00e7\u00e3o Formando formadores para a escola b\u00e1sica do s\u00e9culo XXI: relatos de pesquisa, apresentamos uma nova colet\u00e2nea, com relatos de pesquisas desenvolvidas no Programa de Estudos P\u00f3s-Graduados em Educa\u00e7\u00e3o: Forma\u00e7\u00e3o de Formadores &#8211; Mestrado Profissional (Formep), da Pontif\u00edcia Universidade Cat\u00f3lica de S\u00e3o Paulo (PUC-SP), al\u00e9m de cap\u00edtulos produzidos por docentes e ex-orientandos e pesquisadores de outros mestrados profissionais. Reitera-se nesta segunda Colet\u00e2nea o processo de parceria, ao conferir o estatuto de coautoria ao (ex)orientando e seu orientador, demarcando mais uma vez a voca\u00e7\u00e3o formativa dos mestrados profissionais aqui representados, no que diz respeito \u00e0 realiza\u00e7\u00e3o da an\u00e1lise fundamentada da pr\u00e1tica, consubstanciada por diferentes pesquisas de sua fun\u00e7\u00e3o formativa.<\/p>\n","protected":false},"excerpt":{"rendered":"<p>Considerando a repercuss\u00e3o da publica\u00e7\u00e3o Formando formadores para a escola b\u00e1sica do s\u00e9culo XXI: relatos de pesquisa, apresentamos uma nova colet\u00e2nea, com relatos de pesquisas desenvolvidas no Programa de Estudos P\u00f3s-Graduados em Educa\u00e7\u00e3o: Forma\u00e7\u00e3o de Formadores &#8211; Mestrado Profissional (Formep), da Pontif\u00edcia Universidade Cat\u00f3lica de S\u00e3o Paulo (PUC-SP), al\u00e9m de cap\u00edtulos produzidos por docentes e [&hellip;]<\/p>\n","protected":false},"featured_media":7704,"comment_status":"open","ping_status":"closed","template":"","meta":{"_joinchat":[]},"product_brand":[],"product_cat":[15],"product_tag":[],"class_list":{"0":"post-7705","1":"product","2":"type-product","3":"status-publish","4":"has-post-thumbnail","6":"product_cat-uncategorized","7":"product_shipping_class-livro-pontes-editores-fisico","9":"first","10":"instock","11":"shipping-taxable","12":"purchasable","13":"product-type-simple"},"yoast_head":"<!-- This site is optimized with the Yoast SEO plugin v27.4 - https:\/\/yoast.com\/product\/yoast-seo-wordpress\/ -->\n<title>FORMANDO FORMADORES PARA A ESCOLA B\u00c1SICA DO S\u00c9CULO XXI: RELATOS DE PESQUISA II - Pontes Editores<\/title>\n<meta name=\"robots\" content=\"index, follow, max-snippet:-1, max-image-preview:large, max-video-preview:-1\" \/>\n<link rel=\"canonical\" href=\"https:\/\/ponteseditores.com.br\/loja3\/pontes-editores-home-2__trashed\/uncategorized\/formando-formadores-para-a-escola-basica-do-seculo-xxi-relatos-de-pesquisa-ii\/\" \/>\n<meta property=\"og:locale\" content=\"pt_BR\" \/>\n<meta property=\"og:type\" content=\"article\" \/>\n<meta property=\"og:title\" content=\"FORMANDO FORMADORES PARA A ESCOLA B\u00c1SICA DO S\u00c9CULO XXI: RELATOS DE PESQUISA II - Pontes Editores\" \/>\n<meta property=\"og:description\" content=\"Considerando a repercuss\u00e3o da publica\u00e7\u00e3o Formando formadores para a escola b\u00e1sica do s\u00e9culo XXI: relatos de pesquisa, apresentamos uma nova colet\u00e2nea, com relatos de pesquisas desenvolvidas no Programa de Estudos P\u00f3s-Graduados em Educa\u00e7\u00e3o: Forma\u00e7\u00e3o de Formadores &#8211; Mestrado Profissional (Formep), da Pontif\u00edcia Universidade Cat\u00f3lica de S\u00e3o Paulo (PUC-SP), al\u00e9m de cap\u00edtulos produzidos por docentes e [&hellip;]\" \/>\n<meta property=\"og:url\" content=\"https:\/\/ponteseditores.com.br\/loja3\/pontes-editores-home-2__trashed\/uncategorized\/formando-formadores-para-a-escola-basica-do-seculo-xxi-relatos-de-pesquisa-ii\/\" \/>\n<meta property=\"og:site_name\" content=\"Pontes Editores\" \/>\n<meta property=\"article:modified_time\" content=\"2024-01-10T20:16:30+00:00\" \/>\n<meta property=\"og:image\" content=\"https:\/\/ponteseditores.com.br\/loja3\/wp-content\/uploads\/2023\/12\/820-20form1.jpg\" \/>\n\t<meta property=\"og:image:width\" content=\"512\" \/>\n\t<meta property=\"og:image:height\" content=\"768\" \/>\n\t<meta property=\"og:image:type\" content=\"image\/jpeg\" \/>\n<meta name=\"twitter:card\" content=\"summary_large_image\" \/>\n<meta name=\"twitter:label1\" content=\"Est. tempo de leitura\" \/>\n\t<meta name=\"twitter:data1\" content=\"1 minuto\" \/>\n<script type=\"application\/ld+json\" class=\"yoast-schema-graph\">{\"@context\":\"https:\\\/\\\/schema.org\",\"@graph\":[{\"@type\":\"WebPage\",\"@id\":\"https:\\\/\\\/ponteseditores.com.br\\\/loja3\\\/pontes-editores-home-2__trashed\\\/uncategorized\\\/formando-formadores-para-a-escola-basica-do-seculo-xxi-relatos-de-pesquisa-ii\\\/\",\"url\":\"https:\\\/\\\/ponteseditores.com.br\\\/loja3\\\/pontes-editores-home-2__trashed\\\/uncategorized\\\/formando-formadores-para-a-escola-basica-do-seculo-xxi-relatos-de-pesquisa-ii\\\/\",\"name\":\"FORMANDO FORMADORES PARA A ESCOLA B\u00c1SICA DO S\u00c9CULO XXI: RELATOS DE PESQUISA II - Pontes Editores\",\"isPartOf\":{\"@id\":\"https:\\\/\\\/ponteseditores.com.br\\\/loja3\\\/#website\"},\"primaryImageOfPage\":{\"@id\":\"https:\\\/\\\/ponteseditores.com.br\\\/loja3\\\/pontes-editores-home-2__trashed\\\/uncategorized\\\/formando-formadores-para-a-escola-basica-do-seculo-xxi-relatos-de-pesquisa-ii\\\/#primaryimage\"},\"image\":{\"@id\":\"https:\\\/\\\/ponteseditores.com.br\\\/loja3\\\/pontes-editores-home-2__trashed\\\/uncategorized\\\/formando-formadores-para-a-escola-basica-do-seculo-xxi-relatos-de-pesquisa-ii\\\/#primaryimage\"},\"thumbnailUrl\":\"https:\\\/\\\/ponteseditores.com.br\\\/loja3\\\/wp-content\\\/uploads\\\/2023\\\/12\\\/820-20form1.jpg\",\"datePublished\":\"2023-12-15T03:54:15+00:00\",\"dateModified\":\"2024-01-10T20:16:30+00:00\",\"breadcrumb\":{\"@id\":\"https:\\\/\\\/ponteseditores.com.br\\\/loja3\\\/pontes-editores-home-2__trashed\\\/uncategorized\\\/formando-formadores-para-a-escola-basica-do-seculo-xxi-relatos-de-pesquisa-ii\\\/#breadcrumb\"},\"inLanguage\":\"pt-BR\",\"potentialAction\":[{\"@type\":\"ReadAction\",\"target\":[\"https:\\\/\\\/ponteseditores.com.br\\\/loja3\\\/pontes-editores-home-2__trashed\\\/uncategorized\\\/formando-formadores-para-a-escola-basica-do-seculo-xxi-relatos-de-pesquisa-ii\\\/\"]}]},{\"@type\":\"ImageObject\",\"inLanguage\":\"pt-BR\",\"@id\":\"https:\\\/\\\/ponteseditores.com.br\\\/loja3\\\/pontes-editores-home-2__trashed\\\/uncategorized\\\/formando-formadores-para-a-escola-basica-do-seculo-xxi-relatos-de-pesquisa-ii\\\/#primaryimage\",\"url\":\"https:\\\/\\\/ponteseditores.com.br\\\/loja3\\\/wp-content\\\/uploads\\\/2023\\\/12\\\/820-20form1.jpg\",\"contentUrl\":\"https:\\\/\\\/ponteseditores.com.br\\\/loja3\\\/wp-content\\\/uploads\\\/2023\\\/12\\\/820-20form1.jpg\",\"width\":512,\"height\":768},{\"@type\":\"BreadcrumbList\",\"@id\":\"https:\\\/\\\/ponteseditores.com.br\\\/loja3\\\/pontes-editores-home-2__trashed\\\/uncategorized\\\/formando-formadores-para-a-escola-basica-do-seculo-xxi-relatos-de-pesquisa-ii\\\/#breadcrumb\",\"itemListElement\":[{\"@type\":\"ListItem\",\"position\":1,\"name\":\"Home\",\"item\":\"https:\\\/\\\/ponteseditores.com.br\\\/loja3\\\/\"},{\"@type\":\"ListItem\",\"position\":2,\"name\":\"loja\",\"item\":\"https:\\\/\\\/ponteseditores.com.br\\\/loja3\\\/loja\\\/\"},{\"@type\":\"ListItem\",\"position\":3,\"name\":\"FORMANDO FORMADORES PARA A ESCOLA B\u00c1SICA DO S\u00c9CULO XXI: RELATOS DE PESQUISA II\"}]},{\"@type\":\"WebSite\",\"@id\":\"https:\\\/\\\/ponteseditores.com.br\\\/loja3\\\/#website\",\"url\":\"https:\\\/\\\/ponteseditores.com.br\\\/loja3\\\/\",\"name\":\"Pontes Editores\",\"description\":\"Pontes Editores\",\"publisher\":{\"@id\":\"https:\\\/\\\/ponteseditores.com.br\\\/loja3\\\/#organization\"},\"potentialAction\":[{\"@type\":\"SearchAction\",\"target\":{\"@type\":\"EntryPoint\",\"urlTemplate\":\"https:\\\/\\\/ponteseditores.com.br\\\/loja3\\\/?s={search_term_string}\"},\"query-input\":{\"@type\":\"PropertyValueSpecification\",\"valueRequired\":true,\"valueName\":\"search_term_string\"}}],\"inLanguage\":\"pt-BR\"},{\"@type\":\"Organization\",\"@id\":\"https:\\\/\\\/ponteseditores.com.br\\\/loja3\\\/#organization\",\"name\":\"Pontes Editores\",\"url\":\"https:\\\/\\\/ponteseditores.com.br\\\/loja3\\\/\",\"logo\":{\"@type\":\"ImageObject\",\"inLanguage\":\"pt-BR\",\"@id\":\"https:\\\/\\\/ponteseditores.com.br\\\/loja3\\\/#\\\/schema\\\/logo\\\/image\\\/\",\"url\":\"https:\\\/\\\/ponteseditores.com.br\\\/loja3\\\/wp-content\\\/uploads\\\/2023\\\/12\\\/logo-pontes-editores-v2.png\",\"contentUrl\":\"https:\\\/\\\/ponteseditores.com.br\\\/loja3\\\/wp-content\\\/uploads\\\/2023\\\/12\\\/logo-pontes-editores-v2.png\",\"width\":258,\"height\":100,\"caption\":\"Pontes Editores\"},\"image\":{\"@id\":\"https:\\\/\\\/ponteseditores.com.br\\\/loja3\\\/#\\\/schema\\\/logo\\\/image\\\/\"}}]}<\/script>\n<!-- \/ Yoast SEO plugin. -->","yoast_head_json":{"title":"FORMANDO FORMADORES PARA A ESCOLA B\u00c1SICA DO S\u00c9CULO XXI: RELATOS DE PESQUISA II - Pontes Editores","robots":{"index":"index","follow":"follow","max-snippet":"max-snippet:-1","max-image-preview":"max-image-preview:large","max-video-preview":"max-video-preview:-1"},"canonical":"https:\/\/ponteseditores.com.br\/loja3\/pontes-editores-home-2__trashed\/uncategorized\/formando-formadores-para-a-escola-basica-do-seculo-xxi-relatos-de-pesquisa-ii\/","og_locale":"pt_BR","og_type":"article","og_title":"FORMANDO FORMADORES PARA A ESCOLA B\u00c1SICA DO S\u00c9CULO XXI: RELATOS DE PESQUISA II - Pontes Editores","og_description":"Considerando a repercuss\u00e3o da publica\u00e7\u00e3o Formando formadores para a escola b\u00e1sica do s\u00e9culo XXI: relatos de pesquisa, apresentamos uma nova colet\u00e2nea, com relatos de pesquisas desenvolvidas no Programa de Estudos P\u00f3s-Graduados em Educa\u00e7\u00e3o: Forma\u00e7\u00e3o de Formadores &#8211; Mestrado Profissional (Formep), da Pontif\u00edcia Universidade Cat\u00f3lica de S\u00e3o Paulo (PUC-SP), al\u00e9m de cap\u00edtulos produzidos por docentes e [&hellip;]","og_url":"https:\/\/ponteseditores.com.br\/loja3\/pontes-editores-home-2__trashed\/uncategorized\/formando-formadores-para-a-escola-basica-do-seculo-xxi-relatos-de-pesquisa-ii\/","og_site_name":"Pontes Editores","article_modified_time":"2024-01-10T20:16:30+00:00","og_image":[{"width":512,"height":768,"url":"https:\/\/ponteseditores.com.br\/loja3\/wp-content\/uploads\/2023\/12\/820-20form1.jpg","type":"image\/jpeg"}],"twitter_card":"summary_large_image","twitter_misc":{"Est. tempo de leitura":"1 minuto"},"schema":{"@context":"https:\/\/schema.org","@graph":[{"@type":"WebPage","@id":"https:\/\/ponteseditores.com.br\/loja3\/pontes-editores-home-2__trashed\/uncategorized\/formando-formadores-para-a-escola-basica-do-seculo-xxi-relatos-de-pesquisa-ii\/","url":"https:\/\/ponteseditores.com.br\/loja3\/pontes-editores-home-2__trashed\/uncategorized\/formando-formadores-para-a-escola-basica-do-seculo-xxi-relatos-de-pesquisa-ii\/","name":"FORMANDO FORMADORES PARA A ESCOLA B\u00c1SICA DO S\u00c9CULO XXI: RELATOS DE PESQUISA II - Pontes Editores","isPartOf":{"@id":"https:\/\/ponteseditores.com.br\/loja3\/#website"},"primaryImageOfPage":{"@id":"https:\/\/ponteseditores.com.br\/loja3\/pontes-editores-home-2__trashed\/uncategorized\/formando-formadores-para-a-escola-basica-do-seculo-xxi-relatos-de-pesquisa-ii\/#primaryimage"},"image":{"@id":"https:\/\/ponteseditores.com.br\/loja3\/pontes-editores-home-2__trashed\/uncategorized\/formando-formadores-para-a-escola-basica-do-seculo-xxi-relatos-de-pesquisa-ii\/#primaryimage"},"thumbnailUrl":"https:\/\/ponteseditores.com.br\/loja3\/wp-content\/uploads\/2023\/12\/820-20form1.jpg","datePublished":"2023-12-15T03:54:15+00:00","dateModified":"2024-01-10T20:16:30+00:00","breadcrumb":{"@id":"https:\/\/ponteseditores.com.br\/loja3\/pontes-editores-home-2__trashed\/uncategorized\/formando-formadores-para-a-escola-basica-do-seculo-xxi-relatos-de-pesquisa-ii\/#breadcrumb"},"inLanguage":"pt-BR","potentialAction":[{"@type":"ReadAction","target":["https:\/\/ponteseditores.com.br\/loja3\/pontes-editores-home-2__trashed\/uncategorized\/formando-formadores-para-a-escola-basica-do-seculo-xxi-relatos-de-pesquisa-ii\/"]}]},{"@type":"ImageObject","inLanguage":"pt-BR","@id":"https:\/\/ponteseditores.com.br\/loja3\/pontes-editores-home-2__trashed\/uncategorized\/formando-formadores-para-a-escola-basica-do-seculo-xxi-relatos-de-pesquisa-ii\/#primaryimage","url":"https:\/\/ponteseditores.com.br\/loja3\/wp-content\/uploads\/2023\/12\/820-20form1.jpg","contentUrl":"https:\/\/ponteseditores.com.br\/loja3\/wp-content\/uploads\/2023\/12\/820-20form1.jpg","width":512,"height":768},{"@type":"BreadcrumbList","@id":"https:\/\/ponteseditores.com.br\/loja3\/pontes-editores-home-2__trashed\/uncategorized\/formando-formadores-para-a-escola-basica-do-seculo-xxi-relatos-de-pesquisa-ii\/#breadcrumb","itemListElement":[{"@type":"ListItem","position":1,"name":"Home","item":"https:\/\/ponteseditores.com.br\/loja3\/"},{"@type":"ListItem","position":2,"name":"loja","item":"https:\/\/ponteseditores.com.br\/loja3\/loja\/"},{"@type":"ListItem","position":3,"name":"FORMANDO FORMADORES PARA A ESCOLA B\u00c1SICA DO S\u00c9CULO XXI: RELATOS DE PESQUISA II"}]},{"@type":"WebSite","@id":"https:\/\/ponteseditores.com.br\/loja3\/#website","url":"https:\/\/ponteseditores.com.br\/loja3\/","name":"Pontes Editores","description":"Pontes Editores","publisher":{"@id":"https:\/\/ponteseditores.com.br\/loja3\/#organization"},"potentialAction":[{"@type":"SearchAction","target":{"@type":"EntryPoint","urlTemplate":"https:\/\/ponteseditores.com.br\/loja3\/?s={search_term_string}"},"query-input":{"@type":"PropertyValueSpecification","valueRequired":true,"valueName":"search_term_string"}}],"inLanguage":"pt-BR"},{"@type":"Organization","@id":"https:\/\/ponteseditores.com.br\/loja3\/#organization","name":"Pontes Editores","url":"https:\/\/ponteseditores.com.br\/loja3\/","logo":{"@type":"ImageObject","inLanguage":"pt-BR","@id":"https:\/\/ponteseditores.com.br\/loja3\/#\/schema\/logo\/image\/","url":"https:\/\/ponteseditores.com.br\/loja3\/wp-content\/uploads\/2023\/12\/logo-pontes-editores-v2.png","contentUrl":"https:\/\/ponteseditores.com.br\/loja3\/wp-content\/uploads\/2023\/12\/logo-pontes-editores-v2.png","width":258,"height":100,"caption":"Pontes Editores"},"image":{"@id":"https:\/\/ponteseditores.com.br\/loja3\/#\/schema\/logo\/image\/"}}]}},"_links":{"self":[{"href":"https:\/\/ponteseditores.com.br\/loja3\/wp-json\/wp\/v2\/product\/7705","targetHints":{"allow":["GET"]}}],"collection":[{"href":"https:\/\/ponteseditores.com.br\/loja3\/wp-json\/wp\/v2\/product"}],"about":[{"href":"https:\/\/ponteseditores.com.br\/loja3\/wp-json\/wp\/v2\/types\/product"}],"replies":[{"embeddable":true,"href":"https:\/\/ponteseditores.com.br\/loja3\/wp-json\/wp\/v2\/comments?post=7705"}],"version-history":[{"count":0,"href":"https:\/\/ponteseditores.com.br\/loja3\/wp-json\/wp\/v2\/product\/7705\/revisions"}],"wp:featuredmedia":[{"embeddable":true,"href":"https:\/\/ponteseditores.com.br\/loja3\/wp-json\/wp\/v2\/media\/7704"}],"wp:attachment":[{"href":"https:\/\/ponteseditores.com.br\/loja3\/wp-json\/wp\/v2\/media?parent=7705"}],"wp:term":[{"taxonomy":"product_brand","embeddable":true,"href":"https:\/\/ponteseditores.com.br\/loja3\/wp-json\/wp\/v2\/product_brand?post=7705"},{"taxonomy":"product_cat","embeddable":true,"href":"https:\/\/ponteseditores.com.br\/loja3\/wp-json\/wp\/v2\/product_cat?post=7705"},{"taxonomy":"product_tag","embeddable":true,"href":"https:\/\/ponteseditores.com.br\/loja3\/wp-json\/wp\/v2\/product_tag?post=7705"}],"curies":[{"name":"wp","href":"https:\/\/api.w.org\/{rel}","templated":true}]}}