{"id":7702,"date":"2023-12-15T00:54:07","date_gmt":"2023-12-15T03:54:07","guid":{"rendered":"https:\/\/ponteseditores.com.br\/loja3\/pontes-editores-home-2__trashed\/sem%20categoria\/terapias-complementares-opcoes-para-ter-melhor-qualidade-de-vida\/"},"modified":"2023-12-15T11:55:21","modified_gmt":"2023-12-15T14:55:21","slug":"terapias-complementares-opcoes-para-ter-melhor-qualidade-de-vida","status":"publish","type":"product","link":"https:\/\/ponteseditores.com.br\/loja3\/pontes-editores-home-2__trashed\/uncategorized\/terapias-complementares-opcoes-para-ter-melhor-qualidade-de-vida\/","title":{"rendered":"Terapias Complementares op\u00e7\u00f5es para ter melhor qualidade de vida"},"content":{"rendered":"<p>Tratar da sa\u00fade \u00e9 importante, seja nos pa\u00edses adiantados do primeiro mundo, seja em uma tribo ind\u00edgena, por\u00e9m, principalmente nos grandes centros urbanos de hoje, isso ficou complexo, pois os servi\u00e7os p\u00fablicos de sa\u00fade, e at\u00e9 mesmo os privados, n\u00e3o d\u00e3o conta de atender \u00e0 alta demanda da popula\u00e7\u00e3o. Embora a medicina tenha sofrido grandes progressos nos \u00faltimos 50 anos, o que tem favorecido a realiza\u00e7\u00e3o mais precisa de diagnoses, a efetiva\u00e7\u00e3o de cirurgias mais complicadas, a descoberta de novos medicamentos e vacinas, a popula\u00e7\u00e3o, que cresce ano ap\u00f3s ano, n\u00e3o tem conseguido se beneficiar totalmente desses benef\u00edcios. Aliados a isso, est\u00e3o os desafios do mundo moderno, dentre eles o estresse que ronda a vida das pessoas, particularmente daquelas que vivem nos grandes centros urbanos. E os servi\u00e7os de sa\u00fade, especialmente os oferecidos pelo Sistema \u00danico de Sa\u00fade \u2013 SUS \u2013, deixam muito a desejar, eles n\u00e3o conseguem, suficientemente, minimizar os males da sociedade. As terapias complementares come\u00e7am a despontar como uma esperan\u00e7a para ajudar a modificar esse contexto. O pa\u00eds que j\u00e1 tinha uma tradi\u00e7\u00e3o de uso de terapias complementares, principalmente na homeopatia e nos fitoter\u00e1picos, come\u00e7ou a descobrir outras possibilidades vindas da Europa, da \u00c1sia e dos Estados Unidos para contribuir como op\u00e7\u00f5es de tratamentos. Este livro, de cunho documental, pretende ajudar o leitor que tem pouca familiaridade com o tema a conhecer algumas das mais importantes terapias complementares e, consequentemente, melhorar sua qualidade de vida.<\/p>\n","protected":false},"excerpt":{"rendered":"<p>Tratar da sa\u00fade \u00e9 importante, seja nos pa\u00edses adiantados do primeiro mundo, seja em uma tribo ind\u00edgena, por\u00e9m, principalmente nos grandes centros urbanos de hoje, isso ficou complexo, pois os servi\u00e7os p\u00fablicos de sa\u00fade, e at\u00e9 mesmo os privados, n\u00e3o d\u00e3o conta de atender \u00e0 alta demanda da popula\u00e7\u00e3o. Embora a medicina tenha sofrido grandes [&hellip;]<\/p>\n","protected":false},"featured_media":3436,"comment_status":"open","ping_status":"closed","template":"","meta":{"_joinchat":[]},"product_brand":[],"product_cat":[15],"product_tag":[],"class_list":{"0":"post-7702","1":"product","2":"type-product","3":"status-publish","4":"has-post-thumbnail","6":"product_cat-uncategorized","7":"product_shipping_class-livro-pontes-editores-fisico","9":"first","10":"instock","11":"shipping-taxable","12":"purchasable","13":"product-type-simple"},"yoast_head":"<!-- This site is optimized with the Yoast SEO plugin v27.4 - https:\/\/yoast.com\/product\/yoast-seo-wordpress\/ -->\n<title>Terapias Complementares op\u00e7\u00f5es para ter melhor qualidade de vida - Pontes Editores<\/title>\n<meta name=\"robots\" content=\"index, follow, max-snippet:-1, max-image-preview:large, max-video-preview:-1\" \/>\n<link rel=\"canonical\" href=\"https:\/\/ponteseditores.com.br\/loja3\/pontes-editores-home-2__trashed\/uncategorized\/terapias-complementares-opcoes-para-ter-melhor-qualidade-de-vida\/\" \/>\n<meta property=\"og:locale\" content=\"pt_BR\" \/>\n<meta property=\"og:type\" content=\"article\" \/>\n<meta property=\"og:title\" content=\"Terapias Complementares op\u00e7\u00f5es para ter melhor qualidade de vida - Pontes Editores\" \/>\n<meta property=\"og:description\" content=\"Tratar da sa\u00fade \u00e9 importante, seja nos pa\u00edses adiantados do primeiro mundo, seja em uma tribo ind\u00edgena, por\u00e9m, principalmente nos grandes centros urbanos de hoje, isso ficou complexo, pois os servi\u00e7os p\u00fablicos de sa\u00fade, e at\u00e9 mesmo os privados, n\u00e3o d\u00e3o conta de atender \u00e0 alta demanda da popula\u00e7\u00e3o. Embora a medicina tenha sofrido grandes [&hellip;]\" \/>\n<meta property=\"og:url\" content=\"https:\/\/ponteseditores.com.br\/loja3\/pontes-editores-home-2__trashed\/uncategorized\/terapias-complementares-opcoes-para-ter-melhor-qualidade-de-vida\/\" \/>\n<meta property=\"og:site_name\" content=\"Pontes Editores\" \/>\n<meta property=\"article:modified_time\" content=\"2023-12-15T14:55:21+00:00\" \/>\n<meta property=\"og:image\" content=\"https:\/\/ponteseditores.com.br\/loja3\/wp-content\/uploads\/2023\/12\/terapia.jpg\" \/>\n\t<meta property=\"og:image:width\" content=\"482\" \/>\n\t<meta property=\"og:image:height\" content=\"768\" \/>\n\t<meta property=\"og:image:type\" content=\"image\/jpeg\" \/>\n<meta name=\"twitter:card\" content=\"summary_large_image\" \/>\n<meta name=\"twitter:label1\" content=\"Est. tempo de leitura\" \/>\n\t<meta name=\"twitter:data1\" content=\"1 minuto\" \/>\n<script type=\"application\/ld+json\" class=\"yoast-schema-graph\">{\"@context\":\"https:\\\/\\\/schema.org\",\"@graph\":[{\"@type\":\"WebPage\",\"@id\":\"https:\\\/\\\/ponteseditores.com.br\\\/loja3\\\/pontes-editores-home-2__trashed\\\/uncategorized\\\/terapias-complementares-opcoes-para-ter-melhor-qualidade-de-vida\\\/\",\"url\":\"https:\\\/\\\/ponteseditores.com.br\\\/loja3\\\/pontes-editores-home-2__trashed\\\/uncategorized\\\/terapias-complementares-opcoes-para-ter-melhor-qualidade-de-vida\\\/\",\"name\":\"Terapias Complementares op\u00e7\u00f5es para ter melhor qualidade de vida - Pontes Editores\",\"isPartOf\":{\"@id\":\"https:\\\/\\\/ponteseditores.com.br\\\/loja3\\\/#website\"},\"primaryImageOfPage\":{\"@id\":\"https:\\\/\\\/ponteseditores.com.br\\\/loja3\\\/pontes-editores-home-2__trashed\\\/uncategorized\\\/terapias-complementares-opcoes-para-ter-melhor-qualidade-de-vida\\\/#primaryimage\"},\"image\":{\"@id\":\"https:\\\/\\\/ponteseditores.com.br\\\/loja3\\\/pontes-editores-home-2__trashed\\\/uncategorized\\\/terapias-complementares-opcoes-para-ter-melhor-qualidade-de-vida\\\/#primaryimage\"},\"thumbnailUrl\":\"https:\\\/\\\/ponteseditores.com.br\\\/loja3\\\/wp-content\\\/uploads\\\/2023\\\/12\\\/terapia.jpg\",\"datePublished\":\"2023-12-15T03:54:07+00:00\",\"dateModified\":\"2023-12-15T14:55:21+00:00\",\"breadcrumb\":{\"@id\":\"https:\\\/\\\/ponteseditores.com.br\\\/loja3\\\/pontes-editores-home-2__trashed\\\/uncategorized\\\/terapias-complementares-opcoes-para-ter-melhor-qualidade-de-vida\\\/#breadcrumb\"},\"inLanguage\":\"pt-BR\",\"potentialAction\":[{\"@type\":\"ReadAction\",\"target\":[\"https:\\\/\\\/ponteseditores.com.br\\\/loja3\\\/pontes-editores-home-2__trashed\\\/uncategorized\\\/terapias-complementares-opcoes-para-ter-melhor-qualidade-de-vida\\\/\"]}]},{\"@type\":\"ImageObject\",\"inLanguage\":\"pt-BR\",\"@id\":\"https:\\\/\\\/ponteseditores.com.br\\\/loja3\\\/pontes-editores-home-2__trashed\\\/uncategorized\\\/terapias-complementares-opcoes-para-ter-melhor-qualidade-de-vida\\\/#primaryimage\",\"url\":\"https:\\\/\\\/ponteseditores.com.br\\\/loja3\\\/wp-content\\\/uploads\\\/2023\\\/12\\\/terapia.jpg\",\"contentUrl\":\"https:\\\/\\\/ponteseditores.com.br\\\/loja3\\\/wp-content\\\/uploads\\\/2023\\\/12\\\/terapia.jpg\",\"width\":482,\"height\":768},{\"@type\":\"BreadcrumbList\",\"@id\":\"https:\\\/\\\/ponteseditores.com.br\\\/loja3\\\/pontes-editores-home-2__trashed\\\/uncategorized\\\/terapias-complementares-opcoes-para-ter-melhor-qualidade-de-vida\\\/#breadcrumb\",\"itemListElement\":[{\"@type\":\"ListItem\",\"position\":1,\"name\":\"Home\",\"item\":\"https:\\\/\\\/ponteseditores.com.br\\\/loja3\\\/\"},{\"@type\":\"ListItem\",\"position\":2,\"name\":\"loja\",\"item\":\"https:\\\/\\\/ponteseditores.com.br\\\/loja3\\\/loja\\\/\"},{\"@type\":\"ListItem\",\"position\":3,\"name\":\"Terapias Complementares op\u00e7\u00f5es para ter melhor qualidade de vida\"}]},{\"@type\":\"WebSite\",\"@id\":\"https:\\\/\\\/ponteseditores.com.br\\\/loja3\\\/#website\",\"url\":\"https:\\\/\\\/ponteseditores.com.br\\\/loja3\\\/\",\"name\":\"Pontes Editores\",\"description\":\"Pontes Editores\",\"publisher\":{\"@id\":\"https:\\\/\\\/ponteseditores.com.br\\\/loja3\\\/#organization\"},\"potentialAction\":[{\"@type\":\"SearchAction\",\"target\":{\"@type\":\"EntryPoint\",\"urlTemplate\":\"https:\\\/\\\/ponteseditores.com.br\\\/loja3\\\/?s={search_term_string}\"},\"query-input\":{\"@type\":\"PropertyValueSpecification\",\"valueRequired\":true,\"valueName\":\"search_term_string\"}}],\"inLanguage\":\"pt-BR\"},{\"@type\":\"Organization\",\"@id\":\"https:\\\/\\\/ponteseditores.com.br\\\/loja3\\\/#organization\",\"name\":\"Pontes Editores\",\"url\":\"https:\\\/\\\/ponteseditores.com.br\\\/loja3\\\/\",\"logo\":{\"@type\":\"ImageObject\",\"inLanguage\":\"pt-BR\",\"@id\":\"https:\\\/\\\/ponteseditores.com.br\\\/loja3\\\/#\\\/schema\\\/logo\\\/image\\\/\",\"url\":\"https:\\\/\\\/ponteseditores.com.br\\\/loja3\\\/wp-content\\\/uploads\\\/2023\\\/12\\\/logo-pontes-editores-v2.png\",\"contentUrl\":\"https:\\\/\\\/ponteseditores.com.br\\\/loja3\\\/wp-content\\\/uploads\\\/2023\\\/12\\\/logo-pontes-editores-v2.png\",\"width\":258,\"height\":100,\"caption\":\"Pontes Editores\"},\"image\":{\"@id\":\"https:\\\/\\\/ponteseditores.com.br\\\/loja3\\\/#\\\/schema\\\/logo\\\/image\\\/\"}}]}<\/script>\n<!-- \/ Yoast SEO plugin. -->","yoast_head_json":{"title":"Terapias Complementares op\u00e7\u00f5es para ter melhor qualidade de vida - Pontes Editores","robots":{"index":"index","follow":"follow","max-snippet":"max-snippet:-1","max-image-preview":"max-image-preview:large","max-video-preview":"max-video-preview:-1"},"canonical":"https:\/\/ponteseditores.com.br\/loja3\/pontes-editores-home-2__trashed\/uncategorized\/terapias-complementares-opcoes-para-ter-melhor-qualidade-de-vida\/","og_locale":"pt_BR","og_type":"article","og_title":"Terapias Complementares op\u00e7\u00f5es para ter melhor qualidade de vida - Pontes Editores","og_description":"Tratar da sa\u00fade \u00e9 importante, seja nos pa\u00edses adiantados do primeiro mundo, seja em uma tribo ind\u00edgena, por\u00e9m, principalmente nos grandes centros urbanos de hoje, isso ficou complexo, pois os servi\u00e7os p\u00fablicos de sa\u00fade, e at\u00e9 mesmo os privados, n\u00e3o d\u00e3o conta de atender \u00e0 alta demanda da popula\u00e7\u00e3o. Embora a medicina tenha sofrido grandes [&hellip;]","og_url":"https:\/\/ponteseditores.com.br\/loja3\/pontes-editores-home-2__trashed\/uncategorized\/terapias-complementares-opcoes-para-ter-melhor-qualidade-de-vida\/","og_site_name":"Pontes Editores","article_modified_time":"2023-12-15T14:55:21+00:00","og_image":[{"width":482,"height":768,"url":"https:\/\/ponteseditores.com.br\/loja3\/wp-content\/uploads\/2023\/12\/terapia.jpg","type":"image\/jpeg"}],"twitter_card":"summary_large_image","twitter_misc":{"Est. tempo de leitura":"1 minuto"},"schema":{"@context":"https:\/\/schema.org","@graph":[{"@type":"WebPage","@id":"https:\/\/ponteseditores.com.br\/loja3\/pontes-editores-home-2__trashed\/uncategorized\/terapias-complementares-opcoes-para-ter-melhor-qualidade-de-vida\/","url":"https:\/\/ponteseditores.com.br\/loja3\/pontes-editores-home-2__trashed\/uncategorized\/terapias-complementares-opcoes-para-ter-melhor-qualidade-de-vida\/","name":"Terapias Complementares op\u00e7\u00f5es para ter melhor qualidade de vida - Pontes Editores","isPartOf":{"@id":"https:\/\/ponteseditores.com.br\/loja3\/#website"},"primaryImageOfPage":{"@id":"https:\/\/ponteseditores.com.br\/loja3\/pontes-editores-home-2__trashed\/uncategorized\/terapias-complementares-opcoes-para-ter-melhor-qualidade-de-vida\/#primaryimage"},"image":{"@id":"https:\/\/ponteseditores.com.br\/loja3\/pontes-editores-home-2__trashed\/uncategorized\/terapias-complementares-opcoes-para-ter-melhor-qualidade-de-vida\/#primaryimage"},"thumbnailUrl":"https:\/\/ponteseditores.com.br\/loja3\/wp-content\/uploads\/2023\/12\/terapia.jpg","datePublished":"2023-12-15T03:54:07+00:00","dateModified":"2023-12-15T14:55:21+00:00","breadcrumb":{"@id":"https:\/\/ponteseditores.com.br\/loja3\/pontes-editores-home-2__trashed\/uncategorized\/terapias-complementares-opcoes-para-ter-melhor-qualidade-de-vida\/#breadcrumb"},"inLanguage":"pt-BR","potentialAction":[{"@type":"ReadAction","target":["https:\/\/ponteseditores.com.br\/loja3\/pontes-editores-home-2__trashed\/uncategorized\/terapias-complementares-opcoes-para-ter-melhor-qualidade-de-vida\/"]}]},{"@type":"ImageObject","inLanguage":"pt-BR","@id":"https:\/\/ponteseditores.com.br\/loja3\/pontes-editores-home-2__trashed\/uncategorized\/terapias-complementares-opcoes-para-ter-melhor-qualidade-de-vida\/#primaryimage","url":"https:\/\/ponteseditores.com.br\/loja3\/wp-content\/uploads\/2023\/12\/terapia.jpg","contentUrl":"https:\/\/ponteseditores.com.br\/loja3\/wp-content\/uploads\/2023\/12\/terapia.jpg","width":482,"height":768},{"@type":"BreadcrumbList","@id":"https:\/\/ponteseditores.com.br\/loja3\/pontes-editores-home-2__trashed\/uncategorized\/terapias-complementares-opcoes-para-ter-melhor-qualidade-de-vida\/#breadcrumb","itemListElement":[{"@type":"ListItem","position":1,"name":"Home","item":"https:\/\/ponteseditores.com.br\/loja3\/"},{"@type":"ListItem","position":2,"name":"loja","item":"https:\/\/ponteseditores.com.br\/loja3\/loja\/"},{"@type":"ListItem","position":3,"name":"Terapias Complementares op\u00e7\u00f5es para ter melhor qualidade de vida"}]},{"@type":"WebSite","@id":"https:\/\/ponteseditores.com.br\/loja3\/#website","url":"https:\/\/ponteseditores.com.br\/loja3\/","name":"Pontes Editores","description":"Pontes Editores","publisher":{"@id":"https:\/\/ponteseditores.com.br\/loja3\/#organization"},"potentialAction":[{"@type":"SearchAction","target":{"@type":"EntryPoint","urlTemplate":"https:\/\/ponteseditores.com.br\/loja3\/?s={search_term_string}"},"query-input":{"@type":"PropertyValueSpecification","valueRequired":true,"valueName":"search_term_string"}}],"inLanguage":"pt-BR"},{"@type":"Organization","@id":"https:\/\/ponteseditores.com.br\/loja3\/#organization","name":"Pontes Editores","url":"https:\/\/ponteseditores.com.br\/loja3\/","logo":{"@type":"ImageObject","inLanguage":"pt-BR","@id":"https:\/\/ponteseditores.com.br\/loja3\/#\/schema\/logo\/image\/","url":"https:\/\/ponteseditores.com.br\/loja3\/wp-content\/uploads\/2023\/12\/logo-pontes-editores-v2.png","contentUrl":"https:\/\/ponteseditores.com.br\/loja3\/wp-content\/uploads\/2023\/12\/logo-pontes-editores-v2.png","width":258,"height":100,"caption":"Pontes Editores"},"image":{"@id":"https:\/\/ponteseditores.com.br\/loja3\/#\/schema\/logo\/image\/"}}]}},"_links":{"self":[{"href":"https:\/\/ponteseditores.com.br\/loja3\/wp-json\/wp\/v2\/product\/7702","targetHints":{"allow":["GET"]}}],"collection":[{"href":"https:\/\/ponteseditores.com.br\/loja3\/wp-json\/wp\/v2\/product"}],"about":[{"href":"https:\/\/ponteseditores.com.br\/loja3\/wp-json\/wp\/v2\/types\/product"}],"replies":[{"embeddable":true,"href":"https:\/\/ponteseditores.com.br\/loja3\/wp-json\/wp\/v2\/comments?post=7702"}],"version-history":[{"count":0,"href":"https:\/\/ponteseditores.com.br\/loja3\/wp-json\/wp\/v2\/product\/7702\/revisions"}],"wp:featuredmedia":[{"embeddable":true,"href":"https:\/\/ponteseditores.com.br\/loja3\/wp-json\/wp\/v2\/media\/3436"}],"wp:attachment":[{"href":"https:\/\/ponteseditores.com.br\/loja3\/wp-json\/wp\/v2\/media?parent=7702"}],"wp:term":[{"taxonomy":"product_brand","embeddable":true,"href":"https:\/\/ponteseditores.com.br\/loja3\/wp-json\/wp\/v2\/product_brand?post=7702"},{"taxonomy":"product_cat","embeddable":true,"href":"https:\/\/ponteseditores.com.br\/loja3\/wp-json\/wp\/v2\/product_cat?post=7702"},{"taxonomy":"product_tag","embeddable":true,"href":"https:\/\/ponteseditores.com.br\/loja3\/wp-json\/wp\/v2\/product_tag?post=7702"}],"curies":[{"name":"wp","href":"https:\/\/api.w.org\/{rel}","templated":true}]}}