{"id":7698,"date":"2023-12-15T00:54:02","date_gmt":"2023-12-15T03:54:02","guid":{"rendered":"https:\/\/ponteseditores.com.br\/loja3\/pontes-editores-home-2__trashed\/sem%20categoria\/audiodescricao-na-escola-abrindo-caminhos-para-leitura-de-mundo\/"},"modified":"2024-03-26T10:34:03","modified_gmt":"2024-03-26T13:34:03","slug":"audiodescricao-na-escola-abrindo-caminhos-para-leitura-de-mundo","status":"publish","type":"product","link":"https:\/\/ponteseditores.com.br\/loja3\/pontes-editores-home-2__trashed\/uncategorized\/audiodescricao-na-escola-abrindo-caminhos-para-leitura-de-mundo\/","title":{"rendered":"Audiodescri\u00e7\u00e3o na Escola: abrindo caminhos para leitura de mundo"},"content":{"rendered":"<p>No livro, Audiodescri\u00e7\u00e3o: abrindo caminhos para leitura de mundo, L\u00edvia nos conduz pelo universo da Educa\u00e7\u00e3o,com profundo conhecimento de causa, sensibilidade e criatividade,explorando caminhos e possibilidades. Tudo pode serdescrito, at\u00e9 hist\u00f3ria em quadrinhos! N\u00e3o h\u00e1 limites, pois a linguagempermite o que \u00e0 primeira vista parece imposs\u00edvel.<\/p>\n<p>A audiodescri\u00e7\u00e3o pode ser comparada ao toque davarinha de cond\u00e3o. Afinal, ver atrav\u00e9s dos olhos de outros \u00e9 fazerm\u00e1gica, e das melhores.<\/p>\n<p>A audiodescri\u00e7\u00e3o, tem mil e uma utilidades. Convite feito: bora l\u00e1 conhecer essa maisrecente obra de L\u00edvia Motta? E se voc\u00ea descobrir mais uma utilidade,<\/p>\n<p>por favor, conte para n\u00f3s.<\/p>\n<p>Marta Gil<\/p>\n","protected":false},"excerpt":{"rendered":"<p>No livro, Audiodescri\u00e7\u00e3o: abrindo caminhos para leitura de mundo, L\u00edvia nos conduz pelo universo da Educa\u00e7\u00e3o,com profundo conhecimento de causa, sensibilidade e criatividade,explorando caminhos e possibilidades. Tudo pode serdescrito, at\u00e9 hist\u00f3ria em quadrinhos! N\u00e3o h\u00e1 limites, pois a linguagempermite o que \u00e0 primeira vista parece imposs\u00edvel. A audiodescri\u00e7\u00e3o pode ser comparada ao toque davarinha de [&hellip;]<\/p>\n","protected":false},"featured_media":11250,"comment_status":"open","ping_status":"closed","template":"","meta":{"_joinchat":[]},"product_brand":[],"product_cat":[15],"product_tag":[],"class_list":{"0":"post-7698","1":"product","2":"type-product","3":"status-publish","4":"has-post-thumbnail","6":"product_cat-uncategorized","7":"product_shipping_class-livro-pontes-editores-fisico","9":"first","10":"outofstock","11":"shipping-taxable","12":"purchasable","13":"product-type-simple"},"yoast_head":"<!-- This site is optimized with the Yoast SEO plugin v27.4 - https:\/\/yoast.com\/product\/yoast-seo-wordpress\/ -->\n<title>Audiodescri\u00e7\u00e3o na Escola: abrindo caminhos para leitura de mundo - Pontes Editores<\/title>\n<meta name=\"robots\" content=\"index, follow, max-snippet:-1, max-image-preview:large, max-video-preview:-1\" \/>\n<link rel=\"canonical\" href=\"https:\/\/ponteseditores.com.br\/loja3\/pontes-editores-home-2__trashed\/uncategorized\/audiodescricao-na-escola-abrindo-caminhos-para-leitura-de-mundo\/\" \/>\n<meta property=\"og:locale\" content=\"pt_BR\" \/>\n<meta property=\"og:type\" content=\"article\" \/>\n<meta property=\"og:title\" content=\"Audiodescri\u00e7\u00e3o na Escola: abrindo caminhos para leitura de mundo - Pontes Editores\" \/>\n<meta property=\"og:description\" content=\"No livro, Audiodescri\u00e7\u00e3o: abrindo caminhos para leitura de mundo, L\u00edvia nos conduz pelo universo da Educa\u00e7\u00e3o,com profundo conhecimento de causa, sensibilidade e criatividade,explorando caminhos e possibilidades. Tudo pode serdescrito, at\u00e9 hist\u00f3ria em quadrinhos! N\u00e3o h\u00e1 limites, pois a linguagempermite o que \u00e0 primeira vista parece imposs\u00edvel. A audiodescri\u00e7\u00e3o pode ser comparada ao toque davarinha de [&hellip;]\" \/>\n<meta property=\"og:url\" content=\"https:\/\/ponteseditores.com.br\/loja3\/pontes-editores-home-2__trashed\/uncategorized\/audiodescricao-na-escola-abrindo-caminhos-para-leitura-de-mundo\/\" \/>\n<meta property=\"og:site_name\" content=\"Pontes Editores\" \/>\n<meta property=\"article:modified_time\" content=\"2024-03-26T13:34:03+00:00\" \/>\n<meta property=\"og:image\" content=\"https:\/\/ponteseditores.com.br\/loja3\/wp-content\/uploads\/2023\/12\/audiodescricao-na-escola-capa.jpg\" \/>\n\t<meta property=\"og:image:width\" content=\"525\" \/>\n\t<meta property=\"og:image:height\" content=\"768\" \/>\n\t<meta property=\"og:image:type\" content=\"image\/jpeg\" \/>\n<meta name=\"twitter:card\" content=\"summary_large_image\" \/>\n<meta name=\"twitter:label1\" content=\"Est. tempo de leitura\" \/>\n\t<meta name=\"twitter:data1\" content=\"1 minuto\" \/>\n<script type=\"application\/ld+json\" class=\"yoast-schema-graph\">{\"@context\":\"https:\\\/\\\/schema.org\",\"@graph\":[{\"@type\":\"WebPage\",\"@id\":\"https:\\\/\\\/ponteseditores.com.br\\\/loja3\\\/pontes-editores-home-2__trashed\\\/uncategorized\\\/audiodescricao-na-escola-abrindo-caminhos-para-leitura-de-mundo\\\/\",\"url\":\"https:\\\/\\\/ponteseditores.com.br\\\/loja3\\\/pontes-editores-home-2__trashed\\\/uncategorized\\\/audiodescricao-na-escola-abrindo-caminhos-para-leitura-de-mundo\\\/\",\"name\":\"Audiodescri\u00e7\u00e3o na Escola: abrindo caminhos para leitura de mundo - Pontes Editores\",\"isPartOf\":{\"@id\":\"https:\\\/\\\/ponteseditores.com.br\\\/loja3\\\/#website\"},\"primaryImageOfPage\":{\"@id\":\"https:\\\/\\\/ponteseditores.com.br\\\/loja3\\\/pontes-editores-home-2__trashed\\\/uncategorized\\\/audiodescricao-na-escola-abrindo-caminhos-para-leitura-de-mundo\\\/#primaryimage\"},\"image\":{\"@id\":\"https:\\\/\\\/ponteseditores.com.br\\\/loja3\\\/pontes-editores-home-2__trashed\\\/uncategorized\\\/audiodescricao-na-escola-abrindo-caminhos-para-leitura-de-mundo\\\/#primaryimage\"},\"thumbnailUrl\":\"https:\\\/\\\/ponteseditores.com.br\\\/loja3\\\/wp-content\\\/uploads\\\/2023\\\/12\\\/audiodescricao-na-escola-capa.jpg\",\"datePublished\":\"2023-12-15T03:54:02+00:00\",\"dateModified\":\"2024-03-26T13:34:03+00:00\",\"breadcrumb\":{\"@id\":\"https:\\\/\\\/ponteseditores.com.br\\\/loja3\\\/pontes-editores-home-2__trashed\\\/uncategorized\\\/audiodescricao-na-escola-abrindo-caminhos-para-leitura-de-mundo\\\/#breadcrumb\"},\"inLanguage\":\"pt-BR\",\"potentialAction\":[{\"@type\":\"ReadAction\",\"target\":[\"https:\\\/\\\/ponteseditores.com.br\\\/loja3\\\/pontes-editores-home-2__trashed\\\/uncategorized\\\/audiodescricao-na-escola-abrindo-caminhos-para-leitura-de-mundo\\\/\"]}]},{\"@type\":\"ImageObject\",\"inLanguage\":\"pt-BR\",\"@id\":\"https:\\\/\\\/ponteseditores.com.br\\\/loja3\\\/pontes-editores-home-2__trashed\\\/uncategorized\\\/audiodescricao-na-escola-abrindo-caminhos-para-leitura-de-mundo\\\/#primaryimage\",\"url\":\"https:\\\/\\\/ponteseditores.com.br\\\/loja3\\\/wp-content\\\/uploads\\\/2023\\\/12\\\/audiodescricao-na-escola-capa.jpg\",\"contentUrl\":\"https:\\\/\\\/ponteseditores.com.br\\\/loja3\\\/wp-content\\\/uploads\\\/2023\\\/12\\\/audiodescricao-na-escola-capa.jpg\",\"width\":525,\"height\":768},{\"@type\":\"BreadcrumbList\",\"@id\":\"https:\\\/\\\/ponteseditores.com.br\\\/loja3\\\/pontes-editores-home-2__trashed\\\/uncategorized\\\/audiodescricao-na-escola-abrindo-caminhos-para-leitura-de-mundo\\\/#breadcrumb\",\"itemListElement\":[{\"@type\":\"ListItem\",\"position\":1,\"name\":\"Home\",\"item\":\"https:\\\/\\\/ponteseditores.com.br\\\/loja3\\\/\"},{\"@type\":\"ListItem\",\"position\":2,\"name\":\"loja\",\"item\":\"https:\\\/\\\/ponteseditores.com.br\\\/loja3\\\/loja\\\/\"},{\"@type\":\"ListItem\",\"position\":3,\"name\":\"Audiodescri\u00e7\u00e3o na Escola: abrindo caminhos para leitura de mundo\"}]},{\"@type\":\"WebSite\",\"@id\":\"https:\\\/\\\/ponteseditores.com.br\\\/loja3\\\/#website\",\"url\":\"https:\\\/\\\/ponteseditores.com.br\\\/loja3\\\/\",\"name\":\"Pontes Editores\",\"description\":\"Pontes Editores\",\"publisher\":{\"@id\":\"https:\\\/\\\/ponteseditores.com.br\\\/loja3\\\/#organization\"},\"potentialAction\":[{\"@type\":\"SearchAction\",\"target\":{\"@type\":\"EntryPoint\",\"urlTemplate\":\"https:\\\/\\\/ponteseditores.com.br\\\/loja3\\\/?s={search_term_string}\"},\"query-input\":{\"@type\":\"PropertyValueSpecification\",\"valueRequired\":true,\"valueName\":\"search_term_string\"}}],\"inLanguage\":\"pt-BR\"},{\"@type\":\"Organization\",\"@id\":\"https:\\\/\\\/ponteseditores.com.br\\\/loja3\\\/#organization\",\"name\":\"Pontes Editores\",\"url\":\"https:\\\/\\\/ponteseditores.com.br\\\/loja3\\\/\",\"logo\":{\"@type\":\"ImageObject\",\"inLanguage\":\"pt-BR\",\"@id\":\"https:\\\/\\\/ponteseditores.com.br\\\/loja3\\\/#\\\/schema\\\/logo\\\/image\\\/\",\"url\":\"https:\\\/\\\/ponteseditores.com.br\\\/loja3\\\/wp-content\\\/uploads\\\/2023\\\/12\\\/logo-pontes-editores-v2.png\",\"contentUrl\":\"https:\\\/\\\/ponteseditores.com.br\\\/loja3\\\/wp-content\\\/uploads\\\/2023\\\/12\\\/logo-pontes-editores-v2.png\",\"width\":258,\"height\":100,\"caption\":\"Pontes Editores\"},\"image\":{\"@id\":\"https:\\\/\\\/ponteseditores.com.br\\\/loja3\\\/#\\\/schema\\\/logo\\\/image\\\/\"}}]}<\/script>\n<!-- \/ Yoast SEO plugin. -->","yoast_head_json":{"title":"Audiodescri\u00e7\u00e3o na Escola: abrindo caminhos para leitura de mundo - Pontes Editores","robots":{"index":"index","follow":"follow","max-snippet":"max-snippet:-1","max-image-preview":"max-image-preview:large","max-video-preview":"max-video-preview:-1"},"canonical":"https:\/\/ponteseditores.com.br\/loja3\/pontes-editores-home-2__trashed\/uncategorized\/audiodescricao-na-escola-abrindo-caminhos-para-leitura-de-mundo\/","og_locale":"pt_BR","og_type":"article","og_title":"Audiodescri\u00e7\u00e3o na Escola: abrindo caminhos para leitura de mundo - Pontes Editores","og_description":"No livro, Audiodescri\u00e7\u00e3o: abrindo caminhos para leitura de mundo, L\u00edvia nos conduz pelo universo da Educa\u00e7\u00e3o,com profundo conhecimento de causa, sensibilidade e criatividade,explorando caminhos e possibilidades. Tudo pode serdescrito, at\u00e9 hist\u00f3ria em quadrinhos! N\u00e3o h\u00e1 limites, pois a linguagempermite o que \u00e0 primeira vista parece imposs\u00edvel. A audiodescri\u00e7\u00e3o pode ser comparada ao toque davarinha de [&hellip;]","og_url":"https:\/\/ponteseditores.com.br\/loja3\/pontes-editores-home-2__trashed\/uncategorized\/audiodescricao-na-escola-abrindo-caminhos-para-leitura-de-mundo\/","og_site_name":"Pontes Editores","article_modified_time":"2024-03-26T13:34:03+00:00","og_image":[{"width":525,"height":768,"url":"https:\/\/ponteseditores.com.br\/loja3\/wp-content\/uploads\/2023\/12\/audiodescricao-na-escola-capa.jpg","type":"image\/jpeg"}],"twitter_card":"summary_large_image","twitter_misc":{"Est. tempo de leitura":"1 minuto"},"schema":{"@context":"https:\/\/schema.org","@graph":[{"@type":"WebPage","@id":"https:\/\/ponteseditores.com.br\/loja3\/pontes-editores-home-2__trashed\/uncategorized\/audiodescricao-na-escola-abrindo-caminhos-para-leitura-de-mundo\/","url":"https:\/\/ponteseditores.com.br\/loja3\/pontes-editores-home-2__trashed\/uncategorized\/audiodescricao-na-escola-abrindo-caminhos-para-leitura-de-mundo\/","name":"Audiodescri\u00e7\u00e3o na Escola: abrindo caminhos para leitura de mundo - Pontes Editores","isPartOf":{"@id":"https:\/\/ponteseditores.com.br\/loja3\/#website"},"primaryImageOfPage":{"@id":"https:\/\/ponteseditores.com.br\/loja3\/pontes-editores-home-2__trashed\/uncategorized\/audiodescricao-na-escola-abrindo-caminhos-para-leitura-de-mundo\/#primaryimage"},"image":{"@id":"https:\/\/ponteseditores.com.br\/loja3\/pontes-editores-home-2__trashed\/uncategorized\/audiodescricao-na-escola-abrindo-caminhos-para-leitura-de-mundo\/#primaryimage"},"thumbnailUrl":"https:\/\/ponteseditores.com.br\/loja3\/wp-content\/uploads\/2023\/12\/audiodescricao-na-escola-capa.jpg","datePublished":"2023-12-15T03:54:02+00:00","dateModified":"2024-03-26T13:34:03+00:00","breadcrumb":{"@id":"https:\/\/ponteseditores.com.br\/loja3\/pontes-editores-home-2__trashed\/uncategorized\/audiodescricao-na-escola-abrindo-caminhos-para-leitura-de-mundo\/#breadcrumb"},"inLanguage":"pt-BR","potentialAction":[{"@type":"ReadAction","target":["https:\/\/ponteseditores.com.br\/loja3\/pontes-editores-home-2__trashed\/uncategorized\/audiodescricao-na-escola-abrindo-caminhos-para-leitura-de-mundo\/"]}]},{"@type":"ImageObject","inLanguage":"pt-BR","@id":"https:\/\/ponteseditores.com.br\/loja3\/pontes-editores-home-2__trashed\/uncategorized\/audiodescricao-na-escola-abrindo-caminhos-para-leitura-de-mundo\/#primaryimage","url":"https:\/\/ponteseditores.com.br\/loja3\/wp-content\/uploads\/2023\/12\/audiodescricao-na-escola-capa.jpg","contentUrl":"https:\/\/ponteseditores.com.br\/loja3\/wp-content\/uploads\/2023\/12\/audiodescricao-na-escola-capa.jpg","width":525,"height":768},{"@type":"BreadcrumbList","@id":"https:\/\/ponteseditores.com.br\/loja3\/pontes-editores-home-2__trashed\/uncategorized\/audiodescricao-na-escola-abrindo-caminhos-para-leitura-de-mundo\/#breadcrumb","itemListElement":[{"@type":"ListItem","position":1,"name":"Home","item":"https:\/\/ponteseditores.com.br\/loja3\/"},{"@type":"ListItem","position":2,"name":"loja","item":"https:\/\/ponteseditores.com.br\/loja3\/loja\/"},{"@type":"ListItem","position":3,"name":"Audiodescri\u00e7\u00e3o na Escola: abrindo caminhos para leitura de mundo"}]},{"@type":"WebSite","@id":"https:\/\/ponteseditores.com.br\/loja3\/#website","url":"https:\/\/ponteseditores.com.br\/loja3\/","name":"Pontes Editores","description":"Pontes Editores","publisher":{"@id":"https:\/\/ponteseditores.com.br\/loja3\/#organization"},"potentialAction":[{"@type":"SearchAction","target":{"@type":"EntryPoint","urlTemplate":"https:\/\/ponteseditores.com.br\/loja3\/?s={search_term_string}"},"query-input":{"@type":"PropertyValueSpecification","valueRequired":true,"valueName":"search_term_string"}}],"inLanguage":"pt-BR"},{"@type":"Organization","@id":"https:\/\/ponteseditores.com.br\/loja3\/#organization","name":"Pontes Editores","url":"https:\/\/ponteseditores.com.br\/loja3\/","logo":{"@type":"ImageObject","inLanguage":"pt-BR","@id":"https:\/\/ponteseditores.com.br\/loja3\/#\/schema\/logo\/image\/","url":"https:\/\/ponteseditores.com.br\/loja3\/wp-content\/uploads\/2023\/12\/logo-pontes-editores-v2.png","contentUrl":"https:\/\/ponteseditores.com.br\/loja3\/wp-content\/uploads\/2023\/12\/logo-pontes-editores-v2.png","width":258,"height":100,"caption":"Pontes Editores"},"image":{"@id":"https:\/\/ponteseditores.com.br\/loja3\/#\/schema\/logo\/image\/"}}]}},"_links":{"self":[{"href":"https:\/\/ponteseditores.com.br\/loja3\/wp-json\/wp\/v2\/product\/7698","targetHints":{"allow":["GET"]}}],"collection":[{"href":"https:\/\/ponteseditores.com.br\/loja3\/wp-json\/wp\/v2\/product"}],"about":[{"href":"https:\/\/ponteseditores.com.br\/loja3\/wp-json\/wp\/v2\/types\/product"}],"replies":[{"embeddable":true,"href":"https:\/\/ponteseditores.com.br\/loja3\/wp-json\/wp\/v2\/comments?post=7698"}],"version-history":[{"count":0,"href":"https:\/\/ponteseditores.com.br\/loja3\/wp-json\/wp\/v2\/product\/7698\/revisions"}],"wp:featuredmedia":[{"embeddable":true,"href":"https:\/\/ponteseditores.com.br\/loja3\/wp-json\/wp\/v2\/media\/11250"}],"wp:attachment":[{"href":"https:\/\/ponteseditores.com.br\/loja3\/wp-json\/wp\/v2\/media?parent=7698"}],"wp:term":[{"taxonomy":"product_brand","embeddable":true,"href":"https:\/\/ponteseditores.com.br\/loja3\/wp-json\/wp\/v2\/product_brand?post=7698"},{"taxonomy":"product_cat","embeddable":true,"href":"https:\/\/ponteseditores.com.br\/loja3\/wp-json\/wp\/v2\/product_cat?post=7698"},{"taxonomy":"product_tag","embeddable":true,"href":"https:\/\/ponteseditores.com.br\/loja3\/wp-json\/wp\/v2\/product_tag?post=7698"}],"curies":[{"name":"wp","href":"https:\/\/api.w.org\/{rel}","templated":true}]}}