{"id":7672,"date":"2023-12-15T00:53:02","date_gmt":"2023-12-15T03:53:02","guid":{"rendered":"https:\/\/ponteseditores.com.br\/loja3\/pontes-editores-home-2__trashed\/sem%20categoria\/unb-idiomas-impactos-alcances-e-desafios-da-extensao-em-linguas\/"},"modified":"2023-12-15T11:55:24","modified_gmt":"2023-12-15T14:55:24","slug":"unb-idiomas-impactos-alcances-e-desafios-da-extensao-em-linguas","status":"publish","type":"product","link":"https:\/\/ponteseditores.com.br\/loja3\/pontes-editores-home-2__trashed\/ensino-de-linguas\/unb-idiomas-impactos-alcances-e-desafios-da-extensao-em-linguas\/","title":{"rendered":"UNB Idiomas Impactos, alcances e desafios da extens\u00e3o em l\u00ednguas"},"content":{"rendered":"<p>O livro UnB Idioas: impactos, alcances e desafios da extens\u00e3o em l\u00ednguas, estruturado em dez cap\u00edtulos de f\u00e1cil leitura e bastante ilustrados com tabelas e gr\u00e1ficos, alcan\u00e7a essas duas dimens\u00f5es. Apresenta, ao leitor atento e interessado, um relato sobre o desenvolvimento das a\u00e7\u00f5es e os resultados obtidos nos dez anos que decorrem desde que as atividades da ent\u00e3o Escola de L\u00ednguas da Universidade de Bras\u00edlia foram reorganizadas em forma de um programa de extens\u00e3o de a\u00e7\u00e3o cont\u00ednua, sob coordena\u00e7\u00e3o dp Departamento de L\u00ednguas Estrangeiras e Tradu\u00e7\u00e3o do Instituto de Letras (LET\/IL). Tamb\u00e9m problematiza te\u00f3rica e metodologicamente a qust\u00e3o do ensino de l\u00ednguas, na educa\u00e7\u00e3o b\u00e1sica, regular, e na forma de extens\u00e3o universit\u00e1ria, situando a obra no \u00e2mbito da Lingu\u00edstica Aplicada e apontando para a import\u00e2ncia da articula\u00e7\u00e3o entre a extens\u00e3o, o ensino de gradua\u00e7\u00e3o e a pesquisa .<\/p>\n","protected":false},"excerpt":{"rendered":"<p>O livro UnB Idioas: impactos, alcances e desafios da extens\u00e3o em l\u00ednguas, estruturado em dez cap\u00edtulos de f\u00e1cil leitura e bastante ilustrados com tabelas e gr\u00e1ficos, alcan\u00e7a essas duas dimens\u00f5es. Apresenta, ao leitor atento e interessado, um relato sobre o desenvolvimento das a\u00e7\u00f5es e os resultados obtidos nos dez anos que decorrem desde que as [&hellip;]<\/p>\n","protected":false},"featured_media":2377,"comment_status":"open","ping_status":"closed","template":"","meta":{"_joinchat":[]},"product_brand":[],"product_cat":[286,140,293],"product_tag":[],"class_list":{"0":"post-7672","1":"product","2":"type-product","3":"status-publish","4":"has-post-thumbnail","6":"product_cat-aprendizagem","7":"product_cat-ensino-de-linguas","8":"product_cat-meios-auxiliares-do-ensino","9":"product_shipping_class-livro-pontes-editores-fisico","11":"first","12":"instock","13":"shipping-taxable","14":"purchasable","15":"product-type-simple"},"yoast_head":"<!-- This site is optimized with the Yoast SEO plugin v27.4 - https:\/\/yoast.com\/product\/yoast-seo-wordpress\/ -->\n<title>UNB Idiomas Impactos, alcances e desafios da extens\u00e3o em l\u00ednguas - Pontes Editores<\/title>\n<meta name=\"robots\" content=\"index, follow, max-snippet:-1, max-image-preview:large, max-video-preview:-1\" \/>\n<link rel=\"canonical\" href=\"https:\/\/ponteseditores.com.br\/loja3\/pontes-editores-home-2__trashed\/ensino-de-linguas\/unb-idiomas-impactos-alcances-e-desafios-da-extensao-em-linguas\/\" \/>\n<meta property=\"og:locale\" content=\"pt_BR\" \/>\n<meta property=\"og:type\" content=\"article\" \/>\n<meta property=\"og:title\" content=\"UNB Idiomas Impactos, alcances e desafios da extens\u00e3o em l\u00ednguas - Pontes Editores\" \/>\n<meta property=\"og:description\" content=\"O livro UnB Idioas: impactos, alcances e desafios da extens\u00e3o em l\u00ednguas, estruturado em dez cap\u00edtulos de f\u00e1cil leitura e bastante ilustrados com tabelas e gr\u00e1ficos, alcan\u00e7a essas duas dimens\u00f5es. Apresenta, ao leitor atento e interessado, um relato sobre o desenvolvimento das a\u00e7\u00f5es e os resultados obtidos nos dez anos que decorrem desde que as [&hellip;]\" \/>\n<meta property=\"og:url\" content=\"https:\/\/ponteseditores.com.br\/loja3\/pontes-editores-home-2__trashed\/ensino-de-linguas\/unb-idiomas-impactos-alcances-e-desafios-da-extensao-em-linguas\/\" \/>\n<meta property=\"og:site_name\" content=\"Pontes Editores\" \/>\n<meta property=\"article:modified_time\" content=\"2023-12-15T14:55:24+00:00\" \/>\n<meta property=\"og:image\" content=\"https:\/\/ponteseditores.com.br\/loja3\/wp-content\/uploads\/2023\/12\/UnB_Capa.jpg\" \/>\n\t<meta property=\"og:image:width\" content=\"454\" \/>\n\t<meta property=\"og:image:height\" content=\"652\" \/>\n\t<meta property=\"og:image:type\" content=\"image\/jpeg\" \/>\n<meta name=\"twitter:card\" content=\"summary_large_image\" \/>\n<meta name=\"twitter:label1\" content=\"Est. tempo de leitura\" \/>\n\t<meta name=\"twitter:data1\" content=\"1 minuto\" \/>\n<script type=\"application\/ld+json\" class=\"yoast-schema-graph\">{\"@context\":\"https:\\\/\\\/schema.org\",\"@graph\":[{\"@type\":\"WebPage\",\"@id\":\"https:\\\/\\\/ponteseditores.com.br\\\/loja3\\\/pontes-editores-home-2__trashed\\\/ensino-de-linguas\\\/unb-idiomas-impactos-alcances-e-desafios-da-extensao-em-linguas\\\/\",\"url\":\"https:\\\/\\\/ponteseditores.com.br\\\/loja3\\\/pontes-editores-home-2__trashed\\\/ensino-de-linguas\\\/unb-idiomas-impactos-alcances-e-desafios-da-extensao-em-linguas\\\/\",\"name\":\"UNB Idiomas Impactos, alcances e desafios da extens\u00e3o em l\u00ednguas - Pontes Editores\",\"isPartOf\":{\"@id\":\"https:\\\/\\\/ponteseditores.com.br\\\/loja3\\\/#website\"},\"primaryImageOfPage\":{\"@id\":\"https:\\\/\\\/ponteseditores.com.br\\\/loja3\\\/pontes-editores-home-2__trashed\\\/ensino-de-linguas\\\/unb-idiomas-impactos-alcances-e-desafios-da-extensao-em-linguas\\\/#primaryimage\"},\"image\":{\"@id\":\"https:\\\/\\\/ponteseditores.com.br\\\/loja3\\\/pontes-editores-home-2__trashed\\\/ensino-de-linguas\\\/unb-idiomas-impactos-alcances-e-desafios-da-extensao-em-linguas\\\/#primaryimage\"},\"thumbnailUrl\":\"https:\\\/\\\/ponteseditores.com.br\\\/loja3\\\/wp-content\\\/uploads\\\/2023\\\/12\\\/UnB_Capa.jpg\",\"datePublished\":\"2023-12-15T03:53:02+00:00\",\"dateModified\":\"2023-12-15T14:55:24+00:00\",\"breadcrumb\":{\"@id\":\"https:\\\/\\\/ponteseditores.com.br\\\/loja3\\\/pontes-editores-home-2__trashed\\\/ensino-de-linguas\\\/unb-idiomas-impactos-alcances-e-desafios-da-extensao-em-linguas\\\/#breadcrumb\"},\"inLanguage\":\"pt-BR\",\"potentialAction\":[{\"@type\":\"ReadAction\",\"target\":[\"https:\\\/\\\/ponteseditores.com.br\\\/loja3\\\/pontes-editores-home-2__trashed\\\/ensino-de-linguas\\\/unb-idiomas-impactos-alcances-e-desafios-da-extensao-em-linguas\\\/\"]}]},{\"@type\":\"ImageObject\",\"inLanguage\":\"pt-BR\",\"@id\":\"https:\\\/\\\/ponteseditores.com.br\\\/loja3\\\/pontes-editores-home-2__trashed\\\/ensino-de-linguas\\\/unb-idiomas-impactos-alcances-e-desafios-da-extensao-em-linguas\\\/#primaryimage\",\"url\":\"https:\\\/\\\/ponteseditores.com.br\\\/loja3\\\/wp-content\\\/uploads\\\/2023\\\/12\\\/UnB_Capa.jpg\",\"contentUrl\":\"https:\\\/\\\/ponteseditores.com.br\\\/loja3\\\/wp-content\\\/uploads\\\/2023\\\/12\\\/UnB_Capa.jpg\",\"width\":454,\"height\":652},{\"@type\":\"BreadcrumbList\",\"@id\":\"https:\\\/\\\/ponteseditores.com.br\\\/loja3\\\/pontes-editores-home-2__trashed\\\/ensino-de-linguas\\\/unb-idiomas-impactos-alcances-e-desafios-da-extensao-em-linguas\\\/#breadcrumb\",\"itemListElement\":[{\"@type\":\"ListItem\",\"position\":1,\"name\":\"Home\",\"item\":\"https:\\\/\\\/ponteseditores.com.br\\\/loja3\\\/\"},{\"@type\":\"ListItem\",\"position\":2,\"name\":\"loja\",\"item\":\"https:\\\/\\\/ponteseditores.com.br\\\/loja3\\\/loja\\\/\"},{\"@type\":\"ListItem\",\"position\":3,\"name\":\"UNB Idiomas Impactos, alcances e desafios da extens\u00e3o em l\u00ednguas\"}]},{\"@type\":\"WebSite\",\"@id\":\"https:\\\/\\\/ponteseditores.com.br\\\/loja3\\\/#website\",\"url\":\"https:\\\/\\\/ponteseditores.com.br\\\/loja3\\\/\",\"name\":\"Pontes Editores\",\"description\":\"Pontes Editores\",\"publisher\":{\"@id\":\"https:\\\/\\\/ponteseditores.com.br\\\/loja3\\\/#organization\"},\"potentialAction\":[{\"@type\":\"SearchAction\",\"target\":{\"@type\":\"EntryPoint\",\"urlTemplate\":\"https:\\\/\\\/ponteseditores.com.br\\\/loja3\\\/?s={search_term_string}\"},\"query-input\":{\"@type\":\"PropertyValueSpecification\",\"valueRequired\":true,\"valueName\":\"search_term_string\"}}],\"inLanguage\":\"pt-BR\"},{\"@type\":\"Organization\",\"@id\":\"https:\\\/\\\/ponteseditores.com.br\\\/loja3\\\/#organization\",\"name\":\"Pontes Editores\",\"url\":\"https:\\\/\\\/ponteseditores.com.br\\\/loja3\\\/\",\"logo\":{\"@type\":\"ImageObject\",\"inLanguage\":\"pt-BR\",\"@id\":\"https:\\\/\\\/ponteseditores.com.br\\\/loja3\\\/#\\\/schema\\\/logo\\\/image\\\/\",\"url\":\"https:\\\/\\\/ponteseditores.com.br\\\/loja3\\\/wp-content\\\/uploads\\\/2023\\\/12\\\/logo-pontes-editores-v2.png\",\"contentUrl\":\"https:\\\/\\\/ponteseditores.com.br\\\/loja3\\\/wp-content\\\/uploads\\\/2023\\\/12\\\/logo-pontes-editores-v2.png\",\"width\":258,\"height\":100,\"caption\":\"Pontes Editores\"},\"image\":{\"@id\":\"https:\\\/\\\/ponteseditores.com.br\\\/loja3\\\/#\\\/schema\\\/logo\\\/image\\\/\"}}]}<\/script>\n<!-- \/ Yoast SEO plugin. -->","yoast_head_json":{"title":"UNB Idiomas Impactos, alcances e desafios da extens\u00e3o em l\u00ednguas - Pontes Editores","robots":{"index":"index","follow":"follow","max-snippet":"max-snippet:-1","max-image-preview":"max-image-preview:large","max-video-preview":"max-video-preview:-1"},"canonical":"https:\/\/ponteseditores.com.br\/loja3\/pontes-editores-home-2__trashed\/ensino-de-linguas\/unb-idiomas-impactos-alcances-e-desafios-da-extensao-em-linguas\/","og_locale":"pt_BR","og_type":"article","og_title":"UNB Idiomas Impactos, alcances e desafios da extens\u00e3o em l\u00ednguas - Pontes Editores","og_description":"O livro UnB Idioas: impactos, alcances e desafios da extens\u00e3o em l\u00ednguas, estruturado em dez cap\u00edtulos de f\u00e1cil leitura e bastante ilustrados com tabelas e gr\u00e1ficos, alcan\u00e7a essas duas dimens\u00f5es. Apresenta, ao leitor atento e interessado, um relato sobre o desenvolvimento das a\u00e7\u00f5es e os resultados obtidos nos dez anos que decorrem desde que as [&hellip;]","og_url":"https:\/\/ponteseditores.com.br\/loja3\/pontes-editores-home-2__trashed\/ensino-de-linguas\/unb-idiomas-impactos-alcances-e-desafios-da-extensao-em-linguas\/","og_site_name":"Pontes Editores","article_modified_time":"2023-12-15T14:55:24+00:00","og_image":[{"width":454,"height":652,"url":"https:\/\/ponteseditores.com.br\/loja3\/wp-content\/uploads\/2023\/12\/UnB_Capa.jpg","type":"image\/jpeg"}],"twitter_card":"summary_large_image","twitter_misc":{"Est. tempo de leitura":"1 minuto"},"schema":{"@context":"https:\/\/schema.org","@graph":[{"@type":"WebPage","@id":"https:\/\/ponteseditores.com.br\/loja3\/pontes-editores-home-2__trashed\/ensino-de-linguas\/unb-idiomas-impactos-alcances-e-desafios-da-extensao-em-linguas\/","url":"https:\/\/ponteseditores.com.br\/loja3\/pontes-editores-home-2__trashed\/ensino-de-linguas\/unb-idiomas-impactos-alcances-e-desafios-da-extensao-em-linguas\/","name":"UNB Idiomas Impactos, alcances e desafios da extens\u00e3o em l\u00ednguas - Pontes Editores","isPartOf":{"@id":"https:\/\/ponteseditores.com.br\/loja3\/#website"},"primaryImageOfPage":{"@id":"https:\/\/ponteseditores.com.br\/loja3\/pontes-editores-home-2__trashed\/ensino-de-linguas\/unb-idiomas-impactos-alcances-e-desafios-da-extensao-em-linguas\/#primaryimage"},"image":{"@id":"https:\/\/ponteseditores.com.br\/loja3\/pontes-editores-home-2__trashed\/ensino-de-linguas\/unb-idiomas-impactos-alcances-e-desafios-da-extensao-em-linguas\/#primaryimage"},"thumbnailUrl":"https:\/\/ponteseditores.com.br\/loja3\/wp-content\/uploads\/2023\/12\/UnB_Capa.jpg","datePublished":"2023-12-15T03:53:02+00:00","dateModified":"2023-12-15T14:55:24+00:00","breadcrumb":{"@id":"https:\/\/ponteseditores.com.br\/loja3\/pontes-editores-home-2__trashed\/ensino-de-linguas\/unb-idiomas-impactos-alcances-e-desafios-da-extensao-em-linguas\/#breadcrumb"},"inLanguage":"pt-BR","potentialAction":[{"@type":"ReadAction","target":["https:\/\/ponteseditores.com.br\/loja3\/pontes-editores-home-2__trashed\/ensino-de-linguas\/unb-idiomas-impactos-alcances-e-desafios-da-extensao-em-linguas\/"]}]},{"@type":"ImageObject","inLanguage":"pt-BR","@id":"https:\/\/ponteseditores.com.br\/loja3\/pontes-editores-home-2__trashed\/ensino-de-linguas\/unb-idiomas-impactos-alcances-e-desafios-da-extensao-em-linguas\/#primaryimage","url":"https:\/\/ponteseditores.com.br\/loja3\/wp-content\/uploads\/2023\/12\/UnB_Capa.jpg","contentUrl":"https:\/\/ponteseditores.com.br\/loja3\/wp-content\/uploads\/2023\/12\/UnB_Capa.jpg","width":454,"height":652},{"@type":"BreadcrumbList","@id":"https:\/\/ponteseditores.com.br\/loja3\/pontes-editores-home-2__trashed\/ensino-de-linguas\/unb-idiomas-impactos-alcances-e-desafios-da-extensao-em-linguas\/#breadcrumb","itemListElement":[{"@type":"ListItem","position":1,"name":"Home","item":"https:\/\/ponteseditores.com.br\/loja3\/"},{"@type":"ListItem","position":2,"name":"loja","item":"https:\/\/ponteseditores.com.br\/loja3\/loja\/"},{"@type":"ListItem","position":3,"name":"UNB Idiomas Impactos, alcances e desafios da extens\u00e3o em l\u00ednguas"}]},{"@type":"WebSite","@id":"https:\/\/ponteseditores.com.br\/loja3\/#website","url":"https:\/\/ponteseditores.com.br\/loja3\/","name":"Pontes Editores","description":"Pontes Editores","publisher":{"@id":"https:\/\/ponteseditores.com.br\/loja3\/#organization"},"potentialAction":[{"@type":"SearchAction","target":{"@type":"EntryPoint","urlTemplate":"https:\/\/ponteseditores.com.br\/loja3\/?s={search_term_string}"},"query-input":{"@type":"PropertyValueSpecification","valueRequired":true,"valueName":"search_term_string"}}],"inLanguage":"pt-BR"},{"@type":"Organization","@id":"https:\/\/ponteseditores.com.br\/loja3\/#organization","name":"Pontes Editores","url":"https:\/\/ponteseditores.com.br\/loja3\/","logo":{"@type":"ImageObject","inLanguage":"pt-BR","@id":"https:\/\/ponteseditores.com.br\/loja3\/#\/schema\/logo\/image\/","url":"https:\/\/ponteseditores.com.br\/loja3\/wp-content\/uploads\/2023\/12\/logo-pontes-editores-v2.png","contentUrl":"https:\/\/ponteseditores.com.br\/loja3\/wp-content\/uploads\/2023\/12\/logo-pontes-editores-v2.png","width":258,"height":100,"caption":"Pontes Editores"},"image":{"@id":"https:\/\/ponteseditores.com.br\/loja3\/#\/schema\/logo\/image\/"}}]}},"_links":{"self":[{"href":"https:\/\/ponteseditores.com.br\/loja3\/wp-json\/wp\/v2\/product\/7672","targetHints":{"allow":["GET"]}}],"collection":[{"href":"https:\/\/ponteseditores.com.br\/loja3\/wp-json\/wp\/v2\/product"}],"about":[{"href":"https:\/\/ponteseditores.com.br\/loja3\/wp-json\/wp\/v2\/types\/product"}],"replies":[{"embeddable":true,"href":"https:\/\/ponteseditores.com.br\/loja3\/wp-json\/wp\/v2\/comments?post=7672"}],"version-history":[{"count":0,"href":"https:\/\/ponteseditores.com.br\/loja3\/wp-json\/wp\/v2\/product\/7672\/revisions"}],"wp:featuredmedia":[{"embeddable":true,"href":"https:\/\/ponteseditores.com.br\/loja3\/wp-json\/wp\/v2\/media\/2377"}],"wp:attachment":[{"href":"https:\/\/ponteseditores.com.br\/loja3\/wp-json\/wp\/v2\/media?parent=7672"}],"wp:term":[{"taxonomy":"product_brand","embeddable":true,"href":"https:\/\/ponteseditores.com.br\/loja3\/wp-json\/wp\/v2\/product_brand?post=7672"},{"taxonomy":"product_cat","embeddable":true,"href":"https:\/\/ponteseditores.com.br\/loja3\/wp-json\/wp\/v2\/product_cat?post=7672"},{"taxonomy":"product_tag","embeddable":true,"href":"https:\/\/ponteseditores.com.br\/loja3\/wp-json\/wp\/v2\/product_tag?post=7672"}],"curies":[{"name":"wp","href":"https:\/\/api.w.org\/{rel}","templated":true}]}}