{"id":7664,"date":"2023-12-15T00:52:56","date_gmt":"2023-12-15T03:52:56","guid":{"rendered":"https:\/\/ponteseditores.com.br\/loja3\/pontes-editores-home-2__trashed\/sem%20categoria\/epistemologia-da-errancia-erro-hiancia-e-ciencia-em-discurso\/"},"modified":"2025-11-30T21:54:59","modified_gmt":"2025-12-01T00:54:59","slug":"epistemologia-da-errancia-erro-hiancia-e-ciencia-em-discurso","status":"publish","type":"product","link":"https:\/\/ponteseditores.com.br\/loja3\/pontes-editores-home-2__trashed\/analise-de-discurso\/epistemologia-da-errancia-erro-hiancia-e-ciencia-em-discurso\/","title":{"rendered":"epistemologia da err\u00e2ncia: erro, hi\u00e2ncia e ci\u00eancia em discurso"},"content":{"rendered":"<p>A rigor, ningu\u00e9m jamais errou: nem pecados, nem enganos, nem fracassos. A natureza n\u00e3o falha, tampouco a l\u00edngua: o erro \u00e9 da dimens\u00e3o do discurso e da ideologia; logo, o erro n\u00e3o \u00e9 da ordem da descoberta, mas da atribui\u00e7\u00e3o. Mas se n\u00e3o h\u00e1 erro na l\u00edngua, qual \u00e9 a origem das ilus\u00f5es, contradi\u00e7\u00f5es, ambiguidades e de toda sorte de confus\u00f5es e obst\u00e1culos ao projeto iluminista de aperfei\u00e7oamento do saber? A err\u00e2ncia.<\/p>\n<p>Este texto apresenta a premissa de que n\u00e3o \u00e9 o erro que est\u00e1 na g\u00eanese do mist\u00e9rio da linguagem, mas sim a err\u00e2ncia, incorrig\u00edvel. E se assim o for, \u00e9 poss\u00edvel que a no\u00e7\u00e3o de \u201cerro\u201d tenha sido uma das mais graves ferramentas de sedentariza\u00e7\u00e3o, controle, apoucamento e repress\u00e3o do conhecimento.<\/p>\n","protected":false},"excerpt":{"rendered":"<p>A rigor, ningu\u00e9m jamais errou: nem pecados, nem enganos, nem fracassos. A natureza n\u00e3o falha, tampouco a l\u00edngua: o erro \u00e9 da dimens\u00e3o do discurso e da ideologia; logo, o erro n\u00e3o \u00e9 da ordem da descoberta, mas da atribui\u00e7\u00e3o. Mas se n\u00e3o h\u00e1 erro na l\u00edngua, qual \u00e9 a origem das ilus\u00f5es, contradi\u00e7\u00f5es, ambiguidades [&hellip;]<\/p>\n","protected":false},"featured_media":7663,"comment_status":"open","ping_status":"closed","template":"","meta":{"_joinchat":[]},"product_brand":[],"product_cat":[301,331],"product_tag":[],"class_list":{"0":"post-7664","1":"product","2":"type-product","3":"status-publish","4":"has-post-thumbnail","6":"product_cat-analise-de-discurso","7":"product_cat-semantica","8":"product_shipping_class-livro-pontes-editores-fisico","10":"first","11":"instock","12":"shipping-taxable","13":"purchasable","14":"product-type-simple"},"yoast_head":"<!-- This site is optimized with the Yoast SEO plugin v27.4 - https:\/\/yoast.com\/product\/yoast-seo-wordpress\/ -->\n<title>epistemologia da err\u00e2ncia: erro, hi\u00e2ncia e ci\u00eancia em discurso - Pontes Editores<\/title>\n<meta name=\"robots\" content=\"index, follow, max-snippet:-1, max-image-preview:large, max-video-preview:-1\" \/>\n<link rel=\"canonical\" href=\"https:\/\/ponteseditores.com.br\/loja3\/pontes-editores-home-2__trashed\/analise-de-discurso\/epistemologia-da-errancia-erro-hiancia-e-ciencia-em-discurso\/\" \/>\n<meta property=\"og:locale\" content=\"pt_BR\" \/>\n<meta property=\"og:type\" content=\"article\" \/>\n<meta property=\"og:title\" content=\"epistemologia da err\u00e2ncia: erro, hi\u00e2ncia e ci\u00eancia em discurso - Pontes Editores\" \/>\n<meta property=\"og:description\" content=\"A rigor, ningu\u00e9m jamais errou: nem pecados, nem enganos, nem fracassos. A natureza n\u00e3o falha, tampouco a l\u00edngua: o erro \u00e9 da dimens\u00e3o do discurso e da ideologia; logo, o erro n\u00e3o \u00e9 da ordem da descoberta, mas da atribui\u00e7\u00e3o. Mas se n\u00e3o h\u00e1 erro na l\u00edngua, qual \u00e9 a origem das ilus\u00f5es, contradi\u00e7\u00f5es, ambiguidades [&hellip;]\" \/>\n<meta property=\"og:url\" content=\"https:\/\/ponteseditores.com.br\/loja3\/pontes-editores-home-2__trashed\/analise-de-discurso\/epistemologia-da-errancia-erro-hiancia-e-ciencia-em-discurso\/\" \/>\n<meta property=\"og:site_name\" content=\"Pontes Editores\" \/>\n<meta property=\"article:modified_time\" content=\"2025-12-01T00:54:59+00:00\" \/>\n<meta property=\"og:image\" content=\"https:\/\/ponteseditores.com.br\/loja3\/wp-content\/uploads\/2023\/12\/epist-1.jpg\" \/>\n\t<meta property=\"og:image:width\" content=\"510\" \/>\n\t<meta property=\"og:image:height\" content=\"768\" \/>\n\t<meta property=\"og:image:type\" content=\"image\/jpeg\" \/>\n<meta name=\"twitter:card\" content=\"summary_large_image\" \/>\n<meta name=\"twitter:label1\" content=\"Est. tempo de leitura\" \/>\n\t<meta name=\"twitter:data1\" content=\"1 minuto\" \/>\n<script type=\"application\/ld+json\" class=\"yoast-schema-graph\">{\"@context\":\"https:\\\/\\\/schema.org\",\"@graph\":[{\"@type\":\"WebPage\",\"@id\":\"https:\\\/\\\/ponteseditores.com.br\\\/loja3\\\/pontes-editores-home-2__trashed\\\/analise-de-discurso\\\/epistemologia-da-errancia-erro-hiancia-e-ciencia-em-discurso\\\/\",\"url\":\"https:\\\/\\\/ponteseditores.com.br\\\/loja3\\\/pontes-editores-home-2__trashed\\\/analise-de-discurso\\\/epistemologia-da-errancia-erro-hiancia-e-ciencia-em-discurso\\\/\",\"name\":\"epistemologia da err\u00e2ncia: erro, hi\u00e2ncia e ci\u00eancia em discurso - Pontes Editores\",\"isPartOf\":{\"@id\":\"https:\\\/\\\/ponteseditores.com.br\\\/loja3\\\/#website\"},\"primaryImageOfPage\":{\"@id\":\"https:\\\/\\\/ponteseditores.com.br\\\/loja3\\\/pontes-editores-home-2__trashed\\\/analise-de-discurso\\\/epistemologia-da-errancia-erro-hiancia-e-ciencia-em-discurso\\\/#primaryimage\"},\"image\":{\"@id\":\"https:\\\/\\\/ponteseditores.com.br\\\/loja3\\\/pontes-editores-home-2__trashed\\\/analise-de-discurso\\\/epistemologia-da-errancia-erro-hiancia-e-ciencia-em-discurso\\\/#primaryimage\"},\"thumbnailUrl\":\"https:\\\/\\\/ponteseditores.com.br\\\/loja3\\\/wp-content\\\/uploads\\\/2023\\\/12\\\/epist-1.jpg\",\"datePublished\":\"2023-12-15T03:52:56+00:00\",\"dateModified\":\"2025-12-01T00:54:59+00:00\",\"breadcrumb\":{\"@id\":\"https:\\\/\\\/ponteseditores.com.br\\\/loja3\\\/pontes-editores-home-2__trashed\\\/analise-de-discurso\\\/epistemologia-da-errancia-erro-hiancia-e-ciencia-em-discurso\\\/#breadcrumb\"},\"inLanguage\":\"pt-BR\",\"potentialAction\":[{\"@type\":\"ReadAction\",\"target\":[\"https:\\\/\\\/ponteseditores.com.br\\\/loja3\\\/pontes-editores-home-2__trashed\\\/analise-de-discurso\\\/epistemologia-da-errancia-erro-hiancia-e-ciencia-em-discurso\\\/\"]}]},{\"@type\":\"ImageObject\",\"inLanguage\":\"pt-BR\",\"@id\":\"https:\\\/\\\/ponteseditores.com.br\\\/loja3\\\/pontes-editores-home-2__trashed\\\/analise-de-discurso\\\/epistemologia-da-errancia-erro-hiancia-e-ciencia-em-discurso\\\/#primaryimage\",\"url\":\"https:\\\/\\\/ponteseditores.com.br\\\/loja3\\\/wp-content\\\/uploads\\\/2023\\\/12\\\/epist-1.jpg\",\"contentUrl\":\"https:\\\/\\\/ponteseditores.com.br\\\/loja3\\\/wp-content\\\/uploads\\\/2023\\\/12\\\/epist-1.jpg\",\"width\":510,\"height\":768},{\"@type\":\"BreadcrumbList\",\"@id\":\"https:\\\/\\\/ponteseditores.com.br\\\/loja3\\\/pontes-editores-home-2__trashed\\\/analise-de-discurso\\\/epistemologia-da-errancia-erro-hiancia-e-ciencia-em-discurso\\\/#breadcrumb\",\"itemListElement\":[{\"@type\":\"ListItem\",\"position\":1,\"name\":\"Home\",\"item\":\"https:\\\/\\\/ponteseditores.com.br\\\/loja3\\\/\"},{\"@type\":\"ListItem\",\"position\":2,\"name\":\"loja\",\"item\":\"https:\\\/\\\/ponteseditores.com.br\\\/loja3\\\/loja\\\/\"},{\"@type\":\"ListItem\",\"position\":3,\"name\":\"epistemologia da err\u00e2ncia: erro, hi\u00e2ncia e ci\u00eancia em discurso\"}]},{\"@type\":\"WebSite\",\"@id\":\"https:\\\/\\\/ponteseditores.com.br\\\/loja3\\\/#website\",\"url\":\"https:\\\/\\\/ponteseditores.com.br\\\/loja3\\\/\",\"name\":\"Pontes Editores\",\"description\":\"Pontes Editores\",\"publisher\":{\"@id\":\"https:\\\/\\\/ponteseditores.com.br\\\/loja3\\\/#organization\"},\"potentialAction\":[{\"@type\":\"SearchAction\",\"target\":{\"@type\":\"EntryPoint\",\"urlTemplate\":\"https:\\\/\\\/ponteseditores.com.br\\\/loja3\\\/?s={search_term_string}\"},\"query-input\":{\"@type\":\"PropertyValueSpecification\",\"valueRequired\":true,\"valueName\":\"search_term_string\"}}],\"inLanguage\":\"pt-BR\"},{\"@type\":\"Organization\",\"@id\":\"https:\\\/\\\/ponteseditores.com.br\\\/loja3\\\/#organization\",\"name\":\"Pontes Editores\",\"url\":\"https:\\\/\\\/ponteseditores.com.br\\\/loja3\\\/\",\"logo\":{\"@type\":\"ImageObject\",\"inLanguage\":\"pt-BR\",\"@id\":\"https:\\\/\\\/ponteseditores.com.br\\\/loja3\\\/#\\\/schema\\\/logo\\\/image\\\/\",\"url\":\"https:\\\/\\\/ponteseditores.com.br\\\/loja3\\\/wp-content\\\/uploads\\\/2023\\\/12\\\/logo-pontes-editores-v2.png\",\"contentUrl\":\"https:\\\/\\\/ponteseditores.com.br\\\/loja3\\\/wp-content\\\/uploads\\\/2023\\\/12\\\/logo-pontes-editores-v2.png\",\"width\":258,\"height\":100,\"caption\":\"Pontes Editores\"},\"image\":{\"@id\":\"https:\\\/\\\/ponteseditores.com.br\\\/loja3\\\/#\\\/schema\\\/logo\\\/image\\\/\"}}]}<\/script>\n<!-- \/ Yoast SEO plugin. -->","yoast_head_json":{"title":"epistemologia da err\u00e2ncia: erro, hi\u00e2ncia e ci\u00eancia em discurso - Pontes Editores","robots":{"index":"index","follow":"follow","max-snippet":"max-snippet:-1","max-image-preview":"max-image-preview:large","max-video-preview":"max-video-preview:-1"},"canonical":"https:\/\/ponteseditores.com.br\/loja3\/pontes-editores-home-2__trashed\/analise-de-discurso\/epistemologia-da-errancia-erro-hiancia-e-ciencia-em-discurso\/","og_locale":"pt_BR","og_type":"article","og_title":"epistemologia da err\u00e2ncia: erro, hi\u00e2ncia e ci\u00eancia em discurso - Pontes Editores","og_description":"A rigor, ningu\u00e9m jamais errou: nem pecados, nem enganos, nem fracassos. A natureza n\u00e3o falha, tampouco a l\u00edngua: o erro \u00e9 da dimens\u00e3o do discurso e da ideologia; logo, o erro n\u00e3o \u00e9 da ordem da descoberta, mas da atribui\u00e7\u00e3o. Mas se n\u00e3o h\u00e1 erro na l\u00edngua, qual \u00e9 a origem das ilus\u00f5es, contradi\u00e7\u00f5es, ambiguidades [&hellip;]","og_url":"https:\/\/ponteseditores.com.br\/loja3\/pontes-editores-home-2__trashed\/analise-de-discurso\/epistemologia-da-errancia-erro-hiancia-e-ciencia-em-discurso\/","og_site_name":"Pontes Editores","article_modified_time":"2025-12-01T00:54:59+00:00","og_image":[{"width":510,"height":768,"url":"https:\/\/ponteseditores.com.br\/loja3\/wp-content\/uploads\/2023\/12\/epist-1.jpg","type":"image\/jpeg"}],"twitter_card":"summary_large_image","twitter_misc":{"Est. tempo de leitura":"1 minuto"},"schema":{"@context":"https:\/\/schema.org","@graph":[{"@type":"WebPage","@id":"https:\/\/ponteseditores.com.br\/loja3\/pontes-editores-home-2__trashed\/analise-de-discurso\/epistemologia-da-errancia-erro-hiancia-e-ciencia-em-discurso\/","url":"https:\/\/ponteseditores.com.br\/loja3\/pontes-editores-home-2__trashed\/analise-de-discurso\/epistemologia-da-errancia-erro-hiancia-e-ciencia-em-discurso\/","name":"epistemologia da err\u00e2ncia: erro, hi\u00e2ncia e ci\u00eancia em discurso - Pontes Editores","isPartOf":{"@id":"https:\/\/ponteseditores.com.br\/loja3\/#website"},"primaryImageOfPage":{"@id":"https:\/\/ponteseditores.com.br\/loja3\/pontes-editores-home-2__trashed\/analise-de-discurso\/epistemologia-da-errancia-erro-hiancia-e-ciencia-em-discurso\/#primaryimage"},"image":{"@id":"https:\/\/ponteseditores.com.br\/loja3\/pontes-editores-home-2__trashed\/analise-de-discurso\/epistemologia-da-errancia-erro-hiancia-e-ciencia-em-discurso\/#primaryimage"},"thumbnailUrl":"https:\/\/ponteseditores.com.br\/loja3\/wp-content\/uploads\/2023\/12\/epist-1.jpg","datePublished":"2023-12-15T03:52:56+00:00","dateModified":"2025-12-01T00:54:59+00:00","breadcrumb":{"@id":"https:\/\/ponteseditores.com.br\/loja3\/pontes-editores-home-2__trashed\/analise-de-discurso\/epistemologia-da-errancia-erro-hiancia-e-ciencia-em-discurso\/#breadcrumb"},"inLanguage":"pt-BR","potentialAction":[{"@type":"ReadAction","target":["https:\/\/ponteseditores.com.br\/loja3\/pontes-editores-home-2__trashed\/analise-de-discurso\/epistemologia-da-errancia-erro-hiancia-e-ciencia-em-discurso\/"]}]},{"@type":"ImageObject","inLanguage":"pt-BR","@id":"https:\/\/ponteseditores.com.br\/loja3\/pontes-editores-home-2__trashed\/analise-de-discurso\/epistemologia-da-errancia-erro-hiancia-e-ciencia-em-discurso\/#primaryimage","url":"https:\/\/ponteseditores.com.br\/loja3\/wp-content\/uploads\/2023\/12\/epist-1.jpg","contentUrl":"https:\/\/ponteseditores.com.br\/loja3\/wp-content\/uploads\/2023\/12\/epist-1.jpg","width":510,"height":768},{"@type":"BreadcrumbList","@id":"https:\/\/ponteseditores.com.br\/loja3\/pontes-editores-home-2__trashed\/analise-de-discurso\/epistemologia-da-errancia-erro-hiancia-e-ciencia-em-discurso\/#breadcrumb","itemListElement":[{"@type":"ListItem","position":1,"name":"Home","item":"https:\/\/ponteseditores.com.br\/loja3\/"},{"@type":"ListItem","position":2,"name":"loja","item":"https:\/\/ponteseditores.com.br\/loja3\/loja\/"},{"@type":"ListItem","position":3,"name":"epistemologia da err\u00e2ncia: erro, hi\u00e2ncia e ci\u00eancia em discurso"}]},{"@type":"WebSite","@id":"https:\/\/ponteseditores.com.br\/loja3\/#website","url":"https:\/\/ponteseditores.com.br\/loja3\/","name":"Pontes Editores","description":"Pontes Editores","publisher":{"@id":"https:\/\/ponteseditores.com.br\/loja3\/#organization"},"potentialAction":[{"@type":"SearchAction","target":{"@type":"EntryPoint","urlTemplate":"https:\/\/ponteseditores.com.br\/loja3\/?s={search_term_string}"},"query-input":{"@type":"PropertyValueSpecification","valueRequired":true,"valueName":"search_term_string"}}],"inLanguage":"pt-BR"},{"@type":"Organization","@id":"https:\/\/ponteseditores.com.br\/loja3\/#organization","name":"Pontes Editores","url":"https:\/\/ponteseditores.com.br\/loja3\/","logo":{"@type":"ImageObject","inLanguage":"pt-BR","@id":"https:\/\/ponteseditores.com.br\/loja3\/#\/schema\/logo\/image\/","url":"https:\/\/ponteseditores.com.br\/loja3\/wp-content\/uploads\/2023\/12\/logo-pontes-editores-v2.png","contentUrl":"https:\/\/ponteseditores.com.br\/loja3\/wp-content\/uploads\/2023\/12\/logo-pontes-editores-v2.png","width":258,"height":100,"caption":"Pontes Editores"},"image":{"@id":"https:\/\/ponteseditores.com.br\/loja3\/#\/schema\/logo\/image\/"}}]}},"_links":{"self":[{"href":"https:\/\/ponteseditores.com.br\/loja3\/wp-json\/wp\/v2\/product\/7664","targetHints":{"allow":["GET"]}}],"collection":[{"href":"https:\/\/ponteseditores.com.br\/loja3\/wp-json\/wp\/v2\/product"}],"about":[{"href":"https:\/\/ponteseditores.com.br\/loja3\/wp-json\/wp\/v2\/types\/product"}],"replies":[{"embeddable":true,"href":"https:\/\/ponteseditores.com.br\/loja3\/wp-json\/wp\/v2\/comments?post=7664"}],"version-history":[{"count":0,"href":"https:\/\/ponteseditores.com.br\/loja3\/wp-json\/wp\/v2\/product\/7664\/revisions"}],"wp:featuredmedia":[{"embeddable":true,"href":"https:\/\/ponteseditores.com.br\/loja3\/wp-json\/wp\/v2\/media\/7663"}],"wp:attachment":[{"href":"https:\/\/ponteseditores.com.br\/loja3\/wp-json\/wp\/v2\/media?parent=7664"}],"wp:term":[{"taxonomy":"product_brand","embeddable":true,"href":"https:\/\/ponteseditores.com.br\/loja3\/wp-json\/wp\/v2\/product_brand?post=7664"},{"taxonomy":"product_cat","embeddable":true,"href":"https:\/\/ponteseditores.com.br\/loja3\/wp-json\/wp\/v2\/product_cat?post=7664"},{"taxonomy":"product_tag","embeddable":true,"href":"https:\/\/ponteseditores.com.br\/loja3\/wp-json\/wp\/v2\/product_tag?post=7664"}],"curies":[{"name":"wp","href":"https:\/\/api.w.org\/{rel}","templated":true}]}}