{"id":7658,"date":"2023-12-15T00:52:54","date_gmt":"2023-12-15T03:52:54","guid":{"rendered":"https:\/\/ponteseditores.com.br\/loja3\/pontes-editores-home-2__trashed\/sem%20categoria\/literatura-ensino-e-outras-artes\/"},"modified":"2023-12-15T11:55:26","modified_gmt":"2023-12-15T14:55:26","slug":"literatura-ensino-e-outras-artes","status":"publish","type":"product","link":"https:\/\/ponteseditores.com.br\/loja3\/pontes-editores-home-2__trashed\/literatura\/literatura-ensino-e-outras-artes\/","title":{"rendered":"LITERATURA, ENSINO E OUTRAS ARTES"},"content":{"rendered":"<p>Completando as reflex\u00f5es liter\u00e1rias da cole\u00e7\u00e3o Entrelinhas: di\u00e1logos sobre literatura, linguagem e ensino, cujos livros s\u00e3o resultantes do trabalho empenhado pelo colegiado do Curso Superior em Letras \u2013 L\u00edngua Portuguesa, do Instituto Federal de Bras\u00edlia \u2013 Campus S\u00e3o Sebasti\u00e3o, este livro \u00e9 composto por ensaios e artigos que buscam tratar a respeito da rela\u00e7\u00e3o entre os estudos liter\u00e1rios, o ensino, a forma\u00e7\u00e3o de professores, bem como as rela\u00e7\u00f5es entre literatura e outras artes. Como os leitores poder\u00e3o ver, esta obra re\u00fane textos diversos que demonstram o resultado de pesquisas, assim como estudos em andamento, de um amplo espectro de pesquisadores: desde nomes consagrados a estudantes de gradua\u00e7\u00e3o. Essa amplitude de temas e de pesquisadores j\u00e1 demonstra o intuito central deste livro: tornar-se uma possibilidade de contribui\u00e7\u00e3o te\u00f3rico-cr\u00edtica, realizada por meio de um amplo debate, tendo por objetivo apontar desdobramentos prof\u00edcuos sobre a literatura, cada vez mais t\u00e3o necess\u00e1rios em nosso ambiente acad\u00eamico e escolar. Alguns trabalhos problematizam a real presen\u00e7a, ou aus\u00eancia, da literatura no universo escolar, uma presen\u00e7a que traduza a obra de arte como conhecimento humano imprescind\u00edvel \u00e0 compreens\u00e3o de nossas contradi\u00e7\u00f5es. Partindo dessa problem\u00e1tica, discute-se tamb\u00e9m a forma\u00e7\u00e3o do leitor e a forma\u00e7\u00e3o de docentes, aptos a se defrontaram com a complexidade de uma forma est\u00e9tica. Somando-se a esse debate, \u00e9 apresentada neste livro uma s\u00e9rie de reflex\u00f5es acerca das obras liter\u00e1rias em si. Por meio de ensaios e artigos anal\u00edticos, o leitor ter\u00e1 acesso a uma gama de estudos de obras liter\u00e1rias, de prosa e de poesia, sobre importantes escritores. Encontram-se aqui, tamb\u00e9m, estudos que buscam pensar outras formas de arte liter\u00e1ria e sua rela\u00e7\u00e3o com outras produ\u00e7\u00f5es art\u00edsticas. Do teatro, estudou-se autores de peso como Hilda Hilst e Nelson Rodrigues, e buscou-se problematizar, no trabalho em sala de aula, a rela\u00e7\u00e3o entre literatura e o RAP.<\/p>\n","protected":false},"excerpt":{"rendered":"<p>Completando as reflex\u00f5es liter\u00e1rias da cole\u00e7\u00e3o Entrelinhas: di\u00e1logos sobre literatura, linguagem e ensino, cujos livros s\u00e3o resultantes do trabalho empenhado pelo colegiado do Curso Superior em Letras \u2013 L\u00edngua Portuguesa, do Instituto Federal de Bras\u00edlia \u2013 Campus S\u00e3o Sebasti\u00e3o, este livro \u00e9 composto por ensaios e artigos que buscam tratar a respeito da rela\u00e7\u00e3o entre [&hellip;]<\/p>\n","protected":false},"featured_media":7657,"comment_status":"open","ping_status":"closed","template":"","meta":{"_joinchat":[]},"product_brand":[],"product_cat":[341,288,287],"product_tag":[],"class_list":{"0":"post-7658","1":"product","2":"type-product","3":"status-publish","4":"has-post-thumbnail","6":"product_cat-arte","7":"product_cat-ensino-e-aprendizagem","8":"product_cat-literatura","9":"product_shipping_class-livro-pontes-editores-fisico","11":"first","12":"instock","13":"shipping-taxable","14":"purchasable","15":"product-type-simple"},"yoast_head":"<!-- This site is optimized with the Yoast SEO plugin v27.4 - https:\/\/yoast.com\/product\/yoast-seo-wordpress\/ -->\n<title>LITERATURA, ENSINO E OUTRAS ARTES - Pontes Editores<\/title>\n<meta name=\"robots\" content=\"index, follow, max-snippet:-1, max-image-preview:large, max-video-preview:-1\" \/>\n<link rel=\"canonical\" href=\"https:\/\/ponteseditores.com.br\/loja3\/pontes-editores-home-2__trashed\/literatura\/literatura-ensino-e-outras-artes\/\" \/>\n<meta property=\"og:locale\" content=\"pt_BR\" \/>\n<meta property=\"og:type\" content=\"article\" \/>\n<meta property=\"og:title\" content=\"LITERATURA, ENSINO E OUTRAS ARTES - Pontes Editores\" \/>\n<meta property=\"og:description\" content=\"Completando as reflex\u00f5es liter\u00e1rias da cole\u00e7\u00e3o Entrelinhas: di\u00e1logos sobre literatura, linguagem e ensino, cujos livros s\u00e3o resultantes do trabalho empenhado pelo colegiado do Curso Superior em Letras \u2013 L\u00edngua Portuguesa, do Instituto Federal de Bras\u00edlia \u2013 Campus S\u00e3o Sebasti\u00e3o, este livro \u00e9 composto por ensaios e artigos que buscam tratar a respeito da rela\u00e7\u00e3o entre [&hellip;]\" \/>\n<meta property=\"og:url\" content=\"https:\/\/ponteseditores.com.br\/loja3\/pontes-editores-home-2__trashed\/literatura\/literatura-ensino-e-outras-artes\/\" \/>\n<meta property=\"og:site_name\" content=\"Pontes Editores\" \/>\n<meta property=\"article:modified_time\" content=\"2023-12-15T14:55:26+00:00\" \/>\n<meta property=\"og:image\" content=\"https:\/\/ponteseditores.com.br\/loja3\/wp-content\/uploads\/2023\/12\/LITENSIN-1.jpg\" \/>\n\t<meta property=\"og:image:width\" content=\"410\" \/>\n\t<meta property=\"og:image:height\" content=\"600\" \/>\n\t<meta property=\"og:image:type\" content=\"image\/jpeg\" \/>\n<meta name=\"twitter:card\" content=\"summary_large_image\" \/>\n<meta name=\"twitter:label1\" content=\"Est. tempo de leitura\" \/>\n\t<meta name=\"twitter:data1\" content=\"2 minutos\" \/>\n<script type=\"application\/ld+json\" class=\"yoast-schema-graph\">{\"@context\":\"https:\\\/\\\/schema.org\",\"@graph\":[{\"@type\":\"WebPage\",\"@id\":\"https:\\\/\\\/ponteseditores.com.br\\\/loja3\\\/pontes-editores-home-2__trashed\\\/literatura\\\/literatura-ensino-e-outras-artes\\\/\",\"url\":\"https:\\\/\\\/ponteseditores.com.br\\\/loja3\\\/pontes-editores-home-2__trashed\\\/literatura\\\/literatura-ensino-e-outras-artes\\\/\",\"name\":\"LITERATURA, ENSINO E OUTRAS ARTES - Pontes Editores\",\"isPartOf\":{\"@id\":\"https:\\\/\\\/ponteseditores.com.br\\\/loja3\\\/#website\"},\"primaryImageOfPage\":{\"@id\":\"https:\\\/\\\/ponteseditores.com.br\\\/loja3\\\/pontes-editores-home-2__trashed\\\/literatura\\\/literatura-ensino-e-outras-artes\\\/#primaryimage\"},\"image\":{\"@id\":\"https:\\\/\\\/ponteseditores.com.br\\\/loja3\\\/pontes-editores-home-2__trashed\\\/literatura\\\/literatura-ensino-e-outras-artes\\\/#primaryimage\"},\"thumbnailUrl\":\"https:\\\/\\\/ponteseditores.com.br\\\/loja3\\\/wp-content\\\/uploads\\\/2023\\\/12\\\/LITENSIN-1.jpg\",\"datePublished\":\"2023-12-15T03:52:54+00:00\",\"dateModified\":\"2023-12-15T14:55:26+00:00\",\"breadcrumb\":{\"@id\":\"https:\\\/\\\/ponteseditores.com.br\\\/loja3\\\/pontes-editores-home-2__trashed\\\/literatura\\\/literatura-ensino-e-outras-artes\\\/#breadcrumb\"},\"inLanguage\":\"pt-BR\",\"potentialAction\":[{\"@type\":\"ReadAction\",\"target\":[\"https:\\\/\\\/ponteseditores.com.br\\\/loja3\\\/pontes-editores-home-2__trashed\\\/literatura\\\/literatura-ensino-e-outras-artes\\\/\"]}]},{\"@type\":\"ImageObject\",\"inLanguage\":\"pt-BR\",\"@id\":\"https:\\\/\\\/ponteseditores.com.br\\\/loja3\\\/pontes-editores-home-2__trashed\\\/literatura\\\/literatura-ensino-e-outras-artes\\\/#primaryimage\",\"url\":\"https:\\\/\\\/ponteseditores.com.br\\\/loja3\\\/wp-content\\\/uploads\\\/2023\\\/12\\\/LITENSIN-1.jpg\",\"contentUrl\":\"https:\\\/\\\/ponteseditores.com.br\\\/loja3\\\/wp-content\\\/uploads\\\/2023\\\/12\\\/LITENSIN-1.jpg\",\"width\":410,\"height\":600},{\"@type\":\"BreadcrumbList\",\"@id\":\"https:\\\/\\\/ponteseditores.com.br\\\/loja3\\\/pontes-editores-home-2__trashed\\\/literatura\\\/literatura-ensino-e-outras-artes\\\/#breadcrumb\",\"itemListElement\":[{\"@type\":\"ListItem\",\"position\":1,\"name\":\"Home\",\"item\":\"https:\\\/\\\/ponteseditores.com.br\\\/loja3\\\/\"},{\"@type\":\"ListItem\",\"position\":2,\"name\":\"loja\",\"item\":\"https:\\\/\\\/ponteseditores.com.br\\\/loja3\\\/loja\\\/\"},{\"@type\":\"ListItem\",\"position\":3,\"name\":\"LITERATURA, ENSINO E OUTRAS ARTES\"}]},{\"@type\":\"WebSite\",\"@id\":\"https:\\\/\\\/ponteseditores.com.br\\\/loja3\\\/#website\",\"url\":\"https:\\\/\\\/ponteseditores.com.br\\\/loja3\\\/\",\"name\":\"Pontes Editores\",\"description\":\"Pontes Editores\",\"publisher\":{\"@id\":\"https:\\\/\\\/ponteseditores.com.br\\\/loja3\\\/#organization\"},\"potentialAction\":[{\"@type\":\"SearchAction\",\"target\":{\"@type\":\"EntryPoint\",\"urlTemplate\":\"https:\\\/\\\/ponteseditores.com.br\\\/loja3\\\/?s={search_term_string}\"},\"query-input\":{\"@type\":\"PropertyValueSpecification\",\"valueRequired\":true,\"valueName\":\"search_term_string\"}}],\"inLanguage\":\"pt-BR\"},{\"@type\":\"Organization\",\"@id\":\"https:\\\/\\\/ponteseditores.com.br\\\/loja3\\\/#organization\",\"name\":\"Pontes Editores\",\"url\":\"https:\\\/\\\/ponteseditores.com.br\\\/loja3\\\/\",\"logo\":{\"@type\":\"ImageObject\",\"inLanguage\":\"pt-BR\",\"@id\":\"https:\\\/\\\/ponteseditores.com.br\\\/loja3\\\/#\\\/schema\\\/logo\\\/image\\\/\",\"url\":\"https:\\\/\\\/ponteseditores.com.br\\\/loja3\\\/wp-content\\\/uploads\\\/2023\\\/12\\\/logo-pontes-editores-v2.png\",\"contentUrl\":\"https:\\\/\\\/ponteseditores.com.br\\\/loja3\\\/wp-content\\\/uploads\\\/2023\\\/12\\\/logo-pontes-editores-v2.png\",\"width\":258,\"height\":100,\"caption\":\"Pontes Editores\"},\"image\":{\"@id\":\"https:\\\/\\\/ponteseditores.com.br\\\/loja3\\\/#\\\/schema\\\/logo\\\/image\\\/\"}}]}<\/script>\n<!-- \/ Yoast SEO plugin. -->","yoast_head_json":{"title":"LITERATURA, ENSINO E OUTRAS ARTES - Pontes Editores","robots":{"index":"index","follow":"follow","max-snippet":"max-snippet:-1","max-image-preview":"max-image-preview:large","max-video-preview":"max-video-preview:-1"},"canonical":"https:\/\/ponteseditores.com.br\/loja3\/pontes-editores-home-2__trashed\/literatura\/literatura-ensino-e-outras-artes\/","og_locale":"pt_BR","og_type":"article","og_title":"LITERATURA, ENSINO E OUTRAS ARTES - Pontes Editores","og_description":"Completando as reflex\u00f5es liter\u00e1rias da cole\u00e7\u00e3o Entrelinhas: di\u00e1logos sobre literatura, linguagem e ensino, cujos livros s\u00e3o resultantes do trabalho empenhado pelo colegiado do Curso Superior em Letras \u2013 L\u00edngua Portuguesa, do Instituto Federal de Bras\u00edlia \u2013 Campus S\u00e3o Sebasti\u00e3o, este livro \u00e9 composto por ensaios e artigos que buscam tratar a respeito da rela\u00e7\u00e3o entre [&hellip;]","og_url":"https:\/\/ponteseditores.com.br\/loja3\/pontes-editores-home-2__trashed\/literatura\/literatura-ensino-e-outras-artes\/","og_site_name":"Pontes Editores","article_modified_time":"2023-12-15T14:55:26+00:00","og_image":[{"width":410,"height":600,"url":"https:\/\/ponteseditores.com.br\/loja3\/wp-content\/uploads\/2023\/12\/LITENSIN-1.jpg","type":"image\/jpeg"}],"twitter_card":"summary_large_image","twitter_misc":{"Est. tempo de leitura":"2 minutos"},"schema":{"@context":"https:\/\/schema.org","@graph":[{"@type":"WebPage","@id":"https:\/\/ponteseditores.com.br\/loja3\/pontes-editores-home-2__trashed\/literatura\/literatura-ensino-e-outras-artes\/","url":"https:\/\/ponteseditores.com.br\/loja3\/pontes-editores-home-2__trashed\/literatura\/literatura-ensino-e-outras-artes\/","name":"LITERATURA, ENSINO E OUTRAS ARTES - Pontes Editores","isPartOf":{"@id":"https:\/\/ponteseditores.com.br\/loja3\/#website"},"primaryImageOfPage":{"@id":"https:\/\/ponteseditores.com.br\/loja3\/pontes-editores-home-2__trashed\/literatura\/literatura-ensino-e-outras-artes\/#primaryimage"},"image":{"@id":"https:\/\/ponteseditores.com.br\/loja3\/pontes-editores-home-2__trashed\/literatura\/literatura-ensino-e-outras-artes\/#primaryimage"},"thumbnailUrl":"https:\/\/ponteseditores.com.br\/loja3\/wp-content\/uploads\/2023\/12\/LITENSIN-1.jpg","datePublished":"2023-12-15T03:52:54+00:00","dateModified":"2023-12-15T14:55:26+00:00","breadcrumb":{"@id":"https:\/\/ponteseditores.com.br\/loja3\/pontes-editores-home-2__trashed\/literatura\/literatura-ensino-e-outras-artes\/#breadcrumb"},"inLanguage":"pt-BR","potentialAction":[{"@type":"ReadAction","target":["https:\/\/ponteseditores.com.br\/loja3\/pontes-editores-home-2__trashed\/literatura\/literatura-ensino-e-outras-artes\/"]}]},{"@type":"ImageObject","inLanguage":"pt-BR","@id":"https:\/\/ponteseditores.com.br\/loja3\/pontes-editores-home-2__trashed\/literatura\/literatura-ensino-e-outras-artes\/#primaryimage","url":"https:\/\/ponteseditores.com.br\/loja3\/wp-content\/uploads\/2023\/12\/LITENSIN-1.jpg","contentUrl":"https:\/\/ponteseditores.com.br\/loja3\/wp-content\/uploads\/2023\/12\/LITENSIN-1.jpg","width":410,"height":600},{"@type":"BreadcrumbList","@id":"https:\/\/ponteseditores.com.br\/loja3\/pontes-editores-home-2__trashed\/literatura\/literatura-ensino-e-outras-artes\/#breadcrumb","itemListElement":[{"@type":"ListItem","position":1,"name":"Home","item":"https:\/\/ponteseditores.com.br\/loja3\/"},{"@type":"ListItem","position":2,"name":"loja","item":"https:\/\/ponteseditores.com.br\/loja3\/loja\/"},{"@type":"ListItem","position":3,"name":"LITERATURA, ENSINO E OUTRAS ARTES"}]},{"@type":"WebSite","@id":"https:\/\/ponteseditores.com.br\/loja3\/#website","url":"https:\/\/ponteseditores.com.br\/loja3\/","name":"Pontes Editores","description":"Pontes Editores","publisher":{"@id":"https:\/\/ponteseditores.com.br\/loja3\/#organization"},"potentialAction":[{"@type":"SearchAction","target":{"@type":"EntryPoint","urlTemplate":"https:\/\/ponteseditores.com.br\/loja3\/?s={search_term_string}"},"query-input":{"@type":"PropertyValueSpecification","valueRequired":true,"valueName":"search_term_string"}}],"inLanguage":"pt-BR"},{"@type":"Organization","@id":"https:\/\/ponteseditores.com.br\/loja3\/#organization","name":"Pontes Editores","url":"https:\/\/ponteseditores.com.br\/loja3\/","logo":{"@type":"ImageObject","inLanguage":"pt-BR","@id":"https:\/\/ponteseditores.com.br\/loja3\/#\/schema\/logo\/image\/","url":"https:\/\/ponteseditores.com.br\/loja3\/wp-content\/uploads\/2023\/12\/logo-pontes-editores-v2.png","contentUrl":"https:\/\/ponteseditores.com.br\/loja3\/wp-content\/uploads\/2023\/12\/logo-pontes-editores-v2.png","width":258,"height":100,"caption":"Pontes Editores"},"image":{"@id":"https:\/\/ponteseditores.com.br\/loja3\/#\/schema\/logo\/image\/"}}]}},"_links":{"self":[{"href":"https:\/\/ponteseditores.com.br\/loja3\/wp-json\/wp\/v2\/product\/7658","targetHints":{"allow":["GET"]}}],"collection":[{"href":"https:\/\/ponteseditores.com.br\/loja3\/wp-json\/wp\/v2\/product"}],"about":[{"href":"https:\/\/ponteseditores.com.br\/loja3\/wp-json\/wp\/v2\/types\/product"}],"replies":[{"embeddable":true,"href":"https:\/\/ponteseditores.com.br\/loja3\/wp-json\/wp\/v2\/comments?post=7658"}],"version-history":[{"count":0,"href":"https:\/\/ponteseditores.com.br\/loja3\/wp-json\/wp\/v2\/product\/7658\/revisions"}],"wp:featuredmedia":[{"embeddable":true,"href":"https:\/\/ponteseditores.com.br\/loja3\/wp-json\/wp\/v2\/media\/7657"}],"wp:attachment":[{"href":"https:\/\/ponteseditores.com.br\/loja3\/wp-json\/wp\/v2\/media?parent=7658"}],"wp:term":[{"taxonomy":"product_brand","embeddable":true,"href":"https:\/\/ponteseditores.com.br\/loja3\/wp-json\/wp\/v2\/product_brand?post=7658"},{"taxonomy":"product_cat","embeddable":true,"href":"https:\/\/ponteseditores.com.br\/loja3\/wp-json\/wp\/v2\/product_cat?post=7658"},{"taxonomy":"product_tag","embeddable":true,"href":"https:\/\/ponteseditores.com.br\/loja3\/wp-json\/wp\/v2\/product_tag?post=7658"}],"curies":[{"name":"wp","href":"https:\/\/api.w.org\/{rel}","templated":true}]}}