{"id":7652,"date":"2023-12-15T00:52:52","date_gmt":"2023-12-15T03:52:52","guid":{"rendered":"https:\/\/ponteseditores.com.br\/loja3\/pontes-editores-home-2__trashed\/sem%20categoria\/literatura-na-escola-contextos-e-praticas-em-sala-de-aula\/"},"modified":"2024-04-09T16:03:31","modified_gmt":"2024-04-09T19:03:31","slug":"literatura-na-escola-contextos-e-praticas-em-sala-de-aula","status":"publish","type":"product","link":"https:\/\/ponteseditores.com.br\/loja3\/pontes-editores-home-2__trashed\/literatura\/literatura-na-escola-contextos-e-praticas-em-sala-de-aula\/","title":{"rendered":"LITERATURA NA ESCOLA:  CONTEXTOS E PR\u00c1TICAS EM SALA DE AULA"},"content":{"rendered":"<p>Esta colet\u00e2nea, intitulada Literatura na escola: contextos e pr\u00e1ticas em sala de aula, prop\u00f5e-se a apresentar textos que discutam a educa\u00e7\u00e3o liter\u00e1ria e re\u00fane cinco produ\u00e7\u00f5es de nove pesquisadores convidados, vinculados a algumas Institui\u00e7\u00f5es de Ensino Superior do Brasil e uma do exterior, e cinco textos de autoria de pesquisadores da UENP e professores da rede b\u00e1sica de ensino, alunos do ProfLetras turma 2014-2016. Didaticamente, ela se divide, portanto, em duas partes, na primeira, com textos de autoria dos pesquisadores externos convidados, na qual se apresentam abordagens gerais abrigadas sob o tema \u201cEduca\u00e7\u00e3o liter\u00e1ria \u2013 contextos\u201d; na segunda, \u201cEduca\u00e7\u00e3o liter\u00e1ria \u2013 pr\u00e1ticas em sala de aula\u201d, comparecem cinco trabalhos derivados das disserta\u00e7\u00f5es apresentadas pelos professores do Programa, 1\u00aa. Turma, em 2016, em coautoria com os pesquisadores da UENP, apresentando reflex\u00f5es sobre abordagens te\u00f3ricas e metodol\u00f3gicas para o trabalho com o texto liter\u00e1rio em sala de aula.<\/p>\n<p>Com este conjunto de textos, que trata sobre os desafios da escolariza\u00e7\u00e3o da literatura no contexto escolar, associado a algumas pr\u00e1ticas de leitura liter\u00e1ria, este livro se oferece no desejo de contribuir para arejar e fortalecer a tarefa de educadores que constantemente procuram (re)inventar a sua a\u00e7\u00e3o docente. \u00c9 esta (re)inven\u00e7\u00e3o, que norteia os passos da identidade e do fazer docente, o fio condutor desta colet\u00e2nea de ensaios.<\/p>\n","protected":false},"excerpt":{"rendered":"<p>Esta colet\u00e2nea, intitulada Literatura na escola: contextos e pr\u00e1ticas em sala de aula, prop\u00f5e-se a apresentar textos que discutam a educa\u00e7\u00e3o liter\u00e1ria e re\u00fane cinco produ\u00e7\u00f5es de nove pesquisadores convidados, vinculados a algumas Institui\u00e7\u00f5es de Ensino Superior do Brasil e uma do exterior, e cinco textos de autoria de pesquisadores da UENP e professores da [&hellip;]<\/p>\n","protected":false},"featured_media":11702,"comment_status":"open","ping_status":"closed","template":"","meta":{"_joinchat":[]},"product_brand":[],"product_cat":[288,287,293],"product_tag":[],"class_list":{"0":"post-7652","1":"product","2":"type-product","3":"status-publish","4":"has-post-thumbnail","6":"product_cat-ensino-e-aprendizagem","7":"product_cat-literatura","8":"product_cat-meios-auxiliares-do-ensino","9":"product_shipping_class-livro-pontes-editores-fisico","11":"first","12":"instock","13":"shipping-taxable","14":"purchasable","15":"product-type-simple"},"yoast_head":"<!-- This site is optimized with the Yoast SEO plugin v27.4 - https:\/\/yoast.com\/product\/yoast-seo-wordpress\/ -->\n<title>LITERATURA NA ESCOLA: CONTEXTOS E PR\u00c1TICAS EM SALA DE AULA - Pontes Editores<\/title>\n<meta name=\"robots\" content=\"index, follow, max-snippet:-1, max-image-preview:large, max-video-preview:-1\" \/>\n<link rel=\"canonical\" href=\"https:\/\/ponteseditores.com.br\/loja3\/pontes-editores-home-2__trashed\/literatura\/literatura-na-escola-contextos-e-praticas-em-sala-de-aula\/\" \/>\n<meta property=\"og:locale\" content=\"pt_BR\" \/>\n<meta property=\"og:type\" content=\"article\" \/>\n<meta property=\"og:title\" content=\"LITERATURA NA ESCOLA: CONTEXTOS E PR\u00c1TICAS EM SALA DE AULA - Pontes Editores\" \/>\n<meta property=\"og:description\" content=\"Esta colet\u00e2nea, intitulada Literatura na escola: contextos e pr\u00e1ticas em sala de aula, prop\u00f5e-se a apresentar textos que discutam a educa\u00e7\u00e3o liter\u00e1ria e re\u00fane cinco produ\u00e7\u00f5es de nove pesquisadores convidados, vinculados a algumas Institui\u00e7\u00f5es de Ensino Superior do Brasil e uma do exterior, e cinco textos de autoria de pesquisadores da UENP e professores da [&hellip;]\" \/>\n<meta property=\"og:url\" content=\"https:\/\/ponteseditores.com.br\/loja3\/pontes-editores-home-2__trashed\/literatura\/literatura-na-escola-contextos-e-praticas-em-sala-de-aula\/\" \/>\n<meta property=\"og:site_name\" content=\"Pontes Editores\" \/>\n<meta property=\"article:modified_time\" content=\"2024-04-09T19:03:31+00:00\" \/>\n<meta property=\"og:image\" content=\"https:\/\/ponteseditores.com.br\/loja3\/wp-content\/uploads\/2023\/12\/literatura-na-escola-capa.jpg\" \/>\n\t<meta property=\"og:image:width\" content=\"396\" \/>\n\t<meta property=\"og:image:height\" content=\"600\" \/>\n\t<meta property=\"og:image:type\" content=\"image\/jpeg\" \/>\n<meta name=\"twitter:card\" content=\"summary_large_image\" \/>\n<meta name=\"twitter:label1\" content=\"Est. tempo de leitura\" \/>\n\t<meta name=\"twitter:data1\" content=\"2 minutos\" \/>\n<script type=\"application\/ld+json\" class=\"yoast-schema-graph\">{\"@context\":\"https:\\\/\\\/schema.org\",\"@graph\":[{\"@type\":\"WebPage\",\"@id\":\"https:\\\/\\\/ponteseditores.com.br\\\/loja3\\\/pontes-editores-home-2__trashed\\\/literatura\\\/literatura-na-escola-contextos-e-praticas-em-sala-de-aula\\\/\",\"url\":\"https:\\\/\\\/ponteseditores.com.br\\\/loja3\\\/pontes-editores-home-2__trashed\\\/literatura\\\/literatura-na-escola-contextos-e-praticas-em-sala-de-aula\\\/\",\"name\":\"LITERATURA NA ESCOLA: CONTEXTOS E PR\u00c1TICAS EM SALA DE AULA - Pontes Editores\",\"isPartOf\":{\"@id\":\"https:\\\/\\\/ponteseditores.com.br\\\/loja3\\\/#website\"},\"primaryImageOfPage\":{\"@id\":\"https:\\\/\\\/ponteseditores.com.br\\\/loja3\\\/pontes-editores-home-2__trashed\\\/literatura\\\/literatura-na-escola-contextos-e-praticas-em-sala-de-aula\\\/#primaryimage\"},\"image\":{\"@id\":\"https:\\\/\\\/ponteseditores.com.br\\\/loja3\\\/pontes-editores-home-2__trashed\\\/literatura\\\/literatura-na-escola-contextos-e-praticas-em-sala-de-aula\\\/#primaryimage\"},\"thumbnailUrl\":\"https:\\\/\\\/ponteseditores.com.br\\\/loja3\\\/wp-content\\\/uploads\\\/2023\\\/12\\\/literatura-na-escola-capa.jpg\",\"datePublished\":\"2023-12-15T03:52:52+00:00\",\"dateModified\":\"2024-04-09T19:03:31+00:00\",\"breadcrumb\":{\"@id\":\"https:\\\/\\\/ponteseditores.com.br\\\/loja3\\\/pontes-editores-home-2__trashed\\\/literatura\\\/literatura-na-escola-contextos-e-praticas-em-sala-de-aula\\\/#breadcrumb\"},\"inLanguage\":\"pt-BR\",\"potentialAction\":[{\"@type\":\"ReadAction\",\"target\":[\"https:\\\/\\\/ponteseditores.com.br\\\/loja3\\\/pontes-editores-home-2__trashed\\\/literatura\\\/literatura-na-escola-contextos-e-praticas-em-sala-de-aula\\\/\"]}]},{\"@type\":\"ImageObject\",\"inLanguage\":\"pt-BR\",\"@id\":\"https:\\\/\\\/ponteseditores.com.br\\\/loja3\\\/pontes-editores-home-2__trashed\\\/literatura\\\/literatura-na-escola-contextos-e-praticas-em-sala-de-aula\\\/#primaryimage\",\"url\":\"https:\\\/\\\/ponteseditores.com.br\\\/loja3\\\/wp-content\\\/uploads\\\/2023\\\/12\\\/literatura-na-escola-capa.jpg\",\"contentUrl\":\"https:\\\/\\\/ponteseditores.com.br\\\/loja3\\\/wp-content\\\/uploads\\\/2023\\\/12\\\/literatura-na-escola-capa.jpg\",\"width\":396,\"height\":600},{\"@type\":\"BreadcrumbList\",\"@id\":\"https:\\\/\\\/ponteseditores.com.br\\\/loja3\\\/pontes-editores-home-2__trashed\\\/literatura\\\/literatura-na-escola-contextos-e-praticas-em-sala-de-aula\\\/#breadcrumb\",\"itemListElement\":[{\"@type\":\"ListItem\",\"position\":1,\"name\":\"Home\",\"item\":\"https:\\\/\\\/ponteseditores.com.br\\\/loja3\\\/\"},{\"@type\":\"ListItem\",\"position\":2,\"name\":\"loja\",\"item\":\"https:\\\/\\\/ponteseditores.com.br\\\/loja3\\\/loja\\\/\"},{\"@type\":\"ListItem\",\"position\":3,\"name\":\"LITERATURA NA ESCOLA: CONTEXTOS E PR\u00c1TICAS EM SALA DE AULA\"}]},{\"@type\":\"WebSite\",\"@id\":\"https:\\\/\\\/ponteseditores.com.br\\\/loja3\\\/#website\",\"url\":\"https:\\\/\\\/ponteseditores.com.br\\\/loja3\\\/\",\"name\":\"Pontes Editores\",\"description\":\"Pontes Editores\",\"publisher\":{\"@id\":\"https:\\\/\\\/ponteseditores.com.br\\\/loja3\\\/#organization\"},\"potentialAction\":[{\"@type\":\"SearchAction\",\"target\":{\"@type\":\"EntryPoint\",\"urlTemplate\":\"https:\\\/\\\/ponteseditores.com.br\\\/loja3\\\/?s={search_term_string}\"},\"query-input\":{\"@type\":\"PropertyValueSpecification\",\"valueRequired\":true,\"valueName\":\"search_term_string\"}}],\"inLanguage\":\"pt-BR\"},{\"@type\":\"Organization\",\"@id\":\"https:\\\/\\\/ponteseditores.com.br\\\/loja3\\\/#organization\",\"name\":\"Pontes Editores\",\"url\":\"https:\\\/\\\/ponteseditores.com.br\\\/loja3\\\/\",\"logo\":{\"@type\":\"ImageObject\",\"inLanguage\":\"pt-BR\",\"@id\":\"https:\\\/\\\/ponteseditores.com.br\\\/loja3\\\/#\\\/schema\\\/logo\\\/image\\\/\",\"url\":\"https:\\\/\\\/ponteseditores.com.br\\\/loja3\\\/wp-content\\\/uploads\\\/2023\\\/12\\\/logo-pontes-editores-v2.png\",\"contentUrl\":\"https:\\\/\\\/ponteseditores.com.br\\\/loja3\\\/wp-content\\\/uploads\\\/2023\\\/12\\\/logo-pontes-editores-v2.png\",\"width\":258,\"height\":100,\"caption\":\"Pontes Editores\"},\"image\":{\"@id\":\"https:\\\/\\\/ponteseditores.com.br\\\/loja3\\\/#\\\/schema\\\/logo\\\/image\\\/\"}}]}<\/script>\n<!-- \/ Yoast SEO plugin. -->","yoast_head_json":{"title":"LITERATURA NA ESCOLA: CONTEXTOS E PR\u00c1TICAS EM SALA DE AULA - Pontes Editores","robots":{"index":"index","follow":"follow","max-snippet":"max-snippet:-1","max-image-preview":"max-image-preview:large","max-video-preview":"max-video-preview:-1"},"canonical":"https:\/\/ponteseditores.com.br\/loja3\/pontes-editores-home-2__trashed\/literatura\/literatura-na-escola-contextos-e-praticas-em-sala-de-aula\/","og_locale":"pt_BR","og_type":"article","og_title":"LITERATURA NA ESCOLA: CONTEXTOS E PR\u00c1TICAS EM SALA DE AULA - Pontes Editores","og_description":"Esta colet\u00e2nea, intitulada Literatura na escola: contextos e pr\u00e1ticas em sala de aula, prop\u00f5e-se a apresentar textos que discutam a educa\u00e7\u00e3o liter\u00e1ria e re\u00fane cinco produ\u00e7\u00f5es de nove pesquisadores convidados, vinculados a algumas Institui\u00e7\u00f5es de Ensino Superior do Brasil e uma do exterior, e cinco textos de autoria de pesquisadores da UENP e professores da [&hellip;]","og_url":"https:\/\/ponteseditores.com.br\/loja3\/pontes-editores-home-2__trashed\/literatura\/literatura-na-escola-contextos-e-praticas-em-sala-de-aula\/","og_site_name":"Pontes Editores","article_modified_time":"2024-04-09T19:03:31+00:00","og_image":[{"width":396,"height":600,"url":"https:\/\/ponteseditores.com.br\/loja3\/wp-content\/uploads\/2023\/12\/literatura-na-escola-capa.jpg","type":"image\/jpeg"}],"twitter_card":"summary_large_image","twitter_misc":{"Est. tempo de leitura":"2 minutos"},"schema":{"@context":"https:\/\/schema.org","@graph":[{"@type":"WebPage","@id":"https:\/\/ponteseditores.com.br\/loja3\/pontes-editores-home-2__trashed\/literatura\/literatura-na-escola-contextos-e-praticas-em-sala-de-aula\/","url":"https:\/\/ponteseditores.com.br\/loja3\/pontes-editores-home-2__trashed\/literatura\/literatura-na-escola-contextos-e-praticas-em-sala-de-aula\/","name":"LITERATURA NA ESCOLA: CONTEXTOS E PR\u00c1TICAS EM SALA DE AULA - Pontes Editores","isPartOf":{"@id":"https:\/\/ponteseditores.com.br\/loja3\/#website"},"primaryImageOfPage":{"@id":"https:\/\/ponteseditores.com.br\/loja3\/pontes-editores-home-2__trashed\/literatura\/literatura-na-escola-contextos-e-praticas-em-sala-de-aula\/#primaryimage"},"image":{"@id":"https:\/\/ponteseditores.com.br\/loja3\/pontes-editores-home-2__trashed\/literatura\/literatura-na-escola-contextos-e-praticas-em-sala-de-aula\/#primaryimage"},"thumbnailUrl":"https:\/\/ponteseditores.com.br\/loja3\/wp-content\/uploads\/2023\/12\/literatura-na-escola-capa.jpg","datePublished":"2023-12-15T03:52:52+00:00","dateModified":"2024-04-09T19:03:31+00:00","breadcrumb":{"@id":"https:\/\/ponteseditores.com.br\/loja3\/pontes-editores-home-2__trashed\/literatura\/literatura-na-escola-contextos-e-praticas-em-sala-de-aula\/#breadcrumb"},"inLanguage":"pt-BR","potentialAction":[{"@type":"ReadAction","target":["https:\/\/ponteseditores.com.br\/loja3\/pontes-editores-home-2__trashed\/literatura\/literatura-na-escola-contextos-e-praticas-em-sala-de-aula\/"]}]},{"@type":"ImageObject","inLanguage":"pt-BR","@id":"https:\/\/ponteseditores.com.br\/loja3\/pontes-editores-home-2__trashed\/literatura\/literatura-na-escola-contextos-e-praticas-em-sala-de-aula\/#primaryimage","url":"https:\/\/ponteseditores.com.br\/loja3\/wp-content\/uploads\/2023\/12\/literatura-na-escola-capa.jpg","contentUrl":"https:\/\/ponteseditores.com.br\/loja3\/wp-content\/uploads\/2023\/12\/literatura-na-escola-capa.jpg","width":396,"height":600},{"@type":"BreadcrumbList","@id":"https:\/\/ponteseditores.com.br\/loja3\/pontes-editores-home-2__trashed\/literatura\/literatura-na-escola-contextos-e-praticas-em-sala-de-aula\/#breadcrumb","itemListElement":[{"@type":"ListItem","position":1,"name":"Home","item":"https:\/\/ponteseditores.com.br\/loja3\/"},{"@type":"ListItem","position":2,"name":"loja","item":"https:\/\/ponteseditores.com.br\/loja3\/loja\/"},{"@type":"ListItem","position":3,"name":"LITERATURA NA ESCOLA: CONTEXTOS E PR\u00c1TICAS EM SALA DE AULA"}]},{"@type":"WebSite","@id":"https:\/\/ponteseditores.com.br\/loja3\/#website","url":"https:\/\/ponteseditores.com.br\/loja3\/","name":"Pontes Editores","description":"Pontes Editores","publisher":{"@id":"https:\/\/ponteseditores.com.br\/loja3\/#organization"},"potentialAction":[{"@type":"SearchAction","target":{"@type":"EntryPoint","urlTemplate":"https:\/\/ponteseditores.com.br\/loja3\/?s={search_term_string}"},"query-input":{"@type":"PropertyValueSpecification","valueRequired":true,"valueName":"search_term_string"}}],"inLanguage":"pt-BR"},{"@type":"Organization","@id":"https:\/\/ponteseditores.com.br\/loja3\/#organization","name":"Pontes Editores","url":"https:\/\/ponteseditores.com.br\/loja3\/","logo":{"@type":"ImageObject","inLanguage":"pt-BR","@id":"https:\/\/ponteseditores.com.br\/loja3\/#\/schema\/logo\/image\/","url":"https:\/\/ponteseditores.com.br\/loja3\/wp-content\/uploads\/2023\/12\/logo-pontes-editores-v2.png","contentUrl":"https:\/\/ponteseditores.com.br\/loja3\/wp-content\/uploads\/2023\/12\/logo-pontes-editores-v2.png","width":258,"height":100,"caption":"Pontes Editores"},"image":{"@id":"https:\/\/ponteseditores.com.br\/loja3\/#\/schema\/logo\/image\/"}}]}},"_links":{"self":[{"href":"https:\/\/ponteseditores.com.br\/loja3\/wp-json\/wp\/v2\/product\/7652","targetHints":{"allow":["GET"]}}],"collection":[{"href":"https:\/\/ponteseditores.com.br\/loja3\/wp-json\/wp\/v2\/product"}],"about":[{"href":"https:\/\/ponteseditores.com.br\/loja3\/wp-json\/wp\/v2\/types\/product"}],"replies":[{"embeddable":true,"href":"https:\/\/ponteseditores.com.br\/loja3\/wp-json\/wp\/v2\/comments?post=7652"}],"version-history":[{"count":1,"href":"https:\/\/ponteseditores.com.br\/loja3\/wp-json\/wp\/v2\/product\/7652\/revisions"}],"predecessor-version":[{"id":11701,"href":"https:\/\/ponteseditores.com.br\/loja3\/wp-json\/wp\/v2\/product\/7652\/revisions\/11701"}],"wp:featuredmedia":[{"embeddable":true,"href":"https:\/\/ponteseditores.com.br\/loja3\/wp-json\/wp\/v2\/media\/11702"}],"wp:attachment":[{"href":"https:\/\/ponteseditores.com.br\/loja3\/wp-json\/wp\/v2\/media?parent=7652"}],"wp:term":[{"taxonomy":"product_brand","embeddable":true,"href":"https:\/\/ponteseditores.com.br\/loja3\/wp-json\/wp\/v2\/product_brand?post=7652"},{"taxonomy":"product_cat","embeddable":true,"href":"https:\/\/ponteseditores.com.br\/loja3\/wp-json\/wp\/v2\/product_cat?post=7652"},{"taxonomy":"product_tag","embeddable":true,"href":"https:\/\/ponteseditores.com.br\/loja3\/wp-json\/wp\/v2\/product_tag?post=7652"}],"curies":[{"name":"wp","href":"https:\/\/api.w.org\/{rel}","templated":true}]}}