{"id":7649,"date":"2023-12-15T00:52:51","date_gmt":"2023-12-15T03:52:51","guid":{"rendered":"https:\/\/ponteseditores.com.br\/loja3\/pontes-editores-home-2__trashed\/sem%20categoria\/vai-corinthians-50-anos-de-historias-de-um-louco-do-bando\/"},"modified":"2025-08-03T15:35:07","modified_gmt":"2025-08-03T18:35:07","slug":"vai-corinthians-50-anos-de-historias-de-um-louco-do-bando","status":"publish","type":"product","link":"https:\/\/ponteseditores.com.br\/loja3\/pontes-editores-home-2__trashed\/futebol-2\/vai-corinthians-50-anos-de-historias-de-um-louco-do-bando\/","title":{"rendered":"VAI CORINTHIANS! 50 anos de hist\u00f3rias de um louco do bando"},"content":{"rendered":"<p>Quem estiver com este livro em m\u00e3os pode ser um quarent\u00e3o motivado pela campanha que levou o Tim\u00e3o das \u00faltimas coloca\u00e7\u00f5es a um honroso vice-campeonato paulista em 1987. Ou um trint\u00e3o que se lembre dos gols de Marcelinho e das defesas de Ronaaaaldo na conquista do Paulist\u00e3o de 1997. Ou, ainda, um jovem que tenha chegado logo depois de 2007, para conhecer as maiores gl\u00f3rias da centen\u00e1ria hist\u00f3ria do clube, da afirma\u00e7\u00e3o como maior campe\u00e3o paulista ao bicampeonato mundial, passando pelo hexacampeonato brasileiro e a conquista da t\u00e3o sonhada Libertadores.  Tudo isso est\u00e1 contido nesses 50 anos de hist\u00f3rias. &#8220;O tempo \u00e9 a mesma embarca\u00e7\u00e3o que faz cada gera\u00e7\u00e3o se apaixonar&#8221;, diz o compositor Roberto Didio na inspirada m\u00fasica &#8220;Mar Negro&#8221;, em que ele bem define a ess\u00eancia desse sentimento que une todos os corintianos. A partir das pr\u00f3ximas p\u00e1ginas, voc\u00ea estar\u00e1 embarcando nessa hist\u00f3ria que \u00e9 do Domingos, mas tamb\u00e9m um pouco minha e de todos os que t\u00eam uma paix\u00e3o. Principalmente quando ela \u00e9 o Corinthians.<\/p>\n<p>Celso Unzelte<\/p>\n","protected":false},"excerpt":{"rendered":"<p>Quem estiver com este livro em m\u00e3os pode ser um quarent\u00e3o motivado pela campanha que levou o Tim\u00e3o das \u00faltimas coloca\u00e7\u00f5es a um honroso vice-campeonato paulista em 1987. Ou um trint\u00e3o que se lembre dos gols de Marcelinho e das defesas de Ronaaaaldo na conquista do Paulist\u00e3o de 1997. Ou, ainda, um jovem que tenha [&hellip;]<\/p>\n","protected":false},"featured_media":7648,"comment_status":"open","ping_status":"closed","template":"","meta":{"_joinchat":[]},"product_brand":[],"product_cat":[285,271,273],"product_tag":[],"class_list":{"0":"post-7649","1":"product","2":"type-product","3":"status-publish","4":"has-post-thumbnail","6":"product_cat-biografias","7":"product_cat-futebol-2","8":"product_cat-historia","9":"product_shipping_class-livro-pontes-editores-fisico","11":"first","12":"instock","13":"shipping-taxable","14":"purchasable","15":"product-type-simple"},"yoast_head":"<!-- This site is optimized with the Yoast SEO plugin v27.4 - https:\/\/yoast.com\/product\/yoast-seo-wordpress\/ -->\n<title>VAI CORINTHIANS! 50 anos de hist\u00f3rias de um louco do bando - Pontes Editores<\/title>\n<meta name=\"robots\" content=\"index, follow, max-snippet:-1, max-image-preview:large, max-video-preview:-1\" \/>\n<link rel=\"canonical\" href=\"https:\/\/ponteseditores.com.br\/loja3\/pontes-editores-home-2__trashed\/futebol-2\/vai-corinthians-50-anos-de-historias-de-um-louco-do-bando\/\" \/>\n<meta property=\"og:locale\" content=\"pt_BR\" \/>\n<meta property=\"og:type\" content=\"article\" \/>\n<meta property=\"og:title\" content=\"VAI CORINTHIANS! 50 anos de hist\u00f3rias de um louco do bando - Pontes Editores\" \/>\n<meta property=\"og:description\" content=\"Quem estiver com este livro em m\u00e3os pode ser um quarent\u00e3o motivado pela campanha que levou o Tim\u00e3o das \u00faltimas coloca\u00e7\u00f5es a um honroso vice-campeonato paulista em 1987. Ou um trint\u00e3o que se lembre dos gols de Marcelinho e das defesas de Ronaaaaldo na conquista do Paulist\u00e3o de 1997. Ou, ainda, um jovem que tenha [&hellip;]\" \/>\n<meta property=\"og:url\" content=\"https:\/\/ponteseditores.com.br\/loja3\/pontes-editores-home-2__trashed\/futebol-2\/vai-corinthians-50-anos-de-historias-de-um-louco-do-bando\/\" \/>\n<meta property=\"og:site_name\" content=\"Pontes Editores\" \/>\n<meta property=\"article:modified_time\" content=\"2025-08-03T18:35:07+00:00\" \/>\n<meta property=\"og:image\" content=\"https:\/\/ponteseditores.com.br\/loja3\/wp-content\/uploads\/2023\/12\/vai1-3.jpg\" \/>\n\t<meta property=\"og:image:width\" content=\"403\" \/>\n\t<meta property=\"og:image:height\" content=\"600\" \/>\n\t<meta property=\"og:image:type\" content=\"image\/jpeg\" \/>\n<meta name=\"twitter:card\" content=\"summary_large_image\" \/>\n<meta name=\"twitter:label1\" content=\"Est. tempo de leitura\" \/>\n\t<meta name=\"twitter:data1\" content=\"1 minuto\" \/>\n<script type=\"application\/ld+json\" class=\"yoast-schema-graph\">{\"@context\":\"https:\\\/\\\/schema.org\",\"@graph\":[{\"@type\":\"WebPage\",\"@id\":\"https:\\\/\\\/ponteseditores.com.br\\\/loja3\\\/pontes-editores-home-2__trashed\\\/futebol-2\\\/vai-corinthians-50-anos-de-historias-de-um-louco-do-bando\\\/\",\"url\":\"https:\\\/\\\/ponteseditores.com.br\\\/loja3\\\/pontes-editores-home-2__trashed\\\/futebol-2\\\/vai-corinthians-50-anos-de-historias-de-um-louco-do-bando\\\/\",\"name\":\"VAI CORINTHIANS! 50 anos de hist\u00f3rias de um louco do bando - Pontes Editores\",\"isPartOf\":{\"@id\":\"https:\\\/\\\/ponteseditores.com.br\\\/loja3\\\/#website\"},\"primaryImageOfPage\":{\"@id\":\"https:\\\/\\\/ponteseditores.com.br\\\/loja3\\\/pontes-editores-home-2__trashed\\\/futebol-2\\\/vai-corinthians-50-anos-de-historias-de-um-louco-do-bando\\\/#primaryimage\"},\"image\":{\"@id\":\"https:\\\/\\\/ponteseditores.com.br\\\/loja3\\\/pontes-editores-home-2__trashed\\\/futebol-2\\\/vai-corinthians-50-anos-de-historias-de-um-louco-do-bando\\\/#primaryimage\"},\"thumbnailUrl\":\"https:\\\/\\\/ponteseditores.com.br\\\/loja3\\\/wp-content\\\/uploads\\\/2023\\\/12\\\/vai1-3.jpg\",\"datePublished\":\"2023-12-15T03:52:51+00:00\",\"dateModified\":\"2025-08-03T18:35:07+00:00\",\"breadcrumb\":{\"@id\":\"https:\\\/\\\/ponteseditores.com.br\\\/loja3\\\/pontes-editores-home-2__trashed\\\/futebol-2\\\/vai-corinthians-50-anos-de-historias-de-um-louco-do-bando\\\/#breadcrumb\"},\"inLanguage\":\"pt-BR\",\"potentialAction\":[{\"@type\":\"ReadAction\",\"target\":[\"https:\\\/\\\/ponteseditores.com.br\\\/loja3\\\/pontes-editores-home-2__trashed\\\/futebol-2\\\/vai-corinthians-50-anos-de-historias-de-um-louco-do-bando\\\/\"]}]},{\"@type\":\"ImageObject\",\"inLanguage\":\"pt-BR\",\"@id\":\"https:\\\/\\\/ponteseditores.com.br\\\/loja3\\\/pontes-editores-home-2__trashed\\\/futebol-2\\\/vai-corinthians-50-anos-de-historias-de-um-louco-do-bando\\\/#primaryimage\",\"url\":\"https:\\\/\\\/ponteseditores.com.br\\\/loja3\\\/wp-content\\\/uploads\\\/2023\\\/12\\\/vai1-3.jpg\",\"contentUrl\":\"https:\\\/\\\/ponteseditores.com.br\\\/loja3\\\/wp-content\\\/uploads\\\/2023\\\/12\\\/vai1-3.jpg\",\"width\":403,\"height\":600},{\"@type\":\"BreadcrumbList\",\"@id\":\"https:\\\/\\\/ponteseditores.com.br\\\/loja3\\\/pontes-editores-home-2__trashed\\\/futebol-2\\\/vai-corinthians-50-anos-de-historias-de-um-louco-do-bando\\\/#breadcrumb\",\"itemListElement\":[{\"@type\":\"ListItem\",\"position\":1,\"name\":\"Home\",\"item\":\"https:\\\/\\\/ponteseditores.com.br\\\/loja3\\\/\"},{\"@type\":\"ListItem\",\"position\":2,\"name\":\"loja\",\"item\":\"https:\\\/\\\/ponteseditores.com.br\\\/loja3\\\/loja\\\/\"},{\"@type\":\"ListItem\",\"position\":3,\"name\":\"VAI CORINTHIANS! 50 anos de hist\u00f3rias de um louco do bando\"}]},{\"@type\":\"WebSite\",\"@id\":\"https:\\\/\\\/ponteseditores.com.br\\\/loja3\\\/#website\",\"url\":\"https:\\\/\\\/ponteseditores.com.br\\\/loja3\\\/\",\"name\":\"Pontes Editores\",\"description\":\"Pontes Editores\",\"publisher\":{\"@id\":\"https:\\\/\\\/ponteseditores.com.br\\\/loja3\\\/#organization\"},\"potentialAction\":[{\"@type\":\"SearchAction\",\"target\":{\"@type\":\"EntryPoint\",\"urlTemplate\":\"https:\\\/\\\/ponteseditores.com.br\\\/loja3\\\/?s={search_term_string}\"},\"query-input\":{\"@type\":\"PropertyValueSpecification\",\"valueRequired\":true,\"valueName\":\"search_term_string\"}}],\"inLanguage\":\"pt-BR\"},{\"@type\":\"Organization\",\"@id\":\"https:\\\/\\\/ponteseditores.com.br\\\/loja3\\\/#organization\",\"name\":\"Pontes Editores\",\"url\":\"https:\\\/\\\/ponteseditores.com.br\\\/loja3\\\/\",\"logo\":{\"@type\":\"ImageObject\",\"inLanguage\":\"pt-BR\",\"@id\":\"https:\\\/\\\/ponteseditores.com.br\\\/loja3\\\/#\\\/schema\\\/logo\\\/image\\\/\",\"url\":\"https:\\\/\\\/ponteseditores.com.br\\\/loja3\\\/wp-content\\\/uploads\\\/2023\\\/12\\\/logo-pontes-editores-v2.png\",\"contentUrl\":\"https:\\\/\\\/ponteseditores.com.br\\\/loja3\\\/wp-content\\\/uploads\\\/2023\\\/12\\\/logo-pontes-editores-v2.png\",\"width\":258,\"height\":100,\"caption\":\"Pontes Editores\"},\"image\":{\"@id\":\"https:\\\/\\\/ponteseditores.com.br\\\/loja3\\\/#\\\/schema\\\/logo\\\/image\\\/\"}}]}<\/script>\n<!-- \/ Yoast SEO plugin. -->","yoast_head_json":{"title":"VAI CORINTHIANS! 50 anos de hist\u00f3rias de um louco do bando - Pontes Editores","robots":{"index":"index","follow":"follow","max-snippet":"max-snippet:-1","max-image-preview":"max-image-preview:large","max-video-preview":"max-video-preview:-1"},"canonical":"https:\/\/ponteseditores.com.br\/loja3\/pontes-editores-home-2__trashed\/futebol-2\/vai-corinthians-50-anos-de-historias-de-um-louco-do-bando\/","og_locale":"pt_BR","og_type":"article","og_title":"VAI CORINTHIANS! 50 anos de hist\u00f3rias de um louco do bando - Pontes Editores","og_description":"Quem estiver com este livro em m\u00e3os pode ser um quarent\u00e3o motivado pela campanha que levou o Tim\u00e3o das \u00faltimas coloca\u00e7\u00f5es a um honroso vice-campeonato paulista em 1987. Ou um trint\u00e3o que se lembre dos gols de Marcelinho e das defesas de Ronaaaaldo na conquista do Paulist\u00e3o de 1997. Ou, ainda, um jovem que tenha [&hellip;]","og_url":"https:\/\/ponteseditores.com.br\/loja3\/pontes-editores-home-2__trashed\/futebol-2\/vai-corinthians-50-anos-de-historias-de-um-louco-do-bando\/","og_site_name":"Pontes Editores","article_modified_time":"2025-08-03T18:35:07+00:00","og_image":[{"width":403,"height":600,"url":"https:\/\/ponteseditores.com.br\/loja3\/wp-content\/uploads\/2023\/12\/vai1-3.jpg","type":"image\/jpeg"}],"twitter_card":"summary_large_image","twitter_misc":{"Est. tempo de leitura":"1 minuto"},"schema":{"@context":"https:\/\/schema.org","@graph":[{"@type":"WebPage","@id":"https:\/\/ponteseditores.com.br\/loja3\/pontes-editores-home-2__trashed\/futebol-2\/vai-corinthians-50-anos-de-historias-de-um-louco-do-bando\/","url":"https:\/\/ponteseditores.com.br\/loja3\/pontes-editores-home-2__trashed\/futebol-2\/vai-corinthians-50-anos-de-historias-de-um-louco-do-bando\/","name":"VAI CORINTHIANS! 50 anos de hist\u00f3rias de um louco do bando - Pontes Editores","isPartOf":{"@id":"https:\/\/ponteseditores.com.br\/loja3\/#website"},"primaryImageOfPage":{"@id":"https:\/\/ponteseditores.com.br\/loja3\/pontes-editores-home-2__trashed\/futebol-2\/vai-corinthians-50-anos-de-historias-de-um-louco-do-bando\/#primaryimage"},"image":{"@id":"https:\/\/ponteseditores.com.br\/loja3\/pontes-editores-home-2__trashed\/futebol-2\/vai-corinthians-50-anos-de-historias-de-um-louco-do-bando\/#primaryimage"},"thumbnailUrl":"https:\/\/ponteseditores.com.br\/loja3\/wp-content\/uploads\/2023\/12\/vai1-3.jpg","datePublished":"2023-12-15T03:52:51+00:00","dateModified":"2025-08-03T18:35:07+00:00","breadcrumb":{"@id":"https:\/\/ponteseditores.com.br\/loja3\/pontes-editores-home-2__trashed\/futebol-2\/vai-corinthians-50-anos-de-historias-de-um-louco-do-bando\/#breadcrumb"},"inLanguage":"pt-BR","potentialAction":[{"@type":"ReadAction","target":["https:\/\/ponteseditores.com.br\/loja3\/pontes-editores-home-2__trashed\/futebol-2\/vai-corinthians-50-anos-de-historias-de-um-louco-do-bando\/"]}]},{"@type":"ImageObject","inLanguage":"pt-BR","@id":"https:\/\/ponteseditores.com.br\/loja3\/pontes-editores-home-2__trashed\/futebol-2\/vai-corinthians-50-anos-de-historias-de-um-louco-do-bando\/#primaryimage","url":"https:\/\/ponteseditores.com.br\/loja3\/wp-content\/uploads\/2023\/12\/vai1-3.jpg","contentUrl":"https:\/\/ponteseditores.com.br\/loja3\/wp-content\/uploads\/2023\/12\/vai1-3.jpg","width":403,"height":600},{"@type":"BreadcrumbList","@id":"https:\/\/ponteseditores.com.br\/loja3\/pontes-editores-home-2__trashed\/futebol-2\/vai-corinthians-50-anos-de-historias-de-um-louco-do-bando\/#breadcrumb","itemListElement":[{"@type":"ListItem","position":1,"name":"Home","item":"https:\/\/ponteseditores.com.br\/loja3\/"},{"@type":"ListItem","position":2,"name":"loja","item":"https:\/\/ponteseditores.com.br\/loja3\/loja\/"},{"@type":"ListItem","position":3,"name":"VAI CORINTHIANS! 50 anos de hist\u00f3rias de um louco do bando"}]},{"@type":"WebSite","@id":"https:\/\/ponteseditores.com.br\/loja3\/#website","url":"https:\/\/ponteseditores.com.br\/loja3\/","name":"Pontes Editores","description":"Pontes Editores","publisher":{"@id":"https:\/\/ponteseditores.com.br\/loja3\/#organization"},"potentialAction":[{"@type":"SearchAction","target":{"@type":"EntryPoint","urlTemplate":"https:\/\/ponteseditores.com.br\/loja3\/?s={search_term_string}"},"query-input":{"@type":"PropertyValueSpecification","valueRequired":true,"valueName":"search_term_string"}}],"inLanguage":"pt-BR"},{"@type":"Organization","@id":"https:\/\/ponteseditores.com.br\/loja3\/#organization","name":"Pontes Editores","url":"https:\/\/ponteseditores.com.br\/loja3\/","logo":{"@type":"ImageObject","inLanguage":"pt-BR","@id":"https:\/\/ponteseditores.com.br\/loja3\/#\/schema\/logo\/image\/","url":"https:\/\/ponteseditores.com.br\/loja3\/wp-content\/uploads\/2023\/12\/logo-pontes-editores-v2.png","contentUrl":"https:\/\/ponteseditores.com.br\/loja3\/wp-content\/uploads\/2023\/12\/logo-pontes-editores-v2.png","width":258,"height":100,"caption":"Pontes Editores"},"image":{"@id":"https:\/\/ponteseditores.com.br\/loja3\/#\/schema\/logo\/image\/"}}]}},"_links":{"self":[{"href":"https:\/\/ponteseditores.com.br\/loja3\/wp-json\/wp\/v2\/product\/7649","targetHints":{"allow":["GET"]}}],"collection":[{"href":"https:\/\/ponteseditores.com.br\/loja3\/wp-json\/wp\/v2\/product"}],"about":[{"href":"https:\/\/ponteseditores.com.br\/loja3\/wp-json\/wp\/v2\/types\/product"}],"replies":[{"embeddable":true,"href":"https:\/\/ponteseditores.com.br\/loja3\/wp-json\/wp\/v2\/comments?post=7649"}],"version-history":[{"count":0,"href":"https:\/\/ponteseditores.com.br\/loja3\/wp-json\/wp\/v2\/product\/7649\/revisions"}],"wp:featuredmedia":[{"embeddable":true,"href":"https:\/\/ponteseditores.com.br\/loja3\/wp-json\/wp\/v2\/media\/7648"}],"wp:attachment":[{"href":"https:\/\/ponteseditores.com.br\/loja3\/wp-json\/wp\/v2\/media?parent=7649"}],"wp:term":[{"taxonomy":"product_brand","embeddable":true,"href":"https:\/\/ponteseditores.com.br\/loja3\/wp-json\/wp\/v2\/product_brand?post=7649"},{"taxonomy":"product_cat","embeddable":true,"href":"https:\/\/ponteseditores.com.br\/loja3\/wp-json\/wp\/v2\/product_cat?post=7649"},{"taxonomy":"product_tag","embeddable":true,"href":"https:\/\/ponteseditores.com.br\/loja3\/wp-json\/wp\/v2\/product_tag?post=7649"}],"curies":[{"name":"wp","href":"https:\/\/api.w.org\/{rel}","templated":true}]}}