{"id":7637,"date":"2023-12-15T00:52:48","date_gmt":"2023-12-15T03:52:48","guid":{"rendered":"https:\/\/ponteseditores.com.br\/loja3\/pontes-editores-home-2__trashed\/sem%20categoria\/ler-e-reescrever-textos-na-universidade-da-pratica-teorica-e-do-processo-de-aprendizagem-ensino\/"},"modified":"2025-08-12T14:49:51","modified_gmt":"2025-08-12T17:49:51","slug":"ler-e-reescrever-textos-na-universidade-da-pratica-teorica-e-do-processo-de-aprendizagem-ensino","status":"publish","type":"product","link":"https:\/\/ponteseditores.com.br\/loja3\/pontes-editores-home-2__trashed\/leitura\/ler-e-reescrever-textos-na-universidade-da-pratica-teorica-e-do-processo-de-aprendizagem-ensino\/","title":{"rendered":"Ler e (re)escrever textos na universidade: Da pr\u00e1tica te\u00f3rica e do processo de aprendizagem-ensino"},"content":{"rendered":"<p>Os textos que li me inspiraram, me fizeram pensar sobre o mundo que vivemos e sobre como ele \u00e9 expresso na linguagem escrita. Os textos que escrevi me fizeram refletir e aprender a colocar em palavras aquilo que senti, que vivenciei. Aprendi coisas que levarei para minha vida inteira como, por exemplo, as estrat\u00e9gias de opera\u00e7\u00e3o simb\u00f3lica da ideologia, a influ\u00eancia que nossas leituras sofrem a partir da maneira que s\u00e3o feitas as escritas. Aprendi como um protocolo de leitura pode ser \u00fatil para a minha real apreens\u00e3o dos textos. Como leitora de textos, hoje sou mais cr\u00edtica e tento observar al\u00e9m das entrelinhas. Como produtora, sou mais reflexiva, tento encontrar as palavras que passem aquilo que quero dizer, que deixem claro a minha posi\u00e7\u00e3o, mesmo que eu n\u00e3o tenha uma definitiva. Como aluna, tornei-me mais pensativa, ganhei gosto pela leitura cr\u00edtica. E, principalmente, hoje me considero uma pessoa melhor, mas confiante, mas sensata, melhor escritora. Sinto-me mais admirada, tenho mais orgulho de mim.<\/p>\n<p>Aluna de Letras- PBSL ap\u00f3s cursar Leitura e Produ\u00e7\u00e3o de Textos<\/p>\n","protected":false},"excerpt":{"rendered":"<p>Os textos que li me inspiraram, me fizeram pensar sobre o mundo que vivemos e sobre como ele \u00e9 expresso na linguagem escrita. Os textos que escrevi me fizeram refletir e aprender a colocar em palavras aquilo que senti, que vivenciei. Aprendi coisas que levarei para minha vida inteira como, por exemplo, as estrat\u00e9gias de [&hellip;]<\/p>\n","protected":false},"featured_media":28908,"comment_status":"open","ping_status":"closed","template":"","meta":{"_joinchat":[]},"product_brand":[],"product_cat":[288,278,293],"product_tag":[],"class_list":{"0":"post-7637","1":"product","2":"type-product","3":"status-publish","4":"has-post-thumbnail","6":"product_cat-ensino-e-aprendizagem","7":"product_cat-leitura","8":"product_cat-meios-auxiliares-do-ensino","9":"product_shipping_class-livro-pontes-editores-fisico","11":"first","12":"instock","13":"shipping-taxable","14":"purchasable","15":"product-type-simple"},"yoast_head":"<!-- This site is optimized with the Yoast SEO plugin v27.4 - https:\/\/yoast.com\/product\/yoast-seo-wordpress\/ -->\n<title>Ler e (re)escrever textos na universidade: Da pr\u00e1tica te\u00f3rica e do processo de aprendizagem-ensino - Pontes Editores<\/title>\n<meta name=\"robots\" content=\"index, follow, max-snippet:-1, max-image-preview:large, max-video-preview:-1\" \/>\n<link rel=\"canonical\" href=\"https:\/\/ponteseditores.com.br\/loja3\/pontes-editores-home-2__trashed\/leitura\/ler-e-reescrever-textos-na-universidade-da-pratica-teorica-e-do-processo-de-aprendizagem-ensino\/\" \/>\n<meta property=\"og:locale\" content=\"pt_BR\" \/>\n<meta property=\"og:type\" content=\"article\" \/>\n<meta property=\"og:title\" content=\"Ler e (re)escrever textos na universidade: Da pr\u00e1tica te\u00f3rica e do processo de aprendizagem-ensino - Pontes Editores\" \/>\n<meta property=\"og:description\" content=\"Os textos que li me inspiraram, me fizeram pensar sobre o mundo que vivemos e sobre como ele \u00e9 expresso na linguagem escrita. Os textos que escrevi me fizeram refletir e aprender a colocar em palavras aquilo que senti, que vivenciei. Aprendi coisas que levarei para minha vida inteira como, por exemplo, as estrat\u00e9gias de [&hellip;]\" \/>\n<meta property=\"og:url\" content=\"https:\/\/ponteseditores.com.br\/loja3\/pontes-editores-home-2__trashed\/leitura\/ler-e-reescrever-textos-na-universidade-da-pratica-teorica-e-do-processo-de-aprendizagem-ensino\/\" \/>\n<meta property=\"og:site_name\" content=\"Pontes Editores\" \/>\n<meta property=\"article:modified_time\" content=\"2025-08-12T17:49:51+00:00\" \/>\n<meta property=\"og:image\" content=\"https:\/\/ponteseditores.com.br\/loja3\/wp-content\/uploads\/2023\/12\/ler-e-reescrever-textos-na-universidade-capa.jpg\" \/>\n\t<meta property=\"og:image:width\" content=\"399\" \/>\n\t<meta property=\"og:image:height\" content=\"600\" \/>\n\t<meta property=\"og:image:type\" content=\"image\/jpeg\" \/>\n<meta name=\"twitter:card\" content=\"summary_large_image\" \/>\n<meta name=\"twitter:label1\" content=\"Est. tempo de leitura\" \/>\n\t<meta name=\"twitter:data1\" content=\"2 minutos\" \/>\n<script type=\"application\/ld+json\" class=\"yoast-schema-graph\">{\"@context\":\"https:\\\/\\\/schema.org\",\"@graph\":[{\"@type\":\"WebPage\",\"@id\":\"https:\\\/\\\/ponteseditores.com.br\\\/loja3\\\/pontes-editores-home-2__trashed\\\/leitura\\\/ler-e-reescrever-textos-na-universidade-da-pratica-teorica-e-do-processo-de-aprendizagem-ensino\\\/\",\"url\":\"https:\\\/\\\/ponteseditores.com.br\\\/loja3\\\/pontes-editores-home-2__trashed\\\/leitura\\\/ler-e-reescrever-textos-na-universidade-da-pratica-teorica-e-do-processo-de-aprendizagem-ensino\\\/\",\"name\":\"Ler e (re)escrever textos na universidade: Da pr\u00e1tica te\u00f3rica e do processo de aprendizagem-ensino - Pontes Editores\",\"isPartOf\":{\"@id\":\"https:\\\/\\\/ponteseditores.com.br\\\/loja3\\\/#website\"},\"primaryImageOfPage\":{\"@id\":\"https:\\\/\\\/ponteseditores.com.br\\\/loja3\\\/pontes-editores-home-2__trashed\\\/leitura\\\/ler-e-reescrever-textos-na-universidade-da-pratica-teorica-e-do-processo-de-aprendizagem-ensino\\\/#primaryimage\"},\"image\":{\"@id\":\"https:\\\/\\\/ponteseditores.com.br\\\/loja3\\\/pontes-editores-home-2__trashed\\\/leitura\\\/ler-e-reescrever-textos-na-universidade-da-pratica-teorica-e-do-processo-de-aprendizagem-ensino\\\/#primaryimage\"},\"thumbnailUrl\":\"https:\\\/\\\/ponteseditores.com.br\\\/loja3\\\/wp-content\\\/uploads\\\/2023\\\/12\\\/ler-e-reescrever-textos-na-universidade-capa.jpg\",\"datePublished\":\"2023-12-15T03:52:48+00:00\",\"dateModified\":\"2025-08-12T17:49:51+00:00\",\"breadcrumb\":{\"@id\":\"https:\\\/\\\/ponteseditores.com.br\\\/loja3\\\/pontes-editores-home-2__trashed\\\/leitura\\\/ler-e-reescrever-textos-na-universidade-da-pratica-teorica-e-do-processo-de-aprendizagem-ensino\\\/#breadcrumb\"},\"inLanguage\":\"pt-BR\",\"potentialAction\":[{\"@type\":\"ReadAction\",\"target\":[\"https:\\\/\\\/ponteseditores.com.br\\\/loja3\\\/pontes-editores-home-2__trashed\\\/leitura\\\/ler-e-reescrever-textos-na-universidade-da-pratica-teorica-e-do-processo-de-aprendizagem-ensino\\\/\"]}]},{\"@type\":\"ImageObject\",\"inLanguage\":\"pt-BR\",\"@id\":\"https:\\\/\\\/ponteseditores.com.br\\\/loja3\\\/pontes-editores-home-2__trashed\\\/leitura\\\/ler-e-reescrever-textos-na-universidade-da-pratica-teorica-e-do-processo-de-aprendizagem-ensino\\\/#primaryimage\",\"url\":\"https:\\\/\\\/ponteseditores.com.br\\\/loja3\\\/wp-content\\\/uploads\\\/2023\\\/12\\\/ler-e-reescrever-textos-na-universidade-capa.jpg\",\"contentUrl\":\"https:\\\/\\\/ponteseditores.com.br\\\/loja3\\\/wp-content\\\/uploads\\\/2023\\\/12\\\/ler-e-reescrever-textos-na-universidade-capa.jpg\",\"width\":399,\"height\":600},{\"@type\":\"BreadcrumbList\",\"@id\":\"https:\\\/\\\/ponteseditores.com.br\\\/loja3\\\/pontes-editores-home-2__trashed\\\/leitura\\\/ler-e-reescrever-textos-na-universidade-da-pratica-teorica-e-do-processo-de-aprendizagem-ensino\\\/#breadcrumb\",\"itemListElement\":[{\"@type\":\"ListItem\",\"position\":1,\"name\":\"Home\",\"item\":\"https:\\\/\\\/ponteseditores.com.br\\\/loja3\\\/\"},{\"@type\":\"ListItem\",\"position\":2,\"name\":\"loja\",\"item\":\"https:\\\/\\\/ponteseditores.com.br\\\/loja3\\\/loja\\\/\"},{\"@type\":\"ListItem\",\"position\":3,\"name\":\"Ler e (re)escrever textos na universidade: Da pr\u00e1tica te\u00f3rica e do processo de aprendizagem-ensino\"}]},{\"@type\":\"WebSite\",\"@id\":\"https:\\\/\\\/ponteseditores.com.br\\\/loja3\\\/#website\",\"url\":\"https:\\\/\\\/ponteseditores.com.br\\\/loja3\\\/\",\"name\":\"Pontes Editores\",\"description\":\"Pontes Editores\",\"publisher\":{\"@id\":\"https:\\\/\\\/ponteseditores.com.br\\\/loja3\\\/#organization\"},\"potentialAction\":[{\"@type\":\"SearchAction\",\"target\":{\"@type\":\"EntryPoint\",\"urlTemplate\":\"https:\\\/\\\/ponteseditores.com.br\\\/loja3\\\/?s={search_term_string}\"},\"query-input\":{\"@type\":\"PropertyValueSpecification\",\"valueRequired\":true,\"valueName\":\"search_term_string\"}}],\"inLanguage\":\"pt-BR\"},{\"@type\":\"Organization\",\"@id\":\"https:\\\/\\\/ponteseditores.com.br\\\/loja3\\\/#organization\",\"name\":\"Pontes Editores\",\"url\":\"https:\\\/\\\/ponteseditores.com.br\\\/loja3\\\/\",\"logo\":{\"@type\":\"ImageObject\",\"inLanguage\":\"pt-BR\",\"@id\":\"https:\\\/\\\/ponteseditores.com.br\\\/loja3\\\/#\\\/schema\\\/logo\\\/image\\\/\",\"url\":\"https:\\\/\\\/ponteseditores.com.br\\\/loja3\\\/wp-content\\\/uploads\\\/2023\\\/12\\\/logo-pontes-editores-v2.png\",\"contentUrl\":\"https:\\\/\\\/ponteseditores.com.br\\\/loja3\\\/wp-content\\\/uploads\\\/2023\\\/12\\\/logo-pontes-editores-v2.png\",\"width\":258,\"height\":100,\"caption\":\"Pontes Editores\"},\"image\":{\"@id\":\"https:\\\/\\\/ponteseditores.com.br\\\/loja3\\\/#\\\/schema\\\/logo\\\/image\\\/\"}}]}<\/script>\n<!-- \/ Yoast SEO plugin. -->","yoast_head_json":{"title":"Ler e (re)escrever textos na universidade: Da pr\u00e1tica te\u00f3rica e do processo de aprendizagem-ensino - Pontes Editores","robots":{"index":"index","follow":"follow","max-snippet":"max-snippet:-1","max-image-preview":"max-image-preview:large","max-video-preview":"max-video-preview:-1"},"canonical":"https:\/\/ponteseditores.com.br\/loja3\/pontes-editores-home-2__trashed\/leitura\/ler-e-reescrever-textos-na-universidade-da-pratica-teorica-e-do-processo-de-aprendizagem-ensino\/","og_locale":"pt_BR","og_type":"article","og_title":"Ler e (re)escrever textos na universidade: Da pr\u00e1tica te\u00f3rica e do processo de aprendizagem-ensino - Pontes Editores","og_description":"Os textos que li me inspiraram, me fizeram pensar sobre o mundo que vivemos e sobre como ele \u00e9 expresso na linguagem escrita. Os textos que escrevi me fizeram refletir e aprender a colocar em palavras aquilo que senti, que vivenciei. Aprendi coisas que levarei para minha vida inteira como, por exemplo, as estrat\u00e9gias de [&hellip;]","og_url":"https:\/\/ponteseditores.com.br\/loja3\/pontes-editores-home-2__trashed\/leitura\/ler-e-reescrever-textos-na-universidade-da-pratica-teorica-e-do-processo-de-aprendizagem-ensino\/","og_site_name":"Pontes Editores","article_modified_time":"2025-08-12T17:49:51+00:00","og_image":[{"width":399,"height":600,"url":"https:\/\/ponteseditores.com.br\/loja3\/wp-content\/uploads\/2023\/12\/ler-e-reescrever-textos-na-universidade-capa.jpg","type":"image\/jpeg"}],"twitter_card":"summary_large_image","twitter_misc":{"Est. tempo de leitura":"2 minutos"},"schema":{"@context":"https:\/\/schema.org","@graph":[{"@type":"WebPage","@id":"https:\/\/ponteseditores.com.br\/loja3\/pontes-editores-home-2__trashed\/leitura\/ler-e-reescrever-textos-na-universidade-da-pratica-teorica-e-do-processo-de-aprendizagem-ensino\/","url":"https:\/\/ponteseditores.com.br\/loja3\/pontes-editores-home-2__trashed\/leitura\/ler-e-reescrever-textos-na-universidade-da-pratica-teorica-e-do-processo-de-aprendizagem-ensino\/","name":"Ler e (re)escrever textos na universidade: Da pr\u00e1tica te\u00f3rica e do processo de aprendizagem-ensino - Pontes Editores","isPartOf":{"@id":"https:\/\/ponteseditores.com.br\/loja3\/#website"},"primaryImageOfPage":{"@id":"https:\/\/ponteseditores.com.br\/loja3\/pontes-editores-home-2__trashed\/leitura\/ler-e-reescrever-textos-na-universidade-da-pratica-teorica-e-do-processo-de-aprendizagem-ensino\/#primaryimage"},"image":{"@id":"https:\/\/ponteseditores.com.br\/loja3\/pontes-editores-home-2__trashed\/leitura\/ler-e-reescrever-textos-na-universidade-da-pratica-teorica-e-do-processo-de-aprendizagem-ensino\/#primaryimage"},"thumbnailUrl":"https:\/\/ponteseditores.com.br\/loja3\/wp-content\/uploads\/2023\/12\/ler-e-reescrever-textos-na-universidade-capa.jpg","datePublished":"2023-12-15T03:52:48+00:00","dateModified":"2025-08-12T17:49:51+00:00","breadcrumb":{"@id":"https:\/\/ponteseditores.com.br\/loja3\/pontes-editores-home-2__trashed\/leitura\/ler-e-reescrever-textos-na-universidade-da-pratica-teorica-e-do-processo-de-aprendizagem-ensino\/#breadcrumb"},"inLanguage":"pt-BR","potentialAction":[{"@type":"ReadAction","target":["https:\/\/ponteseditores.com.br\/loja3\/pontes-editores-home-2__trashed\/leitura\/ler-e-reescrever-textos-na-universidade-da-pratica-teorica-e-do-processo-de-aprendizagem-ensino\/"]}]},{"@type":"ImageObject","inLanguage":"pt-BR","@id":"https:\/\/ponteseditores.com.br\/loja3\/pontes-editores-home-2__trashed\/leitura\/ler-e-reescrever-textos-na-universidade-da-pratica-teorica-e-do-processo-de-aprendizagem-ensino\/#primaryimage","url":"https:\/\/ponteseditores.com.br\/loja3\/wp-content\/uploads\/2023\/12\/ler-e-reescrever-textos-na-universidade-capa.jpg","contentUrl":"https:\/\/ponteseditores.com.br\/loja3\/wp-content\/uploads\/2023\/12\/ler-e-reescrever-textos-na-universidade-capa.jpg","width":399,"height":600},{"@type":"BreadcrumbList","@id":"https:\/\/ponteseditores.com.br\/loja3\/pontes-editores-home-2__trashed\/leitura\/ler-e-reescrever-textos-na-universidade-da-pratica-teorica-e-do-processo-de-aprendizagem-ensino\/#breadcrumb","itemListElement":[{"@type":"ListItem","position":1,"name":"Home","item":"https:\/\/ponteseditores.com.br\/loja3\/"},{"@type":"ListItem","position":2,"name":"loja","item":"https:\/\/ponteseditores.com.br\/loja3\/loja\/"},{"@type":"ListItem","position":3,"name":"Ler e (re)escrever textos na universidade: Da pr\u00e1tica te\u00f3rica e do processo de aprendizagem-ensino"}]},{"@type":"WebSite","@id":"https:\/\/ponteseditores.com.br\/loja3\/#website","url":"https:\/\/ponteseditores.com.br\/loja3\/","name":"Pontes Editores","description":"Pontes Editores","publisher":{"@id":"https:\/\/ponteseditores.com.br\/loja3\/#organization"},"potentialAction":[{"@type":"SearchAction","target":{"@type":"EntryPoint","urlTemplate":"https:\/\/ponteseditores.com.br\/loja3\/?s={search_term_string}"},"query-input":{"@type":"PropertyValueSpecification","valueRequired":true,"valueName":"search_term_string"}}],"inLanguage":"pt-BR"},{"@type":"Organization","@id":"https:\/\/ponteseditores.com.br\/loja3\/#organization","name":"Pontes Editores","url":"https:\/\/ponteseditores.com.br\/loja3\/","logo":{"@type":"ImageObject","inLanguage":"pt-BR","@id":"https:\/\/ponteseditores.com.br\/loja3\/#\/schema\/logo\/image\/","url":"https:\/\/ponteseditores.com.br\/loja3\/wp-content\/uploads\/2023\/12\/logo-pontes-editores-v2.png","contentUrl":"https:\/\/ponteseditores.com.br\/loja3\/wp-content\/uploads\/2023\/12\/logo-pontes-editores-v2.png","width":258,"height":100,"caption":"Pontes Editores"},"image":{"@id":"https:\/\/ponteseditores.com.br\/loja3\/#\/schema\/logo\/image\/"}}]}},"_links":{"self":[{"href":"https:\/\/ponteseditores.com.br\/loja3\/wp-json\/wp\/v2\/product\/7637","targetHints":{"allow":["GET"]}}],"collection":[{"href":"https:\/\/ponteseditores.com.br\/loja3\/wp-json\/wp\/v2\/product"}],"about":[{"href":"https:\/\/ponteseditores.com.br\/loja3\/wp-json\/wp\/v2\/types\/product"}],"replies":[{"embeddable":true,"href":"https:\/\/ponteseditores.com.br\/loja3\/wp-json\/wp\/v2\/comments?post=7637"}],"version-history":[{"count":1,"href":"https:\/\/ponteseditores.com.br\/loja3\/wp-json\/wp\/v2\/product\/7637\/revisions"}],"predecessor-version":[{"id":28906,"href":"https:\/\/ponteseditores.com.br\/loja3\/wp-json\/wp\/v2\/product\/7637\/revisions\/28906"}],"wp:featuredmedia":[{"embeddable":true,"href":"https:\/\/ponteseditores.com.br\/loja3\/wp-json\/wp\/v2\/media\/28908"}],"wp:attachment":[{"href":"https:\/\/ponteseditores.com.br\/loja3\/wp-json\/wp\/v2\/media?parent=7637"}],"wp:term":[{"taxonomy":"product_brand","embeddable":true,"href":"https:\/\/ponteseditores.com.br\/loja3\/wp-json\/wp\/v2\/product_brand?post=7637"},{"taxonomy":"product_cat","embeddable":true,"href":"https:\/\/ponteseditores.com.br\/loja3\/wp-json\/wp\/v2\/product_cat?post=7637"},{"taxonomy":"product_tag","embeddable":true,"href":"https:\/\/ponteseditores.com.br\/loja3\/wp-json\/wp\/v2\/product_tag?post=7637"}],"curies":[{"name":"wp","href":"https:\/\/api.w.org\/{rel}","templated":true}]}}