{"id":7630,"date":"2023-12-15T00:52:44","date_gmt":"2023-12-15T03:52:44","guid":{"rendered":"https:\/\/ponteseditores.com.br\/loja3\/pontes-editores-home-2__trashed\/sem%20categoria\/portugues-brasileiro-transnacional-traducao-heranca-e-gramatica\/"},"modified":"2023-12-15T11:55:29","modified_gmt":"2023-12-15T14:55:29","slug":"portugues-brasileiro-transnacional-traducao-heranca-e-gramatica","status":"publish","type":"product","link":"https:\/\/ponteseditores.com.br\/loja3\/pontes-editores-home-2__trashed\/linguistica\/portugues-brasileiro-transnacional-traducao-heranca-e-gramatica\/","title":{"rendered":"PORTUGU\u00caS BRASILEIRO TRANSNACIONAL: TRADU\u00c7\u00c3O, HERAN\u00c7A E GRAM\u00c1TICA"},"content":{"rendered":"<p>O PB transnacional se apresenta neste livro segundo a concep\u00e7\u00e3o do transbordamento. A \u201cinter-rela\u00e7\u00e3o cr\u00edtica\u201d, tend\u00eancias que transbordam seus \u00e2mbitos disciplinares por, na verdade, n\u00e3o pertencerem a este ao \u00e0quele \u00e2mbito, constituindo-se, sim, como tomada de consci\u00eancia cr\u00edtica em determinadas \u00e9pocas ou sujeitos, \u00e9 utilizada aqui para demonstrar que o ensino do PB transnacional tem que passar por um processo cr\u00edtico \u201cantropof\u00e1gico\u201d. Esse esfor\u00e7o \u00e9 necess\u00e1rio se desejarmos realmente sair do estere\u00f3tipo e do ensino estereotipado de manuais empoeirados e corro\u00eddos pelas tra\u00e7as, apesar de serem (re)apresentados com capas coloridas, com seus CDs anexados e com seus links www indicados nos cap\u00edtulos. Uma tomada de decis\u00e3o nesse sentido passa pela op\u00e7\u00e3o por manuais de gram\u00e1tica sustentadores do ensino, organizados a partir dos usos atuais da l\u00edngua, que tragam a clareza da sistematiza\u00e7\u00e3o da l\u00edngua identificadora dos brasileiros, e revelem a consci\u00eancia de como se produz a linguagem, que sejam escritos numa metalinguagem adequada para o ensino, valorizadora dessa identidade e atenta para a fluidez e o dinamismo das categorias lingu\u00edsticas. Olhar a inter-rela\u00e7\u00e3o de tudo o que \u00e9 Brasil, sua produ\u00e7\u00e3o art\u00edstica erudita e popular, seu \u201cnovo novo\u201d e suas vertentes tangentes da linguagem est\u00e9tica, que \u00e9 \u00e9tica, \u00e9 a condi\u00e7\u00e3o para sair da did\u00e1tica ensimesmada do PB transnacional &#8211; chamado at\u00e9 o s\u00e9culo passado de PLE.<\/p>\n","protected":false},"excerpt":{"rendered":"<p>O PB transnacional se apresenta neste livro segundo a concep\u00e7\u00e3o do transbordamento. A \u201cinter-rela\u00e7\u00e3o cr\u00edtica\u201d, tend\u00eancias que transbordam seus \u00e2mbitos disciplinares por, na verdade, n\u00e3o pertencerem a este ao \u00e0quele \u00e2mbito, constituindo-se, sim, como tomada de consci\u00eancia cr\u00edtica em determinadas \u00e9pocas ou sujeitos, \u00e9 utilizada aqui para demonstrar que o ensino do PB transnacional tem [&hellip;]<\/p>\n","protected":false},"featured_media":7629,"comment_status":"open","ping_status":"closed","template":"","meta":{"_joinchat":[]},"product_brand":[],"product_cat":[288,290,31],"product_tag":[],"class_list":{"0":"post-7630","1":"product","2":"type-product","3":"status-publish","4":"has-post-thumbnail","6":"product_cat-ensino-e-aprendizagem","7":"product_cat-linguagem-e-linguas","8":"product_cat-linguistica","9":"product_shipping_class-livro-pontes-editores-fisico","11":"first","12":"instock","13":"shipping-taxable","14":"purchasable","15":"product-type-simple"},"yoast_head":"<!-- This site is optimized with the Yoast SEO plugin v27.4 - https:\/\/yoast.com\/product\/yoast-seo-wordpress\/ -->\n<title>PORTUGU\u00caS BRASILEIRO TRANSNACIONAL: TRADU\u00c7\u00c3O, HERAN\u00c7A E GRAM\u00c1TICA - Pontes Editores<\/title>\n<meta name=\"robots\" content=\"index, follow, max-snippet:-1, max-image-preview:large, max-video-preview:-1\" \/>\n<link rel=\"canonical\" href=\"https:\/\/ponteseditores.com.br\/loja3\/pontes-editores-home-2__trashed\/linguistica\/portugues-brasileiro-transnacional-traducao-heranca-e-gramatica\/\" \/>\n<meta property=\"og:locale\" content=\"pt_BR\" \/>\n<meta property=\"og:type\" content=\"article\" \/>\n<meta property=\"og:title\" content=\"PORTUGU\u00caS BRASILEIRO TRANSNACIONAL: TRADU\u00c7\u00c3O, HERAN\u00c7A E GRAM\u00c1TICA - Pontes Editores\" \/>\n<meta property=\"og:description\" content=\"O PB transnacional se apresenta neste livro segundo a concep\u00e7\u00e3o do transbordamento. A \u201cinter-rela\u00e7\u00e3o cr\u00edtica\u201d, tend\u00eancias que transbordam seus \u00e2mbitos disciplinares por, na verdade, n\u00e3o pertencerem a este ao \u00e0quele \u00e2mbito, constituindo-se, sim, como tomada de consci\u00eancia cr\u00edtica em determinadas \u00e9pocas ou sujeitos, \u00e9 utilizada aqui para demonstrar que o ensino do PB transnacional tem [&hellip;]\" \/>\n<meta property=\"og:url\" content=\"https:\/\/ponteseditores.com.br\/loja3\/pontes-editores-home-2__trashed\/linguistica\/portugues-brasileiro-transnacional-traducao-heranca-e-gramatica\/\" \/>\n<meta property=\"og:site_name\" content=\"Pontes Editores\" \/>\n<meta property=\"article:modified_time\" content=\"2023-12-15T14:55:29+00:00\" \/>\n<meta property=\"og:image\" content=\"https:\/\/ponteseditores.com.br\/loja3\/wp-content\/uploads\/2023\/12\/porttrans1-1.jpg\" \/>\n\t<meta property=\"og:image:width\" content=\"396\" \/>\n\t<meta property=\"og:image:height\" content=\"600\" \/>\n\t<meta property=\"og:image:type\" content=\"image\/jpeg\" \/>\n<meta name=\"twitter:card\" content=\"summary_large_image\" \/>\n<meta name=\"twitter:label1\" content=\"Est. tempo de leitura\" \/>\n\t<meta name=\"twitter:data1\" content=\"1 minuto\" \/>\n<script type=\"application\/ld+json\" class=\"yoast-schema-graph\">{\"@context\":\"https:\\\/\\\/schema.org\",\"@graph\":[{\"@type\":\"WebPage\",\"@id\":\"https:\\\/\\\/ponteseditores.com.br\\\/loja3\\\/pontes-editores-home-2__trashed\\\/linguistica\\\/portugues-brasileiro-transnacional-traducao-heranca-e-gramatica\\\/\",\"url\":\"https:\\\/\\\/ponteseditores.com.br\\\/loja3\\\/pontes-editores-home-2__trashed\\\/linguistica\\\/portugues-brasileiro-transnacional-traducao-heranca-e-gramatica\\\/\",\"name\":\"PORTUGU\u00caS BRASILEIRO TRANSNACIONAL: TRADU\u00c7\u00c3O, HERAN\u00c7A E GRAM\u00c1TICA - Pontes Editores\",\"isPartOf\":{\"@id\":\"https:\\\/\\\/ponteseditores.com.br\\\/loja3\\\/#website\"},\"primaryImageOfPage\":{\"@id\":\"https:\\\/\\\/ponteseditores.com.br\\\/loja3\\\/pontes-editores-home-2__trashed\\\/linguistica\\\/portugues-brasileiro-transnacional-traducao-heranca-e-gramatica\\\/#primaryimage\"},\"image\":{\"@id\":\"https:\\\/\\\/ponteseditores.com.br\\\/loja3\\\/pontes-editores-home-2__trashed\\\/linguistica\\\/portugues-brasileiro-transnacional-traducao-heranca-e-gramatica\\\/#primaryimage\"},\"thumbnailUrl\":\"https:\\\/\\\/ponteseditores.com.br\\\/loja3\\\/wp-content\\\/uploads\\\/2023\\\/12\\\/porttrans1-1.jpg\",\"datePublished\":\"2023-12-15T03:52:44+00:00\",\"dateModified\":\"2023-12-15T14:55:29+00:00\",\"breadcrumb\":{\"@id\":\"https:\\\/\\\/ponteseditores.com.br\\\/loja3\\\/pontes-editores-home-2__trashed\\\/linguistica\\\/portugues-brasileiro-transnacional-traducao-heranca-e-gramatica\\\/#breadcrumb\"},\"inLanguage\":\"pt-BR\",\"potentialAction\":[{\"@type\":\"ReadAction\",\"target\":[\"https:\\\/\\\/ponteseditores.com.br\\\/loja3\\\/pontes-editores-home-2__trashed\\\/linguistica\\\/portugues-brasileiro-transnacional-traducao-heranca-e-gramatica\\\/\"]}]},{\"@type\":\"ImageObject\",\"inLanguage\":\"pt-BR\",\"@id\":\"https:\\\/\\\/ponteseditores.com.br\\\/loja3\\\/pontes-editores-home-2__trashed\\\/linguistica\\\/portugues-brasileiro-transnacional-traducao-heranca-e-gramatica\\\/#primaryimage\",\"url\":\"https:\\\/\\\/ponteseditores.com.br\\\/loja3\\\/wp-content\\\/uploads\\\/2023\\\/12\\\/porttrans1-1.jpg\",\"contentUrl\":\"https:\\\/\\\/ponteseditores.com.br\\\/loja3\\\/wp-content\\\/uploads\\\/2023\\\/12\\\/porttrans1-1.jpg\",\"width\":396,\"height\":600},{\"@type\":\"BreadcrumbList\",\"@id\":\"https:\\\/\\\/ponteseditores.com.br\\\/loja3\\\/pontes-editores-home-2__trashed\\\/linguistica\\\/portugues-brasileiro-transnacional-traducao-heranca-e-gramatica\\\/#breadcrumb\",\"itemListElement\":[{\"@type\":\"ListItem\",\"position\":1,\"name\":\"Home\",\"item\":\"https:\\\/\\\/ponteseditores.com.br\\\/loja3\\\/\"},{\"@type\":\"ListItem\",\"position\":2,\"name\":\"loja\",\"item\":\"https:\\\/\\\/ponteseditores.com.br\\\/loja3\\\/loja\\\/\"},{\"@type\":\"ListItem\",\"position\":3,\"name\":\"PORTUGU\u00caS BRASILEIRO TRANSNACIONAL: TRADU\u00c7\u00c3O, HERAN\u00c7A E GRAM\u00c1TICA\"}]},{\"@type\":\"WebSite\",\"@id\":\"https:\\\/\\\/ponteseditores.com.br\\\/loja3\\\/#website\",\"url\":\"https:\\\/\\\/ponteseditores.com.br\\\/loja3\\\/\",\"name\":\"Pontes Editores\",\"description\":\"Pontes Editores\",\"publisher\":{\"@id\":\"https:\\\/\\\/ponteseditores.com.br\\\/loja3\\\/#organization\"},\"potentialAction\":[{\"@type\":\"SearchAction\",\"target\":{\"@type\":\"EntryPoint\",\"urlTemplate\":\"https:\\\/\\\/ponteseditores.com.br\\\/loja3\\\/?s={search_term_string}\"},\"query-input\":{\"@type\":\"PropertyValueSpecification\",\"valueRequired\":true,\"valueName\":\"search_term_string\"}}],\"inLanguage\":\"pt-BR\"},{\"@type\":\"Organization\",\"@id\":\"https:\\\/\\\/ponteseditores.com.br\\\/loja3\\\/#organization\",\"name\":\"Pontes Editores\",\"url\":\"https:\\\/\\\/ponteseditores.com.br\\\/loja3\\\/\",\"logo\":{\"@type\":\"ImageObject\",\"inLanguage\":\"pt-BR\",\"@id\":\"https:\\\/\\\/ponteseditores.com.br\\\/loja3\\\/#\\\/schema\\\/logo\\\/image\\\/\",\"url\":\"https:\\\/\\\/ponteseditores.com.br\\\/loja3\\\/wp-content\\\/uploads\\\/2023\\\/12\\\/logo-pontes-editores-v2.png\",\"contentUrl\":\"https:\\\/\\\/ponteseditores.com.br\\\/loja3\\\/wp-content\\\/uploads\\\/2023\\\/12\\\/logo-pontes-editores-v2.png\",\"width\":258,\"height\":100,\"caption\":\"Pontes Editores\"},\"image\":{\"@id\":\"https:\\\/\\\/ponteseditores.com.br\\\/loja3\\\/#\\\/schema\\\/logo\\\/image\\\/\"}}]}<\/script>\n<!-- \/ Yoast SEO plugin. -->","yoast_head_json":{"title":"PORTUGU\u00caS BRASILEIRO TRANSNACIONAL: TRADU\u00c7\u00c3O, HERAN\u00c7A E GRAM\u00c1TICA - Pontes Editores","robots":{"index":"index","follow":"follow","max-snippet":"max-snippet:-1","max-image-preview":"max-image-preview:large","max-video-preview":"max-video-preview:-1"},"canonical":"https:\/\/ponteseditores.com.br\/loja3\/pontes-editores-home-2__trashed\/linguistica\/portugues-brasileiro-transnacional-traducao-heranca-e-gramatica\/","og_locale":"pt_BR","og_type":"article","og_title":"PORTUGU\u00caS BRASILEIRO TRANSNACIONAL: TRADU\u00c7\u00c3O, HERAN\u00c7A E GRAM\u00c1TICA - Pontes Editores","og_description":"O PB transnacional se apresenta neste livro segundo a concep\u00e7\u00e3o do transbordamento. A \u201cinter-rela\u00e7\u00e3o cr\u00edtica\u201d, tend\u00eancias que transbordam seus \u00e2mbitos disciplinares por, na verdade, n\u00e3o pertencerem a este ao \u00e0quele \u00e2mbito, constituindo-se, sim, como tomada de consci\u00eancia cr\u00edtica em determinadas \u00e9pocas ou sujeitos, \u00e9 utilizada aqui para demonstrar que o ensino do PB transnacional tem [&hellip;]","og_url":"https:\/\/ponteseditores.com.br\/loja3\/pontes-editores-home-2__trashed\/linguistica\/portugues-brasileiro-transnacional-traducao-heranca-e-gramatica\/","og_site_name":"Pontes Editores","article_modified_time":"2023-12-15T14:55:29+00:00","og_image":[{"width":396,"height":600,"url":"https:\/\/ponteseditores.com.br\/loja3\/wp-content\/uploads\/2023\/12\/porttrans1-1.jpg","type":"image\/jpeg"}],"twitter_card":"summary_large_image","twitter_misc":{"Est. tempo de leitura":"1 minuto"},"schema":{"@context":"https:\/\/schema.org","@graph":[{"@type":"WebPage","@id":"https:\/\/ponteseditores.com.br\/loja3\/pontes-editores-home-2__trashed\/linguistica\/portugues-brasileiro-transnacional-traducao-heranca-e-gramatica\/","url":"https:\/\/ponteseditores.com.br\/loja3\/pontes-editores-home-2__trashed\/linguistica\/portugues-brasileiro-transnacional-traducao-heranca-e-gramatica\/","name":"PORTUGU\u00caS BRASILEIRO TRANSNACIONAL: TRADU\u00c7\u00c3O, HERAN\u00c7A E GRAM\u00c1TICA - Pontes Editores","isPartOf":{"@id":"https:\/\/ponteseditores.com.br\/loja3\/#website"},"primaryImageOfPage":{"@id":"https:\/\/ponteseditores.com.br\/loja3\/pontes-editores-home-2__trashed\/linguistica\/portugues-brasileiro-transnacional-traducao-heranca-e-gramatica\/#primaryimage"},"image":{"@id":"https:\/\/ponteseditores.com.br\/loja3\/pontes-editores-home-2__trashed\/linguistica\/portugues-brasileiro-transnacional-traducao-heranca-e-gramatica\/#primaryimage"},"thumbnailUrl":"https:\/\/ponteseditores.com.br\/loja3\/wp-content\/uploads\/2023\/12\/porttrans1-1.jpg","datePublished":"2023-12-15T03:52:44+00:00","dateModified":"2023-12-15T14:55:29+00:00","breadcrumb":{"@id":"https:\/\/ponteseditores.com.br\/loja3\/pontes-editores-home-2__trashed\/linguistica\/portugues-brasileiro-transnacional-traducao-heranca-e-gramatica\/#breadcrumb"},"inLanguage":"pt-BR","potentialAction":[{"@type":"ReadAction","target":["https:\/\/ponteseditores.com.br\/loja3\/pontes-editores-home-2__trashed\/linguistica\/portugues-brasileiro-transnacional-traducao-heranca-e-gramatica\/"]}]},{"@type":"ImageObject","inLanguage":"pt-BR","@id":"https:\/\/ponteseditores.com.br\/loja3\/pontes-editores-home-2__trashed\/linguistica\/portugues-brasileiro-transnacional-traducao-heranca-e-gramatica\/#primaryimage","url":"https:\/\/ponteseditores.com.br\/loja3\/wp-content\/uploads\/2023\/12\/porttrans1-1.jpg","contentUrl":"https:\/\/ponteseditores.com.br\/loja3\/wp-content\/uploads\/2023\/12\/porttrans1-1.jpg","width":396,"height":600},{"@type":"BreadcrumbList","@id":"https:\/\/ponteseditores.com.br\/loja3\/pontes-editores-home-2__trashed\/linguistica\/portugues-brasileiro-transnacional-traducao-heranca-e-gramatica\/#breadcrumb","itemListElement":[{"@type":"ListItem","position":1,"name":"Home","item":"https:\/\/ponteseditores.com.br\/loja3\/"},{"@type":"ListItem","position":2,"name":"loja","item":"https:\/\/ponteseditores.com.br\/loja3\/loja\/"},{"@type":"ListItem","position":3,"name":"PORTUGU\u00caS BRASILEIRO TRANSNACIONAL: TRADU\u00c7\u00c3O, HERAN\u00c7A E GRAM\u00c1TICA"}]},{"@type":"WebSite","@id":"https:\/\/ponteseditores.com.br\/loja3\/#website","url":"https:\/\/ponteseditores.com.br\/loja3\/","name":"Pontes Editores","description":"Pontes Editores","publisher":{"@id":"https:\/\/ponteseditores.com.br\/loja3\/#organization"},"potentialAction":[{"@type":"SearchAction","target":{"@type":"EntryPoint","urlTemplate":"https:\/\/ponteseditores.com.br\/loja3\/?s={search_term_string}"},"query-input":{"@type":"PropertyValueSpecification","valueRequired":true,"valueName":"search_term_string"}}],"inLanguage":"pt-BR"},{"@type":"Organization","@id":"https:\/\/ponteseditores.com.br\/loja3\/#organization","name":"Pontes Editores","url":"https:\/\/ponteseditores.com.br\/loja3\/","logo":{"@type":"ImageObject","inLanguage":"pt-BR","@id":"https:\/\/ponteseditores.com.br\/loja3\/#\/schema\/logo\/image\/","url":"https:\/\/ponteseditores.com.br\/loja3\/wp-content\/uploads\/2023\/12\/logo-pontes-editores-v2.png","contentUrl":"https:\/\/ponteseditores.com.br\/loja3\/wp-content\/uploads\/2023\/12\/logo-pontes-editores-v2.png","width":258,"height":100,"caption":"Pontes Editores"},"image":{"@id":"https:\/\/ponteseditores.com.br\/loja3\/#\/schema\/logo\/image\/"}}]}},"_links":{"self":[{"href":"https:\/\/ponteseditores.com.br\/loja3\/wp-json\/wp\/v2\/product\/7630","targetHints":{"allow":["GET"]}}],"collection":[{"href":"https:\/\/ponteseditores.com.br\/loja3\/wp-json\/wp\/v2\/product"}],"about":[{"href":"https:\/\/ponteseditores.com.br\/loja3\/wp-json\/wp\/v2\/types\/product"}],"replies":[{"embeddable":true,"href":"https:\/\/ponteseditores.com.br\/loja3\/wp-json\/wp\/v2\/comments?post=7630"}],"version-history":[{"count":0,"href":"https:\/\/ponteseditores.com.br\/loja3\/wp-json\/wp\/v2\/product\/7630\/revisions"}],"wp:featuredmedia":[{"embeddable":true,"href":"https:\/\/ponteseditores.com.br\/loja3\/wp-json\/wp\/v2\/media\/7629"}],"wp:attachment":[{"href":"https:\/\/ponteseditores.com.br\/loja3\/wp-json\/wp\/v2\/media?parent=7630"}],"wp:term":[{"taxonomy":"product_brand","embeddable":true,"href":"https:\/\/ponteseditores.com.br\/loja3\/wp-json\/wp\/v2\/product_brand?post=7630"},{"taxonomy":"product_cat","embeddable":true,"href":"https:\/\/ponteseditores.com.br\/loja3\/wp-json\/wp\/v2\/product_cat?post=7630"},{"taxonomy":"product_tag","embeddable":true,"href":"https:\/\/ponteseditores.com.br\/loja3\/wp-json\/wp\/v2\/product_tag?post=7630"}],"curies":[{"name":"wp","href":"https:\/\/api.w.org\/{rel}","templated":true}]}}