{"id":7628,"date":"2023-12-15T00:52:43","date_gmt":"2023-12-15T03:52:43","guid":{"rendered":"https:\/\/ponteseditores.com.br\/loja3\/pontes-editores-home-2__trashed\/sem%20categoria\/temas-de-politica-linguistica-no-processo-de-integracao-regional\/"},"modified":"2024-06-03T19:38:59","modified_gmt":"2024-06-03T22:38:59","slug":"temas-de-politica-linguistica-no-processo-de-integracao-regional","status":"publish","type":"product","link":"https:\/\/ponteseditores.com.br\/loja3\/pontes-editores-home-2__trashed\/linguistica\/temas-de-politica-linguistica-no-processo-de-integracao-regional\/","title":{"rendered":"TEMAS DE POL\u00cdTICA LINGU\u00cdSTICA NO PROCESSO DE INTEGRA\u00c7\u00c3O REGIONAL"},"content":{"rendered":"<p>A era da p\u00f3s-modernidade aponta como priorit\u00e1ria uma forma\u00e7\u00e3o pol\u00edtica nos Estados-Na\u00e7\u00e3o caracterizada por um projeto social, comunit\u00e1rio, inclusivo e de integra\u00e7\u00e3o regional. A l\u00edngua \u00e9 um dos principais articuladores que torna poss\u00edvel a constru\u00e7\u00e3o de identidades transnacionais; a  Lingu\u00edstica \u00e9 o campo do conhecimento que indaga como as forma\u00e7\u00f5es humanas se concretizam a partir dela; a pol\u00edtica lingu\u00edstica projeta interven\u00e7\u00f5es sobre as l\u00ednguas que interferem no ensino, na forma\u00e7\u00e3o de professores&#8230; Na Am\u00e9rica Latina do s\u00e9culo XXI, e em espec\u00edfico na regi\u00e3o do Mercosul, estabelecer um contato profundo entre os pa\u00edses hispano e luso falantes deve ser t\u00e3o priorit\u00e1rio quanto a forma\u00e7\u00e3o pol\u00edtica. \u00c9 no contexto dessa regi\u00e3o que o presente livro se situa e problematiza as necessidades, identifica os gestos, e avalia as a\u00e7\u00f5es que t\u00eam sido realizadas at\u00e9 agora na forma\u00e7\u00e3o pol\u00edtico lingu\u00edstica de alguns pa\u00edses da regi\u00e3o, principalmente a Argentina e o Brasil.<\/p>\n","protected":false},"excerpt":{"rendered":"<p>A era da p\u00f3s-modernidade aponta como priorit\u00e1ria uma forma\u00e7\u00e3o pol\u00edtica nos Estados-Na\u00e7\u00e3o caracterizada por um projeto social, comunit\u00e1rio, inclusivo e de integra\u00e7\u00e3o regional. A l\u00edngua \u00e9 um dos principais articuladores que torna poss\u00edvel a constru\u00e7\u00e3o de identidades transnacionais; a Lingu\u00edstica \u00e9 o campo do conhecimento que indaga como as forma\u00e7\u00f5es humanas se concretizam a partir [&hellip;]<\/p>\n","protected":false},"featured_media":7627,"comment_status":"open","ping_status":"closed","template":"","meta":{"_joinchat":[]},"product_brand":[],"product_cat":[290,31,319],"product_tag":[],"class_list":{"0":"post-7628","1":"product","2":"type-product","3":"status-publish","4":"has-post-thumbnail","6":"product_cat-linguagem-e-linguas","7":"product_cat-linguistica","8":"product_cat-politica-linguistica","9":"product_shipping_class-livro-pontes-editores-fisico","11":"first","12":"instock","13":"shipping-taxable","14":"purchasable","15":"product-type-simple"},"yoast_head":"<!-- This site is optimized with the Yoast SEO plugin v27.4 - https:\/\/yoast.com\/product\/yoast-seo-wordpress\/ -->\n<title>TEMAS DE POL\u00cdTICA LINGU\u00cdSTICA NO PROCESSO DE INTEGRA\u00c7\u00c3O REGIONAL - Pontes Editores<\/title>\n<meta name=\"robots\" content=\"index, follow, max-snippet:-1, max-image-preview:large, max-video-preview:-1\" \/>\n<link rel=\"canonical\" href=\"https:\/\/ponteseditores.com.br\/loja3\/pontes-editores-home-2__trashed\/linguistica\/temas-de-politica-linguistica-no-processo-de-integracao-regional\/\" \/>\n<meta property=\"og:locale\" content=\"pt_BR\" \/>\n<meta property=\"og:type\" content=\"article\" \/>\n<meta property=\"og:title\" content=\"TEMAS DE POL\u00cdTICA LINGU\u00cdSTICA NO PROCESSO DE INTEGRA\u00c7\u00c3O REGIONAL - Pontes Editores\" \/>\n<meta property=\"og:description\" content=\"A era da p\u00f3s-modernidade aponta como priorit\u00e1ria uma forma\u00e7\u00e3o pol\u00edtica nos Estados-Na\u00e7\u00e3o caracterizada por um projeto social, comunit\u00e1rio, inclusivo e de integra\u00e7\u00e3o regional. A l\u00edngua \u00e9 um dos principais articuladores que torna poss\u00edvel a constru\u00e7\u00e3o de identidades transnacionais; a Lingu\u00edstica \u00e9 o campo do conhecimento que indaga como as forma\u00e7\u00f5es humanas se concretizam a partir [&hellip;]\" \/>\n<meta property=\"og:url\" content=\"https:\/\/ponteseditores.com.br\/loja3\/pontes-editores-home-2__trashed\/linguistica\/temas-de-politica-linguistica-no-processo-de-integracao-regional\/\" \/>\n<meta property=\"og:site_name\" content=\"Pontes Editores\" \/>\n<meta property=\"article:modified_time\" content=\"2024-06-03T22:38:59+00:00\" \/>\n<meta property=\"og:image\" content=\"https:\/\/ponteseditores.com.br\/loja3\/wp-content\/uploads\/2023\/12\/tema1-4.jpg\" \/>\n\t<meta property=\"og:image:width\" content=\"405\" \/>\n\t<meta property=\"og:image:height\" content=\"600\" \/>\n\t<meta property=\"og:image:type\" content=\"image\/jpeg\" \/>\n<meta name=\"twitter:card\" content=\"summary_large_image\" \/>\n<meta name=\"twitter:label1\" content=\"Est. tempo de leitura\" \/>\n\t<meta name=\"twitter:data1\" content=\"1 minuto\" \/>\n<script type=\"application\/ld+json\" class=\"yoast-schema-graph\">{\"@context\":\"https:\\\/\\\/schema.org\",\"@graph\":[{\"@type\":\"WebPage\",\"@id\":\"https:\\\/\\\/ponteseditores.com.br\\\/loja3\\\/pontes-editores-home-2__trashed\\\/linguistica\\\/temas-de-politica-linguistica-no-processo-de-integracao-regional\\\/\",\"url\":\"https:\\\/\\\/ponteseditores.com.br\\\/loja3\\\/pontes-editores-home-2__trashed\\\/linguistica\\\/temas-de-politica-linguistica-no-processo-de-integracao-regional\\\/\",\"name\":\"TEMAS DE POL\u00cdTICA LINGU\u00cdSTICA NO PROCESSO DE INTEGRA\u00c7\u00c3O REGIONAL - Pontes Editores\",\"isPartOf\":{\"@id\":\"https:\\\/\\\/ponteseditores.com.br\\\/loja3\\\/#website\"},\"primaryImageOfPage\":{\"@id\":\"https:\\\/\\\/ponteseditores.com.br\\\/loja3\\\/pontes-editores-home-2__trashed\\\/linguistica\\\/temas-de-politica-linguistica-no-processo-de-integracao-regional\\\/#primaryimage\"},\"image\":{\"@id\":\"https:\\\/\\\/ponteseditores.com.br\\\/loja3\\\/pontes-editores-home-2__trashed\\\/linguistica\\\/temas-de-politica-linguistica-no-processo-de-integracao-regional\\\/#primaryimage\"},\"thumbnailUrl\":\"https:\\\/\\\/ponteseditores.com.br\\\/loja3\\\/wp-content\\\/uploads\\\/2023\\\/12\\\/tema1-4.jpg\",\"datePublished\":\"2023-12-15T03:52:43+00:00\",\"dateModified\":\"2024-06-03T22:38:59+00:00\",\"breadcrumb\":{\"@id\":\"https:\\\/\\\/ponteseditores.com.br\\\/loja3\\\/pontes-editores-home-2__trashed\\\/linguistica\\\/temas-de-politica-linguistica-no-processo-de-integracao-regional\\\/#breadcrumb\"},\"inLanguage\":\"pt-BR\",\"potentialAction\":[{\"@type\":\"ReadAction\",\"target\":[\"https:\\\/\\\/ponteseditores.com.br\\\/loja3\\\/pontes-editores-home-2__trashed\\\/linguistica\\\/temas-de-politica-linguistica-no-processo-de-integracao-regional\\\/\"]}]},{\"@type\":\"ImageObject\",\"inLanguage\":\"pt-BR\",\"@id\":\"https:\\\/\\\/ponteseditores.com.br\\\/loja3\\\/pontes-editores-home-2__trashed\\\/linguistica\\\/temas-de-politica-linguistica-no-processo-de-integracao-regional\\\/#primaryimage\",\"url\":\"https:\\\/\\\/ponteseditores.com.br\\\/loja3\\\/wp-content\\\/uploads\\\/2023\\\/12\\\/tema1-4.jpg\",\"contentUrl\":\"https:\\\/\\\/ponteseditores.com.br\\\/loja3\\\/wp-content\\\/uploads\\\/2023\\\/12\\\/tema1-4.jpg\",\"width\":405,\"height\":600},{\"@type\":\"BreadcrumbList\",\"@id\":\"https:\\\/\\\/ponteseditores.com.br\\\/loja3\\\/pontes-editores-home-2__trashed\\\/linguistica\\\/temas-de-politica-linguistica-no-processo-de-integracao-regional\\\/#breadcrumb\",\"itemListElement\":[{\"@type\":\"ListItem\",\"position\":1,\"name\":\"Home\",\"item\":\"https:\\\/\\\/ponteseditores.com.br\\\/loja3\\\/\"},{\"@type\":\"ListItem\",\"position\":2,\"name\":\"loja\",\"item\":\"https:\\\/\\\/ponteseditores.com.br\\\/loja3\\\/loja\\\/\"},{\"@type\":\"ListItem\",\"position\":3,\"name\":\"TEMAS DE POL\u00cdTICA LINGU\u00cdSTICA NO PROCESSO DE INTEGRA\u00c7\u00c3O REGIONAL\"}]},{\"@type\":\"WebSite\",\"@id\":\"https:\\\/\\\/ponteseditores.com.br\\\/loja3\\\/#website\",\"url\":\"https:\\\/\\\/ponteseditores.com.br\\\/loja3\\\/\",\"name\":\"Pontes Editores\",\"description\":\"Pontes Editores\",\"publisher\":{\"@id\":\"https:\\\/\\\/ponteseditores.com.br\\\/loja3\\\/#organization\"},\"potentialAction\":[{\"@type\":\"SearchAction\",\"target\":{\"@type\":\"EntryPoint\",\"urlTemplate\":\"https:\\\/\\\/ponteseditores.com.br\\\/loja3\\\/?s={search_term_string}\"},\"query-input\":{\"@type\":\"PropertyValueSpecification\",\"valueRequired\":true,\"valueName\":\"search_term_string\"}}],\"inLanguage\":\"pt-BR\"},{\"@type\":\"Organization\",\"@id\":\"https:\\\/\\\/ponteseditores.com.br\\\/loja3\\\/#organization\",\"name\":\"Pontes Editores\",\"url\":\"https:\\\/\\\/ponteseditores.com.br\\\/loja3\\\/\",\"logo\":{\"@type\":\"ImageObject\",\"inLanguage\":\"pt-BR\",\"@id\":\"https:\\\/\\\/ponteseditores.com.br\\\/loja3\\\/#\\\/schema\\\/logo\\\/image\\\/\",\"url\":\"https:\\\/\\\/ponteseditores.com.br\\\/loja3\\\/wp-content\\\/uploads\\\/2023\\\/12\\\/logo-pontes-editores-v2.png\",\"contentUrl\":\"https:\\\/\\\/ponteseditores.com.br\\\/loja3\\\/wp-content\\\/uploads\\\/2023\\\/12\\\/logo-pontes-editores-v2.png\",\"width\":258,\"height\":100,\"caption\":\"Pontes Editores\"},\"image\":{\"@id\":\"https:\\\/\\\/ponteseditores.com.br\\\/loja3\\\/#\\\/schema\\\/logo\\\/image\\\/\"}}]}<\/script>\n<!-- \/ Yoast SEO plugin. -->","yoast_head_json":{"title":"TEMAS DE POL\u00cdTICA LINGU\u00cdSTICA NO PROCESSO DE INTEGRA\u00c7\u00c3O REGIONAL - Pontes Editores","robots":{"index":"index","follow":"follow","max-snippet":"max-snippet:-1","max-image-preview":"max-image-preview:large","max-video-preview":"max-video-preview:-1"},"canonical":"https:\/\/ponteseditores.com.br\/loja3\/pontes-editores-home-2__trashed\/linguistica\/temas-de-politica-linguistica-no-processo-de-integracao-regional\/","og_locale":"pt_BR","og_type":"article","og_title":"TEMAS DE POL\u00cdTICA LINGU\u00cdSTICA NO PROCESSO DE INTEGRA\u00c7\u00c3O REGIONAL - Pontes Editores","og_description":"A era da p\u00f3s-modernidade aponta como priorit\u00e1ria uma forma\u00e7\u00e3o pol\u00edtica nos Estados-Na\u00e7\u00e3o caracterizada por um projeto social, comunit\u00e1rio, inclusivo e de integra\u00e7\u00e3o regional. A l\u00edngua \u00e9 um dos principais articuladores que torna poss\u00edvel a constru\u00e7\u00e3o de identidades transnacionais; a Lingu\u00edstica \u00e9 o campo do conhecimento que indaga como as forma\u00e7\u00f5es humanas se concretizam a partir [&hellip;]","og_url":"https:\/\/ponteseditores.com.br\/loja3\/pontes-editores-home-2__trashed\/linguistica\/temas-de-politica-linguistica-no-processo-de-integracao-regional\/","og_site_name":"Pontes Editores","article_modified_time":"2024-06-03T22:38:59+00:00","og_image":[{"width":405,"height":600,"url":"https:\/\/ponteseditores.com.br\/loja3\/wp-content\/uploads\/2023\/12\/tema1-4.jpg","type":"image\/jpeg"}],"twitter_card":"summary_large_image","twitter_misc":{"Est. tempo de leitura":"1 minuto"},"schema":{"@context":"https:\/\/schema.org","@graph":[{"@type":"WebPage","@id":"https:\/\/ponteseditores.com.br\/loja3\/pontes-editores-home-2__trashed\/linguistica\/temas-de-politica-linguistica-no-processo-de-integracao-regional\/","url":"https:\/\/ponteseditores.com.br\/loja3\/pontes-editores-home-2__trashed\/linguistica\/temas-de-politica-linguistica-no-processo-de-integracao-regional\/","name":"TEMAS DE POL\u00cdTICA LINGU\u00cdSTICA NO PROCESSO DE INTEGRA\u00c7\u00c3O REGIONAL - Pontes Editores","isPartOf":{"@id":"https:\/\/ponteseditores.com.br\/loja3\/#website"},"primaryImageOfPage":{"@id":"https:\/\/ponteseditores.com.br\/loja3\/pontes-editores-home-2__trashed\/linguistica\/temas-de-politica-linguistica-no-processo-de-integracao-regional\/#primaryimage"},"image":{"@id":"https:\/\/ponteseditores.com.br\/loja3\/pontes-editores-home-2__trashed\/linguistica\/temas-de-politica-linguistica-no-processo-de-integracao-regional\/#primaryimage"},"thumbnailUrl":"https:\/\/ponteseditores.com.br\/loja3\/wp-content\/uploads\/2023\/12\/tema1-4.jpg","datePublished":"2023-12-15T03:52:43+00:00","dateModified":"2024-06-03T22:38:59+00:00","breadcrumb":{"@id":"https:\/\/ponteseditores.com.br\/loja3\/pontes-editores-home-2__trashed\/linguistica\/temas-de-politica-linguistica-no-processo-de-integracao-regional\/#breadcrumb"},"inLanguage":"pt-BR","potentialAction":[{"@type":"ReadAction","target":["https:\/\/ponteseditores.com.br\/loja3\/pontes-editores-home-2__trashed\/linguistica\/temas-de-politica-linguistica-no-processo-de-integracao-regional\/"]}]},{"@type":"ImageObject","inLanguage":"pt-BR","@id":"https:\/\/ponteseditores.com.br\/loja3\/pontes-editores-home-2__trashed\/linguistica\/temas-de-politica-linguistica-no-processo-de-integracao-regional\/#primaryimage","url":"https:\/\/ponteseditores.com.br\/loja3\/wp-content\/uploads\/2023\/12\/tema1-4.jpg","contentUrl":"https:\/\/ponteseditores.com.br\/loja3\/wp-content\/uploads\/2023\/12\/tema1-4.jpg","width":405,"height":600},{"@type":"BreadcrumbList","@id":"https:\/\/ponteseditores.com.br\/loja3\/pontes-editores-home-2__trashed\/linguistica\/temas-de-politica-linguistica-no-processo-de-integracao-regional\/#breadcrumb","itemListElement":[{"@type":"ListItem","position":1,"name":"Home","item":"https:\/\/ponteseditores.com.br\/loja3\/"},{"@type":"ListItem","position":2,"name":"loja","item":"https:\/\/ponteseditores.com.br\/loja3\/loja\/"},{"@type":"ListItem","position":3,"name":"TEMAS DE POL\u00cdTICA LINGU\u00cdSTICA NO PROCESSO DE INTEGRA\u00c7\u00c3O REGIONAL"}]},{"@type":"WebSite","@id":"https:\/\/ponteseditores.com.br\/loja3\/#website","url":"https:\/\/ponteseditores.com.br\/loja3\/","name":"Pontes Editores","description":"Pontes Editores","publisher":{"@id":"https:\/\/ponteseditores.com.br\/loja3\/#organization"},"potentialAction":[{"@type":"SearchAction","target":{"@type":"EntryPoint","urlTemplate":"https:\/\/ponteseditores.com.br\/loja3\/?s={search_term_string}"},"query-input":{"@type":"PropertyValueSpecification","valueRequired":true,"valueName":"search_term_string"}}],"inLanguage":"pt-BR"},{"@type":"Organization","@id":"https:\/\/ponteseditores.com.br\/loja3\/#organization","name":"Pontes Editores","url":"https:\/\/ponteseditores.com.br\/loja3\/","logo":{"@type":"ImageObject","inLanguage":"pt-BR","@id":"https:\/\/ponteseditores.com.br\/loja3\/#\/schema\/logo\/image\/","url":"https:\/\/ponteseditores.com.br\/loja3\/wp-content\/uploads\/2023\/12\/logo-pontes-editores-v2.png","contentUrl":"https:\/\/ponteseditores.com.br\/loja3\/wp-content\/uploads\/2023\/12\/logo-pontes-editores-v2.png","width":258,"height":100,"caption":"Pontes Editores"},"image":{"@id":"https:\/\/ponteseditores.com.br\/loja3\/#\/schema\/logo\/image\/"}}]}},"_links":{"self":[{"href":"https:\/\/ponteseditores.com.br\/loja3\/wp-json\/wp\/v2\/product\/7628","targetHints":{"allow":["GET"]}}],"collection":[{"href":"https:\/\/ponteseditores.com.br\/loja3\/wp-json\/wp\/v2\/product"}],"about":[{"href":"https:\/\/ponteseditores.com.br\/loja3\/wp-json\/wp\/v2\/types\/product"}],"replies":[{"embeddable":true,"href":"https:\/\/ponteseditores.com.br\/loja3\/wp-json\/wp\/v2\/comments?post=7628"}],"version-history":[{"count":0,"href":"https:\/\/ponteseditores.com.br\/loja3\/wp-json\/wp\/v2\/product\/7628\/revisions"}],"wp:featuredmedia":[{"embeddable":true,"href":"https:\/\/ponteseditores.com.br\/loja3\/wp-json\/wp\/v2\/media\/7627"}],"wp:attachment":[{"href":"https:\/\/ponteseditores.com.br\/loja3\/wp-json\/wp\/v2\/media?parent=7628"}],"wp:term":[{"taxonomy":"product_brand","embeddable":true,"href":"https:\/\/ponteseditores.com.br\/loja3\/wp-json\/wp\/v2\/product_brand?post=7628"},{"taxonomy":"product_cat","embeddable":true,"href":"https:\/\/ponteseditores.com.br\/loja3\/wp-json\/wp\/v2\/product_cat?post=7628"},{"taxonomy":"product_tag","embeddable":true,"href":"https:\/\/ponteseditores.com.br\/loja3\/wp-json\/wp\/v2\/product_tag?post=7628"}],"curies":[{"name":"wp","href":"https:\/\/api.w.org\/{rel}","templated":true}]}}