{"id":7617,"date":"2023-12-15T00:52:37","date_gmt":"2023-12-15T03:52:37","guid":{"rendered":"https:\/\/ponteseditores.com.br\/loja3\/pontes-editores-home-2__trashed\/sem%20categoria\/mulheres-em-discursoidentificacoes-de-genero-e-praticas-de-resistencia-volume-2\/"},"modified":"2026-04-06T10:29:12","modified_gmt":"2026-04-06T13:29:12","slug":"mulheres-em-discursoidentificacoes-de-genero-e-praticas-de-resistencia-volume-2","status":"publish","type":"product","link":"https:\/\/ponteseditores.com.br\/loja3\/pontes-editores-home-2__trashed\/linguagem-e-linguas\/mulheres-em-discursoidentificacoes-de-genero-e-praticas-de-resistencia-volume-2\/","title":{"rendered":"MULHERES EM DISCURSO:IDENTIFICA\u00c7\u00d5ES DE G\u00caNERO E PR\u00c1TICAS DE RESIST\u00caNCIA volume 2"},"content":{"rendered":"<p>Os trabalhos do grupo de pesquisa Mulheres em Discurso, lugares de enuncia\u00e7\u00e3o e processos de subjetiva\u00e7\u00e3o (MULHERDIS), do qual este livro apresenta resultados de an\u00e1lise e reflex\u00e3o te\u00f3rica, trazem como contribui\u00e7\u00e3o espec\u00edfica a proposta de uma abordagem discursiva para a an\u00e1lise das identifica\u00e7\u00f5es de g\u00eanero. Os cap\u00edtulos que integram esse livro nos permitem avan\u00e7ar na compreens\u00e3o do modo de inscri\u00e7\u00e3o das identifica\u00e7\u00f5es de g\u00eanero no processo de constitui\u00e7\u00e3o discursiva do sujeito. Ao tomar o discurso como objeto de an\u00e1lise e focar a descri\u00e7\u00e3o nos processos discursivos que emergem de posi\u00e7\u00f5es e pr\u00e1ticas de resist\u00eancia aos discursos de consenso, esse livro p\u00f5e em relevo o papel constitutivo dos processos de significa\u00e7\u00e3o tanto na domina\u00e7\u00e3o quanto na transforma\u00e7\u00e3o social. Como resultado das discuss\u00f5es coletivas, compreendemos, ent\u00e3o, que as identifica\u00e7\u00f5es de g\u00eanero e sexualidade, tais como definidas acima, s\u00e3o constitutivas do processo de interpela\u00e7\u00e3o do indiv\u00edduo em sujeito do discurso. Esta nossa tomada de posi\u00e7\u00e3o te\u00f3rica justifica tamb\u00e9m o t\u00edtulo do projeto de pesquisa que deu origem aos trabalhos que reunimos para publica\u00e7\u00e3o em dois volumes, este apresentado: \u201cMulheres em discurso: identifica\u00e7\u00f5es de g\u00eanero e pr\u00e1ticas de resist\u00eancia\u201d e o Volume 1: \u201cMulheres em discurso: g\u00eanero, linguagem, ideologia\u201d.<\/p>\n","protected":false},"excerpt":{"rendered":"<p>Os trabalhos do grupo de pesquisa Mulheres em Discurso, lugares de enuncia\u00e7\u00e3o e processos de subjetiva\u00e7\u00e3o (MULHERDIS), do qual este livro apresenta resultados de an\u00e1lise e reflex\u00e3o te\u00f3rica, trazem como contribui\u00e7\u00e3o espec\u00edfica a proposta de uma abordagem discursiva para a an\u00e1lise das identifica\u00e7\u00f5es de g\u00eanero. Os cap\u00edtulos que integram esse livro nos permitem avan\u00e7ar na [&hellip;]<\/p>\n","protected":false},"featured_media":7616,"comment_status":"open","ping_status":"closed","template":"","meta":{"_joinchat":[]},"product_brand":[],"product_cat":[301,317,290],"product_tag":[],"class_list":{"0":"post-7617","1":"product","2":"type-product","3":"status-publish","4":"has-post-thumbnail","6":"product_cat-analise-de-discurso","7":"product_cat-generos-discursivos","8":"product_cat-linguagem-e-linguas","9":"product_shipping_class-livro-pontes-editores-fisico","11":"first","12":"instock","13":"shipping-taxable","14":"purchasable","15":"product-type-simple"},"yoast_head":"<!-- This site is optimized with the Yoast SEO plugin v27.4 - https:\/\/yoast.com\/product\/yoast-seo-wordpress\/ -->\n<title>MULHERES EM DISCURSO:IDENTIFICA\u00c7\u00d5ES DE G\u00caNERO E PR\u00c1TICAS DE RESIST\u00caNCIA volume 2 - Pontes Editores<\/title>\n<meta name=\"robots\" content=\"index, follow, max-snippet:-1, max-image-preview:large, max-video-preview:-1\" \/>\n<link rel=\"canonical\" href=\"https:\/\/ponteseditores.com.br\/loja3\/pontes-editores-home-2__trashed\/linguagem-e-linguas\/mulheres-em-discursoidentificacoes-de-genero-e-praticas-de-resistencia-volume-2\/\" \/>\n<meta property=\"og:locale\" content=\"pt_BR\" \/>\n<meta property=\"og:type\" content=\"article\" \/>\n<meta property=\"og:title\" content=\"MULHERES EM DISCURSO:IDENTIFICA\u00c7\u00d5ES DE G\u00caNERO E PR\u00c1TICAS DE RESIST\u00caNCIA volume 2 - Pontes Editores\" \/>\n<meta property=\"og:description\" content=\"Os trabalhos do grupo de pesquisa Mulheres em Discurso, lugares de enuncia\u00e7\u00e3o e processos de subjetiva\u00e7\u00e3o (MULHERDIS), do qual este livro apresenta resultados de an\u00e1lise e reflex\u00e3o te\u00f3rica, trazem como contribui\u00e7\u00e3o espec\u00edfica a proposta de uma abordagem discursiva para a an\u00e1lise das identifica\u00e7\u00f5es de g\u00eanero. Os cap\u00edtulos que integram esse livro nos permitem avan\u00e7ar na [&hellip;]\" \/>\n<meta property=\"og:url\" content=\"https:\/\/ponteseditores.com.br\/loja3\/pontes-editores-home-2__trashed\/linguagem-e-linguas\/mulheres-em-discursoidentificacoes-de-genero-e-praticas-de-resistencia-volume-2\/\" \/>\n<meta property=\"og:site_name\" content=\"Pontes Editores\" \/>\n<meta property=\"article:modified_time\" content=\"2026-04-06T13:29:12+00:00\" \/>\n<meta property=\"og:image\" content=\"https:\/\/ponteseditores.com.br\/loja3\/wp-content\/uploads\/2023\/12\/mumu1-1.jpg\" \/>\n\t<meta property=\"og:image:width\" content=\"510\" \/>\n\t<meta property=\"og:image:height\" content=\"768\" \/>\n\t<meta property=\"og:image:type\" content=\"image\/jpeg\" \/>\n<meta name=\"twitter:card\" content=\"summary_large_image\" \/>\n<meta name=\"twitter:label1\" content=\"Est. tempo de leitura\" \/>\n\t<meta name=\"twitter:data1\" content=\"1 minuto\" \/>\n<script type=\"application\/ld+json\" class=\"yoast-schema-graph\">{\"@context\":\"https:\\\/\\\/schema.org\",\"@graph\":[{\"@type\":\"WebPage\",\"@id\":\"https:\\\/\\\/ponteseditores.com.br\\\/loja3\\\/pontes-editores-home-2__trashed\\\/linguagem-e-linguas\\\/mulheres-em-discursoidentificacoes-de-genero-e-praticas-de-resistencia-volume-2\\\/\",\"url\":\"https:\\\/\\\/ponteseditores.com.br\\\/loja3\\\/pontes-editores-home-2__trashed\\\/linguagem-e-linguas\\\/mulheres-em-discursoidentificacoes-de-genero-e-praticas-de-resistencia-volume-2\\\/\",\"name\":\"MULHERES EM DISCURSO:IDENTIFICA\u00c7\u00d5ES DE G\u00caNERO E PR\u00c1TICAS DE RESIST\u00caNCIA volume 2 - Pontes Editores\",\"isPartOf\":{\"@id\":\"https:\\\/\\\/ponteseditores.com.br\\\/loja3\\\/#website\"},\"primaryImageOfPage\":{\"@id\":\"https:\\\/\\\/ponteseditores.com.br\\\/loja3\\\/pontes-editores-home-2__trashed\\\/linguagem-e-linguas\\\/mulheres-em-discursoidentificacoes-de-genero-e-praticas-de-resistencia-volume-2\\\/#primaryimage\"},\"image\":{\"@id\":\"https:\\\/\\\/ponteseditores.com.br\\\/loja3\\\/pontes-editores-home-2__trashed\\\/linguagem-e-linguas\\\/mulheres-em-discursoidentificacoes-de-genero-e-praticas-de-resistencia-volume-2\\\/#primaryimage\"},\"thumbnailUrl\":\"https:\\\/\\\/ponteseditores.com.br\\\/loja3\\\/wp-content\\\/uploads\\\/2023\\\/12\\\/mumu1-1.jpg\",\"datePublished\":\"2023-12-15T03:52:37+00:00\",\"dateModified\":\"2026-04-06T13:29:12+00:00\",\"breadcrumb\":{\"@id\":\"https:\\\/\\\/ponteseditores.com.br\\\/loja3\\\/pontes-editores-home-2__trashed\\\/linguagem-e-linguas\\\/mulheres-em-discursoidentificacoes-de-genero-e-praticas-de-resistencia-volume-2\\\/#breadcrumb\"},\"inLanguage\":\"pt-BR\",\"potentialAction\":[{\"@type\":\"ReadAction\",\"target\":[\"https:\\\/\\\/ponteseditores.com.br\\\/loja3\\\/pontes-editores-home-2__trashed\\\/linguagem-e-linguas\\\/mulheres-em-discursoidentificacoes-de-genero-e-praticas-de-resistencia-volume-2\\\/\"]}]},{\"@type\":\"ImageObject\",\"inLanguage\":\"pt-BR\",\"@id\":\"https:\\\/\\\/ponteseditores.com.br\\\/loja3\\\/pontes-editores-home-2__trashed\\\/linguagem-e-linguas\\\/mulheres-em-discursoidentificacoes-de-genero-e-praticas-de-resistencia-volume-2\\\/#primaryimage\",\"url\":\"https:\\\/\\\/ponteseditores.com.br\\\/loja3\\\/wp-content\\\/uploads\\\/2023\\\/12\\\/mumu1-1.jpg\",\"contentUrl\":\"https:\\\/\\\/ponteseditores.com.br\\\/loja3\\\/wp-content\\\/uploads\\\/2023\\\/12\\\/mumu1-1.jpg\",\"width\":510,\"height\":768},{\"@type\":\"BreadcrumbList\",\"@id\":\"https:\\\/\\\/ponteseditores.com.br\\\/loja3\\\/pontes-editores-home-2__trashed\\\/linguagem-e-linguas\\\/mulheres-em-discursoidentificacoes-de-genero-e-praticas-de-resistencia-volume-2\\\/#breadcrumb\",\"itemListElement\":[{\"@type\":\"ListItem\",\"position\":1,\"name\":\"Home\",\"item\":\"https:\\\/\\\/ponteseditores.com.br\\\/loja3\\\/\"},{\"@type\":\"ListItem\",\"position\":2,\"name\":\"loja\",\"item\":\"https:\\\/\\\/ponteseditores.com.br\\\/loja3\\\/loja\\\/\"},{\"@type\":\"ListItem\",\"position\":3,\"name\":\"MULHERES EM DISCURSO:IDENTIFICA\u00c7\u00d5ES DE G\u00caNERO E PR\u00c1TICAS DE RESIST\u00caNCIA volume 2\"}]},{\"@type\":\"WebSite\",\"@id\":\"https:\\\/\\\/ponteseditores.com.br\\\/loja3\\\/#website\",\"url\":\"https:\\\/\\\/ponteseditores.com.br\\\/loja3\\\/\",\"name\":\"Pontes Editores\",\"description\":\"Pontes Editores\",\"publisher\":{\"@id\":\"https:\\\/\\\/ponteseditores.com.br\\\/loja3\\\/#organization\"},\"potentialAction\":[{\"@type\":\"SearchAction\",\"target\":{\"@type\":\"EntryPoint\",\"urlTemplate\":\"https:\\\/\\\/ponteseditores.com.br\\\/loja3\\\/?s={search_term_string}\"},\"query-input\":{\"@type\":\"PropertyValueSpecification\",\"valueRequired\":true,\"valueName\":\"search_term_string\"}}],\"inLanguage\":\"pt-BR\"},{\"@type\":\"Organization\",\"@id\":\"https:\\\/\\\/ponteseditores.com.br\\\/loja3\\\/#organization\",\"name\":\"Pontes Editores\",\"url\":\"https:\\\/\\\/ponteseditores.com.br\\\/loja3\\\/\",\"logo\":{\"@type\":\"ImageObject\",\"inLanguage\":\"pt-BR\",\"@id\":\"https:\\\/\\\/ponteseditores.com.br\\\/loja3\\\/#\\\/schema\\\/logo\\\/image\\\/\",\"url\":\"https:\\\/\\\/ponteseditores.com.br\\\/loja3\\\/wp-content\\\/uploads\\\/2023\\\/12\\\/logo-pontes-editores-v2.png\",\"contentUrl\":\"https:\\\/\\\/ponteseditores.com.br\\\/loja3\\\/wp-content\\\/uploads\\\/2023\\\/12\\\/logo-pontes-editores-v2.png\",\"width\":258,\"height\":100,\"caption\":\"Pontes Editores\"},\"image\":{\"@id\":\"https:\\\/\\\/ponteseditores.com.br\\\/loja3\\\/#\\\/schema\\\/logo\\\/image\\\/\"}}]}<\/script>\n<!-- \/ Yoast SEO plugin. -->","yoast_head_json":{"title":"MULHERES EM DISCURSO:IDENTIFICA\u00c7\u00d5ES DE G\u00caNERO E PR\u00c1TICAS DE RESIST\u00caNCIA volume 2 - Pontes Editores","robots":{"index":"index","follow":"follow","max-snippet":"max-snippet:-1","max-image-preview":"max-image-preview:large","max-video-preview":"max-video-preview:-1"},"canonical":"https:\/\/ponteseditores.com.br\/loja3\/pontes-editores-home-2__trashed\/linguagem-e-linguas\/mulheres-em-discursoidentificacoes-de-genero-e-praticas-de-resistencia-volume-2\/","og_locale":"pt_BR","og_type":"article","og_title":"MULHERES EM DISCURSO:IDENTIFICA\u00c7\u00d5ES DE G\u00caNERO E PR\u00c1TICAS DE RESIST\u00caNCIA volume 2 - Pontes Editores","og_description":"Os trabalhos do grupo de pesquisa Mulheres em Discurso, lugares de enuncia\u00e7\u00e3o e processos de subjetiva\u00e7\u00e3o (MULHERDIS), do qual este livro apresenta resultados de an\u00e1lise e reflex\u00e3o te\u00f3rica, trazem como contribui\u00e7\u00e3o espec\u00edfica a proposta de uma abordagem discursiva para a an\u00e1lise das identifica\u00e7\u00f5es de g\u00eanero. Os cap\u00edtulos que integram esse livro nos permitem avan\u00e7ar na [&hellip;]","og_url":"https:\/\/ponteseditores.com.br\/loja3\/pontes-editores-home-2__trashed\/linguagem-e-linguas\/mulheres-em-discursoidentificacoes-de-genero-e-praticas-de-resistencia-volume-2\/","og_site_name":"Pontes Editores","article_modified_time":"2026-04-06T13:29:12+00:00","og_image":[{"width":510,"height":768,"url":"https:\/\/ponteseditores.com.br\/loja3\/wp-content\/uploads\/2023\/12\/mumu1-1.jpg","type":"image\/jpeg"}],"twitter_card":"summary_large_image","twitter_misc":{"Est. tempo de leitura":"1 minuto"},"schema":{"@context":"https:\/\/schema.org","@graph":[{"@type":"WebPage","@id":"https:\/\/ponteseditores.com.br\/loja3\/pontes-editores-home-2__trashed\/linguagem-e-linguas\/mulheres-em-discursoidentificacoes-de-genero-e-praticas-de-resistencia-volume-2\/","url":"https:\/\/ponteseditores.com.br\/loja3\/pontes-editores-home-2__trashed\/linguagem-e-linguas\/mulheres-em-discursoidentificacoes-de-genero-e-praticas-de-resistencia-volume-2\/","name":"MULHERES EM DISCURSO:IDENTIFICA\u00c7\u00d5ES DE G\u00caNERO E PR\u00c1TICAS DE RESIST\u00caNCIA volume 2 - Pontes Editores","isPartOf":{"@id":"https:\/\/ponteseditores.com.br\/loja3\/#website"},"primaryImageOfPage":{"@id":"https:\/\/ponteseditores.com.br\/loja3\/pontes-editores-home-2__trashed\/linguagem-e-linguas\/mulheres-em-discursoidentificacoes-de-genero-e-praticas-de-resistencia-volume-2\/#primaryimage"},"image":{"@id":"https:\/\/ponteseditores.com.br\/loja3\/pontes-editores-home-2__trashed\/linguagem-e-linguas\/mulheres-em-discursoidentificacoes-de-genero-e-praticas-de-resistencia-volume-2\/#primaryimage"},"thumbnailUrl":"https:\/\/ponteseditores.com.br\/loja3\/wp-content\/uploads\/2023\/12\/mumu1-1.jpg","datePublished":"2023-12-15T03:52:37+00:00","dateModified":"2026-04-06T13:29:12+00:00","breadcrumb":{"@id":"https:\/\/ponteseditores.com.br\/loja3\/pontes-editores-home-2__trashed\/linguagem-e-linguas\/mulheres-em-discursoidentificacoes-de-genero-e-praticas-de-resistencia-volume-2\/#breadcrumb"},"inLanguage":"pt-BR","potentialAction":[{"@type":"ReadAction","target":["https:\/\/ponteseditores.com.br\/loja3\/pontes-editores-home-2__trashed\/linguagem-e-linguas\/mulheres-em-discursoidentificacoes-de-genero-e-praticas-de-resistencia-volume-2\/"]}]},{"@type":"ImageObject","inLanguage":"pt-BR","@id":"https:\/\/ponteseditores.com.br\/loja3\/pontes-editores-home-2__trashed\/linguagem-e-linguas\/mulheres-em-discursoidentificacoes-de-genero-e-praticas-de-resistencia-volume-2\/#primaryimage","url":"https:\/\/ponteseditores.com.br\/loja3\/wp-content\/uploads\/2023\/12\/mumu1-1.jpg","contentUrl":"https:\/\/ponteseditores.com.br\/loja3\/wp-content\/uploads\/2023\/12\/mumu1-1.jpg","width":510,"height":768},{"@type":"BreadcrumbList","@id":"https:\/\/ponteseditores.com.br\/loja3\/pontes-editores-home-2__trashed\/linguagem-e-linguas\/mulheres-em-discursoidentificacoes-de-genero-e-praticas-de-resistencia-volume-2\/#breadcrumb","itemListElement":[{"@type":"ListItem","position":1,"name":"Home","item":"https:\/\/ponteseditores.com.br\/loja3\/"},{"@type":"ListItem","position":2,"name":"loja","item":"https:\/\/ponteseditores.com.br\/loja3\/loja\/"},{"@type":"ListItem","position":3,"name":"MULHERES EM DISCURSO:IDENTIFICA\u00c7\u00d5ES DE G\u00caNERO E PR\u00c1TICAS DE RESIST\u00caNCIA volume 2"}]},{"@type":"WebSite","@id":"https:\/\/ponteseditores.com.br\/loja3\/#website","url":"https:\/\/ponteseditores.com.br\/loja3\/","name":"Pontes Editores","description":"Pontes Editores","publisher":{"@id":"https:\/\/ponteseditores.com.br\/loja3\/#organization"},"potentialAction":[{"@type":"SearchAction","target":{"@type":"EntryPoint","urlTemplate":"https:\/\/ponteseditores.com.br\/loja3\/?s={search_term_string}"},"query-input":{"@type":"PropertyValueSpecification","valueRequired":true,"valueName":"search_term_string"}}],"inLanguage":"pt-BR"},{"@type":"Organization","@id":"https:\/\/ponteseditores.com.br\/loja3\/#organization","name":"Pontes Editores","url":"https:\/\/ponteseditores.com.br\/loja3\/","logo":{"@type":"ImageObject","inLanguage":"pt-BR","@id":"https:\/\/ponteseditores.com.br\/loja3\/#\/schema\/logo\/image\/","url":"https:\/\/ponteseditores.com.br\/loja3\/wp-content\/uploads\/2023\/12\/logo-pontes-editores-v2.png","contentUrl":"https:\/\/ponteseditores.com.br\/loja3\/wp-content\/uploads\/2023\/12\/logo-pontes-editores-v2.png","width":258,"height":100,"caption":"Pontes Editores"},"image":{"@id":"https:\/\/ponteseditores.com.br\/loja3\/#\/schema\/logo\/image\/"}}]}},"_links":{"self":[{"href":"https:\/\/ponteseditores.com.br\/loja3\/wp-json\/wp\/v2\/product\/7617","targetHints":{"allow":["GET"]}}],"collection":[{"href":"https:\/\/ponteseditores.com.br\/loja3\/wp-json\/wp\/v2\/product"}],"about":[{"href":"https:\/\/ponteseditores.com.br\/loja3\/wp-json\/wp\/v2\/types\/product"}],"replies":[{"embeddable":true,"href":"https:\/\/ponteseditores.com.br\/loja3\/wp-json\/wp\/v2\/comments?post=7617"}],"version-history":[{"count":0,"href":"https:\/\/ponteseditores.com.br\/loja3\/wp-json\/wp\/v2\/product\/7617\/revisions"}],"wp:featuredmedia":[{"embeddable":true,"href":"https:\/\/ponteseditores.com.br\/loja3\/wp-json\/wp\/v2\/media\/7616"}],"wp:attachment":[{"href":"https:\/\/ponteseditores.com.br\/loja3\/wp-json\/wp\/v2\/media?parent=7617"}],"wp:term":[{"taxonomy":"product_brand","embeddable":true,"href":"https:\/\/ponteseditores.com.br\/loja3\/wp-json\/wp\/v2\/product_brand?post=7617"},{"taxonomy":"product_cat","embeddable":true,"href":"https:\/\/ponteseditores.com.br\/loja3\/wp-json\/wp\/v2\/product_cat?post=7617"},{"taxonomy":"product_tag","embeddable":true,"href":"https:\/\/ponteseditores.com.br\/loja3\/wp-json\/wp\/v2\/product_tag?post=7617"}],"curies":[{"name":"wp","href":"https:\/\/api.w.org\/{rel}","templated":true}]}}