{"id":7580,"date":"2023-12-15T00:52:25","date_gmt":"2023-12-15T03:52:25","guid":{"rendered":"https:\/\/ponteseditores.com.br\/loja3\/pontes-editores-home-2__trashed\/sem%20categoria\/traducao-de-obras-francesas-no-brasil-trajetorias-debates-deslocamentos\/"},"modified":"2023-12-15T11:55:35","modified_gmt":"2023-12-15T14:55:35","slug":"traducao-de-obras-francesas-no-brasil-trajetorias-debates-deslocamentos","status":"publish","type":"product","link":"https:\/\/ponteseditores.com.br\/loja3\/pontes-editores-home-2__trashed\/historia\/traducao-de-obras-francesas-no-brasil-trajetorias-debates-deslocamentos\/","title":{"rendered":"Tradu\u00e7\u00e3o de obras francesas no Brasil:  TRAJET\u00d3RIAS, DEBATES, DESLOCAMENTOS"},"content":{"rendered":"<p>Interpreta\u00e7\u00e3o, negocia\u00e7\u00e3o, reescrita, ponte, media\u00e7\u00e3o&#8230; As diferentes perspectivas que balizam as defini\u00e7\u00f5es de tradu\u00e7\u00e3o dizem muito do desafio que \u00e9 abarcar teoricamente essa pr\u00e1tica em toda a sua complexidade e implica\u00e7\u00f5es. Da filosofia \u00e0 economia, passando pela lingu\u00edstica, literatura, hist\u00f3ria, sociologia e antropologia \u2013 para citar apenas algumas disciplinas que se t\u00eam debru\u00e7ado sobre a quest\u00e3o \u2013, uma gama de sentidos e fun\u00e7\u00f5es foi e continua sendo atribu\u00edda a essa pr\u00e1tica milenar. Mais recentemente, a partir do final dos anos de 1990, uma importante contribui\u00e7\u00e3o vem sendo dada pela abordagem sociol\u00f3gica no sentido de apreender a tradu\u00e7\u00e3o em um contexto transnacional de circula\u00e7\u00e3o de ideias e, como tal, sujeita a uma tripla l\u00f3gica econ\u00f4mica, pol\u00edtica e cultural. Ultrapassar a categoria nacional e incorporar a dimens\u00e3o econ\u00f4mica constituem, sem d\u00favida, dois passos te\u00f3rico-metodol\u00f3gicos fundamentais para uma compreens\u00e3o mais consequente do espa\u00e7o internacional onde circulam os bens culturais (entre os quais as tradu\u00e7\u00f5es), espa\u00e7o hierarquizado e assim\u00e9trico, marcado pela concorr\u00eancia e lutas pelo reconhecimento. Este segundo volume da Cole\u00e7\u00e3o Hist\u00f3rias da Tradu\u00e7\u00e3o re\u00fane contribui\u00e7\u00f5es feitas durante o III Encontro de Tradutores de Obras Francesas no Brasil, realizado de 22 a 24 de outubro de 2014 em Jo\u00e3o Pessoa, com organiza\u00e7\u00e3o conjunta do Programa de P\u00f3s-Gradua\u00e7\u00e3o em Letras e da Coordena\u00e7\u00e3o do Curso de Bacharelado em Tradu\u00e7\u00e3o da Universidade Federal da Para\u00edba. Ele d\u00e1 sequ\u00eancia \u00e0s colet\u00e2neas anteriores organizadas por ocasi\u00e3o do I e do II Encontro de Tradutores de Obras Francesas, que aconteceram, respectivamente, em 2006 (Bras\u00edlia) e em 2009 (S\u00e3o Paulo).<\/p>\n","protected":false},"excerpt":{"rendered":"<p>Interpreta\u00e7\u00e3o, negocia\u00e7\u00e3o, reescrita, ponte, media\u00e7\u00e3o&#8230; As diferentes perspectivas que balizam as defini\u00e7\u00f5es de tradu\u00e7\u00e3o dizem muito do desafio que \u00e9 abarcar teoricamente essa pr\u00e1tica em toda a sua complexidade e implica\u00e7\u00f5es. Da filosofia \u00e0 economia, passando pela lingu\u00edstica, literatura, hist\u00f3ria, sociologia e antropologia \u2013 para citar apenas algumas disciplinas que se t\u00eam debru\u00e7ado sobre a [&hellip;]<\/p>\n","protected":false},"featured_media":7349,"comment_status":"open","ping_status":"closed","template":"","meta":{"_joinchat":[]},"product_brand":[],"product_cat":[332,273,305],"product_tag":[],"class_list":{"0":"post-7580","1":"product","2":"type-product","3":"status-publish","4":"has-post-thumbnail","6":"product_cat-estudos-da-traducao","7":"product_cat-historia","8":"product_cat-traducao","9":"product_shipping_class-livro-pontes-editores-fisico","11":"first","12":"instock","13":"shipping-taxable","14":"purchasable","15":"product-type-simple"},"yoast_head":"<!-- This site is optimized with the Yoast SEO plugin v27.4 - https:\/\/yoast.com\/product\/yoast-seo-wordpress\/ -->\n<title>Tradu\u00e7\u00e3o de obras francesas no Brasil: TRAJET\u00d3RIAS, DEBATES, DESLOCAMENTOS - Pontes Editores<\/title>\n<meta name=\"robots\" content=\"index, follow, max-snippet:-1, max-image-preview:large, max-video-preview:-1\" \/>\n<link rel=\"canonical\" href=\"https:\/\/ponteseditores.com.br\/loja3\/pontes-editores-home-2__trashed\/historia\/traducao-de-obras-francesas-no-brasil-trajetorias-debates-deslocamentos\/\" \/>\n<meta property=\"og:locale\" content=\"pt_BR\" \/>\n<meta property=\"og:type\" content=\"article\" \/>\n<meta property=\"og:title\" content=\"Tradu\u00e7\u00e3o de obras francesas no Brasil: TRAJET\u00d3RIAS, DEBATES, DESLOCAMENTOS - Pontes Editores\" \/>\n<meta property=\"og:description\" content=\"Interpreta\u00e7\u00e3o, negocia\u00e7\u00e3o, reescrita, ponte, media\u00e7\u00e3o&#8230; As diferentes perspectivas que balizam as defini\u00e7\u00f5es de tradu\u00e7\u00e3o dizem muito do desafio que \u00e9 abarcar teoricamente essa pr\u00e1tica em toda a sua complexidade e implica\u00e7\u00f5es. Da filosofia \u00e0 economia, passando pela lingu\u00edstica, literatura, hist\u00f3ria, sociologia e antropologia \u2013 para citar apenas algumas disciplinas que se t\u00eam debru\u00e7ado sobre a [&hellip;]\" \/>\n<meta property=\"og:url\" content=\"https:\/\/ponteseditores.com.br\/loja3\/pontes-editores-home-2__trashed\/historia\/traducao-de-obras-francesas-no-brasil-trajetorias-debates-deslocamentos\/\" \/>\n<meta property=\"og:site_name\" content=\"Pontes Editores\" \/>\n<meta property=\"article:modified_time\" content=\"2023-12-15T14:55:35+00:00\" \/>\n<meta property=\"og:image\" content=\"https:\/\/ponteseditores.com.br\/loja3\/wp-content\/uploads\/2023\/12\/trad1-4.jpg\" \/>\n\t<meta property=\"og:image:width\" content=\"502\" \/>\n\t<meta property=\"og:image:height\" content=\"768\" \/>\n\t<meta property=\"og:image:type\" content=\"image\/jpeg\" \/>\n<meta name=\"twitter:card\" content=\"summary_large_image\" \/>\n<meta name=\"twitter:label1\" content=\"Est. tempo de leitura\" \/>\n\t<meta name=\"twitter:data1\" content=\"1 minuto\" \/>\n<script type=\"application\/ld+json\" class=\"yoast-schema-graph\">{\"@context\":\"https:\\\/\\\/schema.org\",\"@graph\":[{\"@type\":\"WebPage\",\"@id\":\"https:\\\/\\\/ponteseditores.com.br\\\/loja3\\\/pontes-editores-home-2__trashed\\\/historia\\\/traducao-de-obras-francesas-no-brasil-trajetorias-debates-deslocamentos\\\/\",\"url\":\"https:\\\/\\\/ponteseditores.com.br\\\/loja3\\\/pontes-editores-home-2__trashed\\\/historia\\\/traducao-de-obras-francesas-no-brasil-trajetorias-debates-deslocamentos\\\/\",\"name\":\"Tradu\u00e7\u00e3o de obras francesas no Brasil: TRAJET\u00d3RIAS, DEBATES, DESLOCAMENTOS - Pontes Editores\",\"isPartOf\":{\"@id\":\"https:\\\/\\\/ponteseditores.com.br\\\/loja3\\\/#website\"},\"primaryImageOfPage\":{\"@id\":\"https:\\\/\\\/ponteseditores.com.br\\\/loja3\\\/pontes-editores-home-2__trashed\\\/historia\\\/traducao-de-obras-francesas-no-brasil-trajetorias-debates-deslocamentos\\\/#primaryimage\"},\"image\":{\"@id\":\"https:\\\/\\\/ponteseditores.com.br\\\/loja3\\\/pontes-editores-home-2__trashed\\\/historia\\\/traducao-de-obras-francesas-no-brasil-trajetorias-debates-deslocamentos\\\/#primaryimage\"},\"thumbnailUrl\":\"https:\\\/\\\/ponteseditores.com.br\\\/loja3\\\/wp-content\\\/uploads\\\/2023\\\/12\\\/trad1-4.jpg\",\"datePublished\":\"2023-12-15T03:52:25+00:00\",\"dateModified\":\"2023-12-15T14:55:35+00:00\",\"breadcrumb\":{\"@id\":\"https:\\\/\\\/ponteseditores.com.br\\\/loja3\\\/pontes-editores-home-2__trashed\\\/historia\\\/traducao-de-obras-francesas-no-brasil-trajetorias-debates-deslocamentos\\\/#breadcrumb\"},\"inLanguage\":\"pt-BR\",\"potentialAction\":[{\"@type\":\"ReadAction\",\"target\":[\"https:\\\/\\\/ponteseditores.com.br\\\/loja3\\\/pontes-editores-home-2__trashed\\\/historia\\\/traducao-de-obras-francesas-no-brasil-trajetorias-debates-deslocamentos\\\/\"]}]},{\"@type\":\"ImageObject\",\"inLanguage\":\"pt-BR\",\"@id\":\"https:\\\/\\\/ponteseditores.com.br\\\/loja3\\\/pontes-editores-home-2__trashed\\\/historia\\\/traducao-de-obras-francesas-no-brasil-trajetorias-debates-deslocamentos\\\/#primaryimage\",\"url\":\"https:\\\/\\\/ponteseditores.com.br\\\/loja3\\\/wp-content\\\/uploads\\\/2023\\\/12\\\/trad1-4.jpg\",\"contentUrl\":\"https:\\\/\\\/ponteseditores.com.br\\\/loja3\\\/wp-content\\\/uploads\\\/2023\\\/12\\\/trad1-4.jpg\",\"width\":502,\"height\":768},{\"@type\":\"BreadcrumbList\",\"@id\":\"https:\\\/\\\/ponteseditores.com.br\\\/loja3\\\/pontes-editores-home-2__trashed\\\/historia\\\/traducao-de-obras-francesas-no-brasil-trajetorias-debates-deslocamentos\\\/#breadcrumb\",\"itemListElement\":[{\"@type\":\"ListItem\",\"position\":1,\"name\":\"Home\",\"item\":\"https:\\\/\\\/ponteseditores.com.br\\\/loja3\\\/\"},{\"@type\":\"ListItem\",\"position\":2,\"name\":\"loja\",\"item\":\"https:\\\/\\\/ponteseditores.com.br\\\/loja3\\\/loja\\\/\"},{\"@type\":\"ListItem\",\"position\":3,\"name\":\"Tradu\u00e7\u00e3o de obras francesas no Brasil: TRAJET\u00d3RIAS, DEBATES, DESLOCAMENTOS\"}]},{\"@type\":\"WebSite\",\"@id\":\"https:\\\/\\\/ponteseditores.com.br\\\/loja3\\\/#website\",\"url\":\"https:\\\/\\\/ponteseditores.com.br\\\/loja3\\\/\",\"name\":\"Pontes Editores\",\"description\":\"Pontes Editores\",\"publisher\":{\"@id\":\"https:\\\/\\\/ponteseditores.com.br\\\/loja3\\\/#organization\"},\"potentialAction\":[{\"@type\":\"SearchAction\",\"target\":{\"@type\":\"EntryPoint\",\"urlTemplate\":\"https:\\\/\\\/ponteseditores.com.br\\\/loja3\\\/?s={search_term_string}\"},\"query-input\":{\"@type\":\"PropertyValueSpecification\",\"valueRequired\":true,\"valueName\":\"search_term_string\"}}],\"inLanguage\":\"pt-BR\"},{\"@type\":\"Organization\",\"@id\":\"https:\\\/\\\/ponteseditores.com.br\\\/loja3\\\/#organization\",\"name\":\"Pontes Editores\",\"url\":\"https:\\\/\\\/ponteseditores.com.br\\\/loja3\\\/\",\"logo\":{\"@type\":\"ImageObject\",\"inLanguage\":\"pt-BR\",\"@id\":\"https:\\\/\\\/ponteseditores.com.br\\\/loja3\\\/#\\\/schema\\\/logo\\\/image\\\/\",\"url\":\"https:\\\/\\\/ponteseditores.com.br\\\/loja3\\\/wp-content\\\/uploads\\\/2023\\\/12\\\/logo-pontes-editores-v2.png\",\"contentUrl\":\"https:\\\/\\\/ponteseditores.com.br\\\/loja3\\\/wp-content\\\/uploads\\\/2023\\\/12\\\/logo-pontes-editores-v2.png\",\"width\":258,\"height\":100,\"caption\":\"Pontes Editores\"},\"image\":{\"@id\":\"https:\\\/\\\/ponteseditores.com.br\\\/loja3\\\/#\\\/schema\\\/logo\\\/image\\\/\"}}]}<\/script>\n<!-- \/ Yoast SEO plugin. -->","yoast_head_json":{"title":"Tradu\u00e7\u00e3o de obras francesas no Brasil: TRAJET\u00d3RIAS, DEBATES, DESLOCAMENTOS - Pontes Editores","robots":{"index":"index","follow":"follow","max-snippet":"max-snippet:-1","max-image-preview":"max-image-preview:large","max-video-preview":"max-video-preview:-1"},"canonical":"https:\/\/ponteseditores.com.br\/loja3\/pontes-editores-home-2__trashed\/historia\/traducao-de-obras-francesas-no-brasil-trajetorias-debates-deslocamentos\/","og_locale":"pt_BR","og_type":"article","og_title":"Tradu\u00e7\u00e3o de obras francesas no Brasil: TRAJET\u00d3RIAS, DEBATES, DESLOCAMENTOS - Pontes Editores","og_description":"Interpreta\u00e7\u00e3o, negocia\u00e7\u00e3o, reescrita, ponte, media\u00e7\u00e3o&#8230; As diferentes perspectivas que balizam as defini\u00e7\u00f5es de tradu\u00e7\u00e3o dizem muito do desafio que \u00e9 abarcar teoricamente essa pr\u00e1tica em toda a sua complexidade e implica\u00e7\u00f5es. Da filosofia \u00e0 economia, passando pela lingu\u00edstica, literatura, hist\u00f3ria, sociologia e antropologia \u2013 para citar apenas algumas disciplinas que se t\u00eam debru\u00e7ado sobre a [&hellip;]","og_url":"https:\/\/ponteseditores.com.br\/loja3\/pontes-editores-home-2__trashed\/historia\/traducao-de-obras-francesas-no-brasil-trajetorias-debates-deslocamentos\/","og_site_name":"Pontes Editores","article_modified_time":"2023-12-15T14:55:35+00:00","og_image":[{"width":502,"height":768,"url":"https:\/\/ponteseditores.com.br\/loja3\/wp-content\/uploads\/2023\/12\/trad1-4.jpg","type":"image\/jpeg"}],"twitter_card":"summary_large_image","twitter_misc":{"Est. tempo de leitura":"1 minuto"},"schema":{"@context":"https:\/\/schema.org","@graph":[{"@type":"WebPage","@id":"https:\/\/ponteseditores.com.br\/loja3\/pontes-editores-home-2__trashed\/historia\/traducao-de-obras-francesas-no-brasil-trajetorias-debates-deslocamentos\/","url":"https:\/\/ponteseditores.com.br\/loja3\/pontes-editores-home-2__trashed\/historia\/traducao-de-obras-francesas-no-brasil-trajetorias-debates-deslocamentos\/","name":"Tradu\u00e7\u00e3o de obras francesas no Brasil: TRAJET\u00d3RIAS, DEBATES, DESLOCAMENTOS - Pontes Editores","isPartOf":{"@id":"https:\/\/ponteseditores.com.br\/loja3\/#website"},"primaryImageOfPage":{"@id":"https:\/\/ponteseditores.com.br\/loja3\/pontes-editores-home-2__trashed\/historia\/traducao-de-obras-francesas-no-brasil-trajetorias-debates-deslocamentos\/#primaryimage"},"image":{"@id":"https:\/\/ponteseditores.com.br\/loja3\/pontes-editores-home-2__trashed\/historia\/traducao-de-obras-francesas-no-brasil-trajetorias-debates-deslocamentos\/#primaryimage"},"thumbnailUrl":"https:\/\/ponteseditores.com.br\/loja3\/wp-content\/uploads\/2023\/12\/trad1-4.jpg","datePublished":"2023-12-15T03:52:25+00:00","dateModified":"2023-12-15T14:55:35+00:00","breadcrumb":{"@id":"https:\/\/ponteseditores.com.br\/loja3\/pontes-editores-home-2__trashed\/historia\/traducao-de-obras-francesas-no-brasil-trajetorias-debates-deslocamentos\/#breadcrumb"},"inLanguage":"pt-BR","potentialAction":[{"@type":"ReadAction","target":["https:\/\/ponteseditores.com.br\/loja3\/pontes-editores-home-2__trashed\/historia\/traducao-de-obras-francesas-no-brasil-trajetorias-debates-deslocamentos\/"]}]},{"@type":"ImageObject","inLanguage":"pt-BR","@id":"https:\/\/ponteseditores.com.br\/loja3\/pontes-editores-home-2__trashed\/historia\/traducao-de-obras-francesas-no-brasil-trajetorias-debates-deslocamentos\/#primaryimage","url":"https:\/\/ponteseditores.com.br\/loja3\/wp-content\/uploads\/2023\/12\/trad1-4.jpg","contentUrl":"https:\/\/ponteseditores.com.br\/loja3\/wp-content\/uploads\/2023\/12\/trad1-4.jpg","width":502,"height":768},{"@type":"BreadcrumbList","@id":"https:\/\/ponteseditores.com.br\/loja3\/pontes-editores-home-2__trashed\/historia\/traducao-de-obras-francesas-no-brasil-trajetorias-debates-deslocamentos\/#breadcrumb","itemListElement":[{"@type":"ListItem","position":1,"name":"Home","item":"https:\/\/ponteseditores.com.br\/loja3\/"},{"@type":"ListItem","position":2,"name":"loja","item":"https:\/\/ponteseditores.com.br\/loja3\/loja\/"},{"@type":"ListItem","position":3,"name":"Tradu\u00e7\u00e3o de obras francesas no Brasil: TRAJET\u00d3RIAS, DEBATES, DESLOCAMENTOS"}]},{"@type":"WebSite","@id":"https:\/\/ponteseditores.com.br\/loja3\/#website","url":"https:\/\/ponteseditores.com.br\/loja3\/","name":"Pontes Editores","description":"Pontes Editores","publisher":{"@id":"https:\/\/ponteseditores.com.br\/loja3\/#organization"},"potentialAction":[{"@type":"SearchAction","target":{"@type":"EntryPoint","urlTemplate":"https:\/\/ponteseditores.com.br\/loja3\/?s={search_term_string}"},"query-input":{"@type":"PropertyValueSpecification","valueRequired":true,"valueName":"search_term_string"}}],"inLanguage":"pt-BR"},{"@type":"Organization","@id":"https:\/\/ponteseditores.com.br\/loja3\/#organization","name":"Pontes Editores","url":"https:\/\/ponteseditores.com.br\/loja3\/","logo":{"@type":"ImageObject","inLanguage":"pt-BR","@id":"https:\/\/ponteseditores.com.br\/loja3\/#\/schema\/logo\/image\/","url":"https:\/\/ponteseditores.com.br\/loja3\/wp-content\/uploads\/2023\/12\/logo-pontes-editores-v2.png","contentUrl":"https:\/\/ponteseditores.com.br\/loja3\/wp-content\/uploads\/2023\/12\/logo-pontes-editores-v2.png","width":258,"height":100,"caption":"Pontes Editores"},"image":{"@id":"https:\/\/ponteseditores.com.br\/loja3\/#\/schema\/logo\/image\/"}}]}},"_links":{"self":[{"href":"https:\/\/ponteseditores.com.br\/loja3\/wp-json\/wp\/v2\/product\/7580","targetHints":{"allow":["GET"]}}],"collection":[{"href":"https:\/\/ponteseditores.com.br\/loja3\/wp-json\/wp\/v2\/product"}],"about":[{"href":"https:\/\/ponteseditores.com.br\/loja3\/wp-json\/wp\/v2\/types\/product"}],"replies":[{"embeddable":true,"href":"https:\/\/ponteseditores.com.br\/loja3\/wp-json\/wp\/v2\/comments?post=7580"}],"version-history":[{"count":0,"href":"https:\/\/ponteseditores.com.br\/loja3\/wp-json\/wp\/v2\/product\/7580\/revisions"}],"wp:featuredmedia":[{"embeddable":true,"href":"https:\/\/ponteseditores.com.br\/loja3\/wp-json\/wp\/v2\/media\/7349"}],"wp:attachment":[{"href":"https:\/\/ponteseditores.com.br\/loja3\/wp-json\/wp\/v2\/media?parent=7580"}],"wp:term":[{"taxonomy":"product_brand","embeddable":true,"href":"https:\/\/ponteseditores.com.br\/loja3\/wp-json\/wp\/v2\/product_brand?post=7580"},{"taxonomy":"product_cat","embeddable":true,"href":"https:\/\/ponteseditores.com.br\/loja3\/wp-json\/wp\/v2\/product_cat?post=7580"},{"taxonomy":"product_tag","embeddable":true,"href":"https:\/\/ponteseditores.com.br\/loja3\/wp-json\/wp\/v2\/product_tag?post=7580"}],"curies":[{"name":"wp","href":"https:\/\/api.w.org\/{rel}","templated":true}]}}