{"id":7577,"date":"2023-12-15T00:52:24","date_gmt":"2023-12-15T03:52:24","guid":{"rendered":"https:\/\/ponteseditores.com.br\/loja3\/pontes-editores-home-2__trashed\/sem%20categoria\/imprensa-e-literatura-em-campinas-nos-seus-primordios\/"},"modified":"2025-02-20T18:12:22","modified_gmt":"2025-02-20T21:12:22","slug":"imprensa-e-literatura-em-campinas-nos-seus-primordios","status":"publish","type":"product","link":"https:\/\/ponteseditores.com.br\/loja3\/pontes-editores-home-2__trashed\/historia\/imprensa-e-literatura-em-campinas-nos-seus-primordios\/","title":{"rendered":"IMPRENSA E LITERATURA EM CAMPINAS nos seus prim\u00f3rdios"},"content":{"rendered":"<p>Este livro constitui um testemunho de paix\u00e3o por Campinas a decifrar um universo pouco conhecido, libertando-o do hermetismo em que se encontrava enclausurado e possui o m\u00e9rito de alinhavar a imprensa \u00e0 literatura, distintas, todavia, com permiss\u00e3o \u00e0 simultaneidade. Du\u00edlio Battistoni Filho, reconhecido pesquisador da hist\u00f3ria de Campinas, detentor de brilhante orat\u00f3ria, escritor de grande saber testemunhado pela sua f\u00e9rtil produ\u00e7\u00e3o, fez, nesta obra, incont\u00e1veis incurs\u00f5es em fontes de fidedignos acervos para investigar a imbrica\u00e7\u00e3o entre progresso, cultura, educa\u00e7\u00e3o, arte liter\u00e1ria, fotografia, censura, sociedade, centros promotores da cultura, quest\u00f5es de g\u00eanero quanto a expoentes liter\u00e1rios e jornal\u00edsticos, caracterizando, dessa forma, as presen\u00e7as femininas e masculinas na imprensa e na literatura.<\/p>\n<p>Ana Maria Melo Negr\u00e3o<\/p>\n","protected":false},"excerpt":{"rendered":"<p>Este livro constitui um testemunho de paix\u00e3o por Campinas a decifrar um universo pouco conhecido, libertando-o do hermetismo em que se encontrava enclausurado e possui o m\u00e9rito de alinhavar a imprensa \u00e0 literatura, distintas, todavia, com permiss\u00e3o \u00e0 simultaneidade. Du\u00edlio Battistoni Filho, reconhecido pesquisador da hist\u00f3ria de Campinas, detentor de brilhante orat\u00f3ria, escritor de grande [&hellip;]<\/p>\n","protected":false},"featured_media":7576,"comment_status":"open","ping_status":"closed","template":"","meta":{"_joinchat":[]},"product_brand":[],"product_cat":[273,342,287],"product_tag":[],"class_list":{"0":"post-7577","1":"product","2":"type-product","3":"status-publish","4":"has-post-thumbnail","6":"product_cat-historia","7":"product_cat-jornalismo","8":"product_cat-literatura","9":"product_shipping_class-livro-pontes-editores-fisico","11":"first","12":"instock","13":"shipping-taxable","14":"purchasable","15":"product-type-simple"},"yoast_head":"<!-- This site is optimized with the Yoast SEO plugin v27.4 - https:\/\/yoast.com\/product\/yoast-seo-wordpress\/ -->\n<title>IMPRENSA E LITERATURA EM CAMPINAS nos seus prim\u00f3rdios - Pontes Editores<\/title>\n<meta name=\"robots\" content=\"index, follow, max-snippet:-1, max-image-preview:large, max-video-preview:-1\" \/>\n<link rel=\"canonical\" href=\"https:\/\/ponteseditores.com.br\/loja3\/pontes-editores-home-2__trashed\/historia\/imprensa-e-literatura-em-campinas-nos-seus-primordios\/\" \/>\n<meta property=\"og:locale\" content=\"pt_BR\" \/>\n<meta property=\"og:type\" content=\"article\" \/>\n<meta property=\"og:title\" content=\"IMPRENSA E LITERATURA EM CAMPINAS nos seus prim\u00f3rdios - Pontes Editores\" \/>\n<meta property=\"og:description\" content=\"Este livro constitui um testemunho de paix\u00e3o por Campinas a decifrar um universo pouco conhecido, libertando-o do hermetismo em que se encontrava enclausurado e possui o m\u00e9rito de alinhavar a imprensa \u00e0 literatura, distintas, todavia, com permiss\u00e3o \u00e0 simultaneidade. Du\u00edlio Battistoni Filho, reconhecido pesquisador da hist\u00f3ria de Campinas, detentor de brilhante orat\u00f3ria, escritor de grande [&hellip;]\" \/>\n<meta property=\"og:url\" content=\"https:\/\/ponteseditores.com.br\/loja3\/pontes-editores-home-2__trashed\/historia\/imprensa-e-literatura-em-campinas-nos-seus-primordios\/\" \/>\n<meta property=\"og:site_name\" content=\"Pontes Editores\" \/>\n<meta property=\"article:modified_time\" content=\"2025-02-20T21:12:22+00:00\" \/>\n<meta property=\"og:image\" content=\"https:\/\/ponteseditores.com.br\/loja3\/wp-content\/uploads\/2023\/12\/CAPA20IMPRENSA.jpg\" \/>\n\t<meta property=\"og:image:width\" content=\"508\" \/>\n\t<meta property=\"og:image:height\" content=\"768\" \/>\n\t<meta property=\"og:image:type\" content=\"image\/jpeg\" \/>\n<meta name=\"twitter:card\" content=\"summary_large_image\" \/>\n<meta name=\"twitter:label1\" content=\"Est. tempo de leitura\" \/>\n\t<meta name=\"twitter:data1\" content=\"1 minuto\" \/>\n<script type=\"application\/ld+json\" class=\"yoast-schema-graph\">{\"@context\":\"https:\\\/\\\/schema.org\",\"@graph\":[{\"@type\":\"WebPage\",\"@id\":\"https:\\\/\\\/ponteseditores.com.br\\\/loja3\\\/pontes-editores-home-2__trashed\\\/historia\\\/imprensa-e-literatura-em-campinas-nos-seus-primordios\\\/\",\"url\":\"https:\\\/\\\/ponteseditores.com.br\\\/loja3\\\/pontes-editores-home-2__trashed\\\/historia\\\/imprensa-e-literatura-em-campinas-nos-seus-primordios\\\/\",\"name\":\"IMPRENSA E LITERATURA EM CAMPINAS nos seus prim\u00f3rdios - Pontes Editores\",\"isPartOf\":{\"@id\":\"https:\\\/\\\/ponteseditores.com.br\\\/loja3\\\/#website\"},\"primaryImageOfPage\":{\"@id\":\"https:\\\/\\\/ponteseditores.com.br\\\/loja3\\\/pontes-editores-home-2__trashed\\\/historia\\\/imprensa-e-literatura-em-campinas-nos-seus-primordios\\\/#primaryimage\"},\"image\":{\"@id\":\"https:\\\/\\\/ponteseditores.com.br\\\/loja3\\\/pontes-editores-home-2__trashed\\\/historia\\\/imprensa-e-literatura-em-campinas-nos-seus-primordios\\\/#primaryimage\"},\"thumbnailUrl\":\"https:\\\/\\\/ponteseditores.com.br\\\/loja3\\\/wp-content\\\/uploads\\\/2023\\\/12\\\/CAPA20IMPRENSA.jpg\",\"datePublished\":\"2023-12-15T03:52:24+00:00\",\"dateModified\":\"2025-02-20T21:12:22+00:00\",\"breadcrumb\":{\"@id\":\"https:\\\/\\\/ponteseditores.com.br\\\/loja3\\\/pontes-editores-home-2__trashed\\\/historia\\\/imprensa-e-literatura-em-campinas-nos-seus-primordios\\\/#breadcrumb\"},\"inLanguage\":\"pt-BR\",\"potentialAction\":[{\"@type\":\"ReadAction\",\"target\":[\"https:\\\/\\\/ponteseditores.com.br\\\/loja3\\\/pontes-editores-home-2__trashed\\\/historia\\\/imprensa-e-literatura-em-campinas-nos-seus-primordios\\\/\"]}]},{\"@type\":\"ImageObject\",\"inLanguage\":\"pt-BR\",\"@id\":\"https:\\\/\\\/ponteseditores.com.br\\\/loja3\\\/pontes-editores-home-2__trashed\\\/historia\\\/imprensa-e-literatura-em-campinas-nos-seus-primordios\\\/#primaryimage\",\"url\":\"https:\\\/\\\/ponteseditores.com.br\\\/loja3\\\/wp-content\\\/uploads\\\/2023\\\/12\\\/CAPA20IMPRENSA.jpg\",\"contentUrl\":\"https:\\\/\\\/ponteseditores.com.br\\\/loja3\\\/wp-content\\\/uploads\\\/2023\\\/12\\\/CAPA20IMPRENSA.jpg\",\"width\":508,\"height\":768},{\"@type\":\"BreadcrumbList\",\"@id\":\"https:\\\/\\\/ponteseditores.com.br\\\/loja3\\\/pontes-editores-home-2__trashed\\\/historia\\\/imprensa-e-literatura-em-campinas-nos-seus-primordios\\\/#breadcrumb\",\"itemListElement\":[{\"@type\":\"ListItem\",\"position\":1,\"name\":\"Home\",\"item\":\"https:\\\/\\\/ponteseditores.com.br\\\/loja3\\\/\"},{\"@type\":\"ListItem\",\"position\":2,\"name\":\"loja\",\"item\":\"https:\\\/\\\/ponteseditores.com.br\\\/loja3\\\/loja\\\/\"},{\"@type\":\"ListItem\",\"position\":3,\"name\":\"IMPRENSA E LITERATURA EM CAMPINAS nos seus prim\u00f3rdios\"}]},{\"@type\":\"WebSite\",\"@id\":\"https:\\\/\\\/ponteseditores.com.br\\\/loja3\\\/#website\",\"url\":\"https:\\\/\\\/ponteseditores.com.br\\\/loja3\\\/\",\"name\":\"Pontes Editores\",\"description\":\"Pontes Editores\",\"publisher\":{\"@id\":\"https:\\\/\\\/ponteseditores.com.br\\\/loja3\\\/#organization\"},\"potentialAction\":[{\"@type\":\"SearchAction\",\"target\":{\"@type\":\"EntryPoint\",\"urlTemplate\":\"https:\\\/\\\/ponteseditores.com.br\\\/loja3\\\/?s={search_term_string}\"},\"query-input\":{\"@type\":\"PropertyValueSpecification\",\"valueRequired\":true,\"valueName\":\"search_term_string\"}}],\"inLanguage\":\"pt-BR\"},{\"@type\":\"Organization\",\"@id\":\"https:\\\/\\\/ponteseditores.com.br\\\/loja3\\\/#organization\",\"name\":\"Pontes Editores\",\"url\":\"https:\\\/\\\/ponteseditores.com.br\\\/loja3\\\/\",\"logo\":{\"@type\":\"ImageObject\",\"inLanguage\":\"pt-BR\",\"@id\":\"https:\\\/\\\/ponteseditores.com.br\\\/loja3\\\/#\\\/schema\\\/logo\\\/image\\\/\",\"url\":\"https:\\\/\\\/ponteseditores.com.br\\\/loja3\\\/wp-content\\\/uploads\\\/2023\\\/12\\\/logo-pontes-editores-v2.png\",\"contentUrl\":\"https:\\\/\\\/ponteseditores.com.br\\\/loja3\\\/wp-content\\\/uploads\\\/2023\\\/12\\\/logo-pontes-editores-v2.png\",\"width\":258,\"height\":100,\"caption\":\"Pontes Editores\"},\"image\":{\"@id\":\"https:\\\/\\\/ponteseditores.com.br\\\/loja3\\\/#\\\/schema\\\/logo\\\/image\\\/\"}}]}<\/script>\n<!-- \/ Yoast SEO plugin. -->","yoast_head_json":{"title":"IMPRENSA E LITERATURA EM CAMPINAS nos seus prim\u00f3rdios - Pontes Editores","robots":{"index":"index","follow":"follow","max-snippet":"max-snippet:-1","max-image-preview":"max-image-preview:large","max-video-preview":"max-video-preview:-1"},"canonical":"https:\/\/ponteseditores.com.br\/loja3\/pontes-editores-home-2__trashed\/historia\/imprensa-e-literatura-em-campinas-nos-seus-primordios\/","og_locale":"pt_BR","og_type":"article","og_title":"IMPRENSA E LITERATURA EM CAMPINAS nos seus prim\u00f3rdios - Pontes Editores","og_description":"Este livro constitui um testemunho de paix\u00e3o por Campinas a decifrar um universo pouco conhecido, libertando-o do hermetismo em que se encontrava enclausurado e possui o m\u00e9rito de alinhavar a imprensa \u00e0 literatura, distintas, todavia, com permiss\u00e3o \u00e0 simultaneidade. Du\u00edlio Battistoni Filho, reconhecido pesquisador da hist\u00f3ria de Campinas, detentor de brilhante orat\u00f3ria, escritor de grande [&hellip;]","og_url":"https:\/\/ponteseditores.com.br\/loja3\/pontes-editores-home-2__trashed\/historia\/imprensa-e-literatura-em-campinas-nos-seus-primordios\/","og_site_name":"Pontes Editores","article_modified_time":"2025-02-20T21:12:22+00:00","og_image":[{"width":508,"height":768,"url":"https:\/\/ponteseditores.com.br\/loja3\/wp-content\/uploads\/2023\/12\/CAPA20IMPRENSA.jpg","type":"image\/jpeg"}],"twitter_card":"summary_large_image","twitter_misc":{"Est. tempo de leitura":"1 minuto"},"schema":{"@context":"https:\/\/schema.org","@graph":[{"@type":"WebPage","@id":"https:\/\/ponteseditores.com.br\/loja3\/pontes-editores-home-2__trashed\/historia\/imprensa-e-literatura-em-campinas-nos-seus-primordios\/","url":"https:\/\/ponteseditores.com.br\/loja3\/pontes-editores-home-2__trashed\/historia\/imprensa-e-literatura-em-campinas-nos-seus-primordios\/","name":"IMPRENSA E LITERATURA EM CAMPINAS nos seus prim\u00f3rdios - Pontes Editores","isPartOf":{"@id":"https:\/\/ponteseditores.com.br\/loja3\/#website"},"primaryImageOfPage":{"@id":"https:\/\/ponteseditores.com.br\/loja3\/pontes-editores-home-2__trashed\/historia\/imprensa-e-literatura-em-campinas-nos-seus-primordios\/#primaryimage"},"image":{"@id":"https:\/\/ponteseditores.com.br\/loja3\/pontes-editores-home-2__trashed\/historia\/imprensa-e-literatura-em-campinas-nos-seus-primordios\/#primaryimage"},"thumbnailUrl":"https:\/\/ponteseditores.com.br\/loja3\/wp-content\/uploads\/2023\/12\/CAPA20IMPRENSA.jpg","datePublished":"2023-12-15T03:52:24+00:00","dateModified":"2025-02-20T21:12:22+00:00","breadcrumb":{"@id":"https:\/\/ponteseditores.com.br\/loja3\/pontes-editores-home-2__trashed\/historia\/imprensa-e-literatura-em-campinas-nos-seus-primordios\/#breadcrumb"},"inLanguage":"pt-BR","potentialAction":[{"@type":"ReadAction","target":["https:\/\/ponteseditores.com.br\/loja3\/pontes-editores-home-2__trashed\/historia\/imprensa-e-literatura-em-campinas-nos-seus-primordios\/"]}]},{"@type":"ImageObject","inLanguage":"pt-BR","@id":"https:\/\/ponteseditores.com.br\/loja3\/pontes-editores-home-2__trashed\/historia\/imprensa-e-literatura-em-campinas-nos-seus-primordios\/#primaryimage","url":"https:\/\/ponteseditores.com.br\/loja3\/wp-content\/uploads\/2023\/12\/CAPA20IMPRENSA.jpg","contentUrl":"https:\/\/ponteseditores.com.br\/loja3\/wp-content\/uploads\/2023\/12\/CAPA20IMPRENSA.jpg","width":508,"height":768},{"@type":"BreadcrumbList","@id":"https:\/\/ponteseditores.com.br\/loja3\/pontes-editores-home-2__trashed\/historia\/imprensa-e-literatura-em-campinas-nos-seus-primordios\/#breadcrumb","itemListElement":[{"@type":"ListItem","position":1,"name":"Home","item":"https:\/\/ponteseditores.com.br\/loja3\/"},{"@type":"ListItem","position":2,"name":"loja","item":"https:\/\/ponteseditores.com.br\/loja3\/loja\/"},{"@type":"ListItem","position":3,"name":"IMPRENSA E LITERATURA EM CAMPINAS nos seus prim\u00f3rdios"}]},{"@type":"WebSite","@id":"https:\/\/ponteseditores.com.br\/loja3\/#website","url":"https:\/\/ponteseditores.com.br\/loja3\/","name":"Pontes Editores","description":"Pontes Editores","publisher":{"@id":"https:\/\/ponteseditores.com.br\/loja3\/#organization"},"potentialAction":[{"@type":"SearchAction","target":{"@type":"EntryPoint","urlTemplate":"https:\/\/ponteseditores.com.br\/loja3\/?s={search_term_string}"},"query-input":{"@type":"PropertyValueSpecification","valueRequired":true,"valueName":"search_term_string"}}],"inLanguage":"pt-BR"},{"@type":"Organization","@id":"https:\/\/ponteseditores.com.br\/loja3\/#organization","name":"Pontes Editores","url":"https:\/\/ponteseditores.com.br\/loja3\/","logo":{"@type":"ImageObject","inLanguage":"pt-BR","@id":"https:\/\/ponteseditores.com.br\/loja3\/#\/schema\/logo\/image\/","url":"https:\/\/ponteseditores.com.br\/loja3\/wp-content\/uploads\/2023\/12\/logo-pontes-editores-v2.png","contentUrl":"https:\/\/ponteseditores.com.br\/loja3\/wp-content\/uploads\/2023\/12\/logo-pontes-editores-v2.png","width":258,"height":100,"caption":"Pontes Editores"},"image":{"@id":"https:\/\/ponteseditores.com.br\/loja3\/#\/schema\/logo\/image\/"}}]}},"_links":{"self":[{"href":"https:\/\/ponteseditores.com.br\/loja3\/wp-json\/wp\/v2\/product\/7577","targetHints":{"allow":["GET"]}}],"collection":[{"href":"https:\/\/ponteseditores.com.br\/loja3\/wp-json\/wp\/v2\/product"}],"about":[{"href":"https:\/\/ponteseditores.com.br\/loja3\/wp-json\/wp\/v2\/types\/product"}],"replies":[{"embeddable":true,"href":"https:\/\/ponteseditores.com.br\/loja3\/wp-json\/wp\/v2\/comments?post=7577"}],"version-history":[{"count":0,"href":"https:\/\/ponteseditores.com.br\/loja3\/wp-json\/wp\/v2\/product\/7577\/revisions"}],"wp:featuredmedia":[{"embeddable":true,"href":"https:\/\/ponteseditores.com.br\/loja3\/wp-json\/wp\/v2\/media\/7576"}],"wp:attachment":[{"href":"https:\/\/ponteseditores.com.br\/loja3\/wp-json\/wp\/v2\/media?parent=7577"}],"wp:term":[{"taxonomy":"product_brand","embeddable":true,"href":"https:\/\/ponteseditores.com.br\/loja3\/wp-json\/wp\/v2\/product_brand?post=7577"},{"taxonomy":"product_cat","embeddable":true,"href":"https:\/\/ponteseditores.com.br\/loja3\/wp-json\/wp\/v2\/product_cat?post=7577"},{"taxonomy":"product_tag","embeddable":true,"href":"https:\/\/ponteseditores.com.br\/loja3\/wp-json\/wp\/v2\/product_tag?post=7577"}],"curies":[{"name":"wp","href":"https:\/\/api.w.org\/{rel}","templated":true}]}}