{"id":7573,"date":"2023-12-15T00:52:19","date_gmt":"2023-12-15T03:52:19","guid":{"rendered":"https:\/\/ponteseditores.com.br\/loja3\/pontes-editores-home-2__trashed\/sem%20categoria\/praticas-de-multiletramentos-e-letramento-critico-outros-sentidos-para-a-sala-de-aula-de-linguas-col-npla-vol-47\/"},"modified":"2026-03-05T18:27:15","modified_gmt":"2026-03-05T21:27:15","slug":"praticas-de-multiletramentos-e-letramento-critico-outros-sentidos-para-a-sala-de-aula-de-linguas-col-npla-vol-47","status":"publish","type":"product","link":"https:\/\/ponteseditores.com.br\/loja3\/pontes-editores-home-2__trashed\/letramento\/praticas-de-multiletramentos-e-letramento-critico-outros-sentidos-para-a-sala-de-aula-de-linguas-col-npla-vol-47\/","title":{"rendered":"Pr\u00e1ticas de Multiletramentos e Letramento Cr\u00edtico: Outros Sentidos   para a Sala de Aula de L\u00ednguas &#8211;  Col NPLA Vol 47"},"content":{"rendered":"<p>Pr\u00e1ticas de multiletramentos e letramento cr\u00edtico: novos sentidos para a sala de aula de l\u00ednguas, organizado por D\u00e1nie Marcelo de Jesus e Divanize Carbonieri, encarta valiosas contribui\u00e7\u00f5es para aqueles interessados em se debru\u00e7ar na seara dos estudos de multiletramentos produzidos no contexto brasileiro. Os artigos tratam de avalia\u00e7\u00e3o, ensino de l\u00edngua na escola p\u00fablica, ensino de literaturas, pedagogia transl\u00edngue e forma\u00e7\u00e3o de professores, tendo como \u00e9gide a perspectiva dos multiletramentos e do letramento cr\u00edtico. Os textos enfeixados permitem, por meio de sua leitura, que se desvele uma seriedade acad\u00eamica por parte dos autores.<\/p>\n<p>Bill Cope e Mary Kalantzis<br \/>\nProfessores do College Education, Universidade de Illinois, Urbana-Champaign, Estados Unidos<\/p>\n","protected":false},"excerpt":{"rendered":"<p>Pr\u00e1ticas de multiletramentos e letramento cr\u00edtico: novos sentidos para a sala de aula de l\u00ednguas, organizado por D\u00e1nie Marcelo de Jesus e Divanize Carbonieri, encarta valiosas contribui\u00e7\u00f5es para aqueles interessados em se debru\u00e7ar na seara dos estudos de multiletramentos produzidos no contexto brasileiro. Os artigos tratam de avalia\u00e7\u00e3o, ensino de l\u00edngua na escola p\u00fablica, ensino [&hellip;]<\/p>\n","protected":false},"featured_media":7572,"comment_status":"open","ping_status":"closed","template":"","meta":{"_joinchat":[]},"product_brand":[],"product_cat":[140,112,280],"product_tag":[],"class_list":{"0":"post-7573","1":"product","2":"type-product","3":"status-publish","4":"has-post-thumbnail","6":"product_cat-ensino-de-linguas","7":"product_cat-letramento","8":"product_cat-npla","9":"product_shipping_class-livro-pontes-editores-fisico","11":"first","12":"instock","13":"shipping-taxable","14":"purchasable","15":"product-type-simple"},"yoast_head":"<!-- This site is optimized with the Yoast SEO plugin v27.4 - https:\/\/yoast.com\/product\/yoast-seo-wordpress\/ -->\n<title>Pr\u00e1ticas de Multiletramentos e Letramento Cr\u00edtico: Outros Sentidos  para a Sala de Aula de L\u00ednguas - Col NPLA Vol 47 - Pontes Editores<\/title>\n<meta name=\"robots\" content=\"index, follow, max-snippet:-1, max-image-preview:large, max-video-preview:-1\" \/>\n<link rel=\"canonical\" href=\"https:\/\/ponteseditores.com.br\/loja3\/pontes-editores-home-2__trashed\/letramento\/praticas-de-multiletramentos-e-letramento-critico-outros-sentidos-para-a-sala-de-aula-de-linguas-col-npla-vol-47\/\" \/>\n<meta property=\"og:locale\" content=\"pt_BR\" \/>\n<meta property=\"og:type\" content=\"article\" \/>\n<meta property=\"og:title\" content=\"Pr\u00e1ticas de Multiletramentos e Letramento Cr\u00edtico: Outros Sentidos  para a Sala de Aula de L\u00ednguas - Col NPLA Vol 47 - Pontes Editores\" \/>\n<meta property=\"og:description\" content=\"Pr\u00e1ticas de multiletramentos e letramento cr\u00edtico: novos sentidos para a sala de aula de l\u00ednguas, organizado por D\u00e1nie Marcelo de Jesus e Divanize Carbonieri, encarta valiosas contribui\u00e7\u00f5es para aqueles interessados em se debru\u00e7ar na seara dos estudos de multiletramentos produzidos no contexto brasileiro. Os artigos tratam de avalia\u00e7\u00e3o, ensino de l\u00edngua na escola p\u00fablica, ensino [&hellip;]\" \/>\n<meta property=\"og:url\" content=\"https:\/\/ponteseditores.com.br\/loja3\/pontes-editores-home-2__trashed\/letramento\/praticas-de-multiletramentos-e-letramento-critico-outros-sentidos-para-a-sala-de-aula-de-linguas-col-npla-vol-47\/\" \/>\n<meta property=\"og:site_name\" content=\"Pontes Editores\" \/>\n<meta property=\"article:modified_time\" content=\"2026-03-05T21:27:15+00:00\" \/>\n<meta property=\"og:image\" content=\"https:\/\/ponteseditores.com.br\/loja3\/wp-content\/uploads\/2023\/12\/CAPA20multi.jpg\" \/>\n\t<meta property=\"og:image:width\" content=\"499\" \/>\n\t<meta property=\"og:image:height\" content=\"768\" \/>\n\t<meta property=\"og:image:type\" content=\"image\/jpeg\" \/>\n<meta name=\"twitter:card\" content=\"summary_large_image\" \/>\n<meta name=\"twitter:label1\" content=\"Est. tempo de leitura\" \/>\n\t<meta name=\"twitter:data1\" content=\"1 minuto\" \/>\n<script type=\"application\/ld+json\" class=\"yoast-schema-graph\">{\"@context\":\"https:\\\/\\\/schema.org\",\"@graph\":[{\"@type\":\"WebPage\",\"@id\":\"https:\\\/\\\/ponteseditores.com.br\\\/loja3\\\/pontes-editores-home-2__trashed\\\/letramento\\\/praticas-de-multiletramentos-e-letramento-critico-outros-sentidos-para-a-sala-de-aula-de-linguas-col-npla-vol-47\\\/\",\"url\":\"https:\\\/\\\/ponteseditores.com.br\\\/loja3\\\/pontes-editores-home-2__trashed\\\/letramento\\\/praticas-de-multiletramentos-e-letramento-critico-outros-sentidos-para-a-sala-de-aula-de-linguas-col-npla-vol-47\\\/\",\"name\":\"Pr\u00e1ticas de Multiletramentos e Letramento Cr\u00edtico: Outros Sentidos para a Sala de Aula de L\u00ednguas - Col NPLA Vol 47 - Pontes Editores\",\"isPartOf\":{\"@id\":\"https:\\\/\\\/ponteseditores.com.br\\\/loja3\\\/#website\"},\"primaryImageOfPage\":{\"@id\":\"https:\\\/\\\/ponteseditores.com.br\\\/loja3\\\/pontes-editores-home-2__trashed\\\/letramento\\\/praticas-de-multiletramentos-e-letramento-critico-outros-sentidos-para-a-sala-de-aula-de-linguas-col-npla-vol-47\\\/#primaryimage\"},\"image\":{\"@id\":\"https:\\\/\\\/ponteseditores.com.br\\\/loja3\\\/pontes-editores-home-2__trashed\\\/letramento\\\/praticas-de-multiletramentos-e-letramento-critico-outros-sentidos-para-a-sala-de-aula-de-linguas-col-npla-vol-47\\\/#primaryimage\"},\"thumbnailUrl\":\"https:\\\/\\\/ponteseditores.com.br\\\/loja3\\\/wp-content\\\/uploads\\\/2023\\\/12\\\/CAPA20multi.jpg\",\"datePublished\":\"2023-12-15T03:52:19+00:00\",\"dateModified\":\"2026-03-05T21:27:15+00:00\",\"breadcrumb\":{\"@id\":\"https:\\\/\\\/ponteseditores.com.br\\\/loja3\\\/pontes-editores-home-2__trashed\\\/letramento\\\/praticas-de-multiletramentos-e-letramento-critico-outros-sentidos-para-a-sala-de-aula-de-linguas-col-npla-vol-47\\\/#breadcrumb\"},\"inLanguage\":\"pt-BR\",\"potentialAction\":[{\"@type\":\"ReadAction\",\"target\":[\"https:\\\/\\\/ponteseditores.com.br\\\/loja3\\\/pontes-editores-home-2__trashed\\\/letramento\\\/praticas-de-multiletramentos-e-letramento-critico-outros-sentidos-para-a-sala-de-aula-de-linguas-col-npla-vol-47\\\/\"]}]},{\"@type\":\"ImageObject\",\"inLanguage\":\"pt-BR\",\"@id\":\"https:\\\/\\\/ponteseditores.com.br\\\/loja3\\\/pontes-editores-home-2__trashed\\\/letramento\\\/praticas-de-multiletramentos-e-letramento-critico-outros-sentidos-para-a-sala-de-aula-de-linguas-col-npla-vol-47\\\/#primaryimage\",\"url\":\"https:\\\/\\\/ponteseditores.com.br\\\/loja3\\\/wp-content\\\/uploads\\\/2023\\\/12\\\/CAPA20multi.jpg\",\"contentUrl\":\"https:\\\/\\\/ponteseditores.com.br\\\/loja3\\\/wp-content\\\/uploads\\\/2023\\\/12\\\/CAPA20multi.jpg\",\"width\":499,\"height\":768},{\"@type\":\"BreadcrumbList\",\"@id\":\"https:\\\/\\\/ponteseditores.com.br\\\/loja3\\\/pontes-editores-home-2__trashed\\\/letramento\\\/praticas-de-multiletramentos-e-letramento-critico-outros-sentidos-para-a-sala-de-aula-de-linguas-col-npla-vol-47\\\/#breadcrumb\",\"itemListElement\":[{\"@type\":\"ListItem\",\"position\":1,\"name\":\"Home\",\"item\":\"https:\\\/\\\/ponteseditores.com.br\\\/loja3\\\/\"},{\"@type\":\"ListItem\",\"position\":2,\"name\":\"loja\",\"item\":\"https:\\\/\\\/ponteseditores.com.br\\\/loja3\\\/loja\\\/\"},{\"@type\":\"ListItem\",\"position\":3,\"name\":\"Pr\u00e1ticas de Multiletramentos e Letramento Cr\u00edtico: Outros Sentidos para a Sala de Aula de L\u00ednguas &#8211; Col NPLA Vol 47\"}]},{\"@type\":\"WebSite\",\"@id\":\"https:\\\/\\\/ponteseditores.com.br\\\/loja3\\\/#website\",\"url\":\"https:\\\/\\\/ponteseditores.com.br\\\/loja3\\\/\",\"name\":\"Pontes Editores\",\"description\":\"Pontes Editores\",\"publisher\":{\"@id\":\"https:\\\/\\\/ponteseditores.com.br\\\/loja3\\\/#organization\"},\"potentialAction\":[{\"@type\":\"SearchAction\",\"target\":{\"@type\":\"EntryPoint\",\"urlTemplate\":\"https:\\\/\\\/ponteseditores.com.br\\\/loja3\\\/?s={search_term_string}\"},\"query-input\":{\"@type\":\"PropertyValueSpecification\",\"valueRequired\":true,\"valueName\":\"search_term_string\"}}],\"inLanguage\":\"pt-BR\"},{\"@type\":\"Organization\",\"@id\":\"https:\\\/\\\/ponteseditores.com.br\\\/loja3\\\/#organization\",\"name\":\"Pontes Editores\",\"url\":\"https:\\\/\\\/ponteseditores.com.br\\\/loja3\\\/\",\"logo\":{\"@type\":\"ImageObject\",\"inLanguage\":\"pt-BR\",\"@id\":\"https:\\\/\\\/ponteseditores.com.br\\\/loja3\\\/#\\\/schema\\\/logo\\\/image\\\/\",\"url\":\"https:\\\/\\\/ponteseditores.com.br\\\/loja3\\\/wp-content\\\/uploads\\\/2023\\\/12\\\/logo-pontes-editores-v2.png\",\"contentUrl\":\"https:\\\/\\\/ponteseditores.com.br\\\/loja3\\\/wp-content\\\/uploads\\\/2023\\\/12\\\/logo-pontes-editores-v2.png\",\"width\":258,\"height\":100,\"caption\":\"Pontes Editores\"},\"image\":{\"@id\":\"https:\\\/\\\/ponteseditores.com.br\\\/loja3\\\/#\\\/schema\\\/logo\\\/image\\\/\"}}]}<\/script>\n<!-- \/ Yoast SEO plugin. -->","yoast_head_json":{"title":"Pr\u00e1ticas de Multiletramentos e Letramento Cr\u00edtico: Outros Sentidos  para a Sala de Aula de L\u00ednguas - Col NPLA Vol 47 - Pontes Editores","robots":{"index":"index","follow":"follow","max-snippet":"max-snippet:-1","max-image-preview":"max-image-preview:large","max-video-preview":"max-video-preview:-1"},"canonical":"https:\/\/ponteseditores.com.br\/loja3\/pontes-editores-home-2__trashed\/letramento\/praticas-de-multiletramentos-e-letramento-critico-outros-sentidos-para-a-sala-de-aula-de-linguas-col-npla-vol-47\/","og_locale":"pt_BR","og_type":"article","og_title":"Pr\u00e1ticas de Multiletramentos e Letramento Cr\u00edtico: Outros Sentidos  para a Sala de Aula de L\u00ednguas - Col NPLA Vol 47 - Pontes Editores","og_description":"Pr\u00e1ticas de multiletramentos e letramento cr\u00edtico: novos sentidos para a sala de aula de l\u00ednguas, organizado por D\u00e1nie Marcelo de Jesus e Divanize Carbonieri, encarta valiosas contribui\u00e7\u00f5es para aqueles interessados em se debru\u00e7ar na seara dos estudos de multiletramentos produzidos no contexto brasileiro. Os artigos tratam de avalia\u00e7\u00e3o, ensino de l\u00edngua na escola p\u00fablica, ensino [&hellip;]","og_url":"https:\/\/ponteseditores.com.br\/loja3\/pontes-editores-home-2__trashed\/letramento\/praticas-de-multiletramentos-e-letramento-critico-outros-sentidos-para-a-sala-de-aula-de-linguas-col-npla-vol-47\/","og_site_name":"Pontes Editores","article_modified_time":"2026-03-05T21:27:15+00:00","og_image":[{"width":499,"height":768,"url":"https:\/\/ponteseditores.com.br\/loja3\/wp-content\/uploads\/2023\/12\/CAPA20multi.jpg","type":"image\/jpeg"}],"twitter_card":"summary_large_image","twitter_misc":{"Est. tempo de leitura":"1 minuto"},"schema":{"@context":"https:\/\/schema.org","@graph":[{"@type":"WebPage","@id":"https:\/\/ponteseditores.com.br\/loja3\/pontes-editores-home-2__trashed\/letramento\/praticas-de-multiletramentos-e-letramento-critico-outros-sentidos-para-a-sala-de-aula-de-linguas-col-npla-vol-47\/","url":"https:\/\/ponteseditores.com.br\/loja3\/pontes-editores-home-2__trashed\/letramento\/praticas-de-multiletramentos-e-letramento-critico-outros-sentidos-para-a-sala-de-aula-de-linguas-col-npla-vol-47\/","name":"Pr\u00e1ticas de Multiletramentos e Letramento Cr\u00edtico: Outros Sentidos para a Sala de Aula de L\u00ednguas - Col NPLA Vol 47 - Pontes Editores","isPartOf":{"@id":"https:\/\/ponteseditores.com.br\/loja3\/#website"},"primaryImageOfPage":{"@id":"https:\/\/ponteseditores.com.br\/loja3\/pontes-editores-home-2__trashed\/letramento\/praticas-de-multiletramentos-e-letramento-critico-outros-sentidos-para-a-sala-de-aula-de-linguas-col-npla-vol-47\/#primaryimage"},"image":{"@id":"https:\/\/ponteseditores.com.br\/loja3\/pontes-editores-home-2__trashed\/letramento\/praticas-de-multiletramentos-e-letramento-critico-outros-sentidos-para-a-sala-de-aula-de-linguas-col-npla-vol-47\/#primaryimage"},"thumbnailUrl":"https:\/\/ponteseditores.com.br\/loja3\/wp-content\/uploads\/2023\/12\/CAPA20multi.jpg","datePublished":"2023-12-15T03:52:19+00:00","dateModified":"2026-03-05T21:27:15+00:00","breadcrumb":{"@id":"https:\/\/ponteseditores.com.br\/loja3\/pontes-editores-home-2__trashed\/letramento\/praticas-de-multiletramentos-e-letramento-critico-outros-sentidos-para-a-sala-de-aula-de-linguas-col-npla-vol-47\/#breadcrumb"},"inLanguage":"pt-BR","potentialAction":[{"@type":"ReadAction","target":["https:\/\/ponteseditores.com.br\/loja3\/pontes-editores-home-2__trashed\/letramento\/praticas-de-multiletramentos-e-letramento-critico-outros-sentidos-para-a-sala-de-aula-de-linguas-col-npla-vol-47\/"]}]},{"@type":"ImageObject","inLanguage":"pt-BR","@id":"https:\/\/ponteseditores.com.br\/loja3\/pontes-editores-home-2__trashed\/letramento\/praticas-de-multiletramentos-e-letramento-critico-outros-sentidos-para-a-sala-de-aula-de-linguas-col-npla-vol-47\/#primaryimage","url":"https:\/\/ponteseditores.com.br\/loja3\/wp-content\/uploads\/2023\/12\/CAPA20multi.jpg","contentUrl":"https:\/\/ponteseditores.com.br\/loja3\/wp-content\/uploads\/2023\/12\/CAPA20multi.jpg","width":499,"height":768},{"@type":"BreadcrumbList","@id":"https:\/\/ponteseditores.com.br\/loja3\/pontes-editores-home-2__trashed\/letramento\/praticas-de-multiletramentos-e-letramento-critico-outros-sentidos-para-a-sala-de-aula-de-linguas-col-npla-vol-47\/#breadcrumb","itemListElement":[{"@type":"ListItem","position":1,"name":"Home","item":"https:\/\/ponteseditores.com.br\/loja3\/"},{"@type":"ListItem","position":2,"name":"loja","item":"https:\/\/ponteseditores.com.br\/loja3\/loja\/"},{"@type":"ListItem","position":3,"name":"Pr\u00e1ticas de Multiletramentos e Letramento Cr\u00edtico: Outros Sentidos para a Sala de Aula de L\u00ednguas &#8211; Col NPLA Vol 47"}]},{"@type":"WebSite","@id":"https:\/\/ponteseditores.com.br\/loja3\/#website","url":"https:\/\/ponteseditores.com.br\/loja3\/","name":"Pontes Editores","description":"Pontes Editores","publisher":{"@id":"https:\/\/ponteseditores.com.br\/loja3\/#organization"},"potentialAction":[{"@type":"SearchAction","target":{"@type":"EntryPoint","urlTemplate":"https:\/\/ponteseditores.com.br\/loja3\/?s={search_term_string}"},"query-input":{"@type":"PropertyValueSpecification","valueRequired":true,"valueName":"search_term_string"}}],"inLanguage":"pt-BR"},{"@type":"Organization","@id":"https:\/\/ponteseditores.com.br\/loja3\/#organization","name":"Pontes Editores","url":"https:\/\/ponteseditores.com.br\/loja3\/","logo":{"@type":"ImageObject","inLanguage":"pt-BR","@id":"https:\/\/ponteseditores.com.br\/loja3\/#\/schema\/logo\/image\/","url":"https:\/\/ponteseditores.com.br\/loja3\/wp-content\/uploads\/2023\/12\/logo-pontes-editores-v2.png","contentUrl":"https:\/\/ponteseditores.com.br\/loja3\/wp-content\/uploads\/2023\/12\/logo-pontes-editores-v2.png","width":258,"height":100,"caption":"Pontes Editores"},"image":{"@id":"https:\/\/ponteseditores.com.br\/loja3\/#\/schema\/logo\/image\/"}}]}},"_links":{"self":[{"href":"https:\/\/ponteseditores.com.br\/loja3\/wp-json\/wp\/v2\/product\/7573","targetHints":{"allow":["GET"]}}],"collection":[{"href":"https:\/\/ponteseditores.com.br\/loja3\/wp-json\/wp\/v2\/product"}],"about":[{"href":"https:\/\/ponteseditores.com.br\/loja3\/wp-json\/wp\/v2\/types\/product"}],"replies":[{"embeddable":true,"href":"https:\/\/ponteseditores.com.br\/loja3\/wp-json\/wp\/v2\/comments?post=7573"}],"version-history":[{"count":0,"href":"https:\/\/ponteseditores.com.br\/loja3\/wp-json\/wp\/v2\/product\/7573\/revisions"}],"wp:featuredmedia":[{"embeddable":true,"href":"https:\/\/ponteseditores.com.br\/loja3\/wp-json\/wp\/v2\/media\/7572"}],"wp:attachment":[{"href":"https:\/\/ponteseditores.com.br\/loja3\/wp-json\/wp\/v2\/media?parent=7573"}],"wp:term":[{"taxonomy":"product_brand","embeddable":true,"href":"https:\/\/ponteseditores.com.br\/loja3\/wp-json\/wp\/v2\/product_brand?post=7573"},{"taxonomy":"product_cat","embeddable":true,"href":"https:\/\/ponteseditores.com.br\/loja3\/wp-json\/wp\/v2\/product_cat?post=7573"},{"taxonomy":"product_tag","embeddable":true,"href":"https:\/\/ponteseditores.com.br\/loja3\/wp-json\/wp\/v2\/product_tag?post=7573"}],"curies":[{"name":"wp","href":"https:\/\/api.w.org\/{rel}","templated":true}]}}