{"id":7567,"date":"2023-12-15T00:52:18","date_gmt":"2023-12-15T03:52:18","guid":{"rendered":"https:\/\/ponteseditores.com.br\/loja3\/pontes-editores-home-2__trashed\/sem%20categoria\/dominios-e-dispositivos-tecnicos-tecnologicos-e-das-tecnologias-em-discurso-a-formacao-dos-conceitos-vol-12\/"},"modified":"2023-12-15T11:55:36","modified_gmt":"2023-12-15T14:55:36","slug":"dominios-e-dispositivos-tecnicos-tecnologicos-e-das-tecnologias-em-discurso-a-formacao-dos-conceitos-vol-12","status":"publish","type":"product","link":"https:\/\/ponteseditores.com.br\/loja3\/pontes-editores-home-2__trashed\/linguistica\/dominios-e-dispositivos-tecnicos-tecnologicos-e-das-tecnologias-em-discurso-a-formacao-dos-conceitos-vol-12\/","title":{"rendered":"DOM\u00cdNIOS E DISPOSITIVOS  T\u00c9CNICOS, TECNOL\u00d3GICOS E DAS TECNOLOGIAS E(M) DISCURSO: A Forma\u00e7\u00e3o dos Conceitos vol 12"},"content":{"rendered":"<p>O que temos nas m\u00e3os \u00e9 um trabalho que muito contribui para a reflex\u00e3o das quest\u00f5es a respeito da forma\u00e7\u00e3o dos conceitos e da An\u00e1lise do Discurso de linha francesa, parafraseando Foucault vejo, que a reuni\u00e3o de pesquisas aqui, buscou reconhecer ordens discursivas, que tomadas como atuais, contempor\u00e2neas ou &#8220;novas&#8221;, reaparecem, dissociam-se, recomp\u00f5em-se, ganham contorno &#8220;ou conceitos&#8221; de novidade e, novidade dos dom\u00ednios t\u00e9cnico-tecnol\u00f3gicos, como uma urg\u00eancia dessa &#8220;dispers\u00e3o an\u00f4nima [&#8230;] que caracteriza um  tipo de discurso e que define, entre os conceitos, formas de dedu\u00e7\u00e3o, de deriva\u00e7\u00e3o, de coer\u00eancia, e, tamb\u00e9m de incompatibilidade, de entrecruzamento, de exclus\u00e3o, de altera\u00e7\u00e3o rec\u00edproca, de deslocamento, etc.&#8221; (FOUCAULT, 2012, p. 71) Portanto, esta breve retomada dos conceitos e discursos acerca dos dispositivos t\u00e9cnicos e das tecnologias, ajusta os dizeres e os olhares entrecruzados, rec\u00edprocos e deslocados do hoje, para interrogarmos nossas formas de pensar e de compreender nossos tempos.<\/p>\n<p>Giovanna Benedetto Flores<\/p>\n","protected":false},"excerpt":{"rendered":"<p>O que temos nas m\u00e3os \u00e9 um trabalho que muito contribui para a reflex\u00e3o das quest\u00f5es a respeito da forma\u00e7\u00e3o dos conceitos e da An\u00e1lise do Discurso de linha francesa, parafraseando Foucault vejo, que a reuni\u00e3o de pesquisas aqui, buscou reconhecer ordens discursivas, que tomadas como atuais, contempor\u00e2neas ou &#8220;novas&#8221;, reaparecem, dissociam-se, recomp\u00f5em-se, ganham contorno [&hellip;]<\/p>\n","protected":false},"featured_media":7566,"comment_status":"open","ping_status":"closed","template":"","meta":{"_joinchat":[]},"product_brand":[],"product_cat":[301,281,31],"product_tag":[],"class_list":{"0":"post-7567","1":"product","2":"type-product","3":"status-publish","4":"has-post-thumbnail","6":"product_cat-analise-de-discurso","7":"product_cat-linguagem-e-sociedade","8":"product_cat-linguistica","9":"product_shipping_class-livro-pontes-editores-fisico","11":"first","12":"instock","13":"shipping-taxable","14":"purchasable","15":"product-type-simple"},"yoast_head":"<!-- This site is optimized with the Yoast SEO plugin v27.4 - https:\/\/yoast.com\/product\/yoast-seo-wordpress\/ -->\n<title>DOM\u00cdNIOS E DISPOSITIVOS T\u00c9CNICOS, TECNOL\u00d3GICOS E DAS TECNOLOGIAS E(M) DISCURSO: A Forma\u00e7\u00e3o dos Conceitos vol 12 - Pontes Editores<\/title>\n<meta name=\"robots\" content=\"index, follow, max-snippet:-1, max-image-preview:large, max-video-preview:-1\" \/>\n<link rel=\"canonical\" href=\"https:\/\/ponteseditores.com.br\/loja3\/pontes-editores-home-2__trashed\/linguistica\/dominios-e-dispositivos-tecnicos-tecnologicos-e-das-tecnologias-em-discurso-a-formacao-dos-conceitos-vol-12\/\" \/>\n<meta property=\"og:locale\" content=\"pt_BR\" \/>\n<meta property=\"og:type\" content=\"article\" \/>\n<meta property=\"og:title\" content=\"DOM\u00cdNIOS E DISPOSITIVOS T\u00c9CNICOS, TECNOL\u00d3GICOS E DAS TECNOLOGIAS E(M) DISCURSO: A Forma\u00e7\u00e3o dos Conceitos vol 12 - Pontes Editores\" \/>\n<meta property=\"og:description\" content=\"O que temos nas m\u00e3os \u00e9 um trabalho que muito contribui para a reflex\u00e3o das quest\u00f5es a respeito da forma\u00e7\u00e3o dos conceitos e da An\u00e1lise do Discurso de linha francesa, parafraseando Foucault vejo, que a reuni\u00e3o de pesquisas aqui, buscou reconhecer ordens discursivas, que tomadas como atuais, contempor\u00e2neas ou &#8220;novas&#8221;, reaparecem, dissociam-se, recomp\u00f5em-se, ganham contorno [&hellip;]\" \/>\n<meta property=\"og:url\" content=\"https:\/\/ponteseditores.com.br\/loja3\/pontes-editores-home-2__trashed\/linguistica\/dominios-e-dispositivos-tecnicos-tecnologicos-e-das-tecnologias-em-discurso-a-formacao-dos-conceitos-vol-12\/\" \/>\n<meta property=\"og:site_name\" content=\"Pontes Editores\" \/>\n<meta property=\"article:modified_time\" content=\"2023-12-15T14:55:36+00:00\" \/>\n<meta property=\"og:image\" content=\"https:\/\/ponteseditores.com.br\/loja3\/wp-content\/uploads\/2023\/12\/dom1-1.jpg\" \/>\n\t<meta property=\"og:image:width\" content=\"377\" \/>\n\t<meta property=\"og:image:height\" content=\"600\" \/>\n\t<meta property=\"og:image:type\" content=\"image\/jpeg\" \/>\n<meta name=\"twitter:card\" content=\"summary_large_image\" \/>\n<meta name=\"twitter:label1\" content=\"Est. tempo de leitura\" \/>\n\t<meta name=\"twitter:data1\" content=\"1 minuto\" \/>\n<script type=\"application\/ld+json\" class=\"yoast-schema-graph\">{\"@context\":\"https:\\\/\\\/schema.org\",\"@graph\":[{\"@type\":\"WebPage\",\"@id\":\"https:\\\/\\\/ponteseditores.com.br\\\/loja3\\\/pontes-editores-home-2__trashed\\\/linguistica\\\/dominios-e-dispositivos-tecnicos-tecnologicos-e-das-tecnologias-em-discurso-a-formacao-dos-conceitos-vol-12\\\/\",\"url\":\"https:\\\/\\\/ponteseditores.com.br\\\/loja3\\\/pontes-editores-home-2__trashed\\\/linguistica\\\/dominios-e-dispositivos-tecnicos-tecnologicos-e-das-tecnologias-em-discurso-a-formacao-dos-conceitos-vol-12\\\/\",\"name\":\"DOM\u00cdNIOS E DISPOSITIVOS T\u00c9CNICOS, TECNOL\u00d3GICOS E DAS TECNOLOGIAS E(M) DISCURSO: A Forma\u00e7\u00e3o dos Conceitos vol 12 - Pontes Editores\",\"isPartOf\":{\"@id\":\"https:\\\/\\\/ponteseditores.com.br\\\/loja3\\\/#website\"},\"primaryImageOfPage\":{\"@id\":\"https:\\\/\\\/ponteseditores.com.br\\\/loja3\\\/pontes-editores-home-2__trashed\\\/linguistica\\\/dominios-e-dispositivos-tecnicos-tecnologicos-e-das-tecnologias-em-discurso-a-formacao-dos-conceitos-vol-12\\\/#primaryimage\"},\"image\":{\"@id\":\"https:\\\/\\\/ponteseditores.com.br\\\/loja3\\\/pontes-editores-home-2__trashed\\\/linguistica\\\/dominios-e-dispositivos-tecnicos-tecnologicos-e-das-tecnologias-em-discurso-a-formacao-dos-conceitos-vol-12\\\/#primaryimage\"},\"thumbnailUrl\":\"https:\\\/\\\/ponteseditores.com.br\\\/loja3\\\/wp-content\\\/uploads\\\/2023\\\/12\\\/dom1-1.jpg\",\"datePublished\":\"2023-12-15T03:52:18+00:00\",\"dateModified\":\"2023-12-15T14:55:36+00:00\",\"breadcrumb\":{\"@id\":\"https:\\\/\\\/ponteseditores.com.br\\\/loja3\\\/pontes-editores-home-2__trashed\\\/linguistica\\\/dominios-e-dispositivos-tecnicos-tecnologicos-e-das-tecnologias-em-discurso-a-formacao-dos-conceitos-vol-12\\\/#breadcrumb\"},\"inLanguage\":\"pt-BR\",\"potentialAction\":[{\"@type\":\"ReadAction\",\"target\":[\"https:\\\/\\\/ponteseditores.com.br\\\/loja3\\\/pontes-editores-home-2__trashed\\\/linguistica\\\/dominios-e-dispositivos-tecnicos-tecnologicos-e-das-tecnologias-em-discurso-a-formacao-dos-conceitos-vol-12\\\/\"]}]},{\"@type\":\"ImageObject\",\"inLanguage\":\"pt-BR\",\"@id\":\"https:\\\/\\\/ponteseditores.com.br\\\/loja3\\\/pontes-editores-home-2__trashed\\\/linguistica\\\/dominios-e-dispositivos-tecnicos-tecnologicos-e-das-tecnologias-em-discurso-a-formacao-dos-conceitos-vol-12\\\/#primaryimage\",\"url\":\"https:\\\/\\\/ponteseditores.com.br\\\/loja3\\\/wp-content\\\/uploads\\\/2023\\\/12\\\/dom1-1.jpg\",\"contentUrl\":\"https:\\\/\\\/ponteseditores.com.br\\\/loja3\\\/wp-content\\\/uploads\\\/2023\\\/12\\\/dom1-1.jpg\",\"width\":377,\"height\":600},{\"@type\":\"BreadcrumbList\",\"@id\":\"https:\\\/\\\/ponteseditores.com.br\\\/loja3\\\/pontes-editores-home-2__trashed\\\/linguistica\\\/dominios-e-dispositivos-tecnicos-tecnologicos-e-das-tecnologias-em-discurso-a-formacao-dos-conceitos-vol-12\\\/#breadcrumb\",\"itemListElement\":[{\"@type\":\"ListItem\",\"position\":1,\"name\":\"Home\",\"item\":\"https:\\\/\\\/ponteseditores.com.br\\\/loja3\\\/\"},{\"@type\":\"ListItem\",\"position\":2,\"name\":\"loja\",\"item\":\"https:\\\/\\\/ponteseditores.com.br\\\/loja3\\\/loja\\\/\"},{\"@type\":\"ListItem\",\"position\":3,\"name\":\"DOM\u00cdNIOS E DISPOSITIVOS T\u00c9CNICOS, TECNOL\u00d3GICOS E DAS TECNOLOGIAS E(M) DISCURSO: A Forma\u00e7\u00e3o dos Conceitos vol 12\"}]},{\"@type\":\"WebSite\",\"@id\":\"https:\\\/\\\/ponteseditores.com.br\\\/loja3\\\/#website\",\"url\":\"https:\\\/\\\/ponteseditores.com.br\\\/loja3\\\/\",\"name\":\"Pontes Editores\",\"description\":\"Pontes Editores\",\"publisher\":{\"@id\":\"https:\\\/\\\/ponteseditores.com.br\\\/loja3\\\/#organization\"},\"potentialAction\":[{\"@type\":\"SearchAction\",\"target\":{\"@type\":\"EntryPoint\",\"urlTemplate\":\"https:\\\/\\\/ponteseditores.com.br\\\/loja3\\\/?s={search_term_string}\"},\"query-input\":{\"@type\":\"PropertyValueSpecification\",\"valueRequired\":true,\"valueName\":\"search_term_string\"}}],\"inLanguage\":\"pt-BR\"},{\"@type\":\"Organization\",\"@id\":\"https:\\\/\\\/ponteseditores.com.br\\\/loja3\\\/#organization\",\"name\":\"Pontes Editores\",\"url\":\"https:\\\/\\\/ponteseditores.com.br\\\/loja3\\\/\",\"logo\":{\"@type\":\"ImageObject\",\"inLanguage\":\"pt-BR\",\"@id\":\"https:\\\/\\\/ponteseditores.com.br\\\/loja3\\\/#\\\/schema\\\/logo\\\/image\\\/\",\"url\":\"https:\\\/\\\/ponteseditores.com.br\\\/loja3\\\/wp-content\\\/uploads\\\/2023\\\/12\\\/logo-pontes-editores-v2.png\",\"contentUrl\":\"https:\\\/\\\/ponteseditores.com.br\\\/loja3\\\/wp-content\\\/uploads\\\/2023\\\/12\\\/logo-pontes-editores-v2.png\",\"width\":258,\"height\":100,\"caption\":\"Pontes Editores\"},\"image\":{\"@id\":\"https:\\\/\\\/ponteseditores.com.br\\\/loja3\\\/#\\\/schema\\\/logo\\\/image\\\/\"}}]}<\/script>\n<!-- \/ Yoast SEO plugin. -->","yoast_head_json":{"title":"DOM\u00cdNIOS E DISPOSITIVOS T\u00c9CNICOS, TECNOL\u00d3GICOS E DAS TECNOLOGIAS E(M) DISCURSO: A Forma\u00e7\u00e3o dos Conceitos vol 12 - Pontes Editores","robots":{"index":"index","follow":"follow","max-snippet":"max-snippet:-1","max-image-preview":"max-image-preview:large","max-video-preview":"max-video-preview:-1"},"canonical":"https:\/\/ponteseditores.com.br\/loja3\/pontes-editores-home-2__trashed\/linguistica\/dominios-e-dispositivos-tecnicos-tecnologicos-e-das-tecnologias-em-discurso-a-formacao-dos-conceitos-vol-12\/","og_locale":"pt_BR","og_type":"article","og_title":"DOM\u00cdNIOS E DISPOSITIVOS T\u00c9CNICOS, TECNOL\u00d3GICOS E DAS TECNOLOGIAS E(M) DISCURSO: A Forma\u00e7\u00e3o dos Conceitos vol 12 - Pontes Editores","og_description":"O que temos nas m\u00e3os \u00e9 um trabalho que muito contribui para a reflex\u00e3o das quest\u00f5es a respeito da forma\u00e7\u00e3o dos conceitos e da An\u00e1lise do Discurso de linha francesa, parafraseando Foucault vejo, que a reuni\u00e3o de pesquisas aqui, buscou reconhecer ordens discursivas, que tomadas como atuais, contempor\u00e2neas ou &#8220;novas&#8221;, reaparecem, dissociam-se, recomp\u00f5em-se, ganham contorno [&hellip;]","og_url":"https:\/\/ponteseditores.com.br\/loja3\/pontes-editores-home-2__trashed\/linguistica\/dominios-e-dispositivos-tecnicos-tecnologicos-e-das-tecnologias-em-discurso-a-formacao-dos-conceitos-vol-12\/","og_site_name":"Pontes Editores","article_modified_time":"2023-12-15T14:55:36+00:00","og_image":[{"width":377,"height":600,"url":"https:\/\/ponteseditores.com.br\/loja3\/wp-content\/uploads\/2023\/12\/dom1-1.jpg","type":"image\/jpeg"}],"twitter_card":"summary_large_image","twitter_misc":{"Est. tempo de leitura":"1 minuto"},"schema":{"@context":"https:\/\/schema.org","@graph":[{"@type":"WebPage","@id":"https:\/\/ponteseditores.com.br\/loja3\/pontes-editores-home-2__trashed\/linguistica\/dominios-e-dispositivos-tecnicos-tecnologicos-e-das-tecnologias-em-discurso-a-formacao-dos-conceitos-vol-12\/","url":"https:\/\/ponteseditores.com.br\/loja3\/pontes-editores-home-2__trashed\/linguistica\/dominios-e-dispositivos-tecnicos-tecnologicos-e-das-tecnologias-em-discurso-a-formacao-dos-conceitos-vol-12\/","name":"DOM\u00cdNIOS E DISPOSITIVOS T\u00c9CNICOS, TECNOL\u00d3GICOS E DAS TECNOLOGIAS E(M) DISCURSO: A Forma\u00e7\u00e3o dos Conceitos vol 12 - Pontes Editores","isPartOf":{"@id":"https:\/\/ponteseditores.com.br\/loja3\/#website"},"primaryImageOfPage":{"@id":"https:\/\/ponteseditores.com.br\/loja3\/pontes-editores-home-2__trashed\/linguistica\/dominios-e-dispositivos-tecnicos-tecnologicos-e-das-tecnologias-em-discurso-a-formacao-dos-conceitos-vol-12\/#primaryimage"},"image":{"@id":"https:\/\/ponteseditores.com.br\/loja3\/pontes-editores-home-2__trashed\/linguistica\/dominios-e-dispositivos-tecnicos-tecnologicos-e-das-tecnologias-em-discurso-a-formacao-dos-conceitos-vol-12\/#primaryimage"},"thumbnailUrl":"https:\/\/ponteseditores.com.br\/loja3\/wp-content\/uploads\/2023\/12\/dom1-1.jpg","datePublished":"2023-12-15T03:52:18+00:00","dateModified":"2023-12-15T14:55:36+00:00","breadcrumb":{"@id":"https:\/\/ponteseditores.com.br\/loja3\/pontes-editores-home-2__trashed\/linguistica\/dominios-e-dispositivos-tecnicos-tecnologicos-e-das-tecnologias-em-discurso-a-formacao-dos-conceitos-vol-12\/#breadcrumb"},"inLanguage":"pt-BR","potentialAction":[{"@type":"ReadAction","target":["https:\/\/ponteseditores.com.br\/loja3\/pontes-editores-home-2__trashed\/linguistica\/dominios-e-dispositivos-tecnicos-tecnologicos-e-das-tecnologias-em-discurso-a-formacao-dos-conceitos-vol-12\/"]}]},{"@type":"ImageObject","inLanguage":"pt-BR","@id":"https:\/\/ponteseditores.com.br\/loja3\/pontes-editores-home-2__trashed\/linguistica\/dominios-e-dispositivos-tecnicos-tecnologicos-e-das-tecnologias-em-discurso-a-formacao-dos-conceitos-vol-12\/#primaryimage","url":"https:\/\/ponteseditores.com.br\/loja3\/wp-content\/uploads\/2023\/12\/dom1-1.jpg","contentUrl":"https:\/\/ponteseditores.com.br\/loja3\/wp-content\/uploads\/2023\/12\/dom1-1.jpg","width":377,"height":600},{"@type":"BreadcrumbList","@id":"https:\/\/ponteseditores.com.br\/loja3\/pontes-editores-home-2__trashed\/linguistica\/dominios-e-dispositivos-tecnicos-tecnologicos-e-das-tecnologias-em-discurso-a-formacao-dos-conceitos-vol-12\/#breadcrumb","itemListElement":[{"@type":"ListItem","position":1,"name":"Home","item":"https:\/\/ponteseditores.com.br\/loja3\/"},{"@type":"ListItem","position":2,"name":"loja","item":"https:\/\/ponteseditores.com.br\/loja3\/loja\/"},{"@type":"ListItem","position":3,"name":"DOM\u00cdNIOS E DISPOSITIVOS T\u00c9CNICOS, TECNOL\u00d3GICOS E DAS TECNOLOGIAS E(M) DISCURSO: A Forma\u00e7\u00e3o dos Conceitos vol 12"}]},{"@type":"WebSite","@id":"https:\/\/ponteseditores.com.br\/loja3\/#website","url":"https:\/\/ponteseditores.com.br\/loja3\/","name":"Pontes Editores","description":"Pontes Editores","publisher":{"@id":"https:\/\/ponteseditores.com.br\/loja3\/#organization"},"potentialAction":[{"@type":"SearchAction","target":{"@type":"EntryPoint","urlTemplate":"https:\/\/ponteseditores.com.br\/loja3\/?s={search_term_string}"},"query-input":{"@type":"PropertyValueSpecification","valueRequired":true,"valueName":"search_term_string"}}],"inLanguage":"pt-BR"},{"@type":"Organization","@id":"https:\/\/ponteseditores.com.br\/loja3\/#organization","name":"Pontes Editores","url":"https:\/\/ponteseditores.com.br\/loja3\/","logo":{"@type":"ImageObject","inLanguage":"pt-BR","@id":"https:\/\/ponteseditores.com.br\/loja3\/#\/schema\/logo\/image\/","url":"https:\/\/ponteseditores.com.br\/loja3\/wp-content\/uploads\/2023\/12\/logo-pontes-editores-v2.png","contentUrl":"https:\/\/ponteseditores.com.br\/loja3\/wp-content\/uploads\/2023\/12\/logo-pontes-editores-v2.png","width":258,"height":100,"caption":"Pontes Editores"},"image":{"@id":"https:\/\/ponteseditores.com.br\/loja3\/#\/schema\/logo\/image\/"}}]}},"_links":{"self":[{"href":"https:\/\/ponteseditores.com.br\/loja3\/wp-json\/wp\/v2\/product\/7567","targetHints":{"allow":["GET"]}}],"collection":[{"href":"https:\/\/ponteseditores.com.br\/loja3\/wp-json\/wp\/v2\/product"}],"about":[{"href":"https:\/\/ponteseditores.com.br\/loja3\/wp-json\/wp\/v2\/types\/product"}],"replies":[{"embeddable":true,"href":"https:\/\/ponteseditores.com.br\/loja3\/wp-json\/wp\/v2\/comments?post=7567"}],"version-history":[{"count":0,"href":"https:\/\/ponteseditores.com.br\/loja3\/wp-json\/wp\/v2\/product\/7567\/revisions"}],"wp:featuredmedia":[{"embeddable":true,"href":"https:\/\/ponteseditores.com.br\/loja3\/wp-json\/wp\/v2\/media\/7566"}],"wp:attachment":[{"href":"https:\/\/ponteseditores.com.br\/loja3\/wp-json\/wp\/v2\/media?parent=7567"}],"wp:term":[{"taxonomy":"product_brand","embeddable":true,"href":"https:\/\/ponteseditores.com.br\/loja3\/wp-json\/wp\/v2\/product_brand?post=7567"},{"taxonomy":"product_cat","embeddable":true,"href":"https:\/\/ponteseditores.com.br\/loja3\/wp-json\/wp\/v2\/product_cat?post=7567"},{"taxonomy":"product_tag","embeddable":true,"href":"https:\/\/ponteseditores.com.br\/loja3\/wp-json\/wp\/v2\/product_tag?post=7567"}],"curies":[{"name":"wp","href":"https:\/\/api.w.org\/{rel}","templated":true}]}}