{"id":7559,"date":"2023-12-15T00:52:11","date_gmt":"2023-12-15T03:52:11","guid":{"rendered":"https:\/\/ponteseditores.com.br\/loja3\/pontes-editores-home-2__trashed\/sem%20categoria\/importancia-do-vocabulario-na-aprendizagem-de-linguas-memoria-crencas-e-estrategias-para-a-aprendizagem-de-novos-itens-lexicais-col-npla-vol-38\/"},"modified":"2025-01-09T09:25:22","modified_gmt":"2025-01-09T12:25:22","slug":"importancia-do-vocabulario-na-aprendizagem-de-linguas-memoria-crencas-e-estrategias-para-a-aprendizagem-de-novos-itens-lexicais-col-npla-vol-38","status":"publish","type":"product","link":"https:\/\/ponteseditores.com.br\/loja3\/pontes-editores-home-2__trashed\/linguistica\/importancia-do-vocabulario-na-aprendizagem-de-linguas-memoria-crencas-e-estrategias-para-a-aprendizagem-de-novos-itens-lexicais-col-npla-vol-38\/","title":{"rendered":"Import\u00e2ncia do Vocabul\u00e1rio na Aprendizagem de L\u00ednguas: Mem\u00f3ria, Cren\u00e7as e Estrat\u00e9gias   para a Aprendizagem de Novos Itens Lexicais &#8211; Col NPLA Vol 38"},"content":{"rendered":"<p>A respeito de seu livro, \u201cAs cidades invis\u00edveis\u201d, \u00cdtalo Calvino afirma ser a obra em que pensa ter dito mais coisas, talvez porque tenha conseguido, segundo ele, concentrar num \u00fanico s\u00edmbolo, todas as suas reflex\u00f5es, experi\u00eancias e conjecturas. Nesta obra, Calvino faz com que a cidade deixe de ser um mero conceito geogr\u00e1fico para representar a exist\u00eancia humana, em toda a sua inesgot\u00e1vel complexidade. Assim tamb\u00e9m acontece com o nosso fazer pedag\u00f3gico, profissional e cient\u00edfico a partir da leitura desta obra prima de autoria da colega Mariney Pereira Concei\u00e7\u00e3o. Que possamos, voc\u00ea e eu, como leitores deste enriquecedor livro, percorrer todas as cidades que nossas leituras nos permitam (re)visitar. Em meio \u00e0s instigantes reflex\u00f5es trazidas pela obra em torno de uma das quest\u00f5es que t\u00eam despertado o interesse de pesquisadores da lingua(gem), a aquisi\u00e7\u00e3o de vocabul\u00e1rio na aprendizagem de l\u00ednguas, que possamos todos nos sentir revigorados para continuar trilhando nossos caminhos em favor de uma educa\u00e7\u00e3o de natureza transformadora e emancipat\u00f3ria, voltada para o pensar e para o fazer cr\u00edtico na contemporaneidade.<\/p>\n<p>Kleber Aparecido da Silva<\/p>\n","protected":false},"excerpt":{"rendered":"<p>A respeito de seu livro, \u201cAs cidades invis\u00edveis\u201d, \u00cdtalo Calvino afirma ser a obra em que pensa ter dito mais coisas, talvez porque tenha conseguido, segundo ele, concentrar num \u00fanico s\u00edmbolo, todas as suas reflex\u00f5es, experi\u00eancias e conjecturas. Nesta obra, Calvino faz com que a cidade deixe de ser um mero conceito geogr\u00e1fico para representar [&hellip;]<\/p>\n","protected":false},"featured_media":7558,"comment_status":"open","ping_status":"closed","template":"","meta":{"_joinchat":[]},"product_brand":[],"product_cat":[288,31,280],"product_tag":[],"class_list":{"0":"post-7559","1":"product","2":"type-product","3":"status-publish","4":"has-post-thumbnail","6":"product_cat-ensino-e-aprendizagem","7":"product_cat-linguistica","8":"product_cat-npla","9":"product_shipping_class-livro-pontes-editores-fisico","11":"first","12":"instock","13":"shipping-taxable","14":"purchasable","15":"product-type-simple"},"yoast_head":"<!-- This site is optimized with the Yoast SEO plugin v27.4 - https:\/\/yoast.com\/product\/yoast-seo-wordpress\/ -->\n<title>Import\u00e2ncia do Vocabul\u00e1rio na Aprendizagem de L\u00ednguas: Mem\u00f3ria, Cren\u00e7as e Estrat\u00e9gias  para a Aprendizagem de Novos Itens Lexicais - Col NPLA Vol 38 - Pontes Editores<\/title>\n<meta name=\"robots\" content=\"index, follow, max-snippet:-1, max-image-preview:large, max-video-preview:-1\" \/>\n<link rel=\"canonical\" href=\"https:\/\/ponteseditores.com.br\/loja3\/pontes-editores-home-2__trashed\/linguistica\/importancia-do-vocabulario-na-aprendizagem-de-linguas-memoria-crencas-e-estrategias-para-a-aprendizagem-de-novos-itens-lexicais-col-npla-vol-38\/\" \/>\n<meta property=\"og:locale\" content=\"pt_BR\" \/>\n<meta property=\"og:type\" content=\"article\" \/>\n<meta property=\"og:title\" content=\"Import\u00e2ncia do Vocabul\u00e1rio na Aprendizagem de L\u00ednguas: Mem\u00f3ria, Cren\u00e7as e Estrat\u00e9gias  para a Aprendizagem de Novos Itens Lexicais - Col NPLA Vol 38 - Pontes Editores\" \/>\n<meta property=\"og:description\" content=\"A respeito de seu livro, \u201cAs cidades invis\u00edveis\u201d, \u00cdtalo Calvino afirma ser a obra em que pensa ter dito mais coisas, talvez porque tenha conseguido, segundo ele, concentrar num \u00fanico s\u00edmbolo, todas as suas reflex\u00f5es, experi\u00eancias e conjecturas. Nesta obra, Calvino faz com que a cidade deixe de ser um mero conceito geogr\u00e1fico para representar [&hellip;]\" \/>\n<meta property=\"og:url\" content=\"https:\/\/ponteseditores.com.br\/loja3\/pontes-editores-home-2__trashed\/linguistica\/importancia-do-vocabulario-na-aprendizagem-de-linguas-memoria-crencas-e-estrategias-para-a-aprendizagem-de-novos-itens-lexicais-col-npla-vol-38\/\" \/>\n<meta property=\"og:site_name\" content=\"Pontes Editores\" \/>\n<meta property=\"article:modified_time\" content=\"2025-01-09T12:25:22+00:00\" \/>\n<meta property=\"og:image\" content=\"https:\/\/ponteseditores.com.br\/loja3\/wp-content\/uploads\/2023\/12\/capavoc-1.jpg\" \/>\n\t<meta property=\"og:image:width\" content=\"492\" \/>\n\t<meta property=\"og:image:height\" content=\"768\" \/>\n\t<meta property=\"og:image:type\" content=\"image\/jpeg\" \/>\n<meta name=\"twitter:card\" content=\"summary_large_image\" \/>\n<meta name=\"twitter:label1\" content=\"Est. tempo de leitura\" \/>\n\t<meta name=\"twitter:data1\" content=\"1 minuto\" \/>\n<script type=\"application\/ld+json\" class=\"yoast-schema-graph\">{\"@context\":\"https:\\\/\\\/schema.org\",\"@graph\":[{\"@type\":\"WebPage\",\"@id\":\"https:\\\/\\\/ponteseditores.com.br\\\/loja3\\\/pontes-editores-home-2__trashed\\\/linguistica\\\/importancia-do-vocabulario-na-aprendizagem-de-linguas-memoria-crencas-e-estrategias-para-a-aprendizagem-de-novos-itens-lexicais-col-npla-vol-38\\\/\",\"url\":\"https:\\\/\\\/ponteseditores.com.br\\\/loja3\\\/pontes-editores-home-2__trashed\\\/linguistica\\\/importancia-do-vocabulario-na-aprendizagem-de-linguas-memoria-crencas-e-estrategias-para-a-aprendizagem-de-novos-itens-lexicais-col-npla-vol-38\\\/\",\"name\":\"Import\u00e2ncia do Vocabul\u00e1rio na Aprendizagem de L\u00ednguas: Mem\u00f3ria, Cren\u00e7as e Estrat\u00e9gias para a Aprendizagem de Novos Itens Lexicais - Col NPLA Vol 38 - Pontes Editores\",\"isPartOf\":{\"@id\":\"https:\\\/\\\/ponteseditores.com.br\\\/loja3\\\/#website\"},\"primaryImageOfPage\":{\"@id\":\"https:\\\/\\\/ponteseditores.com.br\\\/loja3\\\/pontes-editores-home-2__trashed\\\/linguistica\\\/importancia-do-vocabulario-na-aprendizagem-de-linguas-memoria-crencas-e-estrategias-para-a-aprendizagem-de-novos-itens-lexicais-col-npla-vol-38\\\/#primaryimage\"},\"image\":{\"@id\":\"https:\\\/\\\/ponteseditores.com.br\\\/loja3\\\/pontes-editores-home-2__trashed\\\/linguistica\\\/importancia-do-vocabulario-na-aprendizagem-de-linguas-memoria-crencas-e-estrategias-para-a-aprendizagem-de-novos-itens-lexicais-col-npla-vol-38\\\/#primaryimage\"},\"thumbnailUrl\":\"https:\\\/\\\/ponteseditores.com.br\\\/loja3\\\/wp-content\\\/uploads\\\/2023\\\/12\\\/capavoc-1.jpg\",\"datePublished\":\"2023-12-15T03:52:11+00:00\",\"dateModified\":\"2025-01-09T12:25:22+00:00\",\"breadcrumb\":{\"@id\":\"https:\\\/\\\/ponteseditores.com.br\\\/loja3\\\/pontes-editores-home-2__trashed\\\/linguistica\\\/importancia-do-vocabulario-na-aprendizagem-de-linguas-memoria-crencas-e-estrategias-para-a-aprendizagem-de-novos-itens-lexicais-col-npla-vol-38\\\/#breadcrumb\"},\"inLanguage\":\"pt-BR\",\"potentialAction\":[{\"@type\":\"ReadAction\",\"target\":[\"https:\\\/\\\/ponteseditores.com.br\\\/loja3\\\/pontes-editores-home-2__trashed\\\/linguistica\\\/importancia-do-vocabulario-na-aprendizagem-de-linguas-memoria-crencas-e-estrategias-para-a-aprendizagem-de-novos-itens-lexicais-col-npla-vol-38\\\/\"]}]},{\"@type\":\"ImageObject\",\"inLanguage\":\"pt-BR\",\"@id\":\"https:\\\/\\\/ponteseditores.com.br\\\/loja3\\\/pontes-editores-home-2__trashed\\\/linguistica\\\/importancia-do-vocabulario-na-aprendizagem-de-linguas-memoria-crencas-e-estrategias-para-a-aprendizagem-de-novos-itens-lexicais-col-npla-vol-38\\\/#primaryimage\",\"url\":\"https:\\\/\\\/ponteseditores.com.br\\\/loja3\\\/wp-content\\\/uploads\\\/2023\\\/12\\\/capavoc-1.jpg\",\"contentUrl\":\"https:\\\/\\\/ponteseditores.com.br\\\/loja3\\\/wp-content\\\/uploads\\\/2023\\\/12\\\/capavoc-1.jpg\",\"width\":492,\"height\":768},{\"@type\":\"BreadcrumbList\",\"@id\":\"https:\\\/\\\/ponteseditores.com.br\\\/loja3\\\/pontes-editores-home-2__trashed\\\/linguistica\\\/importancia-do-vocabulario-na-aprendizagem-de-linguas-memoria-crencas-e-estrategias-para-a-aprendizagem-de-novos-itens-lexicais-col-npla-vol-38\\\/#breadcrumb\",\"itemListElement\":[{\"@type\":\"ListItem\",\"position\":1,\"name\":\"Home\",\"item\":\"https:\\\/\\\/ponteseditores.com.br\\\/loja3\\\/\"},{\"@type\":\"ListItem\",\"position\":2,\"name\":\"loja\",\"item\":\"https:\\\/\\\/ponteseditores.com.br\\\/loja3\\\/loja\\\/\"},{\"@type\":\"ListItem\",\"position\":3,\"name\":\"Import\u00e2ncia do Vocabul\u00e1rio na Aprendizagem de L\u00ednguas: Mem\u00f3ria, Cren\u00e7as e Estrat\u00e9gias para a Aprendizagem de Novos Itens Lexicais &#8211; Col NPLA Vol 38\"}]},{\"@type\":\"WebSite\",\"@id\":\"https:\\\/\\\/ponteseditores.com.br\\\/loja3\\\/#website\",\"url\":\"https:\\\/\\\/ponteseditores.com.br\\\/loja3\\\/\",\"name\":\"Pontes Editores\",\"description\":\"Pontes Editores\",\"publisher\":{\"@id\":\"https:\\\/\\\/ponteseditores.com.br\\\/loja3\\\/#organization\"},\"potentialAction\":[{\"@type\":\"SearchAction\",\"target\":{\"@type\":\"EntryPoint\",\"urlTemplate\":\"https:\\\/\\\/ponteseditores.com.br\\\/loja3\\\/?s={search_term_string}\"},\"query-input\":{\"@type\":\"PropertyValueSpecification\",\"valueRequired\":true,\"valueName\":\"search_term_string\"}}],\"inLanguage\":\"pt-BR\"},{\"@type\":\"Organization\",\"@id\":\"https:\\\/\\\/ponteseditores.com.br\\\/loja3\\\/#organization\",\"name\":\"Pontes Editores\",\"url\":\"https:\\\/\\\/ponteseditores.com.br\\\/loja3\\\/\",\"logo\":{\"@type\":\"ImageObject\",\"inLanguage\":\"pt-BR\",\"@id\":\"https:\\\/\\\/ponteseditores.com.br\\\/loja3\\\/#\\\/schema\\\/logo\\\/image\\\/\",\"url\":\"https:\\\/\\\/ponteseditores.com.br\\\/loja3\\\/wp-content\\\/uploads\\\/2023\\\/12\\\/logo-pontes-editores-v2.png\",\"contentUrl\":\"https:\\\/\\\/ponteseditores.com.br\\\/loja3\\\/wp-content\\\/uploads\\\/2023\\\/12\\\/logo-pontes-editores-v2.png\",\"width\":258,\"height\":100,\"caption\":\"Pontes Editores\"},\"image\":{\"@id\":\"https:\\\/\\\/ponteseditores.com.br\\\/loja3\\\/#\\\/schema\\\/logo\\\/image\\\/\"}}]}<\/script>\n<!-- \/ Yoast SEO plugin. -->","yoast_head_json":{"title":"Import\u00e2ncia do Vocabul\u00e1rio na Aprendizagem de L\u00ednguas: Mem\u00f3ria, Cren\u00e7as e Estrat\u00e9gias  para a Aprendizagem de Novos Itens Lexicais - Col NPLA Vol 38 - Pontes Editores","robots":{"index":"index","follow":"follow","max-snippet":"max-snippet:-1","max-image-preview":"max-image-preview:large","max-video-preview":"max-video-preview:-1"},"canonical":"https:\/\/ponteseditores.com.br\/loja3\/pontes-editores-home-2__trashed\/linguistica\/importancia-do-vocabulario-na-aprendizagem-de-linguas-memoria-crencas-e-estrategias-para-a-aprendizagem-de-novos-itens-lexicais-col-npla-vol-38\/","og_locale":"pt_BR","og_type":"article","og_title":"Import\u00e2ncia do Vocabul\u00e1rio na Aprendizagem de L\u00ednguas: Mem\u00f3ria, Cren\u00e7as e Estrat\u00e9gias  para a Aprendizagem de Novos Itens Lexicais - Col NPLA Vol 38 - Pontes Editores","og_description":"A respeito de seu livro, \u201cAs cidades invis\u00edveis\u201d, \u00cdtalo Calvino afirma ser a obra em que pensa ter dito mais coisas, talvez porque tenha conseguido, segundo ele, concentrar num \u00fanico s\u00edmbolo, todas as suas reflex\u00f5es, experi\u00eancias e conjecturas. Nesta obra, Calvino faz com que a cidade deixe de ser um mero conceito geogr\u00e1fico para representar [&hellip;]","og_url":"https:\/\/ponteseditores.com.br\/loja3\/pontes-editores-home-2__trashed\/linguistica\/importancia-do-vocabulario-na-aprendizagem-de-linguas-memoria-crencas-e-estrategias-para-a-aprendizagem-de-novos-itens-lexicais-col-npla-vol-38\/","og_site_name":"Pontes Editores","article_modified_time":"2025-01-09T12:25:22+00:00","og_image":[{"width":492,"height":768,"url":"https:\/\/ponteseditores.com.br\/loja3\/wp-content\/uploads\/2023\/12\/capavoc-1.jpg","type":"image\/jpeg"}],"twitter_card":"summary_large_image","twitter_misc":{"Est. tempo de leitura":"1 minuto"},"schema":{"@context":"https:\/\/schema.org","@graph":[{"@type":"WebPage","@id":"https:\/\/ponteseditores.com.br\/loja3\/pontes-editores-home-2__trashed\/linguistica\/importancia-do-vocabulario-na-aprendizagem-de-linguas-memoria-crencas-e-estrategias-para-a-aprendizagem-de-novos-itens-lexicais-col-npla-vol-38\/","url":"https:\/\/ponteseditores.com.br\/loja3\/pontes-editores-home-2__trashed\/linguistica\/importancia-do-vocabulario-na-aprendizagem-de-linguas-memoria-crencas-e-estrategias-para-a-aprendizagem-de-novos-itens-lexicais-col-npla-vol-38\/","name":"Import\u00e2ncia do Vocabul\u00e1rio na Aprendizagem de L\u00ednguas: Mem\u00f3ria, Cren\u00e7as e Estrat\u00e9gias para a Aprendizagem de Novos Itens Lexicais - Col NPLA Vol 38 - Pontes Editores","isPartOf":{"@id":"https:\/\/ponteseditores.com.br\/loja3\/#website"},"primaryImageOfPage":{"@id":"https:\/\/ponteseditores.com.br\/loja3\/pontes-editores-home-2__trashed\/linguistica\/importancia-do-vocabulario-na-aprendizagem-de-linguas-memoria-crencas-e-estrategias-para-a-aprendizagem-de-novos-itens-lexicais-col-npla-vol-38\/#primaryimage"},"image":{"@id":"https:\/\/ponteseditores.com.br\/loja3\/pontes-editores-home-2__trashed\/linguistica\/importancia-do-vocabulario-na-aprendizagem-de-linguas-memoria-crencas-e-estrategias-para-a-aprendizagem-de-novos-itens-lexicais-col-npla-vol-38\/#primaryimage"},"thumbnailUrl":"https:\/\/ponteseditores.com.br\/loja3\/wp-content\/uploads\/2023\/12\/capavoc-1.jpg","datePublished":"2023-12-15T03:52:11+00:00","dateModified":"2025-01-09T12:25:22+00:00","breadcrumb":{"@id":"https:\/\/ponteseditores.com.br\/loja3\/pontes-editores-home-2__trashed\/linguistica\/importancia-do-vocabulario-na-aprendizagem-de-linguas-memoria-crencas-e-estrategias-para-a-aprendizagem-de-novos-itens-lexicais-col-npla-vol-38\/#breadcrumb"},"inLanguage":"pt-BR","potentialAction":[{"@type":"ReadAction","target":["https:\/\/ponteseditores.com.br\/loja3\/pontes-editores-home-2__trashed\/linguistica\/importancia-do-vocabulario-na-aprendizagem-de-linguas-memoria-crencas-e-estrategias-para-a-aprendizagem-de-novos-itens-lexicais-col-npla-vol-38\/"]}]},{"@type":"ImageObject","inLanguage":"pt-BR","@id":"https:\/\/ponteseditores.com.br\/loja3\/pontes-editores-home-2__trashed\/linguistica\/importancia-do-vocabulario-na-aprendizagem-de-linguas-memoria-crencas-e-estrategias-para-a-aprendizagem-de-novos-itens-lexicais-col-npla-vol-38\/#primaryimage","url":"https:\/\/ponteseditores.com.br\/loja3\/wp-content\/uploads\/2023\/12\/capavoc-1.jpg","contentUrl":"https:\/\/ponteseditores.com.br\/loja3\/wp-content\/uploads\/2023\/12\/capavoc-1.jpg","width":492,"height":768},{"@type":"BreadcrumbList","@id":"https:\/\/ponteseditores.com.br\/loja3\/pontes-editores-home-2__trashed\/linguistica\/importancia-do-vocabulario-na-aprendizagem-de-linguas-memoria-crencas-e-estrategias-para-a-aprendizagem-de-novos-itens-lexicais-col-npla-vol-38\/#breadcrumb","itemListElement":[{"@type":"ListItem","position":1,"name":"Home","item":"https:\/\/ponteseditores.com.br\/loja3\/"},{"@type":"ListItem","position":2,"name":"loja","item":"https:\/\/ponteseditores.com.br\/loja3\/loja\/"},{"@type":"ListItem","position":3,"name":"Import\u00e2ncia do Vocabul\u00e1rio na Aprendizagem de L\u00ednguas: Mem\u00f3ria, Cren\u00e7as e Estrat\u00e9gias para a Aprendizagem de Novos Itens Lexicais &#8211; Col NPLA Vol 38"}]},{"@type":"WebSite","@id":"https:\/\/ponteseditores.com.br\/loja3\/#website","url":"https:\/\/ponteseditores.com.br\/loja3\/","name":"Pontes Editores","description":"Pontes Editores","publisher":{"@id":"https:\/\/ponteseditores.com.br\/loja3\/#organization"},"potentialAction":[{"@type":"SearchAction","target":{"@type":"EntryPoint","urlTemplate":"https:\/\/ponteseditores.com.br\/loja3\/?s={search_term_string}"},"query-input":{"@type":"PropertyValueSpecification","valueRequired":true,"valueName":"search_term_string"}}],"inLanguage":"pt-BR"},{"@type":"Organization","@id":"https:\/\/ponteseditores.com.br\/loja3\/#organization","name":"Pontes Editores","url":"https:\/\/ponteseditores.com.br\/loja3\/","logo":{"@type":"ImageObject","inLanguage":"pt-BR","@id":"https:\/\/ponteseditores.com.br\/loja3\/#\/schema\/logo\/image\/","url":"https:\/\/ponteseditores.com.br\/loja3\/wp-content\/uploads\/2023\/12\/logo-pontes-editores-v2.png","contentUrl":"https:\/\/ponteseditores.com.br\/loja3\/wp-content\/uploads\/2023\/12\/logo-pontes-editores-v2.png","width":258,"height":100,"caption":"Pontes Editores"},"image":{"@id":"https:\/\/ponteseditores.com.br\/loja3\/#\/schema\/logo\/image\/"}}]}},"_links":{"self":[{"href":"https:\/\/ponteseditores.com.br\/loja3\/wp-json\/wp\/v2\/product\/7559","targetHints":{"allow":["GET"]}}],"collection":[{"href":"https:\/\/ponteseditores.com.br\/loja3\/wp-json\/wp\/v2\/product"}],"about":[{"href":"https:\/\/ponteseditores.com.br\/loja3\/wp-json\/wp\/v2\/types\/product"}],"replies":[{"embeddable":true,"href":"https:\/\/ponteseditores.com.br\/loja3\/wp-json\/wp\/v2\/comments?post=7559"}],"version-history":[{"count":0,"href":"https:\/\/ponteseditores.com.br\/loja3\/wp-json\/wp\/v2\/product\/7559\/revisions"}],"wp:featuredmedia":[{"embeddable":true,"href":"https:\/\/ponteseditores.com.br\/loja3\/wp-json\/wp\/v2\/media\/7558"}],"wp:attachment":[{"href":"https:\/\/ponteseditores.com.br\/loja3\/wp-json\/wp\/v2\/media?parent=7559"}],"wp:term":[{"taxonomy":"product_brand","embeddable":true,"href":"https:\/\/ponteseditores.com.br\/loja3\/wp-json\/wp\/v2\/product_brand?post=7559"},{"taxonomy":"product_cat","embeddable":true,"href":"https:\/\/ponteseditores.com.br\/loja3\/wp-json\/wp\/v2\/product_cat?post=7559"},{"taxonomy":"product_tag","embeddable":true,"href":"https:\/\/ponteseditores.com.br\/loja3\/wp-json\/wp\/v2\/product_tag?post=7559"}],"curies":[{"name":"wp","href":"https:\/\/api.w.org\/{rel}","templated":true}]}}