{"id":7557,"date":"2023-12-15T00:52:09","date_gmt":"2023-12-15T03:52:09","guid":{"rendered":"https:\/\/ponteseditores.com.br\/loja3\/pontes-editores-home-2__trashed\/sem%20categoria\/sinais-de-pontuacao-e-seus-efeitos-de-sentido-uma-abordagem-discursiva-col-npla-vol-39\/"},"modified":"2026-01-12T18:36:37","modified_gmt":"2026-01-12T21:36:37","slug":"sinais-de-pontuacao-e-seus-efeitos-de-sentido-uma-abordagem-discursiva-col-npla-vol-39","status":"publish","type":"product","link":"https:\/\/ponteseditores.com.br\/loja3\/pontes-editores-home-2__trashed\/linguistica\/sinais-de-pontuacao-e-seus-efeitos-de-sentido-uma-abordagem-discursiva-col-npla-vol-39\/","title":{"rendered":"Sinais de Pontua\u00e7\u00e3o e seus Efeitos de Sentido: Uma Abordagem Discursiva &#8211; Col NPLA Vol 39"},"content":{"rendered":"<p>Essa obra surge de nossa inquieta\u00e7\u00e3o, da preocupa\u00e7\u00e3o com um ensino que seja significativo para o aluno. Sabemos que a comunica\u00e7\u00e3o se d\u00e1 n\u00e3o por interm\u00e9dio de palavras isoladas ou de frases, mas por meio de enunciados concretos que comportam, por um lado, a palavra, de natureza verbal, e, por outro lado, o horizonte espacial comum aos interlocutores, o conhecimento e a compreens\u00e3o da situa\u00e7\u00e3o por parte dos interlocutores, bem como sua avalia\u00e7\u00e3o acerca da situa\u00e7\u00e3o comunicativa (VOLOSHINOV\/BAKHTIN, 1926). Assim, todo enunciado deixa entrever muito mais do que aquilo que est\u00e1 nas linhas, isto \u00e9, aquilo que est\u00e1 restrito aos aspectos meramente lingu\u00edsticos. Ao professor de L\u00edngua Portuguesa, aos pesquisadores da \u00e1rea da Lingu\u00edstica Aplicada e a todos que se interessam pelo car\u00e1ter discursivo no ensino de L\u00edngua Portuguesa e, mais especificamente, ao ensino dos sinais de pontua\u00e7\u00e3o e seus efeitos de sentido, os nove artigos que comp\u00f5em esta obra oferecem uma valiosa contribui\u00e7\u00e3o, uma vez que articulam os aspectos te\u00f3ricos a an\u00e1lises de situa\u00e7\u00f5es discursivas, possibilitando ao leitor perceber a import\u00e2ncia do respaldo te\u00f3rico e sua aplicabilidade em diferentes contextos de produ\u00e7\u00e3o.<\/p>\n","protected":false},"excerpt":{"rendered":"<p>Essa obra surge de nossa inquieta\u00e7\u00e3o, da preocupa\u00e7\u00e3o com um ensino que seja significativo para o aluno. Sabemos que a comunica\u00e7\u00e3o se d\u00e1 n\u00e3o por interm\u00e9dio de palavras isoladas ou de frases, mas por meio de enunciados concretos que comportam, por um lado, a palavra, de natureza verbal, e, por outro lado, o horizonte espacial [&hellip;]<\/p>\n","protected":false},"featured_media":7556,"comment_status":"open","ping_status":"closed","template":"","meta":{"_joinchat":[]},"product_brand":[],"product_cat":[301,31,280],"product_tag":[],"class_list":{"0":"post-7557","1":"product","2":"type-product","3":"status-publish","4":"has-post-thumbnail","6":"product_cat-analise-de-discurso","7":"product_cat-linguistica","8":"product_cat-npla","9":"product_shipping_class-livro-pontes-editores-fisico","11":"first","12":"instock","13":"shipping-taxable","14":"purchasable","15":"product-type-simple"},"yoast_head":"<!-- This site is optimized with the Yoast SEO plugin v27.4 - https:\/\/yoast.com\/product\/yoast-seo-wordpress\/ -->\n<title>Sinais de Pontua\u00e7\u00e3o e seus Efeitos de Sentido: Uma Abordagem Discursiva - Col NPLA Vol 39 - Pontes Editores<\/title>\n<meta name=\"robots\" content=\"index, follow, max-snippet:-1, max-image-preview:large, max-video-preview:-1\" \/>\n<link rel=\"canonical\" href=\"https:\/\/ponteseditores.com.br\/loja3\/pontes-editores-home-2__trashed\/linguistica\/sinais-de-pontuacao-e-seus-efeitos-de-sentido-uma-abordagem-discursiva-col-npla-vol-39\/\" \/>\n<meta property=\"og:locale\" content=\"pt_BR\" \/>\n<meta property=\"og:type\" content=\"article\" \/>\n<meta property=\"og:title\" content=\"Sinais de Pontua\u00e7\u00e3o e seus Efeitos de Sentido: Uma Abordagem Discursiva - Col NPLA Vol 39 - Pontes Editores\" \/>\n<meta property=\"og:description\" content=\"Essa obra surge de nossa inquieta\u00e7\u00e3o, da preocupa\u00e7\u00e3o com um ensino que seja significativo para o aluno. Sabemos que a comunica\u00e7\u00e3o se d\u00e1 n\u00e3o por interm\u00e9dio de palavras isoladas ou de frases, mas por meio de enunciados concretos que comportam, por um lado, a palavra, de natureza verbal, e, por outro lado, o horizonte espacial [&hellip;]\" \/>\n<meta property=\"og:url\" content=\"https:\/\/ponteseditores.com.br\/loja3\/pontes-editores-home-2__trashed\/linguistica\/sinais-de-pontuacao-e-seus-efeitos-de-sentido-uma-abordagem-discursiva-col-npla-vol-39\/\" \/>\n<meta property=\"og:site_name\" content=\"Pontes Editores\" \/>\n<meta property=\"article:modified_time\" content=\"2026-01-12T21:36:37+00:00\" \/>\n<meta property=\"og:image\" content=\"https:\/\/ponteseditores.com.br\/loja3\/wp-content\/uploads\/2023\/12\/CAPA20SINAIS.jpg\" \/>\n\t<meta property=\"og:image:width\" content=\"379\" \/>\n\t<meta property=\"og:image:height\" content=\"600\" \/>\n\t<meta property=\"og:image:type\" content=\"image\/jpeg\" \/>\n<meta name=\"twitter:card\" content=\"summary_large_image\" \/>\n<meta name=\"twitter:label1\" content=\"Est. tempo de leitura\" \/>\n\t<meta name=\"twitter:data1\" content=\"1 minuto\" \/>\n<script type=\"application\/ld+json\" class=\"yoast-schema-graph\">{\"@context\":\"https:\\\/\\\/schema.org\",\"@graph\":[{\"@type\":\"WebPage\",\"@id\":\"https:\\\/\\\/ponteseditores.com.br\\\/loja3\\\/pontes-editores-home-2__trashed\\\/linguistica\\\/sinais-de-pontuacao-e-seus-efeitos-de-sentido-uma-abordagem-discursiva-col-npla-vol-39\\\/\",\"url\":\"https:\\\/\\\/ponteseditores.com.br\\\/loja3\\\/pontes-editores-home-2__trashed\\\/linguistica\\\/sinais-de-pontuacao-e-seus-efeitos-de-sentido-uma-abordagem-discursiva-col-npla-vol-39\\\/\",\"name\":\"Sinais de Pontua\u00e7\u00e3o e seus Efeitos de Sentido: Uma Abordagem Discursiva - Col NPLA Vol 39 - Pontes Editores\",\"isPartOf\":{\"@id\":\"https:\\\/\\\/ponteseditores.com.br\\\/loja3\\\/#website\"},\"primaryImageOfPage\":{\"@id\":\"https:\\\/\\\/ponteseditores.com.br\\\/loja3\\\/pontes-editores-home-2__trashed\\\/linguistica\\\/sinais-de-pontuacao-e-seus-efeitos-de-sentido-uma-abordagem-discursiva-col-npla-vol-39\\\/#primaryimage\"},\"image\":{\"@id\":\"https:\\\/\\\/ponteseditores.com.br\\\/loja3\\\/pontes-editores-home-2__trashed\\\/linguistica\\\/sinais-de-pontuacao-e-seus-efeitos-de-sentido-uma-abordagem-discursiva-col-npla-vol-39\\\/#primaryimage\"},\"thumbnailUrl\":\"https:\\\/\\\/ponteseditores.com.br\\\/loja3\\\/wp-content\\\/uploads\\\/2023\\\/12\\\/CAPA20SINAIS.jpg\",\"datePublished\":\"2023-12-15T03:52:09+00:00\",\"dateModified\":\"2026-01-12T21:36:37+00:00\",\"breadcrumb\":{\"@id\":\"https:\\\/\\\/ponteseditores.com.br\\\/loja3\\\/pontes-editores-home-2__trashed\\\/linguistica\\\/sinais-de-pontuacao-e-seus-efeitos-de-sentido-uma-abordagem-discursiva-col-npla-vol-39\\\/#breadcrumb\"},\"inLanguage\":\"pt-BR\",\"potentialAction\":[{\"@type\":\"ReadAction\",\"target\":[\"https:\\\/\\\/ponteseditores.com.br\\\/loja3\\\/pontes-editores-home-2__trashed\\\/linguistica\\\/sinais-de-pontuacao-e-seus-efeitos-de-sentido-uma-abordagem-discursiva-col-npla-vol-39\\\/\"]}]},{\"@type\":\"ImageObject\",\"inLanguage\":\"pt-BR\",\"@id\":\"https:\\\/\\\/ponteseditores.com.br\\\/loja3\\\/pontes-editores-home-2__trashed\\\/linguistica\\\/sinais-de-pontuacao-e-seus-efeitos-de-sentido-uma-abordagem-discursiva-col-npla-vol-39\\\/#primaryimage\",\"url\":\"https:\\\/\\\/ponteseditores.com.br\\\/loja3\\\/wp-content\\\/uploads\\\/2023\\\/12\\\/CAPA20SINAIS.jpg\",\"contentUrl\":\"https:\\\/\\\/ponteseditores.com.br\\\/loja3\\\/wp-content\\\/uploads\\\/2023\\\/12\\\/CAPA20SINAIS.jpg\",\"width\":379,\"height\":600},{\"@type\":\"BreadcrumbList\",\"@id\":\"https:\\\/\\\/ponteseditores.com.br\\\/loja3\\\/pontes-editores-home-2__trashed\\\/linguistica\\\/sinais-de-pontuacao-e-seus-efeitos-de-sentido-uma-abordagem-discursiva-col-npla-vol-39\\\/#breadcrumb\",\"itemListElement\":[{\"@type\":\"ListItem\",\"position\":1,\"name\":\"Home\",\"item\":\"https:\\\/\\\/ponteseditores.com.br\\\/loja3\\\/\"},{\"@type\":\"ListItem\",\"position\":2,\"name\":\"loja\",\"item\":\"https:\\\/\\\/ponteseditores.com.br\\\/loja3\\\/loja\\\/\"},{\"@type\":\"ListItem\",\"position\":3,\"name\":\"Sinais de Pontua\u00e7\u00e3o e seus Efeitos de Sentido: Uma Abordagem Discursiva &#8211; Col NPLA Vol 39\"}]},{\"@type\":\"WebSite\",\"@id\":\"https:\\\/\\\/ponteseditores.com.br\\\/loja3\\\/#website\",\"url\":\"https:\\\/\\\/ponteseditores.com.br\\\/loja3\\\/\",\"name\":\"Pontes Editores\",\"description\":\"Pontes Editores\",\"publisher\":{\"@id\":\"https:\\\/\\\/ponteseditores.com.br\\\/loja3\\\/#organization\"},\"potentialAction\":[{\"@type\":\"SearchAction\",\"target\":{\"@type\":\"EntryPoint\",\"urlTemplate\":\"https:\\\/\\\/ponteseditores.com.br\\\/loja3\\\/?s={search_term_string}\"},\"query-input\":{\"@type\":\"PropertyValueSpecification\",\"valueRequired\":true,\"valueName\":\"search_term_string\"}}],\"inLanguage\":\"pt-BR\"},{\"@type\":\"Organization\",\"@id\":\"https:\\\/\\\/ponteseditores.com.br\\\/loja3\\\/#organization\",\"name\":\"Pontes Editores\",\"url\":\"https:\\\/\\\/ponteseditores.com.br\\\/loja3\\\/\",\"logo\":{\"@type\":\"ImageObject\",\"inLanguage\":\"pt-BR\",\"@id\":\"https:\\\/\\\/ponteseditores.com.br\\\/loja3\\\/#\\\/schema\\\/logo\\\/image\\\/\",\"url\":\"https:\\\/\\\/ponteseditores.com.br\\\/loja3\\\/wp-content\\\/uploads\\\/2023\\\/12\\\/logo-pontes-editores-v2.png\",\"contentUrl\":\"https:\\\/\\\/ponteseditores.com.br\\\/loja3\\\/wp-content\\\/uploads\\\/2023\\\/12\\\/logo-pontes-editores-v2.png\",\"width\":258,\"height\":100,\"caption\":\"Pontes Editores\"},\"image\":{\"@id\":\"https:\\\/\\\/ponteseditores.com.br\\\/loja3\\\/#\\\/schema\\\/logo\\\/image\\\/\"}}]}<\/script>\n<!-- \/ Yoast SEO plugin. -->","yoast_head_json":{"title":"Sinais de Pontua\u00e7\u00e3o e seus Efeitos de Sentido: Uma Abordagem Discursiva - Col NPLA Vol 39 - Pontes Editores","robots":{"index":"index","follow":"follow","max-snippet":"max-snippet:-1","max-image-preview":"max-image-preview:large","max-video-preview":"max-video-preview:-1"},"canonical":"https:\/\/ponteseditores.com.br\/loja3\/pontes-editores-home-2__trashed\/linguistica\/sinais-de-pontuacao-e-seus-efeitos-de-sentido-uma-abordagem-discursiva-col-npla-vol-39\/","og_locale":"pt_BR","og_type":"article","og_title":"Sinais de Pontua\u00e7\u00e3o e seus Efeitos de Sentido: Uma Abordagem Discursiva - Col NPLA Vol 39 - Pontes Editores","og_description":"Essa obra surge de nossa inquieta\u00e7\u00e3o, da preocupa\u00e7\u00e3o com um ensino que seja significativo para o aluno. Sabemos que a comunica\u00e7\u00e3o se d\u00e1 n\u00e3o por interm\u00e9dio de palavras isoladas ou de frases, mas por meio de enunciados concretos que comportam, por um lado, a palavra, de natureza verbal, e, por outro lado, o horizonte espacial [&hellip;]","og_url":"https:\/\/ponteseditores.com.br\/loja3\/pontes-editores-home-2__trashed\/linguistica\/sinais-de-pontuacao-e-seus-efeitos-de-sentido-uma-abordagem-discursiva-col-npla-vol-39\/","og_site_name":"Pontes Editores","article_modified_time":"2026-01-12T21:36:37+00:00","og_image":[{"width":379,"height":600,"url":"https:\/\/ponteseditores.com.br\/loja3\/wp-content\/uploads\/2023\/12\/CAPA20SINAIS.jpg","type":"image\/jpeg"}],"twitter_card":"summary_large_image","twitter_misc":{"Est. tempo de leitura":"1 minuto"},"schema":{"@context":"https:\/\/schema.org","@graph":[{"@type":"WebPage","@id":"https:\/\/ponteseditores.com.br\/loja3\/pontes-editores-home-2__trashed\/linguistica\/sinais-de-pontuacao-e-seus-efeitos-de-sentido-uma-abordagem-discursiva-col-npla-vol-39\/","url":"https:\/\/ponteseditores.com.br\/loja3\/pontes-editores-home-2__trashed\/linguistica\/sinais-de-pontuacao-e-seus-efeitos-de-sentido-uma-abordagem-discursiva-col-npla-vol-39\/","name":"Sinais de Pontua\u00e7\u00e3o e seus Efeitos de Sentido: Uma Abordagem Discursiva - Col NPLA Vol 39 - Pontes Editores","isPartOf":{"@id":"https:\/\/ponteseditores.com.br\/loja3\/#website"},"primaryImageOfPage":{"@id":"https:\/\/ponteseditores.com.br\/loja3\/pontes-editores-home-2__trashed\/linguistica\/sinais-de-pontuacao-e-seus-efeitos-de-sentido-uma-abordagem-discursiva-col-npla-vol-39\/#primaryimage"},"image":{"@id":"https:\/\/ponteseditores.com.br\/loja3\/pontes-editores-home-2__trashed\/linguistica\/sinais-de-pontuacao-e-seus-efeitos-de-sentido-uma-abordagem-discursiva-col-npla-vol-39\/#primaryimage"},"thumbnailUrl":"https:\/\/ponteseditores.com.br\/loja3\/wp-content\/uploads\/2023\/12\/CAPA20SINAIS.jpg","datePublished":"2023-12-15T03:52:09+00:00","dateModified":"2026-01-12T21:36:37+00:00","breadcrumb":{"@id":"https:\/\/ponteseditores.com.br\/loja3\/pontes-editores-home-2__trashed\/linguistica\/sinais-de-pontuacao-e-seus-efeitos-de-sentido-uma-abordagem-discursiva-col-npla-vol-39\/#breadcrumb"},"inLanguage":"pt-BR","potentialAction":[{"@type":"ReadAction","target":["https:\/\/ponteseditores.com.br\/loja3\/pontes-editores-home-2__trashed\/linguistica\/sinais-de-pontuacao-e-seus-efeitos-de-sentido-uma-abordagem-discursiva-col-npla-vol-39\/"]}]},{"@type":"ImageObject","inLanguage":"pt-BR","@id":"https:\/\/ponteseditores.com.br\/loja3\/pontes-editores-home-2__trashed\/linguistica\/sinais-de-pontuacao-e-seus-efeitos-de-sentido-uma-abordagem-discursiva-col-npla-vol-39\/#primaryimage","url":"https:\/\/ponteseditores.com.br\/loja3\/wp-content\/uploads\/2023\/12\/CAPA20SINAIS.jpg","contentUrl":"https:\/\/ponteseditores.com.br\/loja3\/wp-content\/uploads\/2023\/12\/CAPA20SINAIS.jpg","width":379,"height":600},{"@type":"BreadcrumbList","@id":"https:\/\/ponteseditores.com.br\/loja3\/pontes-editores-home-2__trashed\/linguistica\/sinais-de-pontuacao-e-seus-efeitos-de-sentido-uma-abordagem-discursiva-col-npla-vol-39\/#breadcrumb","itemListElement":[{"@type":"ListItem","position":1,"name":"Home","item":"https:\/\/ponteseditores.com.br\/loja3\/"},{"@type":"ListItem","position":2,"name":"loja","item":"https:\/\/ponteseditores.com.br\/loja3\/loja\/"},{"@type":"ListItem","position":3,"name":"Sinais de Pontua\u00e7\u00e3o e seus Efeitos de Sentido: Uma Abordagem Discursiva &#8211; Col NPLA Vol 39"}]},{"@type":"WebSite","@id":"https:\/\/ponteseditores.com.br\/loja3\/#website","url":"https:\/\/ponteseditores.com.br\/loja3\/","name":"Pontes Editores","description":"Pontes Editores","publisher":{"@id":"https:\/\/ponteseditores.com.br\/loja3\/#organization"},"potentialAction":[{"@type":"SearchAction","target":{"@type":"EntryPoint","urlTemplate":"https:\/\/ponteseditores.com.br\/loja3\/?s={search_term_string}"},"query-input":{"@type":"PropertyValueSpecification","valueRequired":true,"valueName":"search_term_string"}}],"inLanguage":"pt-BR"},{"@type":"Organization","@id":"https:\/\/ponteseditores.com.br\/loja3\/#organization","name":"Pontes Editores","url":"https:\/\/ponteseditores.com.br\/loja3\/","logo":{"@type":"ImageObject","inLanguage":"pt-BR","@id":"https:\/\/ponteseditores.com.br\/loja3\/#\/schema\/logo\/image\/","url":"https:\/\/ponteseditores.com.br\/loja3\/wp-content\/uploads\/2023\/12\/logo-pontes-editores-v2.png","contentUrl":"https:\/\/ponteseditores.com.br\/loja3\/wp-content\/uploads\/2023\/12\/logo-pontes-editores-v2.png","width":258,"height":100,"caption":"Pontes Editores"},"image":{"@id":"https:\/\/ponteseditores.com.br\/loja3\/#\/schema\/logo\/image\/"}}]}},"_links":{"self":[{"href":"https:\/\/ponteseditores.com.br\/loja3\/wp-json\/wp\/v2\/product\/7557","targetHints":{"allow":["GET"]}}],"collection":[{"href":"https:\/\/ponteseditores.com.br\/loja3\/wp-json\/wp\/v2\/product"}],"about":[{"href":"https:\/\/ponteseditores.com.br\/loja3\/wp-json\/wp\/v2\/types\/product"}],"replies":[{"embeddable":true,"href":"https:\/\/ponteseditores.com.br\/loja3\/wp-json\/wp\/v2\/comments?post=7557"}],"version-history":[{"count":0,"href":"https:\/\/ponteseditores.com.br\/loja3\/wp-json\/wp\/v2\/product\/7557\/revisions"}],"wp:featuredmedia":[{"embeddable":true,"href":"https:\/\/ponteseditores.com.br\/loja3\/wp-json\/wp\/v2\/media\/7556"}],"wp:attachment":[{"href":"https:\/\/ponteseditores.com.br\/loja3\/wp-json\/wp\/v2\/media?parent=7557"}],"wp:term":[{"taxonomy":"product_brand","embeddable":true,"href":"https:\/\/ponteseditores.com.br\/loja3\/wp-json\/wp\/v2\/product_brand?post=7557"},{"taxonomy":"product_cat","embeddable":true,"href":"https:\/\/ponteseditores.com.br\/loja3\/wp-json\/wp\/v2\/product_cat?post=7557"},{"taxonomy":"product_tag","embeddable":true,"href":"https:\/\/ponteseditores.com.br\/loja3\/wp-json\/wp\/v2\/product_tag?post=7557"}],"curies":[{"name":"wp","href":"https:\/\/api.w.org\/{rel}","templated":true}]}}