{"id":7529,"date":"2023-12-15T00:50:18","date_gmt":"2023-12-15T03:50:18","guid":{"rendered":"https:\/\/ponteseditores.com.br\/loja3\/pontes-editores-home-2__trashed\/sem%20categoria\/estudos-de-linguagem-argumentacao-e-discurso\/"},"modified":"2024-06-21T11:52:14","modified_gmt":"2024-06-21T14:52:14","slug":"estudos-de-linguagem-argumentacao-e-discurso","status":"publish","type":"product","link":"https:\/\/ponteseditores.com.br\/loja3\/pontes-editores-home-2__trashed\/linguistica\/estudos-de-linguagem-argumentacao-e-discurso\/","title":{"rendered":"Estudos de Linguagem, Argumenta\u00e7\u00e3o e Discurso"},"content":{"rendered":"<p>Registrado em 2014 no Diret\u00f3rio de Grupos de Pesquisa do CNPq, o Grupo ELAD \u2013 Estudos de Linguagem, Argumenta\u00e7\u00e3o e Discurso \u2013 visa a fortalecer o campo de investiga\u00e7\u00e3o da argumenta\u00e7\u00e3o, contribuindo com reflex\u00f5es acerca da rela\u00e7\u00e3o entre a argumenta\u00e7\u00e3o e o discurso. Para isso, o grupo tem promovido frentes de coopera\u00e7\u00e3o nacional e internacional e um espa\u00e7o plural de discuss\u00e3o que pode ser notado por sua diversidade de abordagens te\u00f3ricas e objetos de an\u00e1lise.<\/p>\n<p>Assim, esta obra oferece ao leitor estudos sobre linguagem, argumenta\u00e7\u00e3o e discurso que tratam de temas tais como a institucionaliza\u00e7\u00e3o da ret\u00f3rica, a argumenta\u00e7\u00e3o e a demonstra\u00e7\u00e3o, a constru\u00e7\u00e3o do ethos em relat\u00f3rios de censura, a constru\u00e7\u00e3o da argumenta\u00e7\u00e3o multimodal, a argumenta\u00e7\u00e3o em delibera\u00e7\u00f5es jur\u00eddicas, o ensino de argumenta\u00e7\u00e3o como pr\u00e1tica de linguagem em aulas de l\u00edngua portuguesa e a rela\u00e7\u00e3o entre sujeito, argumenta\u00e7\u00e3o e autoria na produ\u00e7\u00e3o textual em contexto escolar.<\/p>\n","protected":false},"excerpt":{"rendered":"<p>Registrado em 2014 no Diret\u00f3rio de Grupos de Pesquisa do CNPq, o Grupo ELAD \u2013 Estudos de Linguagem, Argumenta\u00e7\u00e3o e Discurso \u2013 visa a fortalecer o campo de investiga\u00e7\u00e3o da argumenta\u00e7\u00e3o, contribuindo com reflex\u00f5es acerca da rela\u00e7\u00e3o entre a argumenta\u00e7\u00e3o e o discurso. Para isso, o grupo tem promovido frentes de coopera\u00e7\u00e3o nacional e internacional [&hellip;]<\/p>\n","protected":false},"featured_media":7528,"comment_status":"open","ping_status":"closed","template":"","meta":{"_joinchat":[]},"product_brand":[],"product_cat":[301,31],"product_tag":[],"class_list":{"0":"post-7529","1":"product","2":"type-product","3":"status-publish","4":"has-post-thumbnail","6":"product_cat-analise-de-discurso","7":"product_cat-linguistica","8":"product_shipping_class-livro-pontes-editores-fisico","10":"first","11":"instock","12":"shipping-taxable","13":"purchasable","14":"product-type-simple"},"yoast_head":"<!-- This site is optimized with the Yoast SEO plugin v27.4 - https:\/\/yoast.com\/product\/yoast-seo-wordpress\/ -->\n<title>Estudos de Linguagem, Argumenta\u00e7\u00e3o e Discurso - Pontes Editores<\/title>\n<meta name=\"robots\" content=\"index, follow, max-snippet:-1, max-image-preview:large, max-video-preview:-1\" \/>\n<link rel=\"canonical\" href=\"https:\/\/ponteseditores.com.br\/loja3\/pontes-editores-home-2__trashed\/linguistica\/estudos-de-linguagem-argumentacao-e-discurso\/\" \/>\n<meta property=\"og:locale\" content=\"pt_BR\" \/>\n<meta property=\"og:type\" content=\"article\" \/>\n<meta property=\"og:title\" content=\"Estudos de Linguagem, Argumenta\u00e7\u00e3o e Discurso - Pontes Editores\" \/>\n<meta property=\"og:description\" content=\"Registrado em 2014 no Diret\u00f3rio de Grupos de Pesquisa do CNPq, o Grupo ELAD \u2013 Estudos de Linguagem, Argumenta\u00e7\u00e3o e Discurso \u2013 visa a fortalecer o campo de investiga\u00e7\u00e3o da argumenta\u00e7\u00e3o, contribuindo com reflex\u00f5es acerca da rela\u00e7\u00e3o entre a argumenta\u00e7\u00e3o e o discurso. Para isso, o grupo tem promovido frentes de coopera\u00e7\u00e3o nacional e internacional [&hellip;]\" \/>\n<meta property=\"og:url\" content=\"https:\/\/ponteseditores.com.br\/loja3\/pontes-editores-home-2__trashed\/linguistica\/estudos-de-linguagem-argumentacao-e-discurso\/\" \/>\n<meta property=\"og:site_name\" content=\"Pontes Editores\" \/>\n<meta property=\"article:modified_time\" content=\"2024-06-21T14:52:14+00:00\" \/>\n<meta property=\"og:image\" content=\"https:\/\/ponteseditores.com.br\/loja3\/wp-content\/uploads\/2023\/12\/capa20estudos.jpg\" \/>\n\t<meta property=\"og:image:width\" content=\"800\" \/>\n\t<meta property=\"og:image:height\" content=\"1222\" \/>\n\t<meta property=\"og:image:type\" content=\"image\/jpeg\" \/>\n<meta name=\"twitter:card\" content=\"summary_large_image\" \/>\n<meta name=\"twitter:label1\" content=\"Est. tempo de leitura\" \/>\n\t<meta name=\"twitter:data1\" content=\"2 minutos\" \/>\n<script type=\"application\/ld+json\" class=\"yoast-schema-graph\">{\"@context\":\"https:\\\/\\\/schema.org\",\"@graph\":[{\"@type\":\"WebPage\",\"@id\":\"https:\\\/\\\/ponteseditores.com.br\\\/loja3\\\/pontes-editores-home-2__trashed\\\/linguistica\\\/estudos-de-linguagem-argumentacao-e-discurso\\\/\",\"url\":\"https:\\\/\\\/ponteseditores.com.br\\\/loja3\\\/pontes-editores-home-2__trashed\\\/linguistica\\\/estudos-de-linguagem-argumentacao-e-discurso\\\/\",\"name\":\"Estudos de Linguagem, Argumenta\u00e7\u00e3o e Discurso - Pontes Editores\",\"isPartOf\":{\"@id\":\"https:\\\/\\\/ponteseditores.com.br\\\/loja3\\\/#website\"},\"primaryImageOfPage\":{\"@id\":\"https:\\\/\\\/ponteseditores.com.br\\\/loja3\\\/pontes-editores-home-2__trashed\\\/linguistica\\\/estudos-de-linguagem-argumentacao-e-discurso\\\/#primaryimage\"},\"image\":{\"@id\":\"https:\\\/\\\/ponteseditores.com.br\\\/loja3\\\/pontes-editores-home-2__trashed\\\/linguistica\\\/estudos-de-linguagem-argumentacao-e-discurso\\\/#primaryimage\"},\"thumbnailUrl\":\"https:\\\/\\\/ponteseditores.com.br\\\/loja3\\\/wp-content\\\/uploads\\\/2023\\\/12\\\/capa20estudos.jpg\",\"datePublished\":\"2023-12-15T03:50:18+00:00\",\"dateModified\":\"2024-06-21T14:52:14+00:00\",\"breadcrumb\":{\"@id\":\"https:\\\/\\\/ponteseditores.com.br\\\/loja3\\\/pontes-editores-home-2__trashed\\\/linguistica\\\/estudos-de-linguagem-argumentacao-e-discurso\\\/#breadcrumb\"},\"inLanguage\":\"pt-BR\",\"potentialAction\":[{\"@type\":\"ReadAction\",\"target\":[\"https:\\\/\\\/ponteseditores.com.br\\\/loja3\\\/pontes-editores-home-2__trashed\\\/linguistica\\\/estudos-de-linguagem-argumentacao-e-discurso\\\/\"]}]},{\"@type\":\"ImageObject\",\"inLanguage\":\"pt-BR\",\"@id\":\"https:\\\/\\\/ponteseditores.com.br\\\/loja3\\\/pontes-editores-home-2__trashed\\\/linguistica\\\/estudos-de-linguagem-argumentacao-e-discurso\\\/#primaryimage\",\"url\":\"https:\\\/\\\/ponteseditores.com.br\\\/loja3\\\/wp-content\\\/uploads\\\/2023\\\/12\\\/capa20estudos.jpg\",\"contentUrl\":\"https:\\\/\\\/ponteseditores.com.br\\\/loja3\\\/wp-content\\\/uploads\\\/2023\\\/12\\\/capa20estudos.jpg\",\"width\":800,\"height\":1222},{\"@type\":\"BreadcrumbList\",\"@id\":\"https:\\\/\\\/ponteseditores.com.br\\\/loja3\\\/pontes-editores-home-2__trashed\\\/linguistica\\\/estudos-de-linguagem-argumentacao-e-discurso\\\/#breadcrumb\",\"itemListElement\":[{\"@type\":\"ListItem\",\"position\":1,\"name\":\"Home\",\"item\":\"https:\\\/\\\/ponteseditores.com.br\\\/loja3\\\/\"},{\"@type\":\"ListItem\",\"position\":2,\"name\":\"loja\",\"item\":\"https:\\\/\\\/ponteseditores.com.br\\\/loja3\\\/loja\\\/\"},{\"@type\":\"ListItem\",\"position\":3,\"name\":\"Estudos de Linguagem, Argumenta\u00e7\u00e3o e Discurso\"}]},{\"@type\":\"WebSite\",\"@id\":\"https:\\\/\\\/ponteseditores.com.br\\\/loja3\\\/#website\",\"url\":\"https:\\\/\\\/ponteseditores.com.br\\\/loja3\\\/\",\"name\":\"Pontes Editores\",\"description\":\"Pontes Editores\",\"publisher\":{\"@id\":\"https:\\\/\\\/ponteseditores.com.br\\\/loja3\\\/#organization\"},\"potentialAction\":[{\"@type\":\"SearchAction\",\"target\":{\"@type\":\"EntryPoint\",\"urlTemplate\":\"https:\\\/\\\/ponteseditores.com.br\\\/loja3\\\/?s={search_term_string}\"},\"query-input\":{\"@type\":\"PropertyValueSpecification\",\"valueRequired\":true,\"valueName\":\"search_term_string\"}}],\"inLanguage\":\"pt-BR\"},{\"@type\":\"Organization\",\"@id\":\"https:\\\/\\\/ponteseditores.com.br\\\/loja3\\\/#organization\",\"name\":\"Pontes Editores\",\"url\":\"https:\\\/\\\/ponteseditores.com.br\\\/loja3\\\/\",\"logo\":{\"@type\":\"ImageObject\",\"inLanguage\":\"pt-BR\",\"@id\":\"https:\\\/\\\/ponteseditores.com.br\\\/loja3\\\/#\\\/schema\\\/logo\\\/image\\\/\",\"url\":\"https:\\\/\\\/ponteseditores.com.br\\\/loja3\\\/wp-content\\\/uploads\\\/2023\\\/12\\\/logo-pontes-editores-v2.png\",\"contentUrl\":\"https:\\\/\\\/ponteseditores.com.br\\\/loja3\\\/wp-content\\\/uploads\\\/2023\\\/12\\\/logo-pontes-editores-v2.png\",\"width\":258,\"height\":100,\"caption\":\"Pontes Editores\"},\"image\":{\"@id\":\"https:\\\/\\\/ponteseditores.com.br\\\/loja3\\\/#\\\/schema\\\/logo\\\/image\\\/\"}}]}<\/script>\n<!-- \/ Yoast SEO plugin. -->","yoast_head_json":{"title":"Estudos de Linguagem, Argumenta\u00e7\u00e3o e Discurso - Pontes Editores","robots":{"index":"index","follow":"follow","max-snippet":"max-snippet:-1","max-image-preview":"max-image-preview:large","max-video-preview":"max-video-preview:-1"},"canonical":"https:\/\/ponteseditores.com.br\/loja3\/pontes-editores-home-2__trashed\/linguistica\/estudos-de-linguagem-argumentacao-e-discurso\/","og_locale":"pt_BR","og_type":"article","og_title":"Estudos de Linguagem, Argumenta\u00e7\u00e3o e Discurso - Pontes Editores","og_description":"Registrado em 2014 no Diret\u00f3rio de Grupos de Pesquisa do CNPq, o Grupo ELAD \u2013 Estudos de Linguagem, Argumenta\u00e7\u00e3o e Discurso \u2013 visa a fortalecer o campo de investiga\u00e7\u00e3o da argumenta\u00e7\u00e3o, contribuindo com reflex\u00f5es acerca da rela\u00e7\u00e3o entre a argumenta\u00e7\u00e3o e o discurso. Para isso, o grupo tem promovido frentes de coopera\u00e7\u00e3o nacional e internacional [&hellip;]","og_url":"https:\/\/ponteseditores.com.br\/loja3\/pontes-editores-home-2__trashed\/linguistica\/estudos-de-linguagem-argumentacao-e-discurso\/","og_site_name":"Pontes Editores","article_modified_time":"2024-06-21T14:52:14+00:00","og_image":[{"width":800,"height":1222,"url":"https:\/\/ponteseditores.com.br\/loja3\/wp-content\/uploads\/2023\/12\/capa20estudos.jpg","type":"image\/jpeg"}],"twitter_card":"summary_large_image","twitter_misc":{"Est. tempo de leitura":"2 minutos"},"schema":{"@context":"https:\/\/schema.org","@graph":[{"@type":"WebPage","@id":"https:\/\/ponteseditores.com.br\/loja3\/pontes-editores-home-2__trashed\/linguistica\/estudos-de-linguagem-argumentacao-e-discurso\/","url":"https:\/\/ponteseditores.com.br\/loja3\/pontes-editores-home-2__trashed\/linguistica\/estudos-de-linguagem-argumentacao-e-discurso\/","name":"Estudos de Linguagem, Argumenta\u00e7\u00e3o e Discurso - Pontes Editores","isPartOf":{"@id":"https:\/\/ponteseditores.com.br\/loja3\/#website"},"primaryImageOfPage":{"@id":"https:\/\/ponteseditores.com.br\/loja3\/pontes-editores-home-2__trashed\/linguistica\/estudos-de-linguagem-argumentacao-e-discurso\/#primaryimage"},"image":{"@id":"https:\/\/ponteseditores.com.br\/loja3\/pontes-editores-home-2__trashed\/linguistica\/estudos-de-linguagem-argumentacao-e-discurso\/#primaryimage"},"thumbnailUrl":"https:\/\/ponteseditores.com.br\/loja3\/wp-content\/uploads\/2023\/12\/capa20estudos.jpg","datePublished":"2023-12-15T03:50:18+00:00","dateModified":"2024-06-21T14:52:14+00:00","breadcrumb":{"@id":"https:\/\/ponteseditores.com.br\/loja3\/pontes-editores-home-2__trashed\/linguistica\/estudos-de-linguagem-argumentacao-e-discurso\/#breadcrumb"},"inLanguage":"pt-BR","potentialAction":[{"@type":"ReadAction","target":["https:\/\/ponteseditores.com.br\/loja3\/pontes-editores-home-2__trashed\/linguistica\/estudos-de-linguagem-argumentacao-e-discurso\/"]}]},{"@type":"ImageObject","inLanguage":"pt-BR","@id":"https:\/\/ponteseditores.com.br\/loja3\/pontes-editores-home-2__trashed\/linguistica\/estudos-de-linguagem-argumentacao-e-discurso\/#primaryimage","url":"https:\/\/ponteseditores.com.br\/loja3\/wp-content\/uploads\/2023\/12\/capa20estudos.jpg","contentUrl":"https:\/\/ponteseditores.com.br\/loja3\/wp-content\/uploads\/2023\/12\/capa20estudos.jpg","width":800,"height":1222},{"@type":"BreadcrumbList","@id":"https:\/\/ponteseditores.com.br\/loja3\/pontes-editores-home-2__trashed\/linguistica\/estudos-de-linguagem-argumentacao-e-discurso\/#breadcrumb","itemListElement":[{"@type":"ListItem","position":1,"name":"Home","item":"https:\/\/ponteseditores.com.br\/loja3\/"},{"@type":"ListItem","position":2,"name":"loja","item":"https:\/\/ponteseditores.com.br\/loja3\/loja\/"},{"@type":"ListItem","position":3,"name":"Estudos de Linguagem, Argumenta\u00e7\u00e3o e Discurso"}]},{"@type":"WebSite","@id":"https:\/\/ponteseditores.com.br\/loja3\/#website","url":"https:\/\/ponteseditores.com.br\/loja3\/","name":"Pontes Editores","description":"Pontes Editores","publisher":{"@id":"https:\/\/ponteseditores.com.br\/loja3\/#organization"},"potentialAction":[{"@type":"SearchAction","target":{"@type":"EntryPoint","urlTemplate":"https:\/\/ponteseditores.com.br\/loja3\/?s={search_term_string}"},"query-input":{"@type":"PropertyValueSpecification","valueRequired":true,"valueName":"search_term_string"}}],"inLanguage":"pt-BR"},{"@type":"Organization","@id":"https:\/\/ponteseditores.com.br\/loja3\/#organization","name":"Pontes Editores","url":"https:\/\/ponteseditores.com.br\/loja3\/","logo":{"@type":"ImageObject","inLanguage":"pt-BR","@id":"https:\/\/ponteseditores.com.br\/loja3\/#\/schema\/logo\/image\/","url":"https:\/\/ponteseditores.com.br\/loja3\/wp-content\/uploads\/2023\/12\/logo-pontes-editores-v2.png","contentUrl":"https:\/\/ponteseditores.com.br\/loja3\/wp-content\/uploads\/2023\/12\/logo-pontes-editores-v2.png","width":258,"height":100,"caption":"Pontes Editores"},"image":{"@id":"https:\/\/ponteseditores.com.br\/loja3\/#\/schema\/logo\/image\/"}}]}},"_links":{"self":[{"href":"https:\/\/ponteseditores.com.br\/loja3\/wp-json\/wp\/v2\/product\/7529","targetHints":{"allow":["GET"]}}],"collection":[{"href":"https:\/\/ponteseditores.com.br\/loja3\/wp-json\/wp\/v2\/product"}],"about":[{"href":"https:\/\/ponteseditores.com.br\/loja3\/wp-json\/wp\/v2\/types\/product"}],"replies":[{"embeddable":true,"href":"https:\/\/ponteseditores.com.br\/loja3\/wp-json\/wp\/v2\/comments?post=7529"}],"version-history":[{"count":0,"href":"https:\/\/ponteseditores.com.br\/loja3\/wp-json\/wp\/v2\/product\/7529\/revisions"}],"wp:featuredmedia":[{"embeddable":true,"href":"https:\/\/ponteseditores.com.br\/loja3\/wp-json\/wp\/v2\/media\/7528"}],"wp:attachment":[{"href":"https:\/\/ponteseditores.com.br\/loja3\/wp-json\/wp\/v2\/media?parent=7529"}],"wp:term":[{"taxonomy":"product_brand","embeddable":true,"href":"https:\/\/ponteseditores.com.br\/loja3\/wp-json\/wp\/v2\/product_brand?post=7529"},{"taxonomy":"product_cat","embeddable":true,"href":"https:\/\/ponteseditores.com.br\/loja3\/wp-json\/wp\/v2\/product_cat?post=7529"},{"taxonomy":"product_tag","embeddable":true,"href":"https:\/\/ponteseditores.com.br\/loja3\/wp-json\/wp\/v2\/product_tag?post=7529"}],"curies":[{"name":"wp","href":"https:\/\/api.w.org\/{rel}","templated":true}]}}