{"id":7527,"date":"2023-12-15T00:50:15","date_gmt":"2023-12-15T03:50:15","guid":{"rendered":"https:\/\/ponteseditores.com.br\/loja3\/pontes-editores-home-2__trashed\/sem%20categoria\/o-poeta-max-martins-estudos-criticos-pelos-90-anos-do-poeta-em-2016\/"},"modified":"2023-12-15T11:55:40","modified_gmt":"2023-12-15T14:55:40","slug":"o-poeta-max-martins-estudos-criticos-pelos-90-anos-do-poeta-em-2016","status":"publish","type":"product","link":"https:\/\/ponteseditores.com.br\/loja3\/pontes-editores-home-2__trashed\/biografias\/o-poeta-max-martins-estudos-criticos-pelos-90-anos-do-poeta-em-2016\/","title":{"rendered":"O POETA MAX MARTINS: estudos cr\u00edticos  (Pelos 90 anos do poeta em 2016)"},"content":{"rendered":"<p>Mesmo quem ainda n\u00e3o mergulhou na obra de Max Martins pode perceber como sua fortuna cr\u00edtica tem se constitu\u00eddo de modo ativo e relativamente coeso. Em sua expans\u00e3o recente (sobretudo no per\u00edodo que se segue \u00e0 morte do autor, em 2009), coroada com a publica\u00e7\u00e3o da poesia completa, esses estudos t\u00eam mostrado um singular empenho em delimitar e fixar temas comuns \u00e0 obra, tanto no que diz respeito \u00e0 tradi\u00e7\u00e3o po\u00e9tica ocidental quanto \u00e0 vida art\u00edstica e cultural belenense. Max Martins vem se tornando mais do que um autor importante do panorama das Letras. Na pr\u00e1tica, funciona como uma refer\u00eancia de base para a forma\u00e7\u00e3o cr\u00edtica em poesia, ou ainda como roteiro para uma viagem ao espa\u00e7o f\u00edsico, hist\u00f3rico e cultural ao qual est\u00e1 vinculado. Poucos autores poderiam exibir, hoje, um tal proveito da simbiose afetiva e intelectual com sua localidade.<\/p>\n","protected":false},"excerpt":{"rendered":"<p>Mesmo quem ainda n\u00e3o mergulhou na obra de Max Martins pode perceber como sua fortuna cr\u00edtica tem se constitu\u00eddo de modo ativo e relativamente coeso. Em sua expans\u00e3o recente (sobretudo no per\u00edodo que se segue \u00e0 morte do autor, em 2009), coroada com a publica\u00e7\u00e3o da poesia completa, esses estudos t\u00eam mostrado um singular empenho [&hellip;]<\/p>\n","protected":false},"featured_media":5594,"comment_status":"open","ping_status":"closed","template":"","meta":{"_joinchat":[]},"product_brand":[],"product_cat":[285,297],"product_tag":[],"class_list":{"0":"post-7527","1":"product","2":"type-product","3":"status-publish","4":"has-post-thumbnail","6":"product_cat-biografias","7":"product_cat-critica-literaria","8":"product_shipping_class-livro-pontes-editores-fisico","10":"first","11":"instock","12":"shipping-taxable","13":"purchasable","14":"product-type-simple"},"yoast_head":"<!-- This site is optimized with the Yoast SEO plugin v27.4 - https:\/\/yoast.com\/product\/yoast-seo-wordpress\/ -->\n<title>O POETA MAX MARTINS: estudos cr\u00edticos (Pelos 90 anos do poeta em 2016) - Pontes Editores<\/title>\n<meta name=\"robots\" content=\"index, follow, max-snippet:-1, max-image-preview:large, max-video-preview:-1\" \/>\n<link rel=\"canonical\" href=\"https:\/\/ponteseditores.com.br\/loja3\/pontes-editores-home-2__trashed\/biografias\/o-poeta-max-martins-estudos-criticos-pelos-90-anos-do-poeta-em-2016\/\" \/>\n<meta property=\"og:locale\" content=\"pt_BR\" \/>\n<meta property=\"og:type\" content=\"article\" \/>\n<meta property=\"og:title\" content=\"O POETA MAX MARTINS: estudos cr\u00edticos (Pelos 90 anos do poeta em 2016) - Pontes Editores\" \/>\n<meta property=\"og:description\" content=\"Mesmo quem ainda n\u00e3o mergulhou na obra de Max Martins pode perceber como sua fortuna cr\u00edtica tem se constitu\u00eddo de modo ativo e relativamente coeso. Em sua expans\u00e3o recente (sobretudo no per\u00edodo que se segue \u00e0 morte do autor, em 2009), coroada com a publica\u00e7\u00e3o da poesia completa, esses estudos t\u00eam mostrado um singular empenho [&hellip;]\" \/>\n<meta property=\"og:url\" content=\"https:\/\/ponteseditores.com.br\/loja3\/pontes-editores-home-2__trashed\/biografias\/o-poeta-max-martins-estudos-criticos-pelos-90-anos-do-poeta-em-2016\/\" \/>\n<meta property=\"og:site_name\" content=\"Pontes Editores\" \/>\n<meta property=\"article:modified_time\" content=\"2023-12-15T14:55:40+00:00\" \/>\n<meta property=\"og:image\" content=\"https:\/\/ponteseditores.com.br\/loja3\/wp-content\/uploads\/2023\/12\/poeta1-1.jpg\" \/>\n\t<meta property=\"og:image:width\" content=\"900\" \/>\n\t<meta property=\"og:image:height\" content=\"1340\" \/>\n\t<meta property=\"og:image:type\" content=\"image\/jpeg\" \/>\n<meta name=\"twitter:card\" content=\"summary_large_image\" \/>\n<meta name=\"twitter:label1\" content=\"Est. tempo de leitura\" \/>\n\t<meta name=\"twitter:data1\" content=\"1 minuto\" \/>\n<script type=\"application\/ld+json\" class=\"yoast-schema-graph\">{\"@context\":\"https:\\\/\\\/schema.org\",\"@graph\":[{\"@type\":\"WebPage\",\"@id\":\"https:\\\/\\\/ponteseditores.com.br\\\/loja3\\\/pontes-editores-home-2__trashed\\\/biografias\\\/o-poeta-max-martins-estudos-criticos-pelos-90-anos-do-poeta-em-2016\\\/\",\"url\":\"https:\\\/\\\/ponteseditores.com.br\\\/loja3\\\/pontes-editores-home-2__trashed\\\/biografias\\\/o-poeta-max-martins-estudos-criticos-pelos-90-anos-do-poeta-em-2016\\\/\",\"name\":\"O POETA MAX MARTINS: estudos cr\u00edticos (Pelos 90 anos do poeta em 2016) - Pontes Editores\",\"isPartOf\":{\"@id\":\"https:\\\/\\\/ponteseditores.com.br\\\/loja3\\\/#website\"},\"primaryImageOfPage\":{\"@id\":\"https:\\\/\\\/ponteseditores.com.br\\\/loja3\\\/pontes-editores-home-2__trashed\\\/biografias\\\/o-poeta-max-martins-estudos-criticos-pelos-90-anos-do-poeta-em-2016\\\/#primaryimage\"},\"image\":{\"@id\":\"https:\\\/\\\/ponteseditores.com.br\\\/loja3\\\/pontes-editores-home-2__trashed\\\/biografias\\\/o-poeta-max-martins-estudos-criticos-pelos-90-anos-do-poeta-em-2016\\\/#primaryimage\"},\"thumbnailUrl\":\"https:\\\/\\\/ponteseditores.com.br\\\/loja3\\\/wp-content\\\/uploads\\\/2023\\\/12\\\/poeta1-1.jpg\",\"datePublished\":\"2023-12-15T03:50:15+00:00\",\"dateModified\":\"2023-12-15T14:55:40+00:00\",\"breadcrumb\":{\"@id\":\"https:\\\/\\\/ponteseditores.com.br\\\/loja3\\\/pontes-editores-home-2__trashed\\\/biografias\\\/o-poeta-max-martins-estudos-criticos-pelos-90-anos-do-poeta-em-2016\\\/#breadcrumb\"},\"inLanguage\":\"pt-BR\",\"potentialAction\":[{\"@type\":\"ReadAction\",\"target\":[\"https:\\\/\\\/ponteseditores.com.br\\\/loja3\\\/pontes-editores-home-2__trashed\\\/biografias\\\/o-poeta-max-martins-estudos-criticos-pelos-90-anos-do-poeta-em-2016\\\/\"]}]},{\"@type\":\"ImageObject\",\"inLanguage\":\"pt-BR\",\"@id\":\"https:\\\/\\\/ponteseditores.com.br\\\/loja3\\\/pontes-editores-home-2__trashed\\\/biografias\\\/o-poeta-max-martins-estudos-criticos-pelos-90-anos-do-poeta-em-2016\\\/#primaryimage\",\"url\":\"https:\\\/\\\/ponteseditores.com.br\\\/loja3\\\/wp-content\\\/uploads\\\/2023\\\/12\\\/poeta1-1.jpg\",\"contentUrl\":\"https:\\\/\\\/ponteseditores.com.br\\\/loja3\\\/wp-content\\\/uploads\\\/2023\\\/12\\\/poeta1-1.jpg\",\"width\":900,\"height\":1340},{\"@type\":\"BreadcrumbList\",\"@id\":\"https:\\\/\\\/ponteseditores.com.br\\\/loja3\\\/pontes-editores-home-2__trashed\\\/biografias\\\/o-poeta-max-martins-estudos-criticos-pelos-90-anos-do-poeta-em-2016\\\/#breadcrumb\",\"itemListElement\":[{\"@type\":\"ListItem\",\"position\":1,\"name\":\"Home\",\"item\":\"https:\\\/\\\/ponteseditores.com.br\\\/loja3\\\/\"},{\"@type\":\"ListItem\",\"position\":2,\"name\":\"loja\",\"item\":\"https:\\\/\\\/ponteseditores.com.br\\\/loja3\\\/loja\\\/\"},{\"@type\":\"ListItem\",\"position\":3,\"name\":\"O POETA MAX MARTINS: estudos cr\u00edticos (Pelos 90 anos do poeta em 2016)\"}]},{\"@type\":\"WebSite\",\"@id\":\"https:\\\/\\\/ponteseditores.com.br\\\/loja3\\\/#website\",\"url\":\"https:\\\/\\\/ponteseditores.com.br\\\/loja3\\\/\",\"name\":\"Pontes Editores\",\"description\":\"Pontes Editores\",\"publisher\":{\"@id\":\"https:\\\/\\\/ponteseditores.com.br\\\/loja3\\\/#organization\"},\"potentialAction\":[{\"@type\":\"SearchAction\",\"target\":{\"@type\":\"EntryPoint\",\"urlTemplate\":\"https:\\\/\\\/ponteseditores.com.br\\\/loja3\\\/?s={search_term_string}\"},\"query-input\":{\"@type\":\"PropertyValueSpecification\",\"valueRequired\":true,\"valueName\":\"search_term_string\"}}],\"inLanguage\":\"pt-BR\"},{\"@type\":\"Organization\",\"@id\":\"https:\\\/\\\/ponteseditores.com.br\\\/loja3\\\/#organization\",\"name\":\"Pontes Editores\",\"url\":\"https:\\\/\\\/ponteseditores.com.br\\\/loja3\\\/\",\"logo\":{\"@type\":\"ImageObject\",\"inLanguage\":\"pt-BR\",\"@id\":\"https:\\\/\\\/ponteseditores.com.br\\\/loja3\\\/#\\\/schema\\\/logo\\\/image\\\/\",\"url\":\"https:\\\/\\\/ponteseditores.com.br\\\/loja3\\\/wp-content\\\/uploads\\\/2023\\\/12\\\/logo-pontes-editores-v2.png\",\"contentUrl\":\"https:\\\/\\\/ponteseditores.com.br\\\/loja3\\\/wp-content\\\/uploads\\\/2023\\\/12\\\/logo-pontes-editores-v2.png\",\"width\":258,\"height\":100,\"caption\":\"Pontes Editores\"},\"image\":{\"@id\":\"https:\\\/\\\/ponteseditores.com.br\\\/loja3\\\/#\\\/schema\\\/logo\\\/image\\\/\"}}]}<\/script>\n<!-- \/ Yoast SEO plugin. -->","yoast_head_json":{"title":"O POETA MAX MARTINS: estudos cr\u00edticos (Pelos 90 anos do poeta em 2016) - Pontes Editores","robots":{"index":"index","follow":"follow","max-snippet":"max-snippet:-1","max-image-preview":"max-image-preview:large","max-video-preview":"max-video-preview:-1"},"canonical":"https:\/\/ponteseditores.com.br\/loja3\/pontes-editores-home-2__trashed\/biografias\/o-poeta-max-martins-estudos-criticos-pelos-90-anos-do-poeta-em-2016\/","og_locale":"pt_BR","og_type":"article","og_title":"O POETA MAX MARTINS: estudos cr\u00edticos (Pelos 90 anos do poeta em 2016) - Pontes Editores","og_description":"Mesmo quem ainda n\u00e3o mergulhou na obra de Max Martins pode perceber como sua fortuna cr\u00edtica tem se constitu\u00eddo de modo ativo e relativamente coeso. Em sua expans\u00e3o recente (sobretudo no per\u00edodo que se segue \u00e0 morte do autor, em 2009), coroada com a publica\u00e7\u00e3o da poesia completa, esses estudos t\u00eam mostrado um singular empenho [&hellip;]","og_url":"https:\/\/ponteseditores.com.br\/loja3\/pontes-editores-home-2__trashed\/biografias\/o-poeta-max-martins-estudos-criticos-pelos-90-anos-do-poeta-em-2016\/","og_site_name":"Pontes Editores","article_modified_time":"2023-12-15T14:55:40+00:00","og_image":[{"width":900,"height":1340,"url":"https:\/\/ponteseditores.com.br\/loja3\/wp-content\/uploads\/2023\/12\/poeta1-1.jpg","type":"image\/jpeg"}],"twitter_card":"summary_large_image","twitter_misc":{"Est. tempo de leitura":"1 minuto"},"schema":{"@context":"https:\/\/schema.org","@graph":[{"@type":"WebPage","@id":"https:\/\/ponteseditores.com.br\/loja3\/pontes-editores-home-2__trashed\/biografias\/o-poeta-max-martins-estudos-criticos-pelos-90-anos-do-poeta-em-2016\/","url":"https:\/\/ponteseditores.com.br\/loja3\/pontes-editores-home-2__trashed\/biografias\/o-poeta-max-martins-estudos-criticos-pelos-90-anos-do-poeta-em-2016\/","name":"O POETA MAX MARTINS: estudos cr\u00edticos (Pelos 90 anos do poeta em 2016) - Pontes Editores","isPartOf":{"@id":"https:\/\/ponteseditores.com.br\/loja3\/#website"},"primaryImageOfPage":{"@id":"https:\/\/ponteseditores.com.br\/loja3\/pontes-editores-home-2__trashed\/biografias\/o-poeta-max-martins-estudos-criticos-pelos-90-anos-do-poeta-em-2016\/#primaryimage"},"image":{"@id":"https:\/\/ponteseditores.com.br\/loja3\/pontes-editores-home-2__trashed\/biografias\/o-poeta-max-martins-estudos-criticos-pelos-90-anos-do-poeta-em-2016\/#primaryimage"},"thumbnailUrl":"https:\/\/ponteseditores.com.br\/loja3\/wp-content\/uploads\/2023\/12\/poeta1-1.jpg","datePublished":"2023-12-15T03:50:15+00:00","dateModified":"2023-12-15T14:55:40+00:00","breadcrumb":{"@id":"https:\/\/ponteseditores.com.br\/loja3\/pontes-editores-home-2__trashed\/biografias\/o-poeta-max-martins-estudos-criticos-pelos-90-anos-do-poeta-em-2016\/#breadcrumb"},"inLanguage":"pt-BR","potentialAction":[{"@type":"ReadAction","target":["https:\/\/ponteseditores.com.br\/loja3\/pontes-editores-home-2__trashed\/biografias\/o-poeta-max-martins-estudos-criticos-pelos-90-anos-do-poeta-em-2016\/"]}]},{"@type":"ImageObject","inLanguage":"pt-BR","@id":"https:\/\/ponteseditores.com.br\/loja3\/pontes-editores-home-2__trashed\/biografias\/o-poeta-max-martins-estudos-criticos-pelos-90-anos-do-poeta-em-2016\/#primaryimage","url":"https:\/\/ponteseditores.com.br\/loja3\/wp-content\/uploads\/2023\/12\/poeta1-1.jpg","contentUrl":"https:\/\/ponteseditores.com.br\/loja3\/wp-content\/uploads\/2023\/12\/poeta1-1.jpg","width":900,"height":1340},{"@type":"BreadcrumbList","@id":"https:\/\/ponteseditores.com.br\/loja3\/pontes-editores-home-2__trashed\/biografias\/o-poeta-max-martins-estudos-criticos-pelos-90-anos-do-poeta-em-2016\/#breadcrumb","itemListElement":[{"@type":"ListItem","position":1,"name":"Home","item":"https:\/\/ponteseditores.com.br\/loja3\/"},{"@type":"ListItem","position":2,"name":"loja","item":"https:\/\/ponteseditores.com.br\/loja3\/loja\/"},{"@type":"ListItem","position":3,"name":"O POETA MAX MARTINS: estudos cr\u00edticos (Pelos 90 anos do poeta em 2016)"}]},{"@type":"WebSite","@id":"https:\/\/ponteseditores.com.br\/loja3\/#website","url":"https:\/\/ponteseditores.com.br\/loja3\/","name":"Pontes Editores","description":"Pontes Editores","publisher":{"@id":"https:\/\/ponteseditores.com.br\/loja3\/#organization"},"potentialAction":[{"@type":"SearchAction","target":{"@type":"EntryPoint","urlTemplate":"https:\/\/ponteseditores.com.br\/loja3\/?s={search_term_string}"},"query-input":{"@type":"PropertyValueSpecification","valueRequired":true,"valueName":"search_term_string"}}],"inLanguage":"pt-BR"},{"@type":"Organization","@id":"https:\/\/ponteseditores.com.br\/loja3\/#organization","name":"Pontes Editores","url":"https:\/\/ponteseditores.com.br\/loja3\/","logo":{"@type":"ImageObject","inLanguage":"pt-BR","@id":"https:\/\/ponteseditores.com.br\/loja3\/#\/schema\/logo\/image\/","url":"https:\/\/ponteseditores.com.br\/loja3\/wp-content\/uploads\/2023\/12\/logo-pontes-editores-v2.png","contentUrl":"https:\/\/ponteseditores.com.br\/loja3\/wp-content\/uploads\/2023\/12\/logo-pontes-editores-v2.png","width":258,"height":100,"caption":"Pontes Editores"},"image":{"@id":"https:\/\/ponteseditores.com.br\/loja3\/#\/schema\/logo\/image\/"}}]}},"_links":{"self":[{"href":"https:\/\/ponteseditores.com.br\/loja3\/wp-json\/wp\/v2\/product\/7527","targetHints":{"allow":["GET"]}}],"collection":[{"href":"https:\/\/ponteseditores.com.br\/loja3\/wp-json\/wp\/v2\/product"}],"about":[{"href":"https:\/\/ponteseditores.com.br\/loja3\/wp-json\/wp\/v2\/types\/product"}],"replies":[{"embeddable":true,"href":"https:\/\/ponteseditores.com.br\/loja3\/wp-json\/wp\/v2\/comments?post=7527"}],"version-history":[{"count":0,"href":"https:\/\/ponteseditores.com.br\/loja3\/wp-json\/wp\/v2\/product\/7527\/revisions"}],"wp:featuredmedia":[{"embeddable":true,"href":"https:\/\/ponteseditores.com.br\/loja3\/wp-json\/wp\/v2\/media\/5594"}],"wp:attachment":[{"href":"https:\/\/ponteseditores.com.br\/loja3\/wp-json\/wp\/v2\/media?parent=7527"}],"wp:term":[{"taxonomy":"product_brand","embeddable":true,"href":"https:\/\/ponteseditores.com.br\/loja3\/wp-json\/wp\/v2\/product_brand?post=7527"},{"taxonomy":"product_cat","embeddable":true,"href":"https:\/\/ponteseditores.com.br\/loja3\/wp-json\/wp\/v2\/product_cat?post=7527"},{"taxonomy":"product_tag","embeddable":true,"href":"https:\/\/ponteseditores.com.br\/loja3\/wp-json\/wp\/v2\/product_tag?post=7527"}],"curies":[{"name":"wp","href":"https:\/\/api.w.org\/{rel}","templated":true}]}}