{"id":7507,"date":"2023-12-15T00:48:52","date_gmt":"2023-12-15T03:48:52","guid":{"rendered":"https:\/\/ponteseditores.com.br\/loja3\/pontes-editores-home-2__trashed\/sem%20categoria\/o-feminino-e-o-sagrado-perdido-perspectivas-de-integracao-pela-abordagem-transpessoal\/"},"modified":"2024-02-23T12:25:04","modified_gmt":"2024-02-23T15:25:04","slug":"o-feminino-e-o-sagrado-perdido-perspectivas-de-integracao-pela-abordagem-transpessoal","status":"publish","type":"product","link":"https:\/\/ponteseditores.com.br\/loja3\/pontes-editores-home-2__trashed\/psicologia\/o-feminino-e-o-sagrado-perdido-perspectivas-de-integracao-pela-abordagem-transpessoal\/","title":{"rendered":"O Feminino e o Sagrado Perdido Perspectivas de Integra\u00e7\u00e3o pela Abordagem Transpessoal"},"content":{"rendered":"<p>Se as mulheres souberem de sua hist\u00f3ria ancestral e da for\u00e7a que possuem, poder\u00e3o fazer escolhas diferentes? Como trazer de volta o contato com a natureza, a a\u00e7\u00e3o intuitiva e o sagrado inerente a ela? A espiritualidade que envolve a humanidade desde o seu in\u00edcio no planeta e o feminino dessacralizado pela sociedade patriarcal s\u00e3o temas emergentes que precisam ser colocados em pauta na atualidade. Para compreend\u00ea-los, este livro percorrer\u00e1 os per\u00edodos hist\u00f3ricos vivenciados pela mulher, desde sua ascens\u00e3o como deusa e sua venera\u00e7\u00e3o pelas antigas sociedades, pontuando a queda de sua import\u00e2ncia social e o extremo desamparo pela sociedade patriarcal &#8211; que perdura at\u00e9 este momento. Atrav\u00e9s da Abordagem Integrativa Transpessoal, busco refletir e reintegrar esses aspectos. Espero contribuir com suas inquieta\u00e7\u00f5es.<\/p>\n<p>Abra\u00e7os,<\/p>\n<p>Adelaide Alves<\/p>\n","protected":false},"excerpt":{"rendered":"<p>Se as mulheres souberem de sua hist\u00f3ria ancestral e da for\u00e7a que possuem, poder\u00e3o fazer escolhas diferentes? Como trazer de volta o contato com a natureza, a a\u00e7\u00e3o intuitiva e o sagrado inerente a ela? A espiritualidade que envolve a humanidade desde o seu in\u00edcio no planeta e o feminino dessacralizado pela sociedade patriarcal s\u00e3o [&hellip;]<\/p>\n","protected":false},"featured_media":7506,"comment_status":"open","ping_status":"closed","template":"","meta":{"_joinchat":[]},"product_brand":[],"product_cat":[273,137],"product_tag":[],"class_list":{"0":"post-7507","1":"product","2":"type-product","3":"status-publish","4":"has-post-thumbnail","6":"product_cat-historia","7":"product_cat-psicologia","8":"product_shipping_class-livro-pontes-editores-fisico","10":"first","11":"outofstock","12":"shipping-taxable","13":"purchasable","14":"product-type-simple"},"yoast_head":"<!-- This site is optimized with the Yoast SEO plugin v27.4 - https:\/\/yoast.com\/product\/yoast-seo-wordpress\/ -->\n<title>O Feminino e o Sagrado Perdido Perspectivas de Integra\u00e7\u00e3o pela Abordagem Transpessoal - Pontes Editores<\/title>\n<meta name=\"robots\" content=\"index, follow, max-snippet:-1, max-image-preview:large, max-video-preview:-1\" \/>\n<link rel=\"canonical\" href=\"https:\/\/ponteseditores.com.br\/loja3\/pontes-editores-home-2__trashed\/psicologia\/o-feminino-e-o-sagrado-perdido-perspectivas-de-integracao-pela-abordagem-transpessoal\/\" \/>\n<meta property=\"og:locale\" content=\"pt_BR\" \/>\n<meta property=\"og:type\" content=\"article\" \/>\n<meta property=\"og:title\" content=\"O Feminino e o Sagrado Perdido Perspectivas de Integra\u00e7\u00e3o pela Abordagem Transpessoal - Pontes Editores\" \/>\n<meta property=\"og:description\" content=\"Se as mulheres souberem de sua hist\u00f3ria ancestral e da for\u00e7a que possuem, poder\u00e3o fazer escolhas diferentes? Como trazer de volta o contato com a natureza, a a\u00e7\u00e3o intuitiva e o sagrado inerente a ela? A espiritualidade que envolve a humanidade desde o seu in\u00edcio no planeta e o feminino dessacralizado pela sociedade patriarcal s\u00e3o [&hellip;]\" \/>\n<meta property=\"og:url\" content=\"https:\/\/ponteseditores.com.br\/loja3\/pontes-editores-home-2__trashed\/psicologia\/o-feminino-e-o-sagrado-perdido-perspectivas-de-integracao-pela-abordagem-transpessoal\/\" \/>\n<meta property=\"og:site_name\" content=\"Pontes Editores\" \/>\n<meta property=\"article:modified_time\" content=\"2024-02-23T15:25:04+00:00\" \/>\n<meta property=\"og:image\" content=\"https:\/\/ponteseditores.com.br\/loja3\/wp-content\/uploads\/2023\/12\/capa20feminino.jpg\" \/>\n\t<meta property=\"og:image:width\" content=\"900\" \/>\n\t<meta property=\"og:image:height\" content=\"1362\" \/>\n\t<meta property=\"og:image:type\" content=\"image\/jpeg\" \/>\n<meta name=\"twitter:card\" content=\"summary_large_image\" \/>\n<meta name=\"twitter:label1\" content=\"Est. tempo de leitura\" \/>\n\t<meta name=\"twitter:data1\" content=\"1 minuto\" \/>\n<script type=\"application\/ld+json\" class=\"yoast-schema-graph\">{\"@context\":\"https:\\\/\\\/schema.org\",\"@graph\":[{\"@type\":\"WebPage\",\"@id\":\"https:\\\/\\\/ponteseditores.com.br\\\/loja3\\\/pontes-editores-home-2__trashed\\\/psicologia\\\/o-feminino-e-o-sagrado-perdido-perspectivas-de-integracao-pela-abordagem-transpessoal\\\/\",\"url\":\"https:\\\/\\\/ponteseditores.com.br\\\/loja3\\\/pontes-editores-home-2__trashed\\\/psicologia\\\/o-feminino-e-o-sagrado-perdido-perspectivas-de-integracao-pela-abordagem-transpessoal\\\/\",\"name\":\"O Feminino e o Sagrado Perdido Perspectivas de Integra\u00e7\u00e3o pela Abordagem Transpessoal - Pontes Editores\",\"isPartOf\":{\"@id\":\"https:\\\/\\\/ponteseditores.com.br\\\/loja3\\\/#website\"},\"primaryImageOfPage\":{\"@id\":\"https:\\\/\\\/ponteseditores.com.br\\\/loja3\\\/pontes-editores-home-2__trashed\\\/psicologia\\\/o-feminino-e-o-sagrado-perdido-perspectivas-de-integracao-pela-abordagem-transpessoal\\\/#primaryimage\"},\"image\":{\"@id\":\"https:\\\/\\\/ponteseditores.com.br\\\/loja3\\\/pontes-editores-home-2__trashed\\\/psicologia\\\/o-feminino-e-o-sagrado-perdido-perspectivas-de-integracao-pela-abordagem-transpessoal\\\/#primaryimage\"},\"thumbnailUrl\":\"https:\\\/\\\/ponteseditores.com.br\\\/loja3\\\/wp-content\\\/uploads\\\/2023\\\/12\\\/capa20feminino.jpg\",\"datePublished\":\"2023-12-15T03:48:52+00:00\",\"dateModified\":\"2024-02-23T15:25:04+00:00\",\"breadcrumb\":{\"@id\":\"https:\\\/\\\/ponteseditores.com.br\\\/loja3\\\/pontes-editores-home-2__trashed\\\/psicologia\\\/o-feminino-e-o-sagrado-perdido-perspectivas-de-integracao-pela-abordagem-transpessoal\\\/#breadcrumb\"},\"inLanguage\":\"pt-BR\",\"potentialAction\":[{\"@type\":\"ReadAction\",\"target\":[\"https:\\\/\\\/ponteseditores.com.br\\\/loja3\\\/pontes-editores-home-2__trashed\\\/psicologia\\\/o-feminino-e-o-sagrado-perdido-perspectivas-de-integracao-pela-abordagem-transpessoal\\\/\"]}]},{\"@type\":\"ImageObject\",\"inLanguage\":\"pt-BR\",\"@id\":\"https:\\\/\\\/ponteseditores.com.br\\\/loja3\\\/pontes-editores-home-2__trashed\\\/psicologia\\\/o-feminino-e-o-sagrado-perdido-perspectivas-de-integracao-pela-abordagem-transpessoal\\\/#primaryimage\",\"url\":\"https:\\\/\\\/ponteseditores.com.br\\\/loja3\\\/wp-content\\\/uploads\\\/2023\\\/12\\\/capa20feminino.jpg\",\"contentUrl\":\"https:\\\/\\\/ponteseditores.com.br\\\/loja3\\\/wp-content\\\/uploads\\\/2023\\\/12\\\/capa20feminino.jpg\",\"width\":900,\"height\":1362},{\"@type\":\"BreadcrumbList\",\"@id\":\"https:\\\/\\\/ponteseditores.com.br\\\/loja3\\\/pontes-editores-home-2__trashed\\\/psicologia\\\/o-feminino-e-o-sagrado-perdido-perspectivas-de-integracao-pela-abordagem-transpessoal\\\/#breadcrumb\",\"itemListElement\":[{\"@type\":\"ListItem\",\"position\":1,\"name\":\"Home\",\"item\":\"https:\\\/\\\/ponteseditores.com.br\\\/loja3\\\/\"},{\"@type\":\"ListItem\",\"position\":2,\"name\":\"loja\",\"item\":\"https:\\\/\\\/ponteseditores.com.br\\\/loja3\\\/loja\\\/\"},{\"@type\":\"ListItem\",\"position\":3,\"name\":\"O Feminino e o Sagrado Perdido Perspectivas de Integra\u00e7\u00e3o pela Abordagem Transpessoal\"}]},{\"@type\":\"WebSite\",\"@id\":\"https:\\\/\\\/ponteseditores.com.br\\\/loja3\\\/#website\",\"url\":\"https:\\\/\\\/ponteseditores.com.br\\\/loja3\\\/\",\"name\":\"Pontes Editores\",\"description\":\"Pontes Editores\",\"publisher\":{\"@id\":\"https:\\\/\\\/ponteseditores.com.br\\\/loja3\\\/#organization\"},\"potentialAction\":[{\"@type\":\"SearchAction\",\"target\":{\"@type\":\"EntryPoint\",\"urlTemplate\":\"https:\\\/\\\/ponteseditores.com.br\\\/loja3\\\/?s={search_term_string}\"},\"query-input\":{\"@type\":\"PropertyValueSpecification\",\"valueRequired\":true,\"valueName\":\"search_term_string\"}}],\"inLanguage\":\"pt-BR\"},{\"@type\":\"Organization\",\"@id\":\"https:\\\/\\\/ponteseditores.com.br\\\/loja3\\\/#organization\",\"name\":\"Pontes Editores\",\"url\":\"https:\\\/\\\/ponteseditores.com.br\\\/loja3\\\/\",\"logo\":{\"@type\":\"ImageObject\",\"inLanguage\":\"pt-BR\",\"@id\":\"https:\\\/\\\/ponteseditores.com.br\\\/loja3\\\/#\\\/schema\\\/logo\\\/image\\\/\",\"url\":\"https:\\\/\\\/ponteseditores.com.br\\\/loja3\\\/wp-content\\\/uploads\\\/2023\\\/12\\\/logo-pontes-editores-v2.png\",\"contentUrl\":\"https:\\\/\\\/ponteseditores.com.br\\\/loja3\\\/wp-content\\\/uploads\\\/2023\\\/12\\\/logo-pontes-editores-v2.png\",\"width\":258,\"height\":100,\"caption\":\"Pontes Editores\"},\"image\":{\"@id\":\"https:\\\/\\\/ponteseditores.com.br\\\/loja3\\\/#\\\/schema\\\/logo\\\/image\\\/\"}}]}<\/script>\n<!-- \/ Yoast SEO plugin. -->","yoast_head_json":{"title":"O Feminino e o Sagrado Perdido Perspectivas de Integra\u00e7\u00e3o pela Abordagem Transpessoal - Pontes Editores","robots":{"index":"index","follow":"follow","max-snippet":"max-snippet:-1","max-image-preview":"max-image-preview:large","max-video-preview":"max-video-preview:-1"},"canonical":"https:\/\/ponteseditores.com.br\/loja3\/pontes-editores-home-2__trashed\/psicologia\/o-feminino-e-o-sagrado-perdido-perspectivas-de-integracao-pela-abordagem-transpessoal\/","og_locale":"pt_BR","og_type":"article","og_title":"O Feminino e o Sagrado Perdido Perspectivas de Integra\u00e7\u00e3o pela Abordagem Transpessoal - Pontes Editores","og_description":"Se as mulheres souberem de sua hist\u00f3ria ancestral e da for\u00e7a que possuem, poder\u00e3o fazer escolhas diferentes? Como trazer de volta o contato com a natureza, a a\u00e7\u00e3o intuitiva e o sagrado inerente a ela? A espiritualidade que envolve a humanidade desde o seu in\u00edcio no planeta e o feminino dessacralizado pela sociedade patriarcal s\u00e3o [&hellip;]","og_url":"https:\/\/ponteseditores.com.br\/loja3\/pontes-editores-home-2__trashed\/psicologia\/o-feminino-e-o-sagrado-perdido-perspectivas-de-integracao-pela-abordagem-transpessoal\/","og_site_name":"Pontes Editores","article_modified_time":"2024-02-23T15:25:04+00:00","og_image":[{"width":900,"height":1362,"url":"https:\/\/ponteseditores.com.br\/loja3\/wp-content\/uploads\/2023\/12\/capa20feminino.jpg","type":"image\/jpeg"}],"twitter_card":"summary_large_image","twitter_misc":{"Est. tempo de leitura":"1 minuto"},"schema":{"@context":"https:\/\/schema.org","@graph":[{"@type":"WebPage","@id":"https:\/\/ponteseditores.com.br\/loja3\/pontes-editores-home-2__trashed\/psicologia\/o-feminino-e-o-sagrado-perdido-perspectivas-de-integracao-pela-abordagem-transpessoal\/","url":"https:\/\/ponteseditores.com.br\/loja3\/pontes-editores-home-2__trashed\/psicologia\/o-feminino-e-o-sagrado-perdido-perspectivas-de-integracao-pela-abordagem-transpessoal\/","name":"O Feminino e o Sagrado Perdido Perspectivas de Integra\u00e7\u00e3o pela Abordagem Transpessoal - Pontes Editores","isPartOf":{"@id":"https:\/\/ponteseditores.com.br\/loja3\/#website"},"primaryImageOfPage":{"@id":"https:\/\/ponteseditores.com.br\/loja3\/pontes-editores-home-2__trashed\/psicologia\/o-feminino-e-o-sagrado-perdido-perspectivas-de-integracao-pela-abordagem-transpessoal\/#primaryimage"},"image":{"@id":"https:\/\/ponteseditores.com.br\/loja3\/pontes-editores-home-2__trashed\/psicologia\/o-feminino-e-o-sagrado-perdido-perspectivas-de-integracao-pela-abordagem-transpessoal\/#primaryimage"},"thumbnailUrl":"https:\/\/ponteseditores.com.br\/loja3\/wp-content\/uploads\/2023\/12\/capa20feminino.jpg","datePublished":"2023-12-15T03:48:52+00:00","dateModified":"2024-02-23T15:25:04+00:00","breadcrumb":{"@id":"https:\/\/ponteseditores.com.br\/loja3\/pontes-editores-home-2__trashed\/psicologia\/o-feminino-e-o-sagrado-perdido-perspectivas-de-integracao-pela-abordagem-transpessoal\/#breadcrumb"},"inLanguage":"pt-BR","potentialAction":[{"@type":"ReadAction","target":["https:\/\/ponteseditores.com.br\/loja3\/pontes-editores-home-2__trashed\/psicologia\/o-feminino-e-o-sagrado-perdido-perspectivas-de-integracao-pela-abordagem-transpessoal\/"]}]},{"@type":"ImageObject","inLanguage":"pt-BR","@id":"https:\/\/ponteseditores.com.br\/loja3\/pontes-editores-home-2__trashed\/psicologia\/o-feminino-e-o-sagrado-perdido-perspectivas-de-integracao-pela-abordagem-transpessoal\/#primaryimage","url":"https:\/\/ponteseditores.com.br\/loja3\/wp-content\/uploads\/2023\/12\/capa20feminino.jpg","contentUrl":"https:\/\/ponteseditores.com.br\/loja3\/wp-content\/uploads\/2023\/12\/capa20feminino.jpg","width":900,"height":1362},{"@type":"BreadcrumbList","@id":"https:\/\/ponteseditores.com.br\/loja3\/pontes-editores-home-2__trashed\/psicologia\/o-feminino-e-o-sagrado-perdido-perspectivas-de-integracao-pela-abordagem-transpessoal\/#breadcrumb","itemListElement":[{"@type":"ListItem","position":1,"name":"Home","item":"https:\/\/ponteseditores.com.br\/loja3\/"},{"@type":"ListItem","position":2,"name":"loja","item":"https:\/\/ponteseditores.com.br\/loja3\/loja\/"},{"@type":"ListItem","position":3,"name":"O Feminino e o Sagrado Perdido Perspectivas de Integra\u00e7\u00e3o pela Abordagem Transpessoal"}]},{"@type":"WebSite","@id":"https:\/\/ponteseditores.com.br\/loja3\/#website","url":"https:\/\/ponteseditores.com.br\/loja3\/","name":"Pontes Editores","description":"Pontes Editores","publisher":{"@id":"https:\/\/ponteseditores.com.br\/loja3\/#organization"},"potentialAction":[{"@type":"SearchAction","target":{"@type":"EntryPoint","urlTemplate":"https:\/\/ponteseditores.com.br\/loja3\/?s={search_term_string}"},"query-input":{"@type":"PropertyValueSpecification","valueRequired":true,"valueName":"search_term_string"}}],"inLanguage":"pt-BR"},{"@type":"Organization","@id":"https:\/\/ponteseditores.com.br\/loja3\/#organization","name":"Pontes Editores","url":"https:\/\/ponteseditores.com.br\/loja3\/","logo":{"@type":"ImageObject","inLanguage":"pt-BR","@id":"https:\/\/ponteseditores.com.br\/loja3\/#\/schema\/logo\/image\/","url":"https:\/\/ponteseditores.com.br\/loja3\/wp-content\/uploads\/2023\/12\/logo-pontes-editores-v2.png","contentUrl":"https:\/\/ponteseditores.com.br\/loja3\/wp-content\/uploads\/2023\/12\/logo-pontes-editores-v2.png","width":258,"height":100,"caption":"Pontes Editores"},"image":{"@id":"https:\/\/ponteseditores.com.br\/loja3\/#\/schema\/logo\/image\/"}}]}},"_links":{"self":[{"href":"https:\/\/ponteseditores.com.br\/loja3\/wp-json\/wp\/v2\/product\/7507","targetHints":{"allow":["GET"]}}],"collection":[{"href":"https:\/\/ponteseditores.com.br\/loja3\/wp-json\/wp\/v2\/product"}],"about":[{"href":"https:\/\/ponteseditores.com.br\/loja3\/wp-json\/wp\/v2\/types\/product"}],"replies":[{"embeddable":true,"href":"https:\/\/ponteseditores.com.br\/loja3\/wp-json\/wp\/v2\/comments?post=7507"}],"version-history":[{"count":1,"href":"https:\/\/ponteseditores.com.br\/loja3\/wp-json\/wp\/v2\/product\/7507\/revisions"}],"predecessor-version":[{"id":26438,"href":"https:\/\/ponteseditores.com.br\/loja3\/wp-json\/wp\/v2\/product\/7507\/revisions\/26438"}],"wp:featuredmedia":[{"embeddable":true,"href":"https:\/\/ponteseditores.com.br\/loja3\/wp-json\/wp\/v2\/media\/7506"}],"wp:attachment":[{"href":"https:\/\/ponteseditores.com.br\/loja3\/wp-json\/wp\/v2\/media?parent=7507"}],"wp:term":[{"taxonomy":"product_brand","embeddable":true,"href":"https:\/\/ponteseditores.com.br\/loja3\/wp-json\/wp\/v2\/product_brand?post=7507"},{"taxonomy":"product_cat","embeddable":true,"href":"https:\/\/ponteseditores.com.br\/loja3\/wp-json\/wp\/v2\/product_cat?post=7507"},{"taxonomy":"product_tag","embeddable":true,"href":"https:\/\/ponteseditores.com.br\/loja3\/wp-json\/wp\/v2\/product_tag?post=7507"}],"curies":[{"name":"wp","href":"https:\/\/api.w.org\/{rel}","templated":true}]}}