{"id":7501,"date":"2023-12-15T00:48:48","date_gmt":"2023-12-15T03:48:48","guid":{"rendered":"https:\/\/ponteseditores.com.br\/loja3\/pontes-editores-home-2__trashed\/sem%20categoria\/escrever-em-espanhol-um-guia-didatico-pela-cognicao-textual\/"},"modified":"2025-09-25T08:54:05","modified_gmt":"2025-09-25T11:54:05","slug":"escrever-em-espanhol-um-guia-didatico-pela-cognicao-textual","status":"publish","type":"product","link":"https:\/\/ponteseditores.com.br\/loja3\/pontes-editores-home-2__trashed\/ensino-de-linguas\/escrever-em-espanhol-um-guia-didatico-pela-cognicao-textual\/","title":{"rendered":"Escrever em Espanhol um guia did\u00e1tico pela cogni\u00e7\u00e3o textual"},"content":{"rendered":"<p>Escrever em espanhol requer conhecer as fun\u00e7\u00f5es desempenhadas por certas sequ\u00eancias morfossint\u00e1ticas que pertencem ao acervo da l\u00edngua. Isto n\u00e3o significa que a escrita n\u00e3o possa ser criativa, ao contr\u00e1rio. Este livro funciona como um guia pelas possibilidades expressivas do espanhol, no qual s\u00e3o discutidas as compatibilidades convencionais entre formas e fun\u00e7\u00f5es, permitindo ao leitor saber em quais situa\u00e7\u00f5es estar\u00e1 fazendo uso das formas esperadas pelos usu\u00e1rios em determinados contextos e quando estar\u00e1 promovendo usos marcados, com a finalidade de focalizar, enfatizar e, at\u00e9 mesmo, surpreender o interlocutor com o uso da linguagem. O livro, nas discuss\u00f5es travadas sobre diferentes aspectos, mostra como o espanhol e o portugu\u00eas brasileiro, l\u00ednguas consideradas t\u00e3o pr\u00f3ximas, v\u00e3o marcando suas diferen\u00e7as absolutas \u00e0 medida que a pesquisa adentra as inst\u00e2ncias de uso em cada uma delas.<\/p>\n","protected":false},"excerpt":{"rendered":"<p>Escrever em espanhol requer conhecer as fun\u00e7\u00f5es desempenhadas por certas sequ\u00eancias morfossint\u00e1ticas que pertencem ao acervo da l\u00edngua. Isto n\u00e3o significa que a escrita n\u00e3o possa ser criativa, ao contr\u00e1rio. Este livro funciona como um guia pelas possibilidades expressivas do espanhol, no qual s\u00e3o discutidas as compatibilidades convencionais entre formas e fun\u00e7\u00f5es, permitindo ao leitor [&hellip;]<\/p>\n","protected":false},"featured_media":7500,"comment_status":"open","ping_status":"closed","template":"","meta":{"_joinchat":[]},"product_brand":[],"product_cat":[301,140],"product_tag":[],"class_list":{"0":"post-7501","1":"product","2":"type-product","3":"status-publish","4":"has-post-thumbnail","6":"product_cat-analise-de-discurso","7":"product_cat-ensino-de-linguas","8":"product_shipping_class-livro-pontes-editores-fisico","10":"first","11":"instock","12":"shipping-taxable","13":"purchasable","14":"product-type-simple"},"yoast_head":"<!-- This site is optimized with the Yoast SEO plugin v27.4 - https:\/\/yoast.com\/product\/yoast-seo-wordpress\/ -->\n<title>Escrever em Espanhol um guia did\u00e1tico pela cogni\u00e7\u00e3o textual - Pontes Editores<\/title>\n<meta name=\"robots\" content=\"index, follow, max-snippet:-1, max-image-preview:large, max-video-preview:-1\" \/>\n<link rel=\"canonical\" href=\"https:\/\/ponteseditores.com.br\/loja3\/pontes-editores-home-2__trashed\/ensino-de-linguas\/escrever-em-espanhol-um-guia-didatico-pela-cognicao-textual\/\" \/>\n<meta property=\"og:locale\" content=\"pt_BR\" \/>\n<meta property=\"og:type\" content=\"article\" \/>\n<meta property=\"og:title\" content=\"Escrever em Espanhol um guia did\u00e1tico pela cogni\u00e7\u00e3o textual - Pontes Editores\" \/>\n<meta property=\"og:description\" content=\"Escrever em espanhol requer conhecer as fun\u00e7\u00f5es desempenhadas por certas sequ\u00eancias morfossint\u00e1ticas que pertencem ao acervo da l\u00edngua. Isto n\u00e3o significa que a escrita n\u00e3o possa ser criativa, ao contr\u00e1rio. Este livro funciona como um guia pelas possibilidades expressivas do espanhol, no qual s\u00e3o discutidas as compatibilidades convencionais entre formas e fun\u00e7\u00f5es, permitindo ao leitor [&hellip;]\" \/>\n<meta property=\"og:url\" content=\"https:\/\/ponteseditores.com.br\/loja3\/pontes-editores-home-2__trashed\/ensino-de-linguas\/escrever-em-espanhol-um-guia-didatico-pela-cognicao-textual\/\" \/>\n<meta property=\"og:site_name\" content=\"Pontes Editores\" \/>\n<meta property=\"article:modified_time\" content=\"2025-09-25T11:54:05+00:00\" \/>\n<meta property=\"og:image\" content=\"https:\/\/ponteseditores.com.br\/loja3\/wp-content\/uploads\/2023\/12\/capa20espanhol.jpg\" \/>\n\t<meta property=\"og:image:width\" content=\"800\" \/>\n\t<meta property=\"og:image:height\" content=\"1178\" \/>\n\t<meta property=\"og:image:type\" content=\"image\/jpeg\" \/>\n<meta name=\"twitter:card\" content=\"summary_large_image\" \/>\n<meta name=\"twitter:label1\" content=\"Est. tempo de leitura\" \/>\n\t<meta name=\"twitter:data1\" content=\"1 minuto\" \/>\n<script type=\"application\/ld+json\" class=\"yoast-schema-graph\">{\"@context\":\"https:\\\/\\\/schema.org\",\"@graph\":[{\"@type\":\"WebPage\",\"@id\":\"https:\\\/\\\/ponteseditores.com.br\\\/loja3\\\/pontes-editores-home-2__trashed\\\/ensino-de-linguas\\\/escrever-em-espanhol-um-guia-didatico-pela-cognicao-textual\\\/\",\"url\":\"https:\\\/\\\/ponteseditores.com.br\\\/loja3\\\/pontes-editores-home-2__trashed\\\/ensino-de-linguas\\\/escrever-em-espanhol-um-guia-didatico-pela-cognicao-textual\\\/\",\"name\":\"Escrever em Espanhol um guia did\u00e1tico pela cogni\u00e7\u00e3o textual - Pontes Editores\",\"isPartOf\":{\"@id\":\"https:\\\/\\\/ponteseditores.com.br\\\/loja3\\\/#website\"},\"primaryImageOfPage\":{\"@id\":\"https:\\\/\\\/ponteseditores.com.br\\\/loja3\\\/pontes-editores-home-2__trashed\\\/ensino-de-linguas\\\/escrever-em-espanhol-um-guia-didatico-pela-cognicao-textual\\\/#primaryimage\"},\"image\":{\"@id\":\"https:\\\/\\\/ponteseditores.com.br\\\/loja3\\\/pontes-editores-home-2__trashed\\\/ensino-de-linguas\\\/escrever-em-espanhol-um-guia-didatico-pela-cognicao-textual\\\/#primaryimage\"},\"thumbnailUrl\":\"https:\\\/\\\/ponteseditores.com.br\\\/loja3\\\/wp-content\\\/uploads\\\/2023\\\/12\\\/capa20espanhol.jpg\",\"datePublished\":\"2023-12-15T03:48:48+00:00\",\"dateModified\":\"2025-09-25T11:54:05+00:00\",\"breadcrumb\":{\"@id\":\"https:\\\/\\\/ponteseditores.com.br\\\/loja3\\\/pontes-editores-home-2__trashed\\\/ensino-de-linguas\\\/escrever-em-espanhol-um-guia-didatico-pela-cognicao-textual\\\/#breadcrumb\"},\"inLanguage\":\"pt-BR\",\"potentialAction\":[{\"@type\":\"ReadAction\",\"target\":[\"https:\\\/\\\/ponteseditores.com.br\\\/loja3\\\/pontes-editores-home-2__trashed\\\/ensino-de-linguas\\\/escrever-em-espanhol-um-guia-didatico-pela-cognicao-textual\\\/\"]}]},{\"@type\":\"ImageObject\",\"inLanguage\":\"pt-BR\",\"@id\":\"https:\\\/\\\/ponteseditores.com.br\\\/loja3\\\/pontes-editores-home-2__trashed\\\/ensino-de-linguas\\\/escrever-em-espanhol-um-guia-didatico-pela-cognicao-textual\\\/#primaryimage\",\"url\":\"https:\\\/\\\/ponteseditores.com.br\\\/loja3\\\/wp-content\\\/uploads\\\/2023\\\/12\\\/capa20espanhol.jpg\",\"contentUrl\":\"https:\\\/\\\/ponteseditores.com.br\\\/loja3\\\/wp-content\\\/uploads\\\/2023\\\/12\\\/capa20espanhol.jpg\",\"width\":800,\"height\":1178},{\"@type\":\"BreadcrumbList\",\"@id\":\"https:\\\/\\\/ponteseditores.com.br\\\/loja3\\\/pontes-editores-home-2__trashed\\\/ensino-de-linguas\\\/escrever-em-espanhol-um-guia-didatico-pela-cognicao-textual\\\/#breadcrumb\",\"itemListElement\":[{\"@type\":\"ListItem\",\"position\":1,\"name\":\"Home\",\"item\":\"https:\\\/\\\/ponteseditores.com.br\\\/loja3\\\/\"},{\"@type\":\"ListItem\",\"position\":2,\"name\":\"loja\",\"item\":\"https:\\\/\\\/ponteseditores.com.br\\\/loja3\\\/loja\\\/\"},{\"@type\":\"ListItem\",\"position\":3,\"name\":\"Escrever em Espanhol um guia did\u00e1tico pela cogni\u00e7\u00e3o textual\"}]},{\"@type\":\"WebSite\",\"@id\":\"https:\\\/\\\/ponteseditores.com.br\\\/loja3\\\/#website\",\"url\":\"https:\\\/\\\/ponteseditores.com.br\\\/loja3\\\/\",\"name\":\"Pontes Editores\",\"description\":\"Pontes Editores\",\"publisher\":{\"@id\":\"https:\\\/\\\/ponteseditores.com.br\\\/loja3\\\/#organization\"},\"potentialAction\":[{\"@type\":\"SearchAction\",\"target\":{\"@type\":\"EntryPoint\",\"urlTemplate\":\"https:\\\/\\\/ponteseditores.com.br\\\/loja3\\\/?s={search_term_string}\"},\"query-input\":{\"@type\":\"PropertyValueSpecification\",\"valueRequired\":true,\"valueName\":\"search_term_string\"}}],\"inLanguage\":\"pt-BR\"},{\"@type\":\"Organization\",\"@id\":\"https:\\\/\\\/ponteseditores.com.br\\\/loja3\\\/#organization\",\"name\":\"Pontes Editores\",\"url\":\"https:\\\/\\\/ponteseditores.com.br\\\/loja3\\\/\",\"logo\":{\"@type\":\"ImageObject\",\"inLanguage\":\"pt-BR\",\"@id\":\"https:\\\/\\\/ponteseditores.com.br\\\/loja3\\\/#\\\/schema\\\/logo\\\/image\\\/\",\"url\":\"https:\\\/\\\/ponteseditores.com.br\\\/loja3\\\/wp-content\\\/uploads\\\/2023\\\/12\\\/logo-pontes-editores-v2.png\",\"contentUrl\":\"https:\\\/\\\/ponteseditores.com.br\\\/loja3\\\/wp-content\\\/uploads\\\/2023\\\/12\\\/logo-pontes-editores-v2.png\",\"width\":258,\"height\":100,\"caption\":\"Pontes Editores\"},\"image\":{\"@id\":\"https:\\\/\\\/ponteseditores.com.br\\\/loja3\\\/#\\\/schema\\\/logo\\\/image\\\/\"}}]}<\/script>\n<!-- \/ Yoast SEO plugin. -->","yoast_head_json":{"title":"Escrever em Espanhol um guia did\u00e1tico pela cogni\u00e7\u00e3o textual - Pontes Editores","robots":{"index":"index","follow":"follow","max-snippet":"max-snippet:-1","max-image-preview":"max-image-preview:large","max-video-preview":"max-video-preview:-1"},"canonical":"https:\/\/ponteseditores.com.br\/loja3\/pontes-editores-home-2__trashed\/ensino-de-linguas\/escrever-em-espanhol-um-guia-didatico-pela-cognicao-textual\/","og_locale":"pt_BR","og_type":"article","og_title":"Escrever em Espanhol um guia did\u00e1tico pela cogni\u00e7\u00e3o textual - Pontes Editores","og_description":"Escrever em espanhol requer conhecer as fun\u00e7\u00f5es desempenhadas por certas sequ\u00eancias morfossint\u00e1ticas que pertencem ao acervo da l\u00edngua. Isto n\u00e3o significa que a escrita n\u00e3o possa ser criativa, ao contr\u00e1rio. Este livro funciona como um guia pelas possibilidades expressivas do espanhol, no qual s\u00e3o discutidas as compatibilidades convencionais entre formas e fun\u00e7\u00f5es, permitindo ao leitor [&hellip;]","og_url":"https:\/\/ponteseditores.com.br\/loja3\/pontes-editores-home-2__trashed\/ensino-de-linguas\/escrever-em-espanhol-um-guia-didatico-pela-cognicao-textual\/","og_site_name":"Pontes Editores","article_modified_time":"2025-09-25T11:54:05+00:00","og_image":[{"width":800,"height":1178,"url":"https:\/\/ponteseditores.com.br\/loja3\/wp-content\/uploads\/2023\/12\/capa20espanhol.jpg","type":"image\/jpeg"}],"twitter_card":"summary_large_image","twitter_misc":{"Est. tempo de leitura":"1 minuto"},"schema":{"@context":"https:\/\/schema.org","@graph":[{"@type":"WebPage","@id":"https:\/\/ponteseditores.com.br\/loja3\/pontes-editores-home-2__trashed\/ensino-de-linguas\/escrever-em-espanhol-um-guia-didatico-pela-cognicao-textual\/","url":"https:\/\/ponteseditores.com.br\/loja3\/pontes-editores-home-2__trashed\/ensino-de-linguas\/escrever-em-espanhol-um-guia-didatico-pela-cognicao-textual\/","name":"Escrever em Espanhol um guia did\u00e1tico pela cogni\u00e7\u00e3o textual - Pontes Editores","isPartOf":{"@id":"https:\/\/ponteseditores.com.br\/loja3\/#website"},"primaryImageOfPage":{"@id":"https:\/\/ponteseditores.com.br\/loja3\/pontes-editores-home-2__trashed\/ensino-de-linguas\/escrever-em-espanhol-um-guia-didatico-pela-cognicao-textual\/#primaryimage"},"image":{"@id":"https:\/\/ponteseditores.com.br\/loja3\/pontes-editores-home-2__trashed\/ensino-de-linguas\/escrever-em-espanhol-um-guia-didatico-pela-cognicao-textual\/#primaryimage"},"thumbnailUrl":"https:\/\/ponteseditores.com.br\/loja3\/wp-content\/uploads\/2023\/12\/capa20espanhol.jpg","datePublished":"2023-12-15T03:48:48+00:00","dateModified":"2025-09-25T11:54:05+00:00","breadcrumb":{"@id":"https:\/\/ponteseditores.com.br\/loja3\/pontes-editores-home-2__trashed\/ensino-de-linguas\/escrever-em-espanhol-um-guia-didatico-pela-cognicao-textual\/#breadcrumb"},"inLanguage":"pt-BR","potentialAction":[{"@type":"ReadAction","target":["https:\/\/ponteseditores.com.br\/loja3\/pontes-editores-home-2__trashed\/ensino-de-linguas\/escrever-em-espanhol-um-guia-didatico-pela-cognicao-textual\/"]}]},{"@type":"ImageObject","inLanguage":"pt-BR","@id":"https:\/\/ponteseditores.com.br\/loja3\/pontes-editores-home-2__trashed\/ensino-de-linguas\/escrever-em-espanhol-um-guia-didatico-pela-cognicao-textual\/#primaryimage","url":"https:\/\/ponteseditores.com.br\/loja3\/wp-content\/uploads\/2023\/12\/capa20espanhol.jpg","contentUrl":"https:\/\/ponteseditores.com.br\/loja3\/wp-content\/uploads\/2023\/12\/capa20espanhol.jpg","width":800,"height":1178},{"@type":"BreadcrumbList","@id":"https:\/\/ponteseditores.com.br\/loja3\/pontes-editores-home-2__trashed\/ensino-de-linguas\/escrever-em-espanhol-um-guia-didatico-pela-cognicao-textual\/#breadcrumb","itemListElement":[{"@type":"ListItem","position":1,"name":"Home","item":"https:\/\/ponteseditores.com.br\/loja3\/"},{"@type":"ListItem","position":2,"name":"loja","item":"https:\/\/ponteseditores.com.br\/loja3\/loja\/"},{"@type":"ListItem","position":3,"name":"Escrever em Espanhol um guia did\u00e1tico pela cogni\u00e7\u00e3o textual"}]},{"@type":"WebSite","@id":"https:\/\/ponteseditores.com.br\/loja3\/#website","url":"https:\/\/ponteseditores.com.br\/loja3\/","name":"Pontes Editores","description":"Pontes Editores","publisher":{"@id":"https:\/\/ponteseditores.com.br\/loja3\/#organization"},"potentialAction":[{"@type":"SearchAction","target":{"@type":"EntryPoint","urlTemplate":"https:\/\/ponteseditores.com.br\/loja3\/?s={search_term_string}"},"query-input":{"@type":"PropertyValueSpecification","valueRequired":true,"valueName":"search_term_string"}}],"inLanguage":"pt-BR"},{"@type":"Organization","@id":"https:\/\/ponteseditores.com.br\/loja3\/#organization","name":"Pontes Editores","url":"https:\/\/ponteseditores.com.br\/loja3\/","logo":{"@type":"ImageObject","inLanguage":"pt-BR","@id":"https:\/\/ponteseditores.com.br\/loja3\/#\/schema\/logo\/image\/","url":"https:\/\/ponteseditores.com.br\/loja3\/wp-content\/uploads\/2023\/12\/logo-pontes-editores-v2.png","contentUrl":"https:\/\/ponteseditores.com.br\/loja3\/wp-content\/uploads\/2023\/12\/logo-pontes-editores-v2.png","width":258,"height":100,"caption":"Pontes Editores"},"image":{"@id":"https:\/\/ponteseditores.com.br\/loja3\/#\/schema\/logo\/image\/"}}]}},"_links":{"self":[{"href":"https:\/\/ponteseditores.com.br\/loja3\/wp-json\/wp\/v2\/product\/7501","targetHints":{"allow":["GET"]}}],"collection":[{"href":"https:\/\/ponteseditores.com.br\/loja3\/wp-json\/wp\/v2\/product"}],"about":[{"href":"https:\/\/ponteseditores.com.br\/loja3\/wp-json\/wp\/v2\/types\/product"}],"replies":[{"embeddable":true,"href":"https:\/\/ponteseditores.com.br\/loja3\/wp-json\/wp\/v2\/comments?post=7501"}],"version-history":[{"count":0,"href":"https:\/\/ponteseditores.com.br\/loja3\/wp-json\/wp\/v2\/product\/7501\/revisions"}],"wp:featuredmedia":[{"embeddable":true,"href":"https:\/\/ponteseditores.com.br\/loja3\/wp-json\/wp\/v2\/media\/7500"}],"wp:attachment":[{"href":"https:\/\/ponteseditores.com.br\/loja3\/wp-json\/wp\/v2\/media?parent=7501"}],"wp:term":[{"taxonomy":"product_brand","embeddable":true,"href":"https:\/\/ponteseditores.com.br\/loja3\/wp-json\/wp\/v2\/product_brand?post=7501"},{"taxonomy":"product_cat","embeddable":true,"href":"https:\/\/ponteseditores.com.br\/loja3\/wp-json\/wp\/v2\/product_cat?post=7501"},{"taxonomy":"product_tag","embeddable":true,"href":"https:\/\/ponteseditores.com.br\/loja3\/wp-json\/wp\/v2\/product_tag?post=7501"}],"curies":[{"name":"wp","href":"https:\/\/api.w.org\/{rel}","templated":true}]}}