{"id":7493,"date":"2023-12-15T00:48:42","date_gmt":"2023-12-15T03:48:42","guid":{"rendered":"https:\/\/ponteseditores.com.br\/loja3\/pontes-editores-home-2__trashed\/sem%20categoria\/conjuncoes-causais-e-explicativas-do-portugues-em-perspectiva-semantico-argumentativa\/"},"modified":"2025-08-21T09:30:06","modified_gmt":"2025-08-21T12:30:06","slug":"conjuncoes-causais-e-explicativas-do-portugues-em-perspectiva-semantico-argumentativa","status":"publish","type":"product","link":"https:\/\/ponteseditores.com.br\/loja3\/pontes-editores-home-2__trashed\/linguistica\/conjuncoes-causais-e-explicativas-do-portugues-em-perspectiva-semantico-argumentativa\/","title":{"rendered":"CONJUN\u00c7\u00d5ES CAUSAIS E EXPLICATIVAS DO PORTUGU\u00caS EM PERSPECTIVA  SEM\u00c2NTICO-ARGUMENTATIVA"},"content":{"rendered":"<p>Este livro reflete um modelar contributo no \u00e2mbito dos Estudos Lingu\u00edsticos, nomeadamente no que respeita \u00e0 descri\u00e7\u00e3o e funcionamento das conjun\u00e7\u00f5es causais e explicativas no PB. Para al\u00e9m de uma ampla recens\u00e3o da bibliografia dispon\u00edvel acerca do assunto, nomeadamente no \u00e2mbito da produ\u00e7\u00e3o gramatical brasileira, \u00c2nderson Marins faz a sua op\u00e7\u00e3o epistemol\u00f3gica (fundamentalmente com o apoio de teorias enunciativas) e aplica esses constructos a um corpus representativo, analisando e descrevendo as referidas conjun\u00e7\u00f5es e os seus contextos lingu\u00edsticos. \u00c9 de felicitar o Autor pelo estudo comp\u00f3sito de cariz sem\u00e2ntico-argumentativo-pragm\u00e1tico encetado, aguardando-se que, em breve, possa desenvolver-se uma id\u00eantica investiga\u00e7\u00e3o, mas contrastiva entre o PB e o PE.<\/p>\n<p>Paulo Os\u00f3rio<\/p>\n<p>Professor Associado com Agrega\u00e7\u00e3o (Lingu\u00edstica)<\/p>\n<p>Faculdade de Artes e Letras<\/p>\n<p>Universidade da Beira Interior &#8211; UBI\/Portugal<\/p>\n<p>Um estudo bem elaborado sobre o comportamento sem\u00e2ntico-argumentativo das conjun\u00e7\u00f5es causais e explicativas \u00e9 o que o leitor encontrar\u00e1 neste livro. O diferencial desta para outras obras de mesmo tema? Nele, o autor busca, apoiando-se, sobretudo, na Lingu\u00edstica Textual e na Sem\u00e2ntica Argumentativa, explicar os fatos para os quais as \u201cclassifica\u00e7\u00f5es tradicionais ou mesmo algumas an\u00e1lises sem\u00e2nticas mais cautelosas se revelam insuficientes\u201d (p.11). Trata-se de uma obra bem escrita, com uma boa revis\u00e3o da literatura cient\u00edfica que abrange desde o legado Greco-Romano na terminologia gramatical brasileira a pesquisas lingu\u00edsticas do per\u00edodo cient\u00edfico, com enfoque nos estudos sem\u00e2ntico-discursivos desenvolvidos no \u00e2mbito da Lingu\u00edstica Textual e da Sem\u00e2ntica Argumentativa de Ducrot e outros. Al\u00e9m disso, associada \u00e0 parte te\u00f3rica, encontra-se uma s\u00e9rie de testes &#8211; o da pergunta e o da nega\u00e7\u00e3o, da quantifica\u00e7\u00e3o, do encadeamento e da extraposi\u00e7\u00e3o &#8211; a que foram submetidas as conjun\u00e7\u00f5es estudadas, confirmando seu valor sem\u00e2ntico-argumentativo.  Por tudo que foi dito, \u00e9 um livro que merece ser lido por aqueles que estudam a gram\u00e1tica da l\u00edngua portuguesa, especialmente se buscam compreender os aspectos sem\u00e2nticos da argumentatividade no uso dos conectivos.<\/p>\n<p> Roza Palomanes<\/p>\n<p>Professora Associada de Lingu\u00edstica<\/p>\n<p>Universidade Federal Rural do Rio de Janeiro \u2013 UFRRJ\/Brasil\/<\/p>\n","protected":false},"excerpt":{"rendered":"<p>Este livro reflete um modelar contributo no \u00e2mbito dos Estudos Lingu\u00edsticos, nomeadamente no que respeita \u00e0 descri\u00e7\u00e3o e funcionamento das conjun\u00e7\u00f5es causais e explicativas no PB. Para al\u00e9m de uma ampla recens\u00e3o da bibliografia dispon\u00edvel acerca do assunto, nomeadamente no \u00e2mbito da produ\u00e7\u00e3o gramatical brasileira, \u00c2nderson Marins faz a sua op\u00e7\u00e3o epistemol\u00f3gica (fundamentalmente com o [&hellip;]<\/p>\n","protected":false},"featured_media":7492,"comment_status":"open","ping_status":"closed","template":"","meta":{"_joinchat":[]},"product_brand":[],"product_cat":[31,331],"product_tag":[],"class_list":{"0":"post-7493","1":"product","2":"type-product","3":"status-publish","4":"has-post-thumbnail","6":"product_cat-linguistica","7":"product_cat-semantica","8":"product_shipping_class-livro-pontes-editores-fisico","10":"first","11":"instock","12":"shipping-taxable","13":"purchasable","14":"product-type-simple"},"yoast_head":"<!-- This site is optimized with the Yoast SEO plugin v27.4 - https:\/\/yoast.com\/product\/yoast-seo-wordpress\/ -->\n<title>CONJUN\u00c7\u00d5ES CAUSAIS E EXPLICATIVAS DO PORTUGU\u00caS EM PERSPECTIVA SEM\u00c2NTICO-ARGUMENTATIVA - Pontes Editores<\/title>\n<meta name=\"robots\" content=\"index, follow, max-snippet:-1, max-image-preview:large, max-video-preview:-1\" \/>\n<link rel=\"canonical\" href=\"https:\/\/ponteseditores.com.br\/loja3\/pontes-editores-home-2__trashed\/linguistica\/conjuncoes-causais-e-explicativas-do-portugues-em-perspectiva-semantico-argumentativa\/\" \/>\n<meta property=\"og:locale\" content=\"pt_BR\" \/>\n<meta property=\"og:type\" content=\"article\" \/>\n<meta property=\"og:title\" content=\"CONJUN\u00c7\u00d5ES CAUSAIS E EXPLICATIVAS DO PORTUGU\u00caS EM PERSPECTIVA SEM\u00c2NTICO-ARGUMENTATIVA - Pontes Editores\" \/>\n<meta property=\"og:description\" content=\"Este livro reflete um modelar contributo no \u00e2mbito dos Estudos Lingu\u00edsticos, nomeadamente no que respeita \u00e0 descri\u00e7\u00e3o e funcionamento das conjun\u00e7\u00f5es causais e explicativas no PB. Para al\u00e9m de uma ampla recens\u00e3o da bibliografia dispon\u00edvel acerca do assunto, nomeadamente no \u00e2mbito da produ\u00e7\u00e3o gramatical brasileira, \u00c2nderson Marins faz a sua op\u00e7\u00e3o epistemol\u00f3gica (fundamentalmente com o [&hellip;]\" \/>\n<meta property=\"og:url\" content=\"https:\/\/ponteseditores.com.br\/loja3\/pontes-editores-home-2__trashed\/linguistica\/conjuncoes-causais-e-explicativas-do-portugues-em-perspectiva-semantico-argumentativa\/\" \/>\n<meta property=\"og:site_name\" content=\"Pontes Editores\" \/>\n<meta property=\"article:modified_time\" content=\"2025-08-21T12:30:06+00:00\" \/>\n<meta property=\"og:image\" content=\"https:\/\/ponteseditores.com.br\/loja3\/wp-content\/uploads\/2023\/12\/capa20cojuncoes.jpg\" \/>\n\t<meta property=\"og:image:width\" content=\"800\" \/>\n\t<meta property=\"og:image:height\" content=\"1201\" \/>\n\t<meta property=\"og:image:type\" content=\"image\/jpeg\" \/>\n<meta name=\"twitter:card\" content=\"summary_large_image\" \/>\n<meta name=\"twitter:label1\" content=\"Est. tempo de leitura\" \/>\n\t<meta name=\"twitter:data1\" content=\"2 minutos\" \/>\n<script type=\"application\/ld+json\" class=\"yoast-schema-graph\">{\"@context\":\"https:\\\/\\\/schema.org\",\"@graph\":[{\"@type\":\"WebPage\",\"@id\":\"https:\\\/\\\/ponteseditores.com.br\\\/loja3\\\/pontes-editores-home-2__trashed\\\/linguistica\\\/conjuncoes-causais-e-explicativas-do-portugues-em-perspectiva-semantico-argumentativa\\\/\",\"url\":\"https:\\\/\\\/ponteseditores.com.br\\\/loja3\\\/pontes-editores-home-2__trashed\\\/linguistica\\\/conjuncoes-causais-e-explicativas-do-portugues-em-perspectiva-semantico-argumentativa\\\/\",\"name\":\"CONJUN\u00c7\u00d5ES CAUSAIS E EXPLICATIVAS DO PORTUGU\u00caS EM PERSPECTIVA SEM\u00c2NTICO-ARGUMENTATIVA - Pontes Editores\",\"isPartOf\":{\"@id\":\"https:\\\/\\\/ponteseditores.com.br\\\/loja3\\\/#website\"},\"primaryImageOfPage\":{\"@id\":\"https:\\\/\\\/ponteseditores.com.br\\\/loja3\\\/pontes-editores-home-2__trashed\\\/linguistica\\\/conjuncoes-causais-e-explicativas-do-portugues-em-perspectiva-semantico-argumentativa\\\/#primaryimage\"},\"image\":{\"@id\":\"https:\\\/\\\/ponteseditores.com.br\\\/loja3\\\/pontes-editores-home-2__trashed\\\/linguistica\\\/conjuncoes-causais-e-explicativas-do-portugues-em-perspectiva-semantico-argumentativa\\\/#primaryimage\"},\"thumbnailUrl\":\"https:\\\/\\\/ponteseditores.com.br\\\/loja3\\\/wp-content\\\/uploads\\\/2023\\\/12\\\/capa20cojuncoes.jpg\",\"datePublished\":\"2023-12-15T03:48:42+00:00\",\"dateModified\":\"2025-08-21T12:30:06+00:00\",\"breadcrumb\":{\"@id\":\"https:\\\/\\\/ponteseditores.com.br\\\/loja3\\\/pontes-editores-home-2__trashed\\\/linguistica\\\/conjuncoes-causais-e-explicativas-do-portugues-em-perspectiva-semantico-argumentativa\\\/#breadcrumb\"},\"inLanguage\":\"pt-BR\",\"potentialAction\":[{\"@type\":\"ReadAction\",\"target\":[\"https:\\\/\\\/ponteseditores.com.br\\\/loja3\\\/pontes-editores-home-2__trashed\\\/linguistica\\\/conjuncoes-causais-e-explicativas-do-portugues-em-perspectiva-semantico-argumentativa\\\/\"]}]},{\"@type\":\"ImageObject\",\"inLanguage\":\"pt-BR\",\"@id\":\"https:\\\/\\\/ponteseditores.com.br\\\/loja3\\\/pontes-editores-home-2__trashed\\\/linguistica\\\/conjuncoes-causais-e-explicativas-do-portugues-em-perspectiva-semantico-argumentativa\\\/#primaryimage\",\"url\":\"https:\\\/\\\/ponteseditores.com.br\\\/loja3\\\/wp-content\\\/uploads\\\/2023\\\/12\\\/capa20cojuncoes.jpg\",\"contentUrl\":\"https:\\\/\\\/ponteseditores.com.br\\\/loja3\\\/wp-content\\\/uploads\\\/2023\\\/12\\\/capa20cojuncoes.jpg\",\"width\":800,\"height\":1201},{\"@type\":\"BreadcrumbList\",\"@id\":\"https:\\\/\\\/ponteseditores.com.br\\\/loja3\\\/pontes-editores-home-2__trashed\\\/linguistica\\\/conjuncoes-causais-e-explicativas-do-portugues-em-perspectiva-semantico-argumentativa\\\/#breadcrumb\",\"itemListElement\":[{\"@type\":\"ListItem\",\"position\":1,\"name\":\"Home\",\"item\":\"https:\\\/\\\/ponteseditores.com.br\\\/loja3\\\/\"},{\"@type\":\"ListItem\",\"position\":2,\"name\":\"loja\",\"item\":\"https:\\\/\\\/ponteseditores.com.br\\\/loja3\\\/loja\\\/\"},{\"@type\":\"ListItem\",\"position\":3,\"name\":\"CONJUN\u00c7\u00d5ES CAUSAIS E EXPLICATIVAS DO PORTUGU\u00caS EM PERSPECTIVA SEM\u00c2NTICO-ARGUMENTATIVA\"}]},{\"@type\":\"WebSite\",\"@id\":\"https:\\\/\\\/ponteseditores.com.br\\\/loja3\\\/#website\",\"url\":\"https:\\\/\\\/ponteseditores.com.br\\\/loja3\\\/\",\"name\":\"Pontes Editores\",\"description\":\"Pontes Editores\",\"publisher\":{\"@id\":\"https:\\\/\\\/ponteseditores.com.br\\\/loja3\\\/#organization\"},\"potentialAction\":[{\"@type\":\"SearchAction\",\"target\":{\"@type\":\"EntryPoint\",\"urlTemplate\":\"https:\\\/\\\/ponteseditores.com.br\\\/loja3\\\/?s={search_term_string}\"},\"query-input\":{\"@type\":\"PropertyValueSpecification\",\"valueRequired\":true,\"valueName\":\"search_term_string\"}}],\"inLanguage\":\"pt-BR\"},{\"@type\":\"Organization\",\"@id\":\"https:\\\/\\\/ponteseditores.com.br\\\/loja3\\\/#organization\",\"name\":\"Pontes Editores\",\"url\":\"https:\\\/\\\/ponteseditores.com.br\\\/loja3\\\/\",\"logo\":{\"@type\":\"ImageObject\",\"inLanguage\":\"pt-BR\",\"@id\":\"https:\\\/\\\/ponteseditores.com.br\\\/loja3\\\/#\\\/schema\\\/logo\\\/image\\\/\",\"url\":\"https:\\\/\\\/ponteseditores.com.br\\\/loja3\\\/wp-content\\\/uploads\\\/2023\\\/12\\\/logo-pontes-editores-v2.png\",\"contentUrl\":\"https:\\\/\\\/ponteseditores.com.br\\\/loja3\\\/wp-content\\\/uploads\\\/2023\\\/12\\\/logo-pontes-editores-v2.png\",\"width\":258,\"height\":100,\"caption\":\"Pontes Editores\"},\"image\":{\"@id\":\"https:\\\/\\\/ponteseditores.com.br\\\/loja3\\\/#\\\/schema\\\/logo\\\/image\\\/\"}}]}<\/script>\n<!-- \/ Yoast SEO plugin. -->","yoast_head_json":{"title":"CONJUN\u00c7\u00d5ES CAUSAIS E EXPLICATIVAS DO PORTUGU\u00caS EM PERSPECTIVA SEM\u00c2NTICO-ARGUMENTATIVA - Pontes Editores","robots":{"index":"index","follow":"follow","max-snippet":"max-snippet:-1","max-image-preview":"max-image-preview:large","max-video-preview":"max-video-preview:-1"},"canonical":"https:\/\/ponteseditores.com.br\/loja3\/pontes-editores-home-2__trashed\/linguistica\/conjuncoes-causais-e-explicativas-do-portugues-em-perspectiva-semantico-argumentativa\/","og_locale":"pt_BR","og_type":"article","og_title":"CONJUN\u00c7\u00d5ES CAUSAIS E EXPLICATIVAS DO PORTUGU\u00caS EM PERSPECTIVA SEM\u00c2NTICO-ARGUMENTATIVA - Pontes Editores","og_description":"Este livro reflete um modelar contributo no \u00e2mbito dos Estudos Lingu\u00edsticos, nomeadamente no que respeita \u00e0 descri\u00e7\u00e3o e funcionamento das conjun\u00e7\u00f5es causais e explicativas no PB. Para al\u00e9m de uma ampla recens\u00e3o da bibliografia dispon\u00edvel acerca do assunto, nomeadamente no \u00e2mbito da produ\u00e7\u00e3o gramatical brasileira, \u00c2nderson Marins faz a sua op\u00e7\u00e3o epistemol\u00f3gica (fundamentalmente com o [&hellip;]","og_url":"https:\/\/ponteseditores.com.br\/loja3\/pontes-editores-home-2__trashed\/linguistica\/conjuncoes-causais-e-explicativas-do-portugues-em-perspectiva-semantico-argumentativa\/","og_site_name":"Pontes Editores","article_modified_time":"2025-08-21T12:30:06+00:00","og_image":[{"width":800,"height":1201,"url":"https:\/\/ponteseditores.com.br\/loja3\/wp-content\/uploads\/2023\/12\/capa20cojuncoes.jpg","type":"image\/jpeg"}],"twitter_card":"summary_large_image","twitter_misc":{"Est. tempo de leitura":"2 minutos"},"schema":{"@context":"https:\/\/schema.org","@graph":[{"@type":"WebPage","@id":"https:\/\/ponteseditores.com.br\/loja3\/pontes-editores-home-2__trashed\/linguistica\/conjuncoes-causais-e-explicativas-do-portugues-em-perspectiva-semantico-argumentativa\/","url":"https:\/\/ponteseditores.com.br\/loja3\/pontes-editores-home-2__trashed\/linguistica\/conjuncoes-causais-e-explicativas-do-portugues-em-perspectiva-semantico-argumentativa\/","name":"CONJUN\u00c7\u00d5ES CAUSAIS E EXPLICATIVAS DO PORTUGU\u00caS EM PERSPECTIVA SEM\u00c2NTICO-ARGUMENTATIVA - Pontes Editores","isPartOf":{"@id":"https:\/\/ponteseditores.com.br\/loja3\/#website"},"primaryImageOfPage":{"@id":"https:\/\/ponteseditores.com.br\/loja3\/pontes-editores-home-2__trashed\/linguistica\/conjuncoes-causais-e-explicativas-do-portugues-em-perspectiva-semantico-argumentativa\/#primaryimage"},"image":{"@id":"https:\/\/ponteseditores.com.br\/loja3\/pontes-editores-home-2__trashed\/linguistica\/conjuncoes-causais-e-explicativas-do-portugues-em-perspectiva-semantico-argumentativa\/#primaryimage"},"thumbnailUrl":"https:\/\/ponteseditores.com.br\/loja3\/wp-content\/uploads\/2023\/12\/capa20cojuncoes.jpg","datePublished":"2023-12-15T03:48:42+00:00","dateModified":"2025-08-21T12:30:06+00:00","breadcrumb":{"@id":"https:\/\/ponteseditores.com.br\/loja3\/pontes-editores-home-2__trashed\/linguistica\/conjuncoes-causais-e-explicativas-do-portugues-em-perspectiva-semantico-argumentativa\/#breadcrumb"},"inLanguage":"pt-BR","potentialAction":[{"@type":"ReadAction","target":["https:\/\/ponteseditores.com.br\/loja3\/pontes-editores-home-2__trashed\/linguistica\/conjuncoes-causais-e-explicativas-do-portugues-em-perspectiva-semantico-argumentativa\/"]}]},{"@type":"ImageObject","inLanguage":"pt-BR","@id":"https:\/\/ponteseditores.com.br\/loja3\/pontes-editores-home-2__trashed\/linguistica\/conjuncoes-causais-e-explicativas-do-portugues-em-perspectiva-semantico-argumentativa\/#primaryimage","url":"https:\/\/ponteseditores.com.br\/loja3\/wp-content\/uploads\/2023\/12\/capa20cojuncoes.jpg","contentUrl":"https:\/\/ponteseditores.com.br\/loja3\/wp-content\/uploads\/2023\/12\/capa20cojuncoes.jpg","width":800,"height":1201},{"@type":"BreadcrumbList","@id":"https:\/\/ponteseditores.com.br\/loja3\/pontes-editores-home-2__trashed\/linguistica\/conjuncoes-causais-e-explicativas-do-portugues-em-perspectiva-semantico-argumentativa\/#breadcrumb","itemListElement":[{"@type":"ListItem","position":1,"name":"Home","item":"https:\/\/ponteseditores.com.br\/loja3\/"},{"@type":"ListItem","position":2,"name":"loja","item":"https:\/\/ponteseditores.com.br\/loja3\/loja\/"},{"@type":"ListItem","position":3,"name":"CONJUN\u00c7\u00d5ES CAUSAIS E EXPLICATIVAS DO PORTUGU\u00caS EM PERSPECTIVA SEM\u00c2NTICO-ARGUMENTATIVA"}]},{"@type":"WebSite","@id":"https:\/\/ponteseditores.com.br\/loja3\/#website","url":"https:\/\/ponteseditores.com.br\/loja3\/","name":"Pontes Editores","description":"Pontes Editores","publisher":{"@id":"https:\/\/ponteseditores.com.br\/loja3\/#organization"},"potentialAction":[{"@type":"SearchAction","target":{"@type":"EntryPoint","urlTemplate":"https:\/\/ponteseditores.com.br\/loja3\/?s={search_term_string}"},"query-input":{"@type":"PropertyValueSpecification","valueRequired":true,"valueName":"search_term_string"}}],"inLanguage":"pt-BR"},{"@type":"Organization","@id":"https:\/\/ponteseditores.com.br\/loja3\/#organization","name":"Pontes Editores","url":"https:\/\/ponteseditores.com.br\/loja3\/","logo":{"@type":"ImageObject","inLanguage":"pt-BR","@id":"https:\/\/ponteseditores.com.br\/loja3\/#\/schema\/logo\/image\/","url":"https:\/\/ponteseditores.com.br\/loja3\/wp-content\/uploads\/2023\/12\/logo-pontes-editores-v2.png","contentUrl":"https:\/\/ponteseditores.com.br\/loja3\/wp-content\/uploads\/2023\/12\/logo-pontes-editores-v2.png","width":258,"height":100,"caption":"Pontes Editores"},"image":{"@id":"https:\/\/ponteseditores.com.br\/loja3\/#\/schema\/logo\/image\/"}}]}},"_links":{"self":[{"href":"https:\/\/ponteseditores.com.br\/loja3\/wp-json\/wp\/v2\/product\/7493","targetHints":{"allow":["GET"]}}],"collection":[{"href":"https:\/\/ponteseditores.com.br\/loja3\/wp-json\/wp\/v2\/product"}],"about":[{"href":"https:\/\/ponteseditores.com.br\/loja3\/wp-json\/wp\/v2\/types\/product"}],"replies":[{"embeddable":true,"href":"https:\/\/ponteseditores.com.br\/loja3\/wp-json\/wp\/v2\/comments?post=7493"}],"version-history":[{"count":0,"href":"https:\/\/ponteseditores.com.br\/loja3\/wp-json\/wp\/v2\/product\/7493\/revisions"}],"wp:featuredmedia":[{"embeddable":true,"href":"https:\/\/ponteseditores.com.br\/loja3\/wp-json\/wp\/v2\/media\/7492"}],"wp:attachment":[{"href":"https:\/\/ponteseditores.com.br\/loja3\/wp-json\/wp\/v2\/media?parent=7493"}],"wp:term":[{"taxonomy":"product_brand","embeddable":true,"href":"https:\/\/ponteseditores.com.br\/loja3\/wp-json\/wp\/v2\/product_brand?post=7493"},{"taxonomy":"product_cat","embeddable":true,"href":"https:\/\/ponteseditores.com.br\/loja3\/wp-json\/wp\/v2\/product_cat?post=7493"},{"taxonomy":"product_tag","embeddable":true,"href":"https:\/\/ponteseditores.com.br\/loja3\/wp-json\/wp\/v2\/product_tag?post=7493"}],"curies":[{"name":"wp","href":"https:\/\/api.w.org\/{rel}","templated":true}]}}