{"id":7489,"date":"2023-12-15T00:48:35","date_gmt":"2023-12-15T03:48:35","guid":{"rendered":"https:\/\/ponteseditores.com.br\/loja3\/pontes-editores-home-2__trashed\/sem%20categoria\/musica-e-pensamento-quatro-ensaios-marginais-e-um-prologo\/"},"modified":"2023-12-15T11:55:43","modified_gmt":"2023-12-15T14:55:43","slug":"musica-e-pensamento-quatro-ensaios-marginais-e-um-prologo","status":"publish","type":"product","link":"https:\/\/ponteseditores.com.br\/loja3\/pontes-editores-home-2__trashed\/literatura\/musica-e-pensamento-quatro-ensaios-marginais-e-um-prologo\/","title":{"rendered":"M\u00fasica e Pensamento: quatro ensaios marginais e um pr\u00f3logo"},"content":{"rendered":"<p>Pref\u00e1cio de Fl\u00e1vio Ant\u00f4nio Fernandes Reis<\/p>\n<p>O ensa\u00edsmo de Fidelino de Figueiredo revela a verve reflexiva do intelectual portugu\u00eas, aventurando-se pelo debate de assuntos diversos como exerc\u00edcio de seu pensamento irrequieto. Sem d\u00favida, M\u00fasica e Pensamento insere-se entre as obras de Fidelino dedicadas \u00e0s discurs\u00f5es pedag\u00f3gicas a que muito se dedicou o autor, todavia, a amplitude da mat\u00e9ria &#8211; as complexas rela\u00e7\u00f5es entre a m\u00fasica e os pensamentos que mobiliza &#8211; amplifica o tem\u00e1rio e oferecem ao leitor a oportunidade de acompanhar Fidelino em sua aventura intelectual. Mais ainda, mestre do ensaio, pelo exerc\u00edcio constante e pela erudi\u00e7\u00e3o conhecida, os textos resultam em obras nas quais a inquiri\u00e7\u00e3o investigativa funde-se num discurso com laivos po\u00e9ticos, aspecto esse presente nas considera\u00e7\u00f5es que pretendem antes a contempla\u00e7\u00e3o do que n\u00e3o se pode dizer ao discurso frio e limitado da conclus\u00e3o imperativa.<\/p>\n","protected":false},"excerpt":{"rendered":"<p>Pref\u00e1cio de Fl\u00e1vio Ant\u00f4nio Fernandes Reis O ensa\u00edsmo de Fidelino de Figueiredo revela a verve reflexiva do intelectual portugu\u00eas, aventurando-se pelo debate de assuntos diversos como exerc\u00edcio de seu pensamento irrequieto. Sem d\u00favida, M\u00fasica e Pensamento insere-se entre as obras de Fidelino dedicadas \u00e0s discurs\u00f5es pedag\u00f3gicas a que muito se dedicou o autor, todavia, a [&hellip;]<\/p>\n","protected":false},"featured_media":7488,"comment_status":"open","ping_status":"closed","template":"","meta":{"_joinchat":[]},"product_brand":[],"product_cat":[287,330],"product_tag":[],"class_list":{"0":"post-7489","1":"product","2":"type-product","3":"status-publish","4":"has-post-thumbnail","6":"product_cat-literatura","7":"product_cat-musica","8":"product_shipping_class-livro-pontes-editores-fisico","10":"first","11":"instock","12":"shipping-taxable","13":"purchasable","14":"product-type-simple"},"yoast_head":"<!-- This site is optimized with the Yoast SEO plugin v27.4 - https:\/\/yoast.com\/product\/yoast-seo-wordpress\/ -->\n<title>M\u00fasica e Pensamento: quatro ensaios marginais e um pr\u00f3logo - Pontes Editores<\/title>\n<meta name=\"robots\" content=\"index, follow, max-snippet:-1, max-image-preview:large, max-video-preview:-1\" \/>\n<link rel=\"canonical\" href=\"https:\/\/ponteseditores.com.br\/loja3\/pontes-editores-home-2__trashed\/literatura\/musica-e-pensamento-quatro-ensaios-marginais-e-um-prologo\/\" \/>\n<meta property=\"og:locale\" content=\"pt_BR\" \/>\n<meta property=\"og:type\" content=\"article\" \/>\n<meta property=\"og:title\" content=\"M\u00fasica e Pensamento: quatro ensaios marginais e um pr\u00f3logo - Pontes Editores\" \/>\n<meta property=\"og:description\" content=\"Pref\u00e1cio de Fl\u00e1vio Ant\u00f4nio Fernandes Reis O ensa\u00edsmo de Fidelino de Figueiredo revela a verve reflexiva do intelectual portugu\u00eas, aventurando-se pelo debate de assuntos diversos como exerc\u00edcio de seu pensamento irrequieto. Sem d\u00favida, M\u00fasica e Pensamento insere-se entre as obras de Fidelino dedicadas \u00e0s discurs\u00f5es pedag\u00f3gicas a que muito se dedicou o autor, todavia, a [&hellip;]\" \/>\n<meta property=\"og:url\" content=\"https:\/\/ponteseditores.com.br\/loja3\/pontes-editores-home-2__trashed\/literatura\/musica-e-pensamento-quatro-ensaios-marginais-e-um-prologo\/\" \/>\n<meta property=\"og:site_name\" content=\"Pontes Editores\" \/>\n<meta property=\"article:modified_time\" content=\"2023-12-15T14:55:43+00:00\" \/>\n<meta property=\"og:image\" content=\"https:\/\/ponteseditores.com.br\/loja3\/wp-content\/uploads\/2023\/12\/capa20pensamento.jpg\" \/>\n\t<meta property=\"og:image:width\" content=\"800\" \/>\n\t<meta property=\"og:image:height\" content=\"1186\" \/>\n\t<meta property=\"og:image:type\" content=\"image\/jpeg\" \/>\n<meta name=\"twitter:card\" content=\"summary_large_image\" \/>\n<meta name=\"twitter:label1\" content=\"Est. tempo de leitura\" \/>\n\t<meta name=\"twitter:data1\" content=\"1 minuto\" \/>\n<script type=\"application\/ld+json\" class=\"yoast-schema-graph\">{\"@context\":\"https:\\\/\\\/schema.org\",\"@graph\":[{\"@type\":\"WebPage\",\"@id\":\"https:\\\/\\\/ponteseditores.com.br\\\/loja3\\\/pontes-editores-home-2__trashed\\\/literatura\\\/musica-e-pensamento-quatro-ensaios-marginais-e-um-prologo\\\/\",\"url\":\"https:\\\/\\\/ponteseditores.com.br\\\/loja3\\\/pontes-editores-home-2__trashed\\\/literatura\\\/musica-e-pensamento-quatro-ensaios-marginais-e-um-prologo\\\/\",\"name\":\"M\u00fasica e Pensamento: quatro ensaios marginais e um pr\u00f3logo - Pontes Editores\",\"isPartOf\":{\"@id\":\"https:\\\/\\\/ponteseditores.com.br\\\/loja3\\\/#website\"},\"primaryImageOfPage\":{\"@id\":\"https:\\\/\\\/ponteseditores.com.br\\\/loja3\\\/pontes-editores-home-2__trashed\\\/literatura\\\/musica-e-pensamento-quatro-ensaios-marginais-e-um-prologo\\\/#primaryimage\"},\"image\":{\"@id\":\"https:\\\/\\\/ponteseditores.com.br\\\/loja3\\\/pontes-editores-home-2__trashed\\\/literatura\\\/musica-e-pensamento-quatro-ensaios-marginais-e-um-prologo\\\/#primaryimage\"},\"thumbnailUrl\":\"https:\\\/\\\/ponteseditores.com.br\\\/loja3\\\/wp-content\\\/uploads\\\/2023\\\/12\\\/capa20pensamento.jpg\",\"datePublished\":\"2023-12-15T03:48:35+00:00\",\"dateModified\":\"2023-12-15T14:55:43+00:00\",\"breadcrumb\":{\"@id\":\"https:\\\/\\\/ponteseditores.com.br\\\/loja3\\\/pontes-editores-home-2__trashed\\\/literatura\\\/musica-e-pensamento-quatro-ensaios-marginais-e-um-prologo\\\/#breadcrumb\"},\"inLanguage\":\"pt-BR\",\"potentialAction\":[{\"@type\":\"ReadAction\",\"target\":[\"https:\\\/\\\/ponteseditores.com.br\\\/loja3\\\/pontes-editores-home-2__trashed\\\/literatura\\\/musica-e-pensamento-quatro-ensaios-marginais-e-um-prologo\\\/\"]}]},{\"@type\":\"ImageObject\",\"inLanguage\":\"pt-BR\",\"@id\":\"https:\\\/\\\/ponteseditores.com.br\\\/loja3\\\/pontes-editores-home-2__trashed\\\/literatura\\\/musica-e-pensamento-quatro-ensaios-marginais-e-um-prologo\\\/#primaryimage\",\"url\":\"https:\\\/\\\/ponteseditores.com.br\\\/loja3\\\/wp-content\\\/uploads\\\/2023\\\/12\\\/capa20pensamento.jpg\",\"contentUrl\":\"https:\\\/\\\/ponteseditores.com.br\\\/loja3\\\/wp-content\\\/uploads\\\/2023\\\/12\\\/capa20pensamento.jpg\",\"width\":800,\"height\":1186},{\"@type\":\"BreadcrumbList\",\"@id\":\"https:\\\/\\\/ponteseditores.com.br\\\/loja3\\\/pontes-editores-home-2__trashed\\\/literatura\\\/musica-e-pensamento-quatro-ensaios-marginais-e-um-prologo\\\/#breadcrumb\",\"itemListElement\":[{\"@type\":\"ListItem\",\"position\":1,\"name\":\"Home\",\"item\":\"https:\\\/\\\/ponteseditores.com.br\\\/loja3\\\/\"},{\"@type\":\"ListItem\",\"position\":2,\"name\":\"loja\",\"item\":\"https:\\\/\\\/ponteseditores.com.br\\\/loja3\\\/loja\\\/\"},{\"@type\":\"ListItem\",\"position\":3,\"name\":\"M\u00fasica e Pensamento: quatro ensaios marginais e um pr\u00f3logo\"}]},{\"@type\":\"WebSite\",\"@id\":\"https:\\\/\\\/ponteseditores.com.br\\\/loja3\\\/#website\",\"url\":\"https:\\\/\\\/ponteseditores.com.br\\\/loja3\\\/\",\"name\":\"Pontes Editores\",\"description\":\"Pontes Editores\",\"publisher\":{\"@id\":\"https:\\\/\\\/ponteseditores.com.br\\\/loja3\\\/#organization\"},\"potentialAction\":[{\"@type\":\"SearchAction\",\"target\":{\"@type\":\"EntryPoint\",\"urlTemplate\":\"https:\\\/\\\/ponteseditores.com.br\\\/loja3\\\/?s={search_term_string}\"},\"query-input\":{\"@type\":\"PropertyValueSpecification\",\"valueRequired\":true,\"valueName\":\"search_term_string\"}}],\"inLanguage\":\"pt-BR\"},{\"@type\":\"Organization\",\"@id\":\"https:\\\/\\\/ponteseditores.com.br\\\/loja3\\\/#organization\",\"name\":\"Pontes Editores\",\"url\":\"https:\\\/\\\/ponteseditores.com.br\\\/loja3\\\/\",\"logo\":{\"@type\":\"ImageObject\",\"inLanguage\":\"pt-BR\",\"@id\":\"https:\\\/\\\/ponteseditores.com.br\\\/loja3\\\/#\\\/schema\\\/logo\\\/image\\\/\",\"url\":\"https:\\\/\\\/ponteseditores.com.br\\\/loja3\\\/wp-content\\\/uploads\\\/2023\\\/12\\\/logo-pontes-editores-v2.png\",\"contentUrl\":\"https:\\\/\\\/ponteseditores.com.br\\\/loja3\\\/wp-content\\\/uploads\\\/2023\\\/12\\\/logo-pontes-editores-v2.png\",\"width\":258,\"height\":100,\"caption\":\"Pontes Editores\"},\"image\":{\"@id\":\"https:\\\/\\\/ponteseditores.com.br\\\/loja3\\\/#\\\/schema\\\/logo\\\/image\\\/\"}}]}<\/script>\n<!-- \/ Yoast SEO plugin. -->","yoast_head_json":{"title":"M\u00fasica e Pensamento: quatro ensaios marginais e um pr\u00f3logo - Pontes Editores","robots":{"index":"index","follow":"follow","max-snippet":"max-snippet:-1","max-image-preview":"max-image-preview:large","max-video-preview":"max-video-preview:-1"},"canonical":"https:\/\/ponteseditores.com.br\/loja3\/pontes-editores-home-2__trashed\/literatura\/musica-e-pensamento-quatro-ensaios-marginais-e-um-prologo\/","og_locale":"pt_BR","og_type":"article","og_title":"M\u00fasica e Pensamento: quatro ensaios marginais e um pr\u00f3logo - Pontes Editores","og_description":"Pref\u00e1cio de Fl\u00e1vio Ant\u00f4nio Fernandes Reis O ensa\u00edsmo de Fidelino de Figueiredo revela a verve reflexiva do intelectual portugu\u00eas, aventurando-se pelo debate de assuntos diversos como exerc\u00edcio de seu pensamento irrequieto. Sem d\u00favida, M\u00fasica e Pensamento insere-se entre as obras de Fidelino dedicadas \u00e0s discurs\u00f5es pedag\u00f3gicas a que muito se dedicou o autor, todavia, a [&hellip;]","og_url":"https:\/\/ponteseditores.com.br\/loja3\/pontes-editores-home-2__trashed\/literatura\/musica-e-pensamento-quatro-ensaios-marginais-e-um-prologo\/","og_site_name":"Pontes Editores","article_modified_time":"2023-12-15T14:55:43+00:00","og_image":[{"width":800,"height":1186,"url":"https:\/\/ponteseditores.com.br\/loja3\/wp-content\/uploads\/2023\/12\/capa20pensamento.jpg","type":"image\/jpeg"}],"twitter_card":"summary_large_image","twitter_misc":{"Est. tempo de leitura":"1 minuto"},"schema":{"@context":"https:\/\/schema.org","@graph":[{"@type":"WebPage","@id":"https:\/\/ponteseditores.com.br\/loja3\/pontes-editores-home-2__trashed\/literatura\/musica-e-pensamento-quatro-ensaios-marginais-e-um-prologo\/","url":"https:\/\/ponteseditores.com.br\/loja3\/pontes-editores-home-2__trashed\/literatura\/musica-e-pensamento-quatro-ensaios-marginais-e-um-prologo\/","name":"M\u00fasica e Pensamento: quatro ensaios marginais e um pr\u00f3logo - Pontes Editores","isPartOf":{"@id":"https:\/\/ponteseditores.com.br\/loja3\/#website"},"primaryImageOfPage":{"@id":"https:\/\/ponteseditores.com.br\/loja3\/pontes-editores-home-2__trashed\/literatura\/musica-e-pensamento-quatro-ensaios-marginais-e-um-prologo\/#primaryimage"},"image":{"@id":"https:\/\/ponteseditores.com.br\/loja3\/pontes-editores-home-2__trashed\/literatura\/musica-e-pensamento-quatro-ensaios-marginais-e-um-prologo\/#primaryimage"},"thumbnailUrl":"https:\/\/ponteseditores.com.br\/loja3\/wp-content\/uploads\/2023\/12\/capa20pensamento.jpg","datePublished":"2023-12-15T03:48:35+00:00","dateModified":"2023-12-15T14:55:43+00:00","breadcrumb":{"@id":"https:\/\/ponteseditores.com.br\/loja3\/pontes-editores-home-2__trashed\/literatura\/musica-e-pensamento-quatro-ensaios-marginais-e-um-prologo\/#breadcrumb"},"inLanguage":"pt-BR","potentialAction":[{"@type":"ReadAction","target":["https:\/\/ponteseditores.com.br\/loja3\/pontes-editores-home-2__trashed\/literatura\/musica-e-pensamento-quatro-ensaios-marginais-e-um-prologo\/"]}]},{"@type":"ImageObject","inLanguage":"pt-BR","@id":"https:\/\/ponteseditores.com.br\/loja3\/pontes-editores-home-2__trashed\/literatura\/musica-e-pensamento-quatro-ensaios-marginais-e-um-prologo\/#primaryimage","url":"https:\/\/ponteseditores.com.br\/loja3\/wp-content\/uploads\/2023\/12\/capa20pensamento.jpg","contentUrl":"https:\/\/ponteseditores.com.br\/loja3\/wp-content\/uploads\/2023\/12\/capa20pensamento.jpg","width":800,"height":1186},{"@type":"BreadcrumbList","@id":"https:\/\/ponteseditores.com.br\/loja3\/pontes-editores-home-2__trashed\/literatura\/musica-e-pensamento-quatro-ensaios-marginais-e-um-prologo\/#breadcrumb","itemListElement":[{"@type":"ListItem","position":1,"name":"Home","item":"https:\/\/ponteseditores.com.br\/loja3\/"},{"@type":"ListItem","position":2,"name":"loja","item":"https:\/\/ponteseditores.com.br\/loja3\/loja\/"},{"@type":"ListItem","position":3,"name":"M\u00fasica e Pensamento: quatro ensaios marginais e um pr\u00f3logo"}]},{"@type":"WebSite","@id":"https:\/\/ponteseditores.com.br\/loja3\/#website","url":"https:\/\/ponteseditores.com.br\/loja3\/","name":"Pontes Editores","description":"Pontes Editores","publisher":{"@id":"https:\/\/ponteseditores.com.br\/loja3\/#organization"},"potentialAction":[{"@type":"SearchAction","target":{"@type":"EntryPoint","urlTemplate":"https:\/\/ponteseditores.com.br\/loja3\/?s={search_term_string}"},"query-input":{"@type":"PropertyValueSpecification","valueRequired":true,"valueName":"search_term_string"}}],"inLanguage":"pt-BR"},{"@type":"Organization","@id":"https:\/\/ponteseditores.com.br\/loja3\/#organization","name":"Pontes Editores","url":"https:\/\/ponteseditores.com.br\/loja3\/","logo":{"@type":"ImageObject","inLanguage":"pt-BR","@id":"https:\/\/ponteseditores.com.br\/loja3\/#\/schema\/logo\/image\/","url":"https:\/\/ponteseditores.com.br\/loja3\/wp-content\/uploads\/2023\/12\/logo-pontes-editores-v2.png","contentUrl":"https:\/\/ponteseditores.com.br\/loja3\/wp-content\/uploads\/2023\/12\/logo-pontes-editores-v2.png","width":258,"height":100,"caption":"Pontes Editores"},"image":{"@id":"https:\/\/ponteseditores.com.br\/loja3\/#\/schema\/logo\/image\/"}}]}},"_links":{"self":[{"href":"https:\/\/ponteseditores.com.br\/loja3\/wp-json\/wp\/v2\/product\/7489","targetHints":{"allow":["GET"]}}],"collection":[{"href":"https:\/\/ponteseditores.com.br\/loja3\/wp-json\/wp\/v2\/product"}],"about":[{"href":"https:\/\/ponteseditores.com.br\/loja3\/wp-json\/wp\/v2\/types\/product"}],"replies":[{"embeddable":true,"href":"https:\/\/ponteseditores.com.br\/loja3\/wp-json\/wp\/v2\/comments?post=7489"}],"version-history":[{"count":0,"href":"https:\/\/ponteseditores.com.br\/loja3\/wp-json\/wp\/v2\/product\/7489\/revisions"}],"wp:featuredmedia":[{"embeddable":true,"href":"https:\/\/ponteseditores.com.br\/loja3\/wp-json\/wp\/v2\/media\/7488"}],"wp:attachment":[{"href":"https:\/\/ponteseditores.com.br\/loja3\/wp-json\/wp\/v2\/media?parent=7489"}],"wp:term":[{"taxonomy":"product_brand","embeddable":true,"href":"https:\/\/ponteseditores.com.br\/loja3\/wp-json\/wp\/v2\/product_brand?post=7489"},{"taxonomy":"product_cat","embeddable":true,"href":"https:\/\/ponteseditores.com.br\/loja3\/wp-json\/wp\/v2\/product_cat?post=7489"},{"taxonomy":"product_tag","embeddable":true,"href":"https:\/\/ponteseditores.com.br\/loja3\/wp-json\/wp\/v2\/product_tag?post=7489"}],"curies":[{"name":"wp","href":"https:\/\/api.w.org\/{rel}","templated":true}]}}