{"id":7485,"date":"2023-12-15T00:48:32","date_gmt":"2023-12-15T03:48:32","guid":{"rendered":"https:\/\/ponteseditores.com.br\/loja3\/pontes-editores-home-2__trashed\/sem%20categoria\/a-espera-constante-escrita-e-esquecimento-no-mexico-do-seculo-xviii\/"},"modified":"2023-12-15T11:55:44","modified_gmt":"2023-12-15T14:55:44","slug":"a-espera-constante-escrita-e-esquecimento-no-mexico-do-seculo-xviii","status":"publish","type":"product","link":"https:\/\/ponteseditores.com.br\/loja3\/pontes-editores-home-2__trashed\/literatura\/a-espera-constante-escrita-e-esquecimento-no-mexico-do-seculo-xviii\/","title":{"rendered":"A ESPERA CONSTANTE &#8211; escrita e esquecimento no M\u00e9xico do s\u00e9culo XVIII"},"content":{"rendered":"<p>Em A espera constante. Escrita e esquecimento no M\u00e9xico do s\u00e9culo XVIII s\u00e3o invocados autores ignorados e obras esquecidas procedentes do Setecentos novo-hispano. Os autores que trataremos aqui n\u00e3o s\u00e3o can\u00f4nicos nem cl\u00e1ssicos. N\u00e3o parecem ter gerado imediatos ecos, nem intensas pol\u00eamicas, nem variadas men\u00e7\u00f5es entre leitores contempor\u00e2neos ou posteriores. Escreveram, por necessidade ou por voca\u00e7\u00e3o; escreveram com ou sem repercuss\u00f5es, com ou sem consequ\u00eancias. E continuaram escrevendo apesar de tudo, vindicando a escrita contra toda inutilidade, contra todo reconhecimento, contra todo fracasso. Escreveram pouco, ou muito, como ro\u00e7ando a \u00e1gua com os dedos. Seus textos n\u00e3o foram publicados em vida, nem nos anos seguintes, nem nas d\u00e9cadas seguintes. Por\u00e9m, acabaram chegando at\u00e9 n\u00f3s, na condi\u00e7\u00e3o de esquecidos. Sem ter sido vitimados pela expectativa, agora est\u00e3o fugazmente reunidos nestas p\u00e1ginas, como se ainda estivessem esperando, constantes.<\/p>\n","protected":false},"excerpt":{"rendered":"<p>Em A espera constante. Escrita e esquecimento no M\u00e9xico do s\u00e9culo XVIII s\u00e3o invocados autores ignorados e obras esquecidas procedentes do Setecentos novo-hispano. Os autores que trataremos aqui n\u00e3o s\u00e3o can\u00f4nicos nem cl\u00e1ssicos. N\u00e3o parecem ter gerado imediatos ecos, nem intensas pol\u00eamicas, nem variadas men\u00e7\u00f5es entre leitores contempor\u00e2neos ou posteriores. Escreveram, por necessidade ou por [&hellip;]<\/p>\n","protected":false},"featured_media":7484,"comment_status":"open","ping_status":"closed","template":"","meta":{"_joinchat":[]},"product_brand":[],"product_cat":[297,287],"product_tag":[],"class_list":{"0":"post-7485","1":"product","2":"type-product","3":"status-publish","4":"has-post-thumbnail","6":"product_cat-critica-literaria","7":"product_cat-literatura","8":"product_shipping_class-livro-pontes-editores-fisico","10":"first","11":"instock","12":"shipping-taxable","13":"purchasable","14":"product-type-simple"},"yoast_head":"<!-- This site is optimized with the Yoast SEO plugin v27.4 - https:\/\/yoast.com\/product\/yoast-seo-wordpress\/ -->\n<title>A ESPERA CONSTANTE - escrita e esquecimento no M\u00e9xico do s\u00e9culo XVIII - Pontes Editores<\/title>\n<meta name=\"robots\" content=\"index, follow, max-snippet:-1, max-image-preview:large, max-video-preview:-1\" \/>\n<link rel=\"canonical\" href=\"https:\/\/ponteseditores.com.br\/loja3\/pontes-editores-home-2__trashed\/literatura\/a-espera-constante-escrita-e-esquecimento-no-mexico-do-seculo-xviii\/\" \/>\n<meta property=\"og:locale\" content=\"pt_BR\" \/>\n<meta property=\"og:type\" content=\"article\" \/>\n<meta property=\"og:title\" content=\"A ESPERA CONSTANTE - escrita e esquecimento no M\u00e9xico do s\u00e9culo XVIII - Pontes Editores\" \/>\n<meta property=\"og:description\" content=\"Em A espera constante. Escrita e esquecimento no M\u00e9xico do s\u00e9culo XVIII s\u00e3o invocados autores ignorados e obras esquecidas procedentes do Setecentos novo-hispano. Os autores que trataremos aqui n\u00e3o s\u00e3o can\u00f4nicos nem cl\u00e1ssicos. N\u00e3o parecem ter gerado imediatos ecos, nem intensas pol\u00eamicas, nem variadas men\u00e7\u00f5es entre leitores contempor\u00e2neos ou posteriores. Escreveram, por necessidade ou por [&hellip;]\" \/>\n<meta property=\"og:url\" content=\"https:\/\/ponteseditores.com.br\/loja3\/pontes-editores-home-2__trashed\/literatura\/a-espera-constante-escrita-e-esquecimento-no-mexico-do-seculo-xviii\/\" \/>\n<meta property=\"og:site_name\" content=\"Pontes Editores\" \/>\n<meta property=\"article:modified_time\" content=\"2023-12-15T14:55:44+00:00\" \/>\n<meta property=\"og:image\" content=\"https:\/\/ponteseditores.com.br\/loja3\/wp-content\/uploads\/2023\/12\/capa20espera-692x1024.jpg\" \/>\n\t<meta property=\"og:image:width\" content=\"692\" \/>\n\t<meta property=\"og:image:height\" content=\"1024\" \/>\n\t<meta property=\"og:image:type\" content=\"image\/jpeg\" \/>\n<meta name=\"twitter:card\" content=\"summary_large_image\" \/>\n<meta name=\"twitter:label1\" content=\"Est. tempo de leitura\" \/>\n\t<meta name=\"twitter:data1\" content=\"1 minuto\" \/>\n<script type=\"application\/ld+json\" class=\"yoast-schema-graph\">{\"@context\":\"https:\\\/\\\/schema.org\",\"@graph\":[{\"@type\":\"WebPage\",\"@id\":\"https:\\\/\\\/ponteseditores.com.br\\\/loja3\\\/pontes-editores-home-2__trashed\\\/literatura\\\/a-espera-constante-escrita-e-esquecimento-no-mexico-do-seculo-xviii\\\/\",\"url\":\"https:\\\/\\\/ponteseditores.com.br\\\/loja3\\\/pontes-editores-home-2__trashed\\\/literatura\\\/a-espera-constante-escrita-e-esquecimento-no-mexico-do-seculo-xviii\\\/\",\"name\":\"A ESPERA CONSTANTE - escrita e esquecimento no M\u00e9xico do s\u00e9culo XVIII - Pontes Editores\",\"isPartOf\":{\"@id\":\"https:\\\/\\\/ponteseditores.com.br\\\/loja3\\\/#website\"},\"primaryImageOfPage\":{\"@id\":\"https:\\\/\\\/ponteseditores.com.br\\\/loja3\\\/pontes-editores-home-2__trashed\\\/literatura\\\/a-espera-constante-escrita-e-esquecimento-no-mexico-do-seculo-xviii\\\/#primaryimage\"},\"image\":{\"@id\":\"https:\\\/\\\/ponteseditores.com.br\\\/loja3\\\/pontes-editores-home-2__trashed\\\/literatura\\\/a-espera-constante-escrita-e-esquecimento-no-mexico-do-seculo-xviii\\\/#primaryimage\"},\"thumbnailUrl\":\"https:\\\/\\\/ponteseditores.com.br\\\/loja3\\\/wp-content\\\/uploads\\\/2023\\\/12\\\/capa20espera.jpg\",\"datePublished\":\"2023-12-15T03:48:32+00:00\",\"dateModified\":\"2023-12-15T14:55:44+00:00\",\"breadcrumb\":{\"@id\":\"https:\\\/\\\/ponteseditores.com.br\\\/loja3\\\/pontes-editores-home-2__trashed\\\/literatura\\\/a-espera-constante-escrita-e-esquecimento-no-mexico-do-seculo-xviii\\\/#breadcrumb\"},\"inLanguage\":\"pt-BR\",\"potentialAction\":[{\"@type\":\"ReadAction\",\"target\":[\"https:\\\/\\\/ponteseditores.com.br\\\/loja3\\\/pontes-editores-home-2__trashed\\\/literatura\\\/a-espera-constante-escrita-e-esquecimento-no-mexico-do-seculo-xviii\\\/\"]}]},{\"@type\":\"ImageObject\",\"inLanguage\":\"pt-BR\",\"@id\":\"https:\\\/\\\/ponteseditores.com.br\\\/loja3\\\/pontes-editores-home-2__trashed\\\/literatura\\\/a-espera-constante-escrita-e-esquecimento-no-mexico-do-seculo-xviii\\\/#primaryimage\",\"url\":\"https:\\\/\\\/ponteseditores.com.br\\\/loja3\\\/wp-content\\\/uploads\\\/2023\\\/12\\\/capa20espera.jpg\",\"contentUrl\":\"https:\\\/\\\/ponteseditores.com.br\\\/loja3\\\/wp-content\\\/uploads\\\/2023\\\/12\\\/capa20espera.jpg\",\"width\":900,\"height\":1332},{\"@type\":\"BreadcrumbList\",\"@id\":\"https:\\\/\\\/ponteseditores.com.br\\\/loja3\\\/pontes-editores-home-2__trashed\\\/literatura\\\/a-espera-constante-escrita-e-esquecimento-no-mexico-do-seculo-xviii\\\/#breadcrumb\",\"itemListElement\":[{\"@type\":\"ListItem\",\"position\":1,\"name\":\"Home\",\"item\":\"https:\\\/\\\/ponteseditores.com.br\\\/loja3\\\/\"},{\"@type\":\"ListItem\",\"position\":2,\"name\":\"loja\",\"item\":\"https:\\\/\\\/ponteseditores.com.br\\\/loja3\\\/loja\\\/\"},{\"@type\":\"ListItem\",\"position\":3,\"name\":\"A ESPERA CONSTANTE &#8211; escrita e esquecimento no M\u00e9xico do s\u00e9culo XVIII\"}]},{\"@type\":\"WebSite\",\"@id\":\"https:\\\/\\\/ponteseditores.com.br\\\/loja3\\\/#website\",\"url\":\"https:\\\/\\\/ponteseditores.com.br\\\/loja3\\\/\",\"name\":\"Pontes Editores\",\"description\":\"Pontes Editores\",\"publisher\":{\"@id\":\"https:\\\/\\\/ponteseditores.com.br\\\/loja3\\\/#organization\"},\"potentialAction\":[{\"@type\":\"SearchAction\",\"target\":{\"@type\":\"EntryPoint\",\"urlTemplate\":\"https:\\\/\\\/ponteseditores.com.br\\\/loja3\\\/?s={search_term_string}\"},\"query-input\":{\"@type\":\"PropertyValueSpecification\",\"valueRequired\":true,\"valueName\":\"search_term_string\"}}],\"inLanguage\":\"pt-BR\"},{\"@type\":\"Organization\",\"@id\":\"https:\\\/\\\/ponteseditores.com.br\\\/loja3\\\/#organization\",\"name\":\"Pontes Editores\",\"url\":\"https:\\\/\\\/ponteseditores.com.br\\\/loja3\\\/\",\"logo\":{\"@type\":\"ImageObject\",\"inLanguage\":\"pt-BR\",\"@id\":\"https:\\\/\\\/ponteseditores.com.br\\\/loja3\\\/#\\\/schema\\\/logo\\\/image\\\/\",\"url\":\"https:\\\/\\\/ponteseditores.com.br\\\/loja3\\\/wp-content\\\/uploads\\\/2023\\\/12\\\/logo-pontes-editores-v2.png\",\"contentUrl\":\"https:\\\/\\\/ponteseditores.com.br\\\/loja3\\\/wp-content\\\/uploads\\\/2023\\\/12\\\/logo-pontes-editores-v2.png\",\"width\":258,\"height\":100,\"caption\":\"Pontes Editores\"},\"image\":{\"@id\":\"https:\\\/\\\/ponteseditores.com.br\\\/loja3\\\/#\\\/schema\\\/logo\\\/image\\\/\"}}]}<\/script>\n<!-- \/ Yoast SEO plugin. -->","yoast_head_json":{"title":"A ESPERA CONSTANTE - escrita e esquecimento no M\u00e9xico do s\u00e9culo XVIII - Pontes Editores","robots":{"index":"index","follow":"follow","max-snippet":"max-snippet:-1","max-image-preview":"max-image-preview:large","max-video-preview":"max-video-preview:-1"},"canonical":"https:\/\/ponteseditores.com.br\/loja3\/pontes-editores-home-2__trashed\/literatura\/a-espera-constante-escrita-e-esquecimento-no-mexico-do-seculo-xviii\/","og_locale":"pt_BR","og_type":"article","og_title":"A ESPERA CONSTANTE - escrita e esquecimento no M\u00e9xico do s\u00e9culo XVIII - Pontes Editores","og_description":"Em A espera constante. Escrita e esquecimento no M\u00e9xico do s\u00e9culo XVIII s\u00e3o invocados autores ignorados e obras esquecidas procedentes do Setecentos novo-hispano. Os autores que trataremos aqui n\u00e3o s\u00e3o can\u00f4nicos nem cl\u00e1ssicos. N\u00e3o parecem ter gerado imediatos ecos, nem intensas pol\u00eamicas, nem variadas men\u00e7\u00f5es entre leitores contempor\u00e2neos ou posteriores. Escreveram, por necessidade ou por [&hellip;]","og_url":"https:\/\/ponteseditores.com.br\/loja3\/pontes-editores-home-2__trashed\/literatura\/a-espera-constante-escrita-e-esquecimento-no-mexico-do-seculo-xviii\/","og_site_name":"Pontes Editores","article_modified_time":"2023-12-15T14:55:44+00:00","og_image":[{"width":692,"height":1024,"url":"https:\/\/ponteseditores.com.br\/loja3\/wp-content\/uploads\/2023\/12\/capa20espera-692x1024.jpg","type":"image\/jpeg"}],"twitter_card":"summary_large_image","twitter_misc":{"Est. tempo de leitura":"1 minuto"},"schema":{"@context":"https:\/\/schema.org","@graph":[{"@type":"WebPage","@id":"https:\/\/ponteseditores.com.br\/loja3\/pontes-editores-home-2__trashed\/literatura\/a-espera-constante-escrita-e-esquecimento-no-mexico-do-seculo-xviii\/","url":"https:\/\/ponteseditores.com.br\/loja3\/pontes-editores-home-2__trashed\/literatura\/a-espera-constante-escrita-e-esquecimento-no-mexico-do-seculo-xviii\/","name":"A ESPERA CONSTANTE - escrita e esquecimento no M\u00e9xico do s\u00e9culo XVIII - Pontes Editores","isPartOf":{"@id":"https:\/\/ponteseditores.com.br\/loja3\/#website"},"primaryImageOfPage":{"@id":"https:\/\/ponteseditores.com.br\/loja3\/pontes-editores-home-2__trashed\/literatura\/a-espera-constante-escrita-e-esquecimento-no-mexico-do-seculo-xviii\/#primaryimage"},"image":{"@id":"https:\/\/ponteseditores.com.br\/loja3\/pontes-editores-home-2__trashed\/literatura\/a-espera-constante-escrita-e-esquecimento-no-mexico-do-seculo-xviii\/#primaryimage"},"thumbnailUrl":"https:\/\/ponteseditores.com.br\/loja3\/wp-content\/uploads\/2023\/12\/capa20espera.jpg","datePublished":"2023-12-15T03:48:32+00:00","dateModified":"2023-12-15T14:55:44+00:00","breadcrumb":{"@id":"https:\/\/ponteseditores.com.br\/loja3\/pontes-editores-home-2__trashed\/literatura\/a-espera-constante-escrita-e-esquecimento-no-mexico-do-seculo-xviii\/#breadcrumb"},"inLanguage":"pt-BR","potentialAction":[{"@type":"ReadAction","target":["https:\/\/ponteseditores.com.br\/loja3\/pontes-editores-home-2__trashed\/literatura\/a-espera-constante-escrita-e-esquecimento-no-mexico-do-seculo-xviii\/"]}]},{"@type":"ImageObject","inLanguage":"pt-BR","@id":"https:\/\/ponteseditores.com.br\/loja3\/pontes-editores-home-2__trashed\/literatura\/a-espera-constante-escrita-e-esquecimento-no-mexico-do-seculo-xviii\/#primaryimage","url":"https:\/\/ponteseditores.com.br\/loja3\/wp-content\/uploads\/2023\/12\/capa20espera.jpg","contentUrl":"https:\/\/ponteseditores.com.br\/loja3\/wp-content\/uploads\/2023\/12\/capa20espera.jpg","width":900,"height":1332},{"@type":"BreadcrumbList","@id":"https:\/\/ponteseditores.com.br\/loja3\/pontes-editores-home-2__trashed\/literatura\/a-espera-constante-escrita-e-esquecimento-no-mexico-do-seculo-xviii\/#breadcrumb","itemListElement":[{"@type":"ListItem","position":1,"name":"Home","item":"https:\/\/ponteseditores.com.br\/loja3\/"},{"@type":"ListItem","position":2,"name":"loja","item":"https:\/\/ponteseditores.com.br\/loja3\/loja\/"},{"@type":"ListItem","position":3,"name":"A ESPERA CONSTANTE &#8211; escrita e esquecimento no M\u00e9xico do s\u00e9culo XVIII"}]},{"@type":"WebSite","@id":"https:\/\/ponteseditores.com.br\/loja3\/#website","url":"https:\/\/ponteseditores.com.br\/loja3\/","name":"Pontes Editores","description":"Pontes Editores","publisher":{"@id":"https:\/\/ponteseditores.com.br\/loja3\/#organization"},"potentialAction":[{"@type":"SearchAction","target":{"@type":"EntryPoint","urlTemplate":"https:\/\/ponteseditores.com.br\/loja3\/?s={search_term_string}"},"query-input":{"@type":"PropertyValueSpecification","valueRequired":true,"valueName":"search_term_string"}}],"inLanguage":"pt-BR"},{"@type":"Organization","@id":"https:\/\/ponteseditores.com.br\/loja3\/#organization","name":"Pontes Editores","url":"https:\/\/ponteseditores.com.br\/loja3\/","logo":{"@type":"ImageObject","inLanguage":"pt-BR","@id":"https:\/\/ponteseditores.com.br\/loja3\/#\/schema\/logo\/image\/","url":"https:\/\/ponteseditores.com.br\/loja3\/wp-content\/uploads\/2023\/12\/logo-pontes-editores-v2.png","contentUrl":"https:\/\/ponteseditores.com.br\/loja3\/wp-content\/uploads\/2023\/12\/logo-pontes-editores-v2.png","width":258,"height":100,"caption":"Pontes Editores"},"image":{"@id":"https:\/\/ponteseditores.com.br\/loja3\/#\/schema\/logo\/image\/"}}]}},"_links":{"self":[{"href":"https:\/\/ponteseditores.com.br\/loja3\/wp-json\/wp\/v2\/product\/7485","targetHints":{"allow":["GET"]}}],"collection":[{"href":"https:\/\/ponteseditores.com.br\/loja3\/wp-json\/wp\/v2\/product"}],"about":[{"href":"https:\/\/ponteseditores.com.br\/loja3\/wp-json\/wp\/v2\/types\/product"}],"replies":[{"embeddable":true,"href":"https:\/\/ponteseditores.com.br\/loja3\/wp-json\/wp\/v2\/comments?post=7485"}],"version-history":[{"count":0,"href":"https:\/\/ponteseditores.com.br\/loja3\/wp-json\/wp\/v2\/product\/7485\/revisions"}],"wp:featuredmedia":[{"embeddable":true,"href":"https:\/\/ponteseditores.com.br\/loja3\/wp-json\/wp\/v2\/media\/7484"}],"wp:attachment":[{"href":"https:\/\/ponteseditores.com.br\/loja3\/wp-json\/wp\/v2\/media?parent=7485"}],"wp:term":[{"taxonomy":"product_brand","embeddable":true,"href":"https:\/\/ponteseditores.com.br\/loja3\/wp-json\/wp\/v2\/product_brand?post=7485"},{"taxonomy":"product_cat","embeddable":true,"href":"https:\/\/ponteseditores.com.br\/loja3\/wp-json\/wp\/v2\/product_cat?post=7485"},{"taxonomy":"product_tag","embeddable":true,"href":"https:\/\/ponteseditores.com.br\/loja3\/wp-json\/wp\/v2\/product_tag?post=7485"}],"curies":[{"name":"wp","href":"https:\/\/api.w.org\/{rel}","templated":true}]}}