{"id":7468,"date":"2023-12-15T00:48:17","date_gmt":"2023-12-15T03:48:17","guid":{"rendered":"https:\/\/ponteseditores.com.br\/loja3\/pontes-editores-home-2__trashed\/sem%20categoria\/experimentando-linguistica-na-escola-conhecimento-gramatical-leitura-e-escrita\/"},"modified":"2025-07-30T12:16:45","modified_gmt":"2025-07-30T15:16:45","slug":"experimentando-linguistica-na-escola-conhecimento-gramatical-leitura-e-escrita","status":"publish","type":"product","link":"https:\/\/ponteseditores.com.br\/loja3\/pontes-editores-home-2__trashed\/linguistica\/experimentando-linguistica-na-escola-conhecimento-gramatical-leitura-e-escrita\/","title":{"rendered":"Experimentando Lingu\u00edstica na Escola:  conhecimento gramatical, leitura e escrita"},"content":{"rendered":"<p>Estabelecendo um di\u00e1logo entre o gerativismo, a psicolingu\u00edstica e o ensino de l\u00ednguas, os autores buscam explicitar mecanismos intuitivos do funcionamento das l\u00ednguas naturais e evidenciar como esse saber pode ser usado em benef\u00edcio do desenvolvimento lingu\u00edstico dos estudantes da educa\u00e7\u00e3o b\u00e1sica. Destacam-se, nos tr\u00eas cap\u00edtulos, duas tend\u00eancias gerais, diretamente derivadas do ponto de vista gerativista dos autores: o foco nas propriedades do per\u00edodo e a \u00eanfase na compet\u00eancia lingu\u00edstica do estudante, isto \u00e9, sua capacidade ilimitada de an\u00e1lise e de criatividade. Espera-se, com esta publica\u00e7\u00e3o, contribuir para o debate e para o ac\u00famulo de conhecimentos na \u00e1rea, haja vista a import\u00e2ncia dos conhecimentos lingu\u00edsticos para a educa\u00e7\u00e3o do s\u00e9culo XXI.<\/p>\n<p>Eloisa, Marcus e Tom<\/p>\n","protected":false},"excerpt":{"rendered":"<p>Estabelecendo um di\u00e1logo entre o gerativismo, a psicolingu\u00edstica e o ensino de l\u00ednguas, os autores buscam explicitar mecanismos intuitivos do funcionamento das l\u00ednguas naturais e evidenciar como esse saber pode ser usado em benef\u00edcio do desenvolvimento lingu\u00edstico dos estudantes da educa\u00e7\u00e3o b\u00e1sica. Destacam-se, nos tr\u00eas cap\u00edtulos, duas tend\u00eancias gerais, diretamente derivadas do ponto de vista [&hellip;]<\/p>\n","protected":false},"featured_media":7467,"comment_status":"open","ping_status":"closed","template":"","meta":{"_joinchat":[]},"product_brand":[],"product_cat":[288,31],"product_tag":[],"class_list":{"0":"post-7468","1":"product","2":"type-product","3":"status-publish","4":"has-post-thumbnail","6":"product_cat-ensino-e-aprendizagem","7":"product_cat-linguistica","8":"product_shipping_class-livro-pontes-editores-fisico","10":"first","11":"instock","12":"shipping-taxable","13":"purchasable","14":"product-type-simple"},"yoast_head":"<!-- This site is optimized with the Yoast SEO plugin v27.4 - https:\/\/yoast.com\/product\/yoast-seo-wordpress\/ -->\n<title>Experimentando Lingu\u00edstica na Escola: conhecimento gramatical, leitura e escrita - Pontes Editores<\/title>\n<meta name=\"robots\" content=\"index, follow, max-snippet:-1, max-image-preview:large, max-video-preview:-1\" \/>\n<link rel=\"canonical\" href=\"https:\/\/ponteseditores.com.br\/loja3\/pontes-editores-home-2__trashed\/linguistica\/experimentando-linguistica-na-escola-conhecimento-gramatical-leitura-e-escrita\/\" \/>\n<meta property=\"og:locale\" content=\"pt_BR\" \/>\n<meta property=\"og:type\" content=\"article\" \/>\n<meta property=\"og:title\" content=\"Experimentando Lingu\u00edstica na Escola: conhecimento gramatical, leitura e escrita - Pontes Editores\" \/>\n<meta property=\"og:description\" content=\"Estabelecendo um di\u00e1logo entre o gerativismo, a psicolingu\u00edstica e o ensino de l\u00ednguas, os autores buscam explicitar mecanismos intuitivos do funcionamento das l\u00ednguas naturais e evidenciar como esse saber pode ser usado em benef\u00edcio do desenvolvimento lingu\u00edstico dos estudantes da educa\u00e7\u00e3o b\u00e1sica. Destacam-se, nos tr\u00eas cap\u00edtulos, duas tend\u00eancias gerais, diretamente derivadas do ponto de vista [&hellip;]\" \/>\n<meta property=\"og:url\" content=\"https:\/\/ponteseditores.com.br\/loja3\/pontes-editores-home-2__trashed\/linguistica\/experimentando-linguistica-na-escola-conhecimento-gramatical-leitura-e-escrita\/\" \/>\n<meta property=\"og:site_name\" content=\"Pontes Editores\" \/>\n<meta property=\"article:modified_time\" content=\"2025-07-30T15:16:45+00:00\" \/>\n<meta property=\"og:image\" content=\"https:\/\/ponteseditores.com.br\/loja3\/wp-content\/uploads\/2023\/12\/capa20experimentando.jpg\" \/>\n\t<meta property=\"og:image:width\" content=\"514\" \/>\n\t<meta property=\"og:image:height\" content=\"768\" \/>\n\t<meta property=\"og:image:type\" content=\"image\/jpeg\" \/>\n<meta name=\"twitter:card\" content=\"summary_large_image\" \/>\n<meta name=\"twitter:label1\" content=\"Est. tempo de leitura\" \/>\n\t<meta name=\"twitter:data1\" content=\"1 minuto\" \/>\n<script type=\"application\/ld+json\" class=\"yoast-schema-graph\">{\"@context\":\"https:\\\/\\\/schema.org\",\"@graph\":[{\"@type\":\"WebPage\",\"@id\":\"https:\\\/\\\/ponteseditores.com.br\\\/loja3\\\/pontes-editores-home-2__trashed\\\/linguistica\\\/experimentando-linguistica-na-escola-conhecimento-gramatical-leitura-e-escrita\\\/\",\"url\":\"https:\\\/\\\/ponteseditores.com.br\\\/loja3\\\/pontes-editores-home-2__trashed\\\/linguistica\\\/experimentando-linguistica-na-escola-conhecimento-gramatical-leitura-e-escrita\\\/\",\"name\":\"Experimentando Lingu\u00edstica na Escola: conhecimento gramatical, leitura e escrita - Pontes Editores\",\"isPartOf\":{\"@id\":\"https:\\\/\\\/ponteseditores.com.br\\\/loja3\\\/#website\"},\"primaryImageOfPage\":{\"@id\":\"https:\\\/\\\/ponteseditores.com.br\\\/loja3\\\/pontes-editores-home-2__trashed\\\/linguistica\\\/experimentando-linguistica-na-escola-conhecimento-gramatical-leitura-e-escrita\\\/#primaryimage\"},\"image\":{\"@id\":\"https:\\\/\\\/ponteseditores.com.br\\\/loja3\\\/pontes-editores-home-2__trashed\\\/linguistica\\\/experimentando-linguistica-na-escola-conhecimento-gramatical-leitura-e-escrita\\\/#primaryimage\"},\"thumbnailUrl\":\"https:\\\/\\\/ponteseditores.com.br\\\/loja3\\\/wp-content\\\/uploads\\\/2023\\\/12\\\/capa20experimentando.jpg\",\"datePublished\":\"2023-12-15T03:48:17+00:00\",\"dateModified\":\"2025-07-30T15:16:45+00:00\",\"breadcrumb\":{\"@id\":\"https:\\\/\\\/ponteseditores.com.br\\\/loja3\\\/pontes-editores-home-2__trashed\\\/linguistica\\\/experimentando-linguistica-na-escola-conhecimento-gramatical-leitura-e-escrita\\\/#breadcrumb\"},\"inLanguage\":\"pt-BR\",\"potentialAction\":[{\"@type\":\"ReadAction\",\"target\":[\"https:\\\/\\\/ponteseditores.com.br\\\/loja3\\\/pontes-editores-home-2__trashed\\\/linguistica\\\/experimentando-linguistica-na-escola-conhecimento-gramatical-leitura-e-escrita\\\/\"]}]},{\"@type\":\"ImageObject\",\"inLanguage\":\"pt-BR\",\"@id\":\"https:\\\/\\\/ponteseditores.com.br\\\/loja3\\\/pontes-editores-home-2__trashed\\\/linguistica\\\/experimentando-linguistica-na-escola-conhecimento-gramatical-leitura-e-escrita\\\/#primaryimage\",\"url\":\"https:\\\/\\\/ponteseditores.com.br\\\/loja3\\\/wp-content\\\/uploads\\\/2023\\\/12\\\/capa20experimentando.jpg\",\"contentUrl\":\"https:\\\/\\\/ponteseditores.com.br\\\/loja3\\\/wp-content\\\/uploads\\\/2023\\\/12\\\/capa20experimentando.jpg\",\"width\":514,\"height\":768},{\"@type\":\"BreadcrumbList\",\"@id\":\"https:\\\/\\\/ponteseditores.com.br\\\/loja3\\\/pontes-editores-home-2__trashed\\\/linguistica\\\/experimentando-linguistica-na-escola-conhecimento-gramatical-leitura-e-escrita\\\/#breadcrumb\",\"itemListElement\":[{\"@type\":\"ListItem\",\"position\":1,\"name\":\"Home\",\"item\":\"https:\\\/\\\/ponteseditores.com.br\\\/loja3\\\/\"},{\"@type\":\"ListItem\",\"position\":2,\"name\":\"loja\",\"item\":\"https:\\\/\\\/ponteseditores.com.br\\\/loja3\\\/loja\\\/\"},{\"@type\":\"ListItem\",\"position\":3,\"name\":\"Experimentando Lingu\u00edstica na Escola: conhecimento gramatical, leitura e escrita\"}]},{\"@type\":\"WebSite\",\"@id\":\"https:\\\/\\\/ponteseditores.com.br\\\/loja3\\\/#website\",\"url\":\"https:\\\/\\\/ponteseditores.com.br\\\/loja3\\\/\",\"name\":\"Pontes Editores\",\"description\":\"Pontes Editores\",\"publisher\":{\"@id\":\"https:\\\/\\\/ponteseditores.com.br\\\/loja3\\\/#organization\"},\"potentialAction\":[{\"@type\":\"SearchAction\",\"target\":{\"@type\":\"EntryPoint\",\"urlTemplate\":\"https:\\\/\\\/ponteseditores.com.br\\\/loja3\\\/?s={search_term_string}\"},\"query-input\":{\"@type\":\"PropertyValueSpecification\",\"valueRequired\":true,\"valueName\":\"search_term_string\"}}],\"inLanguage\":\"pt-BR\"},{\"@type\":\"Organization\",\"@id\":\"https:\\\/\\\/ponteseditores.com.br\\\/loja3\\\/#organization\",\"name\":\"Pontes Editores\",\"url\":\"https:\\\/\\\/ponteseditores.com.br\\\/loja3\\\/\",\"logo\":{\"@type\":\"ImageObject\",\"inLanguage\":\"pt-BR\",\"@id\":\"https:\\\/\\\/ponteseditores.com.br\\\/loja3\\\/#\\\/schema\\\/logo\\\/image\\\/\",\"url\":\"https:\\\/\\\/ponteseditores.com.br\\\/loja3\\\/wp-content\\\/uploads\\\/2023\\\/12\\\/logo-pontes-editores-v2.png\",\"contentUrl\":\"https:\\\/\\\/ponteseditores.com.br\\\/loja3\\\/wp-content\\\/uploads\\\/2023\\\/12\\\/logo-pontes-editores-v2.png\",\"width\":258,\"height\":100,\"caption\":\"Pontes Editores\"},\"image\":{\"@id\":\"https:\\\/\\\/ponteseditores.com.br\\\/loja3\\\/#\\\/schema\\\/logo\\\/image\\\/\"}}]}<\/script>\n<!-- \/ Yoast SEO plugin. -->","yoast_head_json":{"title":"Experimentando Lingu\u00edstica na Escola: conhecimento gramatical, leitura e escrita - Pontes Editores","robots":{"index":"index","follow":"follow","max-snippet":"max-snippet:-1","max-image-preview":"max-image-preview:large","max-video-preview":"max-video-preview:-1"},"canonical":"https:\/\/ponteseditores.com.br\/loja3\/pontes-editores-home-2__trashed\/linguistica\/experimentando-linguistica-na-escola-conhecimento-gramatical-leitura-e-escrita\/","og_locale":"pt_BR","og_type":"article","og_title":"Experimentando Lingu\u00edstica na Escola: conhecimento gramatical, leitura e escrita - Pontes Editores","og_description":"Estabelecendo um di\u00e1logo entre o gerativismo, a psicolingu\u00edstica e o ensino de l\u00ednguas, os autores buscam explicitar mecanismos intuitivos do funcionamento das l\u00ednguas naturais e evidenciar como esse saber pode ser usado em benef\u00edcio do desenvolvimento lingu\u00edstico dos estudantes da educa\u00e7\u00e3o b\u00e1sica. Destacam-se, nos tr\u00eas cap\u00edtulos, duas tend\u00eancias gerais, diretamente derivadas do ponto de vista [&hellip;]","og_url":"https:\/\/ponteseditores.com.br\/loja3\/pontes-editores-home-2__trashed\/linguistica\/experimentando-linguistica-na-escola-conhecimento-gramatical-leitura-e-escrita\/","og_site_name":"Pontes Editores","article_modified_time":"2025-07-30T15:16:45+00:00","og_image":[{"width":514,"height":768,"url":"https:\/\/ponteseditores.com.br\/loja3\/wp-content\/uploads\/2023\/12\/capa20experimentando.jpg","type":"image\/jpeg"}],"twitter_card":"summary_large_image","twitter_misc":{"Est. tempo de leitura":"1 minuto"},"schema":{"@context":"https:\/\/schema.org","@graph":[{"@type":"WebPage","@id":"https:\/\/ponteseditores.com.br\/loja3\/pontes-editores-home-2__trashed\/linguistica\/experimentando-linguistica-na-escola-conhecimento-gramatical-leitura-e-escrita\/","url":"https:\/\/ponteseditores.com.br\/loja3\/pontes-editores-home-2__trashed\/linguistica\/experimentando-linguistica-na-escola-conhecimento-gramatical-leitura-e-escrita\/","name":"Experimentando Lingu\u00edstica na Escola: conhecimento gramatical, leitura e escrita - Pontes Editores","isPartOf":{"@id":"https:\/\/ponteseditores.com.br\/loja3\/#website"},"primaryImageOfPage":{"@id":"https:\/\/ponteseditores.com.br\/loja3\/pontes-editores-home-2__trashed\/linguistica\/experimentando-linguistica-na-escola-conhecimento-gramatical-leitura-e-escrita\/#primaryimage"},"image":{"@id":"https:\/\/ponteseditores.com.br\/loja3\/pontes-editores-home-2__trashed\/linguistica\/experimentando-linguistica-na-escola-conhecimento-gramatical-leitura-e-escrita\/#primaryimage"},"thumbnailUrl":"https:\/\/ponteseditores.com.br\/loja3\/wp-content\/uploads\/2023\/12\/capa20experimentando.jpg","datePublished":"2023-12-15T03:48:17+00:00","dateModified":"2025-07-30T15:16:45+00:00","breadcrumb":{"@id":"https:\/\/ponteseditores.com.br\/loja3\/pontes-editores-home-2__trashed\/linguistica\/experimentando-linguistica-na-escola-conhecimento-gramatical-leitura-e-escrita\/#breadcrumb"},"inLanguage":"pt-BR","potentialAction":[{"@type":"ReadAction","target":["https:\/\/ponteseditores.com.br\/loja3\/pontes-editores-home-2__trashed\/linguistica\/experimentando-linguistica-na-escola-conhecimento-gramatical-leitura-e-escrita\/"]}]},{"@type":"ImageObject","inLanguage":"pt-BR","@id":"https:\/\/ponteseditores.com.br\/loja3\/pontes-editores-home-2__trashed\/linguistica\/experimentando-linguistica-na-escola-conhecimento-gramatical-leitura-e-escrita\/#primaryimage","url":"https:\/\/ponteseditores.com.br\/loja3\/wp-content\/uploads\/2023\/12\/capa20experimentando.jpg","contentUrl":"https:\/\/ponteseditores.com.br\/loja3\/wp-content\/uploads\/2023\/12\/capa20experimentando.jpg","width":514,"height":768},{"@type":"BreadcrumbList","@id":"https:\/\/ponteseditores.com.br\/loja3\/pontes-editores-home-2__trashed\/linguistica\/experimentando-linguistica-na-escola-conhecimento-gramatical-leitura-e-escrita\/#breadcrumb","itemListElement":[{"@type":"ListItem","position":1,"name":"Home","item":"https:\/\/ponteseditores.com.br\/loja3\/"},{"@type":"ListItem","position":2,"name":"loja","item":"https:\/\/ponteseditores.com.br\/loja3\/loja\/"},{"@type":"ListItem","position":3,"name":"Experimentando Lingu\u00edstica na Escola: conhecimento gramatical, leitura e escrita"}]},{"@type":"WebSite","@id":"https:\/\/ponteseditores.com.br\/loja3\/#website","url":"https:\/\/ponteseditores.com.br\/loja3\/","name":"Pontes Editores","description":"Pontes Editores","publisher":{"@id":"https:\/\/ponteseditores.com.br\/loja3\/#organization"},"potentialAction":[{"@type":"SearchAction","target":{"@type":"EntryPoint","urlTemplate":"https:\/\/ponteseditores.com.br\/loja3\/?s={search_term_string}"},"query-input":{"@type":"PropertyValueSpecification","valueRequired":true,"valueName":"search_term_string"}}],"inLanguage":"pt-BR"},{"@type":"Organization","@id":"https:\/\/ponteseditores.com.br\/loja3\/#organization","name":"Pontes Editores","url":"https:\/\/ponteseditores.com.br\/loja3\/","logo":{"@type":"ImageObject","inLanguage":"pt-BR","@id":"https:\/\/ponteseditores.com.br\/loja3\/#\/schema\/logo\/image\/","url":"https:\/\/ponteseditores.com.br\/loja3\/wp-content\/uploads\/2023\/12\/logo-pontes-editores-v2.png","contentUrl":"https:\/\/ponteseditores.com.br\/loja3\/wp-content\/uploads\/2023\/12\/logo-pontes-editores-v2.png","width":258,"height":100,"caption":"Pontes Editores"},"image":{"@id":"https:\/\/ponteseditores.com.br\/loja3\/#\/schema\/logo\/image\/"}}]}},"_links":{"self":[{"href":"https:\/\/ponteseditores.com.br\/loja3\/wp-json\/wp\/v2\/product\/7468","targetHints":{"allow":["GET"]}}],"collection":[{"href":"https:\/\/ponteseditores.com.br\/loja3\/wp-json\/wp\/v2\/product"}],"about":[{"href":"https:\/\/ponteseditores.com.br\/loja3\/wp-json\/wp\/v2\/types\/product"}],"replies":[{"embeddable":true,"href":"https:\/\/ponteseditores.com.br\/loja3\/wp-json\/wp\/v2\/comments?post=7468"}],"version-history":[{"count":1,"href":"https:\/\/ponteseditores.com.br\/loja3\/wp-json\/wp\/v2\/product\/7468\/revisions"}],"predecessor-version":[{"id":27035,"href":"https:\/\/ponteseditores.com.br\/loja3\/wp-json\/wp\/v2\/product\/7468\/revisions\/27035"}],"wp:featuredmedia":[{"embeddable":true,"href":"https:\/\/ponteseditores.com.br\/loja3\/wp-json\/wp\/v2\/media\/7467"}],"wp:attachment":[{"href":"https:\/\/ponteseditores.com.br\/loja3\/wp-json\/wp\/v2\/media?parent=7468"}],"wp:term":[{"taxonomy":"product_brand","embeddable":true,"href":"https:\/\/ponteseditores.com.br\/loja3\/wp-json\/wp\/v2\/product_brand?post=7468"},{"taxonomy":"product_cat","embeddable":true,"href":"https:\/\/ponteseditores.com.br\/loja3\/wp-json\/wp\/v2\/product_cat?post=7468"},{"taxonomy":"product_tag","embeddable":true,"href":"https:\/\/ponteseditores.com.br\/loja3\/wp-json\/wp\/v2\/product_tag?post=7468"}],"curies":[{"name":"wp","href":"https:\/\/api.w.org\/{rel}","templated":true}]}}