{"id":7454,"date":"2023-12-15T00:46:51","date_gmt":"2023-12-15T03:46:51","guid":{"rendered":"https:\/\/ponteseditores.com.br\/loja3\/pontes-editores-home-2__trashed\/sem%20categoria\/analise-de-discurso-critica-conceitos-chave\/"},"modified":"2025-09-04T14:48:06","modified_gmt":"2025-09-04T17:48:06","slug":"analise-de-discurso-critica-conceitos-chave","status":"publish","type":"product","link":"https:\/\/ponteseditores.com.br\/loja3\/pontes-editores-home-2__trashed\/linguistica\/analise-de-discurso-critica-conceitos-chave\/","title":{"rendered":"AN\u00c1LISE DE DISCURSO CR\u00cdTICA CONCEITOS-CHAVE"},"content":{"rendered":"<p>O Grupo de Pesquisa em An\u00e1lise de Discurso Cr\u00edtica da Universidade Estadual do Cear\u00e1, nosso GPADC\/UECE, inst\u00e2ncia coletiva da qual emerge a proposta deste livro, congrega pesquisadores\/as interessados\/as nos estudos cr\u00edticos da linguagem e objetiva, de modo geral, desenvolver investiga\u00e7\u00f5es que analisem objetos de pesquisa constru\u00eddos \u00e0 luz da concep\u00e7\u00e3o de linguagem como pr\u00e1tica social, voltando-se para o desenvolvimento de pesquisas sobre representa\u00e7\u00f5es, ideologias, letramentos, discurso de\/sobre grupos minorit\u00e1rios e\/ou em situa\u00e7\u00e3o de vulnerabilidade social, identidades, desconstru\u00e7\u00e3o de rela\u00e7\u00f5es assim\u00e9tricas de poder e descoloniza\u00e7\u00e3o do saber.<\/p>\n<p>                No \u00e2mbito do GPADC, reconhecemos que \u00e9 preciso marcar politicamente o lugar epistemol\u00f3gico do qual falamos: a Lingu\u00edstica Aplicada (LA), que nos possibilita disseminar nossos ideais enquanto grupo de pesquisa, a saber:<\/p>\n<p>                \u00b7 praticar a produ\u00e7\u00e3o democr\u00e1tica do conhecimento;<\/p>\n<p>                \u00b7 possibilitar amplo acesso aos bens produzidos academicamente;<\/p>\n<p>                \u00b7 combater rela\u00e7\u00f5es de poder que se instauram na universidade e fora dela.<\/p>\n<p>                A partir destes ideais, a presente obra discute conceitos-chave que auxiliam na problematiza\u00e7\u00e3o\/desconstru\u00e7\u00e3o de rela\u00e7\u00f5es de poder projetadas na sociedade contempor\u00e2nea e se preocupa em fornecer a pesquisadores\/as em ADC a oportunidade de autorreflex\u00e3o sobre sua atua\u00e7\u00e3o do mundo a partir das no\u00e7\u00f5es de discurso, poder, ideologia, hegemonia, texto, modernidade tardia, pr\u00e1tica discursiva, pr\u00e1tica social, mudan\u00e7a discursiva e social e dial\u00e9tica discurso-sociedade debatidas por escrito nos cap\u00edtulos e oralmente nos podcasts que comp\u00f5em a obra.<\/p>\n<p>            Importa destacar que, atualmente, j\u00e1 somos quase 100 pesquisadores\/as reunidos\/as no grupo, entre professores\/as, estudantes de gradua\u00e7\u00e3o e de p\u00f3s-gradua\u00e7\u00e3o e profissionais diversos\/as de diversas \u00e1reas do conhecimento! E isso \u00e9 algo de que nos orgulhamos muito: nosso grupo de pesquisa \u00e9 aberto a todos\/as que nos procuram, sem qualquer tipo de restri\u00e7\u00e3o!<\/p>\n","protected":false},"excerpt":{"rendered":"<p>O Grupo de Pesquisa em An\u00e1lise de Discurso Cr\u00edtica da Universidade Estadual do Cear\u00e1, nosso GPADC\/UECE, inst\u00e2ncia coletiva da qual emerge a proposta deste livro, congrega pesquisadores\/as interessados\/as nos estudos cr\u00edticos da linguagem e objetiva, de modo geral, desenvolver investiga\u00e7\u00f5es que analisem objetos de pesquisa constru\u00eddos \u00e0 luz da concep\u00e7\u00e3o de linguagem como pr\u00e1tica social, [&hellip;]<\/p>\n","protected":false},"featured_media":7453,"comment_status":"open","ping_status":"closed","template":"","meta":{"_joinchat":[]},"product_brand":[],"product_cat":[301,31],"product_tag":[],"class_list":{"0":"post-7454","1":"product","2":"type-product","3":"status-publish","4":"has-post-thumbnail","6":"product_cat-analise-de-discurso","7":"product_cat-linguistica","8":"product_shipping_class-livro-pontes-editores-fisico","10":"first","11":"instock","12":"shipping-taxable","13":"purchasable","14":"product-type-simple"},"yoast_head":"<!-- This site is optimized with the Yoast SEO plugin v27.4 - https:\/\/yoast.com\/product\/yoast-seo-wordpress\/ -->\n<title>AN\u00c1LISE DE DISCURSO CR\u00cdTICA CONCEITOS-CHAVE - Pontes Editores<\/title>\n<meta name=\"robots\" content=\"index, follow, max-snippet:-1, max-image-preview:large, max-video-preview:-1\" \/>\n<link rel=\"canonical\" href=\"https:\/\/ponteseditores.com.br\/loja3\/pontes-editores-home-2__trashed\/linguistica\/analise-de-discurso-critica-conceitos-chave\/\" \/>\n<meta property=\"og:locale\" content=\"pt_BR\" \/>\n<meta property=\"og:type\" content=\"article\" \/>\n<meta property=\"og:title\" content=\"AN\u00c1LISE DE DISCURSO CR\u00cdTICA CONCEITOS-CHAVE - Pontes Editores\" \/>\n<meta property=\"og:description\" content=\"O Grupo de Pesquisa em An\u00e1lise de Discurso Cr\u00edtica da Universidade Estadual do Cear\u00e1, nosso GPADC\/UECE, inst\u00e2ncia coletiva da qual emerge a proposta deste livro, congrega pesquisadores\/as interessados\/as nos estudos cr\u00edticos da linguagem e objetiva, de modo geral, desenvolver investiga\u00e7\u00f5es que analisem objetos de pesquisa constru\u00eddos \u00e0 luz da concep\u00e7\u00e3o de linguagem como pr\u00e1tica social, [&hellip;]\" \/>\n<meta property=\"og:url\" content=\"https:\/\/ponteseditores.com.br\/loja3\/pontes-editores-home-2__trashed\/linguistica\/analise-de-discurso-critica-conceitos-chave\/\" \/>\n<meta property=\"og:site_name\" content=\"Pontes Editores\" \/>\n<meta property=\"article:modified_time\" content=\"2025-09-04T17:48:06+00:00\" \/>\n<meta property=\"og:image\" content=\"https:\/\/ponteseditores.com.br\/loja3\/wp-content\/uploads\/2023\/12\/ad3-3.jpg\" \/>\n\t<meta property=\"og:image:width\" content=\"1200\" \/>\n\t<meta property=\"og:image:height\" content=\"1800\" \/>\n\t<meta property=\"og:image:type\" content=\"image\/jpeg\" \/>\n<meta name=\"twitter:card\" content=\"summary_large_image\" \/>\n<meta name=\"twitter:label1\" content=\"Est. tempo de leitura\" \/>\n\t<meta name=\"twitter:data1\" content=\"2 minutos\" \/>\n<script type=\"application\/ld+json\" class=\"yoast-schema-graph\">{\"@context\":\"https:\\\/\\\/schema.org\",\"@graph\":[{\"@type\":\"WebPage\",\"@id\":\"https:\\\/\\\/ponteseditores.com.br\\\/loja3\\\/pontes-editores-home-2__trashed\\\/linguistica\\\/analise-de-discurso-critica-conceitos-chave\\\/\",\"url\":\"https:\\\/\\\/ponteseditores.com.br\\\/loja3\\\/pontes-editores-home-2__trashed\\\/linguistica\\\/analise-de-discurso-critica-conceitos-chave\\\/\",\"name\":\"AN\u00c1LISE DE DISCURSO CR\u00cdTICA CONCEITOS-CHAVE - Pontes Editores\",\"isPartOf\":{\"@id\":\"https:\\\/\\\/ponteseditores.com.br\\\/loja3\\\/#website\"},\"primaryImageOfPage\":{\"@id\":\"https:\\\/\\\/ponteseditores.com.br\\\/loja3\\\/pontes-editores-home-2__trashed\\\/linguistica\\\/analise-de-discurso-critica-conceitos-chave\\\/#primaryimage\"},\"image\":{\"@id\":\"https:\\\/\\\/ponteseditores.com.br\\\/loja3\\\/pontes-editores-home-2__trashed\\\/linguistica\\\/analise-de-discurso-critica-conceitos-chave\\\/#primaryimage\"},\"thumbnailUrl\":\"https:\\\/\\\/ponteseditores.com.br\\\/loja3\\\/wp-content\\\/uploads\\\/2023\\\/12\\\/ad3-3.jpg\",\"datePublished\":\"2023-12-15T03:46:51+00:00\",\"dateModified\":\"2025-09-04T17:48:06+00:00\",\"breadcrumb\":{\"@id\":\"https:\\\/\\\/ponteseditores.com.br\\\/loja3\\\/pontes-editores-home-2__trashed\\\/linguistica\\\/analise-de-discurso-critica-conceitos-chave\\\/#breadcrumb\"},\"inLanguage\":\"pt-BR\",\"potentialAction\":[{\"@type\":\"ReadAction\",\"target\":[\"https:\\\/\\\/ponteseditores.com.br\\\/loja3\\\/pontes-editores-home-2__trashed\\\/linguistica\\\/analise-de-discurso-critica-conceitos-chave\\\/\"]}]},{\"@type\":\"ImageObject\",\"inLanguage\":\"pt-BR\",\"@id\":\"https:\\\/\\\/ponteseditores.com.br\\\/loja3\\\/pontes-editores-home-2__trashed\\\/linguistica\\\/analise-de-discurso-critica-conceitos-chave\\\/#primaryimage\",\"url\":\"https:\\\/\\\/ponteseditores.com.br\\\/loja3\\\/wp-content\\\/uploads\\\/2023\\\/12\\\/ad3-3.jpg\",\"contentUrl\":\"https:\\\/\\\/ponteseditores.com.br\\\/loja3\\\/wp-content\\\/uploads\\\/2023\\\/12\\\/ad3-3.jpg\",\"width\":1200,\"height\":1800},{\"@type\":\"BreadcrumbList\",\"@id\":\"https:\\\/\\\/ponteseditores.com.br\\\/loja3\\\/pontes-editores-home-2__trashed\\\/linguistica\\\/analise-de-discurso-critica-conceitos-chave\\\/#breadcrumb\",\"itemListElement\":[{\"@type\":\"ListItem\",\"position\":1,\"name\":\"Home\",\"item\":\"https:\\\/\\\/ponteseditores.com.br\\\/loja3\\\/\"},{\"@type\":\"ListItem\",\"position\":2,\"name\":\"loja\",\"item\":\"https:\\\/\\\/ponteseditores.com.br\\\/loja3\\\/loja\\\/\"},{\"@type\":\"ListItem\",\"position\":3,\"name\":\"AN\u00c1LISE DE DISCURSO CR\u00cdTICA CONCEITOS-CHAVE\"}]},{\"@type\":\"WebSite\",\"@id\":\"https:\\\/\\\/ponteseditores.com.br\\\/loja3\\\/#website\",\"url\":\"https:\\\/\\\/ponteseditores.com.br\\\/loja3\\\/\",\"name\":\"Pontes Editores\",\"description\":\"Pontes Editores\",\"publisher\":{\"@id\":\"https:\\\/\\\/ponteseditores.com.br\\\/loja3\\\/#organization\"},\"potentialAction\":[{\"@type\":\"SearchAction\",\"target\":{\"@type\":\"EntryPoint\",\"urlTemplate\":\"https:\\\/\\\/ponteseditores.com.br\\\/loja3\\\/?s={search_term_string}\"},\"query-input\":{\"@type\":\"PropertyValueSpecification\",\"valueRequired\":true,\"valueName\":\"search_term_string\"}}],\"inLanguage\":\"pt-BR\"},{\"@type\":\"Organization\",\"@id\":\"https:\\\/\\\/ponteseditores.com.br\\\/loja3\\\/#organization\",\"name\":\"Pontes Editores\",\"url\":\"https:\\\/\\\/ponteseditores.com.br\\\/loja3\\\/\",\"logo\":{\"@type\":\"ImageObject\",\"inLanguage\":\"pt-BR\",\"@id\":\"https:\\\/\\\/ponteseditores.com.br\\\/loja3\\\/#\\\/schema\\\/logo\\\/image\\\/\",\"url\":\"https:\\\/\\\/ponteseditores.com.br\\\/loja3\\\/wp-content\\\/uploads\\\/2023\\\/12\\\/logo-pontes-editores-v2.png\",\"contentUrl\":\"https:\\\/\\\/ponteseditores.com.br\\\/loja3\\\/wp-content\\\/uploads\\\/2023\\\/12\\\/logo-pontes-editores-v2.png\",\"width\":258,\"height\":100,\"caption\":\"Pontes Editores\"},\"image\":{\"@id\":\"https:\\\/\\\/ponteseditores.com.br\\\/loja3\\\/#\\\/schema\\\/logo\\\/image\\\/\"}}]}<\/script>\n<!-- \/ Yoast SEO plugin. -->","yoast_head_json":{"title":"AN\u00c1LISE DE DISCURSO CR\u00cdTICA CONCEITOS-CHAVE - Pontes Editores","robots":{"index":"index","follow":"follow","max-snippet":"max-snippet:-1","max-image-preview":"max-image-preview:large","max-video-preview":"max-video-preview:-1"},"canonical":"https:\/\/ponteseditores.com.br\/loja3\/pontes-editores-home-2__trashed\/linguistica\/analise-de-discurso-critica-conceitos-chave\/","og_locale":"pt_BR","og_type":"article","og_title":"AN\u00c1LISE DE DISCURSO CR\u00cdTICA CONCEITOS-CHAVE - Pontes Editores","og_description":"O Grupo de Pesquisa em An\u00e1lise de Discurso Cr\u00edtica da Universidade Estadual do Cear\u00e1, nosso GPADC\/UECE, inst\u00e2ncia coletiva da qual emerge a proposta deste livro, congrega pesquisadores\/as interessados\/as nos estudos cr\u00edticos da linguagem e objetiva, de modo geral, desenvolver investiga\u00e7\u00f5es que analisem objetos de pesquisa constru\u00eddos \u00e0 luz da concep\u00e7\u00e3o de linguagem como pr\u00e1tica social, [&hellip;]","og_url":"https:\/\/ponteseditores.com.br\/loja3\/pontes-editores-home-2__trashed\/linguistica\/analise-de-discurso-critica-conceitos-chave\/","og_site_name":"Pontes Editores","article_modified_time":"2025-09-04T17:48:06+00:00","og_image":[{"width":1200,"height":1800,"url":"https:\/\/ponteseditores.com.br\/loja3\/wp-content\/uploads\/2023\/12\/ad3-3.jpg","type":"image\/jpeg"}],"twitter_card":"summary_large_image","twitter_misc":{"Est. tempo de leitura":"2 minutos"},"schema":{"@context":"https:\/\/schema.org","@graph":[{"@type":"WebPage","@id":"https:\/\/ponteseditores.com.br\/loja3\/pontes-editores-home-2__trashed\/linguistica\/analise-de-discurso-critica-conceitos-chave\/","url":"https:\/\/ponteseditores.com.br\/loja3\/pontes-editores-home-2__trashed\/linguistica\/analise-de-discurso-critica-conceitos-chave\/","name":"AN\u00c1LISE DE DISCURSO CR\u00cdTICA CONCEITOS-CHAVE - Pontes Editores","isPartOf":{"@id":"https:\/\/ponteseditores.com.br\/loja3\/#website"},"primaryImageOfPage":{"@id":"https:\/\/ponteseditores.com.br\/loja3\/pontes-editores-home-2__trashed\/linguistica\/analise-de-discurso-critica-conceitos-chave\/#primaryimage"},"image":{"@id":"https:\/\/ponteseditores.com.br\/loja3\/pontes-editores-home-2__trashed\/linguistica\/analise-de-discurso-critica-conceitos-chave\/#primaryimage"},"thumbnailUrl":"https:\/\/ponteseditores.com.br\/loja3\/wp-content\/uploads\/2023\/12\/ad3-3.jpg","datePublished":"2023-12-15T03:46:51+00:00","dateModified":"2025-09-04T17:48:06+00:00","breadcrumb":{"@id":"https:\/\/ponteseditores.com.br\/loja3\/pontes-editores-home-2__trashed\/linguistica\/analise-de-discurso-critica-conceitos-chave\/#breadcrumb"},"inLanguage":"pt-BR","potentialAction":[{"@type":"ReadAction","target":["https:\/\/ponteseditores.com.br\/loja3\/pontes-editores-home-2__trashed\/linguistica\/analise-de-discurso-critica-conceitos-chave\/"]}]},{"@type":"ImageObject","inLanguage":"pt-BR","@id":"https:\/\/ponteseditores.com.br\/loja3\/pontes-editores-home-2__trashed\/linguistica\/analise-de-discurso-critica-conceitos-chave\/#primaryimage","url":"https:\/\/ponteseditores.com.br\/loja3\/wp-content\/uploads\/2023\/12\/ad3-3.jpg","contentUrl":"https:\/\/ponteseditores.com.br\/loja3\/wp-content\/uploads\/2023\/12\/ad3-3.jpg","width":1200,"height":1800},{"@type":"BreadcrumbList","@id":"https:\/\/ponteseditores.com.br\/loja3\/pontes-editores-home-2__trashed\/linguistica\/analise-de-discurso-critica-conceitos-chave\/#breadcrumb","itemListElement":[{"@type":"ListItem","position":1,"name":"Home","item":"https:\/\/ponteseditores.com.br\/loja3\/"},{"@type":"ListItem","position":2,"name":"loja","item":"https:\/\/ponteseditores.com.br\/loja3\/loja\/"},{"@type":"ListItem","position":3,"name":"AN\u00c1LISE DE DISCURSO CR\u00cdTICA CONCEITOS-CHAVE"}]},{"@type":"WebSite","@id":"https:\/\/ponteseditores.com.br\/loja3\/#website","url":"https:\/\/ponteseditores.com.br\/loja3\/","name":"Pontes Editores","description":"Pontes Editores","publisher":{"@id":"https:\/\/ponteseditores.com.br\/loja3\/#organization"},"potentialAction":[{"@type":"SearchAction","target":{"@type":"EntryPoint","urlTemplate":"https:\/\/ponteseditores.com.br\/loja3\/?s={search_term_string}"},"query-input":{"@type":"PropertyValueSpecification","valueRequired":true,"valueName":"search_term_string"}}],"inLanguage":"pt-BR"},{"@type":"Organization","@id":"https:\/\/ponteseditores.com.br\/loja3\/#organization","name":"Pontes Editores","url":"https:\/\/ponteseditores.com.br\/loja3\/","logo":{"@type":"ImageObject","inLanguage":"pt-BR","@id":"https:\/\/ponteseditores.com.br\/loja3\/#\/schema\/logo\/image\/","url":"https:\/\/ponteseditores.com.br\/loja3\/wp-content\/uploads\/2023\/12\/logo-pontes-editores-v2.png","contentUrl":"https:\/\/ponteseditores.com.br\/loja3\/wp-content\/uploads\/2023\/12\/logo-pontes-editores-v2.png","width":258,"height":100,"caption":"Pontes Editores"},"image":{"@id":"https:\/\/ponteseditores.com.br\/loja3\/#\/schema\/logo\/image\/"}}]}},"_links":{"self":[{"href":"https:\/\/ponteseditores.com.br\/loja3\/wp-json\/wp\/v2\/product\/7454","targetHints":{"allow":["GET"]}}],"collection":[{"href":"https:\/\/ponteseditores.com.br\/loja3\/wp-json\/wp\/v2\/product"}],"about":[{"href":"https:\/\/ponteseditores.com.br\/loja3\/wp-json\/wp\/v2\/types\/product"}],"replies":[{"embeddable":true,"href":"https:\/\/ponteseditores.com.br\/loja3\/wp-json\/wp\/v2\/comments?post=7454"}],"version-history":[{"count":0,"href":"https:\/\/ponteseditores.com.br\/loja3\/wp-json\/wp\/v2\/product\/7454\/revisions"}],"wp:featuredmedia":[{"embeddable":true,"href":"https:\/\/ponteseditores.com.br\/loja3\/wp-json\/wp\/v2\/media\/7453"}],"wp:attachment":[{"href":"https:\/\/ponteseditores.com.br\/loja3\/wp-json\/wp\/v2\/media?parent=7454"}],"wp:term":[{"taxonomy":"product_brand","embeddable":true,"href":"https:\/\/ponteseditores.com.br\/loja3\/wp-json\/wp\/v2\/product_brand?post=7454"},{"taxonomy":"product_cat","embeddable":true,"href":"https:\/\/ponteseditores.com.br\/loja3\/wp-json\/wp\/v2\/product_cat?post=7454"},{"taxonomy":"product_tag","embeddable":true,"href":"https:\/\/ponteseditores.com.br\/loja3\/wp-json\/wp\/v2\/product_tag?post=7454"}],"curies":[{"name":"wp","href":"https:\/\/api.w.org\/{rel}","templated":true}]}}