{"id":7443,"date":"2023-12-15T00:46:26","date_gmt":"2023-12-15T03:46:26","guid":{"rendered":"https:\/\/ponteseditores.com.br\/loja3\/pontes-editores-home-2__trashed\/sem%20categoria\/tarde-olavo-bilac-vestibular-unicamp-2021\/"},"modified":"2023-12-15T12:12:37","modified_gmt":"2023-12-15T15:12:37","slug":"tarde-olavo-bilac-vestibular-unicamp-2021","status":"publish","type":"product","link":"https:\/\/ponteseditores.com.br\/loja3\/pontes-editores-home-2__trashed\/literatura\/tarde-olavo-bilac-vestibular-unicamp-2021\/","title":{"rendered":"TARDE  Olavo Bilac &#8211; VESTIBULAR UNICAMP 2021"},"content":{"rendered":"<p>Olavo Br\u00e1s Martins dos Guimar\u00e3es Bilac (Rio de Janeiro, 16 de dezembro de 1865 \u2014 28 de dezembro de 1918) foi um jornalista, contista, cronista e poeta brasileiro, considerado o principal representante do parnasianismo no pa\u00eds. Foi membro fundador da Academia Brasileira de Letras, ocupando a cadeira 15 da institui\u00e7\u00e3o, cujo patrono \u00e9 Gon\u00e7alves Dias. Conhecido por sua aten\u00e7\u00e3o \u00e0 literatura infantil e, principalmente, pela participa\u00e7\u00e3o c\u00edvica, Bilac era um ativo republicano e nacionalista, tamb\u00e9m defensor do servi\u00e7o militar obrigat\u00f3rio em um per\u00edodo em que o ex\u00e9rcito usufru\u00eda de amplas faculdades pol\u00edticas em virtude do golpe militar de 1889. Foi o respons\u00e1vel pela cria\u00e7\u00e3o da letra do Hino \u00e0 Bandeira, inicialmente criado para circula\u00e7\u00e3o na capital federal (na \u00e9poca, o Rio de Janeiro), e mais tarde sendo adotado em todo o Brasil. Tamb\u00e9m ficou famoso pelas fortes convic\u00e7\u00f5es pol\u00edticas, sobressaindo-se a ferrenha oposi\u00e7\u00e3o ao governo militar do marechal Floriano Peixoto. Em 1907, foi eleito &#8220;pr\u00edncipe dos poetas brasileiros&#8221;, pela revista Fon-Fon. \u00c9 autor de alguns dos mais populares poemas brasileiros, como os sonetos Ora, direis, ouvir estrelas e L\u00edngua portuguesa. Bilac foi jornalista, poeta, frequentador de rodas bo\u00eamias e liter\u00e1rias no meio letrado do Rio de Janeiro. Sua proje\u00e7\u00e3o como jornalista e poeta e seu contato com intelectuais e pol\u00edticos da \u00e9poca conduziram-no a um cargo p\u00fablico: o de inspetor escolar. Aos poucos profissionaliza-se: produz, al\u00e9m de poemas, textos publicit\u00e1rios, cr\u00f4nicas, livros escolares e poesias sat\u00edricas. Visava, ent\u00e3o, contar atrav\u00e9s de seus manuscritos a realidade presente na sua \u00e9poca.<\/p>\n","protected":false},"excerpt":{"rendered":"<p>Olavo Br\u00e1s Martins dos Guimar\u00e3es Bilac (Rio de Janeiro, 16 de dezembro de 1865 \u2014 28 de dezembro de 1918) foi um jornalista, contista, cronista e poeta brasileiro, considerado o principal representante do parnasianismo no pa\u00eds. Foi membro fundador da Academia Brasileira de Letras, ocupando a cadeira 15 da institui\u00e7\u00e3o, cujo patrono \u00e9 Gon\u00e7alves Dias. [&hellip;]<\/p>\n","protected":false},"featured_media":7442,"comment_status":"open","ping_status":"closed","template":"","meta":{"_joinchat":[]},"product_brand":[],"product_cat":[287,334],"product_tag":[],"class_list":{"0":"post-7443","1":"product","2":"type-product","3":"status-publish","4":"has-post-thumbnail","6":"product_cat-literatura","7":"product_cat-vestibular","8":"product_shipping_class-livro-pontes-editores-fisico","10":"first","11":"instock","12":"shipping-taxable","13":"purchasable","14":"product-type-simple"},"yoast_head":"<!-- This site is optimized with the Yoast SEO plugin v27.4 - https:\/\/yoast.com\/product\/yoast-seo-wordpress\/ -->\n<title>TARDE Olavo Bilac - VESTIBULAR UNICAMP 2021 - Pontes Editores<\/title>\n<meta name=\"robots\" content=\"index, follow, max-snippet:-1, max-image-preview:large, max-video-preview:-1\" \/>\n<link rel=\"canonical\" href=\"https:\/\/ponteseditores.com.br\/loja3\/pontes-editores-home-2__trashed\/literatura\/tarde-olavo-bilac-vestibular-unicamp-2021\/\" \/>\n<meta property=\"og:locale\" content=\"pt_BR\" \/>\n<meta property=\"og:type\" content=\"article\" \/>\n<meta property=\"og:title\" content=\"TARDE Olavo Bilac - VESTIBULAR UNICAMP 2021 - Pontes Editores\" \/>\n<meta property=\"og:description\" content=\"Olavo Br\u00e1s Martins dos Guimar\u00e3es Bilac (Rio de Janeiro, 16 de dezembro de 1865 \u2014 28 de dezembro de 1918) foi um jornalista, contista, cronista e poeta brasileiro, considerado o principal representante do parnasianismo no pa\u00eds. Foi membro fundador da Academia Brasileira de Letras, ocupando a cadeira 15 da institui\u00e7\u00e3o, cujo patrono \u00e9 Gon\u00e7alves Dias. [&hellip;]\" \/>\n<meta property=\"og:url\" content=\"https:\/\/ponteseditores.com.br\/loja3\/pontes-editores-home-2__trashed\/literatura\/tarde-olavo-bilac-vestibular-unicamp-2021\/\" \/>\n<meta property=\"og:site_name\" content=\"Pontes Editores\" \/>\n<meta property=\"article:modified_time\" content=\"2023-12-15T15:12:37+00:00\" \/>\n<meta property=\"og:image\" content=\"https:\/\/ponteseditores.com.br\/loja3\/wp-content\/uploads\/2023\/12\/capa20olavo.jpg\" \/>\n\t<meta property=\"og:image:width\" content=\"900\" \/>\n\t<meta property=\"og:image:height\" content=\"1289\" \/>\n\t<meta property=\"og:image:type\" content=\"image\/jpeg\" \/>\n<meta name=\"twitter:card\" content=\"summary_large_image\" \/>\n<meta name=\"twitter:label1\" content=\"Est. tempo de leitura\" \/>\n\t<meta name=\"twitter:data1\" content=\"1 minuto\" \/>\n<script type=\"application\/ld+json\" class=\"yoast-schema-graph\">{\"@context\":\"https:\\\/\\\/schema.org\",\"@graph\":[{\"@type\":\"WebPage\",\"@id\":\"https:\\\/\\\/ponteseditores.com.br\\\/loja3\\\/pontes-editores-home-2__trashed\\\/literatura\\\/tarde-olavo-bilac-vestibular-unicamp-2021\\\/\",\"url\":\"https:\\\/\\\/ponteseditores.com.br\\\/loja3\\\/pontes-editores-home-2__trashed\\\/literatura\\\/tarde-olavo-bilac-vestibular-unicamp-2021\\\/\",\"name\":\"TARDE Olavo Bilac - VESTIBULAR UNICAMP 2021 - Pontes Editores\",\"isPartOf\":{\"@id\":\"https:\\\/\\\/ponteseditores.com.br\\\/loja3\\\/#website\"},\"primaryImageOfPage\":{\"@id\":\"https:\\\/\\\/ponteseditores.com.br\\\/loja3\\\/pontes-editores-home-2__trashed\\\/literatura\\\/tarde-olavo-bilac-vestibular-unicamp-2021\\\/#primaryimage\"},\"image\":{\"@id\":\"https:\\\/\\\/ponteseditores.com.br\\\/loja3\\\/pontes-editores-home-2__trashed\\\/literatura\\\/tarde-olavo-bilac-vestibular-unicamp-2021\\\/#primaryimage\"},\"thumbnailUrl\":\"https:\\\/\\\/ponteseditores.com.br\\\/loja3\\\/wp-content\\\/uploads\\\/2023\\\/12\\\/capa20olavo.jpg\",\"datePublished\":\"2023-12-15T03:46:26+00:00\",\"dateModified\":\"2023-12-15T15:12:37+00:00\",\"breadcrumb\":{\"@id\":\"https:\\\/\\\/ponteseditores.com.br\\\/loja3\\\/pontes-editores-home-2__trashed\\\/literatura\\\/tarde-olavo-bilac-vestibular-unicamp-2021\\\/#breadcrumb\"},\"inLanguage\":\"pt-BR\",\"potentialAction\":[{\"@type\":\"ReadAction\",\"target\":[\"https:\\\/\\\/ponteseditores.com.br\\\/loja3\\\/pontes-editores-home-2__trashed\\\/literatura\\\/tarde-olavo-bilac-vestibular-unicamp-2021\\\/\"]}]},{\"@type\":\"ImageObject\",\"inLanguage\":\"pt-BR\",\"@id\":\"https:\\\/\\\/ponteseditores.com.br\\\/loja3\\\/pontes-editores-home-2__trashed\\\/literatura\\\/tarde-olavo-bilac-vestibular-unicamp-2021\\\/#primaryimage\",\"url\":\"https:\\\/\\\/ponteseditores.com.br\\\/loja3\\\/wp-content\\\/uploads\\\/2023\\\/12\\\/capa20olavo.jpg\",\"contentUrl\":\"https:\\\/\\\/ponteseditores.com.br\\\/loja3\\\/wp-content\\\/uploads\\\/2023\\\/12\\\/capa20olavo.jpg\",\"width\":900,\"height\":1289},{\"@type\":\"BreadcrumbList\",\"@id\":\"https:\\\/\\\/ponteseditores.com.br\\\/loja3\\\/pontes-editores-home-2__trashed\\\/literatura\\\/tarde-olavo-bilac-vestibular-unicamp-2021\\\/#breadcrumb\",\"itemListElement\":[{\"@type\":\"ListItem\",\"position\":1,\"name\":\"Home\",\"item\":\"https:\\\/\\\/ponteseditores.com.br\\\/loja3\\\/\"},{\"@type\":\"ListItem\",\"position\":2,\"name\":\"loja\",\"item\":\"https:\\\/\\\/ponteseditores.com.br\\\/loja3\\\/loja\\\/\"},{\"@type\":\"ListItem\",\"position\":3,\"name\":\"TARDE Olavo Bilac &#8211; VESTIBULAR UNICAMP 2021\"}]},{\"@type\":\"WebSite\",\"@id\":\"https:\\\/\\\/ponteseditores.com.br\\\/loja3\\\/#website\",\"url\":\"https:\\\/\\\/ponteseditores.com.br\\\/loja3\\\/\",\"name\":\"Pontes Editores\",\"description\":\"Pontes Editores\",\"publisher\":{\"@id\":\"https:\\\/\\\/ponteseditores.com.br\\\/loja3\\\/#organization\"},\"potentialAction\":[{\"@type\":\"SearchAction\",\"target\":{\"@type\":\"EntryPoint\",\"urlTemplate\":\"https:\\\/\\\/ponteseditores.com.br\\\/loja3\\\/?s={search_term_string}\"},\"query-input\":{\"@type\":\"PropertyValueSpecification\",\"valueRequired\":true,\"valueName\":\"search_term_string\"}}],\"inLanguage\":\"pt-BR\"},{\"@type\":\"Organization\",\"@id\":\"https:\\\/\\\/ponteseditores.com.br\\\/loja3\\\/#organization\",\"name\":\"Pontes Editores\",\"url\":\"https:\\\/\\\/ponteseditores.com.br\\\/loja3\\\/\",\"logo\":{\"@type\":\"ImageObject\",\"inLanguage\":\"pt-BR\",\"@id\":\"https:\\\/\\\/ponteseditores.com.br\\\/loja3\\\/#\\\/schema\\\/logo\\\/image\\\/\",\"url\":\"https:\\\/\\\/ponteseditores.com.br\\\/loja3\\\/wp-content\\\/uploads\\\/2023\\\/12\\\/logo-pontes-editores-v2.png\",\"contentUrl\":\"https:\\\/\\\/ponteseditores.com.br\\\/loja3\\\/wp-content\\\/uploads\\\/2023\\\/12\\\/logo-pontes-editores-v2.png\",\"width\":258,\"height\":100,\"caption\":\"Pontes Editores\"},\"image\":{\"@id\":\"https:\\\/\\\/ponteseditores.com.br\\\/loja3\\\/#\\\/schema\\\/logo\\\/image\\\/\"}}]}<\/script>\n<!-- \/ Yoast SEO plugin. -->","yoast_head_json":{"title":"TARDE Olavo Bilac - VESTIBULAR UNICAMP 2021 - Pontes Editores","robots":{"index":"index","follow":"follow","max-snippet":"max-snippet:-1","max-image-preview":"max-image-preview:large","max-video-preview":"max-video-preview:-1"},"canonical":"https:\/\/ponteseditores.com.br\/loja3\/pontes-editores-home-2__trashed\/literatura\/tarde-olavo-bilac-vestibular-unicamp-2021\/","og_locale":"pt_BR","og_type":"article","og_title":"TARDE Olavo Bilac - VESTIBULAR UNICAMP 2021 - Pontes Editores","og_description":"Olavo Br\u00e1s Martins dos Guimar\u00e3es Bilac (Rio de Janeiro, 16 de dezembro de 1865 \u2014 28 de dezembro de 1918) foi um jornalista, contista, cronista e poeta brasileiro, considerado o principal representante do parnasianismo no pa\u00eds. Foi membro fundador da Academia Brasileira de Letras, ocupando a cadeira 15 da institui\u00e7\u00e3o, cujo patrono \u00e9 Gon\u00e7alves Dias. [&hellip;]","og_url":"https:\/\/ponteseditores.com.br\/loja3\/pontes-editores-home-2__trashed\/literatura\/tarde-olavo-bilac-vestibular-unicamp-2021\/","og_site_name":"Pontes Editores","article_modified_time":"2023-12-15T15:12:37+00:00","og_image":[{"width":900,"height":1289,"url":"https:\/\/ponteseditores.com.br\/loja3\/wp-content\/uploads\/2023\/12\/capa20olavo.jpg","type":"image\/jpeg"}],"twitter_card":"summary_large_image","twitter_misc":{"Est. tempo de leitura":"1 minuto"},"schema":{"@context":"https:\/\/schema.org","@graph":[{"@type":"WebPage","@id":"https:\/\/ponteseditores.com.br\/loja3\/pontes-editores-home-2__trashed\/literatura\/tarde-olavo-bilac-vestibular-unicamp-2021\/","url":"https:\/\/ponteseditores.com.br\/loja3\/pontes-editores-home-2__trashed\/literatura\/tarde-olavo-bilac-vestibular-unicamp-2021\/","name":"TARDE Olavo Bilac - VESTIBULAR UNICAMP 2021 - Pontes Editores","isPartOf":{"@id":"https:\/\/ponteseditores.com.br\/loja3\/#website"},"primaryImageOfPage":{"@id":"https:\/\/ponteseditores.com.br\/loja3\/pontes-editores-home-2__trashed\/literatura\/tarde-olavo-bilac-vestibular-unicamp-2021\/#primaryimage"},"image":{"@id":"https:\/\/ponteseditores.com.br\/loja3\/pontes-editores-home-2__trashed\/literatura\/tarde-olavo-bilac-vestibular-unicamp-2021\/#primaryimage"},"thumbnailUrl":"https:\/\/ponteseditores.com.br\/loja3\/wp-content\/uploads\/2023\/12\/capa20olavo.jpg","datePublished":"2023-12-15T03:46:26+00:00","dateModified":"2023-12-15T15:12:37+00:00","breadcrumb":{"@id":"https:\/\/ponteseditores.com.br\/loja3\/pontes-editores-home-2__trashed\/literatura\/tarde-olavo-bilac-vestibular-unicamp-2021\/#breadcrumb"},"inLanguage":"pt-BR","potentialAction":[{"@type":"ReadAction","target":["https:\/\/ponteseditores.com.br\/loja3\/pontes-editores-home-2__trashed\/literatura\/tarde-olavo-bilac-vestibular-unicamp-2021\/"]}]},{"@type":"ImageObject","inLanguage":"pt-BR","@id":"https:\/\/ponteseditores.com.br\/loja3\/pontes-editores-home-2__trashed\/literatura\/tarde-olavo-bilac-vestibular-unicamp-2021\/#primaryimage","url":"https:\/\/ponteseditores.com.br\/loja3\/wp-content\/uploads\/2023\/12\/capa20olavo.jpg","contentUrl":"https:\/\/ponteseditores.com.br\/loja3\/wp-content\/uploads\/2023\/12\/capa20olavo.jpg","width":900,"height":1289},{"@type":"BreadcrumbList","@id":"https:\/\/ponteseditores.com.br\/loja3\/pontes-editores-home-2__trashed\/literatura\/tarde-olavo-bilac-vestibular-unicamp-2021\/#breadcrumb","itemListElement":[{"@type":"ListItem","position":1,"name":"Home","item":"https:\/\/ponteseditores.com.br\/loja3\/"},{"@type":"ListItem","position":2,"name":"loja","item":"https:\/\/ponteseditores.com.br\/loja3\/loja\/"},{"@type":"ListItem","position":3,"name":"TARDE Olavo Bilac &#8211; VESTIBULAR UNICAMP 2021"}]},{"@type":"WebSite","@id":"https:\/\/ponteseditores.com.br\/loja3\/#website","url":"https:\/\/ponteseditores.com.br\/loja3\/","name":"Pontes Editores","description":"Pontes Editores","publisher":{"@id":"https:\/\/ponteseditores.com.br\/loja3\/#organization"},"potentialAction":[{"@type":"SearchAction","target":{"@type":"EntryPoint","urlTemplate":"https:\/\/ponteseditores.com.br\/loja3\/?s={search_term_string}"},"query-input":{"@type":"PropertyValueSpecification","valueRequired":true,"valueName":"search_term_string"}}],"inLanguage":"pt-BR"},{"@type":"Organization","@id":"https:\/\/ponteseditores.com.br\/loja3\/#organization","name":"Pontes Editores","url":"https:\/\/ponteseditores.com.br\/loja3\/","logo":{"@type":"ImageObject","inLanguage":"pt-BR","@id":"https:\/\/ponteseditores.com.br\/loja3\/#\/schema\/logo\/image\/","url":"https:\/\/ponteseditores.com.br\/loja3\/wp-content\/uploads\/2023\/12\/logo-pontes-editores-v2.png","contentUrl":"https:\/\/ponteseditores.com.br\/loja3\/wp-content\/uploads\/2023\/12\/logo-pontes-editores-v2.png","width":258,"height":100,"caption":"Pontes Editores"},"image":{"@id":"https:\/\/ponteseditores.com.br\/loja3\/#\/schema\/logo\/image\/"}}]}},"_links":{"self":[{"href":"https:\/\/ponteseditores.com.br\/loja3\/wp-json\/wp\/v2\/product\/7443","targetHints":{"allow":["GET"]}}],"collection":[{"href":"https:\/\/ponteseditores.com.br\/loja3\/wp-json\/wp\/v2\/product"}],"about":[{"href":"https:\/\/ponteseditores.com.br\/loja3\/wp-json\/wp\/v2\/types\/product"}],"replies":[{"embeddable":true,"href":"https:\/\/ponteseditores.com.br\/loja3\/wp-json\/wp\/v2\/comments?post=7443"}],"version-history":[{"count":0,"href":"https:\/\/ponteseditores.com.br\/loja3\/wp-json\/wp\/v2\/product\/7443\/revisions"}],"wp:featuredmedia":[{"embeddable":true,"href":"https:\/\/ponteseditores.com.br\/loja3\/wp-json\/wp\/v2\/media\/7442"}],"wp:attachment":[{"href":"https:\/\/ponteseditores.com.br\/loja3\/wp-json\/wp\/v2\/media?parent=7443"}],"wp:term":[{"taxonomy":"product_brand","embeddable":true,"href":"https:\/\/ponteseditores.com.br\/loja3\/wp-json\/wp\/v2\/product_brand?post=7443"},{"taxonomy":"product_cat","embeddable":true,"href":"https:\/\/ponteseditores.com.br\/loja3\/wp-json\/wp\/v2\/product_cat?post=7443"},{"taxonomy":"product_tag","embeddable":true,"href":"https:\/\/ponteseditores.com.br\/loja3\/wp-json\/wp\/v2\/product_tag?post=7443"}],"curies":[{"name":"wp","href":"https:\/\/api.w.org\/{rel}","templated":true}]}}