{"id":7441,"date":"2023-12-15T00:46:20","date_gmt":"2023-12-15T03:46:20","guid":{"rendered":"https:\/\/ponteseditores.com.br\/loja3\/pontes-editores-home-2__trashed\/sem%20categoria\/analise-de-discurso-sobre-educacao-de-surdos-no-seculo-xix-um-gesto-de-leitura\/"},"modified":"2023-12-15T12:12:37","modified_gmt":"2023-12-15T15:12:37","slug":"analise-de-discurso-sobre-educacao-de-surdos-no-seculo-xix-um-gesto-de-leitura","status":"publish","type":"product","link":"https:\/\/ponteseditores.com.br\/loja3\/pontes-editores-home-2__trashed\/ensino-de-linguas\/analise-de-discurso-sobre-educacao-de-surdos-no-seculo-xix-um-gesto-de-leitura\/","title":{"rendered":"AN\u00c1LISE DE DISCURSO SOBRE  EDUCA\u00c7\u00c3O DE SURDOS NO S\u00c9CULO XIX: UM GESTO DE LEITURA"},"content":{"rendered":"<p>Instrumentos lingu\u00edsticos no s\u00e9culo XIX que se voltam e dizem respeito \u00e0 escolariza\u00e7\u00e3o de surdos, com suas reverbera\u00e7\u00f5es nos dois s\u00e9culos que se seguem, fazem parte da s\u00f3lida reflex\u00e3o que aqui vamos encontrar. Est\u00e1 em foco neste livro, que adv\u00e9m de uma disserta\u00e7\u00e3o com for\u00e7a de tese, o sujeito surdo e o imagin\u00e1rio sobre surdez e sobre l\u00edngua, em sua tensa e contradit\u00f3ria rela\u00e7\u00e3o entre l\u00edngua de sinais, l\u00edngua materna e l\u00edngua portuguesa. De seu objeto, o Compendio para o Ensino dos Surdos-Mudos de 1881, a autora vai nos fazendo enveredar pelos caminhos da historicidade da educa\u00e7\u00e3o dos surdos; uma trilha em que dizeres e silenciamentos v\u00e3o (des)construindo imagens sobre surdez, com suas consequ\u00eancias sobre o que e como se ensinar. Ao l\u00ea-la, vamos descortinando como se foi \u2013 e, por que n\u00e3o, como ainda se vai \u2013 (in)compreendendo a surdez. Aqui se encontram reflex\u00f5es necess\u00e1rias n\u00e3o apenas para o amplo campo dos estudos da linguagem, mas, sobretudo, inevit\u00e1veis e urgentes para nossa sociedade.<\/p>\n<p>Vanise Medeiros<\/p>\n<p>Doutora em Letras pela UFF, p\u00f3s-doutora<\/p>\n<p>pela Universit\u00e9 Sorbonne Nouvelle III<\/p>\n<p>Professora do Instituto de Letras da UFF<\/p>\n","protected":false},"excerpt":{"rendered":"<p>Instrumentos lingu\u00edsticos no s\u00e9culo XIX que se voltam e dizem respeito \u00e0 escolariza\u00e7\u00e3o de surdos, com suas reverbera\u00e7\u00f5es nos dois s\u00e9culos que se seguem, fazem parte da s\u00f3lida reflex\u00e3o que aqui vamos encontrar. Est\u00e1 em foco neste livro, que adv\u00e9m de uma disserta\u00e7\u00e3o com for\u00e7a de tese, o sujeito surdo e o imagin\u00e1rio sobre surdez [&hellip;]<\/p>\n","protected":false},"featured_media":7440,"comment_status":"open","ping_status":"closed","template":"","meta":{"_joinchat":[]},"product_brand":[],"product_cat":[301,140],"product_tag":[],"class_list":{"0":"post-7441","1":"product","2":"type-product","3":"status-publish","4":"has-post-thumbnail","6":"product_cat-analise-de-discurso","7":"product_cat-ensino-de-linguas","8":"product_shipping_class-livro-pontes-editores-fisico","10":"first","11":"instock","12":"shipping-taxable","13":"purchasable","14":"product-type-simple"},"yoast_head":"<!-- This site is optimized with the Yoast SEO plugin v27.4 - https:\/\/yoast.com\/product\/yoast-seo-wordpress\/ -->\n<title>AN\u00c1LISE DE DISCURSO SOBRE EDUCA\u00c7\u00c3O DE SURDOS NO S\u00c9CULO XIX: UM GESTO DE LEITURA - Pontes Editores<\/title>\n<meta name=\"robots\" content=\"index, follow, max-snippet:-1, max-image-preview:large, max-video-preview:-1\" \/>\n<link rel=\"canonical\" href=\"https:\/\/ponteseditores.com.br\/loja3\/pontes-editores-home-2__trashed\/ensino-de-linguas\/analise-de-discurso-sobre-educacao-de-surdos-no-seculo-xix-um-gesto-de-leitura\/\" \/>\n<meta property=\"og:locale\" content=\"pt_BR\" \/>\n<meta property=\"og:type\" content=\"article\" \/>\n<meta property=\"og:title\" content=\"AN\u00c1LISE DE DISCURSO SOBRE EDUCA\u00c7\u00c3O DE SURDOS NO S\u00c9CULO XIX: UM GESTO DE LEITURA - Pontes Editores\" \/>\n<meta property=\"og:description\" content=\"Instrumentos lingu\u00edsticos no s\u00e9culo XIX que se voltam e dizem respeito \u00e0 escolariza\u00e7\u00e3o de surdos, com suas reverbera\u00e7\u00f5es nos dois s\u00e9culos que se seguem, fazem parte da s\u00f3lida reflex\u00e3o que aqui vamos encontrar. Est\u00e1 em foco neste livro, que adv\u00e9m de uma disserta\u00e7\u00e3o com for\u00e7a de tese, o sujeito surdo e o imagin\u00e1rio sobre surdez [&hellip;]\" \/>\n<meta property=\"og:url\" content=\"https:\/\/ponteseditores.com.br\/loja3\/pontes-editores-home-2__trashed\/ensino-de-linguas\/analise-de-discurso-sobre-educacao-de-surdos-no-seculo-xix-um-gesto-de-leitura\/\" \/>\n<meta property=\"og:site_name\" content=\"Pontes Editores\" \/>\n<meta property=\"article:modified_time\" content=\"2023-12-15T15:12:37+00:00\" \/>\n<meta property=\"og:image\" content=\"https:\/\/ponteseditores.com.br\/loja3\/wp-content\/uploads\/2023\/12\/surdos1-3-scaled.jpg\" \/>\n\t<meta property=\"og:image:width\" content=\"1710\" \/>\n\t<meta property=\"og:image:height\" content=\"2560\" \/>\n\t<meta property=\"og:image:type\" content=\"image\/jpeg\" \/>\n<meta name=\"twitter:card\" content=\"summary_large_image\" \/>\n<meta name=\"twitter:label1\" content=\"Est. tempo de leitura\" \/>\n\t<meta name=\"twitter:data1\" content=\"1 minuto\" \/>\n<script type=\"application\/ld+json\" class=\"yoast-schema-graph\">{\"@context\":\"https:\\\/\\\/schema.org\",\"@graph\":[{\"@type\":\"WebPage\",\"@id\":\"https:\\\/\\\/ponteseditores.com.br\\\/loja3\\\/pontes-editores-home-2__trashed\\\/ensino-de-linguas\\\/analise-de-discurso-sobre-educacao-de-surdos-no-seculo-xix-um-gesto-de-leitura\\\/\",\"url\":\"https:\\\/\\\/ponteseditores.com.br\\\/loja3\\\/pontes-editores-home-2__trashed\\\/ensino-de-linguas\\\/analise-de-discurso-sobre-educacao-de-surdos-no-seculo-xix-um-gesto-de-leitura\\\/\",\"name\":\"AN\u00c1LISE DE DISCURSO SOBRE EDUCA\u00c7\u00c3O DE SURDOS NO S\u00c9CULO XIX: UM GESTO DE LEITURA - Pontes Editores\",\"isPartOf\":{\"@id\":\"https:\\\/\\\/ponteseditores.com.br\\\/loja3\\\/#website\"},\"primaryImageOfPage\":{\"@id\":\"https:\\\/\\\/ponteseditores.com.br\\\/loja3\\\/pontes-editores-home-2__trashed\\\/ensino-de-linguas\\\/analise-de-discurso-sobre-educacao-de-surdos-no-seculo-xix-um-gesto-de-leitura\\\/#primaryimage\"},\"image\":{\"@id\":\"https:\\\/\\\/ponteseditores.com.br\\\/loja3\\\/pontes-editores-home-2__trashed\\\/ensino-de-linguas\\\/analise-de-discurso-sobre-educacao-de-surdos-no-seculo-xix-um-gesto-de-leitura\\\/#primaryimage\"},\"thumbnailUrl\":\"https:\\\/\\\/ponteseditores.com.br\\\/loja3\\\/wp-content\\\/uploads\\\/2023\\\/12\\\/surdos1-3-scaled.jpg\",\"datePublished\":\"2023-12-15T03:46:20+00:00\",\"dateModified\":\"2023-12-15T15:12:37+00:00\",\"breadcrumb\":{\"@id\":\"https:\\\/\\\/ponteseditores.com.br\\\/loja3\\\/pontes-editores-home-2__trashed\\\/ensino-de-linguas\\\/analise-de-discurso-sobre-educacao-de-surdos-no-seculo-xix-um-gesto-de-leitura\\\/#breadcrumb\"},\"inLanguage\":\"pt-BR\",\"potentialAction\":[{\"@type\":\"ReadAction\",\"target\":[\"https:\\\/\\\/ponteseditores.com.br\\\/loja3\\\/pontes-editores-home-2__trashed\\\/ensino-de-linguas\\\/analise-de-discurso-sobre-educacao-de-surdos-no-seculo-xix-um-gesto-de-leitura\\\/\"]}]},{\"@type\":\"ImageObject\",\"inLanguage\":\"pt-BR\",\"@id\":\"https:\\\/\\\/ponteseditores.com.br\\\/loja3\\\/pontes-editores-home-2__trashed\\\/ensino-de-linguas\\\/analise-de-discurso-sobre-educacao-de-surdos-no-seculo-xix-um-gesto-de-leitura\\\/#primaryimage\",\"url\":\"https:\\\/\\\/ponteseditores.com.br\\\/loja3\\\/wp-content\\\/uploads\\\/2023\\\/12\\\/surdos1-3-scaled.jpg\",\"contentUrl\":\"https:\\\/\\\/ponteseditores.com.br\\\/loja3\\\/wp-content\\\/uploads\\\/2023\\\/12\\\/surdos1-3-scaled.jpg\",\"width\":1710,\"height\":2560},{\"@type\":\"BreadcrumbList\",\"@id\":\"https:\\\/\\\/ponteseditores.com.br\\\/loja3\\\/pontes-editores-home-2__trashed\\\/ensino-de-linguas\\\/analise-de-discurso-sobre-educacao-de-surdos-no-seculo-xix-um-gesto-de-leitura\\\/#breadcrumb\",\"itemListElement\":[{\"@type\":\"ListItem\",\"position\":1,\"name\":\"Home\",\"item\":\"https:\\\/\\\/ponteseditores.com.br\\\/loja3\\\/\"},{\"@type\":\"ListItem\",\"position\":2,\"name\":\"loja\",\"item\":\"https:\\\/\\\/ponteseditores.com.br\\\/loja3\\\/loja\\\/\"},{\"@type\":\"ListItem\",\"position\":3,\"name\":\"AN\u00c1LISE DE DISCURSO SOBRE EDUCA\u00c7\u00c3O DE SURDOS NO S\u00c9CULO XIX: UM GESTO DE LEITURA\"}]},{\"@type\":\"WebSite\",\"@id\":\"https:\\\/\\\/ponteseditores.com.br\\\/loja3\\\/#website\",\"url\":\"https:\\\/\\\/ponteseditores.com.br\\\/loja3\\\/\",\"name\":\"Pontes Editores\",\"description\":\"Pontes Editores\",\"publisher\":{\"@id\":\"https:\\\/\\\/ponteseditores.com.br\\\/loja3\\\/#organization\"},\"potentialAction\":[{\"@type\":\"SearchAction\",\"target\":{\"@type\":\"EntryPoint\",\"urlTemplate\":\"https:\\\/\\\/ponteseditores.com.br\\\/loja3\\\/?s={search_term_string}\"},\"query-input\":{\"@type\":\"PropertyValueSpecification\",\"valueRequired\":true,\"valueName\":\"search_term_string\"}}],\"inLanguage\":\"pt-BR\"},{\"@type\":\"Organization\",\"@id\":\"https:\\\/\\\/ponteseditores.com.br\\\/loja3\\\/#organization\",\"name\":\"Pontes Editores\",\"url\":\"https:\\\/\\\/ponteseditores.com.br\\\/loja3\\\/\",\"logo\":{\"@type\":\"ImageObject\",\"inLanguage\":\"pt-BR\",\"@id\":\"https:\\\/\\\/ponteseditores.com.br\\\/loja3\\\/#\\\/schema\\\/logo\\\/image\\\/\",\"url\":\"https:\\\/\\\/ponteseditores.com.br\\\/loja3\\\/wp-content\\\/uploads\\\/2023\\\/12\\\/logo-pontes-editores-v2.png\",\"contentUrl\":\"https:\\\/\\\/ponteseditores.com.br\\\/loja3\\\/wp-content\\\/uploads\\\/2023\\\/12\\\/logo-pontes-editores-v2.png\",\"width\":258,\"height\":100,\"caption\":\"Pontes Editores\"},\"image\":{\"@id\":\"https:\\\/\\\/ponteseditores.com.br\\\/loja3\\\/#\\\/schema\\\/logo\\\/image\\\/\"}}]}<\/script>\n<!-- \/ Yoast SEO plugin. -->","yoast_head_json":{"title":"AN\u00c1LISE DE DISCURSO SOBRE EDUCA\u00c7\u00c3O DE SURDOS NO S\u00c9CULO XIX: UM GESTO DE LEITURA - Pontes Editores","robots":{"index":"index","follow":"follow","max-snippet":"max-snippet:-1","max-image-preview":"max-image-preview:large","max-video-preview":"max-video-preview:-1"},"canonical":"https:\/\/ponteseditores.com.br\/loja3\/pontes-editores-home-2__trashed\/ensino-de-linguas\/analise-de-discurso-sobre-educacao-de-surdos-no-seculo-xix-um-gesto-de-leitura\/","og_locale":"pt_BR","og_type":"article","og_title":"AN\u00c1LISE DE DISCURSO SOBRE EDUCA\u00c7\u00c3O DE SURDOS NO S\u00c9CULO XIX: UM GESTO DE LEITURA - Pontes Editores","og_description":"Instrumentos lingu\u00edsticos no s\u00e9culo XIX que se voltam e dizem respeito \u00e0 escolariza\u00e7\u00e3o de surdos, com suas reverbera\u00e7\u00f5es nos dois s\u00e9culos que se seguem, fazem parte da s\u00f3lida reflex\u00e3o que aqui vamos encontrar. Est\u00e1 em foco neste livro, que adv\u00e9m de uma disserta\u00e7\u00e3o com for\u00e7a de tese, o sujeito surdo e o imagin\u00e1rio sobre surdez [&hellip;]","og_url":"https:\/\/ponteseditores.com.br\/loja3\/pontes-editores-home-2__trashed\/ensino-de-linguas\/analise-de-discurso-sobre-educacao-de-surdos-no-seculo-xix-um-gesto-de-leitura\/","og_site_name":"Pontes Editores","article_modified_time":"2023-12-15T15:12:37+00:00","og_image":[{"width":1710,"height":2560,"url":"https:\/\/ponteseditores.com.br\/loja3\/wp-content\/uploads\/2023\/12\/surdos1-3-scaled.jpg","type":"image\/jpeg"}],"twitter_card":"summary_large_image","twitter_misc":{"Est. tempo de leitura":"1 minuto"},"schema":{"@context":"https:\/\/schema.org","@graph":[{"@type":"WebPage","@id":"https:\/\/ponteseditores.com.br\/loja3\/pontes-editores-home-2__trashed\/ensino-de-linguas\/analise-de-discurso-sobre-educacao-de-surdos-no-seculo-xix-um-gesto-de-leitura\/","url":"https:\/\/ponteseditores.com.br\/loja3\/pontes-editores-home-2__trashed\/ensino-de-linguas\/analise-de-discurso-sobre-educacao-de-surdos-no-seculo-xix-um-gesto-de-leitura\/","name":"AN\u00c1LISE DE DISCURSO SOBRE EDUCA\u00c7\u00c3O DE SURDOS NO S\u00c9CULO XIX: UM GESTO DE LEITURA - Pontes Editores","isPartOf":{"@id":"https:\/\/ponteseditores.com.br\/loja3\/#website"},"primaryImageOfPage":{"@id":"https:\/\/ponteseditores.com.br\/loja3\/pontes-editores-home-2__trashed\/ensino-de-linguas\/analise-de-discurso-sobre-educacao-de-surdos-no-seculo-xix-um-gesto-de-leitura\/#primaryimage"},"image":{"@id":"https:\/\/ponteseditores.com.br\/loja3\/pontes-editores-home-2__trashed\/ensino-de-linguas\/analise-de-discurso-sobre-educacao-de-surdos-no-seculo-xix-um-gesto-de-leitura\/#primaryimage"},"thumbnailUrl":"https:\/\/ponteseditores.com.br\/loja3\/wp-content\/uploads\/2023\/12\/surdos1-3-scaled.jpg","datePublished":"2023-12-15T03:46:20+00:00","dateModified":"2023-12-15T15:12:37+00:00","breadcrumb":{"@id":"https:\/\/ponteseditores.com.br\/loja3\/pontes-editores-home-2__trashed\/ensino-de-linguas\/analise-de-discurso-sobre-educacao-de-surdos-no-seculo-xix-um-gesto-de-leitura\/#breadcrumb"},"inLanguage":"pt-BR","potentialAction":[{"@type":"ReadAction","target":["https:\/\/ponteseditores.com.br\/loja3\/pontes-editores-home-2__trashed\/ensino-de-linguas\/analise-de-discurso-sobre-educacao-de-surdos-no-seculo-xix-um-gesto-de-leitura\/"]}]},{"@type":"ImageObject","inLanguage":"pt-BR","@id":"https:\/\/ponteseditores.com.br\/loja3\/pontes-editores-home-2__trashed\/ensino-de-linguas\/analise-de-discurso-sobre-educacao-de-surdos-no-seculo-xix-um-gesto-de-leitura\/#primaryimage","url":"https:\/\/ponteseditores.com.br\/loja3\/wp-content\/uploads\/2023\/12\/surdos1-3-scaled.jpg","contentUrl":"https:\/\/ponteseditores.com.br\/loja3\/wp-content\/uploads\/2023\/12\/surdos1-3-scaled.jpg","width":1710,"height":2560},{"@type":"BreadcrumbList","@id":"https:\/\/ponteseditores.com.br\/loja3\/pontes-editores-home-2__trashed\/ensino-de-linguas\/analise-de-discurso-sobre-educacao-de-surdos-no-seculo-xix-um-gesto-de-leitura\/#breadcrumb","itemListElement":[{"@type":"ListItem","position":1,"name":"Home","item":"https:\/\/ponteseditores.com.br\/loja3\/"},{"@type":"ListItem","position":2,"name":"loja","item":"https:\/\/ponteseditores.com.br\/loja3\/loja\/"},{"@type":"ListItem","position":3,"name":"AN\u00c1LISE DE DISCURSO SOBRE EDUCA\u00c7\u00c3O DE SURDOS NO S\u00c9CULO XIX: UM GESTO DE LEITURA"}]},{"@type":"WebSite","@id":"https:\/\/ponteseditores.com.br\/loja3\/#website","url":"https:\/\/ponteseditores.com.br\/loja3\/","name":"Pontes Editores","description":"Pontes Editores","publisher":{"@id":"https:\/\/ponteseditores.com.br\/loja3\/#organization"},"potentialAction":[{"@type":"SearchAction","target":{"@type":"EntryPoint","urlTemplate":"https:\/\/ponteseditores.com.br\/loja3\/?s={search_term_string}"},"query-input":{"@type":"PropertyValueSpecification","valueRequired":true,"valueName":"search_term_string"}}],"inLanguage":"pt-BR"},{"@type":"Organization","@id":"https:\/\/ponteseditores.com.br\/loja3\/#organization","name":"Pontes Editores","url":"https:\/\/ponteseditores.com.br\/loja3\/","logo":{"@type":"ImageObject","inLanguage":"pt-BR","@id":"https:\/\/ponteseditores.com.br\/loja3\/#\/schema\/logo\/image\/","url":"https:\/\/ponteseditores.com.br\/loja3\/wp-content\/uploads\/2023\/12\/logo-pontes-editores-v2.png","contentUrl":"https:\/\/ponteseditores.com.br\/loja3\/wp-content\/uploads\/2023\/12\/logo-pontes-editores-v2.png","width":258,"height":100,"caption":"Pontes Editores"},"image":{"@id":"https:\/\/ponteseditores.com.br\/loja3\/#\/schema\/logo\/image\/"}}]}},"_links":{"self":[{"href":"https:\/\/ponteseditores.com.br\/loja3\/wp-json\/wp\/v2\/product\/7441","targetHints":{"allow":["GET"]}}],"collection":[{"href":"https:\/\/ponteseditores.com.br\/loja3\/wp-json\/wp\/v2\/product"}],"about":[{"href":"https:\/\/ponteseditores.com.br\/loja3\/wp-json\/wp\/v2\/types\/product"}],"replies":[{"embeddable":true,"href":"https:\/\/ponteseditores.com.br\/loja3\/wp-json\/wp\/v2\/comments?post=7441"}],"version-history":[{"count":0,"href":"https:\/\/ponteseditores.com.br\/loja3\/wp-json\/wp\/v2\/product\/7441\/revisions"}],"wp:featuredmedia":[{"embeddable":true,"href":"https:\/\/ponteseditores.com.br\/loja3\/wp-json\/wp\/v2\/media\/7440"}],"wp:attachment":[{"href":"https:\/\/ponteseditores.com.br\/loja3\/wp-json\/wp\/v2\/media?parent=7441"}],"wp:term":[{"taxonomy":"product_brand","embeddable":true,"href":"https:\/\/ponteseditores.com.br\/loja3\/wp-json\/wp\/v2\/product_brand?post=7441"},{"taxonomy":"product_cat","embeddable":true,"href":"https:\/\/ponteseditores.com.br\/loja3\/wp-json\/wp\/v2\/product_cat?post=7441"},{"taxonomy":"product_tag","embeddable":true,"href":"https:\/\/ponteseditores.com.br\/loja3\/wp-json\/wp\/v2\/product_tag?post=7441"}],"curies":[{"name":"wp","href":"https:\/\/api.w.org\/{rel}","templated":true}]}}