{"id":7435,"date":"2023-12-15T00:44:05","date_gmt":"2023-12-15T03:44:05","guid":{"rendered":"https:\/\/ponteseditores.com.br\/loja3\/pontes-editores-home-2__trashed\/sem%20categoria\/teorias-do-discurso-novas-praticas-e-formas-discursivas\/"},"modified":"2025-06-24T15:08:15","modified_gmt":"2025-06-24T18:08:15","slug":"teorias-do-discurso-novas-praticas-e-formas-discursivas","status":"publish","type":"product","link":"https:\/\/ponteseditores.com.br\/loja3\/pontes-editores-home-2__trashed\/linguistica\/teorias-do-discurso-novas-praticas-e-formas-discursivas\/","title":{"rendered":"TEORIAS DO DISCURSO &#8211; NOVAS PR\u00c1TICAS E FORMAS DISCURSIVAS"},"content":{"rendered":"<p>O livro Teorias do Discurso &#8211; novas pr\u00e1ticas e formas discursivas encontra seu gesto fundador em nossos esfor\u00e7os para a consolida\u00e7\u00e3o de uma disciplina dedicada \u00e0 forma\u00e7\u00e3o de alunos de p\u00f3s-gradua\u00e7\u00e3o, objetivo que foi, em parte, contemplado. Trata-se de um livro pensado, portanto, para uma forma\u00e7\u00e3o panor\u00e2mica sobre os estudos discursivos mais relevantes que permitam aos pesquisadores da \u00e1rea, e demais interessados, adquirir uma vis\u00e3o de conjunto do campo disciplinar, de forma te\u00f3rica e pr\u00e1tica.<\/p>\n<p>Nossa convic\u00e7\u00e3o, no entanto, \u00e9 a de que esse &#8220;panorama&#8221; \u00e9 um ponto de partida e n\u00e3o de chegada. A cada momento somos confrontados com novas pr\u00e1ticas e formas discursivas, o que nos obriga a n\u00e3o deixarmos que nossas ideias se cristalizem ou se tornem dogm\u00e1ticas. As ci\u00eancias da linguagem est\u00e3o em constante desenvolvimento te\u00f3rico e metodol\u00f3gico.<\/p>\n<p>E os estudos do discurso fazem parte desse campo.<\/p>\n","protected":false},"excerpt":{"rendered":"<p>O livro Teorias do Discurso &#8211; novas pr\u00e1ticas e formas discursivas encontra seu gesto fundador em nossos esfor\u00e7os para a consolida\u00e7\u00e3o de uma disciplina dedicada \u00e0 forma\u00e7\u00e3o de alunos de p\u00f3s-gradua\u00e7\u00e3o, objetivo que foi, em parte, contemplado. Trata-se de um livro pensado, portanto, para uma forma\u00e7\u00e3o panor\u00e2mica sobre os estudos discursivos mais relevantes que permitam [&hellip;]<\/p>\n","protected":false},"featured_media":3437,"comment_status":"open","ping_status":"closed","template":"","meta":{"_joinchat":[]},"product_brand":[],"product_cat":[301,31],"product_tag":[],"class_list":{"0":"post-7435","1":"product","2":"type-product","3":"status-publish","4":"has-post-thumbnail","6":"product_cat-analise-de-discurso","7":"product_cat-linguistica","8":"product_shipping_class-livro-pontes-editores-fisico","10":"first","11":"instock","12":"shipping-taxable","13":"purchasable","14":"product-type-simple"},"yoast_head":"<!-- This site is optimized with the Yoast SEO plugin v27.4 - https:\/\/yoast.com\/product\/yoast-seo-wordpress\/ -->\n<title>TEORIAS DO DISCURSO - NOVAS PR\u00c1TICAS E FORMAS DISCURSIVAS - Pontes Editores<\/title>\n<meta name=\"robots\" content=\"index, follow, max-snippet:-1, max-image-preview:large, max-video-preview:-1\" \/>\n<link rel=\"canonical\" href=\"https:\/\/ponteseditores.com.br\/loja3\/pontes-editores-home-2__trashed\/linguistica\/teorias-do-discurso-novas-praticas-e-formas-discursivas\/\" \/>\n<meta property=\"og:locale\" content=\"pt_BR\" \/>\n<meta property=\"og:type\" content=\"article\" \/>\n<meta property=\"og:title\" content=\"TEORIAS DO DISCURSO - NOVAS PR\u00c1TICAS E FORMAS DISCURSIVAS - Pontes Editores\" \/>\n<meta property=\"og:description\" content=\"O livro Teorias do Discurso &#8211; novas pr\u00e1ticas e formas discursivas encontra seu gesto fundador em nossos esfor\u00e7os para a consolida\u00e7\u00e3o de uma disciplina dedicada \u00e0 forma\u00e7\u00e3o de alunos de p\u00f3s-gradua\u00e7\u00e3o, objetivo que foi, em parte, contemplado. Trata-se de um livro pensado, portanto, para uma forma\u00e7\u00e3o panor\u00e2mica sobre os estudos discursivos mais relevantes que permitam [&hellip;]\" \/>\n<meta property=\"og:url\" content=\"https:\/\/ponteseditores.com.br\/loja3\/pontes-editores-home-2__trashed\/linguistica\/teorias-do-discurso-novas-praticas-e-formas-discursivas\/\" \/>\n<meta property=\"og:site_name\" content=\"Pontes Editores\" \/>\n<meta property=\"article:modified_time\" content=\"2025-06-24T18:08:15+00:00\" \/>\n<meta property=\"og:image\" content=\"https:\/\/ponteseditores.com.br\/loja3\/wp-content\/uploads\/2023\/12\/TEORIAS.jpg\" \/>\n\t<meta property=\"og:image:width\" content=\"1000\" \/>\n\t<meta property=\"og:image:height\" content=\"1505\" \/>\n\t<meta property=\"og:image:type\" content=\"image\/jpeg\" \/>\n<meta name=\"twitter:card\" content=\"summary_large_image\" \/>\n<meta name=\"twitter:label1\" content=\"Est. tempo de leitura\" \/>\n\t<meta name=\"twitter:data1\" content=\"1 minuto\" \/>\n<script type=\"application\/ld+json\" class=\"yoast-schema-graph\">{\"@context\":\"https:\\\/\\\/schema.org\",\"@graph\":[{\"@type\":\"WebPage\",\"@id\":\"https:\\\/\\\/ponteseditores.com.br\\\/loja3\\\/pontes-editores-home-2__trashed\\\/linguistica\\\/teorias-do-discurso-novas-praticas-e-formas-discursivas\\\/\",\"url\":\"https:\\\/\\\/ponteseditores.com.br\\\/loja3\\\/pontes-editores-home-2__trashed\\\/linguistica\\\/teorias-do-discurso-novas-praticas-e-formas-discursivas\\\/\",\"name\":\"TEORIAS DO DISCURSO - NOVAS PR\u00c1TICAS E FORMAS DISCURSIVAS - Pontes Editores\",\"isPartOf\":{\"@id\":\"https:\\\/\\\/ponteseditores.com.br\\\/loja3\\\/#website\"},\"primaryImageOfPage\":{\"@id\":\"https:\\\/\\\/ponteseditores.com.br\\\/loja3\\\/pontes-editores-home-2__trashed\\\/linguistica\\\/teorias-do-discurso-novas-praticas-e-formas-discursivas\\\/#primaryimage\"},\"image\":{\"@id\":\"https:\\\/\\\/ponteseditores.com.br\\\/loja3\\\/pontes-editores-home-2__trashed\\\/linguistica\\\/teorias-do-discurso-novas-praticas-e-formas-discursivas\\\/#primaryimage\"},\"thumbnailUrl\":\"https:\\\/\\\/ponteseditores.com.br\\\/loja3\\\/wp-content\\\/uploads\\\/2023\\\/12\\\/TEORIAS.jpg\",\"datePublished\":\"2023-12-15T03:44:05+00:00\",\"dateModified\":\"2025-06-24T18:08:15+00:00\",\"breadcrumb\":{\"@id\":\"https:\\\/\\\/ponteseditores.com.br\\\/loja3\\\/pontes-editores-home-2__trashed\\\/linguistica\\\/teorias-do-discurso-novas-praticas-e-formas-discursivas\\\/#breadcrumb\"},\"inLanguage\":\"pt-BR\",\"potentialAction\":[{\"@type\":\"ReadAction\",\"target\":[\"https:\\\/\\\/ponteseditores.com.br\\\/loja3\\\/pontes-editores-home-2__trashed\\\/linguistica\\\/teorias-do-discurso-novas-praticas-e-formas-discursivas\\\/\"]}]},{\"@type\":\"ImageObject\",\"inLanguage\":\"pt-BR\",\"@id\":\"https:\\\/\\\/ponteseditores.com.br\\\/loja3\\\/pontes-editores-home-2__trashed\\\/linguistica\\\/teorias-do-discurso-novas-praticas-e-formas-discursivas\\\/#primaryimage\",\"url\":\"https:\\\/\\\/ponteseditores.com.br\\\/loja3\\\/wp-content\\\/uploads\\\/2023\\\/12\\\/TEORIAS.jpg\",\"contentUrl\":\"https:\\\/\\\/ponteseditores.com.br\\\/loja3\\\/wp-content\\\/uploads\\\/2023\\\/12\\\/TEORIAS.jpg\",\"width\":1000,\"height\":1505},{\"@type\":\"BreadcrumbList\",\"@id\":\"https:\\\/\\\/ponteseditores.com.br\\\/loja3\\\/pontes-editores-home-2__trashed\\\/linguistica\\\/teorias-do-discurso-novas-praticas-e-formas-discursivas\\\/#breadcrumb\",\"itemListElement\":[{\"@type\":\"ListItem\",\"position\":1,\"name\":\"Home\",\"item\":\"https:\\\/\\\/ponteseditores.com.br\\\/loja3\\\/\"},{\"@type\":\"ListItem\",\"position\":2,\"name\":\"loja\",\"item\":\"https:\\\/\\\/ponteseditores.com.br\\\/loja3\\\/loja\\\/\"},{\"@type\":\"ListItem\",\"position\":3,\"name\":\"TEORIAS DO DISCURSO &#8211; NOVAS PR\u00c1TICAS E FORMAS DISCURSIVAS\"}]},{\"@type\":\"WebSite\",\"@id\":\"https:\\\/\\\/ponteseditores.com.br\\\/loja3\\\/#website\",\"url\":\"https:\\\/\\\/ponteseditores.com.br\\\/loja3\\\/\",\"name\":\"Pontes Editores\",\"description\":\"Pontes Editores\",\"publisher\":{\"@id\":\"https:\\\/\\\/ponteseditores.com.br\\\/loja3\\\/#organization\"},\"potentialAction\":[{\"@type\":\"SearchAction\",\"target\":{\"@type\":\"EntryPoint\",\"urlTemplate\":\"https:\\\/\\\/ponteseditores.com.br\\\/loja3\\\/?s={search_term_string}\"},\"query-input\":{\"@type\":\"PropertyValueSpecification\",\"valueRequired\":true,\"valueName\":\"search_term_string\"}}],\"inLanguage\":\"pt-BR\"},{\"@type\":\"Organization\",\"@id\":\"https:\\\/\\\/ponteseditores.com.br\\\/loja3\\\/#organization\",\"name\":\"Pontes Editores\",\"url\":\"https:\\\/\\\/ponteseditores.com.br\\\/loja3\\\/\",\"logo\":{\"@type\":\"ImageObject\",\"inLanguage\":\"pt-BR\",\"@id\":\"https:\\\/\\\/ponteseditores.com.br\\\/loja3\\\/#\\\/schema\\\/logo\\\/image\\\/\",\"url\":\"https:\\\/\\\/ponteseditores.com.br\\\/loja3\\\/wp-content\\\/uploads\\\/2023\\\/12\\\/logo-pontes-editores-v2.png\",\"contentUrl\":\"https:\\\/\\\/ponteseditores.com.br\\\/loja3\\\/wp-content\\\/uploads\\\/2023\\\/12\\\/logo-pontes-editores-v2.png\",\"width\":258,\"height\":100,\"caption\":\"Pontes Editores\"},\"image\":{\"@id\":\"https:\\\/\\\/ponteseditores.com.br\\\/loja3\\\/#\\\/schema\\\/logo\\\/image\\\/\"}}]}<\/script>\n<!-- \/ Yoast SEO plugin. -->","yoast_head_json":{"title":"TEORIAS DO DISCURSO - NOVAS PR\u00c1TICAS E FORMAS DISCURSIVAS - Pontes Editores","robots":{"index":"index","follow":"follow","max-snippet":"max-snippet:-1","max-image-preview":"max-image-preview:large","max-video-preview":"max-video-preview:-1"},"canonical":"https:\/\/ponteseditores.com.br\/loja3\/pontes-editores-home-2__trashed\/linguistica\/teorias-do-discurso-novas-praticas-e-formas-discursivas\/","og_locale":"pt_BR","og_type":"article","og_title":"TEORIAS DO DISCURSO - NOVAS PR\u00c1TICAS E FORMAS DISCURSIVAS - Pontes Editores","og_description":"O livro Teorias do Discurso &#8211; novas pr\u00e1ticas e formas discursivas encontra seu gesto fundador em nossos esfor\u00e7os para a consolida\u00e7\u00e3o de uma disciplina dedicada \u00e0 forma\u00e7\u00e3o de alunos de p\u00f3s-gradua\u00e7\u00e3o, objetivo que foi, em parte, contemplado. Trata-se de um livro pensado, portanto, para uma forma\u00e7\u00e3o panor\u00e2mica sobre os estudos discursivos mais relevantes que permitam [&hellip;]","og_url":"https:\/\/ponteseditores.com.br\/loja3\/pontes-editores-home-2__trashed\/linguistica\/teorias-do-discurso-novas-praticas-e-formas-discursivas\/","og_site_name":"Pontes Editores","article_modified_time":"2025-06-24T18:08:15+00:00","og_image":[{"width":1000,"height":1505,"url":"https:\/\/ponteseditores.com.br\/loja3\/wp-content\/uploads\/2023\/12\/TEORIAS.jpg","type":"image\/jpeg"}],"twitter_card":"summary_large_image","twitter_misc":{"Est. tempo de leitura":"1 minuto"},"schema":{"@context":"https:\/\/schema.org","@graph":[{"@type":"WebPage","@id":"https:\/\/ponteseditores.com.br\/loja3\/pontes-editores-home-2__trashed\/linguistica\/teorias-do-discurso-novas-praticas-e-formas-discursivas\/","url":"https:\/\/ponteseditores.com.br\/loja3\/pontes-editores-home-2__trashed\/linguistica\/teorias-do-discurso-novas-praticas-e-formas-discursivas\/","name":"TEORIAS DO DISCURSO - NOVAS PR\u00c1TICAS E FORMAS DISCURSIVAS - Pontes Editores","isPartOf":{"@id":"https:\/\/ponteseditores.com.br\/loja3\/#website"},"primaryImageOfPage":{"@id":"https:\/\/ponteseditores.com.br\/loja3\/pontes-editores-home-2__trashed\/linguistica\/teorias-do-discurso-novas-praticas-e-formas-discursivas\/#primaryimage"},"image":{"@id":"https:\/\/ponteseditores.com.br\/loja3\/pontes-editores-home-2__trashed\/linguistica\/teorias-do-discurso-novas-praticas-e-formas-discursivas\/#primaryimage"},"thumbnailUrl":"https:\/\/ponteseditores.com.br\/loja3\/wp-content\/uploads\/2023\/12\/TEORIAS.jpg","datePublished":"2023-12-15T03:44:05+00:00","dateModified":"2025-06-24T18:08:15+00:00","breadcrumb":{"@id":"https:\/\/ponteseditores.com.br\/loja3\/pontes-editores-home-2__trashed\/linguistica\/teorias-do-discurso-novas-praticas-e-formas-discursivas\/#breadcrumb"},"inLanguage":"pt-BR","potentialAction":[{"@type":"ReadAction","target":["https:\/\/ponteseditores.com.br\/loja3\/pontes-editores-home-2__trashed\/linguistica\/teorias-do-discurso-novas-praticas-e-formas-discursivas\/"]}]},{"@type":"ImageObject","inLanguage":"pt-BR","@id":"https:\/\/ponteseditores.com.br\/loja3\/pontes-editores-home-2__trashed\/linguistica\/teorias-do-discurso-novas-praticas-e-formas-discursivas\/#primaryimage","url":"https:\/\/ponteseditores.com.br\/loja3\/wp-content\/uploads\/2023\/12\/TEORIAS.jpg","contentUrl":"https:\/\/ponteseditores.com.br\/loja3\/wp-content\/uploads\/2023\/12\/TEORIAS.jpg","width":1000,"height":1505},{"@type":"BreadcrumbList","@id":"https:\/\/ponteseditores.com.br\/loja3\/pontes-editores-home-2__trashed\/linguistica\/teorias-do-discurso-novas-praticas-e-formas-discursivas\/#breadcrumb","itemListElement":[{"@type":"ListItem","position":1,"name":"Home","item":"https:\/\/ponteseditores.com.br\/loja3\/"},{"@type":"ListItem","position":2,"name":"loja","item":"https:\/\/ponteseditores.com.br\/loja3\/loja\/"},{"@type":"ListItem","position":3,"name":"TEORIAS DO DISCURSO &#8211; NOVAS PR\u00c1TICAS E FORMAS DISCURSIVAS"}]},{"@type":"WebSite","@id":"https:\/\/ponteseditores.com.br\/loja3\/#website","url":"https:\/\/ponteseditores.com.br\/loja3\/","name":"Pontes Editores","description":"Pontes Editores","publisher":{"@id":"https:\/\/ponteseditores.com.br\/loja3\/#organization"},"potentialAction":[{"@type":"SearchAction","target":{"@type":"EntryPoint","urlTemplate":"https:\/\/ponteseditores.com.br\/loja3\/?s={search_term_string}"},"query-input":{"@type":"PropertyValueSpecification","valueRequired":true,"valueName":"search_term_string"}}],"inLanguage":"pt-BR"},{"@type":"Organization","@id":"https:\/\/ponteseditores.com.br\/loja3\/#organization","name":"Pontes Editores","url":"https:\/\/ponteseditores.com.br\/loja3\/","logo":{"@type":"ImageObject","inLanguage":"pt-BR","@id":"https:\/\/ponteseditores.com.br\/loja3\/#\/schema\/logo\/image\/","url":"https:\/\/ponteseditores.com.br\/loja3\/wp-content\/uploads\/2023\/12\/logo-pontes-editores-v2.png","contentUrl":"https:\/\/ponteseditores.com.br\/loja3\/wp-content\/uploads\/2023\/12\/logo-pontes-editores-v2.png","width":258,"height":100,"caption":"Pontes Editores"},"image":{"@id":"https:\/\/ponteseditores.com.br\/loja3\/#\/schema\/logo\/image\/"}}]}},"_links":{"self":[{"href":"https:\/\/ponteseditores.com.br\/loja3\/wp-json\/wp\/v2\/product\/7435","targetHints":{"allow":["GET"]}}],"collection":[{"href":"https:\/\/ponteseditores.com.br\/loja3\/wp-json\/wp\/v2\/product"}],"about":[{"href":"https:\/\/ponteseditores.com.br\/loja3\/wp-json\/wp\/v2\/types\/product"}],"replies":[{"embeddable":true,"href":"https:\/\/ponteseditores.com.br\/loja3\/wp-json\/wp\/v2\/comments?post=7435"}],"version-history":[{"count":1,"href":"https:\/\/ponteseditores.com.br\/loja3\/wp-json\/wp\/v2\/product\/7435\/revisions"}],"predecessor-version":[{"id":27112,"href":"https:\/\/ponteseditores.com.br\/loja3\/wp-json\/wp\/v2\/product\/7435\/revisions\/27112"}],"wp:featuredmedia":[{"embeddable":true,"href":"https:\/\/ponteseditores.com.br\/loja3\/wp-json\/wp\/v2\/media\/3437"}],"wp:attachment":[{"href":"https:\/\/ponteseditores.com.br\/loja3\/wp-json\/wp\/v2\/media?parent=7435"}],"wp:term":[{"taxonomy":"product_brand","embeddable":true,"href":"https:\/\/ponteseditores.com.br\/loja3\/wp-json\/wp\/v2\/product_brand?post=7435"},{"taxonomy":"product_cat","embeddable":true,"href":"https:\/\/ponteseditores.com.br\/loja3\/wp-json\/wp\/v2\/product_cat?post=7435"},{"taxonomy":"product_tag","embeddable":true,"href":"https:\/\/ponteseditores.com.br\/loja3\/wp-json\/wp\/v2\/product_tag?post=7435"}],"curies":[{"name":"wp","href":"https:\/\/api.w.org\/{rel}","templated":true}]}}