{"id":7422,"date":"2023-12-15T00:43:48","date_gmt":"2023-12-15T03:43:48","guid":{"rendered":"https:\/\/ponteseditores.com.br\/loja3\/pontes-editores-home-2__trashed\/sem%20categoria\/formacao-e-pratica-docente-em-lingua-portuguesa-e-literatura\/"},"modified":"2023-12-15T12:12:40","modified_gmt":"2023-12-15T15:12:40","slug":"formacao-e-pratica-docente-em-lingua-portuguesa-e-literatura","status":"publish","type":"product","link":"https:\/\/ponteseditores.com.br\/loja3\/pontes-editores-home-2__trashed\/linguistica\/formacao-e-pratica-docente-em-lingua-portuguesa-e-literatura\/","title":{"rendered":"Forma\u00e7\u00e3o e Pr\u00e1tica Docente em L\u00edngua Portuguesa e Literatura"},"content":{"rendered":"<p>A colet\u00e2nea de artigos organizada por Leandra Ines Seganfredo Santos e Ruberval Franco Maciel se prop\u00f5e a refletir sobre o Profletras, a forma\u00e7\u00e3o de professores no programa e para al\u00e9m dele. J\u00e1 pelo t\u00edtulo se pode perceber a natureza da reflex\u00e3o exposta nos cap\u00edtulos, pois de fato a forma\u00e7\u00e3o n\u00e3o equivale \u00e0 pr\u00e1tica profissional e nem \u00e0 pr\u00e1tica \u00e0 forma\u00e7\u00e3o, embora ambas se complementem. <\/p>\n<p>Este livro tem o m\u00e9rito de ser uma colet\u00e2nea bastante coesa e coerente pelo foco bem delimitado em torno do tema central que \u00e9 trazido para debate: uma forma\u00e7\u00e3o de professor\/a que focalize os sujeitos e as formas de fazer sentido no mundo atual. Em suma, consiste a presente obra em substancial contribui\u00e7\u00e3o para seguirmos construindo conjuntamente a pr\u00e1tica docente que, a partir de teorias, pesquisas, e op\u00e7\u00f5es pol\u00edticas, possa conduzir a uma educa\u00e7\u00e3o cada vez mais pertinente e a um perfil de professor e professora como sujeitos conscientes, atuantes e seguros de suas escolhas te\u00f3rico-pr\u00e1ticas.<\/p>\n<p>Adair Bonini (UFSC\/CNPq)<\/p>\n","protected":false},"excerpt":{"rendered":"<p>A colet\u00e2nea de artigos organizada por Leandra Ines Seganfredo Santos e Ruberval Franco Maciel se prop\u00f5e a refletir sobre o Profletras, a forma\u00e7\u00e3o de professores no programa e para al\u00e9m dele. J\u00e1 pelo t\u00edtulo se pode perceber a natureza da reflex\u00e3o exposta nos cap\u00edtulos, pois de fato a forma\u00e7\u00e3o n\u00e3o equivale \u00e0 pr\u00e1tica profissional e [&hellip;]<\/p>\n","protected":false},"featured_media":7421,"comment_status":"open","ping_status":"closed","template":"","meta":{"_joinchat":[]},"product_brand":[],"product_cat":[31,293],"product_tag":[],"class_list":{"0":"post-7422","1":"product","2":"type-product","3":"status-publish","4":"has-post-thumbnail","6":"product_cat-linguistica","7":"product_cat-meios-auxiliares-do-ensino","8":"product_shipping_class-livro-pontes-editores-fisico","10":"first","11":"instock","12":"shipping-taxable","13":"purchasable","14":"product-type-simple"},"yoast_head":"<!-- This site is optimized with the Yoast SEO plugin v27.4 - https:\/\/yoast.com\/product\/yoast-seo-wordpress\/ -->\n<title>Forma\u00e7\u00e3o e Pr\u00e1tica Docente em L\u00edngua Portuguesa e Literatura - Pontes Editores<\/title>\n<meta name=\"robots\" content=\"index, follow, max-snippet:-1, max-image-preview:large, max-video-preview:-1\" \/>\n<link rel=\"canonical\" href=\"https:\/\/ponteseditores.com.br\/loja3\/pontes-editores-home-2__trashed\/linguistica\/formacao-e-pratica-docente-em-lingua-portuguesa-e-literatura\/\" \/>\n<meta property=\"og:locale\" content=\"pt_BR\" \/>\n<meta property=\"og:type\" content=\"article\" \/>\n<meta property=\"og:title\" content=\"Forma\u00e7\u00e3o e Pr\u00e1tica Docente em L\u00edngua Portuguesa e Literatura - Pontes Editores\" \/>\n<meta property=\"og:description\" content=\"A colet\u00e2nea de artigos organizada por Leandra Ines Seganfredo Santos e Ruberval Franco Maciel se prop\u00f5e a refletir sobre o Profletras, a forma\u00e7\u00e3o de professores no programa e para al\u00e9m dele. J\u00e1 pelo t\u00edtulo se pode perceber a natureza da reflex\u00e3o exposta nos cap\u00edtulos, pois de fato a forma\u00e7\u00e3o n\u00e3o equivale \u00e0 pr\u00e1tica profissional e [&hellip;]\" \/>\n<meta property=\"og:url\" content=\"https:\/\/ponteseditores.com.br\/loja3\/pontes-editores-home-2__trashed\/linguistica\/formacao-e-pratica-docente-em-lingua-portuguesa-e-literatura\/\" \/>\n<meta property=\"og:site_name\" content=\"Pontes Editores\" \/>\n<meta property=\"article:modified_time\" content=\"2023-12-15T15:12:40+00:00\" \/>\n<meta property=\"og:image\" content=\"https:\/\/ponteseditores.com.br\/loja3\/wp-content\/uploads\/2023\/12\/capa20Formacao20e20pratica20docente20em20lingua20portuguesa20e20literatura.jpg\" \/>\n\t<meta property=\"og:image:width\" content=\"605\" \/>\n\t<meta property=\"og:image:height\" content=\"869\" \/>\n\t<meta property=\"og:image:type\" content=\"image\/jpeg\" \/>\n<meta name=\"twitter:card\" content=\"summary_large_image\" \/>\n<meta name=\"twitter:label1\" content=\"Est. tempo de leitura\" \/>\n\t<meta name=\"twitter:data1\" content=\"1 minuto\" \/>\n<script type=\"application\/ld+json\" class=\"yoast-schema-graph\">{\"@context\":\"https:\\\/\\\/schema.org\",\"@graph\":[{\"@type\":\"WebPage\",\"@id\":\"https:\\\/\\\/ponteseditores.com.br\\\/loja3\\\/pontes-editores-home-2__trashed\\\/linguistica\\\/formacao-e-pratica-docente-em-lingua-portuguesa-e-literatura\\\/\",\"url\":\"https:\\\/\\\/ponteseditores.com.br\\\/loja3\\\/pontes-editores-home-2__trashed\\\/linguistica\\\/formacao-e-pratica-docente-em-lingua-portuguesa-e-literatura\\\/\",\"name\":\"Forma\u00e7\u00e3o e Pr\u00e1tica Docente em L\u00edngua Portuguesa e Literatura - Pontes Editores\",\"isPartOf\":{\"@id\":\"https:\\\/\\\/ponteseditores.com.br\\\/loja3\\\/#website\"},\"primaryImageOfPage\":{\"@id\":\"https:\\\/\\\/ponteseditores.com.br\\\/loja3\\\/pontes-editores-home-2__trashed\\\/linguistica\\\/formacao-e-pratica-docente-em-lingua-portuguesa-e-literatura\\\/#primaryimage\"},\"image\":{\"@id\":\"https:\\\/\\\/ponteseditores.com.br\\\/loja3\\\/pontes-editores-home-2__trashed\\\/linguistica\\\/formacao-e-pratica-docente-em-lingua-portuguesa-e-literatura\\\/#primaryimage\"},\"thumbnailUrl\":\"https:\\\/\\\/ponteseditores.com.br\\\/loja3\\\/wp-content\\\/uploads\\\/2023\\\/12\\\/capa20Formacao20e20pratica20docente20em20lingua20portuguesa20e20literatura.jpg\",\"datePublished\":\"2023-12-15T03:43:48+00:00\",\"dateModified\":\"2023-12-15T15:12:40+00:00\",\"breadcrumb\":{\"@id\":\"https:\\\/\\\/ponteseditores.com.br\\\/loja3\\\/pontes-editores-home-2__trashed\\\/linguistica\\\/formacao-e-pratica-docente-em-lingua-portuguesa-e-literatura\\\/#breadcrumb\"},\"inLanguage\":\"pt-BR\",\"potentialAction\":[{\"@type\":\"ReadAction\",\"target\":[\"https:\\\/\\\/ponteseditores.com.br\\\/loja3\\\/pontes-editores-home-2__trashed\\\/linguistica\\\/formacao-e-pratica-docente-em-lingua-portuguesa-e-literatura\\\/\"]}]},{\"@type\":\"ImageObject\",\"inLanguage\":\"pt-BR\",\"@id\":\"https:\\\/\\\/ponteseditores.com.br\\\/loja3\\\/pontes-editores-home-2__trashed\\\/linguistica\\\/formacao-e-pratica-docente-em-lingua-portuguesa-e-literatura\\\/#primaryimage\",\"url\":\"https:\\\/\\\/ponteseditores.com.br\\\/loja3\\\/wp-content\\\/uploads\\\/2023\\\/12\\\/capa20Formacao20e20pratica20docente20em20lingua20portuguesa20e20literatura.jpg\",\"contentUrl\":\"https:\\\/\\\/ponteseditores.com.br\\\/loja3\\\/wp-content\\\/uploads\\\/2023\\\/12\\\/capa20Formacao20e20pratica20docente20em20lingua20portuguesa20e20literatura.jpg\",\"width\":605,\"height\":869},{\"@type\":\"BreadcrumbList\",\"@id\":\"https:\\\/\\\/ponteseditores.com.br\\\/loja3\\\/pontes-editores-home-2__trashed\\\/linguistica\\\/formacao-e-pratica-docente-em-lingua-portuguesa-e-literatura\\\/#breadcrumb\",\"itemListElement\":[{\"@type\":\"ListItem\",\"position\":1,\"name\":\"Home\",\"item\":\"https:\\\/\\\/ponteseditores.com.br\\\/loja3\\\/\"},{\"@type\":\"ListItem\",\"position\":2,\"name\":\"loja\",\"item\":\"https:\\\/\\\/ponteseditores.com.br\\\/loja3\\\/loja\\\/\"},{\"@type\":\"ListItem\",\"position\":3,\"name\":\"Forma\u00e7\u00e3o e Pr\u00e1tica Docente em L\u00edngua Portuguesa e Literatura\"}]},{\"@type\":\"WebSite\",\"@id\":\"https:\\\/\\\/ponteseditores.com.br\\\/loja3\\\/#website\",\"url\":\"https:\\\/\\\/ponteseditores.com.br\\\/loja3\\\/\",\"name\":\"Pontes Editores\",\"description\":\"Pontes Editores\",\"publisher\":{\"@id\":\"https:\\\/\\\/ponteseditores.com.br\\\/loja3\\\/#organization\"},\"potentialAction\":[{\"@type\":\"SearchAction\",\"target\":{\"@type\":\"EntryPoint\",\"urlTemplate\":\"https:\\\/\\\/ponteseditores.com.br\\\/loja3\\\/?s={search_term_string}\"},\"query-input\":{\"@type\":\"PropertyValueSpecification\",\"valueRequired\":true,\"valueName\":\"search_term_string\"}}],\"inLanguage\":\"pt-BR\"},{\"@type\":\"Organization\",\"@id\":\"https:\\\/\\\/ponteseditores.com.br\\\/loja3\\\/#organization\",\"name\":\"Pontes Editores\",\"url\":\"https:\\\/\\\/ponteseditores.com.br\\\/loja3\\\/\",\"logo\":{\"@type\":\"ImageObject\",\"inLanguage\":\"pt-BR\",\"@id\":\"https:\\\/\\\/ponteseditores.com.br\\\/loja3\\\/#\\\/schema\\\/logo\\\/image\\\/\",\"url\":\"https:\\\/\\\/ponteseditores.com.br\\\/loja3\\\/wp-content\\\/uploads\\\/2023\\\/12\\\/logo-pontes-editores-v2.png\",\"contentUrl\":\"https:\\\/\\\/ponteseditores.com.br\\\/loja3\\\/wp-content\\\/uploads\\\/2023\\\/12\\\/logo-pontes-editores-v2.png\",\"width\":258,\"height\":100,\"caption\":\"Pontes Editores\"},\"image\":{\"@id\":\"https:\\\/\\\/ponteseditores.com.br\\\/loja3\\\/#\\\/schema\\\/logo\\\/image\\\/\"}}]}<\/script>\n<!-- \/ Yoast SEO plugin. -->","yoast_head_json":{"title":"Forma\u00e7\u00e3o e Pr\u00e1tica Docente em L\u00edngua Portuguesa e Literatura - Pontes Editores","robots":{"index":"index","follow":"follow","max-snippet":"max-snippet:-1","max-image-preview":"max-image-preview:large","max-video-preview":"max-video-preview:-1"},"canonical":"https:\/\/ponteseditores.com.br\/loja3\/pontes-editores-home-2__trashed\/linguistica\/formacao-e-pratica-docente-em-lingua-portuguesa-e-literatura\/","og_locale":"pt_BR","og_type":"article","og_title":"Forma\u00e7\u00e3o e Pr\u00e1tica Docente em L\u00edngua Portuguesa e Literatura - Pontes Editores","og_description":"A colet\u00e2nea de artigos organizada por Leandra Ines Seganfredo Santos e Ruberval Franco Maciel se prop\u00f5e a refletir sobre o Profletras, a forma\u00e7\u00e3o de professores no programa e para al\u00e9m dele. J\u00e1 pelo t\u00edtulo se pode perceber a natureza da reflex\u00e3o exposta nos cap\u00edtulos, pois de fato a forma\u00e7\u00e3o n\u00e3o equivale \u00e0 pr\u00e1tica profissional e [&hellip;]","og_url":"https:\/\/ponteseditores.com.br\/loja3\/pontes-editores-home-2__trashed\/linguistica\/formacao-e-pratica-docente-em-lingua-portuguesa-e-literatura\/","og_site_name":"Pontes Editores","article_modified_time":"2023-12-15T15:12:40+00:00","og_image":[{"width":605,"height":869,"url":"https:\/\/ponteseditores.com.br\/loja3\/wp-content\/uploads\/2023\/12\/capa20Formacao20e20pratica20docente20em20lingua20portuguesa20e20literatura.jpg","type":"image\/jpeg"}],"twitter_card":"summary_large_image","twitter_misc":{"Est. tempo de leitura":"1 minuto"},"schema":{"@context":"https:\/\/schema.org","@graph":[{"@type":"WebPage","@id":"https:\/\/ponteseditores.com.br\/loja3\/pontes-editores-home-2__trashed\/linguistica\/formacao-e-pratica-docente-em-lingua-portuguesa-e-literatura\/","url":"https:\/\/ponteseditores.com.br\/loja3\/pontes-editores-home-2__trashed\/linguistica\/formacao-e-pratica-docente-em-lingua-portuguesa-e-literatura\/","name":"Forma\u00e7\u00e3o e Pr\u00e1tica Docente em L\u00edngua Portuguesa e Literatura - Pontes Editores","isPartOf":{"@id":"https:\/\/ponteseditores.com.br\/loja3\/#website"},"primaryImageOfPage":{"@id":"https:\/\/ponteseditores.com.br\/loja3\/pontes-editores-home-2__trashed\/linguistica\/formacao-e-pratica-docente-em-lingua-portuguesa-e-literatura\/#primaryimage"},"image":{"@id":"https:\/\/ponteseditores.com.br\/loja3\/pontes-editores-home-2__trashed\/linguistica\/formacao-e-pratica-docente-em-lingua-portuguesa-e-literatura\/#primaryimage"},"thumbnailUrl":"https:\/\/ponteseditores.com.br\/loja3\/wp-content\/uploads\/2023\/12\/capa20Formacao20e20pratica20docente20em20lingua20portuguesa20e20literatura.jpg","datePublished":"2023-12-15T03:43:48+00:00","dateModified":"2023-12-15T15:12:40+00:00","breadcrumb":{"@id":"https:\/\/ponteseditores.com.br\/loja3\/pontes-editores-home-2__trashed\/linguistica\/formacao-e-pratica-docente-em-lingua-portuguesa-e-literatura\/#breadcrumb"},"inLanguage":"pt-BR","potentialAction":[{"@type":"ReadAction","target":["https:\/\/ponteseditores.com.br\/loja3\/pontes-editores-home-2__trashed\/linguistica\/formacao-e-pratica-docente-em-lingua-portuguesa-e-literatura\/"]}]},{"@type":"ImageObject","inLanguage":"pt-BR","@id":"https:\/\/ponteseditores.com.br\/loja3\/pontes-editores-home-2__trashed\/linguistica\/formacao-e-pratica-docente-em-lingua-portuguesa-e-literatura\/#primaryimage","url":"https:\/\/ponteseditores.com.br\/loja3\/wp-content\/uploads\/2023\/12\/capa20Formacao20e20pratica20docente20em20lingua20portuguesa20e20literatura.jpg","contentUrl":"https:\/\/ponteseditores.com.br\/loja3\/wp-content\/uploads\/2023\/12\/capa20Formacao20e20pratica20docente20em20lingua20portuguesa20e20literatura.jpg","width":605,"height":869},{"@type":"BreadcrumbList","@id":"https:\/\/ponteseditores.com.br\/loja3\/pontes-editores-home-2__trashed\/linguistica\/formacao-e-pratica-docente-em-lingua-portuguesa-e-literatura\/#breadcrumb","itemListElement":[{"@type":"ListItem","position":1,"name":"Home","item":"https:\/\/ponteseditores.com.br\/loja3\/"},{"@type":"ListItem","position":2,"name":"loja","item":"https:\/\/ponteseditores.com.br\/loja3\/loja\/"},{"@type":"ListItem","position":3,"name":"Forma\u00e7\u00e3o e Pr\u00e1tica Docente em L\u00edngua Portuguesa e Literatura"}]},{"@type":"WebSite","@id":"https:\/\/ponteseditores.com.br\/loja3\/#website","url":"https:\/\/ponteseditores.com.br\/loja3\/","name":"Pontes Editores","description":"Pontes Editores","publisher":{"@id":"https:\/\/ponteseditores.com.br\/loja3\/#organization"},"potentialAction":[{"@type":"SearchAction","target":{"@type":"EntryPoint","urlTemplate":"https:\/\/ponteseditores.com.br\/loja3\/?s={search_term_string}"},"query-input":{"@type":"PropertyValueSpecification","valueRequired":true,"valueName":"search_term_string"}}],"inLanguage":"pt-BR"},{"@type":"Organization","@id":"https:\/\/ponteseditores.com.br\/loja3\/#organization","name":"Pontes Editores","url":"https:\/\/ponteseditores.com.br\/loja3\/","logo":{"@type":"ImageObject","inLanguage":"pt-BR","@id":"https:\/\/ponteseditores.com.br\/loja3\/#\/schema\/logo\/image\/","url":"https:\/\/ponteseditores.com.br\/loja3\/wp-content\/uploads\/2023\/12\/logo-pontes-editores-v2.png","contentUrl":"https:\/\/ponteseditores.com.br\/loja3\/wp-content\/uploads\/2023\/12\/logo-pontes-editores-v2.png","width":258,"height":100,"caption":"Pontes Editores"},"image":{"@id":"https:\/\/ponteseditores.com.br\/loja3\/#\/schema\/logo\/image\/"}}]}},"_links":{"self":[{"href":"https:\/\/ponteseditores.com.br\/loja3\/wp-json\/wp\/v2\/product\/7422","targetHints":{"allow":["GET"]}}],"collection":[{"href":"https:\/\/ponteseditores.com.br\/loja3\/wp-json\/wp\/v2\/product"}],"about":[{"href":"https:\/\/ponteseditores.com.br\/loja3\/wp-json\/wp\/v2\/types\/product"}],"replies":[{"embeddable":true,"href":"https:\/\/ponteseditores.com.br\/loja3\/wp-json\/wp\/v2\/comments?post=7422"}],"version-history":[{"count":0,"href":"https:\/\/ponteseditores.com.br\/loja3\/wp-json\/wp\/v2\/product\/7422\/revisions"}],"wp:featuredmedia":[{"embeddable":true,"href":"https:\/\/ponteseditores.com.br\/loja3\/wp-json\/wp\/v2\/media\/7421"}],"wp:attachment":[{"href":"https:\/\/ponteseditores.com.br\/loja3\/wp-json\/wp\/v2\/media?parent=7422"}],"wp:term":[{"taxonomy":"product_brand","embeddable":true,"href":"https:\/\/ponteseditores.com.br\/loja3\/wp-json\/wp\/v2\/product_brand?post=7422"},{"taxonomy":"product_cat","embeddable":true,"href":"https:\/\/ponteseditores.com.br\/loja3\/wp-json\/wp\/v2\/product_cat?post=7422"},{"taxonomy":"product_tag","embeddable":true,"href":"https:\/\/ponteseditores.com.br\/loja3\/wp-json\/wp\/v2\/product_tag?post=7422"}],"curies":[{"name":"wp","href":"https:\/\/api.w.org\/{rel}","templated":true}]}}