{"id":7418,"date":"2023-12-15T00:43:46","date_gmt":"2023-12-15T03:43:46","guid":{"rendered":"https:\/\/ponteseditores.com.br\/loja3\/pontes-editores-home-2__trashed\/sem%20categoria\/foucault-e-as-praticas-de-liberdade-i-o-vivo-e-os-seus-limites\/"},"modified":"2025-03-16T08:20:14","modified_gmt":"2025-03-16T11:20:14","slug":"foucault-e-as-praticas-de-liberdade-i-o-vivo-e-os-seus-limites","status":"publish","type":"product","link":"https:\/\/ponteseditores.com.br\/loja3\/pontes-editores-home-2__trashed\/linguagem-e-linguas\/foucault-e-as-praticas-de-liberdade-i-o-vivo-e-os-seus-limites\/","title":{"rendered":"Foucault e as pr\u00e1ticas de liberdade I: o vivo e os seus limites"},"content":{"rendered":"<p>Foucault e as Pr\u00e1ticas de Liberdade, organizado em dois volumes (O vivo e os seus limites e Topologias pol\u00edticas e heterotopologias), convida-nos a pensarmos coletivamente a prolifera\u00e7\u00e3o de pr\u00e1ticas, h\u00e1bitos, saberes e poderes que diagramam para a \u00e9poca atual um certo estado de liberdade. Sua contribui\u00e7\u00e3o \u00e9 fundamental para a discuss\u00e3o te\u00f3rica e pol\u00edtica sobre os temas que envolvem as transforma\u00e7\u00f5es sociais e culturais do presente e que nuan\u00e7am as possibilidades e limites da vida democr\u00e1tica, central no pensamento pol\u00edtico da atualidade. Coloca-se em debate a crise da democracia: em sua rela\u00e7\u00e3o com pr\u00e1ticas libert\u00e1rias, n\u00e3o s\u00f3 no dom\u00ednio da governamentalidade estatal, mas de todas as resist\u00eancias que t\u00eam lugar em diferentes geografias, em suas multiplicidades, interseccionalidades e transversalidades.<\/p>\n<p>O ponto fulcral \u2013 v\u00e9rtice entre os escritos e as pesquisas t\u00e3o distintas destes dois volumes \u2013 \u00e9 a produ\u00e7\u00e3o de novos patamares de reflex\u00e3o e a\u00e7\u00e3o em torno do tema das pr\u00e1ticas de liberdade, ora visadas com grande urg\u00eancia e intensidade. Afinal, ao que parece, \u00e9 uma interroga\u00e7\u00e3o ainda em aberto: de que conceito de liberdade se trata quando o caso \u00e9 de, em meio a acirradas disputas de poder e desafios que beiram \u00e0 intoler\u00e2ncia, atribuir a cada um a tarefa e a responsabilidade de gerir a condi\u00e7\u00e3o essencial do viver juntos?<\/p>\n<p>Este primeiro volume, Foucault e as Pr\u00e1ticas de Liberdade: o vivo e os seus limites, traz um n\u00famero significativo de contribui\u00e7\u00f5es, marcadas pela interdisciplinaridade e pela afinidade com a problem\u00e1tica da liberdade e da biopol\u00edtica.<\/p>\n","protected":false},"excerpt":{"rendered":"<p>Foucault e as Pr\u00e1ticas de Liberdade, organizado em dois volumes (O vivo e os seus limites e Topologias pol\u00edticas e heterotopologias), convida-nos a pensarmos coletivamente a prolifera\u00e7\u00e3o de pr\u00e1ticas, h\u00e1bitos, saberes e poderes que diagramam para a \u00e9poca atual um certo estado de liberdade. Sua contribui\u00e7\u00e3o \u00e9 fundamental para a discuss\u00e3o te\u00f3rica e pol\u00edtica sobre [&hellip;]<\/p>\n","protected":false},"featured_media":7417,"comment_status":"open","ping_status":"closed","template":"","meta":{"_joinchat":[]},"product_brand":[],"product_cat":[301,290],"product_tag":[],"class_list":{"0":"post-7418","1":"product","2":"type-product","3":"status-publish","4":"has-post-thumbnail","6":"product_cat-analise-de-discurso","7":"product_cat-linguagem-e-linguas","8":"product_shipping_class-livro-pontes-editores-fisico","10":"first","11":"instock","12":"shipping-taxable","13":"purchasable","14":"product-type-simple"},"yoast_head":"<!-- This site is optimized with the Yoast SEO plugin v27.4 - https:\/\/yoast.com\/product\/yoast-seo-wordpress\/ -->\n<title>Foucault e as pr\u00e1ticas de liberdade I: o vivo e os seus limites - Pontes Editores<\/title>\n<meta name=\"robots\" content=\"index, follow, max-snippet:-1, max-image-preview:large, max-video-preview:-1\" \/>\n<link rel=\"canonical\" href=\"https:\/\/ponteseditores.com.br\/loja3\/pontes-editores-home-2__trashed\/linguagem-e-linguas\/foucault-e-as-praticas-de-liberdade-i-o-vivo-e-os-seus-limites\/\" \/>\n<meta property=\"og:locale\" content=\"pt_BR\" \/>\n<meta property=\"og:type\" content=\"article\" \/>\n<meta property=\"og:title\" content=\"Foucault e as pr\u00e1ticas de liberdade I: o vivo e os seus limites - Pontes Editores\" \/>\n<meta property=\"og:description\" content=\"Foucault e as Pr\u00e1ticas de Liberdade, organizado em dois volumes (O vivo e os seus limites e Topologias pol\u00edticas e heterotopologias), convida-nos a pensarmos coletivamente a prolifera\u00e7\u00e3o de pr\u00e1ticas, h\u00e1bitos, saberes e poderes que diagramam para a \u00e9poca atual um certo estado de liberdade. Sua contribui\u00e7\u00e3o \u00e9 fundamental para a discuss\u00e3o te\u00f3rica e pol\u00edtica sobre [&hellip;]\" \/>\n<meta property=\"og:url\" content=\"https:\/\/ponteseditores.com.br\/loja3\/pontes-editores-home-2__trashed\/linguagem-e-linguas\/foucault-e-as-praticas-de-liberdade-i-o-vivo-e-os-seus-limites\/\" \/>\n<meta property=\"og:site_name\" content=\"Pontes Editores\" \/>\n<meta property=\"article:modified_time\" content=\"2025-03-16T11:20:14+00:00\" \/>\n<meta property=\"og:image\" content=\"https:\/\/ponteseditores.com.br\/loja3\/wp-content\/uploads\/2023\/12\/Capa20-20Foucault20e20as20Praticas20-20Volume20I.jpg\" \/>\n\t<meta property=\"og:image:width\" content=\"531\" \/>\n\t<meta property=\"og:image:height\" content=\"768\" \/>\n\t<meta property=\"og:image:type\" content=\"image\/jpeg\" \/>\n<meta name=\"twitter:card\" content=\"summary_large_image\" \/>\n<meta name=\"twitter:label1\" content=\"Est. tempo de leitura\" \/>\n\t<meta name=\"twitter:data1\" content=\"1 minuto\" \/>\n<script type=\"application\/ld+json\" class=\"yoast-schema-graph\">{\"@context\":\"https:\\\/\\\/schema.org\",\"@graph\":[{\"@type\":\"WebPage\",\"@id\":\"https:\\\/\\\/ponteseditores.com.br\\\/loja3\\\/pontes-editores-home-2__trashed\\\/linguagem-e-linguas\\\/foucault-e-as-praticas-de-liberdade-i-o-vivo-e-os-seus-limites\\\/\",\"url\":\"https:\\\/\\\/ponteseditores.com.br\\\/loja3\\\/pontes-editores-home-2__trashed\\\/linguagem-e-linguas\\\/foucault-e-as-praticas-de-liberdade-i-o-vivo-e-os-seus-limites\\\/\",\"name\":\"Foucault e as pr\u00e1ticas de liberdade I: o vivo e os seus limites - Pontes Editores\",\"isPartOf\":{\"@id\":\"https:\\\/\\\/ponteseditores.com.br\\\/loja3\\\/#website\"},\"primaryImageOfPage\":{\"@id\":\"https:\\\/\\\/ponteseditores.com.br\\\/loja3\\\/pontes-editores-home-2__trashed\\\/linguagem-e-linguas\\\/foucault-e-as-praticas-de-liberdade-i-o-vivo-e-os-seus-limites\\\/#primaryimage\"},\"image\":{\"@id\":\"https:\\\/\\\/ponteseditores.com.br\\\/loja3\\\/pontes-editores-home-2__trashed\\\/linguagem-e-linguas\\\/foucault-e-as-praticas-de-liberdade-i-o-vivo-e-os-seus-limites\\\/#primaryimage\"},\"thumbnailUrl\":\"https:\\\/\\\/ponteseditores.com.br\\\/loja3\\\/wp-content\\\/uploads\\\/2023\\\/12\\\/Capa20-20Foucault20e20as20Praticas20-20Volume20I.jpg\",\"datePublished\":\"2023-12-15T03:43:46+00:00\",\"dateModified\":\"2025-03-16T11:20:14+00:00\",\"breadcrumb\":{\"@id\":\"https:\\\/\\\/ponteseditores.com.br\\\/loja3\\\/pontes-editores-home-2__trashed\\\/linguagem-e-linguas\\\/foucault-e-as-praticas-de-liberdade-i-o-vivo-e-os-seus-limites\\\/#breadcrumb\"},\"inLanguage\":\"pt-BR\",\"potentialAction\":[{\"@type\":\"ReadAction\",\"target\":[\"https:\\\/\\\/ponteseditores.com.br\\\/loja3\\\/pontes-editores-home-2__trashed\\\/linguagem-e-linguas\\\/foucault-e-as-praticas-de-liberdade-i-o-vivo-e-os-seus-limites\\\/\"]}]},{\"@type\":\"ImageObject\",\"inLanguage\":\"pt-BR\",\"@id\":\"https:\\\/\\\/ponteseditores.com.br\\\/loja3\\\/pontes-editores-home-2__trashed\\\/linguagem-e-linguas\\\/foucault-e-as-praticas-de-liberdade-i-o-vivo-e-os-seus-limites\\\/#primaryimage\",\"url\":\"https:\\\/\\\/ponteseditores.com.br\\\/loja3\\\/wp-content\\\/uploads\\\/2023\\\/12\\\/Capa20-20Foucault20e20as20Praticas20-20Volume20I.jpg\",\"contentUrl\":\"https:\\\/\\\/ponteseditores.com.br\\\/loja3\\\/wp-content\\\/uploads\\\/2023\\\/12\\\/Capa20-20Foucault20e20as20Praticas20-20Volume20I.jpg\",\"width\":531,\"height\":768},{\"@type\":\"BreadcrumbList\",\"@id\":\"https:\\\/\\\/ponteseditores.com.br\\\/loja3\\\/pontes-editores-home-2__trashed\\\/linguagem-e-linguas\\\/foucault-e-as-praticas-de-liberdade-i-o-vivo-e-os-seus-limites\\\/#breadcrumb\",\"itemListElement\":[{\"@type\":\"ListItem\",\"position\":1,\"name\":\"Home\",\"item\":\"https:\\\/\\\/ponteseditores.com.br\\\/loja3\\\/\"},{\"@type\":\"ListItem\",\"position\":2,\"name\":\"loja\",\"item\":\"https:\\\/\\\/ponteseditores.com.br\\\/loja3\\\/loja\\\/\"},{\"@type\":\"ListItem\",\"position\":3,\"name\":\"Foucault e as pr\u00e1ticas de liberdade I: o vivo e os seus limites\"}]},{\"@type\":\"WebSite\",\"@id\":\"https:\\\/\\\/ponteseditores.com.br\\\/loja3\\\/#website\",\"url\":\"https:\\\/\\\/ponteseditores.com.br\\\/loja3\\\/\",\"name\":\"Pontes Editores\",\"description\":\"Pontes Editores\",\"publisher\":{\"@id\":\"https:\\\/\\\/ponteseditores.com.br\\\/loja3\\\/#organization\"},\"potentialAction\":[{\"@type\":\"SearchAction\",\"target\":{\"@type\":\"EntryPoint\",\"urlTemplate\":\"https:\\\/\\\/ponteseditores.com.br\\\/loja3\\\/?s={search_term_string}\"},\"query-input\":{\"@type\":\"PropertyValueSpecification\",\"valueRequired\":true,\"valueName\":\"search_term_string\"}}],\"inLanguage\":\"pt-BR\"},{\"@type\":\"Organization\",\"@id\":\"https:\\\/\\\/ponteseditores.com.br\\\/loja3\\\/#organization\",\"name\":\"Pontes Editores\",\"url\":\"https:\\\/\\\/ponteseditores.com.br\\\/loja3\\\/\",\"logo\":{\"@type\":\"ImageObject\",\"inLanguage\":\"pt-BR\",\"@id\":\"https:\\\/\\\/ponteseditores.com.br\\\/loja3\\\/#\\\/schema\\\/logo\\\/image\\\/\",\"url\":\"https:\\\/\\\/ponteseditores.com.br\\\/loja3\\\/wp-content\\\/uploads\\\/2023\\\/12\\\/logo-pontes-editores-v2.png\",\"contentUrl\":\"https:\\\/\\\/ponteseditores.com.br\\\/loja3\\\/wp-content\\\/uploads\\\/2023\\\/12\\\/logo-pontes-editores-v2.png\",\"width\":258,\"height\":100,\"caption\":\"Pontes Editores\"},\"image\":{\"@id\":\"https:\\\/\\\/ponteseditores.com.br\\\/loja3\\\/#\\\/schema\\\/logo\\\/image\\\/\"}}]}<\/script>\n<!-- \/ Yoast SEO plugin. -->","yoast_head_json":{"title":"Foucault e as pr\u00e1ticas de liberdade I: o vivo e os seus limites - Pontes Editores","robots":{"index":"index","follow":"follow","max-snippet":"max-snippet:-1","max-image-preview":"max-image-preview:large","max-video-preview":"max-video-preview:-1"},"canonical":"https:\/\/ponteseditores.com.br\/loja3\/pontes-editores-home-2__trashed\/linguagem-e-linguas\/foucault-e-as-praticas-de-liberdade-i-o-vivo-e-os-seus-limites\/","og_locale":"pt_BR","og_type":"article","og_title":"Foucault e as pr\u00e1ticas de liberdade I: o vivo e os seus limites - Pontes Editores","og_description":"Foucault e as Pr\u00e1ticas de Liberdade, organizado em dois volumes (O vivo e os seus limites e Topologias pol\u00edticas e heterotopologias), convida-nos a pensarmos coletivamente a prolifera\u00e7\u00e3o de pr\u00e1ticas, h\u00e1bitos, saberes e poderes que diagramam para a \u00e9poca atual um certo estado de liberdade. Sua contribui\u00e7\u00e3o \u00e9 fundamental para a discuss\u00e3o te\u00f3rica e pol\u00edtica sobre [&hellip;]","og_url":"https:\/\/ponteseditores.com.br\/loja3\/pontes-editores-home-2__trashed\/linguagem-e-linguas\/foucault-e-as-praticas-de-liberdade-i-o-vivo-e-os-seus-limites\/","og_site_name":"Pontes Editores","article_modified_time":"2025-03-16T11:20:14+00:00","og_image":[{"width":531,"height":768,"url":"https:\/\/ponteseditores.com.br\/loja3\/wp-content\/uploads\/2023\/12\/Capa20-20Foucault20e20as20Praticas20-20Volume20I.jpg","type":"image\/jpeg"}],"twitter_card":"summary_large_image","twitter_misc":{"Est. tempo de leitura":"1 minuto"},"schema":{"@context":"https:\/\/schema.org","@graph":[{"@type":"WebPage","@id":"https:\/\/ponteseditores.com.br\/loja3\/pontes-editores-home-2__trashed\/linguagem-e-linguas\/foucault-e-as-praticas-de-liberdade-i-o-vivo-e-os-seus-limites\/","url":"https:\/\/ponteseditores.com.br\/loja3\/pontes-editores-home-2__trashed\/linguagem-e-linguas\/foucault-e-as-praticas-de-liberdade-i-o-vivo-e-os-seus-limites\/","name":"Foucault e as pr\u00e1ticas de liberdade I: o vivo e os seus limites - Pontes Editores","isPartOf":{"@id":"https:\/\/ponteseditores.com.br\/loja3\/#website"},"primaryImageOfPage":{"@id":"https:\/\/ponteseditores.com.br\/loja3\/pontes-editores-home-2__trashed\/linguagem-e-linguas\/foucault-e-as-praticas-de-liberdade-i-o-vivo-e-os-seus-limites\/#primaryimage"},"image":{"@id":"https:\/\/ponteseditores.com.br\/loja3\/pontes-editores-home-2__trashed\/linguagem-e-linguas\/foucault-e-as-praticas-de-liberdade-i-o-vivo-e-os-seus-limites\/#primaryimage"},"thumbnailUrl":"https:\/\/ponteseditores.com.br\/loja3\/wp-content\/uploads\/2023\/12\/Capa20-20Foucault20e20as20Praticas20-20Volume20I.jpg","datePublished":"2023-12-15T03:43:46+00:00","dateModified":"2025-03-16T11:20:14+00:00","breadcrumb":{"@id":"https:\/\/ponteseditores.com.br\/loja3\/pontes-editores-home-2__trashed\/linguagem-e-linguas\/foucault-e-as-praticas-de-liberdade-i-o-vivo-e-os-seus-limites\/#breadcrumb"},"inLanguage":"pt-BR","potentialAction":[{"@type":"ReadAction","target":["https:\/\/ponteseditores.com.br\/loja3\/pontes-editores-home-2__trashed\/linguagem-e-linguas\/foucault-e-as-praticas-de-liberdade-i-o-vivo-e-os-seus-limites\/"]}]},{"@type":"ImageObject","inLanguage":"pt-BR","@id":"https:\/\/ponteseditores.com.br\/loja3\/pontes-editores-home-2__trashed\/linguagem-e-linguas\/foucault-e-as-praticas-de-liberdade-i-o-vivo-e-os-seus-limites\/#primaryimage","url":"https:\/\/ponteseditores.com.br\/loja3\/wp-content\/uploads\/2023\/12\/Capa20-20Foucault20e20as20Praticas20-20Volume20I.jpg","contentUrl":"https:\/\/ponteseditores.com.br\/loja3\/wp-content\/uploads\/2023\/12\/Capa20-20Foucault20e20as20Praticas20-20Volume20I.jpg","width":531,"height":768},{"@type":"BreadcrumbList","@id":"https:\/\/ponteseditores.com.br\/loja3\/pontes-editores-home-2__trashed\/linguagem-e-linguas\/foucault-e-as-praticas-de-liberdade-i-o-vivo-e-os-seus-limites\/#breadcrumb","itemListElement":[{"@type":"ListItem","position":1,"name":"Home","item":"https:\/\/ponteseditores.com.br\/loja3\/"},{"@type":"ListItem","position":2,"name":"loja","item":"https:\/\/ponteseditores.com.br\/loja3\/loja\/"},{"@type":"ListItem","position":3,"name":"Foucault e as pr\u00e1ticas de liberdade I: o vivo e os seus limites"}]},{"@type":"WebSite","@id":"https:\/\/ponteseditores.com.br\/loja3\/#website","url":"https:\/\/ponteseditores.com.br\/loja3\/","name":"Pontes Editores","description":"Pontes Editores","publisher":{"@id":"https:\/\/ponteseditores.com.br\/loja3\/#organization"},"potentialAction":[{"@type":"SearchAction","target":{"@type":"EntryPoint","urlTemplate":"https:\/\/ponteseditores.com.br\/loja3\/?s={search_term_string}"},"query-input":{"@type":"PropertyValueSpecification","valueRequired":true,"valueName":"search_term_string"}}],"inLanguage":"pt-BR"},{"@type":"Organization","@id":"https:\/\/ponteseditores.com.br\/loja3\/#organization","name":"Pontes Editores","url":"https:\/\/ponteseditores.com.br\/loja3\/","logo":{"@type":"ImageObject","inLanguage":"pt-BR","@id":"https:\/\/ponteseditores.com.br\/loja3\/#\/schema\/logo\/image\/","url":"https:\/\/ponteseditores.com.br\/loja3\/wp-content\/uploads\/2023\/12\/logo-pontes-editores-v2.png","contentUrl":"https:\/\/ponteseditores.com.br\/loja3\/wp-content\/uploads\/2023\/12\/logo-pontes-editores-v2.png","width":258,"height":100,"caption":"Pontes Editores"},"image":{"@id":"https:\/\/ponteseditores.com.br\/loja3\/#\/schema\/logo\/image\/"}}]}},"_links":{"self":[{"href":"https:\/\/ponteseditores.com.br\/loja3\/wp-json\/wp\/v2\/product\/7418","targetHints":{"allow":["GET"]}}],"collection":[{"href":"https:\/\/ponteseditores.com.br\/loja3\/wp-json\/wp\/v2\/product"}],"about":[{"href":"https:\/\/ponteseditores.com.br\/loja3\/wp-json\/wp\/v2\/types\/product"}],"replies":[{"embeddable":true,"href":"https:\/\/ponteseditores.com.br\/loja3\/wp-json\/wp\/v2\/comments?post=7418"}],"version-history":[{"count":0,"href":"https:\/\/ponteseditores.com.br\/loja3\/wp-json\/wp\/v2\/product\/7418\/revisions"}],"wp:featuredmedia":[{"embeddable":true,"href":"https:\/\/ponteseditores.com.br\/loja3\/wp-json\/wp\/v2\/media\/7417"}],"wp:attachment":[{"href":"https:\/\/ponteseditores.com.br\/loja3\/wp-json\/wp\/v2\/media?parent=7418"}],"wp:term":[{"taxonomy":"product_brand","embeddable":true,"href":"https:\/\/ponteseditores.com.br\/loja3\/wp-json\/wp\/v2\/product_brand?post=7418"},{"taxonomy":"product_cat","embeddable":true,"href":"https:\/\/ponteseditores.com.br\/loja3\/wp-json\/wp\/v2\/product_cat?post=7418"},{"taxonomy":"product_tag","embeddable":true,"href":"https:\/\/ponteseditores.com.br\/loja3\/wp-json\/wp\/v2\/product_tag?post=7418"}],"curies":[{"name":"wp","href":"https:\/\/api.w.org\/{rel}","templated":true}]}}