{"id":7416,"date":"2023-12-15T00:43:41","date_gmt":"2023-12-15T03:43:41","guid":{"rendered":"https:\/\/ponteseditores.com.br\/loja3\/pontes-editores-home-2__trashed\/sem%20categoria\/liberdade-e-escravidao-na-antiguidade-classica\/"},"modified":"2024-05-31T09:11:36","modified_gmt":"2024-05-31T12:11:36","slug":"liberdade-e-escravidao-na-antiguidade-classica","status":"publish","type":"product","link":"https:\/\/ponteseditores.com.br\/loja3\/pontes-editores-home-2__trashed\/filosofia\/liberdade-e-escravidao-na-antiguidade-classica\/","title":{"rendered":"LIBERDADE E ESCRAVID\u00c3O NA ANTIGUIDADE CL\u00c1SSICA"},"content":{"rendered":"<p>A abordagem interdisciplinar dos conceitos de liberdade e escravid\u00e3o na Antiguidade Cl\u00e1ssica \u00e9 a principal caracter\u00edstica deste livro. Ele \u00e9 resultado dos trabalhos apresentados por pesquisadores de Hist\u00f3ria, Filosofia Antiga e Letras Cl\u00e1ssicas no VII Semin\u00e1rio do N\u00facleo de Estudos Cl\u00e1ssicos da Universidade de Bras\u00edlia, ocorrido em novembro de 2018 com o apoio financeiro da Fap-DF nas instala\u00e7\u00f5es do Audit\u00f3rio Darcy Ribeiro. Os trabalhos aqui reunidos exploram a compreens\u00e3o dos conceitos de liberdade e escravid\u00e3o por autores antigos (entre os quais destacam-se Plat\u00e3o, Arist\u00f3teles, Dem\u00f3stenes, Apolodoro, L\u00edsias e Heliodoro) e o espa\u00e7o simb\u00f3lico em que esses conceitos se deslocam. N\u00e3o faltam testemunhos sobre a situa\u00e7\u00e3o da mulher e do escravo, o que demonstra a preocupa\u00e7\u00e3o de se redimensionar as rela\u00e7\u00f5es sociais na Antiguidade para al\u00e9m das figuras dos grandes l\u00edderes pol\u00edticos, generais e conquistadores de novos territ\u00f3rios. Da mesma forma, a perspectiva religiosa dos conceitos oferece a possibilidade de se compreender em que medida liberdade e escravid\u00e3o s\u00e3o problemas essenciais para as sociedades antigas. Por fim, explora-se a performance de poetas e prosadores antigos cuja obra retrata os valores essenciais dessas sociedades. Foram muitos os respons\u00e1veis para o sucesso desta publica\u00e7\u00e3o: a eles devotamos nosso agradecimento e, ao leitor, expressamos nosso desejo de que este livro lhe abra portas para refletir sobre os limites conceituais de liberdade e escravid\u00e3o em nossos tempos.<\/p>\n","protected":false},"excerpt":{"rendered":"<p>A abordagem interdisciplinar dos conceitos de liberdade e escravid\u00e3o na Antiguidade Cl\u00e1ssica \u00e9 a principal caracter\u00edstica deste livro. Ele \u00e9 resultado dos trabalhos apresentados por pesquisadores de Hist\u00f3ria, Filosofia Antiga e Letras Cl\u00e1ssicas no VII Semin\u00e1rio do N\u00facleo de Estudos Cl\u00e1ssicos da Universidade de Bras\u00edlia, ocorrido em novembro de 2018 com o apoio financeiro da [&hellip;]<\/p>\n","protected":false},"featured_media":7415,"comment_status":"open","ping_status":"closed","template":"","meta":{"_joinchat":[]},"product_brand":[],"product_cat":[272,273],"product_tag":[],"class_list":{"0":"post-7416","1":"product","2":"type-product","3":"status-publish","4":"has-post-thumbnail","6":"product_cat-filosofia","7":"product_cat-historia","8":"product_shipping_class-livro-pontes-editores-fisico","10":"first","11":"instock","12":"shipping-taxable","13":"purchasable","14":"product-type-simple"},"yoast_head":"<!-- This site is optimized with the Yoast SEO plugin v27.4 - https:\/\/yoast.com\/product\/yoast-seo-wordpress\/ -->\n<title>LIBERDADE E ESCRAVID\u00c3O NA ANTIGUIDADE CL\u00c1SSICA - Pontes Editores<\/title>\n<meta name=\"robots\" content=\"index, follow, max-snippet:-1, max-image-preview:large, max-video-preview:-1\" \/>\n<link rel=\"canonical\" href=\"https:\/\/ponteseditores.com.br\/loja3\/pontes-editores-home-2__trashed\/filosofia\/liberdade-e-escravidao-na-antiguidade-classica\/\" \/>\n<meta property=\"og:locale\" content=\"pt_BR\" \/>\n<meta property=\"og:type\" content=\"article\" \/>\n<meta property=\"og:title\" content=\"LIBERDADE E ESCRAVID\u00c3O NA ANTIGUIDADE CL\u00c1SSICA - Pontes Editores\" \/>\n<meta property=\"og:description\" content=\"A abordagem interdisciplinar dos conceitos de liberdade e escravid\u00e3o na Antiguidade Cl\u00e1ssica \u00e9 a principal caracter\u00edstica deste livro. Ele \u00e9 resultado dos trabalhos apresentados por pesquisadores de Hist\u00f3ria, Filosofia Antiga e Letras Cl\u00e1ssicas no VII Semin\u00e1rio do N\u00facleo de Estudos Cl\u00e1ssicos da Universidade de Bras\u00edlia, ocorrido em novembro de 2018 com o apoio financeiro da [&hellip;]\" \/>\n<meta property=\"og:url\" content=\"https:\/\/ponteseditores.com.br\/loja3\/pontes-editores-home-2__trashed\/filosofia\/liberdade-e-escravidao-na-antiguidade-classica\/\" \/>\n<meta property=\"og:site_name\" content=\"Pontes Editores\" \/>\n<meta property=\"article:modified_time\" content=\"2024-05-31T12:11:36+00:00\" \/>\n<meta property=\"og:image\" content=\"https:\/\/ponteseditores.com.br\/loja3\/wp-content\/uploads\/2023\/12\/capa20liberdade.jpg\" \/>\n\t<meta property=\"og:image:width\" content=\"513\" \/>\n\t<meta property=\"og:image:height\" content=\"768\" \/>\n\t<meta property=\"og:image:type\" content=\"image\/jpeg\" \/>\n<meta name=\"twitter:card\" content=\"summary_large_image\" \/>\n<meta name=\"twitter:label1\" content=\"Est. tempo de leitura\" \/>\n\t<meta name=\"twitter:data1\" content=\"1 minuto\" \/>\n<script type=\"application\/ld+json\" class=\"yoast-schema-graph\">{\"@context\":\"https:\\\/\\\/schema.org\",\"@graph\":[{\"@type\":\"WebPage\",\"@id\":\"https:\\\/\\\/ponteseditores.com.br\\\/loja3\\\/pontes-editores-home-2__trashed\\\/filosofia\\\/liberdade-e-escravidao-na-antiguidade-classica\\\/\",\"url\":\"https:\\\/\\\/ponteseditores.com.br\\\/loja3\\\/pontes-editores-home-2__trashed\\\/filosofia\\\/liberdade-e-escravidao-na-antiguidade-classica\\\/\",\"name\":\"LIBERDADE E ESCRAVID\u00c3O NA ANTIGUIDADE CL\u00c1SSICA - Pontes Editores\",\"isPartOf\":{\"@id\":\"https:\\\/\\\/ponteseditores.com.br\\\/loja3\\\/#website\"},\"primaryImageOfPage\":{\"@id\":\"https:\\\/\\\/ponteseditores.com.br\\\/loja3\\\/pontes-editores-home-2__trashed\\\/filosofia\\\/liberdade-e-escravidao-na-antiguidade-classica\\\/#primaryimage\"},\"image\":{\"@id\":\"https:\\\/\\\/ponteseditores.com.br\\\/loja3\\\/pontes-editores-home-2__trashed\\\/filosofia\\\/liberdade-e-escravidao-na-antiguidade-classica\\\/#primaryimage\"},\"thumbnailUrl\":\"https:\\\/\\\/ponteseditores.com.br\\\/loja3\\\/wp-content\\\/uploads\\\/2023\\\/12\\\/capa20liberdade.jpg\",\"datePublished\":\"2023-12-15T03:43:41+00:00\",\"dateModified\":\"2024-05-31T12:11:36+00:00\",\"breadcrumb\":{\"@id\":\"https:\\\/\\\/ponteseditores.com.br\\\/loja3\\\/pontes-editores-home-2__trashed\\\/filosofia\\\/liberdade-e-escravidao-na-antiguidade-classica\\\/#breadcrumb\"},\"inLanguage\":\"pt-BR\",\"potentialAction\":[{\"@type\":\"ReadAction\",\"target\":[\"https:\\\/\\\/ponteseditores.com.br\\\/loja3\\\/pontes-editores-home-2__trashed\\\/filosofia\\\/liberdade-e-escravidao-na-antiguidade-classica\\\/\"]}]},{\"@type\":\"ImageObject\",\"inLanguage\":\"pt-BR\",\"@id\":\"https:\\\/\\\/ponteseditores.com.br\\\/loja3\\\/pontes-editores-home-2__trashed\\\/filosofia\\\/liberdade-e-escravidao-na-antiguidade-classica\\\/#primaryimage\",\"url\":\"https:\\\/\\\/ponteseditores.com.br\\\/loja3\\\/wp-content\\\/uploads\\\/2023\\\/12\\\/capa20liberdade.jpg\",\"contentUrl\":\"https:\\\/\\\/ponteseditores.com.br\\\/loja3\\\/wp-content\\\/uploads\\\/2023\\\/12\\\/capa20liberdade.jpg\",\"width\":513,\"height\":768},{\"@type\":\"BreadcrumbList\",\"@id\":\"https:\\\/\\\/ponteseditores.com.br\\\/loja3\\\/pontes-editores-home-2__trashed\\\/filosofia\\\/liberdade-e-escravidao-na-antiguidade-classica\\\/#breadcrumb\",\"itemListElement\":[{\"@type\":\"ListItem\",\"position\":1,\"name\":\"Home\",\"item\":\"https:\\\/\\\/ponteseditores.com.br\\\/loja3\\\/\"},{\"@type\":\"ListItem\",\"position\":2,\"name\":\"loja\",\"item\":\"https:\\\/\\\/ponteseditores.com.br\\\/loja3\\\/loja\\\/\"},{\"@type\":\"ListItem\",\"position\":3,\"name\":\"LIBERDADE E ESCRAVID\u00c3O NA ANTIGUIDADE CL\u00c1SSICA\"}]},{\"@type\":\"WebSite\",\"@id\":\"https:\\\/\\\/ponteseditores.com.br\\\/loja3\\\/#website\",\"url\":\"https:\\\/\\\/ponteseditores.com.br\\\/loja3\\\/\",\"name\":\"Pontes Editores\",\"description\":\"Pontes Editores\",\"publisher\":{\"@id\":\"https:\\\/\\\/ponteseditores.com.br\\\/loja3\\\/#organization\"},\"potentialAction\":[{\"@type\":\"SearchAction\",\"target\":{\"@type\":\"EntryPoint\",\"urlTemplate\":\"https:\\\/\\\/ponteseditores.com.br\\\/loja3\\\/?s={search_term_string}\"},\"query-input\":{\"@type\":\"PropertyValueSpecification\",\"valueRequired\":true,\"valueName\":\"search_term_string\"}}],\"inLanguage\":\"pt-BR\"},{\"@type\":\"Organization\",\"@id\":\"https:\\\/\\\/ponteseditores.com.br\\\/loja3\\\/#organization\",\"name\":\"Pontes Editores\",\"url\":\"https:\\\/\\\/ponteseditores.com.br\\\/loja3\\\/\",\"logo\":{\"@type\":\"ImageObject\",\"inLanguage\":\"pt-BR\",\"@id\":\"https:\\\/\\\/ponteseditores.com.br\\\/loja3\\\/#\\\/schema\\\/logo\\\/image\\\/\",\"url\":\"https:\\\/\\\/ponteseditores.com.br\\\/loja3\\\/wp-content\\\/uploads\\\/2023\\\/12\\\/logo-pontes-editores-v2.png\",\"contentUrl\":\"https:\\\/\\\/ponteseditores.com.br\\\/loja3\\\/wp-content\\\/uploads\\\/2023\\\/12\\\/logo-pontes-editores-v2.png\",\"width\":258,\"height\":100,\"caption\":\"Pontes Editores\"},\"image\":{\"@id\":\"https:\\\/\\\/ponteseditores.com.br\\\/loja3\\\/#\\\/schema\\\/logo\\\/image\\\/\"}}]}<\/script>\n<!-- \/ Yoast SEO plugin. -->","yoast_head_json":{"title":"LIBERDADE E ESCRAVID\u00c3O NA ANTIGUIDADE CL\u00c1SSICA - Pontes Editores","robots":{"index":"index","follow":"follow","max-snippet":"max-snippet:-1","max-image-preview":"max-image-preview:large","max-video-preview":"max-video-preview:-1"},"canonical":"https:\/\/ponteseditores.com.br\/loja3\/pontes-editores-home-2__trashed\/filosofia\/liberdade-e-escravidao-na-antiguidade-classica\/","og_locale":"pt_BR","og_type":"article","og_title":"LIBERDADE E ESCRAVID\u00c3O NA ANTIGUIDADE CL\u00c1SSICA - Pontes Editores","og_description":"A abordagem interdisciplinar dos conceitos de liberdade e escravid\u00e3o na Antiguidade Cl\u00e1ssica \u00e9 a principal caracter\u00edstica deste livro. Ele \u00e9 resultado dos trabalhos apresentados por pesquisadores de Hist\u00f3ria, Filosofia Antiga e Letras Cl\u00e1ssicas no VII Semin\u00e1rio do N\u00facleo de Estudos Cl\u00e1ssicos da Universidade de Bras\u00edlia, ocorrido em novembro de 2018 com o apoio financeiro da [&hellip;]","og_url":"https:\/\/ponteseditores.com.br\/loja3\/pontes-editores-home-2__trashed\/filosofia\/liberdade-e-escravidao-na-antiguidade-classica\/","og_site_name":"Pontes Editores","article_modified_time":"2024-05-31T12:11:36+00:00","og_image":[{"width":513,"height":768,"url":"https:\/\/ponteseditores.com.br\/loja3\/wp-content\/uploads\/2023\/12\/capa20liberdade.jpg","type":"image\/jpeg"}],"twitter_card":"summary_large_image","twitter_misc":{"Est. tempo de leitura":"1 minuto"},"schema":{"@context":"https:\/\/schema.org","@graph":[{"@type":"WebPage","@id":"https:\/\/ponteseditores.com.br\/loja3\/pontes-editores-home-2__trashed\/filosofia\/liberdade-e-escravidao-na-antiguidade-classica\/","url":"https:\/\/ponteseditores.com.br\/loja3\/pontes-editores-home-2__trashed\/filosofia\/liberdade-e-escravidao-na-antiguidade-classica\/","name":"LIBERDADE E ESCRAVID\u00c3O NA ANTIGUIDADE CL\u00c1SSICA - Pontes Editores","isPartOf":{"@id":"https:\/\/ponteseditores.com.br\/loja3\/#website"},"primaryImageOfPage":{"@id":"https:\/\/ponteseditores.com.br\/loja3\/pontes-editores-home-2__trashed\/filosofia\/liberdade-e-escravidao-na-antiguidade-classica\/#primaryimage"},"image":{"@id":"https:\/\/ponteseditores.com.br\/loja3\/pontes-editores-home-2__trashed\/filosofia\/liberdade-e-escravidao-na-antiguidade-classica\/#primaryimage"},"thumbnailUrl":"https:\/\/ponteseditores.com.br\/loja3\/wp-content\/uploads\/2023\/12\/capa20liberdade.jpg","datePublished":"2023-12-15T03:43:41+00:00","dateModified":"2024-05-31T12:11:36+00:00","breadcrumb":{"@id":"https:\/\/ponteseditores.com.br\/loja3\/pontes-editores-home-2__trashed\/filosofia\/liberdade-e-escravidao-na-antiguidade-classica\/#breadcrumb"},"inLanguage":"pt-BR","potentialAction":[{"@type":"ReadAction","target":["https:\/\/ponteseditores.com.br\/loja3\/pontes-editores-home-2__trashed\/filosofia\/liberdade-e-escravidao-na-antiguidade-classica\/"]}]},{"@type":"ImageObject","inLanguage":"pt-BR","@id":"https:\/\/ponteseditores.com.br\/loja3\/pontes-editores-home-2__trashed\/filosofia\/liberdade-e-escravidao-na-antiguidade-classica\/#primaryimage","url":"https:\/\/ponteseditores.com.br\/loja3\/wp-content\/uploads\/2023\/12\/capa20liberdade.jpg","contentUrl":"https:\/\/ponteseditores.com.br\/loja3\/wp-content\/uploads\/2023\/12\/capa20liberdade.jpg","width":513,"height":768},{"@type":"BreadcrumbList","@id":"https:\/\/ponteseditores.com.br\/loja3\/pontes-editores-home-2__trashed\/filosofia\/liberdade-e-escravidao-na-antiguidade-classica\/#breadcrumb","itemListElement":[{"@type":"ListItem","position":1,"name":"Home","item":"https:\/\/ponteseditores.com.br\/loja3\/"},{"@type":"ListItem","position":2,"name":"loja","item":"https:\/\/ponteseditores.com.br\/loja3\/loja\/"},{"@type":"ListItem","position":3,"name":"LIBERDADE E ESCRAVID\u00c3O NA ANTIGUIDADE CL\u00c1SSICA"}]},{"@type":"WebSite","@id":"https:\/\/ponteseditores.com.br\/loja3\/#website","url":"https:\/\/ponteseditores.com.br\/loja3\/","name":"Pontes Editores","description":"Pontes Editores","publisher":{"@id":"https:\/\/ponteseditores.com.br\/loja3\/#organization"},"potentialAction":[{"@type":"SearchAction","target":{"@type":"EntryPoint","urlTemplate":"https:\/\/ponteseditores.com.br\/loja3\/?s={search_term_string}"},"query-input":{"@type":"PropertyValueSpecification","valueRequired":true,"valueName":"search_term_string"}}],"inLanguage":"pt-BR"},{"@type":"Organization","@id":"https:\/\/ponteseditores.com.br\/loja3\/#organization","name":"Pontes Editores","url":"https:\/\/ponteseditores.com.br\/loja3\/","logo":{"@type":"ImageObject","inLanguage":"pt-BR","@id":"https:\/\/ponteseditores.com.br\/loja3\/#\/schema\/logo\/image\/","url":"https:\/\/ponteseditores.com.br\/loja3\/wp-content\/uploads\/2023\/12\/logo-pontes-editores-v2.png","contentUrl":"https:\/\/ponteseditores.com.br\/loja3\/wp-content\/uploads\/2023\/12\/logo-pontes-editores-v2.png","width":258,"height":100,"caption":"Pontes Editores"},"image":{"@id":"https:\/\/ponteseditores.com.br\/loja3\/#\/schema\/logo\/image\/"}}]}},"_links":{"self":[{"href":"https:\/\/ponteseditores.com.br\/loja3\/wp-json\/wp\/v2\/product\/7416","targetHints":{"allow":["GET"]}}],"collection":[{"href":"https:\/\/ponteseditores.com.br\/loja3\/wp-json\/wp\/v2\/product"}],"about":[{"href":"https:\/\/ponteseditores.com.br\/loja3\/wp-json\/wp\/v2\/types\/product"}],"replies":[{"embeddable":true,"href":"https:\/\/ponteseditores.com.br\/loja3\/wp-json\/wp\/v2\/comments?post=7416"}],"version-history":[{"count":0,"href":"https:\/\/ponteseditores.com.br\/loja3\/wp-json\/wp\/v2\/product\/7416\/revisions"}],"wp:featuredmedia":[{"embeddable":true,"href":"https:\/\/ponteseditores.com.br\/loja3\/wp-json\/wp\/v2\/media\/7415"}],"wp:attachment":[{"href":"https:\/\/ponteseditores.com.br\/loja3\/wp-json\/wp\/v2\/media?parent=7416"}],"wp:term":[{"taxonomy":"product_brand","embeddable":true,"href":"https:\/\/ponteseditores.com.br\/loja3\/wp-json\/wp\/v2\/product_brand?post=7416"},{"taxonomy":"product_cat","embeddable":true,"href":"https:\/\/ponteseditores.com.br\/loja3\/wp-json\/wp\/v2\/product_cat?post=7416"},{"taxonomy":"product_tag","embeddable":true,"href":"https:\/\/ponteseditores.com.br\/loja3\/wp-json\/wp\/v2\/product_tag?post=7416"}],"curies":[{"name":"wp","href":"https:\/\/api.w.org\/{rel}","templated":true}]}}