{"id":7404,"date":"2023-12-15T00:43:31","date_gmt":"2023-12-15T03:43:31","guid":{"rendered":"https:\/\/ponteseditores.com.br\/loja3\/pontes-editores-home-2__trashed\/sem%20categoria\/estado-de-excecao-e-politicas-punitivas-na-sociedade-contemporanea\/"},"modified":"2023-12-15T12:12:41","modified_gmt":"2023-12-15T15:12:41","slug":"estado-de-excecao-e-politicas-punitivas-na-sociedade-contemporanea","status":"publish","type":"product","link":"https:\/\/ponteseditores.com.br\/loja3\/pontes-editores-home-2__trashed\/sociologia\/estado-de-excecao-e-politicas-punitivas-na-sociedade-contemporanea\/","title":{"rendered":"ESTADO DE EXCE\u00c7\u00c3O E POL\u00cdTICAS PUNITIVAS NA SOCIEDADE CONTEMPOR\u00c2NEA"},"content":{"rendered":"<p>A publica\u00e7\u00e3o dos trabalhos aqui organizados em forma de livro \u2013 na Cole\u00e7\u00e3o Sociedade e Pol\u00edtica P\u00fablica, 2 &#8211; contou com financiamento da FUNCAP\/CAPES e s\u00e3o resultados de pesquisas e escritos apresentados no I Col\u00f3quio em Biopol\u00edtica e Estado Penal, em maio de 2017. Este primeiro col\u00f3quio foi constitu\u00eddo por confer\u00eancias, mesas redondas, oficinas, exposi\u00e7\u00f5es fotogr\u00e1ficas e de v\u00eddeo, momento em que se buscou compreender, aprofundar por meio do debate os temas apresentados \u00e0 comunidade acad\u00eamica, aos demais profissionais e \u00e0 sociedade em geral. Participaram como expositores pesquisadores e professores de institui\u00e7\u00f5es de ensino superior e outras com as quais os laborat\u00f3rios e grupos de pesquisa da Universidade Estadual do Cear\u00e1(UECE) mantem parcerias como os da Universidade Federal do Cear\u00e1(UFC), Universidade da Integra\u00e7\u00e3o Internacional da Lusofonia Afro-Brasileira(Unilab), Instituto Federa do Cear\u00e1(IFCE), Universidade Federal de Goi\u00e1s(UFG),Universidade do Vale dos Sinos (UNISSINOS), Centro Universit\u00e1rio Tiradentes de Alagoas (UNIT\/AL) e Defensoria P\u00fablica do Estado do Cear\u00e1( DPEC). O evento possibilitou assim a constru\u00e7\u00e3o de uma rede de di\u00e1logos entre pesquisadores, grupos e laborat\u00f3rios de pesquisa por meio de discuss\u00f5es, an\u00e1lises e exposi\u00e7\u00f5es dos seus objetos de estudo, mais especificamente, das suas conex\u00f5es, transversalidades e paradoxos.<\/p>\n","protected":false},"excerpt":{"rendered":"<p>A publica\u00e7\u00e3o dos trabalhos aqui organizados em forma de livro \u2013 na Cole\u00e7\u00e3o Sociedade e Pol\u00edtica P\u00fablica, 2 &#8211; contou com financiamento da FUNCAP\/CAPES e s\u00e3o resultados de pesquisas e escritos apresentados no I Col\u00f3quio em Biopol\u00edtica e Estado Penal, em maio de 2017. Este primeiro col\u00f3quio foi constitu\u00eddo por confer\u00eancias, mesas redondas, oficinas, exposi\u00e7\u00f5es [&hellip;]<\/p>\n","protected":false},"featured_media":5676,"comment_status":"open","ping_status":"closed","template":"","meta":{"_joinchat":[]},"product_brand":[],"product_cat":[291,277],"product_tag":[],"class_list":{"0":"post-7404","1":"product","2":"type-product","3":"status-publish","4":"has-post-thumbnail","6":"product_cat-conflitos-sociais","7":"product_cat-sociologia","8":"product_shipping_class-livro-pontes-editores-fisico","10":"first","11":"instock","12":"shipping-taxable","13":"purchasable","14":"product-type-simple"},"yoast_head":"<!-- This site is optimized with the Yoast SEO plugin v27.4 - https:\/\/yoast.com\/product\/yoast-seo-wordpress\/ -->\n<title>ESTADO DE EXCE\u00c7\u00c3O E POL\u00cdTICAS PUNITIVAS NA SOCIEDADE CONTEMPOR\u00c2NEA - Pontes Editores<\/title>\n<meta name=\"robots\" content=\"index, follow, max-snippet:-1, max-image-preview:large, max-video-preview:-1\" \/>\n<link rel=\"canonical\" href=\"https:\/\/ponteseditores.com.br\/loja3\/pontes-editores-home-2__trashed\/sociologia\/estado-de-excecao-e-politicas-punitivas-na-sociedade-contemporanea\/\" \/>\n<meta property=\"og:locale\" content=\"pt_BR\" \/>\n<meta property=\"og:type\" content=\"article\" \/>\n<meta property=\"og:title\" content=\"ESTADO DE EXCE\u00c7\u00c3O E POL\u00cdTICAS PUNITIVAS NA SOCIEDADE CONTEMPOR\u00c2NEA - Pontes Editores\" \/>\n<meta property=\"og:description\" content=\"A publica\u00e7\u00e3o dos trabalhos aqui organizados em forma de livro \u2013 na Cole\u00e7\u00e3o Sociedade e Pol\u00edtica P\u00fablica, 2 &#8211; contou com financiamento da FUNCAP\/CAPES e s\u00e3o resultados de pesquisas e escritos apresentados no I Col\u00f3quio em Biopol\u00edtica e Estado Penal, em maio de 2017. Este primeiro col\u00f3quio foi constitu\u00eddo por confer\u00eancias, mesas redondas, oficinas, exposi\u00e7\u00f5es [&hellip;]\" \/>\n<meta property=\"og:url\" content=\"https:\/\/ponteseditores.com.br\/loja3\/pontes-editores-home-2__trashed\/sociologia\/estado-de-excecao-e-politicas-punitivas-na-sociedade-contemporanea\/\" \/>\n<meta property=\"og:site_name\" content=\"Pontes Editores\" \/>\n<meta property=\"article:modified_time\" content=\"2023-12-15T15:12:41+00:00\" \/>\n<meta property=\"og:image\" content=\"https:\/\/ponteseditores.com.br\/loja3\/wp-content\/uploads\/2023\/12\/est1-1.jpg\" \/>\n\t<meta property=\"og:image:width\" content=\"479\" \/>\n\t<meta property=\"og:image:height\" content=\"768\" \/>\n\t<meta property=\"og:image:type\" content=\"image\/jpeg\" \/>\n<meta name=\"twitter:card\" content=\"summary_large_image\" \/>\n<meta name=\"twitter:label1\" content=\"Est. tempo de leitura\" \/>\n\t<meta name=\"twitter:data1\" content=\"1 minuto\" \/>\n<script type=\"application\/ld+json\" class=\"yoast-schema-graph\">{\"@context\":\"https:\\\/\\\/schema.org\",\"@graph\":[{\"@type\":\"WebPage\",\"@id\":\"https:\\\/\\\/ponteseditores.com.br\\\/loja3\\\/pontes-editores-home-2__trashed\\\/sociologia\\\/estado-de-excecao-e-politicas-punitivas-na-sociedade-contemporanea\\\/\",\"url\":\"https:\\\/\\\/ponteseditores.com.br\\\/loja3\\\/pontes-editores-home-2__trashed\\\/sociologia\\\/estado-de-excecao-e-politicas-punitivas-na-sociedade-contemporanea\\\/\",\"name\":\"ESTADO DE EXCE\u00c7\u00c3O E POL\u00cdTICAS PUNITIVAS NA SOCIEDADE CONTEMPOR\u00c2NEA - Pontes Editores\",\"isPartOf\":{\"@id\":\"https:\\\/\\\/ponteseditores.com.br\\\/loja3\\\/#website\"},\"primaryImageOfPage\":{\"@id\":\"https:\\\/\\\/ponteseditores.com.br\\\/loja3\\\/pontes-editores-home-2__trashed\\\/sociologia\\\/estado-de-excecao-e-politicas-punitivas-na-sociedade-contemporanea\\\/#primaryimage\"},\"image\":{\"@id\":\"https:\\\/\\\/ponteseditores.com.br\\\/loja3\\\/pontes-editores-home-2__trashed\\\/sociologia\\\/estado-de-excecao-e-politicas-punitivas-na-sociedade-contemporanea\\\/#primaryimage\"},\"thumbnailUrl\":\"https:\\\/\\\/ponteseditores.com.br\\\/loja3\\\/wp-content\\\/uploads\\\/2023\\\/12\\\/est1-1.jpg\",\"datePublished\":\"2023-12-15T03:43:31+00:00\",\"dateModified\":\"2023-12-15T15:12:41+00:00\",\"breadcrumb\":{\"@id\":\"https:\\\/\\\/ponteseditores.com.br\\\/loja3\\\/pontes-editores-home-2__trashed\\\/sociologia\\\/estado-de-excecao-e-politicas-punitivas-na-sociedade-contemporanea\\\/#breadcrumb\"},\"inLanguage\":\"pt-BR\",\"potentialAction\":[{\"@type\":\"ReadAction\",\"target\":[\"https:\\\/\\\/ponteseditores.com.br\\\/loja3\\\/pontes-editores-home-2__trashed\\\/sociologia\\\/estado-de-excecao-e-politicas-punitivas-na-sociedade-contemporanea\\\/\"]}]},{\"@type\":\"ImageObject\",\"inLanguage\":\"pt-BR\",\"@id\":\"https:\\\/\\\/ponteseditores.com.br\\\/loja3\\\/pontes-editores-home-2__trashed\\\/sociologia\\\/estado-de-excecao-e-politicas-punitivas-na-sociedade-contemporanea\\\/#primaryimage\",\"url\":\"https:\\\/\\\/ponteseditores.com.br\\\/loja3\\\/wp-content\\\/uploads\\\/2023\\\/12\\\/est1-1.jpg\",\"contentUrl\":\"https:\\\/\\\/ponteseditores.com.br\\\/loja3\\\/wp-content\\\/uploads\\\/2023\\\/12\\\/est1-1.jpg\",\"width\":479,\"height\":768},{\"@type\":\"BreadcrumbList\",\"@id\":\"https:\\\/\\\/ponteseditores.com.br\\\/loja3\\\/pontes-editores-home-2__trashed\\\/sociologia\\\/estado-de-excecao-e-politicas-punitivas-na-sociedade-contemporanea\\\/#breadcrumb\",\"itemListElement\":[{\"@type\":\"ListItem\",\"position\":1,\"name\":\"Home\",\"item\":\"https:\\\/\\\/ponteseditores.com.br\\\/loja3\\\/\"},{\"@type\":\"ListItem\",\"position\":2,\"name\":\"loja\",\"item\":\"https:\\\/\\\/ponteseditores.com.br\\\/loja3\\\/loja\\\/\"},{\"@type\":\"ListItem\",\"position\":3,\"name\":\"ESTADO DE EXCE\u00c7\u00c3O E POL\u00cdTICAS PUNITIVAS NA SOCIEDADE CONTEMPOR\u00c2NEA\"}]},{\"@type\":\"WebSite\",\"@id\":\"https:\\\/\\\/ponteseditores.com.br\\\/loja3\\\/#website\",\"url\":\"https:\\\/\\\/ponteseditores.com.br\\\/loja3\\\/\",\"name\":\"Pontes Editores\",\"description\":\"Pontes Editores\",\"publisher\":{\"@id\":\"https:\\\/\\\/ponteseditores.com.br\\\/loja3\\\/#organization\"},\"potentialAction\":[{\"@type\":\"SearchAction\",\"target\":{\"@type\":\"EntryPoint\",\"urlTemplate\":\"https:\\\/\\\/ponteseditores.com.br\\\/loja3\\\/?s={search_term_string}\"},\"query-input\":{\"@type\":\"PropertyValueSpecification\",\"valueRequired\":true,\"valueName\":\"search_term_string\"}}],\"inLanguage\":\"pt-BR\"},{\"@type\":\"Organization\",\"@id\":\"https:\\\/\\\/ponteseditores.com.br\\\/loja3\\\/#organization\",\"name\":\"Pontes Editores\",\"url\":\"https:\\\/\\\/ponteseditores.com.br\\\/loja3\\\/\",\"logo\":{\"@type\":\"ImageObject\",\"inLanguage\":\"pt-BR\",\"@id\":\"https:\\\/\\\/ponteseditores.com.br\\\/loja3\\\/#\\\/schema\\\/logo\\\/image\\\/\",\"url\":\"https:\\\/\\\/ponteseditores.com.br\\\/loja3\\\/wp-content\\\/uploads\\\/2023\\\/12\\\/logo-pontes-editores-v2.png\",\"contentUrl\":\"https:\\\/\\\/ponteseditores.com.br\\\/loja3\\\/wp-content\\\/uploads\\\/2023\\\/12\\\/logo-pontes-editores-v2.png\",\"width\":258,\"height\":100,\"caption\":\"Pontes Editores\"},\"image\":{\"@id\":\"https:\\\/\\\/ponteseditores.com.br\\\/loja3\\\/#\\\/schema\\\/logo\\\/image\\\/\"}}]}<\/script>\n<!-- \/ Yoast SEO plugin. -->","yoast_head_json":{"title":"ESTADO DE EXCE\u00c7\u00c3O E POL\u00cdTICAS PUNITIVAS NA SOCIEDADE CONTEMPOR\u00c2NEA - Pontes Editores","robots":{"index":"index","follow":"follow","max-snippet":"max-snippet:-1","max-image-preview":"max-image-preview:large","max-video-preview":"max-video-preview:-1"},"canonical":"https:\/\/ponteseditores.com.br\/loja3\/pontes-editores-home-2__trashed\/sociologia\/estado-de-excecao-e-politicas-punitivas-na-sociedade-contemporanea\/","og_locale":"pt_BR","og_type":"article","og_title":"ESTADO DE EXCE\u00c7\u00c3O E POL\u00cdTICAS PUNITIVAS NA SOCIEDADE CONTEMPOR\u00c2NEA - Pontes Editores","og_description":"A publica\u00e7\u00e3o dos trabalhos aqui organizados em forma de livro \u2013 na Cole\u00e7\u00e3o Sociedade e Pol\u00edtica P\u00fablica, 2 &#8211; contou com financiamento da FUNCAP\/CAPES e s\u00e3o resultados de pesquisas e escritos apresentados no I Col\u00f3quio em Biopol\u00edtica e Estado Penal, em maio de 2017. Este primeiro col\u00f3quio foi constitu\u00eddo por confer\u00eancias, mesas redondas, oficinas, exposi\u00e7\u00f5es [&hellip;]","og_url":"https:\/\/ponteseditores.com.br\/loja3\/pontes-editores-home-2__trashed\/sociologia\/estado-de-excecao-e-politicas-punitivas-na-sociedade-contemporanea\/","og_site_name":"Pontes Editores","article_modified_time":"2023-12-15T15:12:41+00:00","og_image":[{"width":479,"height":768,"url":"https:\/\/ponteseditores.com.br\/loja3\/wp-content\/uploads\/2023\/12\/est1-1.jpg","type":"image\/jpeg"}],"twitter_card":"summary_large_image","twitter_misc":{"Est. tempo de leitura":"1 minuto"},"schema":{"@context":"https:\/\/schema.org","@graph":[{"@type":"WebPage","@id":"https:\/\/ponteseditores.com.br\/loja3\/pontes-editores-home-2__trashed\/sociologia\/estado-de-excecao-e-politicas-punitivas-na-sociedade-contemporanea\/","url":"https:\/\/ponteseditores.com.br\/loja3\/pontes-editores-home-2__trashed\/sociologia\/estado-de-excecao-e-politicas-punitivas-na-sociedade-contemporanea\/","name":"ESTADO DE EXCE\u00c7\u00c3O E POL\u00cdTICAS PUNITIVAS NA SOCIEDADE CONTEMPOR\u00c2NEA - Pontes Editores","isPartOf":{"@id":"https:\/\/ponteseditores.com.br\/loja3\/#website"},"primaryImageOfPage":{"@id":"https:\/\/ponteseditores.com.br\/loja3\/pontes-editores-home-2__trashed\/sociologia\/estado-de-excecao-e-politicas-punitivas-na-sociedade-contemporanea\/#primaryimage"},"image":{"@id":"https:\/\/ponteseditores.com.br\/loja3\/pontes-editores-home-2__trashed\/sociologia\/estado-de-excecao-e-politicas-punitivas-na-sociedade-contemporanea\/#primaryimage"},"thumbnailUrl":"https:\/\/ponteseditores.com.br\/loja3\/wp-content\/uploads\/2023\/12\/est1-1.jpg","datePublished":"2023-12-15T03:43:31+00:00","dateModified":"2023-12-15T15:12:41+00:00","breadcrumb":{"@id":"https:\/\/ponteseditores.com.br\/loja3\/pontes-editores-home-2__trashed\/sociologia\/estado-de-excecao-e-politicas-punitivas-na-sociedade-contemporanea\/#breadcrumb"},"inLanguage":"pt-BR","potentialAction":[{"@type":"ReadAction","target":["https:\/\/ponteseditores.com.br\/loja3\/pontes-editores-home-2__trashed\/sociologia\/estado-de-excecao-e-politicas-punitivas-na-sociedade-contemporanea\/"]}]},{"@type":"ImageObject","inLanguage":"pt-BR","@id":"https:\/\/ponteseditores.com.br\/loja3\/pontes-editores-home-2__trashed\/sociologia\/estado-de-excecao-e-politicas-punitivas-na-sociedade-contemporanea\/#primaryimage","url":"https:\/\/ponteseditores.com.br\/loja3\/wp-content\/uploads\/2023\/12\/est1-1.jpg","contentUrl":"https:\/\/ponteseditores.com.br\/loja3\/wp-content\/uploads\/2023\/12\/est1-1.jpg","width":479,"height":768},{"@type":"BreadcrumbList","@id":"https:\/\/ponteseditores.com.br\/loja3\/pontes-editores-home-2__trashed\/sociologia\/estado-de-excecao-e-politicas-punitivas-na-sociedade-contemporanea\/#breadcrumb","itemListElement":[{"@type":"ListItem","position":1,"name":"Home","item":"https:\/\/ponteseditores.com.br\/loja3\/"},{"@type":"ListItem","position":2,"name":"loja","item":"https:\/\/ponteseditores.com.br\/loja3\/loja\/"},{"@type":"ListItem","position":3,"name":"ESTADO DE EXCE\u00c7\u00c3O E POL\u00cdTICAS PUNITIVAS NA SOCIEDADE CONTEMPOR\u00c2NEA"}]},{"@type":"WebSite","@id":"https:\/\/ponteseditores.com.br\/loja3\/#website","url":"https:\/\/ponteseditores.com.br\/loja3\/","name":"Pontes Editores","description":"Pontes Editores","publisher":{"@id":"https:\/\/ponteseditores.com.br\/loja3\/#organization"},"potentialAction":[{"@type":"SearchAction","target":{"@type":"EntryPoint","urlTemplate":"https:\/\/ponteseditores.com.br\/loja3\/?s={search_term_string}"},"query-input":{"@type":"PropertyValueSpecification","valueRequired":true,"valueName":"search_term_string"}}],"inLanguage":"pt-BR"},{"@type":"Organization","@id":"https:\/\/ponteseditores.com.br\/loja3\/#organization","name":"Pontes Editores","url":"https:\/\/ponteseditores.com.br\/loja3\/","logo":{"@type":"ImageObject","inLanguage":"pt-BR","@id":"https:\/\/ponteseditores.com.br\/loja3\/#\/schema\/logo\/image\/","url":"https:\/\/ponteseditores.com.br\/loja3\/wp-content\/uploads\/2023\/12\/logo-pontes-editores-v2.png","contentUrl":"https:\/\/ponteseditores.com.br\/loja3\/wp-content\/uploads\/2023\/12\/logo-pontes-editores-v2.png","width":258,"height":100,"caption":"Pontes Editores"},"image":{"@id":"https:\/\/ponteseditores.com.br\/loja3\/#\/schema\/logo\/image\/"}}]}},"_links":{"self":[{"href":"https:\/\/ponteseditores.com.br\/loja3\/wp-json\/wp\/v2\/product\/7404","targetHints":{"allow":["GET"]}}],"collection":[{"href":"https:\/\/ponteseditores.com.br\/loja3\/wp-json\/wp\/v2\/product"}],"about":[{"href":"https:\/\/ponteseditores.com.br\/loja3\/wp-json\/wp\/v2\/types\/product"}],"replies":[{"embeddable":true,"href":"https:\/\/ponteseditores.com.br\/loja3\/wp-json\/wp\/v2\/comments?post=7404"}],"version-history":[{"count":0,"href":"https:\/\/ponteseditores.com.br\/loja3\/wp-json\/wp\/v2\/product\/7404\/revisions"}],"wp:featuredmedia":[{"embeddable":true,"href":"https:\/\/ponteseditores.com.br\/loja3\/wp-json\/wp\/v2\/media\/5676"}],"wp:attachment":[{"href":"https:\/\/ponteseditores.com.br\/loja3\/wp-json\/wp\/v2\/media?parent=7404"}],"wp:term":[{"taxonomy":"product_brand","embeddable":true,"href":"https:\/\/ponteseditores.com.br\/loja3\/wp-json\/wp\/v2\/product_brand?post=7404"},{"taxonomy":"product_cat","embeddable":true,"href":"https:\/\/ponteseditores.com.br\/loja3\/wp-json\/wp\/v2\/product_cat?post=7404"},{"taxonomy":"product_tag","embeddable":true,"href":"https:\/\/ponteseditores.com.br\/loja3\/wp-json\/wp\/v2\/product_tag?post=7404"}],"curies":[{"name":"wp","href":"https:\/\/api.w.org\/{rel}","templated":true}]}}