{"id":7383,"date":"2023-12-15T00:43:20","date_gmt":"2023-12-15T03:43:20","guid":{"rendered":"https:\/\/ponteseditores.com.br\/loja3\/pontes-editores-home-2__trashed\/sem%20categoria\/o-que-contam-estas-mulheres-memoria-e-representacao-na-literatura-latino-americana\/"},"modified":"2026-02-10T11:59:20","modified_gmt":"2026-02-10T14:59:20","slug":"o-que-contam-estas-mulheres-memoria-e-representacao-na-literatura-latino-americana","status":"publish","type":"product","link":"https:\/\/ponteseditores.com.br\/loja3\/pontes-editores-home-2__trashed\/literatura\/o-que-contam-estas-mulheres-memoria-e-representacao-na-literatura-latino-americana\/","title":{"rendered":"O Que Contam estas Mulheres? Mem\u00f3ria e Representa\u00e7\u00e3o na Literatura Latino-Americana"},"content":{"rendered":"<p>O livro intitulado O Que Contam estas Mulheres? Mem\u00f3ria e Representa\u00e7\u00e3o na Literatura Latino-Americana re\u00fane pesquisas<\/p>\n<p>voltadas para a an\u00e1lise de textos de autoria de mulheres, dos s\u00e9culos XIX, XX e XXI, que romperam o sil\u00eancio<\/p>\n<p>por meio da escrita ou da narrativa oral para representar temas caros \u00e0 hist\u00f3ria latino-americana: coloniza\u00e7\u00e3o, ditaduras,<\/p>\n<p>confronto \u00e9tnicos e de rela\u00e7\u00f5es de g\u00eanero. A mulher sempre foi representada no texto liter\u00e1rio nas<\/p>\n<p>figuras de musa, divindade, bruxa, princesa, m\u00e3e, prom\u00edscua, hero\u00edna, vil\u00e3, na maioria das vezes, protagonizando enredos<\/p>\n<p>criados por escritores-homens. A autoria de mulheres, no entanto, \u00e9 uma conquista lenta e \u00e1rdua (que o diga Virg\u00ednia<\/p>\n<p>Wolf, Jane Austen, Joana Prado de Noronha, dentre outras). Por essa raz\u00e3o, a proposta para o presente livro \u00e9 a de reunir<\/p>\n<p>trabalhos que analisem obras liter\u00e1rias por escritoras latino americanas. N\u00e3o delimitamos \u00e9poca nem nacionalidade, interessa-<\/p>\n<p>nos compreender como as vozes femininas se posicionam, a partir do texto ficcional, frente \u00e0s rela\u00e7\u00f5es de g\u00eanero<\/p>\n<p>que marcam socialmente, culturalmente, economicamente e historicamente o lugar da \u201cmulher-mulheres\u201d.<\/p>\n","protected":false},"excerpt":{"rendered":"<p>O livro intitulado O Que Contam estas Mulheres? Mem\u00f3ria e Representa\u00e7\u00e3o na Literatura Latino-Americana re\u00fane pesquisas voltadas para a an\u00e1lise de textos de autoria de mulheres, dos s\u00e9culos XIX, XX e XXI, que romperam o sil\u00eancio por meio da escrita ou da narrativa oral para representar temas caros \u00e0 hist\u00f3ria latino-americana: coloniza\u00e7\u00e3o, ditaduras, confronto \u00e9tnicos [&hellip;]<\/p>\n","protected":false},"featured_media":7382,"comment_status":"open","ping_status":"closed","template":"","meta":{"_joinchat":[]},"product_brand":[],"product_cat":[297,287],"product_tag":[],"class_list":{"0":"post-7383","1":"product","2":"type-product","3":"status-publish","4":"has-post-thumbnail","6":"product_cat-critica-literaria","7":"product_cat-literatura","8":"product_shipping_class-livro-pontes-editores-fisico","10":"first","11":"instock","12":"shipping-taxable","13":"purchasable","14":"product-type-simple"},"yoast_head":"<!-- This site is optimized with the Yoast SEO plugin v27.4 - https:\/\/yoast.com\/product\/yoast-seo-wordpress\/ -->\n<title>O Que Contam estas Mulheres? Mem\u00f3ria e Representa\u00e7\u00e3o na Literatura Latino-Americana - Pontes Editores<\/title>\n<meta name=\"robots\" content=\"index, follow, max-snippet:-1, max-image-preview:large, max-video-preview:-1\" \/>\n<link rel=\"canonical\" href=\"https:\/\/ponteseditores.com.br\/loja3\/pontes-editores-home-2__trashed\/literatura\/o-que-contam-estas-mulheres-memoria-e-representacao-na-literatura-latino-americana\/\" \/>\n<meta property=\"og:locale\" content=\"pt_BR\" \/>\n<meta property=\"og:type\" content=\"article\" \/>\n<meta property=\"og:title\" content=\"O Que Contam estas Mulheres? Mem\u00f3ria e Representa\u00e7\u00e3o na Literatura Latino-Americana - Pontes Editores\" \/>\n<meta property=\"og:description\" content=\"O livro intitulado O Que Contam estas Mulheres? Mem\u00f3ria e Representa\u00e7\u00e3o na Literatura Latino-Americana re\u00fane pesquisas voltadas para a an\u00e1lise de textos de autoria de mulheres, dos s\u00e9culos XIX, XX e XXI, que romperam o sil\u00eancio por meio da escrita ou da narrativa oral para representar temas caros \u00e0 hist\u00f3ria latino-americana: coloniza\u00e7\u00e3o, ditaduras, confronto \u00e9tnicos [&hellip;]\" \/>\n<meta property=\"og:url\" content=\"https:\/\/ponteseditores.com.br\/loja3\/pontes-editores-home-2__trashed\/literatura\/o-que-contam-estas-mulheres-memoria-e-representacao-na-literatura-latino-americana\/\" \/>\n<meta property=\"og:site_name\" content=\"Pontes Editores\" \/>\n<meta property=\"article:modified_time\" content=\"2026-02-10T14:59:20+00:00\" \/>\n<meta property=\"og:image\" content=\"https:\/\/ponteseditores.com.br\/loja3\/wp-content\/uploads\/2023\/12\/capa20o20que20contam20estas20mulheres.jpg\" \/>\n\t<meta property=\"og:image:width\" content=\"945\" \/>\n\t<meta property=\"og:image:height\" content=\"1359\" \/>\n\t<meta property=\"og:image:type\" content=\"image\/jpeg\" \/>\n<meta name=\"twitter:card\" content=\"summary_large_image\" \/>\n<meta name=\"twitter:label1\" content=\"Est. tempo de leitura\" \/>\n\t<meta name=\"twitter:data1\" content=\"1 minuto\" \/>\n<script type=\"application\/ld+json\" class=\"yoast-schema-graph\">{\"@context\":\"https:\\\/\\\/schema.org\",\"@graph\":[{\"@type\":\"WebPage\",\"@id\":\"https:\\\/\\\/ponteseditores.com.br\\\/loja3\\\/pontes-editores-home-2__trashed\\\/literatura\\\/o-que-contam-estas-mulheres-memoria-e-representacao-na-literatura-latino-americana\\\/\",\"url\":\"https:\\\/\\\/ponteseditores.com.br\\\/loja3\\\/pontes-editores-home-2__trashed\\\/literatura\\\/o-que-contam-estas-mulheres-memoria-e-representacao-na-literatura-latino-americana\\\/\",\"name\":\"O Que Contam estas Mulheres? Mem\u00f3ria e Representa\u00e7\u00e3o na Literatura Latino-Americana - Pontes Editores\",\"isPartOf\":{\"@id\":\"https:\\\/\\\/ponteseditores.com.br\\\/loja3\\\/#website\"},\"primaryImageOfPage\":{\"@id\":\"https:\\\/\\\/ponteseditores.com.br\\\/loja3\\\/pontes-editores-home-2__trashed\\\/literatura\\\/o-que-contam-estas-mulheres-memoria-e-representacao-na-literatura-latino-americana\\\/#primaryimage\"},\"image\":{\"@id\":\"https:\\\/\\\/ponteseditores.com.br\\\/loja3\\\/pontes-editores-home-2__trashed\\\/literatura\\\/o-que-contam-estas-mulheres-memoria-e-representacao-na-literatura-latino-americana\\\/#primaryimage\"},\"thumbnailUrl\":\"https:\\\/\\\/ponteseditores.com.br\\\/loja3\\\/wp-content\\\/uploads\\\/2023\\\/12\\\/capa20o20que20contam20estas20mulheres.jpg\",\"datePublished\":\"2023-12-15T03:43:20+00:00\",\"dateModified\":\"2026-02-10T14:59:20+00:00\",\"breadcrumb\":{\"@id\":\"https:\\\/\\\/ponteseditores.com.br\\\/loja3\\\/pontes-editores-home-2__trashed\\\/literatura\\\/o-que-contam-estas-mulheres-memoria-e-representacao-na-literatura-latino-americana\\\/#breadcrumb\"},\"inLanguage\":\"pt-BR\",\"potentialAction\":[{\"@type\":\"ReadAction\",\"target\":[\"https:\\\/\\\/ponteseditores.com.br\\\/loja3\\\/pontes-editores-home-2__trashed\\\/literatura\\\/o-que-contam-estas-mulheres-memoria-e-representacao-na-literatura-latino-americana\\\/\"]}]},{\"@type\":\"ImageObject\",\"inLanguage\":\"pt-BR\",\"@id\":\"https:\\\/\\\/ponteseditores.com.br\\\/loja3\\\/pontes-editores-home-2__trashed\\\/literatura\\\/o-que-contam-estas-mulheres-memoria-e-representacao-na-literatura-latino-americana\\\/#primaryimage\",\"url\":\"https:\\\/\\\/ponteseditores.com.br\\\/loja3\\\/wp-content\\\/uploads\\\/2023\\\/12\\\/capa20o20que20contam20estas20mulheres.jpg\",\"contentUrl\":\"https:\\\/\\\/ponteseditores.com.br\\\/loja3\\\/wp-content\\\/uploads\\\/2023\\\/12\\\/capa20o20que20contam20estas20mulheres.jpg\",\"width\":945,\"height\":1359},{\"@type\":\"BreadcrumbList\",\"@id\":\"https:\\\/\\\/ponteseditores.com.br\\\/loja3\\\/pontes-editores-home-2__trashed\\\/literatura\\\/o-que-contam-estas-mulheres-memoria-e-representacao-na-literatura-latino-americana\\\/#breadcrumb\",\"itemListElement\":[{\"@type\":\"ListItem\",\"position\":1,\"name\":\"Home\",\"item\":\"https:\\\/\\\/ponteseditores.com.br\\\/loja3\\\/\"},{\"@type\":\"ListItem\",\"position\":2,\"name\":\"loja\",\"item\":\"https:\\\/\\\/ponteseditores.com.br\\\/loja3\\\/loja\\\/\"},{\"@type\":\"ListItem\",\"position\":3,\"name\":\"O Que Contam estas Mulheres? Mem\u00f3ria e Representa\u00e7\u00e3o na Literatura Latino-Americana\"}]},{\"@type\":\"WebSite\",\"@id\":\"https:\\\/\\\/ponteseditores.com.br\\\/loja3\\\/#website\",\"url\":\"https:\\\/\\\/ponteseditores.com.br\\\/loja3\\\/\",\"name\":\"Pontes Editores\",\"description\":\"Pontes Editores\",\"publisher\":{\"@id\":\"https:\\\/\\\/ponteseditores.com.br\\\/loja3\\\/#organization\"},\"potentialAction\":[{\"@type\":\"SearchAction\",\"target\":{\"@type\":\"EntryPoint\",\"urlTemplate\":\"https:\\\/\\\/ponteseditores.com.br\\\/loja3\\\/?s={search_term_string}\"},\"query-input\":{\"@type\":\"PropertyValueSpecification\",\"valueRequired\":true,\"valueName\":\"search_term_string\"}}],\"inLanguage\":\"pt-BR\"},{\"@type\":\"Organization\",\"@id\":\"https:\\\/\\\/ponteseditores.com.br\\\/loja3\\\/#organization\",\"name\":\"Pontes Editores\",\"url\":\"https:\\\/\\\/ponteseditores.com.br\\\/loja3\\\/\",\"logo\":{\"@type\":\"ImageObject\",\"inLanguage\":\"pt-BR\",\"@id\":\"https:\\\/\\\/ponteseditores.com.br\\\/loja3\\\/#\\\/schema\\\/logo\\\/image\\\/\",\"url\":\"https:\\\/\\\/ponteseditores.com.br\\\/loja3\\\/wp-content\\\/uploads\\\/2023\\\/12\\\/logo-pontes-editores-v2.png\",\"contentUrl\":\"https:\\\/\\\/ponteseditores.com.br\\\/loja3\\\/wp-content\\\/uploads\\\/2023\\\/12\\\/logo-pontes-editores-v2.png\",\"width\":258,\"height\":100,\"caption\":\"Pontes Editores\"},\"image\":{\"@id\":\"https:\\\/\\\/ponteseditores.com.br\\\/loja3\\\/#\\\/schema\\\/logo\\\/image\\\/\"}}]}<\/script>\n<!-- \/ Yoast SEO plugin. -->","yoast_head_json":{"title":"O Que Contam estas Mulheres? Mem\u00f3ria e Representa\u00e7\u00e3o na Literatura Latino-Americana - Pontes Editores","robots":{"index":"index","follow":"follow","max-snippet":"max-snippet:-1","max-image-preview":"max-image-preview:large","max-video-preview":"max-video-preview:-1"},"canonical":"https:\/\/ponteseditores.com.br\/loja3\/pontes-editores-home-2__trashed\/literatura\/o-que-contam-estas-mulheres-memoria-e-representacao-na-literatura-latino-americana\/","og_locale":"pt_BR","og_type":"article","og_title":"O Que Contam estas Mulheres? Mem\u00f3ria e Representa\u00e7\u00e3o na Literatura Latino-Americana - Pontes Editores","og_description":"O livro intitulado O Que Contam estas Mulheres? Mem\u00f3ria e Representa\u00e7\u00e3o na Literatura Latino-Americana re\u00fane pesquisas voltadas para a an\u00e1lise de textos de autoria de mulheres, dos s\u00e9culos XIX, XX e XXI, que romperam o sil\u00eancio por meio da escrita ou da narrativa oral para representar temas caros \u00e0 hist\u00f3ria latino-americana: coloniza\u00e7\u00e3o, ditaduras, confronto \u00e9tnicos [&hellip;]","og_url":"https:\/\/ponteseditores.com.br\/loja3\/pontes-editores-home-2__trashed\/literatura\/o-que-contam-estas-mulheres-memoria-e-representacao-na-literatura-latino-americana\/","og_site_name":"Pontes Editores","article_modified_time":"2026-02-10T14:59:20+00:00","og_image":[{"width":945,"height":1359,"url":"https:\/\/ponteseditores.com.br\/loja3\/wp-content\/uploads\/2023\/12\/capa20o20que20contam20estas20mulheres.jpg","type":"image\/jpeg"}],"twitter_card":"summary_large_image","twitter_misc":{"Est. tempo de leitura":"1 minuto"},"schema":{"@context":"https:\/\/schema.org","@graph":[{"@type":"WebPage","@id":"https:\/\/ponteseditores.com.br\/loja3\/pontes-editores-home-2__trashed\/literatura\/o-que-contam-estas-mulheres-memoria-e-representacao-na-literatura-latino-americana\/","url":"https:\/\/ponteseditores.com.br\/loja3\/pontes-editores-home-2__trashed\/literatura\/o-que-contam-estas-mulheres-memoria-e-representacao-na-literatura-latino-americana\/","name":"O Que Contam estas Mulheres? Mem\u00f3ria e Representa\u00e7\u00e3o na Literatura Latino-Americana - Pontes Editores","isPartOf":{"@id":"https:\/\/ponteseditores.com.br\/loja3\/#website"},"primaryImageOfPage":{"@id":"https:\/\/ponteseditores.com.br\/loja3\/pontes-editores-home-2__trashed\/literatura\/o-que-contam-estas-mulheres-memoria-e-representacao-na-literatura-latino-americana\/#primaryimage"},"image":{"@id":"https:\/\/ponteseditores.com.br\/loja3\/pontes-editores-home-2__trashed\/literatura\/o-que-contam-estas-mulheres-memoria-e-representacao-na-literatura-latino-americana\/#primaryimage"},"thumbnailUrl":"https:\/\/ponteseditores.com.br\/loja3\/wp-content\/uploads\/2023\/12\/capa20o20que20contam20estas20mulheres.jpg","datePublished":"2023-12-15T03:43:20+00:00","dateModified":"2026-02-10T14:59:20+00:00","breadcrumb":{"@id":"https:\/\/ponteseditores.com.br\/loja3\/pontes-editores-home-2__trashed\/literatura\/o-que-contam-estas-mulheres-memoria-e-representacao-na-literatura-latino-americana\/#breadcrumb"},"inLanguage":"pt-BR","potentialAction":[{"@type":"ReadAction","target":["https:\/\/ponteseditores.com.br\/loja3\/pontes-editores-home-2__trashed\/literatura\/o-que-contam-estas-mulheres-memoria-e-representacao-na-literatura-latino-americana\/"]}]},{"@type":"ImageObject","inLanguage":"pt-BR","@id":"https:\/\/ponteseditores.com.br\/loja3\/pontes-editores-home-2__trashed\/literatura\/o-que-contam-estas-mulheres-memoria-e-representacao-na-literatura-latino-americana\/#primaryimage","url":"https:\/\/ponteseditores.com.br\/loja3\/wp-content\/uploads\/2023\/12\/capa20o20que20contam20estas20mulheres.jpg","contentUrl":"https:\/\/ponteseditores.com.br\/loja3\/wp-content\/uploads\/2023\/12\/capa20o20que20contam20estas20mulheres.jpg","width":945,"height":1359},{"@type":"BreadcrumbList","@id":"https:\/\/ponteseditores.com.br\/loja3\/pontes-editores-home-2__trashed\/literatura\/o-que-contam-estas-mulheres-memoria-e-representacao-na-literatura-latino-americana\/#breadcrumb","itemListElement":[{"@type":"ListItem","position":1,"name":"Home","item":"https:\/\/ponteseditores.com.br\/loja3\/"},{"@type":"ListItem","position":2,"name":"loja","item":"https:\/\/ponteseditores.com.br\/loja3\/loja\/"},{"@type":"ListItem","position":3,"name":"O Que Contam estas Mulheres? Mem\u00f3ria e Representa\u00e7\u00e3o na Literatura Latino-Americana"}]},{"@type":"WebSite","@id":"https:\/\/ponteseditores.com.br\/loja3\/#website","url":"https:\/\/ponteseditores.com.br\/loja3\/","name":"Pontes Editores","description":"Pontes Editores","publisher":{"@id":"https:\/\/ponteseditores.com.br\/loja3\/#organization"},"potentialAction":[{"@type":"SearchAction","target":{"@type":"EntryPoint","urlTemplate":"https:\/\/ponteseditores.com.br\/loja3\/?s={search_term_string}"},"query-input":{"@type":"PropertyValueSpecification","valueRequired":true,"valueName":"search_term_string"}}],"inLanguage":"pt-BR"},{"@type":"Organization","@id":"https:\/\/ponteseditores.com.br\/loja3\/#organization","name":"Pontes Editores","url":"https:\/\/ponteseditores.com.br\/loja3\/","logo":{"@type":"ImageObject","inLanguage":"pt-BR","@id":"https:\/\/ponteseditores.com.br\/loja3\/#\/schema\/logo\/image\/","url":"https:\/\/ponteseditores.com.br\/loja3\/wp-content\/uploads\/2023\/12\/logo-pontes-editores-v2.png","contentUrl":"https:\/\/ponteseditores.com.br\/loja3\/wp-content\/uploads\/2023\/12\/logo-pontes-editores-v2.png","width":258,"height":100,"caption":"Pontes Editores"},"image":{"@id":"https:\/\/ponteseditores.com.br\/loja3\/#\/schema\/logo\/image\/"}}]}},"_links":{"self":[{"href":"https:\/\/ponteseditores.com.br\/loja3\/wp-json\/wp\/v2\/product\/7383","targetHints":{"allow":["GET"]}}],"collection":[{"href":"https:\/\/ponteseditores.com.br\/loja3\/wp-json\/wp\/v2\/product"}],"about":[{"href":"https:\/\/ponteseditores.com.br\/loja3\/wp-json\/wp\/v2\/types\/product"}],"replies":[{"embeddable":true,"href":"https:\/\/ponteseditores.com.br\/loja3\/wp-json\/wp\/v2\/comments?post=7383"}],"version-history":[{"count":0,"href":"https:\/\/ponteseditores.com.br\/loja3\/wp-json\/wp\/v2\/product\/7383\/revisions"}],"wp:featuredmedia":[{"embeddable":true,"href":"https:\/\/ponteseditores.com.br\/loja3\/wp-json\/wp\/v2\/media\/7382"}],"wp:attachment":[{"href":"https:\/\/ponteseditores.com.br\/loja3\/wp-json\/wp\/v2\/media?parent=7383"}],"wp:term":[{"taxonomy":"product_brand","embeddable":true,"href":"https:\/\/ponteseditores.com.br\/loja3\/wp-json\/wp\/v2\/product_brand?post=7383"},{"taxonomy":"product_cat","embeddable":true,"href":"https:\/\/ponteseditores.com.br\/loja3\/wp-json\/wp\/v2\/product_cat?post=7383"},{"taxonomy":"product_tag","embeddable":true,"href":"https:\/\/ponteseditores.com.br\/loja3\/wp-json\/wp\/v2\/product_tag?post=7383"}],"curies":[{"name":"wp","href":"https:\/\/api.w.org\/{rel}","templated":true}]}}