{"id":7381,"date":"2023-12-15T00:43:19","date_gmt":"2023-12-15T03:43:19","guid":{"rendered":"https:\/\/ponteseditores.com.br\/loja3\/pontes-editores-home-2__trashed\/sem%20categoria\/pesquisa-na-licenciatura-em-letras-caminhos-possiveis-para-o-professor-de-lingua-estrangeira-volume-2\/"},"modified":"2023-12-15T12:12:44","modified_gmt":"2023-12-15T15:12:44","slug":"pesquisa-na-licenciatura-em-letras-caminhos-possiveis-para-o-professor-de-lingua-estrangeira-volume-2","status":"publish","type":"product","link":"https:\/\/ponteseditores.com.br\/loja3\/pontes-editores-home-2__trashed\/linguistica\/pesquisa-na-licenciatura-em-letras-caminhos-possiveis-para-o-professor-de-lingua-estrangeira-volume-2\/","title":{"rendered":"PESQUISA NA LICENCIATURA EM LETRAS Caminhos poss\u00edveis para o professor de l\u00edngua estrangeira &#8211; volume 2"},"content":{"rendered":"<p>O segundo volume de nossa Pesquisa na Licenciatura em Letras &#8211; Caminhos Poss\u00edveis Para o Professor de L\u00edngua Estrangeira, como ocorreu com o primeiro, \u00e9 resultado de pesquisas realizadas por professoras do Departamento Acad\u00eamico de L\u00ednguas Estrangeiras Modernas da Universidade Tecnol\u00f3gica Federal do Paran\u00e1, c\u00e2mpus Curitiba, e ex-alunos do curso de Licenciatura em Letras Portugu\u00eas-Ingl\u00eas. O objetivo deste volume tamb\u00e9m est\u00e1 na divulga\u00e7\u00e3o de pesquisas desenvolvidas no decorrer do curso de Letras, sempre muito estimuladas e vistas como fundamental para o desenvolvimento pleno de um professor, que nunca pode deixar de ser um pesquisador de sua pr\u00e1tica. Esperamos que as pesquisas relatadas nestes cap\u00edtulos auxiliem no desenvolvimento da consci\u00eancia cr\u00edtica de todo o professor pesquisador, esteja ele ainda na fase pr\u00e9-servi\u00e7o ou j\u00e1 em atividade.<\/p>\n","protected":false},"excerpt":{"rendered":"<p>O segundo volume de nossa Pesquisa na Licenciatura em Letras &#8211; Caminhos Poss\u00edveis Para o Professor de L\u00edngua Estrangeira, como ocorreu com o primeiro, \u00e9 resultado de pesquisas realizadas por professoras do Departamento Acad\u00eamico de L\u00ednguas Estrangeiras Modernas da Universidade Tecnol\u00f3gica Federal do Paran\u00e1, c\u00e2mpus Curitiba, e ex-alunos do curso de Licenciatura em Letras Portugu\u00eas-Ingl\u00eas. [&hellip;]<\/p>\n","protected":false},"featured_media":7380,"comment_status":"open","ping_status":"closed","template":"","meta":{"_joinchat":[]},"product_brand":[],"product_cat":[288,31],"product_tag":[],"class_list":{"0":"post-7381","1":"product","2":"type-product","3":"status-publish","4":"has-post-thumbnail","6":"product_cat-ensino-e-aprendizagem","7":"product_cat-linguistica","8":"product_shipping_class-livro-pontes-editores-fisico","10":"first","11":"instock","12":"shipping-taxable","13":"purchasable","14":"product-type-simple"},"yoast_head":"<!-- This site is optimized with the Yoast SEO plugin v27.4 - https:\/\/yoast.com\/product\/yoast-seo-wordpress\/ -->\n<title>PESQUISA NA LICENCIATURA EM LETRAS Caminhos poss\u00edveis para o professor de l\u00edngua estrangeira - volume 2 - Pontes Editores<\/title>\n<meta name=\"robots\" content=\"index, follow, max-snippet:-1, max-image-preview:large, max-video-preview:-1\" \/>\n<link rel=\"canonical\" href=\"https:\/\/ponteseditores.com.br\/loja3\/pontes-editores-home-2__trashed\/linguistica\/pesquisa-na-licenciatura-em-letras-caminhos-possiveis-para-o-professor-de-lingua-estrangeira-volume-2\/\" \/>\n<meta property=\"og:locale\" content=\"pt_BR\" \/>\n<meta property=\"og:type\" content=\"article\" \/>\n<meta property=\"og:title\" content=\"PESQUISA NA LICENCIATURA EM LETRAS Caminhos poss\u00edveis para o professor de l\u00edngua estrangeira - volume 2 - Pontes Editores\" \/>\n<meta property=\"og:description\" content=\"O segundo volume de nossa Pesquisa na Licenciatura em Letras &#8211; Caminhos Poss\u00edveis Para o Professor de L\u00edngua Estrangeira, como ocorreu com o primeiro, \u00e9 resultado de pesquisas realizadas por professoras do Departamento Acad\u00eamico de L\u00ednguas Estrangeiras Modernas da Universidade Tecnol\u00f3gica Federal do Paran\u00e1, c\u00e2mpus Curitiba, e ex-alunos do curso de Licenciatura em Letras Portugu\u00eas-Ingl\u00eas. [&hellip;]\" \/>\n<meta property=\"og:url\" content=\"https:\/\/ponteseditores.com.br\/loja3\/pontes-editores-home-2__trashed\/linguistica\/pesquisa-na-licenciatura-em-letras-caminhos-possiveis-para-o-professor-de-lingua-estrangeira-volume-2\/\" \/>\n<meta property=\"og:site_name\" content=\"Pontes Editores\" \/>\n<meta property=\"article:modified_time\" content=\"2023-12-15T15:12:44+00:00\" \/>\n<meta property=\"og:image\" content=\"https:\/\/ponteseditores.com.br\/loja3\/wp-content\/uploads\/2023\/12\/lic3-1.jpg\" \/>\n\t<meta property=\"og:image:width\" content=\"400\" \/>\n\t<meta property=\"og:image:height\" content=\"600\" \/>\n\t<meta property=\"og:image:type\" content=\"image\/jpeg\" \/>\n<meta name=\"twitter:card\" content=\"summary_large_image\" \/>\n<meta name=\"twitter:label1\" content=\"Est. tempo de leitura\" \/>\n\t<meta name=\"twitter:data1\" content=\"1 minuto\" \/>\n<script type=\"application\/ld+json\" class=\"yoast-schema-graph\">{\"@context\":\"https:\\\/\\\/schema.org\",\"@graph\":[{\"@type\":\"WebPage\",\"@id\":\"https:\\\/\\\/ponteseditores.com.br\\\/loja3\\\/pontes-editores-home-2__trashed\\\/linguistica\\\/pesquisa-na-licenciatura-em-letras-caminhos-possiveis-para-o-professor-de-lingua-estrangeira-volume-2\\\/\",\"url\":\"https:\\\/\\\/ponteseditores.com.br\\\/loja3\\\/pontes-editores-home-2__trashed\\\/linguistica\\\/pesquisa-na-licenciatura-em-letras-caminhos-possiveis-para-o-professor-de-lingua-estrangeira-volume-2\\\/\",\"name\":\"PESQUISA NA LICENCIATURA EM LETRAS Caminhos poss\u00edveis para o professor de l\u00edngua estrangeira - volume 2 - Pontes Editores\",\"isPartOf\":{\"@id\":\"https:\\\/\\\/ponteseditores.com.br\\\/loja3\\\/#website\"},\"primaryImageOfPage\":{\"@id\":\"https:\\\/\\\/ponteseditores.com.br\\\/loja3\\\/pontes-editores-home-2__trashed\\\/linguistica\\\/pesquisa-na-licenciatura-em-letras-caminhos-possiveis-para-o-professor-de-lingua-estrangeira-volume-2\\\/#primaryimage\"},\"image\":{\"@id\":\"https:\\\/\\\/ponteseditores.com.br\\\/loja3\\\/pontes-editores-home-2__trashed\\\/linguistica\\\/pesquisa-na-licenciatura-em-letras-caminhos-possiveis-para-o-professor-de-lingua-estrangeira-volume-2\\\/#primaryimage\"},\"thumbnailUrl\":\"https:\\\/\\\/ponteseditores.com.br\\\/loja3\\\/wp-content\\\/uploads\\\/2023\\\/12\\\/lic3-1.jpg\",\"datePublished\":\"2023-12-15T03:43:19+00:00\",\"dateModified\":\"2023-12-15T15:12:44+00:00\",\"breadcrumb\":{\"@id\":\"https:\\\/\\\/ponteseditores.com.br\\\/loja3\\\/pontes-editores-home-2__trashed\\\/linguistica\\\/pesquisa-na-licenciatura-em-letras-caminhos-possiveis-para-o-professor-de-lingua-estrangeira-volume-2\\\/#breadcrumb\"},\"inLanguage\":\"pt-BR\",\"potentialAction\":[{\"@type\":\"ReadAction\",\"target\":[\"https:\\\/\\\/ponteseditores.com.br\\\/loja3\\\/pontes-editores-home-2__trashed\\\/linguistica\\\/pesquisa-na-licenciatura-em-letras-caminhos-possiveis-para-o-professor-de-lingua-estrangeira-volume-2\\\/\"]}]},{\"@type\":\"ImageObject\",\"inLanguage\":\"pt-BR\",\"@id\":\"https:\\\/\\\/ponteseditores.com.br\\\/loja3\\\/pontes-editores-home-2__trashed\\\/linguistica\\\/pesquisa-na-licenciatura-em-letras-caminhos-possiveis-para-o-professor-de-lingua-estrangeira-volume-2\\\/#primaryimage\",\"url\":\"https:\\\/\\\/ponteseditores.com.br\\\/loja3\\\/wp-content\\\/uploads\\\/2023\\\/12\\\/lic3-1.jpg\",\"contentUrl\":\"https:\\\/\\\/ponteseditores.com.br\\\/loja3\\\/wp-content\\\/uploads\\\/2023\\\/12\\\/lic3-1.jpg\",\"width\":400,\"height\":600},{\"@type\":\"BreadcrumbList\",\"@id\":\"https:\\\/\\\/ponteseditores.com.br\\\/loja3\\\/pontes-editores-home-2__trashed\\\/linguistica\\\/pesquisa-na-licenciatura-em-letras-caminhos-possiveis-para-o-professor-de-lingua-estrangeira-volume-2\\\/#breadcrumb\",\"itemListElement\":[{\"@type\":\"ListItem\",\"position\":1,\"name\":\"Home\",\"item\":\"https:\\\/\\\/ponteseditores.com.br\\\/loja3\\\/\"},{\"@type\":\"ListItem\",\"position\":2,\"name\":\"loja\",\"item\":\"https:\\\/\\\/ponteseditores.com.br\\\/loja3\\\/loja\\\/\"},{\"@type\":\"ListItem\",\"position\":3,\"name\":\"PESQUISA NA LICENCIATURA EM LETRAS Caminhos poss\u00edveis para o professor de l\u00edngua estrangeira &#8211; volume 2\"}]},{\"@type\":\"WebSite\",\"@id\":\"https:\\\/\\\/ponteseditores.com.br\\\/loja3\\\/#website\",\"url\":\"https:\\\/\\\/ponteseditores.com.br\\\/loja3\\\/\",\"name\":\"Pontes Editores\",\"description\":\"Pontes Editores\",\"publisher\":{\"@id\":\"https:\\\/\\\/ponteseditores.com.br\\\/loja3\\\/#organization\"},\"potentialAction\":[{\"@type\":\"SearchAction\",\"target\":{\"@type\":\"EntryPoint\",\"urlTemplate\":\"https:\\\/\\\/ponteseditores.com.br\\\/loja3\\\/?s={search_term_string}\"},\"query-input\":{\"@type\":\"PropertyValueSpecification\",\"valueRequired\":true,\"valueName\":\"search_term_string\"}}],\"inLanguage\":\"pt-BR\"},{\"@type\":\"Organization\",\"@id\":\"https:\\\/\\\/ponteseditores.com.br\\\/loja3\\\/#organization\",\"name\":\"Pontes Editores\",\"url\":\"https:\\\/\\\/ponteseditores.com.br\\\/loja3\\\/\",\"logo\":{\"@type\":\"ImageObject\",\"inLanguage\":\"pt-BR\",\"@id\":\"https:\\\/\\\/ponteseditores.com.br\\\/loja3\\\/#\\\/schema\\\/logo\\\/image\\\/\",\"url\":\"https:\\\/\\\/ponteseditores.com.br\\\/loja3\\\/wp-content\\\/uploads\\\/2023\\\/12\\\/logo-pontes-editores-v2.png\",\"contentUrl\":\"https:\\\/\\\/ponteseditores.com.br\\\/loja3\\\/wp-content\\\/uploads\\\/2023\\\/12\\\/logo-pontes-editores-v2.png\",\"width\":258,\"height\":100,\"caption\":\"Pontes Editores\"},\"image\":{\"@id\":\"https:\\\/\\\/ponteseditores.com.br\\\/loja3\\\/#\\\/schema\\\/logo\\\/image\\\/\"}}]}<\/script>\n<!-- \/ Yoast SEO plugin. -->","yoast_head_json":{"title":"PESQUISA NA LICENCIATURA EM LETRAS Caminhos poss\u00edveis para o professor de l\u00edngua estrangeira - volume 2 - Pontes Editores","robots":{"index":"index","follow":"follow","max-snippet":"max-snippet:-1","max-image-preview":"max-image-preview:large","max-video-preview":"max-video-preview:-1"},"canonical":"https:\/\/ponteseditores.com.br\/loja3\/pontes-editores-home-2__trashed\/linguistica\/pesquisa-na-licenciatura-em-letras-caminhos-possiveis-para-o-professor-de-lingua-estrangeira-volume-2\/","og_locale":"pt_BR","og_type":"article","og_title":"PESQUISA NA LICENCIATURA EM LETRAS Caminhos poss\u00edveis para o professor de l\u00edngua estrangeira - volume 2 - Pontes Editores","og_description":"O segundo volume de nossa Pesquisa na Licenciatura em Letras &#8211; Caminhos Poss\u00edveis Para o Professor de L\u00edngua Estrangeira, como ocorreu com o primeiro, \u00e9 resultado de pesquisas realizadas por professoras do Departamento Acad\u00eamico de L\u00ednguas Estrangeiras Modernas da Universidade Tecnol\u00f3gica Federal do Paran\u00e1, c\u00e2mpus Curitiba, e ex-alunos do curso de Licenciatura em Letras Portugu\u00eas-Ingl\u00eas. [&hellip;]","og_url":"https:\/\/ponteseditores.com.br\/loja3\/pontes-editores-home-2__trashed\/linguistica\/pesquisa-na-licenciatura-em-letras-caminhos-possiveis-para-o-professor-de-lingua-estrangeira-volume-2\/","og_site_name":"Pontes Editores","article_modified_time":"2023-12-15T15:12:44+00:00","og_image":[{"width":400,"height":600,"url":"https:\/\/ponteseditores.com.br\/loja3\/wp-content\/uploads\/2023\/12\/lic3-1.jpg","type":"image\/jpeg"}],"twitter_card":"summary_large_image","twitter_misc":{"Est. tempo de leitura":"1 minuto"},"schema":{"@context":"https:\/\/schema.org","@graph":[{"@type":"WebPage","@id":"https:\/\/ponteseditores.com.br\/loja3\/pontes-editores-home-2__trashed\/linguistica\/pesquisa-na-licenciatura-em-letras-caminhos-possiveis-para-o-professor-de-lingua-estrangeira-volume-2\/","url":"https:\/\/ponteseditores.com.br\/loja3\/pontes-editores-home-2__trashed\/linguistica\/pesquisa-na-licenciatura-em-letras-caminhos-possiveis-para-o-professor-de-lingua-estrangeira-volume-2\/","name":"PESQUISA NA LICENCIATURA EM LETRAS Caminhos poss\u00edveis para o professor de l\u00edngua estrangeira - volume 2 - Pontes Editores","isPartOf":{"@id":"https:\/\/ponteseditores.com.br\/loja3\/#website"},"primaryImageOfPage":{"@id":"https:\/\/ponteseditores.com.br\/loja3\/pontes-editores-home-2__trashed\/linguistica\/pesquisa-na-licenciatura-em-letras-caminhos-possiveis-para-o-professor-de-lingua-estrangeira-volume-2\/#primaryimage"},"image":{"@id":"https:\/\/ponteseditores.com.br\/loja3\/pontes-editores-home-2__trashed\/linguistica\/pesquisa-na-licenciatura-em-letras-caminhos-possiveis-para-o-professor-de-lingua-estrangeira-volume-2\/#primaryimage"},"thumbnailUrl":"https:\/\/ponteseditores.com.br\/loja3\/wp-content\/uploads\/2023\/12\/lic3-1.jpg","datePublished":"2023-12-15T03:43:19+00:00","dateModified":"2023-12-15T15:12:44+00:00","breadcrumb":{"@id":"https:\/\/ponteseditores.com.br\/loja3\/pontes-editores-home-2__trashed\/linguistica\/pesquisa-na-licenciatura-em-letras-caminhos-possiveis-para-o-professor-de-lingua-estrangeira-volume-2\/#breadcrumb"},"inLanguage":"pt-BR","potentialAction":[{"@type":"ReadAction","target":["https:\/\/ponteseditores.com.br\/loja3\/pontes-editores-home-2__trashed\/linguistica\/pesquisa-na-licenciatura-em-letras-caminhos-possiveis-para-o-professor-de-lingua-estrangeira-volume-2\/"]}]},{"@type":"ImageObject","inLanguage":"pt-BR","@id":"https:\/\/ponteseditores.com.br\/loja3\/pontes-editores-home-2__trashed\/linguistica\/pesquisa-na-licenciatura-em-letras-caminhos-possiveis-para-o-professor-de-lingua-estrangeira-volume-2\/#primaryimage","url":"https:\/\/ponteseditores.com.br\/loja3\/wp-content\/uploads\/2023\/12\/lic3-1.jpg","contentUrl":"https:\/\/ponteseditores.com.br\/loja3\/wp-content\/uploads\/2023\/12\/lic3-1.jpg","width":400,"height":600},{"@type":"BreadcrumbList","@id":"https:\/\/ponteseditores.com.br\/loja3\/pontes-editores-home-2__trashed\/linguistica\/pesquisa-na-licenciatura-em-letras-caminhos-possiveis-para-o-professor-de-lingua-estrangeira-volume-2\/#breadcrumb","itemListElement":[{"@type":"ListItem","position":1,"name":"Home","item":"https:\/\/ponteseditores.com.br\/loja3\/"},{"@type":"ListItem","position":2,"name":"loja","item":"https:\/\/ponteseditores.com.br\/loja3\/loja\/"},{"@type":"ListItem","position":3,"name":"PESQUISA NA LICENCIATURA EM LETRAS Caminhos poss\u00edveis para o professor de l\u00edngua estrangeira &#8211; volume 2"}]},{"@type":"WebSite","@id":"https:\/\/ponteseditores.com.br\/loja3\/#website","url":"https:\/\/ponteseditores.com.br\/loja3\/","name":"Pontes Editores","description":"Pontes Editores","publisher":{"@id":"https:\/\/ponteseditores.com.br\/loja3\/#organization"},"potentialAction":[{"@type":"SearchAction","target":{"@type":"EntryPoint","urlTemplate":"https:\/\/ponteseditores.com.br\/loja3\/?s={search_term_string}"},"query-input":{"@type":"PropertyValueSpecification","valueRequired":true,"valueName":"search_term_string"}}],"inLanguage":"pt-BR"},{"@type":"Organization","@id":"https:\/\/ponteseditores.com.br\/loja3\/#organization","name":"Pontes Editores","url":"https:\/\/ponteseditores.com.br\/loja3\/","logo":{"@type":"ImageObject","inLanguage":"pt-BR","@id":"https:\/\/ponteseditores.com.br\/loja3\/#\/schema\/logo\/image\/","url":"https:\/\/ponteseditores.com.br\/loja3\/wp-content\/uploads\/2023\/12\/logo-pontes-editores-v2.png","contentUrl":"https:\/\/ponteseditores.com.br\/loja3\/wp-content\/uploads\/2023\/12\/logo-pontes-editores-v2.png","width":258,"height":100,"caption":"Pontes Editores"},"image":{"@id":"https:\/\/ponteseditores.com.br\/loja3\/#\/schema\/logo\/image\/"}}]}},"_links":{"self":[{"href":"https:\/\/ponteseditores.com.br\/loja3\/wp-json\/wp\/v2\/product\/7381","targetHints":{"allow":["GET"]}}],"collection":[{"href":"https:\/\/ponteseditores.com.br\/loja3\/wp-json\/wp\/v2\/product"}],"about":[{"href":"https:\/\/ponteseditores.com.br\/loja3\/wp-json\/wp\/v2\/types\/product"}],"replies":[{"embeddable":true,"href":"https:\/\/ponteseditores.com.br\/loja3\/wp-json\/wp\/v2\/comments?post=7381"}],"version-history":[{"count":0,"href":"https:\/\/ponteseditores.com.br\/loja3\/wp-json\/wp\/v2\/product\/7381\/revisions"}],"wp:featuredmedia":[{"embeddable":true,"href":"https:\/\/ponteseditores.com.br\/loja3\/wp-json\/wp\/v2\/media\/7380"}],"wp:attachment":[{"href":"https:\/\/ponteseditores.com.br\/loja3\/wp-json\/wp\/v2\/media?parent=7381"}],"wp:term":[{"taxonomy":"product_brand","embeddable":true,"href":"https:\/\/ponteseditores.com.br\/loja3\/wp-json\/wp\/v2\/product_brand?post=7381"},{"taxonomy":"product_cat","embeddable":true,"href":"https:\/\/ponteseditores.com.br\/loja3\/wp-json\/wp\/v2\/product_cat?post=7381"},{"taxonomy":"product_tag","embeddable":true,"href":"https:\/\/ponteseditores.com.br\/loja3\/wp-json\/wp\/v2\/product_tag?post=7381"}],"curies":[{"name":"wp","href":"https:\/\/api.w.org\/{rel}","templated":true}]}}